{"id":20268,"date":"2025-10-16T15:42:53","date_gmt":"2025-10-16T13:42:53","guid":{"rendered":"https:\/\/littleloua.com\/?post_type=product&#038;p=20268"},"modified":"2025-10-20T12:18:53","modified_gmt":"2025-10-20T10:18:53","slug":"volledige-boucle-wanddecoratie","status":"publish","type":"product","link":"https:\/\/littleloua.com\/nl\/product\/volledige-boucle-wanddecoratie\/","title":{"rendered":"Volledige Boucl\u00e9 wanddecoratie"},"content":{"rendered":"<h3 data-start=\"165\" data-end=\"235\">???? <strong data-start=\"172\" data-end=\"233\">Boucl\u00e9 Muurlampen van Little Loua \u2014 Maan, Wolkjes &amp; Teddy<\/strong><\/h3>\n<p data-start=\"237\" data-end=\"548\">Maak van de kamer van je kleintje een prachtig, warm en gezellig nestje met de betoverende <strong data-start=\"328\" data-end=\"358\">muurlampen van Little Loua<\/strong>.<br data-start=\"359\" data-end=\"362\" \/>Onze <strong data-start=\"367\" data-end=\"388\">boucl\u00e9 wandlampen<\/strong> \u2013 verkrijgbaar in de vorm van een <strong data-start=\"423\" data-end=\"431\">maan,<\/strong><strong data-start=\"433\" data-end=\"444\">wolkjes of balonnen<\/strong> \u00a0\u2013 brengen niet alleen zacht licht in de kamer, maar ook een vleugje magie.<\/p>\n<p data-start=\"550\" data-end=\"875\">Het <strong data-start=\"554\" data-end=\"578\">zachte boucl\u00e9textiel<\/strong> zorgt voor een knusse uitstraling en voelt heerlijk warm aan, terwijl het subtiele licht een rustgevende sfeer cre\u00ebert die perfect is voor bedtijd. Combineer verschillende vormen voor een <strong data-start=\"767\" data-end=\"795\">volledige wandcompositie<\/strong> en cre\u00eber een dromerig geheel waar je kleintje zich veilig en geborgen voelt.<\/p>\n<p data-start=\"877\" data-end=\"914\">\u2728 <strong data-start=\"879\" data-end=\"912\">Waarom je ze zult liefhebben:<\/strong><\/p>\n<ul data-start=\"915\" data-end=\"1106\">\n<li data-start=\"915\" data-end=\"963\">\n<p data-start=\"917\" data-end=\"963\">Handgemaakt met oog voor detail en zachtheid<\/p>\n<\/li>\n<li data-start=\"964\" data-end=\"1006\">\n<p data-start=\"966\" data-end=\"1006\">Unieke designs: maan, wolkjes en teddy<\/p>\n<\/li>\n<li data-start=\"1007\" data-end=\"1045\">\n<p data-start=\"1009\" data-end=\"1045\">Perfect voor baby- en kinderkamers<\/p>\n<\/li>\n<li data-start=\"1046\" data-end=\"1106\">\n<p data-start=\"1048\" data-end=\"1106\">Combineerbaar tot een volledig wanddecor van Little Loua<\/p>\n<\/li>\n<\/ul>\n<p data-start=\"1108\" data-end=\"1196\">Cre\u00eber een wonderlijk sfeertje waar dromen beginnen \u2014 met de <strong data-start=\"1169\" data-end=\"1195\">Little Loua muurdeco<\/strong>.<\/p>\n<p>Bevat:<br data-start=\"29\" data-end=\"32\" \/>1 Maan met LED-lamp<br data-start=\"51\" data-end=\"54\" \/>3 Kleine Wolken met LED-lamp<br data-start=\"82\" data-end=\"85\" \/>1 Teddy-compositie (6 stuks)<\/p>\n<h3 class=\"\" data-start=\"692\" data-end=\"726\"><strong data-start=\"696\" data-end=\"726\">LED-VERLICHTING \u2013 FUNCTIES<\/strong><\/h3>\n<p class=\"\" data-start=\"728\" data-end=\"1247\">\u00b0 <strong data-start=\"730\" data-end=\"754\">Eenvoudige bediening<\/strong> \u2013 Met de afstandsbediening zet je het licht moeiteloos aan of uit zonder je kindje te storen.<br data-start=\"848\" data-end=\"851\" \/>\u00b0 <strong data-start=\"853\" data-end=\"869\">Timerfunctie<\/strong> \u2013 Het licht schakelt automatisch uit na 30 minuten, perfect voor het slapengaan.<br data-start=\"950\" data-end=\"953\" \/>\u00b0 <strong data-start=\"955\" data-end=\"976\">Veilig in gebruik<\/strong> \u2013 De lampjes en afstandsbediening werken op batterijen en zijn eenvoudig op te hangen.<br data-start=\"1063\" data-end=\"1066\" \/>\u00b0 <strong data-start=\"1068\" data-end=\"1088\">Meerdere kleuren<\/strong> \u2013 Met de afstandsbediening kies je zelf welke kleur of sfeer je wilt cre\u00ebren in de kamer.<br data-start=\"1178\" data-end=\"1181\" \/><em data-start=\"1181\" data-end=\"1247\">(Kleuren: wit, geel, oranje, groen, rood, blauw, paars, roze, \u2026)<\/em><\/p>\n<h3 class=\"\" data-start=\"1254\" data-end=\"1279\"><strong data-start=\"1258\" data-end=\"1279\">Productkenmerken:<\/strong><\/h3>\n<p class=\"\" data-start=\"1281\" data-end=\"1860\">\u2714 <strong data-start=\"1283\" data-end=\"1306\">Zacht &amp; Knus Design<\/strong> \u2013 Gemaakt van hout en bekleed met zachte boucl\u00e9 stof, voor een rustgevende, tactiele ervaring.<br data-start=\"1401\" data-end=\"1404\" \/>\u2714 <strong data-start=\"1406\" data-end=\"1436\">Milieuvriendelijk &amp; Veilig<\/strong> \u2013 Vervaardigd uit gecertificeerd natuurlijk hout en niet-giftige materialen \u2013 duurzaam \u00e9n veilig voor je kleintje.<br data-start=\"1551\" data-end=\"1554\" \/>\u2714 <strong data-start=\"1556\" data-end=\"1585\">Optionele LED-Verlichting<\/strong> \u2013 De maandecoratie is verkrijgbaar met LED-verlichting die een zachte, warme gloed verspreidt \u2013 ideaal als nachtlampje.<br data-start=\"1705\" data-end=\"1708\" \/>\u2714 <strong data-start=\"1710\" data-end=\"1737\">Perfect voor elke kamer<\/strong> \u2013 Kies een maan of combineer met bijpassende wolken en ballondecoratie. Ideaal voor babykamers, peuterkamers of speelruimtes.<\/p>\n<ul>\n<li>Batterijen zijn niet inbegrepen. 5x AAA batterijen nodig<\/li>\n<\/ul>\n<h3 class=\"\" data-start=\"1992\" data-end=\"2015\"><strong data-start=\"1996\" data-end=\"2015\">Veiligheidstip:<\/strong><\/h3>\n<p class=\"\" data-start=\"2017\" data-end=\"2303\">Onze wanddecoratie is uitsluitend bedoeld ter decoratie \u2013 niet als speelgoed. Hang de decoratie buiten bereik van kinderen op alsook de afstandsbediening.<\/p>\n","protected":false},"excerpt":{"rendered":"<p data-start=\"237\" data-end=\"548\">Maak van de kamer van je kleintje een prachtig, warm en gezellig nestje met de betoverende <strong data-start=\"328\" data-end=\"358\">muurlampen van Little Loua<\/strong>.<br data-start=\"359\" data-end=\"362\" \/>Onze <strong data-start=\"367\" data-end=\"388\">boucl\u00e9 wandlampen<\/strong> \u2013 verkrijgbaar in de vorm van een <strong data-start=\"423\" data-end=\"431\">maan,<\/strong><strong data-start=\"433\" data-end=\"444\">wolkjes of balonnen<\/strong> \u00a0\u2013 brengen niet alleen zacht licht in de kamer, maar ook een vleugje magie.<\/p>\n<p data-start=\"550\" data-end=\"875\">Het <strong data-start=\"554\" data-end=\"578\">zachte boucl\u00e9textiel<\/strong> zorgt voor een knusse uitstraling en voelt heerlijk warm aan, terwijl het subtiele licht een rustgevende sfeer cre\u00ebert die perfect is voor bedtijd. Combineer verschillende vormen voor een <strong data-start=\"767\" data-end=\"795\">volledige wandcompositie<\/strong> en cre\u00eber een dromerig geheel waar je kleintje zich veilig en geborgen voelt.<\/p>\n<p>Inbegrepen:\u00a0<br data-start=\"29\" data-end=\"32\" \/>1 Maan met of zonder LED-lamp<br data-start=\"51\" data-end=\"54\" \/>3 Kleine Wolken met of zonder LED-lamp<br data-start=\"82\" data-end=\"85\" \/>1 Teddy-compositie (6 stuks)<\/p>\n","protected":false},"featured_media":22890,"template":"","meta":{"_acf_changed":false},"product_brand":[],"product_cat":[243],"product_tag":[],"class_list":{"0":"post-20268","1":"product","2":"type-product","3":"status-publish","4":"has-post-thumbnail","6":"product_cat-boucle-wanddecoratie","8":"first","9":"instock","10":"featured","11":"shipping-taxable","12":"purchasable","13":"product-type-variable"},"acf":[],"yoast_head":"<!-- This site is optimized with the Yoast SEO plugin v27.4 - https:\/\/yoast.com\/product\/yoast-seo-wordpress\/ -->\n<title>Volledig boucl\u00e9 muur Wanddeco voor kinderkamer<\/title>\n<meta name=\"description\" content=\"Transformeer je babykamer met onze handgemaakte volledige Boucl\u00e9 Muurdecoratie. Zachte, milieuvriendelijke materialen en optionele LED-verlichting cre\u00ebren een gezellige, rustgevende sfeer.\" \/>\n<meta name=\"robots\" content=\"index, follow, max-snippet:-1, max-image-preview:large, max-video-preview:-1\" \/>\n<link rel=\"canonical\" href=\"https:\/\/littleloua.com\/nl\/product\/volledige-boucle-wanddecoratie\/\" \/>\n<meta property=\"og:locale\" content=\"nl_NL\" \/>\n<meta property=\"og:type\" content=\"article\" \/>\n<meta property=\"og:title\" content=\"Volledig boucl\u00e9 muur Wanddeco voor kinderkamer\" \/>\n<meta property=\"og:description\" content=\"Transformeer je babykamer met onze handgemaakte volledige Boucl\u00e9 Muurdecoratie. Zachte, milieuvriendelijke materialen en optionele LED-verlichting cre\u00ebren een gezellige, rustgevende sfeer.\" \/>\n<meta property=\"og:url\" content=\"https:\/\/littleloua.com\/nl\/product\/volledige-boucle-wanddecoratie\/\" \/>\n<meta property=\"og:site_name\" content=\"Little Loua\" \/>\n<meta property=\"article:publisher\" content=\"https:\/\/www.facebook.com\/littleloua\" \/>\n<meta property=\"article:modified_time\" content=\"2025-10-20T10:18:53+00:00\" \/>\n<meta property=\"og:image\" content=\"https:\/\/littleloua.com\/wp-content\/uploads\/2025\/10\/IMG_2032-2-scaled.jpg\" \/>\n\t<meta property=\"og:image:width\" content=\"1920\" \/>\n\t<meta property=\"og:image:height\" content=\"2560\" \/>\n\t<meta property=\"og:image:type\" content=\"image\/jpeg\" \/>\n<meta name=\"twitter:card\" content=\"summary_large_image\" \/>\n<meta name=\"twitter:label1\" content=\"Geschatte leestijd\" \/>\n\t<meta name=\"twitter:data1\" content=\"2 minuten\" \/>\n<script type=\"application\/ld+json\" class=\"yoast-schema-graph\">{\"@context\":\"https:\\\/\\\/schema.org\",\"@graph\":[{\"@type\":\"WebPage\",\"@id\":\"https:\\\/\\\/littleloua.com\\\/nl\\\/product\\\/volledige-boucle-wanddecoratie\\\/\",\"url\":\"https:\\\/\\\/littleloua.com\\\/nl\\\/product\\\/volledige-boucle-wanddecoratie\\\/\",\"name\":\"Volledig boucl\u00e9 muur Wanddeco voor kinderkamer\",\"isPartOf\":{\"@id\":\"https:\\\/\\\/littleloua.com\\\/nl\\\/#website\"},\"primaryImageOfPage\":{\"@id\":\"https:\\\/\\\/littleloua.com\\\/nl\\\/product\\\/volledige-boucle-wanddecoratie\\\/#primaryimage\"},\"image\":{\"@id\":\"https:\\\/\\\/littleloua.com\\\/nl\\\/product\\\/volledige-boucle-wanddecoratie\\\/#primaryimage\"},\"thumbnailUrl\":\"https:\\\/\\\/littleloua.com\\\/wp-content\\\/uploads\\\/2025\\\/10\\\/IMG_2032-2-scaled.jpg\",\"datePublished\":\"2025-10-16T13:42:53+00:00\",\"dateModified\":\"2025-10-20T10:18:53+00:00\",\"description\":\"Transformeer je babykamer met onze handgemaakte volledige Boucl\u00e9 Muurdecoratie. Zachte, milieuvriendelijke materialen en optionele LED-verlichting cre\u00ebren een gezellige, rustgevende sfeer.\",\"breadcrumb\":{\"@id\":\"https:\\\/\\\/littleloua.com\\\/nl\\\/product\\\/volledige-boucle-wanddecoratie\\\/#breadcrumb\"},\"inLanguage\":\"nl-NL\",\"potentialAction\":[{\"@type\":\"ReadAction\",\"target\":[\"https:\\\/\\\/littleloua.com\\\/nl\\\/product\\\/volledige-boucle-wanddecoratie\\\/\"]}]},{\"@type\":\"ImageObject\",\"inLanguage\":\"nl-NL\",\"@id\":\"https:\\\/\\\/littleloua.com\\\/nl\\\/product\\\/volledige-boucle-wanddecoratie\\\/#primaryimage\",\"url\":\"https:\\\/\\\/littleloua.com\\\/wp-content\\\/uploads\\\/2025\\\/10\\\/IMG_2032-2-scaled.jpg\",\"contentUrl\":\"https:\\\/\\\/littleloua.com\\\/wp-content\\\/uploads\\\/2025\\\/10\\\/IMG_2032-2-scaled.jpg\",\"width\":1920,\"height\":2560,\"caption\":\"full wall boucl\u00e9 deco\"},{\"@type\":\"BreadcrumbList\",\"@id\":\"https:\\\/\\\/littleloua.com\\\/nl\\\/product\\\/volledige-boucle-wanddecoratie\\\/#breadcrumb\",\"itemListElement\":[{\"@type\":\"ListItem\",\"position\":1,\"name\":\"Home\",\"item\":\"https:\\\/\\\/littleloua.com\\\/nl\\\/\"},{\"@type\":\"ListItem\",\"position\":2,\"name\":\"Shop\",\"item\":\"https:\\\/\\\/littleloua.com\\\/nl\\\/shop\\\/\"},{\"@type\":\"ListItem\",\"position\":3,\"name\":\"Volledige Boucl\u00e9 wanddecoratie\"}]},{\"@type\":\"WebSite\",\"@id\":\"https:\\\/\\\/littleloua.com\\\/nl\\\/#website\",\"url\":\"https:\\\/\\\/littleloua.com\\\/nl\\\/\",\"name\":\"Little Loua\",\"description\":\"Handmade Baby mobiles created with love\",\"publisher\":{\"@id\":\"https:\\\/\\\/littleloua.com\\\/nl\\\/#organization\"},\"potentialAction\":[{\"@type\":\"SearchAction\",\"target\":{\"@type\":\"EntryPoint\",\"urlTemplate\":\"https:\\\/\\\/littleloua.com\\\/nl\\\/?s={search_term_string}\"},\"query-input\":{\"@type\":\"PropertyValueSpecification\",\"valueRequired\":true,\"valueName\":\"search_term_string\"}}],\"inLanguage\":\"nl-NL\"},{\"@type\":\"Organization\",\"@id\":\"https:\\\/\\\/littleloua.com\\\/nl\\\/#organization\",\"name\":\"Little Loua\",\"url\":\"https:\\\/\\\/littleloua.com\\\/nl\\\/\",\"logo\":{\"@type\":\"ImageObject\",\"inLanguage\":\"nl-NL\",\"@id\":\"https:\\\/\\\/littleloua.com\\\/nl\\\/#\\\/schema\\\/logo\\\/image\\\/\",\"url\":\"https:\\\/\\\/littleloua.com\\\/wp-content\\\/uploads\\\/2023\\\/06\\\/logo-little-loua-handmade-baby-mobiles.png\",\"contentUrl\":\"https:\\\/\\\/littleloua.com\\\/wp-content\\\/uploads\\\/2023\\\/06\\\/logo-little-loua-handmade-baby-mobiles.png\",\"width\":316,\"height\":285,\"caption\":\"Little Loua\"},\"image\":{\"@id\":\"https:\\\/\\\/littleloua.com\\\/nl\\\/#\\\/schema\\\/logo\\\/image\\\/\"},\"sameAs\":[\"https:\\\/\\\/www.facebook.com\\\/littleloua\",\"https:\\\/\\\/www.instagram.com\\\/little.loua\\\/\"]}]}<\/script>\n<!-- \/ Yoast SEO plugin. -->","yoast_head_json":{"title":"Volledig boucl\u00e9 muur Wanddeco voor kinderkamer","description":"Transformeer je babykamer met onze handgemaakte volledige Boucl\u00e9 Muurdecoratie. Zachte, milieuvriendelijke materialen en optionele LED-verlichting cre\u00ebren een gezellige, rustgevende sfeer.","robots":{"index":"index","follow":"follow","max-snippet":"max-snippet:-1","max-image-preview":"max-image-preview:large","max-video-preview":"max-video-preview:-1"},"canonical":"https:\/\/littleloua.com\/nl\/product\/volledige-boucle-wanddecoratie\/","og_locale":"nl_NL","og_type":"article","og_title":"Volledig boucl\u00e9 muur Wanddeco voor kinderkamer","og_description":"Transformeer je babykamer met onze handgemaakte volledige Boucl\u00e9 Muurdecoratie. Zachte, milieuvriendelijke materialen en optionele LED-verlichting cre\u00ebren een gezellige, rustgevende sfeer.","og_url":"https:\/\/littleloua.com\/nl\/product\/volledige-boucle-wanddecoratie\/","og_site_name":"Little Loua","article_publisher":"https:\/\/www.facebook.com\/littleloua","article_modified_time":"2025-10-20T10:18:53+00:00","og_image":[{"width":1920,"height":2560,"url":"https:\/\/littleloua.com\/wp-content\/uploads\/2025\/10\/IMG_2032-2-scaled.jpg","type":"image\/jpeg"}],"twitter_card":"summary_large_image","twitter_misc":{"Geschatte leestijd":"2 minuten"},"schema":{"@context":"https:\/\/schema.org","@graph":[{"@type":"WebPage","@id":"https:\/\/littleloua.com\/nl\/product\/volledige-boucle-wanddecoratie\/","url":"https:\/\/littleloua.com\/nl\/product\/volledige-boucle-wanddecoratie\/","name":"Volledig boucl\u00e9 muur Wanddeco voor kinderkamer","isPartOf":{"@id":"https:\/\/littleloua.com\/nl\/#website"},"primaryImageOfPage":{"@id":"https:\/\/littleloua.com\/nl\/product\/volledige-boucle-wanddecoratie\/#primaryimage"},"image":{"@id":"https:\/\/littleloua.com\/nl\/product\/volledige-boucle-wanddecoratie\/#primaryimage"},"thumbnailUrl":"https:\/\/littleloua.com\/wp-content\/uploads\/2025\/10\/IMG_2032-2-scaled.jpg","datePublished":"2025-10-16T13:42:53+00:00","dateModified":"2025-10-20T10:18:53+00:00","description":"Transformeer je babykamer met onze handgemaakte volledige Boucl\u00e9 Muurdecoratie. Zachte, milieuvriendelijke materialen en optionele LED-verlichting cre\u00ebren een gezellige, rustgevende sfeer.","breadcrumb":{"@id":"https:\/\/littleloua.com\/nl\/product\/volledige-boucle-wanddecoratie\/#breadcrumb"},"inLanguage":"nl-NL","potentialAction":[{"@type":"ReadAction","target":["https:\/\/littleloua.com\/nl\/product\/volledige-boucle-wanddecoratie\/"]}]},{"@type":"ImageObject","inLanguage":"nl-NL","@id":"https:\/\/littleloua.com\/nl\/product\/volledige-boucle-wanddecoratie\/#primaryimage","url":"https:\/\/littleloua.com\/wp-content\/uploads\/2025\/10\/IMG_2032-2-scaled.jpg","contentUrl":"https:\/\/littleloua.com\/wp-content\/uploads\/2025\/10\/IMG_2032-2-scaled.jpg","width":1920,"height":2560,"caption":"full wall boucl\u00e9 deco"},{"@type":"BreadcrumbList","@id":"https:\/\/littleloua.com\/nl\/product\/volledige-boucle-wanddecoratie\/#breadcrumb","itemListElement":[{"@type":"ListItem","position":1,"name":"Home","item":"https:\/\/littleloua.com\/nl\/"},{"@type":"ListItem","position":2,"name":"Shop","item":"https:\/\/littleloua.com\/nl\/shop\/"},{"@type":"ListItem","position":3,"name":"Volledige Boucl\u00e9 wanddecoratie"}]},{"@type":"WebSite","@id":"https:\/\/littleloua.com\/nl\/#website","url":"https:\/\/littleloua.com\/nl\/","name":"Little Loua","description":"Handmade Baby mobiles created with love","publisher":{"@id":"https:\/\/littleloua.com\/nl\/#organization"},"potentialAction":[{"@type":"SearchAction","target":{"@type":"EntryPoint","urlTemplate":"https:\/\/littleloua.com\/nl\/?s={search_term_string}"},"query-input":{"@type":"PropertyValueSpecification","valueRequired":true,"valueName":"search_term_string"}}],"inLanguage":"nl-NL"},{"@type":"Organization","@id":"https:\/\/littleloua.com\/nl\/#organization","name":"Little Loua","url":"https:\/\/littleloua.com\/nl\/","logo":{"@type":"ImageObject","inLanguage":"nl-NL","@id":"https:\/\/littleloua.com\/nl\/#\/schema\/logo\/image\/","url":"https:\/\/littleloua.com\/wp-content\/uploads\/2023\/06\/logo-little-loua-handmade-baby-mobiles.png","contentUrl":"https:\/\/littleloua.com\/wp-content\/uploads\/2023\/06\/logo-little-loua-handmade-baby-mobiles.png","width":316,"height":285,"caption":"Little Loua"},"image":{"@id":"https:\/\/littleloua.com\/nl\/#\/schema\/logo\/image\/"},"sameAs":["https:\/\/www.facebook.com\/littleloua","https:\/\/www.instagram.com\/little.loua\/"]}]}},"_links":{"self":[{"href":"https:\/\/littleloua.com\/nl\/wp-json\/wp\/v2\/product\/20268","targetHints":{"allow":["GET"]}}],"collection":[{"href":"https:\/\/littleloua.com\/nl\/wp-json\/wp\/v2\/product"}],"about":[{"href":"https:\/\/littleloua.com\/nl\/wp-json\/wp\/v2\/types\/product"}],"version-history":[{"count":4,"href":"https:\/\/littleloua.com\/nl\/wp-json\/wp\/v2\/product\/20268\/revisions"}],"predecessor-version":[{"id":20298,"href":"https:\/\/littleloua.com\/nl\/wp-json\/wp\/v2\/product\/20268\/revisions\/20298"}],"wp:featuredmedia":[{"embeddable":true,"href":"https:\/\/littleloua.com\/nl\/wp-json\/wp\/v2\/media\/22890"}],"wp:attachment":[{"href":"https:\/\/littleloua.com\/nl\/wp-json\/wp\/v2\/media?parent=20268"}],"wp:term":[{"taxonomy":"product_brand","embeddable":true,"href":"https:\/\/littleloua.com\/nl\/wp-json\/wp\/v2\/product_brand?post=20268"},{"taxonomy":"product_cat","embeddable":true,"href":"https:\/\/littleloua.com\/nl\/wp-json\/wp\/v2\/product_cat?post=20268"},{"taxonomy":"product_tag","embeddable":true,"href":"https:\/\/littleloua.com\/nl\/wp-json\/wp\/v2\/product_tag?post=20268"}],"curies":[{"name":"wp","href":"https:\/\/api.w.org\/{rel}","templated":true}]}}