{"id":17378,"date":"2025-01-04T13:41:35","date_gmt":"2025-01-04T12:41:35","guid":{"rendered":"https:\/\/littleloua.com\/product\/wanddecoratie-van-boucle-ballonnen\/"},"modified":"2025-10-21T12:03:01","modified_gmt":"2025-10-21T10:03:01","slug":"wanddecoratie-van-boucle-ballonnen","status":"publish","type":"product","link":"https:\/\/littleloua.com\/nl\/product\/wanddecoratie-van-boucle-ballonnen\/","title":{"rendered":"Boucl\u00e9 ballon muurdecoratie"},"content":{"rendered":"<h2><strong>Ballon Boucl\u00e9 Wanddecoratie voor babykamers &#8211; Knusse &amp; Charmante Wanddecoratie voor babykamers<\/strong><\/h2>\n<p>Voeg een vleugje magie en warmte toe aan de kinderkamer of speelkamer van je kind met onze <strong>Balloon Boucl\u00e9 Wall D\u00e9co<\/strong>. Dit prachtige muurkunstwerk in de vorm van een ballon is met liefde handgemaakt. Het is gemaakt van hoogwaardig, ecologisch behandeld hout en zachte boucl\u00e9stof, met een knusse, zachte textuur die perfect is voor kleine handjes. Of je nu een serene babykamer of een grillige speelruimte ontwerpt, dit decor in de vorm van een ballon zorgt voor een geruststellende, sfeervolle gloed met de optionele LED-verlichting met afstandsbediening, waardoor het ideaal is voor het cre\u00ebren van een rustige sfeer voor het slapengaan.  <\/p>\n<h3><strong>LED LICHT KENMERKEN van de boucl\u00e9 ballon:<\/strong><\/h3>\n<p class=\"\" data-start=\"59\" data-end=\"354\">Gebruiksvriendelijk &#8211; Met de afstandsbediening kunt u het licht gemakkelijk aan- of uitzetten zonder uw baby te storen.<br \/>\nTimerfunctie &#8211; Het licht gaat automatisch uit na 30 minuten, perfect voor het slapengaan.<br data-start=\"265\" data-end=\"268\">Veilig in gebruik &#8211; De lampjes en afstandsbediening werken op batterijen en zijn eenvoudig aan de muur te hangen.<br \/>\n\u00b0 Verschillende kleuren &#8211; met de afstandsbediening kun je kiezen welke kleur\/sfeer je in de kamer wilt cre\u00ebren.<br \/>\n(kleuren: wit, geel, oranje, groen, rood, blauw, paars, roze,&#8230;)<\/p>\n<p><strong>Kenmerken:<\/strong><\/p>\n<ul>\n<li><strong>Zacht en gezellig ontwerp<\/strong>: Deze wolkenmuurkunst is gemaakt van hout en bekleed met zachte boucl\u00e9stof. Hij voelt zacht aan en zorgt voor een rustgevende zintuiglijke ervaring voor je baby.<\/li>\n<li><strong>Eco-Friendly &amp; Safe<\/strong>: Crafted from certified natural wood and non-toxic materials, our wall d\u00e9cor is both durable and safe for your little ones.<\/li>\n<li><strong>Optionele LED-verlichting<\/strong>: Het wolkendecor wordt geleverd met een optionele LED-verlichting, die een zachte, warme gloed uitstraalt die een vredige, troostende aanwezigheid toevoegt aan de kamer van je kind, perfect voor nachtelijk comfort.<\/li>\n<li><strong>Perfect voor elke kamer<\/strong>: Of je nu alleen de ballon kiest of een bijpassende wolk en ballonset, deze muurdecoratie is de perfecte aanvulling voor elke babykamer, peuterkamer of speelkamer.<\/li>\n<\/ul>\n<p><strong>Afmetingen product:<\/strong><\/p>\n<ul>\n<li><strong>Ballon wit\/bruin<\/strong>: 38 cm (14,96 inch) lengte x 31 cm (12,2 inch) hoogte<\/li>\n<\/ul>\n<p><strong>Veiligheidstip<\/strong>: Al onze muurhangers zijn alleen voor decoratie, niet voor kinderen om mee te spelen. Hang de muurdecoratie hoog genoeg zodat je kind er niet bij kan. <\/p>\n<h2><strong>Waarom kiezen voor Little Loua&#8217;s Ballon Boucl\u00e9 Wall D\u00e9co?<\/strong><\/h2>\n<ul>\n<li><strong>Whimsical &amp; Practical<\/strong>: A blend of delightful design and functionality, this d\u00e9cor transforms any room into a calming, inviting space for both babies and toddlers.<\/li>\n<li><strong>Handgemaakt met liefde<\/strong>: Elk stuk wordt met liefde met de hand gemaakt om te zorgen voor uniek vakmanschap van hoge kwaliteit dat zeker in de smaak zal vallen.<\/li>\n<li><strong>Sustainable &amp; Safe<\/strong>: Our materials are carefully selected to be environmentally friendly and safe, providing peace of mind for parents.<\/li>\n<\/ul>\n<p>Geef je kind het cadeau van comfort en stijl met onze Balloon Boucl\u00e9 Wall D\u00e9cor. Het is de perfecte touch voor het cre\u00ebren van een rustige en dromerige omgeving in elke babykamer of kinderkamer. <\/p>\n<p><strong>Bestel nu<\/strong> en maak de ruimte van je kleintje nog specialer met deze gezellige, schattige muurdecoratie!<\/p>\n","protected":false},"excerpt":{"rendered":"<p>Voeg een vleugje magie en warmte toe aan de kinderkamer of speelkamer van je kind met onze <strong>Balloon Boucl\u00e9 Wall D\u00e9cor<\/strong>. Dit prachtige muurkunstwerk in de vorm van een ballon is met liefde handgemaakt. Het is gemaakt van hoogwaardig, ecologisch behandeld hout en zachte boucl\u00e9stof, met een knusse, zachte textuur die perfect is voor kleine handjes. Of je nu een serene babykamer of een grillige speelruimte ontwerpt, dit decor in de vorm van een ballon zorgt voor een geruststellende, sfeervolle gloed met de optionele LED-verlichting met afstandsbediening, waardoor het ideaal is voor het cre\u00ebren van een rustige sfeer voor het slapengaan.  <\/p>\n<p><strong>Ballon wit\/bruin<\/strong>: 38 cm (14,96 inch) lengte x 31 cm (12,2 inch) hoogte<\/p>\n","protected":false},"featured_media":19928,"template":"","meta":{"_acf_changed":false},"product_brand":[],"product_cat":[243],"product_tag":[],"class_list":{"0":"post-17378","1":"product","2":"type-product","3":"status-publish","4":"has-post-thumbnail","6":"product_cat-boucle-wanddecoratie","8":"first","9":"instock","10":"shipping-taxable","11":"product-type-variable"},"acf":[],"yoast_head":"<!-- This site is optimized with the Yoast SEO plugin v26.2 - https:\/\/yoast.com\/wordpress\/plugins\/seo\/ -->\n<title>Ballon Boucl\u00e9 Wanddecor voor babykamer<\/title>\n<meta name=\"description\" content=\"Transformeer je babykamer met onze handgemaakte ballon Boucl\u00e9 Muurdecoratie. Zachte, milieuvriendelijke materialen en optionele LED-verlichting cre\u00ebren een gezellige, rustgevende sfeer.\" \/>\n<meta name=\"robots\" content=\"index, follow, max-snippet:-1, max-image-preview:large, max-video-preview:-1\" \/>\n<link rel=\"canonical\" href=\"https:\/\/littleloua.com\/nl\/product\/wanddecoratie-van-boucle-ballonnen\/\" \/>\n<meta property=\"og:locale\" content=\"nl_NL\" \/>\n<meta property=\"og:type\" content=\"article\" \/>\n<meta property=\"og:title\" content=\"Ballon Boucl\u00e9 Wanddecor voor babykamer\" \/>\n<meta property=\"og:description\" content=\"Transformeer je babykamer met onze handgemaakte ballon Boucl\u00e9 Muurdecoratie. Zachte, milieuvriendelijke materialen en optionele LED-verlichting cre\u00ebren een gezellige, rustgevende sfeer.\" \/>\n<meta property=\"og:url\" content=\"https:\/\/littleloua.com\/nl\/product\/wanddecoratie-van-boucle-ballonnen\/\" \/>\n<meta property=\"og:site_name\" content=\"Little Loua\" \/>\n<meta property=\"article:publisher\" content=\"https:\/\/www.facebook.com\/littleloua\" \/>\n<meta property=\"article:modified_time\" content=\"2025-10-21T10:03:01+00:00\" \/>\n<meta property=\"og:image\" content=\"https:\/\/littleloua.com\/wp-content\/uploads\/2025\/01\/39BCF0E8-F1D0-4BD5-8507-9E765E6EBF26-1-scaled.jpg\" \/>\n\t<meta property=\"og:image:width\" content=\"1920\" \/>\n\t<meta property=\"og:image:height\" content=\"2560\" \/>\n\t<meta property=\"og:image:type\" content=\"image\/jpeg\" \/>\n<meta name=\"twitter:card\" content=\"summary_large_image\" \/>\n<meta name=\"twitter:label1\" content=\"Geschatte leestijd\" \/>\n\t<meta name=\"twitter:data1\" content=\"3 minuten\" \/>\n<script type=\"application\/ld+json\" class=\"yoast-schema-graph\">{\"@context\":\"https:\/\/schema.org\",\"@graph\":[{\"@type\":\"WebPage\",\"@id\":\"https:\/\/littleloua.com\/nl\/product\/wanddecoratie-van-boucle-ballonnen\/\",\"url\":\"https:\/\/littleloua.com\/nl\/product\/wanddecoratie-van-boucle-ballonnen\/\",\"name\":\"Ballon Boucl\u00e9 Wanddecor voor babykamer\",\"isPartOf\":{\"@id\":\"https:\/\/littleloua.com\/nl\/#website\"},\"primaryImageOfPage\":{\"@id\":\"https:\/\/littleloua.com\/nl\/product\/wanddecoratie-van-boucle-ballonnen\/#primaryimage\"},\"image\":{\"@id\":\"https:\/\/littleloua.com\/nl\/product\/wanddecoratie-van-boucle-ballonnen\/#primaryimage\"},\"thumbnailUrl\":\"https:\/\/littleloua.com\/wp-content\/uploads\/2025\/01\/39BCF0E8-F1D0-4BD5-8507-9E765E6EBF26-1-scaled.jpg\",\"datePublished\":\"2025-01-04T12:41:35+00:00\",\"dateModified\":\"2025-10-21T10:03:01+00:00\",\"description\":\"Transformeer je babykamer met onze handgemaakte ballon Boucl\u00e9 Muurdecoratie. Zachte, milieuvriendelijke materialen en optionele LED-verlichting cre\u00ebren een gezellige, rustgevende sfeer.\",\"breadcrumb\":{\"@id\":\"https:\/\/littleloua.com\/nl\/product\/wanddecoratie-van-boucle-ballonnen\/#breadcrumb\"},\"inLanguage\":\"nl-NL\",\"potentialAction\":[{\"@type\":\"ReadAction\",\"target\":[\"https:\/\/littleloua.com\/nl\/product\/wanddecoratie-van-boucle-ballonnen\/\"]}]},{\"@type\":\"ImageObject\",\"inLanguage\":\"nl-NL\",\"@id\":\"https:\/\/littleloua.com\/nl\/product\/wanddecoratie-van-boucle-ballonnen\/#primaryimage\",\"url\":\"https:\/\/littleloua.com\/wp-content\/uploads\/2025\/01\/39BCF0E8-F1D0-4BD5-8507-9E765E6EBF26-1-scaled.jpg\",\"contentUrl\":\"https:\/\/littleloua.com\/wp-content\/uploads\/2025\/01\/39BCF0E8-F1D0-4BD5-8507-9E765E6EBF26-1-scaled.jpg\",\"width\":1920,\"height\":2560},{\"@type\":\"BreadcrumbList\",\"@id\":\"https:\/\/littleloua.com\/nl\/product\/wanddecoratie-van-boucle-ballonnen\/#breadcrumb\",\"itemListElement\":[{\"@type\":\"ListItem\",\"position\":1,\"name\":\"Home\",\"item\":\"https:\/\/littleloua.com\/nl\/home-kids\/\"},{\"@type\":\"ListItem\",\"position\":2,\"name\":\"Shop\",\"item\":\"https:\/\/littleloua.com\/nl\/shop\/\"},{\"@type\":\"ListItem\",\"position\":3,\"name\":\"Boucl\u00e9 ballon muurdecoratie\"}]},{\"@type\":\"WebSite\",\"@id\":\"https:\/\/littleloua.com\/nl\/#website\",\"url\":\"https:\/\/littleloua.com\/nl\/\",\"name\":\"Little Loua\",\"description\":\"Handmade Baby mobiles created with love\",\"publisher\":{\"@id\":\"https:\/\/littleloua.com\/nl\/#organization\"},\"potentialAction\":[{\"@type\":\"SearchAction\",\"target\":{\"@type\":\"EntryPoint\",\"urlTemplate\":\"https:\/\/littleloua.com\/nl\/?s={search_term_string}\"},\"query-input\":{\"@type\":\"PropertyValueSpecification\",\"valueRequired\":true,\"valueName\":\"search_term_string\"}}],\"inLanguage\":\"nl-NL\"},{\"@type\":\"Organization\",\"@id\":\"https:\/\/littleloua.com\/nl\/#organization\",\"name\":\"Little Loua\",\"url\":\"https:\/\/littleloua.com\/nl\/\",\"logo\":{\"@type\":\"ImageObject\",\"inLanguage\":\"nl-NL\",\"@id\":\"https:\/\/littleloua.com\/nl\/#\/schema\/logo\/image\/\",\"url\":\"https:\/\/littleloua.com\/wp-content\/uploads\/2023\/06\/logo-little-loua-handmade-baby-mobiles.png\",\"contentUrl\":\"https:\/\/littleloua.com\/wp-content\/uploads\/2023\/06\/logo-little-loua-handmade-baby-mobiles.png\",\"width\":316,\"height\":285,\"caption\":\"Little Loua\"},\"image\":{\"@id\":\"https:\/\/littleloua.com\/nl\/#\/schema\/logo\/image\/\"},\"sameAs\":[\"https:\/\/www.facebook.com\/littleloua\",\"https:\/\/www.instagram.com\/little.loua\/\"]}]}<\/script>\n<!-- \/ Yoast SEO plugin. -->","yoast_head_json":{"title":"Ballon Boucl\u00e9 Wanddecor voor babykamer","description":"Transformeer je babykamer met onze handgemaakte ballon Boucl\u00e9 Muurdecoratie. Zachte, milieuvriendelijke materialen en optionele LED-verlichting cre\u00ebren een gezellige, rustgevende sfeer.","robots":{"index":"index","follow":"follow","max-snippet":"max-snippet:-1","max-image-preview":"max-image-preview:large","max-video-preview":"max-video-preview:-1"},"canonical":"https:\/\/littleloua.com\/nl\/product\/wanddecoratie-van-boucle-ballonnen\/","og_locale":"nl_NL","og_type":"article","og_title":"Ballon Boucl\u00e9 Wanddecor voor babykamer","og_description":"Transformeer je babykamer met onze handgemaakte ballon Boucl\u00e9 Muurdecoratie. Zachte, milieuvriendelijke materialen en optionele LED-verlichting cre\u00ebren een gezellige, rustgevende sfeer.","og_url":"https:\/\/littleloua.com\/nl\/product\/wanddecoratie-van-boucle-ballonnen\/","og_site_name":"Little Loua","article_publisher":"https:\/\/www.facebook.com\/littleloua","article_modified_time":"2025-10-21T10:03:01+00:00","og_image":[{"width":1920,"height":2560,"url":"https:\/\/littleloua.com\/wp-content\/uploads\/2025\/01\/39BCF0E8-F1D0-4BD5-8507-9E765E6EBF26-1-scaled.jpg","type":"image\/jpeg"}],"twitter_card":"summary_large_image","twitter_misc":{"Geschatte leestijd":"3 minuten"},"schema":{"@context":"https:\/\/schema.org","@graph":[{"@type":"WebPage","@id":"https:\/\/littleloua.com\/nl\/product\/wanddecoratie-van-boucle-ballonnen\/","url":"https:\/\/littleloua.com\/nl\/product\/wanddecoratie-van-boucle-ballonnen\/","name":"Ballon Boucl\u00e9 Wanddecor voor babykamer","isPartOf":{"@id":"https:\/\/littleloua.com\/nl\/#website"},"primaryImageOfPage":{"@id":"https:\/\/littleloua.com\/nl\/product\/wanddecoratie-van-boucle-ballonnen\/#primaryimage"},"image":{"@id":"https:\/\/littleloua.com\/nl\/product\/wanddecoratie-van-boucle-ballonnen\/#primaryimage"},"thumbnailUrl":"https:\/\/littleloua.com\/wp-content\/uploads\/2025\/01\/39BCF0E8-F1D0-4BD5-8507-9E765E6EBF26-1-scaled.jpg","datePublished":"2025-01-04T12:41:35+00:00","dateModified":"2025-10-21T10:03:01+00:00","description":"Transformeer je babykamer met onze handgemaakte ballon Boucl\u00e9 Muurdecoratie. Zachte, milieuvriendelijke materialen en optionele LED-verlichting cre\u00ebren een gezellige, rustgevende sfeer.","breadcrumb":{"@id":"https:\/\/littleloua.com\/nl\/product\/wanddecoratie-van-boucle-ballonnen\/#breadcrumb"},"inLanguage":"nl-NL","potentialAction":[{"@type":"ReadAction","target":["https:\/\/littleloua.com\/nl\/product\/wanddecoratie-van-boucle-ballonnen\/"]}]},{"@type":"ImageObject","inLanguage":"nl-NL","@id":"https:\/\/littleloua.com\/nl\/product\/wanddecoratie-van-boucle-ballonnen\/#primaryimage","url":"https:\/\/littleloua.com\/wp-content\/uploads\/2025\/01\/39BCF0E8-F1D0-4BD5-8507-9E765E6EBF26-1-scaled.jpg","contentUrl":"https:\/\/littleloua.com\/wp-content\/uploads\/2025\/01\/39BCF0E8-F1D0-4BD5-8507-9E765E6EBF26-1-scaled.jpg","width":1920,"height":2560},{"@type":"BreadcrumbList","@id":"https:\/\/littleloua.com\/nl\/product\/wanddecoratie-van-boucle-ballonnen\/#breadcrumb","itemListElement":[{"@type":"ListItem","position":1,"name":"Home","item":"https:\/\/littleloua.com\/nl\/home-kids\/"},{"@type":"ListItem","position":2,"name":"Shop","item":"https:\/\/littleloua.com\/nl\/shop\/"},{"@type":"ListItem","position":3,"name":"Boucl\u00e9 ballon muurdecoratie"}]},{"@type":"WebSite","@id":"https:\/\/littleloua.com\/nl\/#website","url":"https:\/\/littleloua.com\/nl\/","name":"Little Loua","description":"Handmade Baby mobiles created with love","publisher":{"@id":"https:\/\/littleloua.com\/nl\/#organization"},"potentialAction":[{"@type":"SearchAction","target":{"@type":"EntryPoint","urlTemplate":"https:\/\/littleloua.com\/nl\/?s={search_term_string}"},"query-input":{"@type":"PropertyValueSpecification","valueRequired":true,"valueName":"search_term_string"}}],"inLanguage":"nl-NL"},{"@type":"Organization","@id":"https:\/\/littleloua.com\/nl\/#organization","name":"Little Loua","url":"https:\/\/littleloua.com\/nl\/","logo":{"@type":"ImageObject","inLanguage":"nl-NL","@id":"https:\/\/littleloua.com\/nl\/#\/schema\/logo\/image\/","url":"https:\/\/littleloua.com\/wp-content\/uploads\/2023\/06\/logo-little-loua-handmade-baby-mobiles.png","contentUrl":"https:\/\/littleloua.com\/wp-content\/uploads\/2023\/06\/logo-little-loua-handmade-baby-mobiles.png","width":316,"height":285,"caption":"Little Loua"},"image":{"@id":"https:\/\/littleloua.com\/nl\/#\/schema\/logo\/image\/"},"sameAs":["https:\/\/www.facebook.com\/littleloua","https:\/\/www.instagram.com\/little.loua\/"]}]}},"_links":{"self":[{"href":"https:\/\/littleloua.com\/nl\/wp-json\/wp\/v2\/product\/17378","targetHints":{"allow":["GET"]}}],"collection":[{"href":"https:\/\/littleloua.com\/nl\/wp-json\/wp\/v2\/product"}],"about":[{"href":"https:\/\/littleloua.com\/nl\/wp-json\/wp\/v2\/types\/product"}],"version-history":[{"count":3,"href":"https:\/\/littleloua.com\/nl\/wp-json\/wp\/v2\/product\/17378\/revisions"}],"predecessor-version":[{"id":18709,"href":"https:\/\/littleloua.com\/nl\/wp-json\/wp\/v2\/product\/17378\/revisions\/18709"}],"wp:featuredmedia":[{"embeddable":true,"href":"https:\/\/littleloua.com\/nl\/wp-json\/wp\/v2\/media\/19928"}],"wp:attachment":[{"href":"https:\/\/littleloua.com\/nl\/wp-json\/wp\/v2\/media?parent=17378"}],"wp:term":[{"taxonomy":"product_brand","embeddable":true,"href":"https:\/\/littleloua.com\/nl\/wp-json\/wp\/v2\/product_brand?post=17378"},{"taxonomy":"product_cat","embeddable":true,"href":"https:\/\/littleloua.com\/nl\/wp-json\/wp\/v2\/product_cat?post=17378"},{"taxonomy":"product_tag","embeddable":true,"href":"https:\/\/littleloua.com\/nl\/wp-json\/wp\/v2\/product_tag?post=17378"}],"curies":[{"name":"wp","href":"https:\/\/api.w.org\/{rel}","templated":true}]}}