{"id":16526,"date":"2024-11-06T12:44:27","date_gmt":"2024-11-06T11:44:27","guid":{"rendered":"https:\/\/littleloua.com\/?post_type=product&#038;p=16526"},"modified":"2025-10-21T12:03:01","modified_gmt":"2025-10-21T10:03:01","slug":"handgemaakte-honden-muziekmobiel-in-crochet","status":"publish","type":"product","link":"https:\/\/littleloua.com\/nl\/product\/handgemaakte-honden-muziekmobiel-in-crochet\/","title":{"rendered":"Handgemaakte hondjes in crochet"},"content":{"rendered":"<h2>Laat je baby wegdromen met de honden babymobiel.<\/h2>\n<p>Voeg een vleugje schattigheid en eenvoud toe aan de babykamer met onze Crochet Hondjes Muziekmobiel. Deze charmante mobiel heeft een eenvoudig design met handgehaakte hondjes. Het rustgevende muziekje zorgt voor een kalmerende sfeer, ideaal om je kleintje te helpen ontspannen en in slaap te vallen.<\/p>\n<p>Kies naast de muziekmobiel voor een muziekdoos en passende arm. Zo heb je de volledige set om je mobiel op te hangen met de zachte melodie\u00ebn van onze muziekdoos.<\/p>\n<p><img fetchpriority=\"high\" decoding=\"async\" class=\"alignnone size-medium wp-image-16559\" src=\"https:\/\/littleloua.com\/wp-content\/uploads\/2024\/11\/86147313-7423-472A-8274-BA500BF7CDCB-200x300.jpg\" alt=\"\" width=\"200\" height=\"300\" srcset=\"https:\/\/littleloua.com\/wp-content\/uploads\/2024\/11\/86147313-7423-472A-8274-BA500BF7CDCB-200x300.jpg 200w, https:\/\/littleloua.com\/wp-content\/uploads\/2024\/11\/86147313-7423-472A-8274-BA500BF7CDCB-683x1024.jpg 683w, https:\/\/littleloua.com\/wp-content\/uploads\/2024\/11\/86147313-7423-472A-8274-BA500BF7CDCB-768x1152.jpg 768w, https:\/\/littleloua.com\/wp-content\/uploads\/2024\/11\/86147313-7423-472A-8274-BA500BF7CDCB-1024x1536.jpg 1024w, https:\/\/littleloua.com\/wp-content\/uploads\/2024\/11\/86147313-7423-472A-8274-BA500BF7CDCB-1366x2048.jpg 1366w, https:\/\/littleloua.com\/wp-content\/uploads\/2024\/11\/86147313-7423-472A-8274-BA500BF7CDCB-600x900.jpg 600w, https:\/\/littleloua.com\/wp-content\/uploads\/2024\/11\/86147313-7423-472A-8274-BA500BF7CDCB-1200x1799.jpg 1200w, https:\/\/littleloua.com\/wp-content\/uploads\/2024\/11\/86147313-7423-472A-8274-BA500BF7CDCB-150x225.jpg 150w, https:\/\/littleloua.com\/wp-content\/uploads\/2024\/11\/86147313-7423-472A-8274-BA500BF7CDCB-scaled.jpg 1707w\" sizes=\"(max-width: 200px) 100vw, 200px\" \/> <img decoding=\"async\" class=\"alignnone size-medium wp-image-16549\" src=\"https:\/\/littleloua.com\/wp-content\/uploads\/2024\/11\/1287A7DE-705B-4D87-BB11-1B5400266578-200x300.jpeg\" alt=\"\" width=\"200\" height=\"300\" srcset=\"https:\/\/littleloua.com\/wp-content\/uploads\/2024\/11\/1287A7DE-705B-4D87-BB11-1B5400266578-200x300.jpeg 200w, https:\/\/littleloua.com\/wp-content\/uploads\/2024\/11\/1287A7DE-705B-4D87-BB11-1B5400266578-683x1024.jpeg 683w, https:\/\/littleloua.com\/wp-content\/uploads\/2024\/11\/1287A7DE-705B-4D87-BB11-1B5400266578-768x1152.jpeg 768w, https:\/\/littleloua.com\/wp-content\/uploads\/2024\/11\/1287A7DE-705B-4D87-BB11-1B5400266578-1024x1536.jpeg 1024w, https:\/\/littleloua.com\/wp-content\/uploads\/2024\/11\/1287A7DE-705B-4D87-BB11-1B5400266578-1366x2048.jpeg 1366w, https:\/\/littleloua.com\/wp-content\/uploads\/2024\/11\/1287A7DE-705B-4D87-BB11-1B5400266578-600x900.jpeg 600w, https:\/\/littleloua.com\/wp-content\/uploads\/2024\/11\/1287A7DE-705B-4D87-BB11-1B5400266578-1200x1799.jpeg 1200w, https:\/\/littleloua.com\/wp-content\/uploads\/2024\/11\/1287A7DE-705B-4D87-BB11-1B5400266578-150x225.jpeg 150w, https:\/\/littleloua.com\/wp-content\/uploads\/2024\/11\/1287A7DE-705B-4D87-BB11-1B5400266578-scaled.jpeg 1707w\" sizes=\"(max-width: 200px) 100vw, 200px\" \/> <img decoding=\"async\" class=\"alignnone size-medium wp-image-16539\" src=\"https:\/\/littleloua.com\/wp-content\/uploads\/2024\/11\/05518441-5D88-4963-A2C4-965600ACC51E-200x300.jpg\" alt=\"\" width=\"200\" height=\"300\" srcset=\"https:\/\/littleloua.com\/wp-content\/uploads\/2024\/11\/05518441-5D88-4963-A2C4-965600ACC51E-200x300.jpg 200w, https:\/\/littleloua.com\/wp-content\/uploads\/2024\/11\/05518441-5D88-4963-A2C4-965600ACC51E-683x1024.jpg 683w, https:\/\/littleloua.com\/wp-content\/uploads\/2024\/11\/05518441-5D88-4963-A2C4-965600ACC51E-768x1152.jpg 768w, https:\/\/littleloua.com\/wp-content\/uploads\/2024\/11\/05518441-5D88-4963-A2C4-965600ACC51E-1024x1536.jpg 1024w, https:\/\/littleloua.com\/wp-content\/uploads\/2024\/11\/05518441-5D88-4963-A2C4-965600ACC51E-1366x2048.jpg 1366w, https:\/\/littleloua.com\/wp-content\/uploads\/2024\/11\/05518441-5D88-4963-A2C4-965600ACC51E-600x900.jpg 600w, https:\/\/littleloua.com\/wp-content\/uploads\/2024\/11\/05518441-5D88-4963-A2C4-965600ACC51E-1200x1799.jpg 1200w, https:\/\/littleloua.com\/wp-content\/uploads\/2024\/11\/05518441-5D88-4963-A2C4-965600ACC51E-150x225.jpg 150w, https:\/\/littleloua.com\/wp-content\/uploads\/2024\/11\/05518441-5D88-4963-A2C4-965600ACC51E-scaled.jpg 1707w\" sizes=\"(max-width: 200px) 100vw, 200px\" \/> <img loading=\"lazy\" decoding=\"async\" class=\"alignnone size-medium wp-image-16534\" src=\"https:\/\/littleloua.com\/wp-content\/uploads\/2024\/11\/70838470-21EB-421B-9442-C7CC9DE0FE7F-300x300.jpg\" alt=\"\" width=\"300\" height=\"300\" srcset=\"https:\/\/littleloua.com\/wp-content\/uploads\/2024\/11\/70838470-21EB-421B-9442-C7CC9DE0FE7F-300x300.jpg 300w, https:\/\/littleloua.com\/wp-content\/uploads\/2024\/11\/70838470-21EB-421B-9442-C7CC9DE0FE7F-1024x1024.jpg 1024w, https:\/\/littleloua.com\/wp-content\/uploads\/2024\/11\/70838470-21EB-421B-9442-C7CC9DE0FE7F-150x150.jpg 150w, https:\/\/littleloua.com\/wp-content\/uploads\/2024\/11\/70838470-21EB-421B-9442-C7CC9DE0FE7F-768x768.jpg 768w, https:\/\/littleloua.com\/wp-content\/uploads\/2024\/11\/70838470-21EB-421B-9442-C7CC9DE0FE7F-1536x1536.jpg 1536w, https:\/\/littleloua.com\/wp-content\/uploads\/2024\/11\/70838470-21EB-421B-9442-C7CC9DE0FE7F-2048x2048.jpg 2048w, https:\/\/littleloua.com\/wp-content\/uploads\/2024\/11\/70838470-21EB-421B-9442-C7CC9DE0FE7F-600x600.jpg 600w, https:\/\/littleloua.com\/wp-content\/uploads\/2024\/11\/70838470-21EB-421B-9442-C7CC9DE0FE7F-1200x1200.jpg 1200w\" sizes=\"(max-width: 300px) 100vw, 300px\" \/><\/p>\n<h2><strong>Een ecologische, handgemaakte houten muziekmobiel<\/strong><\/h2>\n<p>Onze crochet honden muziekmobiel is meer dan alleen een decoratie. Dankzij het vakmanschap van hoge kwaliteit en duurzame materialen is het de perfecte aanvulling op de kinderkamer van je baby<\/p>\n<ol>\n<li><strong>Eersteklas milieuvriendelijke materialen<\/strong>: We geven prioriteit aan duurzaamheid door het gebruik van eersteklas materialen gecombineerd met hypoallergene vulling. De veiligheid en het comfort van je baby zijn onze grootste zorg.<\/li>\n<li><strong>Elegant ontwerp: <\/strong>Het elegante ontwerp van de mobiel voegt een vleugje verfijning toe aan de kamer van je baby, waardoor het een stijlvolle keuze is voor moderne ouders.<\/li>\n<li><strong>Unieke handgemaakte elementen<\/strong>: Elke mobiel is uniek, met handgenaaide elementen die het vakmanschap en de zorg voor de creatie laten zien.<\/li>\n<\/ol>\n<h2><strong>Over onze handgemaakte creaties<\/strong><\/h2>\n<p>Elk item dat we maken is uniek en handgemaakt . Hoewel we ernaar streven om de foto&#8217;s in onze productbeschrijvingen zo goed mogelijk te benaderen, kun je kleine variaties zien in kleuren of stiksels tussen onze creaties. Dit is te danken aan het feit dat elk artikel \u00e9\u00e9n voor \u00e9\u00e9n wordt gemaakt door mensen, niet door machines.<\/p>\n<p>Om ervoor te zorgen dat de crochet honden muziekmobiel zijn uiterlijk behoudt, raden we aan om hem niet te wassen. De mobiel is grondig gereinigd voor verzending, zodat hij in perfecte staat blijft. Wat je wel kan doen is deze met een vochtige stofdoek even overgaan.<\/p>\n<p>Als je vragen hebt of hulp nodig hebt, aarzel dan niet om contact met ons op te nemen. We staan klaar om te helpen!<\/p>\n<h2><strong>Veiligheidsadvies over onze crochet honden muziekmobiel<\/strong><\/h2>\n<p>Onze muziekmobielen zijn ontworpen voor decoratieve doelstellingen en zijn niet bedoeld als speelgoed. Het is belangrijk om de crochet muziekmobiel te allen tijde buiten het bereik van je kind te houden. Hang het stevig over het wiegje en hang deze hoog genoeg, zodanig de baby het muziekmobieltje niet kan aanraken. Verwijder de muziekmobiel of hang hem nog hoger zodra je baby kan zitten, kruipen of staan.<\/p>\n<p>Wanneer je de muziekmobiel hangt, moet je ervoor zorgen dat je kind recht vooruit kijkt. Plaats de muziekmobiel daarom in het midden van het ledikant voor optimaal comfort. Wanneer de muziekmobiel recht boven het hoofdje hangt is het moeilijk om iets van de figuurtjes te zien.<\/p>\n<h2>Het perfecte cadeautje<\/h2>\n<p>Deze muziekmobiel is het ideale geboortegeschenk. Maak het extra speciaal door de muziekmobiel te personaliseren met de naam van het baby&#8217;tje.<\/p>\n","protected":false},"excerpt":{"rendered":"<p>Voeg een vleugje schattigheid en eenvoud toe aan de babykamer met onze Crochet Hondjes Muziekmobiel. Deze charmante mobiel heeft een eenvoudig design met handgehaakte hondjes. Het rustgevende muziekje zorgt voor een kalmerende sfeer, ideaal om je kleintje te helpen ontspannen en in slaap te vallen.<\/p>\n<p>Kies naast de muziekmobiel voor een muziekdoos en passende arm. Zo heb je de volledige set om je mobiel op te hangen met de zachte melodie\u00ebn van onze muziekdoos.<\/p>\n","protected":false},"featured_media":16528,"template":"","meta":{"_acf_changed":false},"product_brand":[],"product_cat":[40],"product_tag":[102,106,99],"class_list":{"0":"post-16526","1":"product","2":"type-product","3":"status-publish","4":"has-post-thumbnail","6":"product_cat-handgemaakte-muziekmobielen","7":"product_tag-channable-nl","8":"product_tag-ds-nl","9":"product_tag-engels-nl","11":"first","12":"instock","13":"shipping-taxable","14":"purchasable","15":"product-type-simple"},"acf":[],"yoast_head":"<!-- This site is optimized with the Yoast SEO plugin v26.2 - https:\/\/yoast.com\/wordpress\/plugins\/seo\/ -->\n<title>Crochet Honden Muziekmobiel | Little Loua<\/title>\n<meta name=\"description\" content=\"Breng een speels tintje aan in de kinderkamer met onze handgemaakte honden muziekmobiel. De vrolijke melodie\u00ebn zorgen voor een gezellige sfeer. Ontdek nu!\" \/>\n<meta name=\"robots\" content=\"index, follow, max-snippet:-1, max-image-preview:large, max-video-preview:-1\" \/>\n<link rel=\"canonical\" href=\"https:\/\/littleloua.com\/nl\/product\/handgemaakte-honden-muziekmobiel-in-crochet\/\" \/>\n<meta property=\"og:locale\" content=\"nl_NL\" \/>\n<meta property=\"og:type\" content=\"article\" \/>\n<meta property=\"og:title\" content=\"Crochet Honden Muziekmobiel | Little Loua\" \/>\n<meta property=\"og:description\" content=\"Breng een speels tintje aan in de kinderkamer met onze handgemaakte honden muziekmobiel. De vrolijke melodie\u00ebn zorgen voor een gezellige sfeer. Ontdek nu!\" \/>\n<meta property=\"og:url\" content=\"https:\/\/littleloua.com\/nl\/product\/handgemaakte-honden-muziekmobiel-in-crochet\/\" \/>\n<meta property=\"og:site_name\" content=\"Little Loua\" \/>\n<meta property=\"article:publisher\" content=\"https:\/\/www.facebook.com\/littleloua\" \/>\n<meta property=\"article:modified_time\" content=\"2025-10-21T10:03:01+00:00\" \/>\n<meta property=\"og:image\" content=\"https:\/\/littleloua.com\/wp-content\/uploads\/2024\/11\/93E75D2B-711F-4D33-A25F-225F197486FA-scaled.jpg\" \/>\n\t<meta property=\"og:image:width\" content=\"1708\" \/>\n\t<meta property=\"og:image:height\" content=\"2560\" \/>\n\t<meta property=\"og:image:type\" content=\"image\/jpeg\" \/>\n<meta name=\"twitter:card\" content=\"summary_large_image\" \/>\n<meta name=\"twitter:label1\" content=\"Geschatte leestijd\" \/>\n\t<meta name=\"twitter:data1\" content=\"4 minuten\" \/>\n<script type=\"application\/ld+json\" class=\"yoast-schema-graph\">{\"@context\":\"https:\/\/schema.org\",\"@graph\":[{\"@type\":\"WebPage\",\"@id\":\"https:\/\/littleloua.com\/nl\/product\/handgemaakte-honden-muziekmobiel-in-crochet\/\",\"url\":\"https:\/\/littleloua.com\/nl\/product\/handgemaakte-honden-muziekmobiel-in-crochet\/\",\"name\":\"Crochet Honden Muziekmobiel | Little Loua\",\"isPartOf\":{\"@id\":\"https:\/\/littleloua.com\/nl\/#website\"},\"primaryImageOfPage\":{\"@id\":\"https:\/\/littleloua.com\/nl\/product\/handgemaakte-honden-muziekmobiel-in-crochet\/#primaryimage\"},\"image\":{\"@id\":\"https:\/\/littleloua.com\/nl\/product\/handgemaakte-honden-muziekmobiel-in-crochet\/#primaryimage\"},\"thumbnailUrl\":\"https:\/\/littleloua.com\/wp-content\/uploads\/2024\/11\/93E75D2B-711F-4D33-A25F-225F197486FA-scaled.jpg\",\"datePublished\":\"2024-11-06T11:44:27+00:00\",\"dateModified\":\"2025-10-21T10:03:01+00:00\",\"description\":\"Breng een speels tintje aan in de kinderkamer met onze handgemaakte honden muziekmobiel. De vrolijke melodie\u00ebn zorgen voor een gezellige sfeer. Ontdek nu!\",\"breadcrumb\":{\"@id\":\"https:\/\/littleloua.com\/nl\/product\/handgemaakte-honden-muziekmobiel-in-crochet\/#breadcrumb\"},\"inLanguage\":\"nl-NL\",\"potentialAction\":[{\"@type\":\"ReadAction\",\"target\":[\"https:\/\/littleloua.com\/nl\/product\/handgemaakte-honden-muziekmobiel-in-crochet\/\"]}]},{\"@type\":\"ImageObject\",\"inLanguage\":\"nl-NL\",\"@id\":\"https:\/\/littleloua.com\/nl\/product\/handgemaakte-honden-muziekmobiel-in-crochet\/#primaryimage\",\"url\":\"https:\/\/littleloua.com\/wp-content\/uploads\/2024\/11\/93E75D2B-711F-4D33-A25F-225F197486FA-scaled.jpg\",\"contentUrl\":\"https:\/\/littleloua.com\/wp-content\/uploads\/2024\/11\/93E75D2B-711F-4D33-A25F-225F197486FA-scaled.jpg\",\"width\":1708,\"height\":2560},{\"@type\":\"BreadcrumbList\",\"@id\":\"https:\/\/littleloua.com\/nl\/product\/handgemaakte-honden-muziekmobiel-in-crochet\/#breadcrumb\",\"itemListElement\":[{\"@type\":\"ListItem\",\"position\":1,\"name\":\"Home\",\"item\":\"https:\/\/littleloua.com\/nl\/home-kids\/\"},{\"@type\":\"ListItem\",\"position\":2,\"name\":\"Shop\",\"item\":\"https:\/\/littleloua.com\/nl\/shop\/\"},{\"@type\":\"ListItem\",\"position\":3,\"name\":\"Handgemaakte hondjes in crochet\"}]},{\"@type\":\"WebSite\",\"@id\":\"https:\/\/littleloua.com\/nl\/#website\",\"url\":\"https:\/\/littleloua.com\/nl\/\",\"name\":\"Little Loua\",\"description\":\"Handmade Baby mobiles created with love\",\"publisher\":{\"@id\":\"https:\/\/littleloua.com\/nl\/#organization\"},\"potentialAction\":[{\"@type\":\"SearchAction\",\"target\":{\"@type\":\"EntryPoint\",\"urlTemplate\":\"https:\/\/littleloua.com\/nl\/?s={search_term_string}\"},\"query-input\":{\"@type\":\"PropertyValueSpecification\",\"valueRequired\":true,\"valueName\":\"search_term_string\"}}],\"inLanguage\":\"nl-NL\"},{\"@type\":\"Organization\",\"@id\":\"https:\/\/littleloua.com\/nl\/#organization\",\"name\":\"Little Loua\",\"url\":\"https:\/\/littleloua.com\/nl\/\",\"logo\":{\"@type\":\"ImageObject\",\"inLanguage\":\"nl-NL\",\"@id\":\"https:\/\/littleloua.com\/nl\/#\/schema\/logo\/image\/\",\"url\":\"https:\/\/littleloua.com\/wp-content\/uploads\/2023\/06\/logo-little-loua-handmade-baby-mobiles.png\",\"contentUrl\":\"https:\/\/littleloua.com\/wp-content\/uploads\/2023\/06\/logo-little-loua-handmade-baby-mobiles.png\",\"width\":316,\"height\":285,\"caption\":\"Little Loua\"},\"image\":{\"@id\":\"https:\/\/littleloua.com\/nl\/#\/schema\/logo\/image\/\"},\"sameAs\":[\"https:\/\/www.facebook.com\/littleloua\",\"https:\/\/www.instagram.com\/little.loua\/\"]}]}<\/script>\n<!-- \/ Yoast SEO plugin. -->","yoast_head_json":{"title":"Crochet Honden Muziekmobiel | Little Loua","description":"Breng een speels tintje aan in de kinderkamer met onze handgemaakte honden muziekmobiel. De vrolijke melodie\u00ebn zorgen voor een gezellige sfeer. Ontdek nu!","robots":{"index":"index","follow":"follow","max-snippet":"max-snippet:-1","max-image-preview":"max-image-preview:large","max-video-preview":"max-video-preview:-1"},"canonical":"https:\/\/littleloua.com\/nl\/product\/handgemaakte-honden-muziekmobiel-in-crochet\/","og_locale":"nl_NL","og_type":"article","og_title":"Crochet Honden Muziekmobiel | Little Loua","og_description":"Breng een speels tintje aan in de kinderkamer met onze handgemaakte honden muziekmobiel. De vrolijke melodie\u00ebn zorgen voor een gezellige sfeer. Ontdek nu!","og_url":"https:\/\/littleloua.com\/nl\/product\/handgemaakte-honden-muziekmobiel-in-crochet\/","og_site_name":"Little Loua","article_publisher":"https:\/\/www.facebook.com\/littleloua","article_modified_time":"2025-10-21T10:03:01+00:00","og_image":[{"width":1708,"height":2560,"url":"https:\/\/littleloua.com\/wp-content\/uploads\/2024\/11\/93E75D2B-711F-4D33-A25F-225F197486FA-scaled.jpg","type":"image\/jpeg"}],"twitter_card":"summary_large_image","twitter_misc":{"Geschatte leestijd":"4 minuten"},"schema":{"@context":"https:\/\/schema.org","@graph":[{"@type":"WebPage","@id":"https:\/\/littleloua.com\/nl\/product\/handgemaakte-honden-muziekmobiel-in-crochet\/","url":"https:\/\/littleloua.com\/nl\/product\/handgemaakte-honden-muziekmobiel-in-crochet\/","name":"Crochet Honden Muziekmobiel | Little Loua","isPartOf":{"@id":"https:\/\/littleloua.com\/nl\/#website"},"primaryImageOfPage":{"@id":"https:\/\/littleloua.com\/nl\/product\/handgemaakte-honden-muziekmobiel-in-crochet\/#primaryimage"},"image":{"@id":"https:\/\/littleloua.com\/nl\/product\/handgemaakte-honden-muziekmobiel-in-crochet\/#primaryimage"},"thumbnailUrl":"https:\/\/littleloua.com\/wp-content\/uploads\/2024\/11\/93E75D2B-711F-4D33-A25F-225F197486FA-scaled.jpg","datePublished":"2024-11-06T11:44:27+00:00","dateModified":"2025-10-21T10:03:01+00:00","description":"Breng een speels tintje aan in de kinderkamer met onze handgemaakte honden muziekmobiel. De vrolijke melodie\u00ebn zorgen voor een gezellige sfeer. Ontdek nu!","breadcrumb":{"@id":"https:\/\/littleloua.com\/nl\/product\/handgemaakte-honden-muziekmobiel-in-crochet\/#breadcrumb"},"inLanguage":"nl-NL","potentialAction":[{"@type":"ReadAction","target":["https:\/\/littleloua.com\/nl\/product\/handgemaakte-honden-muziekmobiel-in-crochet\/"]}]},{"@type":"ImageObject","inLanguage":"nl-NL","@id":"https:\/\/littleloua.com\/nl\/product\/handgemaakte-honden-muziekmobiel-in-crochet\/#primaryimage","url":"https:\/\/littleloua.com\/wp-content\/uploads\/2024\/11\/93E75D2B-711F-4D33-A25F-225F197486FA-scaled.jpg","contentUrl":"https:\/\/littleloua.com\/wp-content\/uploads\/2024\/11\/93E75D2B-711F-4D33-A25F-225F197486FA-scaled.jpg","width":1708,"height":2560},{"@type":"BreadcrumbList","@id":"https:\/\/littleloua.com\/nl\/product\/handgemaakte-honden-muziekmobiel-in-crochet\/#breadcrumb","itemListElement":[{"@type":"ListItem","position":1,"name":"Home","item":"https:\/\/littleloua.com\/nl\/home-kids\/"},{"@type":"ListItem","position":2,"name":"Shop","item":"https:\/\/littleloua.com\/nl\/shop\/"},{"@type":"ListItem","position":3,"name":"Handgemaakte hondjes in crochet"}]},{"@type":"WebSite","@id":"https:\/\/littleloua.com\/nl\/#website","url":"https:\/\/littleloua.com\/nl\/","name":"Little Loua","description":"Handmade Baby mobiles created with love","publisher":{"@id":"https:\/\/littleloua.com\/nl\/#organization"},"potentialAction":[{"@type":"SearchAction","target":{"@type":"EntryPoint","urlTemplate":"https:\/\/littleloua.com\/nl\/?s={search_term_string}"},"query-input":{"@type":"PropertyValueSpecification","valueRequired":true,"valueName":"search_term_string"}}],"inLanguage":"nl-NL"},{"@type":"Organization","@id":"https:\/\/littleloua.com\/nl\/#organization","name":"Little Loua","url":"https:\/\/littleloua.com\/nl\/","logo":{"@type":"ImageObject","inLanguage":"nl-NL","@id":"https:\/\/littleloua.com\/nl\/#\/schema\/logo\/image\/","url":"https:\/\/littleloua.com\/wp-content\/uploads\/2023\/06\/logo-little-loua-handmade-baby-mobiles.png","contentUrl":"https:\/\/littleloua.com\/wp-content\/uploads\/2023\/06\/logo-little-loua-handmade-baby-mobiles.png","width":316,"height":285,"caption":"Little Loua"},"image":{"@id":"https:\/\/littleloua.com\/nl\/#\/schema\/logo\/image\/"},"sameAs":["https:\/\/www.facebook.com\/littleloua","https:\/\/www.instagram.com\/little.loua\/"]}]}},"_links":{"self":[{"href":"https:\/\/littleloua.com\/nl\/wp-json\/wp\/v2\/product\/16526","targetHints":{"allow":["GET"]}}],"collection":[{"href":"https:\/\/littleloua.com\/nl\/wp-json\/wp\/v2\/product"}],"about":[{"href":"https:\/\/littleloua.com\/nl\/wp-json\/wp\/v2\/types\/product"}],"version-history":[{"count":1,"href":"https:\/\/littleloua.com\/nl\/wp-json\/wp\/v2\/product\/16526\/revisions"}],"predecessor-version":[{"id":20458,"href":"https:\/\/littleloua.com\/nl\/wp-json\/wp\/v2\/product\/16526\/revisions\/20458"}],"wp:featuredmedia":[{"embeddable":true,"href":"https:\/\/littleloua.com\/nl\/wp-json\/wp\/v2\/media\/16528"}],"wp:attachment":[{"href":"https:\/\/littleloua.com\/nl\/wp-json\/wp\/v2\/media?parent=16526"}],"wp:term":[{"taxonomy":"product_brand","embeddable":true,"href":"https:\/\/littleloua.com\/nl\/wp-json\/wp\/v2\/product_brand?post=16526"},{"taxonomy":"product_cat","embeddable":true,"href":"https:\/\/littleloua.com\/nl\/wp-json\/wp\/v2\/product_cat?post=16526"},{"taxonomy":"product_tag","embeddable":true,"href":"https:\/\/littleloua.com\/nl\/wp-json\/wp\/v2\/product_tag?post=16526"}],"curies":[{"name":"wp","href":"https:\/\/api.w.org\/{rel}","templated":true}]}}