{"id":12950,"date":"2024-05-08T15:20:11","date_gmt":"2024-05-08T13:20:11","guid":{"rendered":"https:\/\/littleloua.com\/?post_type=product&#038;p=12950"},"modified":"2024-05-09T12:47:51","modified_gmt":"2024-05-09T10:47:51","slug":"crochet-leeuw-giftbox","status":"publish","type":"product","link":"https:\/\/littleloua.com\/nl\/product\/crochet-leeuw-giftbox\/","title":{"rendered":"Crochet Leeuw Giftbox"},"content":{"rendered":"<h1>Crochet Leeuw Giftbox<\/h1>\n<p>Onze Baby Gift Box is met heel veel liefde en zorg samengesteld. Het is niet alleen een verzameling van items, maar ook een oprecht gebaar van liefde en steun voor de kersverse ouders. Of het nu voor een babyshower is, de komst van een pasgeboren baby, deze geschenkdoos zal zeker gekoesterd en gewaardeerd worden door iedereen die hem ontvangt.<\/p>\n<p>Wat zit er in de doos?<br \/>\n-Houten gehaakte Leeuw rammelaar<br \/>\n-Houten \u201cHello world\u201d bordje<br \/>\n-Houten haarborstel<br \/>\n-Tetradoek 100% katoen<\/p>\n<p><img fetchpriority=\"high\" decoding=\"async\" class=\"alignnone size-medium wp-image-12793\" src=\"https:\/\/littleloua.com\/wp-content\/uploads\/2024\/05\/762581DD-D8F9-4F02-9456-E16DD1B0BE72-2-300x300.jpg\" alt=\"\" width=\"300\" height=\"300\" srcset=\"https:\/\/littleloua.com\/wp-content\/uploads\/2024\/05\/762581DD-D8F9-4F02-9456-E16DD1B0BE72-2-300x300.jpg 300w, https:\/\/littleloua.com\/wp-content\/uploads\/2024\/05\/762581DD-D8F9-4F02-9456-E16DD1B0BE72-2-1024x1024.jpg 1024w, https:\/\/littleloua.com\/wp-content\/uploads\/2024\/05\/762581DD-D8F9-4F02-9456-E16DD1B0BE72-2-150x150.jpg 150w, https:\/\/littleloua.com\/wp-content\/uploads\/2024\/05\/762581DD-D8F9-4F02-9456-E16DD1B0BE72-2-768x768.jpg 768w, https:\/\/littleloua.com\/wp-content\/uploads\/2024\/05\/762581DD-D8F9-4F02-9456-E16DD1B0BE72-2-1536x1536.jpg 1536w, https:\/\/littleloua.com\/wp-content\/uploads\/2024\/05\/762581DD-D8F9-4F02-9456-E16DD1B0BE72-2-2048x2048.jpg 2048w, https:\/\/littleloua.com\/wp-content\/uploads\/2024\/05\/762581DD-D8F9-4F02-9456-E16DD1B0BE72-2-1200x1200.jpg 1200w, https:\/\/littleloua.com\/wp-content\/uploads\/2024\/05\/762581DD-D8F9-4F02-9456-E16DD1B0BE72-2-600x600.jpg 600w\" sizes=\"(max-width: 300px) 100vw, 300px\" \/> <img decoding=\"async\" class=\"alignnone size-medium wp-image-12778\" src=\"https:\/\/littleloua.com\/wp-content\/uploads\/2024\/05\/81D45C18-2A75-44F9-8371-7AAE447CC61F-2-300x300.jpg\" alt=\"\" width=\"300\" height=\"300\" srcset=\"https:\/\/littleloua.com\/wp-content\/uploads\/2024\/05\/81D45C18-2A75-44F9-8371-7AAE447CC61F-2-300x300.jpg 300w, https:\/\/littleloua.com\/wp-content\/uploads\/2024\/05\/81D45C18-2A75-44F9-8371-7AAE447CC61F-2-1024x1024.jpg 1024w, https:\/\/littleloua.com\/wp-content\/uploads\/2024\/05\/81D45C18-2A75-44F9-8371-7AAE447CC61F-2-150x150.jpg 150w, https:\/\/littleloua.com\/wp-content\/uploads\/2024\/05\/81D45C18-2A75-44F9-8371-7AAE447CC61F-2-768x768.jpg 768w, https:\/\/littleloua.com\/wp-content\/uploads\/2024\/05\/81D45C18-2A75-44F9-8371-7AAE447CC61F-2-1536x1536.jpg 1536w, https:\/\/littleloua.com\/wp-content\/uploads\/2024\/05\/81D45C18-2A75-44F9-8371-7AAE447CC61F-2-2048x2048.jpg 2048w, https:\/\/littleloua.com\/wp-content\/uploads\/2024\/05\/81D45C18-2A75-44F9-8371-7AAE447CC61F-2-1200x1200.jpg 1200w, https:\/\/littleloua.com\/wp-content\/uploads\/2024\/05\/81D45C18-2A75-44F9-8371-7AAE447CC61F-2-600x600.jpg 600w\" sizes=\"(max-width: 300px) 100vw, 300px\" \/> <img decoding=\"async\" class=\"alignnone size-medium wp-image-12825\" src=\"https:\/\/littleloua.com\/wp-content\/uploads\/2024\/05\/crochet-gift-box-lion-300x300.jpg\" alt=\"\" width=\"300\" height=\"300\" srcset=\"https:\/\/littleloua.com\/wp-content\/uploads\/2024\/05\/crochet-gift-box-lion-300x300.jpg 300w, https:\/\/littleloua.com\/wp-content\/uploads\/2024\/05\/crochet-gift-box-lion-1024x1024.jpg 1024w, https:\/\/littleloua.com\/wp-content\/uploads\/2024\/05\/crochet-gift-box-lion-150x150.jpg 150w, https:\/\/littleloua.com\/wp-content\/uploads\/2024\/05\/crochet-gift-box-lion-768x768.jpg 768w, https:\/\/littleloua.com\/wp-content\/uploads\/2024\/05\/crochet-gift-box-lion-1536x1536.jpg 1536w, https:\/\/littleloua.com\/wp-content\/uploads\/2024\/05\/crochet-gift-box-lion-2048x2048.jpg 2048w, https:\/\/littleloua.com\/wp-content\/uploads\/2024\/05\/crochet-gift-box-lion-1200x1200.jpg 1200w, https:\/\/littleloua.com\/wp-content\/uploads\/2024\/05\/crochet-gift-box-lion-600x600.jpg 600w\" sizes=\"(max-width: 300px) 100vw, 300px\" \/><\/p>\n<h2>De samenstelling van onze Crochet Leeuw giftbox<\/h2>\n<p class=\"p1\">1.Houten haarborstel: onze babyhaarborstel is speciaal ontworpen voor kleine babyhaartjes . Het is gemaakt van zachte borstelharen en zorgt voor een rustgevende verzorgingservaring, waardoor het haar van uw baby zacht en klitvrij blijft.<br \/>\nAfmetingen 15\u00d74,5 cm<\/p>\n<p class=\"p1\">2.Tetradoek: een zacht, absorberend en oh zo veelzijdig, onze tetradoek is een must-have voor elke ouder. Of het nu gaat om het wegvegen van gemorste vloeistoffen, het bieden van een knus laagje tijdens de voedermomenten, of het inbakeren van een babytje, deze doek is een constante metgezel en biedt comfort en gemak wanneer je die het meest nodig hebt. Afmetingen 51\u00d764,5 cm en 100% katoen<\/p>\n<p class=\"p1\">3.Houten \u201cHello world\u201d bordje: Omarm de vreugde van het verwelkomen van je kleintje in de wereld met ons charmante welkomstbord. Laat met trots de allereerste foto van uw kleintje zien. Afmetingen 10\u00d710 cm<\/p>\n<p class=\"p1\">4.Crochet Leeuw rammelaar: wek vreugde en nieuwsgierigheid bij uw baby op met onze heerlijke rammelaar. Ontworpen om kleine geesten en handen te boeien, stimuleert het zintuiglijke verkenning en moedigt de ontwikkeling van fijne motoriek aan, terwijl het tegelijkertijd zorgt voor eindeloos entertainment en een glimlach. Afmetingen 15 x 8cm<\/p>\n<h2>Over onze handgemaakte creaties<\/h2>\n<p>Elk crochet item dat we maken is een uniek stuk. Hoewel we ernaar streven om de foto\u2019s in onze productbeschrijvingen zo goed mogelijk te benaderen, kun je kleine variaties zien in kleuren of stiksels.<br \/>\nDit is te danken aan het feit dat onze crochet rammelaars \u00e9\u00e9n voor \u00e9\u00e9n worden gemaakt door mensen, niet door machines.<\/p>\n<h2>Perfecte babygeschenk<\/h2>\n<p>Ben je nog opzoek naar een leuk geschenkje voor de baby en de kersverse ouders? Dan is onze giftbox het perfecte geschenk.<\/p>\n","protected":false},"excerpt":{"rendered":"<p>Onze Baby Gift Box is met heel veel liefde en zorg samengesteld. Het is niet alleen een verzameling van items, maar ook een heel bruikbare set voor de kersverse ouders. Of het nu voor een babyshower is, de komst van een pasgeboren baby, deze geschenkdoos zal zeker gekoesterd en gewaardeerd worden door iedereen die hem ontvangt.<\/p>\n<p>Wat zit er in de doos?<br \/>\n-Houten gehaakte Hert rammelaar<br \/>\n-Houten \u201cHello world\u201d bordje<br \/>\n-Houten haarborstel<br \/>\n-Tetradoek 100% katoen<\/p>\n","protected":false},"featured_media":12825,"template":"","meta":{"_acf_changed":false},"product_brand":[],"product_cat":[223],"product_tag":[102,106,99],"class_list":{"0":"post-12950","1":"product","2":"type-product","3":"status-publish","4":"has-post-thumbnail","6":"product_cat-giftbox-crochet-nl","7":"product_tag-channable-nl","8":"product_tag-ds-nl","9":"product_tag-engels-nl","11":"first","12":"instock","13":"shipping-taxable","14":"purchasable","15":"product-type-simple"},"acf":[],"yoast_head":"<!-- This site is optimized with the Yoast SEO plugin v27.4 - https:\/\/yoast.com\/product\/yoast-seo-wordpress\/ -->\n<title>Crochet Leeuw giftbox | Little Loua<\/title>\n<meta name=\"description\" content=\"Ben je nog opzoek naar een leuk babygeschenkje? Dan is onze giftbox met crochet rammelaar het perfecte cadeau. Bestel ze nu op onze website!\" \/>\n<meta name=\"robots\" content=\"index, follow, max-snippet:-1, max-image-preview:large, max-video-preview:-1\" \/>\n<link rel=\"canonical\" href=\"https:\/\/littleloua.com\/nl\/product\/crochet-leeuw-giftbox\/\" \/>\n<meta property=\"og:locale\" content=\"nl_NL\" \/>\n<meta property=\"og:type\" content=\"article\" \/>\n<meta property=\"og:title\" content=\"Crochet Leeuw giftbox | Little Loua\" \/>\n<meta property=\"og:description\" content=\"Ben je nog opzoek naar een leuk babygeschenkje? Dan is onze giftbox met crochet rammelaar het perfecte cadeau. Bestel ze nu op onze website!\" \/>\n<meta property=\"og:url\" content=\"https:\/\/littleloua.com\/nl\/product\/crochet-leeuw-giftbox\/\" \/>\n<meta property=\"og:site_name\" content=\"Little Loua\" \/>\n<meta property=\"article:publisher\" content=\"https:\/\/www.facebook.com\/littleloua\" \/>\n<meta property=\"article:modified_time\" content=\"2024-05-09T10:47:51+00:00\" \/>\n<meta property=\"og:image\" content=\"https:\/\/littleloua.com\/wp-content\/uploads\/2024\/05\/crochet-gift-box-lion-scaled.jpg\" \/>\n\t<meta property=\"og:image:width\" content=\"2560\" \/>\n\t<meta property=\"og:image:height\" content=\"2560\" \/>\n\t<meta property=\"og:image:type\" content=\"image\/jpeg\" \/>\n<meta name=\"twitter:card\" content=\"summary_large_image\" \/>\n<meta name=\"twitter:label1\" content=\"Geschatte leestijd\" \/>\n\t<meta name=\"twitter:data1\" content=\"3 minuten\" \/>\n<script type=\"application\/ld+json\" class=\"yoast-schema-graph\">{\"@context\":\"https:\\\/\\\/schema.org\",\"@graph\":[{\"@type\":\"WebPage\",\"@id\":\"https:\\\/\\\/littleloua.com\\\/nl\\\/product\\\/crochet-leeuw-giftbox\\\/\",\"url\":\"https:\\\/\\\/littleloua.com\\\/nl\\\/product\\\/crochet-leeuw-giftbox\\\/\",\"name\":\"Crochet Leeuw giftbox | Little Loua\",\"isPartOf\":{\"@id\":\"https:\\\/\\\/littleloua.com\\\/nl\\\/#website\"},\"primaryImageOfPage\":{\"@id\":\"https:\\\/\\\/littleloua.com\\\/nl\\\/product\\\/crochet-leeuw-giftbox\\\/#primaryimage\"},\"image\":{\"@id\":\"https:\\\/\\\/littleloua.com\\\/nl\\\/product\\\/crochet-leeuw-giftbox\\\/#primaryimage\"},\"thumbnailUrl\":\"https:\\\/\\\/littleloua.com\\\/wp-content\\\/uploads\\\/2024\\\/05\\\/crochet-gift-box-lion-scaled.jpg\",\"datePublished\":\"2024-05-08T13:20:11+00:00\",\"dateModified\":\"2024-05-09T10:47:51+00:00\",\"description\":\"Ben je nog opzoek naar een leuk babygeschenkje? Dan is onze giftbox met crochet rammelaar het perfecte cadeau. Bestel ze nu op onze website!\",\"breadcrumb\":{\"@id\":\"https:\\\/\\\/littleloua.com\\\/nl\\\/product\\\/crochet-leeuw-giftbox\\\/#breadcrumb\"},\"inLanguage\":\"nl-NL\",\"potentialAction\":[{\"@type\":\"ReadAction\",\"target\":[\"https:\\\/\\\/littleloua.com\\\/nl\\\/product\\\/crochet-leeuw-giftbox\\\/\"]}]},{\"@type\":\"ImageObject\",\"inLanguage\":\"nl-NL\",\"@id\":\"https:\\\/\\\/littleloua.com\\\/nl\\\/product\\\/crochet-leeuw-giftbox\\\/#primaryimage\",\"url\":\"https:\\\/\\\/littleloua.com\\\/wp-content\\\/uploads\\\/2024\\\/05\\\/crochet-gift-box-lion-scaled.jpg\",\"contentUrl\":\"https:\\\/\\\/littleloua.com\\\/wp-content\\\/uploads\\\/2024\\\/05\\\/crochet-gift-box-lion-scaled.jpg\",\"width\":2560,\"height\":2560},{\"@type\":\"BreadcrumbList\",\"@id\":\"https:\\\/\\\/littleloua.com\\\/nl\\\/product\\\/crochet-leeuw-giftbox\\\/#breadcrumb\",\"itemListElement\":[{\"@type\":\"ListItem\",\"position\":1,\"name\":\"Home\",\"item\":\"https:\\\/\\\/littleloua.com\\\/nl\\\/\"},{\"@type\":\"ListItem\",\"position\":2,\"name\":\"Shop\",\"item\":\"https:\\\/\\\/littleloua.com\\\/nl\\\/shop\\\/\"},{\"@type\":\"ListItem\",\"position\":3,\"name\":\"Crochet Leeuw Giftbox\"}]},{\"@type\":\"WebSite\",\"@id\":\"https:\\\/\\\/littleloua.com\\\/nl\\\/#website\",\"url\":\"https:\\\/\\\/littleloua.com\\\/nl\\\/\",\"name\":\"Little Loua\",\"description\":\"Handmade Baby mobiles created with love\",\"publisher\":{\"@id\":\"https:\\\/\\\/littleloua.com\\\/nl\\\/#organization\"},\"potentialAction\":[{\"@type\":\"SearchAction\",\"target\":{\"@type\":\"EntryPoint\",\"urlTemplate\":\"https:\\\/\\\/littleloua.com\\\/nl\\\/?s={search_term_string}\"},\"query-input\":{\"@type\":\"PropertyValueSpecification\",\"valueRequired\":true,\"valueName\":\"search_term_string\"}}],\"inLanguage\":\"nl-NL\"},{\"@type\":\"Organization\",\"@id\":\"https:\\\/\\\/littleloua.com\\\/nl\\\/#organization\",\"name\":\"Little Loua\",\"url\":\"https:\\\/\\\/littleloua.com\\\/nl\\\/\",\"logo\":{\"@type\":\"ImageObject\",\"inLanguage\":\"nl-NL\",\"@id\":\"https:\\\/\\\/littleloua.com\\\/nl\\\/#\\\/schema\\\/logo\\\/image\\\/\",\"url\":\"https:\\\/\\\/littleloua.com\\\/wp-content\\\/uploads\\\/2023\\\/06\\\/logo-little-loua-handmade-baby-mobiles.png\",\"contentUrl\":\"https:\\\/\\\/littleloua.com\\\/wp-content\\\/uploads\\\/2023\\\/06\\\/logo-little-loua-handmade-baby-mobiles.png\",\"width\":316,\"height\":285,\"caption\":\"Little Loua\"},\"image\":{\"@id\":\"https:\\\/\\\/littleloua.com\\\/nl\\\/#\\\/schema\\\/logo\\\/image\\\/\"},\"sameAs\":[\"https:\\\/\\\/www.facebook.com\\\/littleloua\",\"https:\\\/\\\/www.instagram.com\\\/little.loua\\\/\"]}]}<\/script>\n<!-- \/ Yoast SEO plugin. -->","yoast_head_json":{"title":"Crochet Leeuw giftbox | Little Loua","description":"Ben je nog opzoek naar een leuk babygeschenkje? Dan is onze giftbox met crochet rammelaar het perfecte cadeau. Bestel ze nu op onze website!","robots":{"index":"index","follow":"follow","max-snippet":"max-snippet:-1","max-image-preview":"max-image-preview:large","max-video-preview":"max-video-preview:-1"},"canonical":"https:\/\/littleloua.com\/nl\/product\/crochet-leeuw-giftbox\/","og_locale":"nl_NL","og_type":"article","og_title":"Crochet Leeuw giftbox | Little Loua","og_description":"Ben je nog opzoek naar een leuk babygeschenkje? Dan is onze giftbox met crochet rammelaar het perfecte cadeau. Bestel ze nu op onze website!","og_url":"https:\/\/littleloua.com\/nl\/product\/crochet-leeuw-giftbox\/","og_site_name":"Little Loua","article_publisher":"https:\/\/www.facebook.com\/littleloua","article_modified_time":"2024-05-09T10:47:51+00:00","og_image":[{"width":2560,"height":2560,"url":"https:\/\/littleloua.com\/wp-content\/uploads\/2024\/05\/crochet-gift-box-lion-scaled.jpg","type":"image\/jpeg"}],"twitter_card":"summary_large_image","twitter_misc":{"Geschatte leestijd":"3 minuten"},"schema":{"@context":"https:\/\/schema.org","@graph":[{"@type":"WebPage","@id":"https:\/\/littleloua.com\/nl\/product\/crochet-leeuw-giftbox\/","url":"https:\/\/littleloua.com\/nl\/product\/crochet-leeuw-giftbox\/","name":"Crochet Leeuw giftbox | Little Loua","isPartOf":{"@id":"https:\/\/littleloua.com\/nl\/#website"},"primaryImageOfPage":{"@id":"https:\/\/littleloua.com\/nl\/product\/crochet-leeuw-giftbox\/#primaryimage"},"image":{"@id":"https:\/\/littleloua.com\/nl\/product\/crochet-leeuw-giftbox\/#primaryimage"},"thumbnailUrl":"https:\/\/littleloua.com\/wp-content\/uploads\/2024\/05\/crochet-gift-box-lion-scaled.jpg","datePublished":"2024-05-08T13:20:11+00:00","dateModified":"2024-05-09T10:47:51+00:00","description":"Ben je nog opzoek naar een leuk babygeschenkje? Dan is onze giftbox met crochet rammelaar het perfecte cadeau. Bestel ze nu op onze website!","breadcrumb":{"@id":"https:\/\/littleloua.com\/nl\/product\/crochet-leeuw-giftbox\/#breadcrumb"},"inLanguage":"nl-NL","potentialAction":[{"@type":"ReadAction","target":["https:\/\/littleloua.com\/nl\/product\/crochet-leeuw-giftbox\/"]}]},{"@type":"ImageObject","inLanguage":"nl-NL","@id":"https:\/\/littleloua.com\/nl\/product\/crochet-leeuw-giftbox\/#primaryimage","url":"https:\/\/littleloua.com\/wp-content\/uploads\/2024\/05\/crochet-gift-box-lion-scaled.jpg","contentUrl":"https:\/\/littleloua.com\/wp-content\/uploads\/2024\/05\/crochet-gift-box-lion-scaled.jpg","width":2560,"height":2560},{"@type":"BreadcrumbList","@id":"https:\/\/littleloua.com\/nl\/product\/crochet-leeuw-giftbox\/#breadcrumb","itemListElement":[{"@type":"ListItem","position":1,"name":"Home","item":"https:\/\/littleloua.com\/nl\/"},{"@type":"ListItem","position":2,"name":"Shop","item":"https:\/\/littleloua.com\/nl\/shop\/"},{"@type":"ListItem","position":3,"name":"Crochet Leeuw Giftbox"}]},{"@type":"WebSite","@id":"https:\/\/littleloua.com\/nl\/#website","url":"https:\/\/littleloua.com\/nl\/","name":"Little Loua","description":"Handmade Baby mobiles created with love","publisher":{"@id":"https:\/\/littleloua.com\/nl\/#organization"},"potentialAction":[{"@type":"SearchAction","target":{"@type":"EntryPoint","urlTemplate":"https:\/\/littleloua.com\/nl\/?s={search_term_string}"},"query-input":{"@type":"PropertyValueSpecification","valueRequired":true,"valueName":"search_term_string"}}],"inLanguage":"nl-NL"},{"@type":"Organization","@id":"https:\/\/littleloua.com\/nl\/#organization","name":"Little Loua","url":"https:\/\/littleloua.com\/nl\/","logo":{"@type":"ImageObject","inLanguage":"nl-NL","@id":"https:\/\/littleloua.com\/nl\/#\/schema\/logo\/image\/","url":"https:\/\/littleloua.com\/wp-content\/uploads\/2023\/06\/logo-little-loua-handmade-baby-mobiles.png","contentUrl":"https:\/\/littleloua.com\/wp-content\/uploads\/2023\/06\/logo-little-loua-handmade-baby-mobiles.png","width":316,"height":285,"caption":"Little Loua"},"image":{"@id":"https:\/\/littleloua.com\/nl\/#\/schema\/logo\/image\/"},"sameAs":["https:\/\/www.facebook.com\/littleloua","https:\/\/www.instagram.com\/little.loua\/"]}]}},"_links":{"self":[{"href":"https:\/\/littleloua.com\/nl\/wp-json\/wp\/v2\/product\/12950","targetHints":{"allow":["GET"]}}],"collection":[{"href":"https:\/\/littleloua.com\/nl\/wp-json\/wp\/v2\/product"}],"about":[{"href":"https:\/\/littleloua.com\/nl\/wp-json\/wp\/v2\/types\/product"}],"version-history":[{"count":0,"href":"https:\/\/littleloua.com\/nl\/wp-json\/wp\/v2\/product\/12950\/revisions"}],"wp:featuredmedia":[{"embeddable":true,"href":"https:\/\/littleloua.com\/nl\/wp-json\/wp\/v2\/media\/12825"}],"wp:attachment":[{"href":"https:\/\/littleloua.com\/nl\/wp-json\/wp\/v2\/media?parent=12950"}],"wp:term":[{"taxonomy":"product_brand","embeddable":true,"href":"https:\/\/littleloua.com\/nl\/wp-json\/wp\/v2\/product_brand?post=12950"},{"taxonomy":"product_cat","embeddable":true,"href":"https:\/\/littleloua.com\/nl\/wp-json\/wp\/v2\/product_cat?post=12950"},{"taxonomy":"product_tag","embeddable":true,"href":"https:\/\/littleloua.com\/nl\/wp-json\/wp\/v2\/product_tag?post=12950"}],"curies":[{"name":"wp","href":"https:\/\/api.w.org\/{rel}","templated":true}]}}