{"id":12558,"date":"2024-05-06T15:34:47","date_gmt":"2024-05-06T13:34:47","guid":{"rendered":"https:\/\/littleloua.com\/?post_type=product&#038;p=12558"},"modified":"2025-10-21T12:06:07","modified_gmt":"2025-10-21T10:06:07","slug":"handgemaakte-fluffy-wolken-muziekmobiel-copy","status":"publish","type":"product","link":"https:\/\/littleloua.com\/nl\/product\/handgemaakte-fluffy-wolken-muziekmobiel-copy\/","title":{"rendered":"Handgemaakte fluffy wolken muziekmobiel"},"content":{"rendered":"<h2>Handgemaakte houten fluffy wolken mobiel voor baby<\/h2>\n<p>Cre\u00eber een dromerige en rustgevende sfeer voor je kleintje met onze prachtige baby mobiel. Deze fluffy clouds mobiel is voorzien van zachte, fluffy boucl\u00e9 wolken, een maan en kleine sterretjes allemaal in zachte en neutrale kleuren. Alle figuurtjes hangen stevig aan een houten ring met duurzame touwen.<br \/>\nPerfect voor de eerste maanden wanneer je baby veel tijd doorbrengt in het bedje of de box.<\/p>\n<p>Opgelet: In deze prijs is enkel de babymobiel inbegrepen. Wil je graag het totale pakket met muziekdoos en arm?\u00a0 Dan kan je bij complete set de muziekdoos en arm naar keuze toevoegen met een mooie korting.<\/p>\n<p><img fetchpriority=\"high\" decoding=\"async\" class=\"alignnone size-medium wp-image-12577\" src=\"https:\/\/littleloua.com\/wp-content\/uploads\/2024\/05\/B38D8E3A-BD8A-4FD2-8392-6DB8840A4316-200x300.jpg\" alt=\"\" width=\"200\" height=\"300\" srcset=\"https:\/\/littleloua.com\/wp-content\/uploads\/2024\/05\/B38D8E3A-BD8A-4FD2-8392-6DB8840A4316-200x300.jpg 200w, https:\/\/littleloua.com\/wp-content\/uploads\/2024\/05\/B38D8E3A-BD8A-4FD2-8392-6DB8840A4316-683x1024.jpg 683w, https:\/\/littleloua.com\/wp-content\/uploads\/2024\/05\/B38D8E3A-BD8A-4FD2-8392-6DB8840A4316-768x1152.jpg 768w, https:\/\/littleloua.com\/wp-content\/uploads\/2024\/05\/B38D8E3A-BD8A-4FD2-8392-6DB8840A4316-1024x1536.jpg 1024w, https:\/\/littleloua.com\/wp-content\/uploads\/2024\/05\/B38D8E3A-BD8A-4FD2-8392-6DB8840A4316-1366x2048.jpg 1366w, https:\/\/littleloua.com\/wp-content\/uploads\/2024\/05\/B38D8E3A-BD8A-4FD2-8392-6DB8840A4316-1200x1799.jpg 1200w, https:\/\/littleloua.com\/wp-content\/uploads\/2024\/05\/B38D8E3A-BD8A-4FD2-8392-6DB8840A4316-600x900.jpg 600w, https:\/\/littleloua.com\/wp-content\/uploads\/2024\/05\/B38D8E3A-BD8A-4FD2-8392-6DB8840A4316-150x225.jpg 150w, https:\/\/littleloua.com\/wp-content\/uploads\/2024\/05\/B38D8E3A-BD8A-4FD2-8392-6DB8840A4316-scaled.jpg 1707w\" sizes=\"(max-width: 200px) 100vw, 200px\" \/> <img decoding=\"async\" class=\"alignnone size-medium wp-image-12572\" src=\"https:\/\/littleloua.com\/wp-content\/uploads\/2024\/05\/8899A40A-D416-45E4-BDD7-557C0B84E8D8-200x300.jpg\" alt=\"\" width=\"200\" height=\"300\" srcset=\"https:\/\/littleloua.com\/wp-content\/uploads\/2024\/05\/8899A40A-D416-45E4-BDD7-557C0B84E8D8-200x300.jpg 200w, https:\/\/littleloua.com\/wp-content\/uploads\/2024\/05\/8899A40A-D416-45E4-BDD7-557C0B84E8D8-683x1024.jpg 683w, https:\/\/littleloua.com\/wp-content\/uploads\/2024\/05\/8899A40A-D416-45E4-BDD7-557C0B84E8D8-768x1152.jpg 768w, https:\/\/littleloua.com\/wp-content\/uploads\/2024\/05\/8899A40A-D416-45E4-BDD7-557C0B84E8D8-1024x1536.jpg 1024w, https:\/\/littleloua.com\/wp-content\/uploads\/2024\/05\/8899A40A-D416-45E4-BDD7-557C0B84E8D8-1366x2048.jpg 1366w, https:\/\/littleloua.com\/wp-content\/uploads\/2024\/05\/8899A40A-D416-45E4-BDD7-557C0B84E8D8-1200x1799.jpg 1200w, https:\/\/littleloua.com\/wp-content\/uploads\/2024\/05\/8899A40A-D416-45E4-BDD7-557C0B84E8D8-600x900.jpg 600w, https:\/\/littleloua.com\/wp-content\/uploads\/2024\/05\/8899A40A-D416-45E4-BDD7-557C0B84E8D8-150x225.jpg 150w, https:\/\/littleloua.com\/wp-content\/uploads\/2024\/05\/8899A40A-D416-45E4-BDD7-557C0B84E8D8-scaled.jpg 1707w\" sizes=\"(max-width: 200px) 100vw, 200px\" \/> <img decoding=\"async\" class=\"alignnone size-medium wp-image-12567\" src=\"https:\/\/littleloua.com\/wp-content\/uploads\/2024\/05\/9B6C6B9D-DC24-44AC-8A5E-C54020801B68-200x300.jpg\" alt=\"\" width=\"200\" height=\"300\" srcset=\"https:\/\/littleloua.com\/wp-content\/uploads\/2024\/05\/9B6C6B9D-DC24-44AC-8A5E-C54020801B68-200x300.jpg 200w, https:\/\/littleloua.com\/wp-content\/uploads\/2024\/05\/9B6C6B9D-DC24-44AC-8A5E-C54020801B68-683x1024.jpg 683w, https:\/\/littleloua.com\/wp-content\/uploads\/2024\/05\/9B6C6B9D-DC24-44AC-8A5E-C54020801B68-768x1152.jpg 768w, https:\/\/littleloua.com\/wp-content\/uploads\/2024\/05\/9B6C6B9D-DC24-44AC-8A5E-C54020801B68-1024x1536.jpg 1024w, https:\/\/littleloua.com\/wp-content\/uploads\/2024\/05\/9B6C6B9D-DC24-44AC-8A5E-C54020801B68-1366x2048.jpg 1366w, https:\/\/littleloua.com\/wp-content\/uploads\/2024\/05\/9B6C6B9D-DC24-44AC-8A5E-C54020801B68-1200x1799.jpg 1200w, https:\/\/littleloua.com\/wp-content\/uploads\/2024\/05\/9B6C6B9D-DC24-44AC-8A5E-C54020801B68-600x900.jpg 600w, https:\/\/littleloua.com\/wp-content\/uploads\/2024\/05\/9B6C6B9D-DC24-44AC-8A5E-C54020801B68-150x225.jpg 150w, https:\/\/littleloua.com\/wp-content\/uploads\/2024\/05\/9B6C6B9D-DC24-44AC-8A5E-C54020801B68-scaled.jpg 1707w\" sizes=\"(max-width: 200px) 100vw, 200px\" \/> <img loading=\"lazy\" decoding=\"async\" class=\"alignnone size-medium wp-image-12562\" src=\"https:\/\/littleloua.com\/wp-content\/uploads\/2024\/05\/C5D0F508-4E40-42AD-8CF1-C4ACEE3F7C4C-200x300.jpg\" alt=\"\" width=\"200\" height=\"300\" srcset=\"https:\/\/littleloua.com\/wp-content\/uploads\/2024\/05\/C5D0F508-4E40-42AD-8CF1-C4ACEE3F7C4C-200x300.jpg 200w, https:\/\/littleloua.com\/wp-content\/uploads\/2024\/05\/C5D0F508-4E40-42AD-8CF1-C4ACEE3F7C4C-683x1024.jpg 683w, https:\/\/littleloua.com\/wp-content\/uploads\/2024\/05\/C5D0F508-4E40-42AD-8CF1-C4ACEE3F7C4C-768x1152.jpg 768w, https:\/\/littleloua.com\/wp-content\/uploads\/2024\/05\/C5D0F508-4E40-42AD-8CF1-C4ACEE3F7C4C-1024x1536.jpg 1024w, https:\/\/littleloua.com\/wp-content\/uploads\/2024\/05\/C5D0F508-4E40-42AD-8CF1-C4ACEE3F7C4C-1366x2048.jpg 1366w, https:\/\/littleloua.com\/wp-content\/uploads\/2024\/05\/C5D0F508-4E40-42AD-8CF1-C4ACEE3F7C4C-1200x1799.jpg 1200w, https:\/\/littleloua.com\/wp-content\/uploads\/2024\/05\/C5D0F508-4E40-42AD-8CF1-C4ACEE3F7C4C-600x900.jpg 600w, https:\/\/littleloua.com\/wp-content\/uploads\/2024\/05\/C5D0F508-4E40-42AD-8CF1-C4ACEE3F7C4C-150x225.jpg 150w, https:\/\/littleloua.com\/wp-content\/uploads\/2024\/05\/C5D0F508-4E40-42AD-8CF1-C4ACEE3F7C4C-scaled.jpg 1707w\" sizes=\"(max-width: 200px) 100vw, 200px\" \/><\/p>\n<h2><strong>Een ecologische, handgemaakte houten mobiel<\/strong><\/h2>\n<p>Onze fluffy clouds mobiel is meer dan alleen een decoratie. Dankzij het vakmanschap van hoge kwaliteit en duurzame materialen is het de perfecte aanvulling op de kinderkamer van je baby:<\/p>\n<ol>\n<li><strong>Harmonieuze afmetingen:<\/strong> Met een royale diameter van 24 cm en een hoogte van 50 cm is deze mobiel zorgvuldig vervaardigd om de aandacht van je kleintje te trekken.<\/li>\n<li><strong>Eersteklas milieuvriendelijke materialen<\/strong>: We geven prioriteit aan duurzaamheid door het gebruik van eersteklas materialen zoals vilt, boucl\u00e9 stof, katoendraad en hout, gecombineerd met hypoallergene vulling. De veiligheid en het comfort van je baby zijn onze grootste zorg.<\/li>\n<li><strong>Elegant ontwerp: <\/strong>Het elegante ontwerp van de mobiel voegt een vleugje verfijning toe aan de kamer van je baby, waardoor het een stijlvolle keuze is voor moderne ouders.<\/li>\n<li><strong>Unieke handgemaakte elementen<\/strong>: Elke mobiel is uniek, met handgenaaide elementen die het vakmanschap en de zorg voor de creatie laten zien.<\/li>\n<\/ol>\n<h2><strong>Over onze handgemaakte creaties<\/strong><\/h2>\n<p>Elk item dat we maken is uniek en handgemaakt . Hoewel we ernaar streven om de foto&#8217;s in onze productbeschrijvingen zo goed mogelijk te benaderen, kun je kleine variaties zien in kleuren of stiksels tussen onze creaties. Dit is te danken aan het feit dat elk artikel \u00e9\u00e9n voor \u00e9\u00e9n wordt gemaakt door mensen, niet door machines.<\/p>\n<p>Om ervoor te zorgen dat de fluffy clouds mobiel zijn uiterlijk behoudt, raden we aan om hem niet te wassen. De mobiel is grondig gereinigd voor verzending, zodat hij in perfecte staat blijft. Wat je wel kan doen is deze met een vochtige stofdoek even overgaan.<\/p>\n<p>Als je vragen hebt of hulp nodig hebt, aarzel dan niet om contact met ons op te nemen. We staan klaar om te helpen!<\/p>\n<h2><strong>Veiligheidsadvies over onze Fluffy clouds babymobiel<\/strong><\/h2>\n<p>Onze babymobielen zijn ontworpen voor decoratieve doelstellingen en zijn niet bedoeld als speelgoed. Het is belangrijk om de fluffy clouds mobiel te allen tijde buiten het bereik van je kind te houden. Hang het stevig over het wiegje en hang deze hoog genoeg, zodanig de baby het mobieltje niet kan aanraken. Verwijder de mobiel of hang hem nog hoger zodra je baby kan zitten, kruipen of staan.<\/p>\n<p>Wanneer je de mobiel hangt, moet je ervoor zorgen dat je kind recht vooruit kijkt. Plaats de mobiel daarom in het midden van het ledikant voor optimaal comfort. Wanneer de mobiel recht boven het hoofdje hangt is het moeilijk om iets van de figuurtjes te zien.<\/p>\n<h2>Het perfecte cadeautje<\/h2>\n<p>Deze baby mobiel is het ideale geboortegeschenk. Maak het extra speciaal door de mobiel te personaliseren met de naam van het baby&#8217;tje.<\/p>\n<p>Daarnaast bieden wij gratis verzending vanaf 100,00 EUR aankoop.<\/p>\n","protected":false},"excerpt":{"rendered":"<p>PRE-ORDER verwachtte levertijd 15\/7\/24<\/p>\n<p>Cre\u00eber een dromerige en rustgevende sfeer voor je kleintje met onze prachtige baby mobiel. Deze fluffy clouds mobiel is voorzien van zachte, fluffy boucl\u00e9 wolken, een maan en kleine sterretjes allemaal in zachte en neutrale kleuren. Alle figuurtjes hangen stevig aan een houten ring met duurzame touwen.<br \/>\nPerfect voor de eerste maanden wanneer je baby veel tijd doorbrengt in het bedje of de box.<\/p>\n<p>Opgelet: In deze prijs is enkel de babymobiel inbegrepen. Wil je graag het totale pakket met muziekdoos en arm?\u00a0 Dan kan je bij complete set de muziekdoos en arm naar keuze toevoegen met een mooie korting.<\/p>\n","protected":false},"featured_media":19492,"template":"","meta":{"_acf_changed":false},"product_brand":[],"product_cat":[40],"product_tag":[102,106,99],"class_list":{"0":"post-12558","1":"product","2":"type-product","3":"status-publish","4":"has-post-thumbnail","6":"product_cat-handgemaakte-muziekmobielen","7":"product_tag-channable-nl","8":"product_tag-ds-nl","9":"product_tag-engels-nl","11":"first","12":"instock","13":"shipping-taxable","14":"purchasable","15":"product-type-simple"},"acf":[],"yoast_head":"<!-- This site is optimized with the Yoast SEO plugin v26.2 - https:\/\/yoast.com\/wordpress\/plugins\/seo\/ -->\n<title>Handgemaakte fluffy wolken Muziekmobiel | Little Loua<\/title>\n<meta name=\"description\" content=\"Laat je baby wegdromen met onze handgemaakte fluffy wolken muziekmobiel.\" \/>\n<meta name=\"robots\" content=\"index, follow, max-snippet:-1, max-image-preview:large, max-video-preview:-1\" \/>\n<link rel=\"canonical\" href=\"https:\/\/littleloua.com\/nl\/product\/handgemaakte-fluffy-wolken-muziekmobiel-copy\/\" \/>\n<meta property=\"og:locale\" content=\"nl_NL\" \/>\n<meta property=\"og:type\" content=\"article\" \/>\n<meta property=\"og:title\" content=\"Handgemaakte fluffy wolken Muziekmobiel | Little Loua\" \/>\n<meta property=\"og:description\" content=\"Laat je baby wegdromen met onze handgemaakte fluffy wolken muziekmobiel.\" \/>\n<meta property=\"og:url\" content=\"https:\/\/littleloua.com\/nl\/product\/handgemaakte-fluffy-wolken-muziekmobiel-copy\/\" \/>\n<meta property=\"og:site_name\" content=\"Little Loua\" \/>\n<meta property=\"article:publisher\" content=\"https:\/\/www.facebook.com\/littleloua\" \/>\n<meta property=\"article:modified_time\" content=\"2025-10-21T10:06:07+00:00\" \/>\n<meta property=\"og:image\" content=\"https:\/\/littleloua.com\/wp-content\/uploads\/2024\/05\/14CCBC74-198D-4AE8-8E67-7AB428D2D8CE-scaled.jpg\" \/>\n\t<meta property=\"og:image:width\" content=\"1920\" \/>\n\t<meta property=\"og:image:height\" content=\"2560\" \/>\n\t<meta property=\"og:image:type\" content=\"image\/jpeg\" \/>\n<meta name=\"twitter:card\" content=\"summary_large_image\" \/>\n<meta name=\"twitter:label1\" content=\"Geschatte leestijd\" \/>\n\t<meta name=\"twitter:data1\" content=\"4 minuten\" \/>\n<script type=\"application\/ld+json\" class=\"yoast-schema-graph\">{\"@context\":\"https:\/\/schema.org\",\"@graph\":[{\"@type\":\"WebPage\",\"@id\":\"https:\/\/littleloua.com\/nl\/product\/handgemaakte-fluffy-wolken-muziekmobiel-copy\/\",\"url\":\"https:\/\/littleloua.com\/nl\/product\/handgemaakte-fluffy-wolken-muziekmobiel-copy\/\",\"name\":\"Handgemaakte fluffy wolken Muziekmobiel | Little Loua\",\"isPartOf\":{\"@id\":\"https:\/\/littleloua.com\/nl\/#website\"},\"primaryImageOfPage\":{\"@id\":\"https:\/\/littleloua.com\/nl\/product\/handgemaakte-fluffy-wolken-muziekmobiel-copy\/#primaryimage\"},\"image\":{\"@id\":\"https:\/\/littleloua.com\/nl\/product\/handgemaakte-fluffy-wolken-muziekmobiel-copy\/#primaryimage\"},\"thumbnailUrl\":\"https:\/\/littleloua.com\/wp-content\/uploads\/2024\/05\/14CCBC74-198D-4AE8-8E67-7AB428D2D8CE-scaled.jpg\",\"datePublished\":\"2024-05-06T13:34:47+00:00\",\"dateModified\":\"2025-10-21T10:06:07+00:00\",\"description\":\"Laat je baby wegdromen met onze handgemaakte fluffy wolken muziekmobiel.\",\"breadcrumb\":{\"@id\":\"https:\/\/littleloua.com\/nl\/product\/handgemaakte-fluffy-wolken-muziekmobiel-copy\/#breadcrumb\"},\"inLanguage\":\"nl-NL\",\"potentialAction\":[{\"@type\":\"ReadAction\",\"target\":[\"https:\/\/littleloua.com\/nl\/product\/handgemaakte-fluffy-wolken-muziekmobiel-copy\/\"]}]},{\"@type\":\"ImageObject\",\"inLanguage\":\"nl-NL\",\"@id\":\"https:\/\/littleloua.com\/nl\/product\/handgemaakte-fluffy-wolken-muziekmobiel-copy\/#primaryimage\",\"url\":\"https:\/\/littleloua.com\/wp-content\/uploads\/2024\/05\/14CCBC74-198D-4AE8-8E67-7AB428D2D8CE-scaled.jpg\",\"contentUrl\":\"https:\/\/littleloua.com\/wp-content\/uploads\/2024\/05\/14CCBC74-198D-4AE8-8E67-7AB428D2D8CE-scaled.jpg\",\"width\":1920,\"height\":2560},{\"@type\":\"BreadcrumbList\",\"@id\":\"https:\/\/littleloua.com\/nl\/product\/handgemaakte-fluffy-wolken-muziekmobiel-copy\/#breadcrumb\",\"itemListElement\":[{\"@type\":\"ListItem\",\"position\":1,\"name\":\"Home\",\"item\":\"https:\/\/littleloua.com\/nl\/home-kids\/\"},{\"@type\":\"ListItem\",\"position\":2,\"name\":\"Shop\",\"item\":\"https:\/\/littleloua.com\/nl\/shop\/\"},{\"@type\":\"ListItem\",\"position\":3,\"name\":\"Handgemaakte fluffy wolken muziekmobiel\"}]},{\"@type\":\"WebSite\",\"@id\":\"https:\/\/littleloua.com\/nl\/#website\",\"url\":\"https:\/\/littleloua.com\/nl\/\",\"name\":\"Little Loua\",\"description\":\"Handmade Baby mobiles created with love\",\"publisher\":{\"@id\":\"https:\/\/littleloua.com\/nl\/#organization\"},\"potentialAction\":[{\"@type\":\"SearchAction\",\"target\":{\"@type\":\"EntryPoint\",\"urlTemplate\":\"https:\/\/littleloua.com\/nl\/?s={search_term_string}\"},\"query-input\":{\"@type\":\"PropertyValueSpecification\",\"valueRequired\":true,\"valueName\":\"search_term_string\"}}],\"inLanguage\":\"nl-NL\"},{\"@type\":\"Organization\",\"@id\":\"https:\/\/littleloua.com\/nl\/#organization\",\"name\":\"Little Loua\",\"url\":\"https:\/\/littleloua.com\/nl\/\",\"logo\":{\"@type\":\"ImageObject\",\"inLanguage\":\"nl-NL\",\"@id\":\"https:\/\/littleloua.com\/nl\/#\/schema\/logo\/image\/\",\"url\":\"https:\/\/littleloua.com\/wp-content\/uploads\/2023\/06\/logo-little-loua-handmade-baby-mobiles.png\",\"contentUrl\":\"https:\/\/littleloua.com\/wp-content\/uploads\/2023\/06\/logo-little-loua-handmade-baby-mobiles.png\",\"width\":316,\"height\":285,\"caption\":\"Little Loua\"},\"image\":{\"@id\":\"https:\/\/littleloua.com\/nl\/#\/schema\/logo\/image\/\"},\"sameAs\":[\"https:\/\/www.facebook.com\/littleloua\",\"https:\/\/www.instagram.com\/little.loua\/\"]}]}<\/script>\n<!-- \/ Yoast SEO plugin. -->","yoast_head_json":{"title":"Handgemaakte fluffy wolken Muziekmobiel | Little Loua","description":"Laat je baby wegdromen met onze handgemaakte fluffy wolken muziekmobiel.","robots":{"index":"index","follow":"follow","max-snippet":"max-snippet:-1","max-image-preview":"max-image-preview:large","max-video-preview":"max-video-preview:-1"},"canonical":"https:\/\/littleloua.com\/nl\/product\/handgemaakte-fluffy-wolken-muziekmobiel-copy\/","og_locale":"nl_NL","og_type":"article","og_title":"Handgemaakte fluffy wolken Muziekmobiel | Little Loua","og_description":"Laat je baby wegdromen met onze handgemaakte fluffy wolken muziekmobiel.","og_url":"https:\/\/littleloua.com\/nl\/product\/handgemaakte-fluffy-wolken-muziekmobiel-copy\/","og_site_name":"Little Loua","article_publisher":"https:\/\/www.facebook.com\/littleloua","article_modified_time":"2025-10-21T10:06:07+00:00","og_image":[{"width":1920,"height":2560,"url":"https:\/\/littleloua.com\/wp-content\/uploads\/2024\/05\/14CCBC74-198D-4AE8-8E67-7AB428D2D8CE-scaled.jpg","type":"image\/jpeg"}],"twitter_card":"summary_large_image","twitter_misc":{"Geschatte leestijd":"4 minuten"},"schema":{"@context":"https:\/\/schema.org","@graph":[{"@type":"WebPage","@id":"https:\/\/littleloua.com\/nl\/product\/handgemaakte-fluffy-wolken-muziekmobiel-copy\/","url":"https:\/\/littleloua.com\/nl\/product\/handgemaakte-fluffy-wolken-muziekmobiel-copy\/","name":"Handgemaakte fluffy wolken Muziekmobiel | Little Loua","isPartOf":{"@id":"https:\/\/littleloua.com\/nl\/#website"},"primaryImageOfPage":{"@id":"https:\/\/littleloua.com\/nl\/product\/handgemaakte-fluffy-wolken-muziekmobiel-copy\/#primaryimage"},"image":{"@id":"https:\/\/littleloua.com\/nl\/product\/handgemaakte-fluffy-wolken-muziekmobiel-copy\/#primaryimage"},"thumbnailUrl":"https:\/\/littleloua.com\/wp-content\/uploads\/2024\/05\/14CCBC74-198D-4AE8-8E67-7AB428D2D8CE-scaled.jpg","datePublished":"2024-05-06T13:34:47+00:00","dateModified":"2025-10-21T10:06:07+00:00","description":"Laat je baby wegdromen met onze handgemaakte fluffy wolken muziekmobiel.","breadcrumb":{"@id":"https:\/\/littleloua.com\/nl\/product\/handgemaakte-fluffy-wolken-muziekmobiel-copy\/#breadcrumb"},"inLanguage":"nl-NL","potentialAction":[{"@type":"ReadAction","target":["https:\/\/littleloua.com\/nl\/product\/handgemaakte-fluffy-wolken-muziekmobiel-copy\/"]}]},{"@type":"ImageObject","inLanguage":"nl-NL","@id":"https:\/\/littleloua.com\/nl\/product\/handgemaakte-fluffy-wolken-muziekmobiel-copy\/#primaryimage","url":"https:\/\/littleloua.com\/wp-content\/uploads\/2024\/05\/14CCBC74-198D-4AE8-8E67-7AB428D2D8CE-scaled.jpg","contentUrl":"https:\/\/littleloua.com\/wp-content\/uploads\/2024\/05\/14CCBC74-198D-4AE8-8E67-7AB428D2D8CE-scaled.jpg","width":1920,"height":2560},{"@type":"BreadcrumbList","@id":"https:\/\/littleloua.com\/nl\/product\/handgemaakte-fluffy-wolken-muziekmobiel-copy\/#breadcrumb","itemListElement":[{"@type":"ListItem","position":1,"name":"Home","item":"https:\/\/littleloua.com\/nl\/home-kids\/"},{"@type":"ListItem","position":2,"name":"Shop","item":"https:\/\/littleloua.com\/nl\/shop\/"},{"@type":"ListItem","position":3,"name":"Handgemaakte fluffy wolken muziekmobiel"}]},{"@type":"WebSite","@id":"https:\/\/littleloua.com\/nl\/#website","url":"https:\/\/littleloua.com\/nl\/","name":"Little Loua","description":"Handmade Baby mobiles created with love","publisher":{"@id":"https:\/\/littleloua.com\/nl\/#organization"},"potentialAction":[{"@type":"SearchAction","target":{"@type":"EntryPoint","urlTemplate":"https:\/\/littleloua.com\/nl\/?s={search_term_string}"},"query-input":{"@type":"PropertyValueSpecification","valueRequired":true,"valueName":"search_term_string"}}],"inLanguage":"nl-NL"},{"@type":"Organization","@id":"https:\/\/littleloua.com\/nl\/#organization","name":"Little Loua","url":"https:\/\/littleloua.com\/nl\/","logo":{"@type":"ImageObject","inLanguage":"nl-NL","@id":"https:\/\/littleloua.com\/nl\/#\/schema\/logo\/image\/","url":"https:\/\/littleloua.com\/wp-content\/uploads\/2023\/06\/logo-little-loua-handmade-baby-mobiles.png","contentUrl":"https:\/\/littleloua.com\/wp-content\/uploads\/2023\/06\/logo-little-loua-handmade-baby-mobiles.png","width":316,"height":285,"caption":"Little Loua"},"image":{"@id":"https:\/\/littleloua.com\/nl\/#\/schema\/logo\/image\/"},"sameAs":["https:\/\/www.facebook.com\/littleloua","https:\/\/www.instagram.com\/little.loua\/"]}]}},"_links":{"self":[{"href":"https:\/\/littleloua.com\/nl\/wp-json\/wp\/v2\/product\/12558","targetHints":{"allow":["GET"]}}],"collection":[{"href":"https:\/\/littleloua.com\/nl\/wp-json\/wp\/v2\/product"}],"about":[{"href":"https:\/\/littleloua.com\/nl\/wp-json\/wp\/v2\/types\/product"}],"version-history":[{"count":1,"href":"https:\/\/littleloua.com\/nl\/wp-json\/wp\/v2\/product\/12558\/revisions"}],"predecessor-version":[{"id":20485,"href":"https:\/\/littleloua.com\/nl\/wp-json\/wp\/v2\/product\/12558\/revisions\/20485"}],"wp:featuredmedia":[{"embeddable":true,"href":"https:\/\/littleloua.com\/nl\/wp-json\/wp\/v2\/media\/19492"}],"wp:attachment":[{"href":"https:\/\/littleloua.com\/nl\/wp-json\/wp\/v2\/media?parent=12558"}],"wp:term":[{"taxonomy":"product_brand","embeddable":true,"href":"https:\/\/littleloua.com\/nl\/wp-json\/wp\/v2\/product_brand?post=12558"},{"taxonomy":"product_cat","embeddable":true,"href":"https:\/\/littleloua.com\/nl\/wp-json\/wp\/v2\/product_cat?post=12558"},{"taxonomy":"product_tag","embeddable":true,"href":"https:\/\/littleloua.com\/nl\/wp-json\/wp\/v2\/product_tag?post=12558"}],"curies":[{"name":"wp","href":"https:\/\/api.w.org\/{rel}","templated":true}]}}