{"id":11379,"date":"2024-04-02T13:05:38","date_gmt":"2024-04-02T11:05:38","guid":{"rendered":"https:\/\/littleloua.com\/?post_type=product&#038;p=11379"},"modified":"2025-10-21T12:06:08","modified_gmt":"2025-10-21T10:06:08","slug":"handgemaakte-konijn-muziekmobiel-crochet","status":"publish","type":"product","link":"https:\/\/littleloua.com\/nl\/product\/handgemaakte-konijn-muziekmobiel-crochet\/","title":{"rendered":"Handgemaakte konijn muziekmobiel in crochet"},"content":{"rendered":"<h2>Laat je baby wegdromen met het Konijn babymobiel.<\/h2>\n<p>Voeg een vleugje schattigheid en eenvoud toe aan de babykamer met onze Crochet Konijntjes Muziekmobiel. Deze charmante mobiel heeft een eenvoudig design met handgehaakte, witte konijntjes. Het rustgevende muziekje zorgt voor een kalmerende sfeer, ideaal om je kleintje te helpen ontspannen en in slaap te vallen.<\/p>\n<p>Kies naast de muziekmobiel voor een muziekdoos en passende arm. Zo heb je de volledige set om je mobiel op te hangen met de zachte melodie\u00ebn van onze muziekdoos.<\/p>\n<p><img fetchpriority=\"high\" decoding=\"async\" class=\"alignnone size-medium wp-image-11513\" src=\"https:\/\/littleloua.com\/wp-content\/uploads\/2024\/04\/C6DF0043-B578-4838-8100-A74E6FD4BB33-200x300.jpeg\" alt=\"\" width=\"200\" height=\"300\" srcset=\"https:\/\/littleloua.com\/wp-content\/uploads\/2024\/04\/C6DF0043-B578-4838-8100-A74E6FD4BB33-200x300.jpeg 200w, https:\/\/littleloua.com\/wp-content\/uploads\/2024\/04\/C6DF0043-B578-4838-8100-A74E6FD4BB33-683x1024.jpeg 683w, https:\/\/littleloua.com\/wp-content\/uploads\/2024\/04\/C6DF0043-B578-4838-8100-A74E6FD4BB33-768x1152.jpeg 768w, https:\/\/littleloua.com\/wp-content\/uploads\/2024\/04\/C6DF0043-B578-4838-8100-A74E6FD4BB33-1024x1536.jpeg 1024w, https:\/\/littleloua.com\/wp-content\/uploads\/2024\/04\/C6DF0043-B578-4838-8100-A74E6FD4BB33-1366x2048.jpeg 1366w, https:\/\/littleloua.com\/wp-content\/uploads\/2024\/04\/C6DF0043-B578-4838-8100-A74E6FD4BB33-1200x1799.jpeg 1200w, https:\/\/littleloua.com\/wp-content\/uploads\/2024\/04\/C6DF0043-B578-4838-8100-A74E6FD4BB33-600x900.jpeg 600w, https:\/\/littleloua.com\/wp-content\/uploads\/2024\/04\/C6DF0043-B578-4838-8100-A74E6FD4BB33-150x225.jpeg 150w, https:\/\/littleloua.com\/wp-content\/uploads\/2024\/04\/C6DF0043-B578-4838-8100-A74E6FD4BB33-scaled.jpeg 1707w\" sizes=\"(max-width: 200px) 100vw, 200px\" \/> <img decoding=\"async\" class=\"alignnone size-medium wp-image-11508\" src=\"https:\/\/littleloua.com\/wp-content\/uploads\/2024\/04\/79613B28-2B71-451F-8F0B-D581165527AF-200x300.jpeg\" alt=\"\" width=\"200\" height=\"300\" srcset=\"https:\/\/littleloua.com\/wp-content\/uploads\/2024\/04\/79613B28-2B71-451F-8F0B-D581165527AF-200x300.jpeg 200w, https:\/\/littleloua.com\/wp-content\/uploads\/2024\/04\/79613B28-2B71-451F-8F0B-D581165527AF-683x1024.jpeg 683w, https:\/\/littleloua.com\/wp-content\/uploads\/2024\/04\/79613B28-2B71-451F-8F0B-D581165527AF-768x1152.jpeg 768w, https:\/\/littleloua.com\/wp-content\/uploads\/2024\/04\/79613B28-2B71-451F-8F0B-D581165527AF-1024x1536.jpeg 1024w, https:\/\/littleloua.com\/wp-content\/uploads\/2024\/04\/79613B28-2B71-451F-8F0B-D581165527AF-1366x2048.jpeg 1366w, https:\/\/littleloua.com\/wp-content\/uploads\/2024\/04\/79613B28-2B71-451F-8F0B-D581165527AF-1200x1799.jpeg 1200w, https:\/\/littleloua.com\/wp-content\/uploads\/2024\/04\/79613B28-2B71-451F-8F0B-D581165527AF-600x900.jpeg 600w, https:\/\/littleloua.com\/wp-content\/uploads\/2024\/04\/79613B28-2B71-451F-8F0B-D581165527AF-150x225.jpeg 150w, https:\/\/littleloua.com\/wp-content\/uploads\/2024\/04\/79613B28-2B71-451F-8F0B-D581165527AF-scaled.jpeg 1707w\" sizes=\"(max-width: 200px) 100vw, 200px\" \/> <img decoding=\"async\" class=\"alignnone size-medium wp-image-11503\" src=\"https:\/\/littleloua.com\/wp-content\/uploads\/2024\/04\/934DE537-694A-4E07-B53D-37256E4E9DB8-200x300.jpeg\" alt=\"\" width=\"200\" height=\"300\" srcset=\"https:\/\/littleloua.com\/wp-content\/uploads\/2024\/04\/934DE537-694A-4E07-B53D-37256E4E9DB8-200x300.jpeg 200w, https:\/\/littleloua.com\/wp-content\/uploads\/2024\/04\/934DE537-694A-4E07-B53D-37256E4E9DB8-683x1024.jpeg 683w, https:\/\/littleloua.com\/wp-content\/uploads\/2024\/04\/934DE537-694A-4E07-B53D-37256E4E9DB8-768x1152.jpeg 768w, https:\/\/littleloua.com\/wp-content\/uploads\/2024\/04\/934DE537-694A-4E07-B53D-37256E4E9DB8-1024x1536.jpeg 1024w, https:\/\/littleloua.com\/wp-content\/uploads\/2024\/04\/934DE537-694A-4E07-B53D-37256E4E9DB8-1366x2048.jpeg 1366w, https:\/\/littleloua.com\/wp-content\/uploads\/2024\/04\/934DE537-694A-4E07-B53D-37256E4E9DB8-1200x1799.jpeg 1200w, https:\/\/littleloua.com\/wp-content\/uploads\/2024\/04\/934DE537-694A-4E07-B53D-37256E4E9DB8-600x900.jpeg 600w, https:\/\/littleloua.com\/wp-content\/uploads\/2024\/04\/934DE537-694A-4E07-B53D-37256E4E9DB8-150x225.jpeg 150w, https:\/\/littleloua.com\/wp-content\/uploads\/2024\/04\/934DE537-694A-4E07-B53D-37256E4E9DB8-scaled.jpeg 1707w\" sizes=\"(max-width: 200px) 100vw, 200px\" \/> <img loading=\"lazy\" decoding=\"async\" class=\"alignnone size-medium wp-image-11498\" src=\"https:\/\/littleloua.com\/wp-content\/uploads\/2024\/04\/63FD98EA-0909-4DB8-8472-EB7633DF4B36-200x300.jpg\" alt=\"\" width=\"200\" height=\"300\" srcset=\"https:\/\/littleloua.com\/wp-content\/uploads\/2024\/04\/63FD98EA-0909-4DB8-8472-EB7633DF4B36-200x300.jpg 200w, https:\/\/littleloua.com\/wp-content\/uploads\/2024\/04\/63FD98EA-0909-4DB8-8472-EB7633DF4B36-683x1024.jpg 683w, https:\/\/littleloua.com\/wp-content\/uploads\/2024\/04\/63FD98EA-0909-4DB8-8472-EB7633DF4B36-768x1152.jpg 768w, https:\/\/littleloua.com\/wp-content\/uploads\/2024\/04\/63FD98EA-0909-4DB8-8472-EB7633DF4B36-1024x1536.jpg 1024w, https:\/\/littleloua.com\/wp-content\/uploads\/2024\/04\/63FD98EA-0909-4DB8-8472-EB7633DF4B36-1366x2048.jpg 1366w, https:\/\/littleloua.com\/wp-content\/uploads\/2024\/04\/63FD98EA-0909-4DB8-8472-EB7633DF4B36-1200x1799.jpg 1200w, https:\/\/littleloua.com\/wp-content\/uploads\/2024\/04\/63FD98EA-0909-4DB8-8472-EB7633DF4B36-600x900.jpg 600w, https:\/\/littleloua.com\/wp-content\/uploads\/2024\/04\/63FD98EA-0909-4DB8-8472-EB7633DF4B36-150x225.jpg 150w, https:\/\/littleloua.com\/wp-content\/uploads\/2024\/04\/63FD98EA-0909-4DB8-8472-EB7633DF4B36-scaled.jpg 1707w\" sizes=\"(max-width: 200px) 100vw, 200px\" \/> <img loading=\"lazy\" decoding=\"async\" class=\"alignnone size-medium wp-image-11493\" src=\"https:\/\/littleloua.com\/wp-content\/uploads\/2024\/04\/6C4E90CD-AED9-4532-AE34-1DF1B80EBBC3-200x300.jpeg\" alt=\"\" width=\"200\" height=\"300\" srcset=\"https:\/\/littleloua.com\/wp-content\/uploads\/2024\/04\/6C4E90CD-AED9-4532-AE34-1DF1B80EBBC3-200x300.jpeg 200w, https:\/\/littleloua.com\/wp-content\/uploads\/2024\/04\/6C4E90CD-AED9-4532-AE34-1DF1B80EBBC3-683x1024.jpeg 683w, https:\/\/littleloua.com\/wp-content\/uploads\/2024\/04\/6C4E90CD-AED9-4532-AE34-1DF1B80EBBC3-768x1152.jpeg 768w, https:\/\/littleloua.com\/wp-content\/uploads\/2024\/04\/6C4E90CD-AED9-4532-AE34-1DF1B80EBBC3-1024x1536.jpeg 1024w, https:\/\/littleloua.com\/wp-content\/uploads\/2024\/04\/6C4E90CD-AED9-4532-AE34-1DF1B80EBBC3-1366x2048.jpeg 1366w, https:\/\/littleloua.com\/wp-content\/uploads\/2024\/04\/6C4E90CD-AED9-4532-AE34-1DF1B80EBBC3-1200x1799.jpeg 1200w, https:\/\/littleloua.com\/wp-content\/uploads\/2024\/04\/6C4E90CD-AED9-4532-AE34-1DF1B80EBBC3-600x900.jpeg 600w, https:\/\/littleloua.com\/wp-content\/uploads\/2024\/04\/6C4E90CD-AED9-4532-AE34-1DF1B80EBBC3-150x225.jpeg 150w, https:\/\/littleloua.com\/wp-content\/uploads\/2024\/04\/6C4E90CD-AED9-4532-AE34-1DF1B80EBBC3-scaled.jpeg 1707w\" sizes=\"(max-width: 200px) 100vw, 200px\" \/> <img loading=\"lazy\" decoding=\"async\" class=\"alignnone size-medium wp-image-11488\" src=\"https:\/\/littleloua.com\/wp-content\/uploads\/2024\/04\/3C4D3214-5B9A-4F23-B9E3-F77591B6D425-200x300.jpg\" alt=\"\" width=\"200\" height=\"300\" srcset=\"https:\/\/littleloua.com\/wp-content\/uploads\/2024\/04\/3C4D3214-5B9A-4F23-B9E3-F77591B6D425-200x300.jpg 200w, https:\/\/littleloua.com\/wp-content\/uploads\/2024\/04\/3C4D3214-5B9A-4F23-B9E3-F77591B6D425-683x1024.jpg 683w, https:\/\/littleloua.com\/wp-content\/uploads\/2024\/04\/3C4D3214-5B9A-4F23-B9E3-F77591B6D425-768x1152.jpg 768w, https:\/\/littleloua.com\/wp-content\/uploads\/2024\/04\/3C4D3214-5B9A-4F23-B9E3-F77591B6D425-1024x1536.jpg 1024w, https:\/\/littleloua.com\/wp-content\/uploads\/2024\/04\/3C4D3214-5B9A-4F23-B9E3-F77591B6D425-1366x2048.jpg 1366w, https:\/\/littleloua.com\/wp-content\/uploads\/2024\/04\/3C4D3214-5B9A-4F23-B9E3-F77591B6D425-1200x1799.jpg 1200w, https:\/\/littleloua.com\/wp-content\/uploads\/2024\/04\/3C4D3214-5B9A-4F23-B9E3-F77591B6D425-600x900.jpg 600w, https:\/\/littleloua.com\/wp-content\/uploads\/2024\/04\/3C4D3214-5B9A-4F23-B9E3-F77591B6D425-150x225.jpg 150w, https:\/\/littleloua.com\/wp-content\/uploads\/2024\/04\/3C4D3214-5B9A-4F23-B9E3-F77591B6D425-scaled.jpg 1707w\" sizes=\"(max-width: 200px) 100vw, 200px\" \/> <img loading=\"lazy\" decoding=\"async\" class=\"alignnone size-medium wp-image-11483\" src=\"https:\/\/littleloua.com\/wp-content\/uploads\/2024\/04\/D32B0B7C-C8F6-470F-A94F-223B1517C850-200x300.jpeg\" alt=\"\" width=\"200\" height=\"300\" srcset=\"https:\/\/littleloua.com\/wp-content\/uploads\/2024\/04\/D32B0B7C-C8F6-470F-A94F-223B1517C850-200x300.jpeg 200w, https:\/\/littleloua.com\/wp-content\/uploads\/2024\/04\/D32B0B7C-C8F6-470F-A94F-223B1517C850-683x1024.jpeg 683w, https:\/\/littleloua.com\/wp-content\/uploads\/2024\/04\/D32B0B7C-C8F6-470F-A94F-223B1517C850-768x1152.jpeg 768w, https:\/\/littleloua.com\/wp-content\/uploads\/2024\/04\/D32B0B7C-C8F6-470F-A94F-223B1517C850-1024x1536.jpeg 1024w, https:\/\/littleloua.com\/wp-content\/uploads\/2024\/04\/D32B0B7C-C8F6-470F-A94F-223B1517C850-1366x2048.jpeg 1366w, https:\/\/littleloua.com\/wp-content\/uploads\/2024\/04\/D32B0B7C-C8F6-470F-A94F-223B1517C850-1200x1799.jpeg 1200w, https:\/\/littleloua.com\/wp-content\/uploads\/2024\/04\/D32B0B7C-C8F6-470F-A94F-223B1517C850-600x900.jpeg 600w, https:\/\/littleloua.com\/wp-content\/uploads\/2024\/04\/D32B0B7C-C8F6-470F-A94F-223B1517C850-150x225.jpeg 150w, https:\/\/littleloua.com\/wp-content\/uploads\/2024\/04\/D32B0B7C-C8F6-470F-A94F-223B1517C850-scaled.jpeg 1707w\" sizes=\"(max-width: 200px) 100vw, 200px\" \/><\/p>\n<h2><strong>Een ecologische, handgemaakte houten muziekmobiel<\/strong><\/h2>\n<p>Onze crochet konijnen muziekmobiel is meer dan alleen een decoratie. Dankzij het vakmanschap van hoge kwaliteit en duurzame materialen is het de perfecte aanvulling op de kinderkamer van je baby<\/p>\n<ol>\n<li><strong>Eersteklas milieuvriendelijke materialen<\/strong>: We geven prioriteit aan duurzaamheid door het gebruik van eersteklas materialen zoals vilt, katoendraad en hout, gecombineerd met hypoallergene vulling. De veiligheid en het comfort van je baby zijn onze grootste zorg.<\/li>\n<li><strong>Elegant ontwerp: <\/strong>Het elegante ontwerp van de mobiel voegt een vleugje verfijning toe aan de kamer van je baby, waardoor het een stijlvolle keuze is voor moderne ouders.<\/li>\n<li><strong>Unieke handgemaakte elementen<\/strong>: Elke mobiel is uniek, met handgenaaide elementen die het vakmanschap en de zorg voor de creatie laten zien.<\/li>\n<\/ol>\n<h2><strong>Over onze handgemaakte creaties<\/strong><\/h2>\n<p>Elk item dat we maken is uniek en handgemaakt . Hoewel we ernaar streven om de foto&#8217;s in onze productbeschrijvingen zo goed mogelijk te benaderen, kun je kleine variaties zien in kleuren of stiksels tussen onze creaties. Dit is te danken aan het feit dat elk artikel \u00e9\u00e9n voor \u00e9\u00e9n wordt gemaakt door mensen, niet door machines.<\/p>\n<p>Om ervoor te zorgen dat de crochet konijnen muziekmobiel zijn uiterlijk behoudt, raden we aan om hem niet te wassen. De mobiel is grondig gereinigd voor verzending, zodat hij in perfecte staat blijft. Wat je wel kan doen is deze met een vochtige stofdoek even overgaan.<\/p>\n<p>Als je vragen hebt of hulp nodig hebt, aarzel dan niet om contact met ons op te nemen. We staan klaar om te helpen!<\/p>\n<h2><strong>Veiligheidsadvies over onze crochet konijnen muziekmobiel<\/strong><\/h2>\n<p>Onze muziekmobielen zijn ontworpen voor decoratieve doelstellingen en zijn niet bedoeld als speelgoed. Het is belangrijk om de crochet muziekmobiel te allen tijde buiten het bereik van je kind te houden. Hang het stevig over het wiegje en hang deze hoog genoeg, zodanig de baby het muziekmobieltje niet kan aanraken. Verwijder de muziekmobiel of hang hem nog hoger zodra je baby kan zitten, kruipen of staan.<\/p>\n<p>Wanneer je de muziekmobiel hangt, moet je ervoor zorgen dat je kind recht vooruit kijkt. Plaats de muziekmobiel daarom in het midden van het ledikant voor optimaal comfort. Wanneer de muziekmobiel recht boven het hoofdje hangt is het moeilijk om iets van de figuurtjes te zien.<\/p>\n<h2>Het perfecte cadeautje<\/h2>\n<p>Deze muziekmobiel is het ideale geboortegeschenk. Maak het extra speciaal door de muziekmobiel te personaliseren met de naam van het baby&#8217;tje.<\/p>\n","protected":false},"excerpt":{"rendered":"<p>Voeg een vleugje schattigheid en eenvoud toe aan de babykamer met onze Crochet Konijntjes Muziekmobiel. Deze charmante mobiel heeft een eenvoudig design met handgehaakte, witte konijntjes. Het rustgevende muziekje zorgt voor een kalmerende sfeer, ideaal om je kleintje te helpen ontspannen en in slaap te vallen.<\/p>\n<p>Kies naast de babymobiel voor een muziekdoos en passende arm. Zo heb je de volledige set om je mobiel op te hangen met de zachte melodie\u00ebn van onze muziekdoos.<\/p>\n","protected":false},"featured_media":11478,"template":"","meta":{"_acf_changed":false},"product_brand":[],"product_cat":[40],"product_tag":[102,106,99],"class_list":{"0":"post-11379","1":"product","2":"type-product","3":"status-publish","4":"has-post-thumbnail","6":"product_cat-handgemaakte-muziekmobielen","7":"product_tag-channable-nl","8":"product_tag-ds-nl","9":"product_tag-engels-nl","10":"pa_limited-edition-bijna-uitverkocht","11":"pa_limited-edition-limited-edition-nl","13":"first","14":"instock","15":"shipping-taxable","16":"purchasable","17":"product-type-simple"},"acf":[],"yoast_head":"<!-- This site is optimized with the Yoast SEO plugin v26.2 - https:\/\/yoast.com\/wordpress\/plugins\/seo\/ -->\n<title>Crochet Konijn Muziekmobiel | Little Loua<\/title>\n<meta name=\"description\" content=\"Breng een speels tintje aan in de kinderkamer met onze handgemaakte konijn muziekmobiel. De vrolijke melodie\u00ebn zorgen voor een gezellige sfeer. Ontdek nu!\" \/>\n<meta name=\"robots\" content=\"index, follow, max-snippet:-1, max-image-preview:large, max-video-preview:-1\" \/>\n<link rel=\"canonical\" href=\"https:\/\/littleloua.com\/nl\/product\/handgemaakte-konijn-muziekmobiel-crochet\/\" \/>\n<meta property=\"og:locale\" content=\"nl_NL\" \/>\n<meta property=\"og:type\" content=\"article\" \/>\n<meta property=\"og:title\" content=\"Crochet Konijn Muziekmobiel | Little Loua\" \/>\n<meta property=\"og:description\" content=\"Breng een speels tintje aan in de kinderkamer met onze handgemaakte konijn muziekmobiel. De vrolijke melodie\u00ebn zorgen voor een gezellige sfeer. Ontdek nu!\" \/>\n<meta property=\"og:url\" content=\"https:\/\/littleloua.com\/nl\/product\/handgemaakte-konijn-muziekmobiel-crochet\/\" \/>\n<meta property=\"og:site_name\" content=\"Little Loua\" \/>\n<meta property=\"article:publisher\" content=\"https:\/\/www.facebook.com\/littleloua\" \/>\n<meta property=\"article:modified_time\" content=\"2025-10-21T10:06:08+00:00\" \/>\n<meta property=\"og:image\" content=\"https:\/\/littleloua.com\/wp-content\/uploads\/2024\/04\/1EE140EB-F2FD-4F92-8EC2-F096B28DD9B6-scaled.jpeg\" \/>\n\t<meta property=\"og:image:width\" content=\"1707\" \/>\n\t<meta property=\"og:image:height\" content=\"2560\" \/>\n\t<meta property=\"og:image:type\" content=\"image\/jpeg\" \/>\n<meta name=\"twitter:card\" content=\"summary_large_image\" \/>\n<meta name=\"twitter:label1\" content=\"Geschatte leestijd\" \/>\n\t<meta name=\"twitter:data1\" content=\"4 minuten\" \/>\n<script type=\"application\/ld+json\" class=\"yoast-schema-graph\">{\"@context\":\"https:\/\/schema.org\",\"@graph\":[{\"@type\":\"WebPage\",\"@id\":\"https:\/\/littleloua.com\/nl\/product\/handgemaakte-konijn-muziekmobiel-crochet\/\",\"url\":\"https:\/\/littleloua.com\/nl\/product\/handgemaakte-konijn-muziekmobiel-crochet\/\",\"name\":\"Crochet Konijn Muziekmobiel | Little Loua\",\"isPartOf\":{\"@id\":\"https:\/\/littleloua.com\/nl\/#website\"},\"primaryImageOfPage\":{\"@id\":\"https:\/\/littleloua.com\/nl\/product\/handgemaakte-konijn-muziekmobiel-crochet\/#primaryimage\"},\"image\":{\"@id\":\"https:\/\/littleloua.com\/nl\/product\/handgemaakte-konijn-muziekmobiel-crochet\/#primaryimage\"},\"thumbnailUrl\":\"https:\/\/littleloua.com\/wp-content\/uploads\/2024\/04\/1EE140EB-F2FD-4F92-8EC2-F096B28DD9B6-scaled.jpeg\",\"datePublished\":\"2024-04-02T11:05:38+00:00\",\"dateModified\":\"2025-10-21T10:06:08+00:00\",\"description\":\"Breng een speels tintje aan in de kinderkamer met onze handgemaakte konijn muziekmobiel. De vrolijke melodie\u00ebn zorgen voor een gezellige sfeer. Ontdek nu!\",\"breadcrumb\":{\"@id\":\"https:\/\/littleloua.com\/nl\/product\/handgemaakte-konijn-muziekmobiel-crochet\/#breadcrumb\"},\"inLanguage\":\"nl-NL\",\"potentialAction\":[{\"@type\":\"ReadAction\",\"target\":[\"https:\/\/littleloua.com\/nl\/product\/handgemaakte-konijn-muziekmobiel-crochet\/\"]}]},{\"@type\":\"ImageObject\",\"inLanguage\":\"nl-NL\",\"@id\":\"https:\/\/littleloua.com\/nl\/product\/handgemaakte-konijn-muziekmobiel-crochet\/#primaryimage\",\"url\":\"https:\/\/littleloua.com\/wp-content\/uploads\/2024\/04\/1EE140EB-F2FD-4F92-8EC2-F096B28DD9B6-scaled.jpeg\",\"contentUrl\":\"https:\/\/littleloua.com\/wp-content\/uploads\/2024\/04\/1EE140EB-F2FD-4F92-8EC2-F096B28DD9B6-scaled.jpeg\",\"width\":1707,\"height\":2560},{\"@type\":\"BreadcrumbList\",\"@id\":\"https:\/\/littleloua.com\/nl\/product\/handgemaakte-konijn-muziekmobiel-crochet\/#breadcrumb\",\"itemListElement\":[{\"@type\":\"ListItem\",\"position\":1,\"name\":\"Home\",\"item\":\"https:\/\/littleloua.com\/nl\/home-kids\/\"},{\"@type\":\"ListItem\",\"position\":2,\"name\":\"Shop\",\"item\":\"https:\/\/littleloua.com\/nl\/shop\/\"},{\"@type\":\"ListItem\",\"position\":3,\"name\":\"Handgemaakte konijn muziekmobiel in crochet\"}]},{\"@type\":\"WebSite\",\"@id\":\"https:\/\/littleloua.com\/nl\/#website\",\"url\":\"https:\/\/littleloua.com\/nl\/\",\"name\":\"Little Loua\",\"description\":\"Handmade Baby mobiles created with love\",\"publisher\":{\"@id\":\"https:\/\/littleloua.com\/nl\/#organization\"},\"potentialAction\":[{\"@type\":\"SearchAction\",\"target\":{\"@type\":\"EntryPoint\",\"urlTemplate\":\"https:\/\/littleloua.com\/nl\/?s={search_term_string}\"},\"query-input\":{\"@type\":\"PropertyValueSpecification\",\"valueRequired\":true,\"valueName\":\"search_term_string\"}}],\"inLanguage\":\"nl-NL\"},{\"@type\":\"Organization\",\"@id\":\"https:\/\/littleloua.com\/nl\/#organization\",\"name\":\"Little Loua\",\"url\":\"https:\/\/littleloua.com\/nl\/\",\"logo\":{\"@type\":\"ImageObject\",\"inLanguage\":\"nl-NL\",\"@id\":\"https:\/\/littleloua.com\/nl\/#\/schema\/logo\/image\/\",\"url\":\"https:\/\/littleloua.com\/wp-content\/uploads\/2023\/06\/logo-little-loua-handmade-baby-mobiles.png\",\"contentUrl\":\"https:\/\/littleloua.com\/wp-content\/uploads\/2023\/06\/logo-little-loua-handmade-baby-mobiles.png\",\"width\":316,\"height\":285,\"caption\":\"Little Loua\"},\"image\":{\"@id\":\"https:\/\/littleloua.com\/nl\/#\/schema\/logo\/image\/\"},\"sameAs\":[\"https:\/\/www.facebook.com\/littleloua\",\"https:\/\/www.instagram.com\/little.loua\/\"]}]}<\/script>\n<!-- \/ Yoast SEO plugin. -->","yoast_head_json":{"title":"Crochet Konijn Muziekmobiel | Little Loua","description":"Breng een speels tintje aan in de kinderkamer met onze handgemaakte konijn muziekmobiel. De vrolijke melodie\u00ebn zorgen voor een gezellige sfeer. Ontdek nu!","robots":{"index":"index","follow":"follow","max-snippet":"max-snippet:-1","max-image-preview":"max-image-preview:large","max-video-preview":"max-video-preview:-1"},"canonical":"https:\/\/littleloua.com\/nl\/product\/handgemaakte-konijn-muziekmobiel-crochet\/","og_locale":"nl_NL","og_type":"article","og_title":"Crochet Konijn Muziekmobiel | Little Loua","og_description":"Breng een speels tintje aan in de kinderkamer met onze handgemaakte konijn muziekmobiel. De vrolijke melodie\u00ebn zorgen voor een gezellige sfeer. Ontdek nu!","og_url":"https:\/\/littleloua.com\/nl\/product\/handgemaakte-konijn-muziekmobiel-crochet\/","og_site_name":"Little Loua","article_publisher":"https:\/\/www.facebook.com\/littleloua","article_modified_time":"2025-10-21T10:06:08+00:00","og_image":[{"width":1707,"height":2560,"url":"https:\/\/littleloua.com\/wp-content\/uploads\/2024\/04\/1EE140EB-F2FD-4F92-8EC2-F096B28DD9B6-scaled.jpeg","type":"image\/jpeg"}],"twitter_card":"summary_large_image","twitter_misc":{"Geschatte leestijd":"4 minuten"},"schema":{"@context":"https:\/\/schema.org","@graph":[{"@type":"WebPage","@id":"https:\/\/littleloua.com\/nl\/product\/handgemaakte-konijn-muziekmobiel-crochet\/","url":"https:\/\/littleloua.com\/nl\/product\/handgemaakte-konijn-muziekmobiel-crochet\/","name":"Crochet Konijn Muziekmobiel | Little Loua","isPartOf":{"@id":"https:\/\/littleloua.com\/nl\/#website"},"primaryImageOfPage":{"@id":"https:\/\/littleloua.com\/nl\/product\/handgemaakte-konijn-muziekmobiel-crochet\/#primaryimage"},"image":{"@id":"https:\/\/littleloua.com\/nl\/product\/handgemaakte-konijn-muziekmobiel-crochet\/#primaryimage"},"thumbnailUrl":"https:\/\/littleloua.com\/wp-content\/uploads\/2024\/04\/1EE140EB-F2FD-4F92-8EC2-F096B28DD9B6-scaled.jpeg","datePublished":"2024-04-02T11:05:38+00:00","dateModified":"2025-10-21T10:06:08+00:00","description":"Breng een speels tintje aan in de kinderkamer met onze handgemaakte konijn muziekmobiel. De vrolijke melodie\u00ebn zorgen voor een gezellige sfeer. Ontdek nu!","breadcrumb":{"@id":"https:\/\/littleloua.com\/nl\/product\/handgemaakte-konijn-muziekmobiel-crochet\/#breadcrumb"},"inLanguage":"nl-NL","potentialAction":[{"@type":"ReadAction","target":["https:\/\/littleloua.com\/nl\/product\/handgemaakte-konijn-muziekmobiel-crochet\/"]}]},{"@type":"ImageObject","inLanguage":"nl-NL","@id":"https:\/\/littleloua.com\/nl\/product\/handgemaakte-konijn-muziekmobiel-crochet\/#primaryimage","url":"https:\/\/littleloua.com\/wp-content\/uploads\/2024\/04\/1EE140EB-F2FD-4F92-8EC2-F096B28DD9B6-scaled.jpeg","contentUrl":"https:\/\/littleloua.com\/wp-content\/uploads\/2024\/04\/1EE140EB-F2FD-4F92-8EC2-F096B28DD9B6-scaled.jpeg","width":1707,"height":2560},{"@type":"BreadcrumbList","@id":"https:\/\/littleloua.com\/nl\/product\/handgemaakte-konijn-muziekmobiel-crochet\/#breadcrumb","itemListElement":[{"@type":"ListItem","position":1,"name":"Home","item":"https:\/\/littleloua.com\/nl\/home-kids\/"},{"@type":"ListItem","position":2,"name":"Shop","item":"https:\/\/littleloua.com\/nl\/shop\/"},{"@type":"ListItem","position":3,"name":"Handgemaakte konijn muziekmobiel in crochet"}]},{"@type":"WebSite","@id":"https:\/\/littleloua.com\/nl\/#website","url":"https:\/\/littleloua.com\/nl\/","name":"Little Loua","description":"Handmade Baby mobiles created with love","publisher":{"@id":"https:\/\/littleloua.com\/nl\/#organization"},"potentialAction":[{"@type":"SearchAction","target":{"@type":"EntryPoint","urlTemplate":"https:\/\/littleloua.com\/nl\/?s={search_term_string}"},"query-input":{"@type":"PropertyValueSpecification","valueRequired":true,"valueName":"search_term_string"}}],"inLanguage":"nl-NL"},{"@type":"Organization","@id":"https:\/\/littleloua.com\/nl\/#organization","name":"Little Loua","url":"https:\/\/littleloua.com\/nl\/","logo":{"@type":"ImageObject","inLanguage":"nl-NL","@id":"https:\/\/littleloua.com\/nl\/#\/schema\/logo\/image\/","url":"https:\/\/littleloua.com\/wp-content\/uploads\/2023\/06\/logo-little-loua-handmade-baby-mobiles.png","contentUrl":"https:\/\/littleloua.com\/wp-content\/uploads\/2023\/06\/logo-little-loua-handmade-baby-mobiles.png","width":316,"height":285,"caption":"Little Loua"},"image":{"@id":"https:\/\/littleloua.com\/nl\/#\/schema\/logo\/image\/"},"sameAs":["https:\/\/www.facebook.com\/littleloua","https:\/\/www.instagram.com\/little.loua\/"]}]}},"_links":{"self":[{"href":"https:\/\/littleloua.com\/nl\/wp-json\/wp\/v2\/product\/11379","targetHints":{"allow":["GET"]}}],"collection":[{"href":"https:\/\/littleloua.com\/nl\/wp-json\/wp\/v2\/product"}],"about":[{"href":"https:\/\/littleloua.com\/nl\/wp-json\/wp\/v2\/types\/product"}],"version-history":[{"count":1,"href":"https:\/\/littleloua.com\/nl\/wp-json\/wp\/v2\/product\/11379\/revisions"}],"predecessor-version":[{"id":20487,"href":"https:\/\/littleloua.com\/nl\/wp-json\/wp\/v2\/product\/11379\/revisions\/20487"}],"wp:featuredmedia":[{"embeddable":true,"href":"https:\/\/littleloua.com\/nl\/wp-json\/wp\/v2\/media\/11478"}],"wp:attachment":[{"href":"https:\/\/littleloua.com\/nl\/wp-json\/wp\/v2\/media?parent=11379"}],"wp:term":[{"taxonomy":"product_brand","embeddable":true,"href":"https:\/\/littleloua.com\/nl\/wp-json\/wp\/v2\/product_brand?post=11379"},{"taxonomy":"product_cat","embeddable":true,"href":"https:\/\/littleloua.com\/nl\/wp-json\/wp\/v2\/product_cat?post=11379"},{"taxonomy":"product_tag","embeddable":true,"href":"https:\/\/littleloua.com\/nl\/wp-json\/wp\/v2\/product_tag?post=11379"}],"curies":[{"name":"wp","href":"https:\/\/api.w.org\/{rel}","templated":true}]}}