{"id":8799,"date":"2023-10-30T11:57:11","date_gmt":"2023-10-30T10:57:11","guid":{"rendered":"https:\/\/littleloua.com\/\/product\/mobile-pour-bebe-fait-a-la-main-avec-des-abeilles-roses\/"},"modified":"2026-04-14T11:06:01","modified_gmt":"2026-04-14T09:06:01","slug":"mobile-pour-bebe-fait-a-la-main-avec-des-abeilles-roses","status":"publish","type":"product","link":"https:\/\/littleloua.com\/fr\/produit\/mobile-pour-bebe-fait-a-la-main-avec-des-abeilles-roses\/","title":{"rendered":"Mobile pour b\u00e9b\u00e9 fait \u00e0 la main avec des abeilles roses"},"content":{"rendered":"<h1>Mobile pour b\u00e9b\u00e9 en bois fait \u00e0 la main avec des abeilles roses<\/h1>\n<p>Imaginez votre enfant s&rsquo;endormir paisiblement, enchant\u00e9 par le doux tourbillon des peluches et des jouets mignons suspendus \u00e0 leur mobile en bois au-dessus du lit. Notre mobile Pink Bees, fait \u00e0 la main avec amour, est con\u00e7u pour cr\u00e9er une atmosph\u00e8re calme \u00e0 l&rsquo;heure du coucher. Les mouvements souples de l&rsquo;oreiller permettent \u00e0 votre b\u00e9b\u00e9 de s&rsquo;endormir d&rsquo;un sommeil profond et sain.<\/p>\n<p>Chaque article que nous fabriquons est confectionn\u00e9 avec soin et attention. Notre mobile Pink Bees promet d&rsquo;\u00eatre un ami captivant pour les r\u00eaves de votre petit. La magie de l&rsquo;exploration spatiale et le doux mouvement du mobile aideront votre b\u00e9b\u00e9 \u00e0 s&rsquo;endormir paisiblement, faisant de l&rsquo;heure du coucher une exp\u00e9rience merveilleuse pour vous deux. Choisissez notre mobile Pink Bees et permettez \u00e0 vos parents et \u00e0 votre b\u00e9b\u00e9 de passer des nuits reposantes et de garder de pr\u00e9cieux souvenirs.<\/p>\n<h2>La composition de notre mobile Pink Bees<\/h2>\n<p>Le mobile fait \u00e0 la main repr\u00e9sente des abeilles roses bourdonnant autour de belles fleurs. Gr\u00e2ce \u00e0 cette sc\u00e8ne soigneusement con\u00e7ue, votre enfant se sentira \u00e0 l&rsquo;aise, ce qui l&rsquo;aidera \u00e0 avoir un sommeil plus profond et plus sain.<\/p>\n<p>Lorsque le mobile Pink Bees est accroch\u00e9 au-dessus du lit de votre enfant, ce mobile n&rsquo;est pas seulement une d\u00e9coration. Le mobile ajoute une touche de calme ludique et de style \u00e0 leur chambre. De plus, lorsqu&rsquo;il est associ\u00e9 \u00e0 notre bo\u00eete \u00e0 musique, il rend l&rsquo;heure du coucher plus facile que jamais.<\/p>\n<p>Pour ce mobile Pink Bees fabriqu\u00e9 \u00e0 la main, nous avons choisi de travailler avec du bois durable de haute qualit\u00e9. Le bois est un mat\u00e9riau intemporel et polyvalent qui apporte de la chaleur et une touche naturelle \u00e0 tout espace.<\/p>\n<p>Que ce soit pour la chambre de votre enfant, pour un cadeau sp\u00e9cial ou pour embellir une pi\u00e8ce, notre mobile Pink Bees cr\u00e9era de merveilleux souvenirs. Laissez les merveilles de l&rsquo;espace et la beaut\u00e9 du bois cr\u00e9er un coucher magique pour votre b\u00e9b\u00e9 et des souvenirs inoubliables pour vous.<\/p>\n<h2>Un mobile en bois \u00e9cologique, fabriqu\u00e9 \u00e0 la main<\/h2>\n<p>Notre mobile Pink Bees est plus qu&rsquo;une simple d\u00e9coration. Gr\u00e2ce \u00e0 sa fabrication haut de gamme et \u00e0 ses mat\u00e9riaux durables, il constitue le compl\u00e9ment id\u00e9al de la chambre de b\u00e9b\u00e9 :<\/p>\n<ol>\n<li><strong>Des dimensions harmonieuses<\/strong>: D&rsquo;un diam\u00e8tre g\u00e9n\u00e9reux de 50 cm et d&rsquo;une hauteur de 48 cm, ce mobile a \u00e9t\u00e9 con\u00e7u pour captiver l&rsquo;attention de votre enfant et rehausser l&rsquo;esth\u00e9tique de la pi\u00e8ce.<\/li>\n<li><strong>Mat\u00e9riaux \u00e9cologiques de premi\u00e8re qualit\u00e9<\/strong>: Nous privil\u00e9gions le d\u00e9veloppement durable en utilisant des mat\u00e9riaux de premi\u00e8re qualit\u00e9 tels que le feutre, le fil de coton et le bois, associ\u00e9s \u00e0 un rembourrage hypoallerg\u00e9nique. La s\u00e9curit\u00e9 et le confort de votre b\u00e9b\u00e9 sont notre plus grande pr\u00e9occupation.<\/li>\n<li><strong>Design \u00e9l\u00e9gant<\/strong>: Le design \u00e9l\u00e9gant du mobile ajoute une touche de sophistication \u00e0 la chambre de votre b\u00e9b\u00e9, ce qui en fait un choix \u00e9l\u00e9gant pour les parents modernes.<\/li>\n<li>Textures <strong>et couleurs ludiques<\/strong>: Nous avons int\u00e9gr\u00e9 des textures ludiques et une palette de couleurs vives pour ravir les sens de votre b\u00e9b\u00e9 et stimuler sa curiosit\u00e9.<\/li>\n<li>Des <strong>\u00e9l\u00e9ments uniques fabriqu\u00e9s \u00e0 la main<\/strong>: Chaque mobile est unique et comporte des \u00e9l\u00e9ments cousus \u00e0 la main qui t\u00e9moignent de l&rsquo;art et du soin apport\u00e9s \u00e0 sa cr\u00e9ation.<\/li>\n<\/ol>\n<p>Finies les heures interminables \u00e0 bercer votre b\u00e9b\u00e9 pour l&rsquo;endormir &#8211; notre mobile Pink Bees en bois captivera son imagination en tournant au-dessus de sa t\u00eate, l&rsquo;aidant \u00e0 s&rsquo;endormir rapidement et paisiblement. Si vous souhaitez ajouter une touche de magie, pensez \u00e0 combiner le mobile Pink Bees avec notre bo\u00eete \u00e0 musique optionnelle &#8211; disponible s\u00e9par\u00e9ment &#8211; pour des m\u00e9lodies apaisantes qui calmeront votre b\u00e9b\u00e9 et l&rsquo;aideront \u00e0 s&rsquo;endormir en douceur.<\/p>\n<h2>\u00c0 propos de nos cr\u00e9ations artisanales<\/h2>\n<p>Chaque article que nous cr\u00e9ons est une \u0153uvre d&rsquo;art unique et artisanale. Bien que nous nous efforcions de reproduire fid\u00e8lement les photos dans nos descriptions de produits, il se peut que vous constatiez de l\u00e9g\u00e8res variations dans les couleurs ou les coutures de nos cr\u00e9ations en peluche. Cela s&rsquo;explique par le fait que chaque article est fabriqu\u00e9 un par un par des humains, et non par des machines.<\/p>\n<p>Pour que le mobile Pink Bees conserve son aspect, \u00e9vitez de le laver. Le mobile a \u00e9t\u00e9 soigneusement nettoy\u00e9 avant d&rsquo;\u00eatre exp\u00e9di\u00e9 afin de garantir son \u00e9tat impeccable.<\/p>\n<p>Si vous avez des questions ou si vous avez besoin d&rsquo;aide, n&rsquo;h\u00e9sitez pas \u00e0 nous contacter. Nous nous effor\u00e7ons de r\u00e9pondre \u00e0 votre demande dans les meilleurs d\u00e9lais.<\/p>\n<h2>Assurer la s\u00e9curit\u00e9 de votre Pink Bees Mobile<\/h2>\n<p>Nos mobiles musicaux pour b\u00e9b\u00e9s sont con\u00e7us \u00e0 des fins d\u00e9coratives et ne sont pas destin\u00e9s \u00e0 \u00eatre des jouets. Il est important de garder le mobile Pink Bees hors de port\u00e9e de votre enfant \u00e0 tout moment. Il suffit de le suspendre solidement au-dessus du berceau, \u00e0 environ 30 cm de votre b\u00e9b\u00e9.<\/p>\n<p>Lorsque vous activez le mobile, assurez-vous que votre enfant regarde droit devant lui. Positionnez le mobile vers le centre du lit pour un confort optimal.<\/p>\n<p>Pour des raisons de s\u00e9curit\u00e9, \u00e9vitez de le suspendre trop bas, en veillant \u00e0 ce que sa hauteur soit d&rsquo;au moins 30 cm. En accrochant le mobile plus bas, votre enfant pourrait tirer sur les peluches, ce qui risquerait de faire tomber la structure sur lui et de provoquer des troubles de la vue et des contusions.<\/p>\n<p>Vous voulez donner un petit plus \u00e0 votre b\u00e9b\u00e9 ? Transformez facilement la chambre de votre b\u00e9b\u00e9 en un havre de paix et de sommeil en combinant notre mobile Pink Bees avec notre support en bois pivotant. N&rsquo;oubliez pas d&rsquo;ajouter notre bo\u00eete \u00e0 musique \u00e0 piles !<\/p>\n<p>De plus, voici un petit <strong>avantage suppl\u00e9mentaire<\/strong>: b\u00e9n\u00e9ficiez de la livraison gratuite \u00e0 domicile pour tout achat sup\u00e9rieur \u00e0 100 euros !<\/p>\n","protected":false},"excerpt":{"rendered":"<p>Imaginez votre enfant s&rsquo;endormir paisiblement, enchant\u00e9 par le doux tourbillon des peluches et des jouets mignons suspendus \u00e0 leur mobile en bois au-dessus du lit. Notre mobile Pink Bees, fait \u00e0 la main avec amour, est con\u00e7u pour cr\u00e9er une atmosph\u00e8re calme \u00e0 l&rsquo;heure du coucher. Les mouvements souples de l&rsquo;oreiller permettent \u00e0 votre b\u00e9b\u00e9 de s&rsquo;endormir d&rsquo;un sommeil profond et sain.<\/p>\n<p>Chaque article que nous fabriquons est confectionn\u00e9 avec soin et attention. Notre mobile Pink Bees promet d&rsquo;\u00eatre un ami captivant pour les r\u00eaves de votre petit. La magie de l&rsquo;exploration spatiale et le doux mouvement du mobile aideront votre b\u00e9b\u00e9 \u00e0 s&rsquo;endormir paisiblement, faisant de l&rsquo;heure du coucher une exp\u00e9rience merveilleuse pour vous deux. Choisissez notre mobile Pink Bees et laissez parents et b\u00e9b\u00e9 profiter de nuits reposantes et de pr\u00e9cieux souvenirs.<\/p>\n","protected":false},"featured_media":6061,"template":"","meta":{"_acf_changed":false},"product_brand":[],"product_cat":[54],"product_tag":[103,328,107,131],"class_list":{"0":"post-8799","1":"product","2":"type-product","3":"status-publish","4":"has-post-thumbnail","6":"product_cat-mobile-bebe","7":"product_tag-channable-fr","8":"product_tag-discount","9":"product_tag-ds-fr","10":"product_tag-engels-fr","12":"first","13":"instock","14":"shipping-taxable","15":"purchasable","16":"product-type-simple"},"acf":[],"yoast_head":"<!-- This site is optimized with the Yoast SEO plugin v27.4 - https:\/\/yoast.com\/product\/yoast-seo-wordpress\/ -->\n<title>Mobile pour B\u00e9b\u00e9 Fait \u00e0 la Main avec des Abeilles Roses | D\u00e9licatesse Florale | Little Loua<\/title>\n<meta name=\"description\" content=\"Ajoutez une touche de douceur florale \u00e0 la chambre de votre b\u00e9b\u00e9 avec notre mobile fait \u00e0 la main avec des abeilles roses. Chaque d\u00e9tail soigneusement con\u00e7u \u00e9voque la d\u00e9licatesse de la nature. D\u00e9couvrez-le d\u00e8s maintenant !\" \/>\n<meta name=\"robots\" content=\"index, follow, max-snippet:-1, max-image-preview:large, max-video-preview:-1\" \/>\n<link rel=\"canonical\" href=\"https:\/\/littleloua.com\/fr\/produit\/mobile-pour-bebe-fait-a-la-main-avec-des-abeilles-roses\/\" \/>\n<meta property=\"og:locale\" content=\"fr_FR\" \/>\n<meta property=\"og:type\" content=\"article\" \/>\n<meta property=\"og:title\" content=\"Mobile pour B\u00e9b\u00e9 Fait \u00e0 la Main avec des Abeilles Roses | D\u00e9licatesse Florale | Little Loua\" \/>\n<meta property=\"og:description\" content=\"Ajoutez une touche de douceur florale \u00e0 la chambre de votre b\u00e9b\u00e9 avec notre mobile fait \u00e0 la main avec des abeilles roses. Chaque d\u00e9tail soigneusement con\u00e7u \u00e9voque la d\u00e9licatesse de la nature. D\u00e9couvrez-le d\u00e8s maintenant !\" \/>\n<meta property=\"og:url\" content=\"https:\/\/littleloua.com\/fr\/produit\/mobile-pour-bebe-fait-a-la-main-avec-des-abeilles-roses\/\" \/>\n<meta property=\"og:site_name\" content=\"Little Loua\" \/>\n<meta property=\"article:publisher\" content=\"https:\/\/www.facebook.com\/littleloua\" \/>\n<meta property=\"article:modified_time\" content=\"2026-04-14T09:06:01+00:00\" \/>\n<meta property=\"og:image\" content=\"https:\/\/littleloua.com\/wp-content\/uploads\/2023\/10\/43F24389-DA07-48F4-B316-46B2CAE1BDC8-scaled.jpeg\" \/>\n\t<meta property=\"og:image:width\" content=\"1707\" \/>\n\t<meta property=\"og:image:height\" content=\"2560\" \/>\n\t<meta property=\"og:image:type\" content=\"image\/jpeg\" \/>\n<meta name=\"twitter:card\" content=\"summary_large_image\" \/>\n<meta name=\"twitter:label1\" content=\"Dur\u00e9e de lecture estim\u00e9e\" \/>\n\t<meta name=\"twitter:data1\" content=\"5 minutes\" \/>\n<script type=\"application\/ld+json\" class=\"yoast-schema-graph\">{\"@context\":\"https:\\\/\\\/schema.org\",\"@graph\":[{\"@type\":\"WebPage\",\"@id\":\"https:\\\/\\\/littleloua.com\\\/fr\\\/produit\\\/mobile-pour-bebe-fait-a-la-main-avec-des-abeilles-roses\\\/\",\"url\":\"https:\\\/\\\/littleloua.com\\\/fr\\\/produit\\\/mobile-pour-bebe-fait-a-la-main-avec-des-abeilles-roses\\\/\",\"name\":\"Mobile pour B\u00e9b\u00e9 Fait \u00e0 la Main avec des Abeilles Roses | D\u00e9licatesse Florale | Little Loua\",\"isPartOf\":{\"@id\":\"https:\\\/\\\/littleloua.com\\\/fr\\\/#website\"},\"primaryImageOfPage\":{\"@id\":\"https:\\\/\\\/littleloua.com\\\/fr\\\/produit\\\/mobile-pour-bebe-fait-a-la-main-avec-des-abeilles-roses\\\/#primaryimage\"},\"image\":{\"@id\":\"https:\\\/\\\/littleloua.com\\\/fr\\\/produit\\\/mobile-pour-bebe-fait-a-la-main-avec-des-abeilles-roses\\\/#primaryimage\"},\"thumbnailUrl\":\"https:\\\/\\\/littleloua.com\\\/wp-content\\\/uploads\\\/2023\\\/10\\\/43F24389-DA07-48F4-B316-46B2CAE1BDC8-scaled.jpeg\",\"datePublished\":\"2023-10-30T10:57:11+00:00\",\"dateModified\":\"2026-04-14T09:06:01+00:00\",\"description\":\"Ajoutez une touche de douceur florale \u00e0 la chambre de votre b\u00e9b\u00e9 avec notre mobile fait \u00e0 la main avec des abeilles roses. Chaque d\u00e9tail soigneusement con\u00e7u \u00e9voque la d\u00e9licatesse de la nature. D\u00e9couvrez-le d\u00e8s maintenant !\",\"breadcrumb\":{\"@id\":\"https:\\\/\\\/littleloua.com\\\/fr\\\/produit\\\/mobile-pour-bebe-fait-a-la-main-avec-des-abeilles-roses\\\/#breadcrumb\"},\"inLanguage\":\"fr-FR\",\"potentialAction\":[{\"@type\":\"ReadAction\",\"target\":[\"https:\\\/\\\/littleloua.com\\\/fr\\\/produit\\\/mobile-pour-bebe-fait-a-la-main-avec-des-abeilles-roses\\\/\"]}]},{\"@type\":\"ImageObject\",\"inLanguage\":\"fr-FR\",\"@id\":\"https:\\\/\\\/littleloua.com\\\/fr\\\/produit\\\/mobile-pour-bebe-fait-a-la-main-avec-des-abeilles-roses\\\/#primaryimage\",\"url\":\"https:\\\/\\\/littleloua.com\\\/wp-content\\\/uploads\\\/2023\\\/10\\\/43F24389-DA07-48F4-B316-46B2CAE1BDC8-scaled.jpeg\",\"contentUrl\":\"https:\\\/\\\/littleloua.com\\\/wp-content\\\/uploads\\\/2023\\\/10\\\/43F24389-DA07-48F4-B316-46B2CAE1BDC8-scaled.jpeg\",\"width\":1707,\"height\":2560},{\"@type\":\"BreadcrumbList\",\"@id\":\"https:\\\/\\\/littleloua.com\\\/fr\\\/produit\\\/mobile-pour-bebe-fait-a-la-main-avec-des-abeilles-roses\\\/#breadcrumb\",\"itemListElement\":[{\"@type\":\"ListItem\",\"position\":1,\"name\":\"Home\",\"item\":\"https:\\\/\\\/littleloua.com\\\/fr\\\/\"},{\"@type\":\"ListItem\",\"position\":2,\"name\":\"Shop\",\"item\":\"https:\\\/\\\/littleloua.com\\\/fr\\\/shop\\\/\"},{\"@type\":\"ListItem\",\"position\":3,\"name\":\"Mobile pour b\u00e9b\u00e9 fait \u00e0 la main avec des abeilles roses\"}]},{\"@type\":\"WebSite\",\"@id\":\"https:\\\/\\\/littleloua.com\\\/fr\\\/#website\",\"url\":\"https:\\\/\\\/littleloua.com\\\/fr\\\/\",\"name\":\"Little Loua\",\"description\":\"Handmade Baby mobiles created with love\",\"publisher\":{\"@id\":\"https:\\\/\\\/littleloua.com\\\/fr\\\/#organization\"},\"potentialAction\":[{\"@type\":\"SearchAction\",\"target\":{\"@type\":\"EntryPoint\",\"urlTemplate\":\"https:\\\/\\\/littleloua.com\\\/fr\\\/?s={search_term_string}\"},\"query-input\":{\"@type\":\"PropertyValueSpecification\",\"valueRequired\":true,\"valueName\":\"search_term_string\"}}],\"inLanguage\":\"fr-FR\"},{\"@type\":\"Organization\",\"@id\":\"https:\\\/\\\/littleloua.com\\\/fr\\\/#organization\",\"name\":\"Little Loua\",\"url\":\"https:\\\/\\\/littleloua.com\\\/fr\\\/\",\"logo\":{\"@type\":\"ImageObject\",\"inLanguage\":\"fr-FR\",\"@id\":\"https:\\\/\\\/littleloua.com\\\/fr\\\/#\\\/schema\\\/logo\\\/image\\\/\",\"url\":\"https:\\\/\\\/littleloua.com\\\/wp-content\\\/uploads\\\/2023\\\/06\\\/logo-little-loua-handmade-baby-mobiles.png\",\"contentUrl\":\"https:\\\/\\\/littleloua.com\\\/wp-content\\\/uploads\\\/2023\\\/06\\\/logo-little-loua-handmade-baby-mobiles.png\",\"width\":316,\"height\":285,\"caption\":\"Little Loua\"},\"image\":{\"@id\":\"https:\\\/\\\/littleloua.com\\\/fr\\\/#\\\/schema\\\/logo\\\/image\\\/\"},\"sameAs\":[\"https:\\\/\\\/www.facebook.com\\\/littleloua\",\"https:\\\/\\\/www.instagram.com\\\/little.loua\\\/\"]}]}<\/script>\n<!-- \/ Yoast SEO plugin. -->","yoast_head_json":{"title":"Mobile pour B\u00e9b\u00e9 Fait \u00e0 la Main avec des Abeilles Roses | D\u00e9licatesse Florale | Little Loua","description":"Ajoutez une touche de douceur florale \u00e0 la chambre de votre b\u00e9b\u00e9 avec notre mobile fait \u00e0 la main avec des abeilles roses. Chaque d\u00e9tail soigneusement con\u00e7u \u00e9voque la d\u00e9licatesse de la nature. D\u00e9couvrez-le d\u00e8s maintenant !","robots":{"index":"index","follow":"follow","max-snippet":"max-snippet:-1","max-image-preview":"max-image-preview:large","max-video-preview":"max-video-preview:-1"},"canonical":"https:\/\/littleloua.com\/fr\/produit\/mobile-pour-bebe-fait-a-la-main-avec-des-abeilles-roses\/","og_locale":"fr_FR","og_type":"article","og_title":"Mobile pour B\u00e9b\u00e9 Fait \u00e0 la Main avec des Abeilles Roses | D\u00e9licatesse Florale | Little Loua","og_description":"Ajoutez une touche de douceur florale \u00e0 la chambre de votre b\u00e9b\u00e9 avec notre mobile fait \u00e0 la main avec des abeilles roses. Chaque d\u00e9tail soigneusement con\u00e7u \u00e9voque la d\u00e9licatesse de la nature. D\u00e9couvrez-le d\u00e8s maintenant !","og_url":"https:\/\/littleloua.com\/fr\/produit\/mobile-pour-bebe-fait-a-la-main-avec-des-abeilles-roses\/","og_site_name":"Little Loua","article_publisher":"https:\/\/www.facebook.com\/littleloua","article_modified_time":"2026-04-14T09:06:01+00:00","og_image":[{"width":1707,"height":2560,"url":"https:\/\/littleloua.com\/wp-content\/uploads\/2023\/10\/43F24389-DA07-48F4-B316-46B2CAE1BDC8-scaled.jpeg","type":"image\/jpeg"}],"twitter_card":"summary_large_image","twitter_misc":{"Dur\u00e9e de lecture estim\u00e9e":"5 minutes"},"schema":{"@context":"https:\/\/schema.org","@graph":[{"@type":"WebPage","@id":"https:\/\/littleloua.com\/fr\/produit\/mobile-pour-bebe-fait-a-la-main-avec-des-abeilles-roses\/","url":"https:\/\/littleloua.com\/fr\/produit\/mobile-pour-bebe-fait-a-la-main-avec-des-abeilles-roses\/","name":"Mobile pour B\u00e9b\u00e9 Fait \u00e0 la Main avec des Abeilles Roses | D\u00e9licatesse Florale | Little Loua","isPartOf":{"@id":"https:\/\/littleloua.com\/fr\/#website"},"primaryImageOfPage":{"@id":"https:\/\/littleloua.com\/fr\/produit\/mobile-pour-bebe-fait-a-la-main-avec-des-abeilles-roses\/#primaryimage"},"image":{"@id":"https:\/\/littleloua.com\/fr\/produit\/mobile-pour-bebe-fait-a-la-main-avec-des-abeilles-roses\/#primaryimage"},"thumbnailUrl":"https:\/\/littleloua.com\/wp-content\/uploads\/2023\/10\/43F24389-DA07-48F4-B316-46B2CAE1BDC8-scaled.jpeg","datePublished":"2023-10-30T10:57:11+00:00","dateModified":"2026-04-14T09:06:01+00:00","description":"Ajoutez une touche de douceur florale \u00e0 la chambre de votre b\u00e9b\u00e9 avec notre mobile fait \u00e0 la main avec des abeilles roses. Chaque d\u00e9tail soigneusement con\u00e7u \u00e9voque la d\u00e9licatesse de la nature. D\u00e9couvrez-le d\u00e8s maintenant !","breadcrumb":{"@id":"https:\/\/littleloua.com\/fr\/produit\/mobile-pour-bebe-fait-a-la-main-avec-des-abeilles-roses\/#breadcrumb"},"inLanguage":"fr-FR","potentialAction":[{"@type":"ReadAction","target":["https:\/\/littleloua.com\/fr\/produit\/mobile-pour-bebe-fait-a-la-main-avec-des-abeilles-roses\/"]}]},{"@type":"ImageObject","inLanguage":"fr-FR","@id":"https:\/\/littleloua.com\/fr\/produit\/mobile-pour-bebe-fait-a-la-main-avec-des-abeilles-roses\/#primaryimage","url":"https:\/\/littleloua.com\/wp-content\/uploads\/2023\/10\/43F24389-DA07-48F4-B316-46B2CAE1BDC8-scaled.jpeg","contentUrl":"https:\/\/littleloua.com\/wp-content\/uploads\/2023\/10\/43F24389-DA07-48F4-B316-46B2CAE1BDC8-scaled.jpeg","width":1707,"height":2560},{"@type":"BreadcrumbList","@id":"https:\/\/littleloua.com\/fr\/produit\/mobile-pour-bebe-fait-a-la-main-avec-des-abeilles-roses\/#breadcrumb","itemListElement":[{"@type":"ListItem","position":1,"name":"Home","item":"https:\/\/littleloua.com\/fr\/"},{"@type":"ListItem","position":2,"name":"Shop","item":"https:\/\/littleloua.com\/fr\/shop\/"},{"@type":"ListItem","position":3,"name":"Mobile pour b\u00e9b\u00e9 fait \u00e0 la main avec des abeilles roses"}]},{"@type":"WebSite","@id":"https:\/\/littleloua.com\/fr\/#website","url":"https:\/\/littleloua.com\/fr\/","name":"Little Loua","description":"Handmade Baby mobiles created with love","publisher":{"@id":"https:\/\/littleloua.com\/fr\/#organization"},"potentialAction":[{"@type":"SearchAction","target":{"@type":"EntryPoint","urlTemplate":"https:\/\/littleloua.com\/fr\/?s={search_term_string}"},"query-input":{"@type":"PropertyValueSpecification","valueRequired":true,"valueName":"search_term_string"}}],"inLanguage":"fr-FR"},{"@type":"Organization","@id":"https:\/\/littleloua.com\/fr\/#organization","name":"Little Loua","url":"https:\/\/littleloua.com\/fr\/","logo":{"@type":"ImageObject","inLanguage":"fr-FR","@id":"https:\/\/littleloua.com\/fr\/#\/schema\/logo\/image\/","url":"https:\/\/littleloua.com\/wp-content\/uploads\/2023\/06\/logo-little-loua-handmade-baby-mobiles.png","contentUrl":"https:\/\/littleloua.com\/wp-content\/uploads\/2023\/06\/logo-little-loua-handmade-baby-mobiles.png","width":316,"height":285,"caption":"Little Loua"},"image":{"@id":"https:\/\/littleloua.com\/fr\/#\/schema\/logo\/image\/"},"sameAs":["https:\/\/www.facebook.com\/littleloua","https:\/\/www.instagram.com\/little.loua\/"]}]}},"_links":{"self":[{"href":"https:\/\/littleloua.com\/fr\/wp-json\/wp\/v2\/product\/8799","targetHints":{"allow":["GET"]}}],"collection":[{"href":"https:\/\/littleloua.com\/fr\/wp-json\/wp\/v2\/product"}],"about":[{"href":"https:\/\/littleloua.com\/fr\/wp-json\/wp\/v2\/types\/product"}],"version-history":[{"count":1,"href":"https:\/\/littleloua.com\/fr\/wp-json\/wp\/v2\/product\/8799\/revisions"}],"predecessor-version":[{"id":20519,"href":"https:\/\/littleloua.com\/fr\/wp-json\/wp\/v2\/product\/8799\/revisions\/20519"}],"wp:featuredmedia":[{"embeddable":true,"href":"https:\/\/littleloua.com\/fr\/wp-json\/wp\/v2\/media\/6061"}],"wp:attachment":[{"href":"https:\/\/littleloua.com\/fr\/wp-json\/wp\/v2\/media?parent=8799"}],"wp:term":[{"taxonomy":"product_brand","embeddable":true,"href":"https:\/\/littleloua.com\/fr\/wp-json\/wp\/v2\/product_brand?post=8799"},{"taxonomy":"product_cat","embeddable":true,"href":"https:\/\/littleloua.com\/fr\/wp-json\/wp\/v2\/product_cat?post=8799"},{"taxonomy":"product_tag","embeddable":true,"href":"https:\/\/littleloua.com\/fr\/wp-json\/wp\/v2\/product_tag?post=8799"}],"curies":[{"name":"wp","href":"https:\/\/api.w.org\/{rel}","templated":true}]}}