{"id":3198,"date":"2023-07-05T15:11:07","date_gmt":"2023-07-05T15:11:07","guid":{"rendered":"https:\/\/littleloua.com\/\/product\/baby-mobile-music-box-white\/"},"modified":"2025-10-21T12:13:38","modified_gmt":"2025-10-21T10:13:38","slug":"bebe-mobile-boite-musique-blanche","status":"publish","type":"product","link":"https:\/\/littleloua.com\/fr\/produit\/bebe-mobile-boite-musique-blanche\/","title":{"rendered":"Mobile b\u00e9b\u00e9 bo\u00eete \u00e0 musique blanche"},"content":{"rendered":"","protected":false},"excerpt":{"rendered":"","protected":false},"featured_media":4237,"template":"","meta":{"_acf_changed":false},"product_brand":[],"product_cat":[56],"product_tag":[103,107,131],"class_list":{"0":"post-3198","1":"product","2":"type-product","3":"status-publish","4":"has-post-thumbnail","6":"product_cat-box-music","7":"product_tag-channable-fr","8":"product_tag-ds-fr","9":"product_tag-engels-fr","11":"first","12":"instock","13":"shipping-taxable","14":"purchasable","15":"product-type-simple"},"acf":[],"yoast_head":"<!-- This site is optimized with the Yoast SEO plugin v27.4 - https:\/\/yoast.com\/product\/yoast-seo-wordpress\/ -->\n<title>Mobile B\u00e9b\u00e9 Bo\u00eete \u00e0 Musique Blanche | D\u00e9coration Douce pour la Chambre de B\u00e9b\u00e9 | Little Loua<\/title>\n<meta name=\"description\" content=\"Ajoutez une touche de douceur \u00e0 la chambre de votre b\u00e9b\u00e9 avec notre mobile b\u00e9b\u00e9 bo\u00eete \u00e0 musique blanche. Offrez-lui des m\u00e9lodies apaisantes pour l&#039;aider \u00e0 s&#039;endormir paisiblement. D\u00e9couvrez notre s\u00e9lection d\u00e8s maintenant !\" \/>\n<meta name=\"robots\" content=\"index, follow, max-snippet:-1, max-image-preview:large, max-video-preview:-1\" \/>\n<link rel=\"canonical\" href=\"https:\/\/littleloua.com\/fr\/produit\/bebe-mobile-boite-musique-blanche\/\" \/>\n<meta property=\"og:locale\" content=\"fr_FR\" \/>\n<meta property=\"og:type\" content=\"article\" \/>\n<meta property=\"og:title\" content=\"Mobile B\u00e9b\u00e9 Bo\u00eete \u00e0 Musique Blanche | D\u00e9coration Douce pour la Chambre de B\u00e9b\u00e9 | Little Loua\" \/>\n<meta property=\"og:description\" content=\"Ajoutez une touche de douceur \u00e0 la chambre de votre b\u00e9b\u00e9 avec notre mobile b\u00e9b\u00e9 bo\u00eete \u00e0 musique blanche. Offrez-lui des m\u00e9lodies apaisantes pour l&#039;aider \u00e0 s&#039;endormir paisiblement. D\u00e9couvrez notre s\u00e9lection d\u00e8s maintenant !\" \/>\n<meta property=\"og:url\" content=\"https:\/\/littleloua.com\/fr\/produit\/bebe-mobile-boite-musique-blanche\/\" \/>\n<meta property=\"og:site_name\" content=\"Little Loua\" \/>\n<meta property=\"article:publisher\" content=\"https:\/\/www.facebook.com\/littleloua\" \/>\n<meta property=\"article:modified_time\" content=\"2025-10-21T10:13:38+00:00\" \/>\n<meta property=\"og:image\" content=\"https:\/\/littleloua.com\/wp-content\/uploads\/2023\/07\/47AFC8DD-05A2-44A4-B1D1-24B07376CBC0-scaled.jpg\" \/>\n\t<meta property=\"og:image:width\" content=\"2560\" \/>\n\t<meta property=\"og:image:height\" content=\"2560\" \/>\n\t<meta property=\"og:image:type\" content=\"image\/jpeg\" \/>\n<meta name=\"twitter:card\" content=\"summary_large_image\" \/>\n<meta name=\"twitter:label1\" content=\"Dur\u00e9e de lecture estim\u00e9e\" \/>\n\t<meta name=\"twitter:data1\" content=\"1 minute\" \/>\n<script type=\"application\/ld+json\" class=\"yoast-schema-graph\">{\"@context\":\"https:\\\/\\\/schema.org\",\"@graph\":[{\"@type\":\"WebPage\",\"@id\":\"https:\\\/\\\/littleloua.com\\\/fr\\\/produit\\\/bebe-mobile-boite-musique-blanche\\\/\",\"url\":\"https:\\\/\\\/littleloua.com\\\/fr\\\/produit\\\/bebe-mobile-boite-musique-blanche\\\/\",\"name\":\"Mobile B\u00e9b\u00e9 Bo\u00eete \u00e0 Musique Blanche | D\u00e9coration Douce pour la Chambre de B\u00e9b\u00e9 | Little Loua\",\"isPartOf\":{\"@id\":\"https:\\\/\\\/littleloua.com\\\/fr\\\/#website\"},\"primaryImageOfPage\":{\"@id\":\"https:\\\/\\\/littleloua.com\\\/fr\\\/produit\\\/bebe-mobile-boite-musique-blanche\\\/#primaryimage\"},\"image\":{\"@id\":\"https:\\\/\\\/littleloua.com\\\/fr\\\/produit\\\/bebe-mobile-boite-musique-blanche\\\/#primaryimage\"},\"thumbnailUrl\":\"https:\\\/\\\/littleloua.com\\\/wp-content\\\/uploads\\\/2023\\\/07\\\/47AFC8DD-05A2-44A4-B1D1-24B07376CBC0-scaled.jpg\",\"datePublished\":\"2023-07-05T15:11:07+00:00\",\"dateModified\":\"2025-10-21T10:13:38+00:00\",\"description\":\"Ajoutez une touche de douceur \u00e0 la chambre de votre b\u00e9b\u00e9 avec notre mobile b\u00e9b\u00e9 bo\u00eete \u00e0 musique blanche. Offrez-lui des m\u00e9lodies apaisantes pour l'aider \u00e0 s'endormir paisiblement. D\u00e9couvrez notre s\u00e9lection d\u00e8s maintenant !\",\"breadcrumb\":{\"@id\":\"https:\\\/\\\/littleloua.com\\\/fr\\\/produit\\\/bebe-mobile-boite-musique-blanche\\\/#breadcrumb\"},\"inLanguage\":\"fr-FR\",\"potentialAction\":[{\"@type\":\"ReadAction\",\"target\":[\"https:\\\/\\\/littleloua.com\\\/fr\\\/produit\\\/bebe-mobile-boite-musique-blanche\\\/\"]}]},{\"@type\":\"ImageObject\",\"inLanguage\":\"fr-FR\",\"@id\":\"https:\\\/\\\/littleloua.com\\\/fr\\\/produit\\\/bebe-mobile-boite-musique-blanche\\\/#primaryimage\",\"url\":\"https:\\\/\\\/littleloua.com\\\/wp-content\\\/uploads\\\/2023\\\/07\\\/47AFC8DD-05A2-44A4-B1D1-24B07376CBC0-scaled.jpg\",\"contentUrl\":\"https:\\\/\\\/littleloua.com\\\/wp-content\\\/uploads\\\/2023\\\/07\\\/47AFC8DD-05A2-44A4-B1D1-24B07376CBC0-scaled.jpg\",\"width\":2560,\"height\":2560},{\"@type\":\"BreadcrumbList\",\"@id\":\"https:\\\/\\\/littleloua.com\\\/fr\\\/produit\\\/bebe-mobile-boite-musique-blanche\\\/#breadcrumb\",\"itemListElement\":[{\"@type\":\"ListItem\",\"position\":1,\"name\":\"Home\",\"item\":\"https:\\\/\\\/littleloua.com\\\/fr\\\/\"},{\"@type\":\"ListItem\",\"position\":2,\"name\":\"Shop\",\"item\":\"https:\\\/\\\/littleloua.com\\\/fr\\\/shop\\\/\"},{\"@type\":\"ListItem\",\"position\":3,\"name\":\"Mobile b\u00e9b\u00e9 bo\u00eete \u00e0 musique blanche\"}]},{\"@type\":\"WebSite\",\"@id\":\"https:\\\/\\\/littleloua.com\\\/fr\\\/#website\",\"url\":\"https:\\\/\\\/littleloua.com\\\/fr\\\/\",\"name\":\"Little Loua\",\"description\":\"Handmade Baby mobiles created with love\",\"publisher\":{\"@id\":\"https:\\\/\\\/littleloua.com\\\/fr\\\/#organization\"},\"potentialAction\":[{\"@type\":\"SearchAction\",\"target\":{\"@type\":\"EntryPoint\",\"urlTemplate\":\"https:\\\/\\\/littleloua.com\\\/fr\\\/?s={search_term_string}\"},\"query-input\":{\"@type\":\"PropertyValueSpecification\",\"valueRequired\":true,\"valueName\":\"search_term_string\"}}],\"inLanguage\":\"fr-FR\"},{\"@type\":\"Organization\",\"@id\":\"https:\\\/\\\/littleloua.com\\\/fr\\\/#organization\",\"name\":\"Little Loua\",\"url\":\"https:\\\/\\\/littleloua.com\\\/fr\\\/\",\"logo\":{\"@type\":\"ImageObject\",\"inLanguage\":\"fr-FR\",\"@id\":\"https:\\\/\\\/littleloua.com\\\/fr\\\/#\\\/schema\\\/logo\\\/image\\\/\",\"url\":\"https:\\\/\\\/littleloua.com\\\/wp-content\\\/uploads\\\/2023\\\/06\\\/logo-little-loua-handmade-baby-mobiles.png\",\"contentUrl\":\"https:\\\/\\\/littleloua.com\\\/wp-content\\\/uploads\\\/2023\\\/06\\\/logo-little-loua-handmade-baby-mobiles.png\",\"width\":316,\"height\":285,\"caption\":\"Little Loua\"},\"image\":{\"@id\":\"https:\\\/\\\/littleloua.com\\\/fr\\\/#\\\/schema\\\/logo\\\/image\\\/\"},\"sameAs\":[\"https:\\\/\\\/www.facebook.com\\\/littleloua\",\"https:\\\/\\\/www.instagram.com\\\/little.loua\\\/\"]}]}<\/script>\n<!-- \/ Yoast SEO plugin. -->","yoast_head_json":{"title":"Mobile B\u00e9b\u00e9 Bo\u00eete \u00e0 Musique Blanche | D\u00e9coration Douce pour la Chambre de B\u00e9b\u00e9 | Little Loua","description":"Ajoutez une touche de douceur \u00e0 la chambre de votre b\u00e9b\u00e9 avec notre mobile b\u00e9b\u00e9 bo\u00eete \u00e0 musique blanche. Offrez-lui des m\u00e9lodies apaisantes pour l'aider \u00e0 s'endormir paisiblement. D\u00e9couvrez notre s\u00e9lection d\u00e8s maintenant !","robots":{"index":"index","follow":"follow","max-snippet":"max-snippet:-1","max-image-preview":"max-image-preview:large","max-video-preview":"max-video-preview:-1"},"canonical":"https:\/\/littleloua.com\/fr\/produit\/bebe-mobile-boite-musique-blanche\/","og_locale":"fr_FR","og_type":"article","og_title":"Mobile B\u00e9b\u00e9 Bo\u00eete \u00e0 Musique Blanche | D\u00e9coration Douce pour la Chambre de B\u00e9b\u00e9 | Little Loua","og_description":"Ajoutez une touche de douceur \u00e0 la chambre de votre b\u00e9b\u00e9 avec notre mobile b\u00e9b\u00e9 bo\u00eete \u00e0 musique blanche. Offrez-lui des m\u00e9lodies apaisantes pour l'aider \u00e0 s'endormir paisiblement. D\u00e9couvrez notre s\u00e9lection d\u00e8s maintenant !","og_url":"https:\/\/littleloua.com\/fr\/produit\/bebe-mobile-boite-musique-blanche\/","og_site_name":"Little Loua","article_publisher":"https:\/\/www.facebook.com\/littleloua","article_modified_time":"2025-10-21T10:13:38+00:00","og_image":[{"width":2560,"height":2560,"url":"https:\/\/littleloua.com\/wp-content\/uploads\/2023\/07\/47AFC8DD-05A2-44A4-B1D1-24B07376CBC0-scaled.jpg","type":"image\/jpeg"}],"twitter_card":"summary_large_image","twitter_misc":{"Dur\u00e9e de lecture estim\u00e9e":"1 minute"},"schema":{"@context":"https:\/\/schema.org","@graph":[{"@type":"WebPage","@id":"https:\/\/littleloua.com\/fr\/produit\/bebe-mobile-boite-musique-blanche\/","url":"https:\/\/littleloua.com\/fr\/produit\/bebe-mobile-boite-musique-blanche\/","name":"Mobile B\u00e9b\u00e9 Bo\u00eete \u00e0 Musique Blanche | D\u00e9coration Douce pour la Chambre de B\u00e9b\u00e9 | Little Loua","isPartOf":{"@id":"https:\/\/littleloua.com\/fr\/#website"},"primaryImageOfPage":{"@id":"https:\/\/littleloua.com\/fr\/produit\/bebe-mobile-boite-musique-blanche\/#primaryimage"},"image":{"@id":"https:\/\/littleloua.com\/fr\/produit\/bebe-mobile-boite-musique-blanche\/#primaryimage"},"thumbnailUrl":"https:\/\/littleloua.com\/wp-content\/uploads\/2023\/07\/47AFC8DD-05A2-44A4-B1D1-24B07376CBC0-scaled.jpg","datePublished":"2023-07-05T15:11:07+00:00","dateModified":"2025-10-21T10:13:38+00:00","description":"Ajoutez une touche de douceur \u00e0 la chambre de votre b\u00e9b\u00e9 avec notre mobile b\u00e9b\u00e9 bo\u00eete \u00e0 musique blanche. Offrez-lui des m\u00e9lodies apaisantes pour l'aider \u00e0 s'endormir paisiblement. D\u00e9couvrez notre s\u00e9lection d\u00e8s maintenant !","breadcrumb":{"@id":"https:\/\/littleloua.com\/fr\/produit\/bebe-mobile-boite-musique-blanche\/#breadcrumb"},"inLanguage":"fr-FR","potentialAction":[{"@type":"ReadAction","target":["https:\/\/littleloua.com\/fr\/produit\/bebe-mobile-boite-musique-blanche\/"]}]},{"@type":"ImageObject","inLanguage":"fr-FR","@id":"https:\/\/littleloua.com\/fr\/produit\/bebe-mobile-boite-musique-blanche\/#primaryimage","url":"https:\/\/littleloua.com\/wp-content\/uploads\/2023\/07\/47AFC8DD-05A2-44A4-B1D1-24B07376CBC0-scaled.jpg","contentUrl":"https:\/\/littleloua.com\/wp-content\/uploads\/2023\/07\/47AFC8DD-05A2-44A4-B1D1-24B07376CBC0-scaled.jpg","width":2560,"height":2560},{"@type":"BreadcrumbList","@id":"https:\/\/littleloua.com\/fr\/produit\/bebe-mobile-boite-musique-blanche\/#breadcrumb","itemListElement":[{"@type":"ListItem","position":1,"name":"Home","item":"https:\/\/littleloua.com\/fr\/"},{"@type":"ListItem","position":2,"name":"Shop","item":"https:\/\/littleloua.com\/fr\/shop\/"},{"@type":"ListItem","position":3,"name":"Mobile b\u00e9b\u00e9 bo\u00eete \u00e0 musique blanche"}]},{"@type":"WebSite","@id":"https:\/\/littleloua.com\/fr\/#website","url":"https:\/\/littleloua.com\/fr\/","name":"Little Loua","description":"Handmade Baby mobiles created with love","publisher":{"@id":"https:\/\/littleloua.com\/fr\/#organization"},"potentialAction":[{"@type":"SearchAction","target":{"@type":"EntryPoint","urlTemplate":"https:\/\/littleloua.com\/fr\/?s={search_term_string}"},"query-input":{"@type":"PropertyValueSpecification","valueRequired":true,"valueName":"search_term_string"}}],"inLanguage":"fr-FR"},{"@type":"Organization","@id":"https:\/\/littleloua.com\/fr\/#organization","name":"Little Loua","url":"https:\/\/littleloua.com\/fr\/","logo":{"@type":"ImageObject","inLanguage":"fr-FR","@id":"https:\/\/littleloua.com\/fr\/#\/schema\/logo\/image\/","url":"https:\/\/littleloua.com\/wp-content\/uploads\/2023\/06\/logo-little-loua-handmade-baby-mobiles.png","contentUrl":"https:\/\/littleloua.com\/wp-content\/uploads\/2023\/06\/logo-little-loua-handmade-baby-mobiles.png","width":316,"height":285,"caption":"Little Loua"},"image":{"@id":"https:\/\/littleloua.com\/fr\/#\/schema\/logo\/image\/"},"sameAs":["https:\/\/www.facebook.com\/littleloua","https:\/\/www.instagram.com\/little.loua\/"]}]}},"_links":{"self":[{"href":"https:\/\/littleloua.com\/fr\/wp-json\/wp\/v2\/product\/3198","targetHints":{"allow":["GET"]}}],"collection":[{"href":"https:\/\/littleloua.com\/fr\/wp-json\/wp\/v2\/product"}],"about":[{"href":"https:\/\/littleloua.com\/fr\/wp-json\/wp\/v2\/types\/product"}],"version-history":[{"count":1,"href":"https:\/\/littleloua.com\/fr\/wp-json\/wp\/v2\/product\/3198\/revisions"}],"predecessor-version":[{"id":20522,"href":"https:\/\/littleloua.com\/fr\/wp-json\/wp\/v2\/product\/3198\/revisions\/20522"}],"wp:featuredmedia":[{"embeddable":true,"href":"https:\/\/littleloua.com\/fr\/wp-json\/wp\/v2\/media\/4237"}],"wp:attachment":[{"href":"https:\/\/littleloua.com\/fr\/wp-json\/wp\/v2\/media?parent=3198"}],"wp:term":[{"taxonomy":"product_brand","embeddable":true,"href":"https:\/\/littleloua.com\/fr\/wp-json\/wp\/v2\/product_brand?post=3198"},{"taxonomy":"product_cat","embeddable":true,"href":"https:\/\/littleloua.com\/fr\/wp-json\/wp\/v2\/product_cat?post=3198"},{"taxonomy":"product_tag","embeddable":true,"href":"https:\/\/littleloua.com\/fr\/wp-json\/wp\/v2\/product_tag?post=3198"}],"curies":[{"name":"wp","href":"https:\/\/api.w.org\/{rel}","templated":true}]}}