{"id":20678,"date":"2025-10-23T11:18:36","date_gmt":"2025-10-23T09:18:36","guid":{"rendered":"https:\/\/littleloua.com\/?post_type=product&#038;p=20678"},"modified":"2025-10-23T11:48:57","modified_gmt":"2025-10-23T09:48:57","slug":"set-lune-avec-ourson-et-petit-nuage","status":"publish","type":"product","link":"https:\/\/littleloua.com\/fr\/produit\/set-lune-avec-ourson-et-petit-nuage\/","title":{"rendered":"Set -Lune avec Ourson et Petit Nuage"},"content":{"rendered":"<p data-start=\"0\" data-end=\"103\"><strong data-start=\"0\" data-end=\"101\">Ensemble de Composition Murale Boucl\u00e9 Fait Main par Little Loua \u2014 Lune avec Ourson et Petit Nuage<\/strong><\/p>\n<p data-start=\"105\" data-end=\"480\">Transformez la chambre de votre enfant en un espace chaleureux et r\u00e9confortant gr\u00e2ce aux magnifiques appliques murales de <strong data-start=\"227\" data-end=\"242\">Little Loua<\/strong>.<br data-start=\"243\" data-end=\"246\" \/>Nos lampes murales en boucl\u00e9 \u2013 disponibles en forme de lune avec un adorable ourson et un petit nuage \u2013 apportent non seulement une lumi\u00e8re douce et apaisante, mais aussi une touche de magie \u00e0 toute chambre de b\u00e9b\u00e9 ou salle de jeux.<\/p>\n<p data-start=\"482\" data-end=\"790\">Le tissu boucl\u00e9 textur\u00e9 offre une apparence douce et cosy, tandis que la lumi\u00e8re chaude cr\u00e9e une atmosph\u00e8re relaxante, parfaite pour le coucher. Combinez diff\u00e9rentes formes pour cr\u00e9er une composition murale compl\u00e8te et transformez la pi\u00e8ce en un monde de r\u00eave o\u00f9 votre enfant se sent en s\u00e9curit\u00e9 et apais\u00e9.<\/p>\n<p data-start=\"797\" data-end=\"837\">\u2728 <strong data-start=\"799\" data-end=\"835\">Pourquoi vous allez les adorer :<\/strong><\/p>\n<ul data-start=\"838\" data-end=\"1070\">\n<li data-start=\"838\" data-end=\"898\">\n<p data-start=\"840\" data-end=\"898\">Fait main avec amour et une grande attention aux d\u00e9tails<\/p>\n<\/li>\n<li data-start=\"899\" data-end=\"941\">\n<p data-start=\"901\" data-end=\"941\">Formes uniques : lune, nuages &amp; ourson<\/p>\n<\/li>\n<li data-start=\"942\" data-end=\"993\">\n<p data-start=\"944\" data-end=\"993\">Id\u00e9ales pour les chambres de b\u00e9b\u00e9s et d\u2019enfants<\/p>\n<\/li>\n<li data-start=\"994\" data-end=\"1070\">\n<p data-start=\"996\" data-end=\"1070\">Parfaites \u00e0 combiner pour une d\u00e9coration murale compl\u00e8te <strong data-start=\"1053\" data-end=\"1068\">Little Loua<\/strong><\/p>\n<\/li>\n<\/ul>\n<p data-start=\"1072\" data-end=\"1176\">Cr\u00e9ez un univers de chaleur et de merveille \u2014 avec les appliques murales en boucl\u00e9 de <strong data-start=\"1158\" data-end=\"1173\">Little Loua<\/strong>.<\/p>\n<h3 data-start=\"1183\" data-end=\"1202\"><strong data-start=\"1187\" data-end=\"1200\">Contenu :<\/strong><\/h3>\n<ul data-start=\"1203\" data-end=\"1293\">\n<li data-start=\"1203\" data-end=\"1250\">\n<p data-start=\"1205\" data-end=\"1250\">1 lune avec ourson \u2013 avec ou sans lampe LED<\/p>\n<\/li>\n<li data-start=\"1251\" data-end=\"1293\">\n<p data-start=\"1253\" data-end=\"1293\">1 petit nuage \u2013 avec ou sans lampe LED<\/p>\n<\/li>\n<\/ul>\n<h3 data-start=\"1300\" data-end=\"1378\"><strong data-start=\"1304\" data-end=\"1376\">Fonctionnalit\u00e9s de l\u2019\u00e9clairage LED de la composition murale boucl\u00e9 :<\/strong><\/h3>\n<p data-start=\"1379\" data-end=\"1921\">\u00b0 <strong data-start=\"1381\" data-end=\"1402\">Facile \u00e0 utiliser<\/strong> \u2013 Gr\u00e2ce \u00e0 la t\u00e9l\u00e9commande, vous pouvez allumer ou \u00e9teindre la lumi\u00e8re sans d\u00e9ranger votre b\u00e9b\u00e9.<br data-start=\"1498\" data-end=\"1501\" \/>\u00b0 <strong data-start=\"1503\" data-end=\"1525\">Fonction minuterie<\/strong> \u2013 La lumi\u00e8re s\u2019\u00e9teint automatiquement apr\u00e8s 30 minutes, id\u00e9ale pour l\u2019heure du coucher.<br data-start=\"1613\" data-end=\"1616\" \/>\u00b0 <strong data-start=\"1618\" data-end=\"1636\">S\u00fbr \u00e0 utiliser<\/strong> \u2013 Les lampes et la t\u00e9l\u00e9commande fonctionnent \u00e0 piles et sont faciles \u00e0 accrocher.<br data-start=\"1718\" data-end=\"1721\" \/>\u00b0 <strong data-start=\"1723\" data-end=\"1747\">Diff\u00e9rentes couleurs<\/strong> \u2013 Avec la t\u00e9l\u00e9commande, choisissez la couleur ou l\u2019ambiance que vous souhaitez cr\u00e9er dans la pi\u00e8ce.<br data-start=\"1847\" data-end=\"1850\" \/>(Couleurs : blanc, jaune, orange, vert, rouge, bleu, violet, rose, \u2026)<\/p>\n<h3 data-start=\"1928\" data-end=\"1956\"><strong data-start=\"1932\" data-end=\"1954\">Caract\u00e9ristiques :<\/strong><\/h3>\n<p data-start=\"1957\" data-end=\"2666\"><strong data-start=\"1957\" data-end=\"1987\">Design Doux &amp; Chaleureux :<\/strong> Fabriqu\u00e9 en bois et recouvert d\u2019un tissu boucl\u00e9 doux \u2013 agr\u00e9able au toucher et offrant une exp\u00e9rience sensorielle apaisante pour votre b\u00e9b\u00e9.<br data-start=\"2127\" data-end=\"2130\" \/><strong data-start=\"2130\" data-end=\"2152\">\u00c9cologique &amp; S\u00fbr :<\/strong> Con\u00e7u \u00e0 partir de bois naturel certifi\u00e9 et de mat\u00e9riaux non toxiques \u2013 durable et sans danger pour les tout-petits.<br data-start=\"2268\" data-end=\"2271\" \/><strong data-start=\"2271\" data-end=\"2300\">\u00c9clairage LED Optionnel :<\/strong> La d\u00e9coration peut \u00eatre livr\u00e9e avec un \u00e9clairage LED diffusant une lumi\u00e8re douce et chaude \u2013 parfaite pour une ambiance paisible le soir.<br data-start=\"2438\" data-end=\"2441\" \/><strong data-start=\"2441\" data-end=\"2472\">Parfaite pour toute pi\u00e8ce :<\/strong> Que vous choisissiez uniquement la lune ou un ensemble assorti avec nuages et ballons \u2013 cette d\u00e9coration murale est une magnifique addition \u00e0 toute chambre de b\u00e9b\u00e9, d\u2019enfant ou salle de jeux.<\/p>\n<h3 data-start=\"2673\" data-end=\"2704\"><strong data-start=\"2677\" data-end=\"2702\">Conseil de s\u00e9curit\u00e9 :<\/strong><\/h3>\n<p data-start=\"2705\" data-end=\"3081\">Pour des raisons de s\u00e9curit\u00e9, nous recommandons de fixer solidement les c\u00e2bles et fils le long du mur ou d\u2019utiliser des cache-c\u00e2bles, surtout dans les foyers avec de jeunes enfants.<br data-start=\"2886\" data-end=\"2889\" \/>Toutes nos d\u00e9corations murales sont destin\u00e9es <strong data-start=\"2935\" data-end=\"2965\">uniquement \u00e0 la d\u00e9coration<\/strong> et non comme jouets. Accrochez-les hors de port\u00e9e des enfants, y compris les boucles et les \u00e9l\u00e9ments de fixation.<\/p>\n<h3 data-start=\"3088\" data-end=\"3191\"><strong data-start=\"3092\" data-end=\"3189\">Pourquoi choisir la D\u00e9coration Murale Boucl\u00e9 Lune avec Ourson et Petit Nuage de Little Loua ?<\/strong><\/h3>\n<p data-start=\"3192\" data-end=\"3647\">???? <strong data-start=\"3195\" data-end=\"3224\">Ludique &amp; Fonctionnelle :<\/strong> Un parfait m\u00e9lange entre design enchanteur et praticit\u00e9 \u2013 cr\u00e9e une atmosph\u00e8re apaisante et accueillante pour les b\u00e9b\u00e9s et les tout-petits.<br data-start=\"3363\" data-end=\"3366\" \/>???? <strong data-start=\"3369\" data-end=\"3395\">Fait Main avec Amour :<\/strong> Chaque pi\u00e8ce est soigneusement confectionn\u00e9e \u00e0 la main pour garantir une finition unique et de haute qualit\u00e9.<br data-start=\"3505\" data-end=\"3508\" \/>???? <strong data-start=\"3511\" data-end=\"3531\">Durable &amp; S\u00fbre :<\/strong> Fabriqu\u00e9e \u00e0 partir de mat\u00e9riaux \u00e9cologiques et s\u00fbrs pour les enfants \u2013 pour la tranquillit\u00e9 d\u2019esprit des parents.<\/p>\n<p data-start=\"3654\" data-end=\"3848\">Offrez \u00e0 votre enfant confort et style avec notre <strong data-start=\"3704\" data-end=\"3735\">D\u00e9coration Murale en Boucl\u00e9<\/strong> \u2013 la touche finale parfaite pour une atmosph\u00e8re de r\u00eave et de s\u00e9r\u00e9nit\u00e9 dans toute chambre de b\u00e9b\u00e9 ou d\u2019enfant.<\/p>\n<p data-start=\"3850\" data-end=\"3984\" data-is-last-node=\"\" data-is-only-node=\"\"><strong data-start=\"3850\" data-end=\"3878\">Commandez d\u00e8s maintenant<\/strong> et rendez la chambre de votre petit encore plus sp\u00e9ciale avec cette d\u00e9coration murale douce et adorable !<\/p>\n","protected":false},"excerpt":{"rendered":"<p data-start=\"383\" data-end=\"704\">Transformez la chambre de votre enfant en un espace chaleureux et r\u00e9confortant gr\u00e2ce aux magnifiques appliques murales de <strong data-start=\"227\" data-end=\"242\">Little Loua<\/strong>.<br data-start=\"243\" data-end=\"246\" \/>Nos lampes murales en boucl\u00e9 \u2013 disponibles en forme de lune avec un adorable ourson et un petit nuage \u2013 apportent non seulement une lumi\u00e8re douce et apaisante, mais aussi une touche de magie \u00e0 toute chambre de b\u00e9b\u00e9 ou salle de jeux.<\/p>\n<h5 data-start=\"1183\" data-end=\"1202\"><strong data-start=\"1187\" data-end=\"1200\">Contenu :<\/strong><\/h5>\n<ul data-start=\"1203\" data-end=\"1293\">\n<li data-start=\"1203\" data-end=\"1250\">\n<p data-start=\"1205\" data-end=\"1250\">1 lune avec ourson \u2013 avec ou sans lampe LED<\/p>\n<\/li>\n<li data-start=\"1251\" data-end=\"1293\">\n<p data-start=\"1253\" data-end=\"1293\">1 petit nuage \u2013 avec ou sans lampe LED<\/p>\n<\/li>\n<\/ul>\n","protected":false},"featured_media":22843,"template":"","meta":{"_acf_changed":false},"product_brand":[],"product_cat":[255],"product_tag":[],"class_list":{"0":"post-20678","1":"product","2":"type-product","3":"status-publish","4":"has-post-thumbnail","6":"product_cat-decoration-murale-boucle","8":"first","9":"instock","10":"featured","11":"shipping-taxable","12":"purchasable","13":"product-type-variable"},"acf":[],"yoast_head":"<!-- This site is optimized with the Yoast SEO plugin v27.4 - https:\/\/yoast.com\/product\/yoast-seo-wordpress\/ -->\n<title>set lune avec ourson et petit nuage boucl\u00e9 - Nursery<\/title>\n<meta name=\"description\" content=\"Transformez la chambre de votre b\u00e9b\u00e9 avec notre d\u00e9cor mural Boucl\u00e9 fait \u00e0 la main. Les mat\u00e9riaux doux et \u00e9cologiques et l&#039;\u00e9clairage LED en option cr\u00e9ent une atmosph\u00e8re douillette et apaisante.\" \/>\n<meta name=\"robots\" content=\"index, follow, max-snippet:-1, max-image-preview:large, max-video-preview:-1\" \/>\n<link rel=\"canonical\" href=\"https:\/\/littleloua.com\/fr\/produit\/set-lune-avec-ourson-et-petit-nuage\/\" \/>\n<meta property=\"og:locale\" content=\"fr_FR\" \/>\n<meta property=\"og:type\" content=\"article\" \/>\n<meta property=\"og:title\" content=\"set lune avec ourson et petit nuage boucl\u00e9 - Nursery\" \/>\n<meta property=\"og:description\" content=\"Transformez la chambre de votre b\u00e9b\u00e9 avec notre d\u00e9cor mural Boucl\u00e9 fait \u00e0 la main. Les mat\u00e9riaux doux et \u00e9cologiques et l&#039;\u00e9clairage LED en option cr\u00e9ent une atmosph\u00e8re douillette et apaisante.\" \/>\n<meta property=\"og:url\" content=\"https:\/\/littleloua.com\/fr\/produit\/set-lune-avec-ourson-et-petit-nuage\/\" \/>\n<meta property=\"og:site_name\" content=\"Little Loua\" \/>\n<meta property=\"article:publisher\" content=\"https:\/\/www.facebook.com\/littleloua\" \/>\n<meta property=\"article:modified_time\" content=\"2025-10-23T09:48:57+00:00\" \/>\n<meta property=\"og:image\" content=\"https:\/\/littleloua.com\/wp-content\/uploads\/2025\/10\/IMG_9528-4.jpg\" \/>\n\t<meta property=\"og:image:width\" content=\"1536\" \/>\n\t<meta property=\"og:image:height\" content=\"2048\" \/>\n\t<meta property=\"og:image:type\" content=\"image\/jpeg\" \/>\n<meta name=\"twitter:card\" content=\"summary_large_image\" \/>\n<meta name=\"twitter:label1\" content=\"Dur\u00e9e de lecture estim\u00e9e\" \/>\n\t<meta name=\"twitter:data1\" content=\"3 minutes\" \/>\n<script type=\"application\/ld+json\" class=\"yoast-schema-graph\">{\"@context\":\"https:\\\/\\\/schema.org\",\"@graph\":[{\"@type\":\"WebPage\",\"@id\":\"https:\\\/\\\/littleloua.com\\\/fr\\\/produit\\\/set-lune-avec-ourson-et-petit-nuage\\\/\",\"url\":\"https:\\\/\\\/littleloua.com\\\/fr\\\/produit\\\/set-lune-avec-ourson-et-petit-nuage\\\/\",\"name\":\"set lune avec ourson et petit nuage boucl\u00e9 - Nursery\",\"isPartOf\":{\"@id\":\"https:\\\/\\\/littleloua.com\\\/fr\\\/#website\"},\"primaryImageOfPage\":{\"@id\":\"https:\\\/\\\/littleloua.com\\\/fr\\\/produit\\\/set-lune-avec-ourson-et-petit-nuage\\\/#primaryimage\"},\"image\":{\"@id\":\"https:\\\/\\\/littleloua.com\\\/fr\\\/produit\\\/set-lune-avec-ourson-et-petit-nuage\\\/#primaryimage\"},\"thumbnailUrl\":\"https:\\\/\\\/littleloua.com\\\/wp-content\\\/uploads\\\/2025\\\/10\\\/IMG_9528-4.jpg\",\"datePublished\":\"2025-10-23T09:18:36+00:00\",\"dateModified\":\"2025-10-23T09:48:57+00:00\",\"description\":\"Transformez la chambre de votre b\u00e9b\u00e9 avec notre d\u00e9cor mural Boucl\u00e9 fait \u00e0 la main. Les mat\u00e9riaux doux et \u00e9cologiques et l'\u00e9clairage LED en option cr\u00e9ent une atmosph\u00e8re douillette et apaisante.\",\"breadcrumb\":{\"@id\":\"https:\\\/\\\/littleloua.com\\\/fr\\\/produit\\\/set-lune-avec-ourson-et-petit-nuage\\\/#breadcrumb\"},\"inLanguage\":\"fr-FR\",\"potentialAction\":[{\"@type\":\"ReadAction\",\"target\":[\"https:\\\/\\\/littleloua.com\\\/fr\\\/produit\\\/set-lune-avec-ourson-et-petit-nuage\\\/\"]}]},{\"@type\":\"ImageObject\",\"inLanguage\":\"fr-FR\",\"@id\":\"https:\\\/\\\/littleloua.com\\\/fr\\\/produit\\\/set-lune-avec-ourson-et-petit-nuage\\\/#primaryimage\",\"url\":\"https:\\\/\\\/littleloua.com\\\/wp-content\\\/uploads\\\/2025\\\/10\\\/IMG_9528-4.jpg\",\"contentUrl\":\"https:\\\/\\\/littleloua.com\\\/wp-content\\\/uploads\\\/2025\\\/10\\\/IMG_9528-4.jpg\",\"width\":1536,\"height\":2048},{\"@type\":\"BreadcrumbList\",\"@id\":\"https:\\\/\\\/littleloua.com\\\/fr\\\/produit\\\/set-lune-avec-ourson-et-petit-nuage\\\/#breadcrumb\",\"itemListElement\":[{\"@type\":\"ListItem\",\"position\":1,\"name\":\"Home\",\"item\":\"https:\\\/\\\/littleloua.com\\\/fr\\\/\"},{\"@type\":\"ListItem\",\"position\":2,\"name\":\"Shop\",\"item\":\"https:\\\/\\\/littleloua.com\\\/fr\\\/shop\\\/\"},{\"@type\":\"ListItem\",\"position\":3,\"name\":\"Set -Lune avec Ourson et Petit Nuage\"}]},{\"@type\":\"WebSite\",\"@id\":\"https:\\\/\\\/littleloua.com\\\/fr\\\/#website\",\"url\":\"https:\\\/\\\/littleloua.com\\\/fr\\\/\",\"name\":\"Little Loua\",\"description\":\"Handmade Baby mobiles created with love\",\"publisher\":{\"@id\":\"https:\\\/\\\/littleloua.com\\\/fr\\\/#organization\"},\"potentialAction\":[{\"@type\":\"SearchAction\",\"target\":{\"@type\":\"EntryPoint\",\"urlTemplate\":\"https:\\\/\\\/littleloua.com\\\/fr\\\/?s={search_term_string}\"},\"query-input\":{\"@type\":\"PropertyValueSpecification\",\"valueRequired\":true,\"valueName\":\"search_term_string\"}}],\"inLanguage\":\"fr-FR\"},{\"@type\":\"Organization\",\"@id\":\"https:\\\/\\\/littleloua.com\\\/fr\\\/#organization\",\"name\":\"Little Loua\",\"url\":\"https:\\\/\\\/littleloua.com\\\/fr\\\/\",\"logo\":{\"@type\":\"ImageObject\",\"inLanguage\":\"fr-FR\",\"@id\":\"https:\\\/\\\/littleloua.com\\\/fr\\\/#\\\/schema\\\/logo\\\/image\\\/\",\"url\":\"https:\\\/\\\/littleloua.com\\\/wp-content\\\/uploads\\\/2023\\\/06\\\/logo-little-loua-handmade-baby-mobiles.png\",\"contentUrl\":\"https:\\\/\\\/littleloua.com\\\/wp-content\\\/uploads\\\/2023\\\/06\\\/logo-little-loua-handmade-baby-mobiles.png\",\"width\":316,\"height\":285,\"caption\":\"Little Loua\"},\"image\":{\"@id\":\"https:\\\/\\\/littleloua.com\\\/fr\\\/#\\\/schema\\\/logo\\\/image\\\/\"},\"sameAs\":[\"https:\\\/\\\/www.facebook.com\\\/littleloua\",\"https:\\\/\\\/www.instagram.com\\\/little.loua\\\/\"]}]}<\/script>\n<!-- \/ Yoast SEO plugin. -->","yoast_head_json":{"title":"set lune avec ourson et petit nuage boucl\u00e9 - Nursery","description":"Transformez la chambre de votre b\u00e9b\u00e9 avec notre d\u00e9cor mural Boucl\u00e9 fait \u00e0 la main. Les mat\u00e9riaux doux et \u00e9cologiques et l'\u00e9clairage LED en option cr\u00e9ent une atmosph\u00e8re douillette et apaisante.","robots":{"index":"index","follow":"follow","max-snippet":"max-snippet:-1","max-image-preview":"max-image-preview:large","max-video-preview":"max-video-preview:-1"},"canonical":"https:\/\/littleloua.com\/fr\/produit\/set-lune-avec-ourson-et-petit-nuage\/","og_locale":"fr_FR","og_type":"article","og_title":"set lune avec ourson et petit nuage boucl\u00e9 - Nursery","og_description":"Transformez la chambre de votre b\u00e9b\u00e9 avec notre d\u00e9cor mural Boucl\u00e9 fait \u00e0 la main. Les mat\u00e9riaux doux et \u00e9cologiques et l'\u00e9clairage LED en option cr\u00e9ent une atmosph\u00e8re douillette et apaisante.","og_url":"https:\/\/littleloua.com\/fr\/produit\/set-lune-avec-ourson-et-petit-nuage\/","og_site_name":"Little Loua","article_publisher":"https:\/\/www.facebook.com\/littleloua","article_modified_time":"2025-10-23T09:48:57+00:00","og_image":[{"width":1536,"height":2048,"url":"https:\/\/littleloua.com\/wp-content\/uploads\/2025\/10\/IMG_9528-4.jpg","type":"image\/jpeg"}],"twitter_card":"summary_large_image","twitter_misc":{"Dur\u00e9e de lecture estim\u00e9e":"3 minutes"},"schema":{"@context":"https:\/\/schema.org","@graph":[{"@type":"WebPage","@id":"https:\/\/littleloua.com\/fr\/produit\/set-lune-avec-ourson-et-petit-nuage\/","url":"https:\/\/littleloua.com\/fr\/produit\/set-lune-avec-ourson-et-petit-nuage\/","name":"set lune avec ourson et petit nuage boucl\u00e9 - Nursery","isPartOf":{"@id":"https:\/\/littleloua.com\/fr\/#website"},"primaryImageOfPage":{"@id":"https:\/\/littleloua.com\/fr\/produit\/set-lune-avec-ourson-et-petit-nuage\/#primaryimage"},"image":{"@id":"https:\/\/littleloua.com\/fr\/produit\/set-lune-avec-ourson-et-petit-nuage\/#primaryimage"},"thumbnailUrl":"https:\/\/littleloua.com\/wp-content\/uploads\/2025\/10\/IMG_9528-4.jpg","datePublished":"2025-10-23T09:18:36+00:00","dateModified":"2025-10-23T09:48:57+00:00","description":"Transformez la chambre de votre b\u00e9b\u00e9 avec notre d\u00e9cor mural Boucl\u00e9 fait \u00e0 la main. Les mat\u00e9riaux doux et \u00e9cologiques et l'\u00e9clairage LED en option cr\u00e9ent une atmosph\u00e8re douillette et apaisante.","breadcrumb":{"@id":"https:\/\/littleloua.com\/fr\/produit\/set-lune-avec-ourson-et-petit-nuage\/#breadcrumb"},"inLanguage":"fr-FR","potentialAction":[{"@type":"ReadAction","target":["https:\/\/littleloua.com\/fr\/produit\/set-lune-avec-ourson-et-petit-nuage\/"]}]},{"@type":"ImageObject","inLanguage":"fr-FR","@id":"https:\/\/littleloua.com\/fr\/produit\/set-lune-avec-ourson-et-petit-nuage\/#primaryimage","url":"https:\/\/littleloua.com\/wp-content\/uploads\/2025\/10\/IMG_9528-4.jpg","contentUrl":"https:\/\/littleloua.com\/wp-content\/uploads\/2025\/10\/IMG_9528-4.jpg","width":1536,"height":2048},{"@type":"BreadcrumbList","@id":"https:\/\/littleloua.com\/fr\/produit\/set-lune-avec-ourson-et-petit-nuage\/#breadcrumb","itemListElement":[{"@type":"ListItem","position":1,"name":"Home","item":"https:\/\/littleloua.com\/fr\/"},{"@type":"ListItem","position":2,"name":"Shop","item":"https:\/\/littleloua.com\/fr\/shop\/"},{"@type":"ListItem","position":3,"name":"Set -Lune avec Ourson et Petit Nuage"}]},{"@type":"WebSite","@id":"https:\/\/littleloua.com\/fr\/#website","url":"https:\/\/littleloua.com\/fr\/","name":"Little Loua","description":"Handmade Baby mobiles created with love","publisher":{"@id":"https:\/\/littleloua.com\/fr\/#organization"},"potentialAction":[{"@type":"SearchAction","target":{"@type":"EntryPoint","urlTemplate":"https:\/\/littleloua.com\/fr\/?s={search_term_string}"},"query-input":{"@type":"PropertyValueSpecification","valueRequired":true,"valueName":"search_term_string"}}],"inLanguage":"fr-FR"},{"@type":"Organization","@id":"https:\/\/littleloua.com\/fr\/#organization","name":"Little Loua","url":"https:\/\/littleloua.com\/fr\/","logo":{"@type":"ImageObject","inLanguage":"fr-FR","@id":"https:\/\/littleloua.com\/fr\/#\/schema\/logo\/image\/","url":"https:\/\/littleloua.com\/wp-content\/uploads\/2023\/06\/logo-little-loua-handmade-baby-mobiles.png","contentUrl":"https:\/\/littleloua.com\/wp-content\/uploads\/2023\/06\/logo-little-loua-handmade-baby-mobiles.png","width":316,"height":285,"caption":"Little Loua"},"image":{"@id":"https:\/\/littleloua.com\/fr\/#\/schema\/logo\/image\/"},"sameAs":["https:\/\/www.facebook.com\/littleloua","https:\/\/www.instagram.com\/little.loua\/"]}]}},"_links":{"self":[{"href":"https:\/\/littleloua.com\/fr\/wp-json\/wp\/v2\/product\/20678","targetHints":{"allow":["GET"]}}],"collection":[{"href":"https:\/\/littleloua.com\/fr\/wp-json\/wp\/v2\/product"}],"about":[{"href":"https:\/\/littleloua.com\/fr\/wp-json\/wp\/v2\/types\/product"}],"version-history":[{"count":2,"href":"https:\/\/littleloua.com\/fr\/wp-json\/wp\/v2\/product\/20678\/revisions"}],"predecessor-version":[{"id":20753,"href":"https:\/\/littleloua.com\/fr\/wp-json\/wp\/v2\/product\/20678\/revisions\/20753"}],"wp:featuredmedia":[{"embeddable":true,"href":"https:\/\/littleloua.com\/fr\/wp-json\/wp\/v2\/media\/22843"}],"wp:attachment":[{"href":"https:\/\/littleloua.com\/fr\/wp-json\/wp\/v2\/media?parent=20678"}],"wp:term":[{"taxonomy":"product_brand","embeddable":true,"href":"https:\/\/littleloua.com\/fr\/wp-json\/wp\/v2\/product_brand?post=20678"},{"taxonomy":"product_cat","embeddable":true,"href":"https:\/\/littleloua.com\/fr\/wp-json\/wp\/v2\/product_cat?post=20678"},{"taxonomy":"product_tag","embeddable":true,"href":"https:\/\/littleloua.com\/fr\/wp-json\/wp\/v2\/product_tag?post=20678"}],"curies":[{"name":"wp","href":"https:\/\/api.w.org\/{rel}","templated":true}]}}