{"id":20109,"date":"2025-09-24T15:31:23","date_gmt":"2025-09-24T13:31:23","guid":{"rendered":"https:\/\/littleloua.com\/?post_type=product&#038;p=20109"},"modified":"2025-10-21T12:14:33","modified_gmt":"2025-10-21T10:14:33","slug":"mobile-dautomne-fait-main","status":"publish","type":"product","link":"https:\/\/littleloua.com\/fr\/produit\/mobile-dautomne-fait-main\/","title":{"rendered":"mobile d\u2019automne fait main"},"content":{"rendered":"<h1 data-start=\"49\" data-end=\"88\"><strong data-start=\"49\" data-end=\"88\">Mobile d\u2019automne fait main pour b\u00e9b\u00e9<\/strong><\/h1>\n<p data-start=\"90\" data-end=\"471\">Cr\u00e9ez une ambiance douce et apaisante pour votre tout-petit avec notre magnifique mobile pour b\u00e9b\u00e9. Ce mobile d\u2019automne est d\u00e9cor\u00e9 avec des feuilles d\u2019automne, des noix et des champignons. Tous les \u00e9l\u00e9ments sont solidement suspendus \u00e0 un anneau en bois \u00e0 l\u2019aide de cordelettes durables.<br data-start=\"368\" data-end=\"371\" \/>Parfait pour les premiers mois, lorsque votre b\u00e9b\u00e9 passe beaucoup de temps dans son lit ou son parc.<\/p>\n<p data-start=\"473\" data-end=\"699\"><strong data-start=\"473\" data-end=\"537\">Attention : Ce prix comprend uniquement le mobile pour b\u00e9b\u00e9.<\/strong><br data-start=\"537\" data-end=\"540\" \/>Souhaitez-vous le set complet avec bo\u00eete \u00e0 musique et bras de support ? Vous pouvez alors les ajouter dans la section \u00ab set complet \u00bb avec une belle r\u00e9duction.<\/p>\n<h3 data-start=\"706\" data-end=\"751\">Un mobile en bois \u00e9cologique et fait main<\/h3>\n<p data-start=\"753\" data-end=\"943\">Notre mobile d&rsquo;automne est bien plus qu\u2019un simple objet d\u00e9coratif. Gr\u00e2ce \u00e0 son artisanat de haute qualit\u00e9 et \u00e0 ses mat\u00e9riaux durables, il constitue un ajout id\u00e9al \u00e0 la chambre de votre b\u00e9b\u00e9 :<\/p>\n<ul data-start=\"945\" data-end=\"1699\">\n<li data-start=\"945\" data-end=\"1111\">\n<p data-start=\"947\" data-end=\"1111\"><strong data-start=\"947\" data-end=\"976\">Dimensions harmonieuses :<\/strong> Avec un diam\u00e8tre g\u00e9n\u00e9reux de 24 cm et une hauteur de 50 cm, ce mobile est soigneusement con\u00e7u pour capter l\u2019attention de votre b\u00e9b\u00e9.<\/p>\n<\/li>\n<li data-start=\"1112\" data-end=\"1405\">\n<p data-start=\"1114\" data-end=\"1405\"><strong data-start=\"1114\" data-end=\"1155\">Mat\u00e9riaux \u00e9cologiques haut de gamme :<\/strong> Nous privil\u00e9gions la durabilit\u00e9 en utilisant des mat\u00e9riaux de premi\u00e8re qualit\u00e9 comme la feutrine, le tissu boucl\u00e9, le fil de coton et le bois, combin\u00e9s \u00e0 un rembourrage hypoallerg\u00e9nique. La s\u00e9curit\u00e9 et le confort de votre b\u00e9b\u00e9 sont notre priorit\u00e9.<\/p>\n<\/li>\n<li data-start=\"1406\" data-end=\"1537\">\n<p data-start=\"1408\" data-end=\"1537\"><strong data-start=\"1408\" data-end=\"1428\">Design \u00e9l\u00e9gant :<\/strong> Son design raffin\u00e9 apporte une touche d\u2019\u00e9l\u00e9gance \u00e0 la chambre, un choix parfait pour les parents modernes.<\/p>\n<\/li>\n<li data-start=\"1538\" data-end=\"1699\">\n<p data-start=\"1540\" data-end=\"1699\"><strong data-start=\"1540\" data-end=\"1573\">\u00c9l\u00e9ments artisanaux uniques :<\/strong> Chaque mobile est unique, avec des \u00e9l\u00e9ments cousus \u00e0 la main qui refl\u00e8tent le soin et le savoir-faire apport\u00e9s \u00e0 sa cr\u00e9ation<\/p>\n<\/li>\n<\/ul>\n<p>&nbsp;<\/p>\n<h3 data-start=\"1706\" data-end=\"1747\">\u00c0 propos de nos cr\u00e9ations artisanales<\/h3>\n<p data-start=\"1749\" data-end=\"2073\">Chaque pi\u00e8ce est unique et faite \u00e0 la main. Bien que nous nous efforcions de reproduire les photos le plus fid\u00e8lement possible, de l\u00e9g\u00e8res variations de couleurs ou de couture peuvent appara\u00eetre entre les cr\u00e9ations. Cela est d\u00fb au fait que chaque article est confectionn\u00e9 individuellement \u00e0 la main, et non par des machines.<\/p>\n<p data-start=\"2075\" data-end=\"2326\">Pour pr\u00e9server l\u2019aspect de votre mobile d&rsquo;automne, nous vous recommandons de ne pas le laver. Le mobile est soigneusement nettoy\u00e9 avant l\u2019exp\u00e9dition afin qu\u2019il arrive en parfait \u00e9tat. Vous pouvez simplement le d\u00e9poussi\u00e9rer \u00e0 l\u2019aide d\u2019un chiffon humide.<\/p>\n<p data-start=\"2328\" data-end=\"2438\">Si vous avez des questions ou besoin d\u2019aide, n\u2019h\u00e9sitez pas \u00e0 nous contacter. Nous serons ravis de vous aider !<\/p>\n<h3 data-start=\"2445\" data-end=\"2509\">Recommandations de s\u00e9curit\u00e9 concernant notre mobile d&rsquo;automne<\/h3>\n<p data-start=\"2511\" data-end=\"2911\">Nos mobiles pour b\u00e9b\u00e9 sont con\u00e7us \u00e0 des fins d\u00e9coratives uniquement et ne doivent pas \u00eatre utilis\u00e9s comme jouets. Il est essentiel de toujours garder le mobile hors de port\u00e9e de l\u2019enfant. Suspendez-le solidement au-dessus du berceau, \u00e0 une hauteur suffisante pour que le b\u00e9b\u00e9 ne puisse pas le toucher. Retirez le mobile ou suspendez-le plus haut d\u00e8s que votre b\u00e9b\u00e9 peut s\u2019asseoir, ramper ou se lever.<\/p>\n<p data-start=\"2913\" data-end=\"3168\">Lorsque vous suspendez le mobile, assurez-vous que votre enfant le voit bien. Il est recommand\u00e9 de le placer au centre du lit pour un confort optimal. S\u2019il est suspendu directement au-dessus de la t\u00eate du b\u00e9b\u00e9, il lui sera difficile de voir les figurines.<\/p>\n<h3 data-start=\"3175\" data-end=\"3196\">Le cadeau parfait<\/h3>\n<p data-start=\"3198\" data-end=\"3326\">Ce mobile pour b\u00e9b\u00e9 est le cadeau de naissance id\u00e9al. Rendez-le encore plus sp\u00e9cial en le personnalisant avec le pr\u00e9nom du b\u00e9b\u00e9.<\/p>\n<p data-start=\"3328\" data-end=\"3398\"><strong data-start=\"3328\" data-end=\"3398\">De plus, la livraison est gratuite \u00e0 partir de 100,00 EUR d\u2019achat.<\/strong><\/p>\n","protected":false},"excerpt":{"rendered":"<p data-start=\"90\" data-end=\"471\">Cr\u00e9ez une ambiance douce et apaisante pour votre tout-petit avec notre magnifique mobile pour b\u00e9b\u00e9. Ce mobile d\u2019automne est d\u00e9cor\u00e9 avec des feuilles d\u2019automne, des noix et des champignons. Tous les \u00e9l\u00e9ments sont solidement suspendus \u00e0 un anneau en bois \u00e0 l\u2019aide de cordelettes durables.<br data-start=\"368\" data-end=\"371\" \/>Parfait pour les premiers mois, lorsque votre b\u00e9b\u00e9 passe beaucoup de temps dans son lit ou son parc.<\/p>\n<p data-start=\"473\" data-end=\"699\"><strong data-start=\"473\" data-end=\"537\">Attention : Ce prix comprend uniquement le mobile pour b\u00e9b\u00e9.<\/strong><br data-start=\"537\" data-end=\"540\" \/>Souhaitez-vous le set complet avec bo\u00eete \u00e0 musique et bras de support ? Vous pouvez alors les ajouter dans la section \u00ab set complet \u00bb avec une belle r\u00e9duction.<\/p>\n","protected":false},"featured_media":20063,"template":"","meta":{"_acf_changed":false},"product_brand":[],"product_cat":[54],"product_tag":[103,107,131],"class_list":{"0":"post-20109","1":"product","2":"type-product","3":"status-publish","4":"has-post-thumbnail","6":"product_cat-mobile-bebe","7":"product_tag-channable-fr","8":"product_tag-ds-fr","9":"product_tag-engels-fr","10":"pa_limited-edition-limited-edition-fr","12":"first","13":"instock","14":"shipping-taxable","15":"purchasable","16":"product-type-simple"},"acf":[],"yoast_head":"<!-- This site is optimized with the Yoast SEO plugin v26.2 - https:\/\/yoast.com\/wordpress\/plugins\/seo\/ -->\n<title>Mobile pour b\u00e9b\u00e9 d&#039;automne fait main| Little Loua<\/title>\n<meta name=\"description\" content=\"Offrez \u00e0 la chambre de votre b\u00e9b\u00e9 une ambiance enchant\u00e9e avec notre mobile b\u00e9b\u00e9 d&#039;automne fait main.\" \/>\n<meta name=\"robots\" content=\"index, follow, max-snippet:-1, max-image-preview:large, max-video-preview:-1\" \/>\n<link rel=\"canonical\" href=\"https:\/\/littleloua.com\/fr\/produit\/mobile-dautomne-fait-main\/\" \/>\n<meta property=\"og:locale\" content=\"fr_FR\" \/>\n<meta property=\"og:type\" content=\"article\" \/>\n<meta property=\"og:title\" content=\"Mobile pour b\u00e9b\u00e9 d&#039;automne fait main| Little Loua\" \/>\n<meta property=\"og:description\" content=\"Offrez \u00e0 la chambre de votre b\u00e9b\u00e9 une ambiance enchant\u00e9e avec notre mobile b\u00e9b\u00e9 d&#039;automne fait main.\" \/>\n<meta property=\"og:url\" content=\"https:\/\/littleloua.com\/fr\/produit\/mobile-dautomne-fait-main\/\" \/>\n<meta property=\"og:site_name\" content=\"Little Loua\" \/>\n<meta property=\"article:publisher\" content=\"https:\/\/www.facebook.com\/littleloua\" \/>\n<meta property=\"article:modified_time\" content=\"2025-10-21T10:14:33+00:00\" \/>\n<meta property=\"og:image\" content=\"https:\/\/littleloua.com\/wp-content\/uploads\/2025\/09\/6CFFC101-266F-41A9-BF48-D1CA78D5D6DB-3-scaled.jpg\" \/>\n\t<meta property=\"og:image:width\" content=\"1707\" \/>\n\t<meta property=\"og:image:height\" content=\"2560\" \/>\n\t<meta property=\"og:image:type\" content=\"image\/jpeg\" \/>\n<meta name=\"twitter:card\" content=\"summary_large_image\" \/>\n<meta name=\"twitter:label1\" content=\"Dur\u00e9e de lecture estim\u00e9e\" \/>\n\t<meta name=\"twitter:data1\" content=\"3 minutes\" \/>\n<script type=\"application\/ld+json\" class=\"yoast-schema-graph\">{\"@context\":\"https:\/\/schema.org\",\"@graph\":[{\"@type\":\"WebPage\",\"@id\":\"https:\/\/littleloua.com\/fr\/produit\/mobile-dautomne-fait-main\/\",\"url\":\"https:\/\/littleloua.com\/fr\/produit\/mobile-dautomne-fait-main\/\",\"name\":\"Mobile pour b\u00e9b\u00e9 d'automne fait main| Little Loua\",\"isPartOf\":{\"@id\":\"https:\/\/littleloua.com\/fr\/#website\"},\"primaryImageOfPage\":{\"@id\":\"https:\/\/littleloua.com\/fr\/produit\/mobile-dautomne-fait-main\/#primaryimage\"},\"image\":{\"@id\":\"https:\/\/littleloua.com\/fr\/produit\/mobile-dautomne-fait-main\/#primaryimage\"},\"thumbnailUrl\":\"https:\/\/littleloua.com\/wp-content\/uploads\/2025\/09\/6CFFC101-266F-41A9-BF48-D1CA78D5D6DB-3-scaled.jpg\",\"datePublished\":\"2025-09-24T13:31:23+00:00\",\"dateModified\":\"2025-10-21T10:14:33+00:00\",\"description\":\"Offrez \u00e0 la chambre de votre b\u00e9b\u00e9 une ambiance enchant\u00e9e avec notre mobile b\u00e9b\u00e9 d'automne fait main.\",\"breadcrumb\":{\"@id\":\"https:\/\/littleloua.com\/fr\/produit\/mobile-dautomne-fait-main\/#breadcrumb\"},\"inLanguage\":\"fr-FR\",\"potentialAction\":[{\"@type\":\"ReadAction\",\"target\":[\"https:\/\/littleloua.com\/fr\/produit\/mobile-dautomne-fait-main\/\"]}]},{\"@type\":\"ImageObject\",\"inLanguage\":\"fr-FR\",\"@id\":\"https:\/\/littleloua.com\/fr\/produit\/mobile-dautomne-fait-main\/#primaryimage\",\"url\":\"https:\/\/littleloua.com\/wp-content\/uploads\/2025\/09\/6CFFC101-266F-41A9-BF48-D1CA78D5D6DB-3-scaled.jpg\",\"contentUrl\":\"https:\/\/littleloua.com\/wp-content\/uploads\/2025\/09\/6CFFC101-266F-41A9-BF48-D1CA78D5D6DB-3-scaled.jpg\",\"width\":1707,\"height\":2560},{\"@type\":\"BreadcrumbList\",\"@id\":\"https:\/\/littleloua.com\/fr\/produit\/mobile-dautomne-fait-main\/#breadcrumb\",\"itemListElement\":[{\"@type\":\"ListItem\",\"position\":1,\"name\":\"Home\",\"item\":\"https:\/\/littleloua.com\/fr\/home-2\/\"},{\"@type\":\"ListItem\",\"position\":2,\"name\":\"Shop\",\"item\":\"https:\/\/littleloua.com\/fr\/shop\/\"},{\"@type\":\"ListItem\",\"position\":3,\"name\":\"mobile d\u2019automne fait main\"}]},{\"@type\":\"WebSite\",\"@id\":\"https:\/\/littleloua.com\/fr\/#website\",\"url\":\"https:\/\/littleloua.com\/fr\/\",\"name\":\"Little Loua\",\"description\":\"Handmade Baby mobiles created with love\",\"publisher\":{\"@id\":\"https:\/\/littleloua.com\/fr\/#organization\"},\"potentialAction\":[{\"@type\":\"SearchAction\",\"target\":{\"@type\":\"EntryPoint\",\"urlTemplate\":\"https:\/\/littleloua.com\/fr\/?s={search_term_string}\"},\"query-input\":{\"@type\":\"PropertyValueSpecification\",\"valueRequired\":true,\"valueName\":\"search_term_string\"}}],\"inLanguage\":\"fr-FR\"},{\"@type\":\"Organization\",\"@id\":\"https:\/\/littleloua.com\/fr\/#organization\",\"name\":\"Little Loua\",\"url\":\"https:\/\/littleloua.com\/fr\/\",\"logo\":{\"@type\":\"ImageObject\",\"inLanguage\":\"fr-FR\",\"@id\":\"https:\/\/littleloua.com\/fr\/#\/schema\/logo\/image\/\",\"url\":\"https:\/\/littleloua.com\/wp-content\/uploads\/2023\/06\/logo-little-loua-handmade-baby-mobiles.png\",\"contentUrl\":\"https:\/\/littleloua.com\/wp-content\/uploads\/2023\/06\/logo-little-loua-handmade-baby-mobiles.png\",\"width\":316,\"height\":285,\"caption\":\"Little Loua\"},\"image\":{\"@id\":\"https:\/\/littleloua.com\/fr\/#\/schema\/logo\/image\/\"},\"sameAs\":[\"https:\/\/www.facebook.com\/littleloua\",\"https:\/\/www.instagram.com\/little.loua\/\"]}]}<\/script>\n<!-- \/ Yoast SEO plugin. -->","yoast_head_json":{"title":"Mobile pour b\u00e9b\u00e9 d'automne fait main| Little Loua","description":"Offrez \u00e0 la chambre de votre b\u00e9b\u00e9 une ambiance enchant\u00e9e avec notre mobile b\u00e9b\u00e9 d'automne fait main.","robots":{"index":"index","follow":"follow","max-snippet":"max-snippet:-1","max-image-preview":"max-image-preview:large","max-video-preview":"max-video-preview:-1"},"canonical":"https:\/\/littleloua.com\/fr\/produit\/mobile-dautomne-fait-main\/","og_locale":"fr_FR","og_type":"article","og_title":"Mobile pour b\u00e9b\u00e9 d'automne fait main| Little Loua","og_description":"Offrez \u00e0 la chambre de votre b\u00e9b\u00e9 une ambiance enchant\u00e9e avec notre mobile b\u00e9b\u00e9 d'automne fait main.","og_url":"https:\/\/littleloua.com\/fr\/produit\/mobile-dautomne-fait-main\/","og_site_name":"Little Loua","article_publisher":"https:\/\/www.facebook.com\/littleloua","article_modified_time":"2025-10-21T10:14:33+00:00","og_image":[{"width":1707,"height":2560,"url":"https:\/\/littleloua.com\/wp-content\/uploads\/2025\/09\/6CFFC101-266F-41A9-BF48-D1CA78D5D6DB-3-scaled.jpg","type":"image\/jpeg"}],"twitter_card":"summary_large_image","twitter_misc":{"Dur\u00e9e de lecture estim\u00e9e":"3 minutes"},"schema":{"@context":"https:\/\/schema.org","@graph":[{"@type":"WebPage","@id":"https:\/\/littleloua.com\/fr\/produit\/mobile-dautomne-fait-main\/","url":"https:\/\/littleloua.com\/fr\/produit\/mobile-dautomne-fait-main\/","name":"Mobile pour b\u00e9b\u00e9 d'automne fait main| Little Loua","isPartOf":{"@id":"https:\/\/littleloua.com\/fr\/#website"},"primaryImageOfPage":{"@id":"https:\/\/littleloua.com\/fr\/produit\/mobile-dautomne-fait-main\/#primaryimage"},"image":{"@id":"https:\/\/littleloua.com\/fr\/produit\/mobile-dautomne-fait-main\/#primaryimage"},"thumbnailUrl":"https:\/\/littleloua.com\/wp-content\/uploads\/2025\/09\/6CFFC101-266F-41A9-BF48-D1CA78D5D6DB-3-scaled.jpg","datePublished":"2025-09-24T13:31:23+00:00","dateModified":"2025-10-21T10:14:33+00:00","description":"Offrez \u00e0 la chambre de votre b\u00e9b\u00e9 une ambiance enchant\u00e9e avec notre mobile b\u00e9b\u00e9 d'automne fait main.","breadcrumb":{"@id":"https:\/\/littleloua.com\/fr\/produit\/mobile-dautomne-fait-main\/#breadcrumb"},"inLanguage":"fr-FR","potentialAction":[{"@type":"ReadAction","target":["https:\/\/littleloua.com\/fr\/produit\/mobile-dautomne-fait-main\/"]}]},{"@type":"ImageObject","inLanguage":"fr-FR","@id":"https:\/\/littleloua.com\/fr\/produit\/mobile-dautomne-fait-main\/#primaryimage","url":"https:\/\/littleloua.com\/wp-content\/uploads\/2025\/09\/6CFFC101-266F-41A9-BF48-D1CA78D5D6DB-3-scaled.jpg","contentUrl":"https:\/\/littleloua.com\/wp-content\/uploads\/2025\/09\/6CFFC101-266F-41A9-BF48-D1CA78D5D6DB-3-scaled.jpg","width":1707,"height":2560},{"@type":"BreadcrumbList","@id":"https:\/\/littleloua.com\/fr\/produit\/mobile-dautomne-fait-main\/#breadcrumb","itemListElement":[{"@type":"ListItem","position":1,"name":"Home","item":"https:\/\/littleloua.com\/fr\/home-2\/"},{"@type":"ListItem","position":2,"name":"Shop","item":"https:\/\/littleloua.com\/fr\/shop\/"},{"@type":"ListItem","position":3,"name":"mobile d\u2019automne fait main"}]},{"@type":"WebSite","@id":"https:\/\/littleloua.com\/fr\/#website","url":"https:\/\/littleloua.com\/fr\/","name":"Little Loua","description":"Handmade Baby mobiles created with love","publisher":{"@id":"https:\/\/littleloua.com\/fr\/#organization"},"potentialAction":[{"@type":"SearchAction","target":{"@type":"EntryPoint","urlTemplate":"https:\/\/littleloua.com\/fr\/?s={search_term_string}"},"query-input":{"@type":"PropertyValueSpecification","valueRequired":true,"valueName":"search_term_string"}}],"inLanguage":"fr-FR"},{"@type":"Organization","@id":"https:\/\/littleloua.com\/fr\/#organization","name":"Little Loua","url":"https:\/\/littleloua.com\/fr\/","logo":{"@type":"ImageObject","inLanguage":"fr-FR","@id":"https:\/\/littleloua.com\/fr\/#\/schema\/logo\/image\/","url":"https:\/\/littleloua.com\/wp-content\/uploads\/2023\/06\/logo-little-loua-handmade-baby-mobiles.png","contentUrl":"https:\/\/littleloua.com\/wp-content\/uploads\/2023\/06\/logo-little-loua-handmade-baby-mobiles.png","width":316,"height":285,"caption":"Little Loua"},"image":{"@id":"https:\/\/littleloua.com\/fr\/#\/schema\/logo\/image\/"},"sameAs":["https:\/\/www.facebook.com\/littleloua","https:\/\/www.instagram.com\/little.loua\/"]}]}},"_links":{"self":[{"href":"https:\/\/littleloua.com\/fr\/wp-json\/wp\/v2\/product\/20109","targetHints":{"allow":["GET"]}}],"collection":[{"href":"https:\/\/littleloua.com\/fr\/wp-json\/wp\/v2\/product"}],"about":[{"href":"https:\/\/littleloua.com\/fr\/wp-json\/wp\/v2\/types\/product"}],"version-history":[{"count":3,"href":"https:\/\/littleloua.com\/fr\/wp-json\/wp\/v2\/product\/20109\/revisions"}],"predecessor-version":[{"id":20119,"href":"https:\/\/littleloua.com\/fr\/wp-json\/wp\/v2\/product\/20109\/revisions\/20119"}],"wp:featuredmedia":[{"embeddable":true,"href":"https:\/\/littleloua.com\/fr\/wp-json\/wp\/v2\/media\/20063"}],"wp:attachment":[{"href":"https:\/\/littleloua.com\/fr\/wp-json\/wp\/v2\/media?parent=20109"}],"wp:term":[{"taxonomy":"product_brand","embeddable":true,"href":"https:\/\/littleloua.com\/fr\/wp-json\/wp\/v2\/product_brand?post=20109"},{"taxonomy":"product_cat","embeddable":true,"href":"https:\/\/littleloua.com\/fr\/wp-json\/wp\/v2\/product_cat?post=20109"},{"taxonomy":"product_tag","embeddable":true,"href":"https:\/\/littleloua.com\/fr\/wp-json\/wp\/v2\/product_tag?post=20109"}],"curies":[{"name":"wp","href":"https:\/\/api.w.org\/{rel}","templated":true}]}}