{"id":19800,"date":"2025-09-23T10:00:10","date_gmt":"2025-09-23T08:00:10","guid":{"rendered":"https:\/\/littleloua.com\/?post_type=product&#038;p=19800"},"modified":"2025-10-21T12:14:34","modified_gmt":"2025-10-21T10:14:34","slug":"fait-main-lune-teddy-applique-murale","status":"publish","type":"product","link":"https:\/\/littleloua.com\/fr\/produit\/fait-main-lune-teddy-applique-murale\/","title":{"rendered":"Fait main Lune &#038; Teddy applique murale"},"content":{"rendered":"<p><strong>D\u00e9cor mural Lune &amp; Teddy pour chambre de b\u00e9b\u00e9 &#8211; Art mural pour chambre d&rsquo;enfant douillet et charmant<\/strong><\/p>\n<p>Ajoutez une touche de magie et de chaleur \u00e0 la chambre d&rsquo;enfant ou \u00e0 la salle de jeux de votre enfant avec notre <strong>d\u00e9cor mural Lune &amp; Teddy<\/strong>. Fabriqu\u00e9 \u00e0 la main avec amour, ce magnifique objet d&rsquo;art mural en forme de Lune &amp; Teddy est fabriqu\u00e9 \u00e0 partir de bois de haute qualit\u00e9, trait\u00e9 de mani\u00e8re \u00e9cologique, et de tissu boucl\u00e9 doux.\u00a0 Que vous am\u00e9nagiez une chambre de b\u00e9b\u00e9 sereine ou une aire de jeu fantaisiste, ce d\u00e9cor en forme Lune &amp; Teddy diffuse une lumi\u00e8re ambiante r\u00e9confortante gr\u00e2ce \u00e0 son \u00e9clairage LED optionnel, ce qui en fait l&rsquo;outil id\u00e9al pour cr\u00e9er une atmosph\u00e8re paisible \u00e0 l&rsquo;heure du coucher.<\/p>\n<p><strong>Caract\u00e9ristiques :<\/strong><\/p>\n<ul>\n<li><strong>Design doux et confortable<\/strong>: Fabriqu\u00e9 en polyester et recouvert d&rsquo;un tissu boucl\u00e9 doux, cet art mural en forme Lune &amp; Teddy est doux au toucher, offrant une exp\u00e9rience sensorielle apaisante \u00e0 votre b\u00e9b\u00e9.<\/li>\n<li><strong>Respectueux de l&rsquo;environnement et s\u00fbr<\/strong>: Fabriqu\u00e9 \u00e0 partir de bois naturel certifi\u00e9 et de mat\u00e9riaux non toxiques, notre d\u00e9cor mural est \u00e0 la fois durable et sans danger pour vos enfants.<\/li>\n<li><strong>\u00c9clairage LED en option<\/strong>: Le d\u00e9cor nuage est livr\u00e9 avec une option d&rsquo;\u00e9clairage LED, \u00e9mettant une lueur douce et chaude qui ajoute une pr\u00e9sence paisible et r\u00e9confortante \u00e0 la chambre de votre enfant, parfaite pour le confort nocturne.<\/li>\n<li><strong>Couleurs et tissus personnalisables<\/strong>: Bien que la couleur par d\u00e9faut soit un blanc doux, vous pouvez nous contacter pour explorer une vari\u00e9t\u00e9 de couleurs et d&rsquo;options de tissu pour correspondre au th\u00e8me de votre chambre d&rsquo;enfant. (Tenez compte d&rsquo;un d\u00e9lai d&rsquo;attente plus long)<\/li>\n<li><strong>Parfait pour n&rsquo;importe quelle pi\u00e8ce<\/strong>: Que vous choisissiez le nuage seul ou l&rsquo;ensemble nuage et lune assorti, ce d\u00e9cor mural est le compl\u00e9ment id\u00e9al de toute chambre de b\u00e9b\u00e9, de jeune enfant ou de salle de jeux.<\/li>\n<\/ul>\n<p><strong>Dimensions du produit :<\/strong><\/p>\n<ul>\n<li>Moon &amp; Teddy : 38 cm de longueur \u00d7 25 cm de hauteur<\/li>\n<\/ul>\n<p><strong>Conseil de s\u00e9curit\u00e9<\/strong>: Pour des raisons de s\u00e9curit\u00e9, nous vous recommandons de fixer les c\u00e2bles et les fils contre le mur ou d&rsquo;utiliser des cache-c\u00e2bles, en particulier pour les familles avec de jeunes enfants.<\/p>\n<p><strong>Pourquoi choisir le d\u00e9cor mural Lune &amp; Teddy de Little Loua ?<\/strong><\/p>\n<ul>\n<li><strong>Fantaisiste et pratique<\/strong>: M\u00e9lange de design et de fonctionnalit\u00e9, ce d\u00e9cor transforme n&rsquo;importe quelle pi\u00e8ce en un espace apaisant et accueillant pour les b\u00e9b\u00e9s et les enfants en bas \u00e2ge.<\/li>\n<li><strong>Fabriqu\u00e9 \u00e0 la main avec amour<\/strong>: Chaque pi\u00e8ce est fabriqu\u00e9e \u00e0 la main avec amour pour garantir un travail de haute qualit\u00e9 et unique qui ne manquera pas de vous ravir.<\/li>\n<li><strong>Durables et s\u00fbrs<\/strong>: Nos mat\u00e9riaux sont soigneusement s\u00e9lectionn\u00e9s pour \u00eatre respectueux de l&rsquo;environnement et s\u00fbrs, ce qui permet aux parents d&rsquo;avoir l&rsquo;esprit tranquille.<\/li>\n<\/ul>\n<p>Offrez \u00e0 votre enfant le cadeau du confort et du style avec notre d\u00e9cor mural Lune &amp; Teddy Boucl\u00e9. C&rsquo;est la touche parfaite pour cr\u00e9er un environnement paisible et r\u00eaveur dans une chambre de b\u00e9b\u00e9 ou une chambre d&rsquo;enfant.<\/p>\n<p><strong>Commandez maintenant<\/strong> et rendez l&rsquo;espace de votre enfant encore plus sp\u00e9cial avec cette adorable d\u00e9coration murale !<\/p>\n","protected":false},"excerpt":{"rendered":"<p>Ajoutez une touche de magie et de chaleur \u00e0 la chambre d&rsquo;enfant ou \u00e0 la salle de jeux de votre enfant avec notre <strong>d\u00e9cor mural Lune &amp; Teddy<\/strong>. Fabriqu\u00e9 \u00e0 la main avec amour, ce magnifique objet d&rsquo;art mural en forme de Lune &amp; Teddy est fabriqu\u00e9 \u00e0 partir de bois de haute qualit\u00e9, trait\u00e9 de mani\u00e8re \u00e9cologique, et de tissu boucl\u00e9 doux.\u00a0 Que vous am\u00e9nagiez une chambre de b\u00e9b\u00e9 sereine ou une aire de jeu fantaisiste, ce d\u00e9cor en forme Lune &amp; Teddy diffuse une lumi\u00e8re ambiante r\u00e9confortante gr\u00e2ce \u00e0 son \u00e9clairage LED optionnel, ce qui en fait l&rsquo;outil id\u00e9al pour cr\u00e9er une atmosph\u00e8re paisible \u00e0 l&rsquo;heure du coucher.<\/p>\n<p>&nbsp;<\/p>\n","protected":false},"featured_media":19917,"template":"","meta":{"_acf_changed":false},"product_brand":[],"product_cat":[255],"product_tag":[],"class_list":{"0":"post-19800","1":"product","2":"type-product","3":"status-publish","4":"has-post-thumbnail","6":"product_cat-decoration-murale-boucle","8":"first","9":"instock","10":"featured","11":"shipping-taxable","12":"product-type-variable"},"acf":[],"yoast_head":"<!-- This site is optimized with the Yoast SEO plugin v26.2 - https:\/\/yoast.com\/wordpress\/plugins\/seo\/ -->\n<title>D\u00e9cor mural Lune &amp; Teddy boucl\u00e9 pour chambre de b\u00e9b\u00e9 - Nursery<\/title>\n<meta name=\"description\" content=\"Transformez la chambre de votre b\u00e9b\u00e9 avec notre d\u00e9cor mural Lune &amp; Teddy Boucl\u00e9 fait \u00e0 la main. Les mat\u00e9riaux doux et \u00e9cologiques et l&#039;\u00e9clairage LED en option cr\u00e9ent une atmosph\u00e8re douillette et apaisante.\" \/>\n<meta name=\"robots\" content=\"index, follow, max-snippet:-1, max-image-preview:large, max-video-preview:-1\" \/>\n<link rel=\"canonical\" href=\"https:\/\/littleloua.com\/fr\/produit\/fait-main-lune-teddy-applique-murale\/\" \/>\n<meta property=\"og:locale\" content=\"fr_FR\" \/>\n<meta property=\"og:type\" content=\"article\" \/>\n<meta property=\"og:title\" content=\"D\u00e9cor mural Lune &amp; Teddy boucl\u00e9 pour chambre de b\u00e9b\u00e9 - Nursery\" \/>\n<meta property=\"og:description\" content=\"Transformez la chambre de votre b\u00e9b\u00e9 avec notre d\u00e9cor mural Lune &amp; Teddy Boucl\u00e9 fait \u00e0 la main. Les mat\u00e9riaux doux et \u00e9cologiques et l&#039;\u00e9clairage LED en option cr\u00e9ent une atmosph\u00e8re douillette et apaisante.\" \/>\n<meta property=\"og:url\" content=\"https:\/\/littleloua.com\/fr\/produit\/fait-main-lune-teddy-applique-murale\/\" \/>\n<meta property=\"og:site_name\" content=\"Little Loua\" \/>\n<meta property=\"article:publisher\" content=\"https:\/\/www.facebook.com\/littleloua\" \/>\n<meta property=\"article:modified_time\" content=\"2025-10-21T10:14:34+00:00\" \/>\n<meta property=\"og:image\" content=\"https:\/\/littleloua.com\/wp-content\/uploads\/2025\/09\/C2AD37E6-309F-4183-BA15-BC2671CECACD-scaled.jpg\" \/>\n\t<meta property=\"og:image:width\" content=\"1920\" \/>\n\t<meta property=\"og:image:height\" content=\"2560\" \/>\n\t<meta property=\"og:image:type\" content=\"image\/jpeg\" \/>\n<meta name=\"twitter:card\" content=\"summary_large_image\" \/>\n<meta name=\"twitter:label1\" content=\"Dur\u00e9e de lecture estim\u00e9e\" \/>\n\t<meta name=\"twitter:data1\" content=\"3 minutes\" \/>\n<script type=\"application\/ld+json\" class=\"yoast-schema-graph\">{\"@context\":\"https:\/\/schema.org\",\"@graph\":[{\"@type\":\"WebPage\",\"@id\":\"https:\/\/littleloua.com\/fr\/produit\/fait-main-lune-teddy-applique-murale\/\",\"url\":\"https:\/\/littleloua.com\/fr\/produit\/fait-main-lune-teddy-applique-murale\/\",\"name\":\"D\u00e9cor mural Lune & Teddy boucl\u00e9 pour chambre de b\u00e9b\u00e9 - Nursery\",\"isPartOf\":{\"@id\":\"https:\/\/littleloua.com\/fr\/#website\"},\"primaryImageOfPage\":{\"@id\":\"https:\/\/littleloua.com\/fr\/produit\/fait-main-lune-teddy-applique-murale\/#primaryimage\"},\"image\":{\"@id\":\"https:\/\/littleloua.com\/fr\/produit\/fait-main-lune-teddy-applique-murale\/#primaryimage\"},\"thumbnailUrl\":\"https:\/\/littleloua.com\/wp-content\/uploads\/2025\/09\/C2AD37E6-309F-4183-BA15-BC2671CECACD-scaled.jpg\",\"datePublished\":\"2025-09-23T08:00:10+00:00\",\"dateModified\":\"2025-10-21T10:14:34+00:00\",\"description\":\"Transformez la chambre de votre b\u00e9b\u00e9 avec notre d\u00e9cor mural Lune & Teddy Boucl\u00e9 fait \u00e0 la main. Les mat\u00e9riaux doux et \u00e9cologiques et l'\u00e9clairage LED en option cr\u00e9ent une atmosph\u00e8re douillette et apaisante.\",\"breadcrumb\":{\"@id\":\"https:\/\/littleloua.com\/fr\/produit\/fait-main-lune-teddy-applique-murale\/#breadcrumb\"},\"inLanguage\":\"fr-FR\",\"potentialAction\":[{\"@type\":\"ReadAction\",\"target\":[\"https:\/\/littleloua.com\/fr\/produit\/fait-main-lune-teddy-applique-murale\/\"]}]},{\"@type\":\"ImageObject\",\"inLanguage\":\"fr-FR\",\"@id\":\"https:\/\/littleloua.com\/fr\/produit\/fait-main-lune-teddy-applique-murale\/#primaryimage\",\"url\":\"https:\/\/littleloua.com\/wp-content\/uploads\/2025\/09\/C2AD37E6-309F-4183-BA15-BC2671CECACD-scaled.jpg\",\"contentUrl\":\"https:\/\/littleloua.com\/wp-content\/uploads\/2025\/09\/C2AD37E6-309F-4183-BA15-BC2671CECACD-scaled.jpg\",\"width\":1920,\"height\":2560,\"caption\":\"moon Wall lamp\"},{\"@type\":\"BreadcrumbList\",\"@id\":\"https:\/\/littleloua.com\/fr\/produit\/fait-main-lune-teddy-applique-murale\/#breadcrumb\",\"itemListElement\":[{\"@type\":\"ListItem\",\"position\":1,\"name\":\"Home\",\"item\":\"https:\/\/littleloua.com\/fr\/home-2\/\"},{\"@type\":\"ListItem\",\"position\":2,\"name\":\"Shop\",\"item\":\"https:\/\/littleloua.com\/fr\/shop\/\"},{\"@type\":\"ListItem\",\"position\":3,\"name\":\"Fait main Lune &#038; Teddy applique murale\"}]},{\"@type\":\"WebSite\",\"@id\":\"https:\/\/littleloua.com\/fr\/#website\",\"url\":\"https:\/\/littleloua.com\/fr\/\",\"name\":\"Little Loua\",\"description\":\"Handmade Baby mobiles created with love\",\"publisher\":{\"@id\":\"https:\/\/littleloua.com\/fr\/#organization\"},\"potentialAction\":[{\"@type\":\"SearchAction\",\"target\":{\"@type\":\"EntryPoint\",\"urlTemplate\":\"https:\/\/littleloua.com\/fr\/?s={search_term_string}\"},\"query-input\":{\"@type\":\"PropertyValueSpecification\",\"valueRequired\":true,\"valueName\":\"search_term_string\"}}],\"inLanguage\":\"fr-FR\"},{\"@type\":\"Organization\",\"@id\":\"https:\/\/littleloua.com\/fr\/#organization\",\"name\":\"Little Loua\",\"url\":\"https:\/\/littleloua.com\/fr\/\",\"logo\":{\"@type\":\"ImageObject\",\"inLanguage\":\"fr-FR\",\"@id\":\"https:\/\/littleloua.com\/fr\/#\/schema\/logo\/image\/\",\"url\":\"https:\/\/littleloua.com\/wp-content\/uploads\/2023\/06\/logo-little-loua-handmade-baby-mobiles.png\",\"contentUrl\":\"https:\/\/littleloua.com\/wp-content\/uploads\/2023\/06\/logo-little-loua-handmade-baby-mobiles.png\",\"width\":316,\"height\":285,\"caption\":\"Little Loua\"},\"image\":{\"@id\":\"https:\/\/littleloua.com\/fr\/#\/schema\/logo\/image\/\"},\"sameAs\":[\"https:\/\/www.facebook.com\/littleloua\",\"https:\/\/www.instagram.com\/little.loua\/\"]}]}<\/script>\n<!-- \/ Yoast SEO plugin. -->","yoast_head_json":{"title":"D\u00e9cor mural Lune & Teddy boucl\u00e9 pour chambre de b\u00e9b\u00e9 - Nursery","description":"Transformez la chambre de votre b\u00e9b\u00e9 avec notre d\u00e9cor mural Lune & Teddy Boucl\u00e9 fait \u00e0 la main. Les mat\u00e9riaux doux et \u00e9cologiques et l'\u00e9clairage LED en option cr\u00e9ent une atmosph\u00e8re douillette et apaisante.","robots":{"index":"index","follow":"follow","max-snippet":"max-snippet:-1","max-image-preview":"max-image-preview:large","max-video-preview":"max-video-preview:-1"},"canonical":"https:\/\/littleloua.com\/fr\/produit\/fait-main-lune-teddy-applique-murale\/","og_locale":"fr_FR","og_type":"article","og_title":"D\u00e9cor mural Lune & Teddy boucl\u00e9 pour chambre de b\u00e9b\u00e9 - Nursery","og_description":"Transformez la chambre de votre b\u00e9b\u00e9 avec notre d\u00e9cor mural Lune & Teddy Boucl\u00e9 fait \u00e0 la main. Les mat\u00e9riaux doux et \u00e9cologiques et l'\u00e9clairage LED en option cr\u00e9ent une atmosph\u00e8re douillette et apaisante.","og_url":"https:\/\/littleloua.com\/fr\/produit\/fait-main-lune-teddy-applique-murale\/","og_site_name":"Little Loua","article_publisher":"https:\/\/www.facebook.com\/littleloua","article_modified_time":"2025-10-21T10:14:34+00:00","og_image":[{"width":1920,"height":2560,"url":"https:\/\/littleloua.com\/wp-content\/uploads\/2025\/09\/C2AD37E6-309F-4183-BA15-BC2671CECACD-scaled.jpg","type":"image\/jpeg"}],"twitter_card":"summary_large_image","twitter_misc":{"Dur\u00e9e de lecture estim\u00e9e":"3 minutes"},"schema":{"@context":"https:\/\/schema.org","@graph":[{"@type":"WebPage","@id":"https:\/\/littleloua.com\/fr\/produit\/fait-main-lune-teddy-applique-murale\/","url":"https:\/\/littleloua.com\/fr\/produit\/fait-main-lune-teddy-applique-murale\/","name":"D\u00e9cor mural Lune & Teddy boucl\u00e9 pour chambre de b\u00e9b\u00e9 - Nursery","isPartOf":{"@id":"https:\/\/littleloua.com\/fr\/#website"},"primaryImageOfPage":{"@id":"https:\/\/littleloua.com\/fr\/produit\/fait-main-lune-teddy-applique-murale\/#primaryimage"},"image":{"@id":"https:\/\/littleloua.com\/fr\/produit\/fait-main-lune-teddy-applique-murale\/#primaryimage"},"thumbnailUrl":"https:\/\/littleloua.com\/wp-content\/uploads\/2025\/09\/C2AD37E6-309F-4183-BA15-BC2671CECACD-scaled.jpg","datePublished":"2025-09-23T08:00:10+00:00","dateModified":"2025-10-21T10:14:34+00:00","description":"Transformez la chambre de votre b\u00e9b\u00e9 avec notre d\u00e9cor mural Lune & Teddy Boucl\u00e9 fait \u00e0 la main. Les mat\u00e9riaux doux et \u00e9cologiques et l'\u00e9clairage LED en option cr\u00e9ent une atmosph\u00e8re douillette et apaisante.","breadcrumb":{"@id":"https:\/\/littleloua.com\/fr\/produit\/fait-main-lune-teddy-applique-murale\/#breadcrumb"},"inLanguage":"fr-FR","potentialAction":[{"@type":"ReadAction","target":["https:\/\/littleloua.com\/fr\/produit\/fait-main-lune-teddy-applique-murale\/"]}]},{"@type":"ImageObject","inLanguage":"fr-FR","@id":"https:\/\/littleloua.com\/fr\/produit\/fait-main-lune-teddy-applique-murale\/#primaryimage","url":"https:\/\/littleloua.com\/wp-content\/uploads\/2025\/09\/C2AD37E6-309F-4183-BA15-BC2671CECACD-scaled.jpg","contentUrl":"https:\/\/littleloua.com\/wp-content\/uploads\/2025\/09\/C2AD37E6-309F-4183-BA15-BC2671CECACD-scaled.jpg","width":1920,"height":2560,"caption":"moon Wall lamp"},{"@type":"BreadcrumbList","@id":"https:\/\/littleloua.com\/fr\/produit\/fait-main-lune-teddy-applique-murale\/#breadcrumb","itemListElement":[{"@type":"ListItem","position":1,"name":"Home","item":"https:\/\/littleloua.com\/fr\/home-2\/"},{"@type":"ListItem","position":2,"name":"Shop","item":"https:\/\/littleloua.com\/fr\/shop\/"},{"@type":"ListItem","position":3,"name":"Fait main Lune &#038; Teddy applique murale"}]},{"@type":"WebSite","@id":"https:\/\/littleloua.com\/fr\/#website","url":"https:\/\/littleloua.com\/fr\/","name":"Little Loua","description":"Handmade Baby mobiles created with love","publisher":{"@id":"https:\/\/littleloua.com\/fr\/#organization"},"potentialAction":[{"@type":"SearchAction","target":{"@type":"EntryPoint","urlTemplate":"https:\/\/littleloua.com\/fr\/?s={search_term_string}"},"query-input":{"@type":"PropertyValueSpecification","valueRequired":true,"valueName":"search_term_string"}}],"inLanguage":"fr-FR"},{"@type":"Organization","@id":"https:\/\/littleloua.com\/fr\/#organization","name":"Little Loua","url":"https:\/\/littleloua.com\/fr\/","logo":{"@type":"ImageObject","inLanguage":"fr-FR","@id":"https:\/\/littleloua.com\/fr\/#\/schema\/logo\/image\/","url":"https:\/\/littleloua.com\/wp-content\/uploads\/2023\/06\/logo-little-loua-handmade-baby-mobiles.png","contentUrl":"https:\/\/littleloua.com\/wp-content\/uploads\/2023\/06\/logo-little-loua-handmade-baby-mobiles.png","width":316,"height":285,"caption":"Little Loua"},"image":{"@id":"https:\/\/littleloua.com\/fr\/#\/schema\/logo\/image\/"},"sameAs":["https:\/\/www.facebook.com\/littleloua","https:\/\/www.instagram.com\/little.loua\/"]}]}},"_links":{"self":[{"href":"https:\/\/littleloua.com\/fr\/wp-json\/wp\/v2\/product\/19800","targetHints":{"allow":["GET"]}}],"collection":[{"href":"https:\/\/littleloua.com\/fr\/wp-json\/wp\/v2\/product"}],"about":[{"href":"https:\/\/littleloua.com\/fr\/wp-json\/wp\/v2\/types\/product"}],"version-history":[{"count":3,"href":"https:\/\/littleloua.com\/fr\/wp-json\/wp\/v2\/product\/19800\/revisions"}],"predecessor-version":[{"id":19974,"href":"https:\/\/littleloua.com\/fr\/wp-json\/wp\/v2\/product\/19800\/revisions\/19974"}],"wp:featuredmedia":[{"embeddable":true,"href":"https:\/\/littleloua.com\/fr\/wp-json\/wp\/v2\/media\/19917"}],"wp:attachment":[{"href":"https:\/\/littleloua.com\/fr\/wp-json\/wp\/v2\/media?parent=19800"}],"wp:term":[{"taxonomy":"product_brand","embeddable":true,"href":"https:\/\/littleloua.com\/fr\/wp-json\/wp\/v2\/product_brand?post=19800"},{"taxonomy":"product_cat","embeddable":true,"href":"https:\/\/littleloua.com\/fr\/wp-json\/wp\/v2\/product_cat?post=19800"},{"taxonomy":"product_tag","embeddable":true,"href":"https:\/\/littleloua.com\/fr\/wp-json\/wp\/v2\/product_tag?post=19800"}],"curies":[{"name":"wp","href":"https:\/\/api.w.org\/{rel}","templated":true}]}}