{"id":18513,"date":"2025-05-15T14:02:46","date_gmt":"2025-05-15T12:02:46","guid":{"rendered":"https:\/\/littleloua.com\/?post_type=product&#038;p=18513"},"modified":"2025-05-15T14:06:53","modified_gmt":"2025-05-15T12:06:53","slug":"decoration-murale-bouclee-personnalisee-avec-prenom-de-bebe-beige-blanc-copy-copy","status":"publish","type":"product","link":"https:\/\/littleloua.com\/fr\/produit\/decoration-murale-bouclee-personnalisee-avec-prenom-de-bebe-beige-blanc-copy-copy\/","title":{"rendered":"D\u00e9coration murale boucl\u00e9e personnalis\u00e9e avec pr\u00e9nom de b\u00e9b\u00e9 \u2013 Gris \/ Blanc"},"content":{"rendered":"<p class=\"\" data-start=\"0\" data-end=\"318\">Apportez une touche de douceur et de charme \u00e0 la chambre de votre b\u00e9b\u00e9 avec cette d\u00e9licate d\u00e9coration murale en boucl\u00e9. Con\u00e7ue non seulement pour embellir l\u2019espace, mais aussi pour soutenir le d\u00e9veloppement sensoriel de votre b\u00e9b\u00e9, cette guirlande artisanale est un ajout ravissant \u00e0 toute chambre de b\u00e9b\u00e9 ou d\u2019enfant.<\/p>\n<p class=\"\" data-start=\"320\" data-end=\"494\">Suspendez-la au-dessus du berceau, de la fen\u00eatre, de la porte ou de la table \u00e0 langer pour ajouter une note po\u00e9tique ou une pi\u00e8ce unique que vous ch\u00e9rirez pendant des ann\u00e9es.<\/p>\n<p class=\"\" data-start=\"496\" data-end=\"674\">Chaque d\u00e9coration murale est fabriqu\u00e9e \u00e0 la main avec amour \u00e0 partir de mat\u00e9riaux \u00e9cologiques et de haute qualit\u00e9 \u2013 confectionn\u00e9e avec soin, sp\u00e9cialement pour votre petit tr\u00e9sor.<\/p>\n<p class=\"\" data-start=\"676\" data-end=\"802\"><strong data-start=\"676\" data-end=\"734\">Cette d\u00e9coration murale en boucl\u00e9 pour b\u00e9b\u00e9 comprend :<\/strong><br data-start=\"734\" data-end=\"737\" \/>\u2022 1 lettre personnalis\u00e9e (12 cm)<br data-start=\"769\" data-end=\"772\" \/>\u2022 5 fleurs d\u00e9coratives (15 cm)<\/p>\n","protected":false},"excerpt":{"rendered":"<p>D\u00e9coration murale en boucl\u00e9 gris p\u00e2le avec des fleurs \u2013 le porte-nom personnalis\u00e9 parfait pour la chambre d&rsquo;une petite fille. Une pi\u00e8ce unique, charmante et faite \u00e0 la main, \u00e0 suspendre au-dessus du berceau, de la table \u00e0 langer ou au mur.<\/p>\n","protected":false},"featured_media":18670,"template":"","meta":{"_acf_changed":false},"product_brand":[],"product_cat":[259],"product_tag":[],"class_list":{"0":"post-18513","1":"product","2":"type-product","3":"status-publish","4":"has-post-thumbnail","6":"product_cat-letters-fr","8":"first","9":"instock","10":"shipping-taxable","11":"purchasable","12":"product-type-simple"},"acf":[],"yoast_head":"<!-- This site is optimized with the Yoast SEO plugin v27.4 - https:\/\/yoast.com\/product\/yoast-seo-wordpress\/ -->\n<title>D\u00e9coration murale boucl\u00e9e personnalis\u00e9e avec pr\u00e9nom de b\u00e9b\u00e9 \u2013 Gris \/ Blanc - Little Loua<\/title>\n<meta name=\"robots\" content=\"index, follow, max-snippet:-1, max-image-preview:large, max-video-preview:-1\" \/>\n<link rel=\"canonical\" href=\"https:\/\/littleloua.com\/fr\/produit\/decoration-murale-bouclee-personnalisee-avec-prenom-de-bebe-beige-blanc-copy-copy\/\" \/>\n<meta property=\"og:locale\" content=\"fr_FR\" \/>\n<meta property=\"og:type\" content=\"article\" \/>\n<meta property=\"og:title\" content=\"D\u00e9coration murale boucl\u00e9e personnalis\u00e9e avec pr\u00e9nom de b\u00e9b\u00e9 \u2013 Gris \/ Blanc - Little Loua\" \/>\n<meta property=\"og:description\" content=\"D\u00e9coration murale en boucl\u00e9 gris p\u00e2le avec des fleurs \u2013 le porte-nom personnalis\u00e9 parfait pour la chambre d&#039;une petite fille. Une pi\u00e8ce unique, charmante et faite \u00e0 la main, \u00e0 suspendre au-dessus du berceau, de la table \u00e0 langer ou au mur.\" \/>\n<meta property=\"og:url\" content=\"https:\/\/littleloua.com\/fr\/produit\/decoration-murale-bouclee-personnalisee-avec-prenom-de-bebe-beige-blanc-copy-copy\/\" \/>\n<meta property=\"og:site_name\" content=\"Little Loua\" \/>\n<meta property=\"article:publisher\" content=\"https:\/\/www.facebook.com\/littleloua\" \/>\n<meta property=\"article:modified_time\" content=\"2025-05-15T12:06:53+00:00\" \/>\n<meta property=\"og:image\" content=\"https:\/\/littleloua.com\/wp-content\/uploads\/2025\/05\/il_794xN.6892205527_a3l7_grey.png\" \/>\n\t<meta property=\"og:image:width\" content=\"794\" \/>\n\t<meta property=\"og:image:height\" content=\"713\" \/>\n\t<meta property=\"og:image:type\" content=\"image\/png\" \/>\n<meta name=\"twitter:card\" content=\"summary_large_image\" \/>\n<meta name=\"twitter:label1\" content=\"Dur\u00e9e de lecture estim\u00e9e\" \/>\n\t<meta name=\"twitter:data1\" content=\"1 minute\" \/>\n<script type=\"application\/ld+json\" class=\"yoast-schema-graph\">{\"@context\":\"https:\\\/\\\/schema.org\",\"@graph\":[{\"@type\":\"WebPage\",\"@id\":\"https:\\\/\\\/littleloua.com\\\/fr\\\/produit\\\/decoration-murale-bouclee-personnalisee-avec-prenom-de-bebe-beige-blanc-copy-copy\\\/\",\"url\":\"https:\\\/\\\/littleloua.com\\\/fr\\\/produit\\\/decoration-murale-bouclee-personnalisee-avec-prenom-de-bebe-beige-blanc-copy-copy\\\/\",\"name\":\"D\u00e9coration murale boucl\u00e9e personnalis\u00e9e avec pr\u00e9nom de b\u00e9b\u00e9 \u2013 Gris \\\/ Blanc - Little Loua\",\"isPartOf\":{\"@id\":\"https:\\\/\\\/littleloua.com\\\/fr\\\/#website\"},\"primaryImageOfPage\":{\"@id\":\"https:\\\/\\\/littleloua.com\\\/fr\\\/produit\\\/decoration-murale-bouclee-personnalisee-avec-prenom-de-bebe-beige-blanc-copy-copy\\\/#primaryimage\"},\"image\":{\"@id\":\"https:\\\/\\\/littleloua.com\\\/fr\\\/produit\\\/decoration-murale-bouclee-personnalisee-avec-prenom-de-bebe-beige-blanc-copy-copy\\\/#primaryimage\"},\"thumbnailUrl\":\"https:\\\/\\\/littleloua.com\\\/wp-content\\\/uploads\\\/2025\\\/05\\\/il_794xN.6892205527_a3l7_grey.png\",\"datePublished\":\"2025-05-15T12:02:46+00:00\",\"dateModified\":\"2025-05-15T12:06:53+00:00\",\"breadcrumb\":{\"@id\":\"https:\\\/\\\/littleloua.com\\\/fr\\\/produit\\\/decoration-murale-bouclee-personnalisee-avec-prenom-de-bebe-beige-blanc-copy-copy\\\/#breadcrumb\"},\"inLanguage\":\"fr-FR\",\"potentialAction\":[{\"@type\":\"ReadAction\",\"target\":[\"https:\\\/\\\/littleloua.com\\\/fr\\\/produit\\\/decoration-murale-bouclee-personnalisee-avec-prenom-de-bebe-beige-blanc-copy-copy\\\/\"]}]},{\"@type\":\"ImageObject\",\"inLanguage\":\"fr-FR\",\"@id\":\"https:\\\/\\\/littleloua.com\\\/fr\\\/produit\\\/decoration-murale-bouclee-personnalisee-avec-prenom-de-bebe-beige-blanc-copy-copy\\\/#primaryimage\",\"url\":\"https:\\\/\\\/littleloua.com\\\/wp-content\\\/uploads\\\/2025\\\/05\\\/il_794xN.6892205527_a3l7_grey.png\",\"contentUrl\":\"https:\\\/\\\/littleloua.com\\\/wp-content\\\/uploads\\\/2025\\\/05\\\/il_794xN.6892205527_a3l7_grey.png\",\"width\":794,\"height\":713},{\"@type\":\"BreadcrumbList\",\"@id\":\"https:\\\/\\\/littleloua.com\\\/fr\\\/produit\\\/decoration-murale-bouclee-personnalisee-avec-prenom-de-bebe-beige-blanc-copy-copy\\\/#breadcrumb\",\"itemListElement\":[{\"@type\":\"ListItem\",\"position\":1,\"name\":\"Home\",\"item\":\"https:\\\/\\\/littleloua.com\\\/fr\\\/\"},{\"@type\":\"ListItem\",\"position\":2,\"name\":\"Shop\",\"item\":\"https:\\\/\\\/littleloua.com\\\/fr\\\/shop\\\/\"},{\"@type\":\"ListItem\",\"position\":3,\"name\":\"D\u00e9coration murale boucl\u00e9e personnalis\u00e9e avec pr\u00e9nom de b\u00e9b\u00e9 \u2013 Gris \\\/ Blanc\"}]},{\"@type\":\"WebSite\",\"@id\":\"https:\\\/\\\/littleloua.com\\\/fr\\\/#website\",\"url\":\"https:\\\/\\\/littleloua.com\\\/fr\\\/\",\"name\":\"Little Loua\",\"description\":\"Handmade Baby mobiles created with love\",\"publisher\":{\"@id\":\"https:\\\/\\\/littleloua.com\\\/fr\\\/#organization\"},\"potentialAction\":[{\"@type\":\"SearchAction\",\"target\":{\"@type\":\"EntryPoint\",\"urlTemplate\":\"https:\\\/\\\/littleloua.com\\\/fr\\\/?s={search_term_string}\"},\"query-input\":{\"@type\":\"PropertyValueSpecification\",\"valueRequired\":true,\"valueName\":\"search_term_string\"}}],\"inLanguage\":\"fr-FR\"},{\"@type\":\"Organization\",\"@id\":\"https:\\\/\\\/littleloua.com\\\/fr\\\/#organization\",\"name\":\"Little Loua\",\"url\":\"https:\\\/\\\/littleloua.com\\\/fr\\\/\",\"logo\":{\"@type\":\"ImageObject\",\"inLanguage\":\"fr-FR\",\"@id\":\"https:\\\/\\\/littleloua.com\\\/fr\\\/#\\\/schema\\\/logo\\\/image\\\/\",\"url\":\"https:\\\/\\\/littleloua.com\\\/wp-content\\\/uploads\\\/2023\\\/06\\\/logo-little-loua-handmade-baby-mobiles.png\",\"contentUrl\":\"https:\\\/\\\/littleloua.com\\\/wp-content\\\/uploads\\\/2023\\\/06\\\/logo-little-loua-handmade-baby-mobiles.png\",\"width\":316,\"height\":285,\"caption\":\"Little Loua\"},\"image\":{\"@id\":\"https:\\\/\\\/littleloua.com\\\/fr\\\/#\\\/schema\\\/logo\\\/image\\\/\"},\"sameAs\":[\"https:\\\/\\\/www.facebook.com\\\/littleloua\",\"https:\\\/\\\/www.instagram.com\\\/little.loua\\\/\"]}]}<\/script>\n<!-- \/ Yoast SEO plugin. -->","yoast_head_json":{"title":"D\u00e9coration murale boucl\u00e9e personnalis\u00e9e avec pr\u00e9nom de b\u00e9b\u00e9 \u2013 Gris \/ Blanc - Little Loua","robots":{"index":"index","follow":"follow","max-snippet":"max-snippet:-1","max-image-preview":"max-image-preview:large","max-video-preview":"max-video-preview:-1"},"canonical":"https:\/\/littleloua.com\/fr\/produit\/decoration-murale-bouclee-personnalisee-avec-prenom-de-bebe-beige-blanc-copy-copy\/","og_locale":"fr_FR","og_type":"article","og_title":"D\u00e9coration murale boucl\u00e9e personnalis\u00e9e avec pr\u00e9nom de b\u00e9b\u00e9 \u2013 Gris \/ Blanc - Little Loua","og_description":"D\u00e9coration murale en boucl\u00e9 gris p\u00e2le avec des fleurs \u2013 le porte-nom personnalis\u00e9 parfait pour la chambre d'une petite fille. Une pi\u00e8ce unique, charmante et faite \u00e0 la main, \u00e0 suspendre au-dessus du berceau, de la table \u00e0 langer ou au mur.","og_url":"https:\/\/littleloua.com\/fr\/produit\/decoration-murale-bouclee-personnalisee-avec-prenom-de-bebe-beige-blanc-copy-copy\/","og_site_name":"Little Loua","article_publisher":"https:\/\/www.facebook.com\/littleloua","article_modified_time":"2025-05-15T12:06:53+00:00","og_image":[{"width":794,"height":713,"url":"https:\/\/littleloua.com\/wp-content\/uploads\/2025\/05\/il_794xN.6892205527_a3l7_grey.png","type":"image\/png"}],"twitter_card":"summary_large_image","twitter_misc":{"Dur\u00e9e de lecture estim\u00e9e":"1 minute"},"schema":{"@context":"https:\/\/schema.org","@graph":[{"@type":"WebPage","@id":"https:\/\/littleloua.com\/fr\/produit\/decoration-murale-bouclee-personnalisee-avec-prenom-de-bebe-beige-blanc-copy-copy\/","url":"https:\/\/littleloua.com\/fr\/produit\/decoration-murale-bouclee-personnalisee-avec-prenom-de-bebe-beige-blanc-copy-copy\/","name":"D\u00e9coration murale boucl\u00e9e personnalis\u00e9e avec pr\u00e9nom de b\u00e9b\u00e9 \u2013 Gris \/ Blanc - Little Loua","isPartOf":{"@id":"https:\/\/littleloua.com\/fr\/#website"},"primaryImageOfPage":{"@id":"https:\/\/littleloua.com\/fr\/produit\/decoration-murale-bouclee-personnalisee-avec-prenom-de-bebe-beige-blanc-copy-copy\/#primaryimage"},"image":{"@id":"https:\/\/littleloua.com\/fr\/produit\/decoration-murale-bouclee-personnalisee-avec-prenom-de-bebe-beige-blanc-copy-copy\/#primaryimage"},"thumbnailUrl":"https:\/\/littleloua.com\/wp-content\/uploads\/2025\/05\/il_794xN.6892205527_a3l7_grey.png","datePublished":"2025-05-15T12:02:46+00:00","dateModified":"2025-05-15T12:06:53+00:00","breadcrumb":{"@id":"https:\/\/littleloua.com\/fr\/produit\/decoration-murale-bouclee-personnalisee-avec-prenom-de-bebe-beige-blanc-copy-copy\/#breadcrumb"},"inLanguage":"fr-FR","potentialAction":[{"@type":"ReadAction","target":["https:\/\/littleloua.com\/fr\/produit\/decoration-murale-bouclee-personnalisee-avec-prenom-de-bebe-beige-blanc-copy-copy\/"]}]},{"@type":"ImageObject","inLanguage":"fr-FR","@id":"https:\/\/littleloua.com\/fr\/produit\/decoration-murale-bouclee-personnalisee-avec-prenom-de-bebe-beige-blanc-copy-copy\/#primaryimage","url":"https:\/\/littleloua.com\/wp-content\/uploads\/2025\/05\/il_794xN.6892205527_a3l7_grey.png","contentUrl":"https:\/\/littleloua.com\/wp-content\/uploads\/2025\/05\/il_794xN.6892205527_a3l7_grey.png","width":794,"height":713},{"@type":"BreadcrumbList","@id":"https:\/\/littleloua.com\/fr\/produit\/decoration-murale-bouclee-personnalisee-avec-prenom-de-bebe-beige-blanc-copy-copy\/#breadcrumb","itemListElement":[{"@type":"ListItem","position":1,"name":"Home","item":"https:\/\/littleloua.com\/fr\/"},{"@type":"ListItem","position":2,"name":"Shop","item":"https:\/\/littleloua.com\/fr\/shop\/"},{"@type":"ListItem","position":3,"name":"D\u00e9coration murale boucl\u00e9e personnalis\u00e9e avec pr\u00e9nom de b\u00e9b\u00e9 \u2013 Gris \/ Blanc"}]},{"@type":"WebSite","@id":"https:\/\/littleloua.com\/fr\/#website","url":"https:\/\/littleloua.com\/fr\/","name":"Little Loua","description":"Handmade Baby mobiles created with love","publisher":{"@id":"https:\/\/littleloua.com\/fr\/#organization"},"potentialAction":[{"@type":"SearchAction","target":{"@type":"EntryPoint","urlTemplate":"https:\/\/littleloua.com\/fr\/?s={search_term_string}"},"query-input":{"@type":"PropertyValueSpecification","valueRequired":true,"valueName":"search_term_string"}}],"inLanguage":"fr-FR"},{"@type":"Organization","@id":"https:\/\/littleloua.com\/fr\/#organization","name":"Little Loua","url":"https:\/\/littleloua.com\/fr\/","logo":{"@type":"ImageObject","inLanguage":"fr-FR","@id":"https:\/\/littleloua.com\/fr\/#\/schema\/logo\/image\/","url":"https:\/\/littleloua.com\/wp-content\/uploads\/2023\/06\/logo-little-loua-handmade-baby-mobiles.png","contentUrl":"https:\/\/littleloua.com\/wp-content\/uploads\/2023\/06\/logo-little-loua-handmade-baby-mobiles.png","width":316,"height":285,"caption":"Little Loua"},"image":{"@id":"https:\/\/littleloua.com\/fr\/#\/schema\/logo\/image\/"},"sameAs":["https:\/\/www.facebook.com\/littleloua","https:\/\/www.instagram.com\/little.loua\/"]}]}},"_links":{"self":[{"href":"https:\/\/littleloua.com\/fr\/wp-json\/wp\/v2\/product\/18513","targetHints":{"allow":["GET"]}}],"collection":[{"href":"https:\/\/littleloua.com\/fr\/wp-json\/wp\/v2\/product"}],"about":[{"href":"https:\/\/littleloua.com\/fr\/wp-json\/wp\/v2\/types\/product"}],"version-history":[{"count":2,"href":"https:\/\/littleloua.com\/fr\/wp-json\/wp\/v2\/product\/18513\/revisions"}],"predecessor-version":[{"id":18522,"href":"https:\/\/littleloua.com\/fr\/wp-json\/wp\/v2\/product\/18513\/revisions\/18522"}],"wp:featuredmedia":[{"embeddable":true,"href":"https:\/\/littleloua.com\/fr\/wp-json\/wp\/v2\/media\/18670"}],"wp:attachment":[{"href":"https:\/\/littleloua.com\/fr\/wp-json\/wp\/v2\/media?parent=18513"}],"wp:term":[{"taxonomy":"product_brand","embeddable":true,"href":"https:\/\/littleloua.com\/fr\/wp-json\/wp\/v2\/product_brand?post=18513"},{"taxonomy":"product_cat","embeddable":true,"href":"https:\/\/littleloua.com\/fr\/wp-json\/wp\/v2\/product_cat?post=18513"},{"taxonomy":"product_tag","embeddable":true,"href":"https:\/\/littleloua.com\/fr\/wp-json\/wp\/v2\/product_tag?post=18513"}],"curies":[{"name":"wp","href":"https:\/\/api.w.org\/{rel}","templated":true}]}}