{"id":18119,"date":"2025-01-04T13:41:35","date_gmt":"2025-01-04T12:41:35","guid":{"rendered":"https:\/\/littleloua.com\/product\/decoration-murale-de-ballons-boucles\/"},"modified":"2025-10-21T12:14:35","modified_gmt":"2025-10-21T10:14:35","slug":"decoration-murale-de-ballons-boucles","status":"publish","type":"product","link":"https:\/\/littleloua.com\/fr\/produit\/decoration-murale-de-ballons-boucles\/","title":{"rendered":"D\u00e9coration murale de ballons boucl\u00e9s"},"content":{"rendered":"<h2><strong>Balloon Boucl\u00e9 Wall D\u00e9co pour chambre de b\u00e9b\u00e9 &#8211; Art mural pour chambre d&rsquo;enfant<\/strong><\/h2>\n<p>Ajoutez une touche de magie et de chaleur \u00e0 la chambre d&rsquo;enfant ou \u00e0 la salle de jeux de votre enfant avec notre <strong>D\u00e9co murale ballon boucl\u00e9<\/strong>. Fabriqu\u00e9 \u00e0 la main avec amour, ce magnifique objet d&rsquo;art mural en forme de ballon est fabriqu\u00e9 \u00e0 partir de bois de haute qualit\u00e9, trait\u00e9 pour l&rsquo;environnement, et de tissu boucl\u00e9 doux, offrant une texture douillette et d\u00e9licate, parfaite pour les petites mains. Que vous am\u00e9nagiez une chambre de b\u00e9b\u00e9 sereine ou une aire de jeu fantaisiste, ce d\u00e9cor en forme de ballon procure une lueur ambiante r\u00e9confortante gr\u00e2ce \u00e0 son \u00e9clairage LED optionnel avec t\u00e9l\u00e9commande, ce qui le rend id\u00e9al pour cr\u00e9er une atmosph\u00e8re paisible \u00e0 l&rsquo;heure du coucher.  <\/p>\n<h3><strong>Caract\u00e9ristiques de la lumi\u00e8re LED du ballon boucl\u00e9 :<\/strong><\/h3>\n<p class=\"\" data-start=\"59\" data-end=\"354\">Facile \u00e0 utiliser &#8211; Gr\u00e2ce \u00e0 la t\u00e9l\u00e9commande, vous pouvez facilement allumer ou \u00e9teindre la lumi\u00e8re sans d\u00e9ranger votre b\u00e9b\u00e9.<br \/>\nFonction minuterie &#8211; La lumi\u00e8re s&rsquo;\u00e9teint automatiquement apr\u00e8s 30 minutes, ce qui est parfait pour l&rsquo;heure du coucher.<br data-start=\"265\" data-end=\"268\">Utilisation s\u00fbre &#8211; Les lampes et la t\u00e9l\u00e9commande fonctionnent avec des piles et sont faciles \u00e0 accrocher au mur.<br \/>\n\u00b0 Diff\u00e9rentes couleurs &#8211; \u00e0 l&rsquo;aide de la t\u00e9l\u00e9commande, vous pouvez choisir la couleur \/ la sph\u00e8re que vous souhaitez cr\u00e9er dans la pi\u00e8ce.<br \/>\n(couleurs : blanc, jaune, orange, vert, rouge, bleu, violet, rose,&#8230;)<\/p>\n<p><strong>Caract\u00e9ristiques :<\/strong><\/p>\n<ul>\n<li><strong>Design doux et confortable<\/strong>: Fabriqu\u00e9 en bois et recouvert d&rsquo;un tissu boucl\u00e9 doux, cet art mural en forme de nuage est doux au toucher, offrant une exp\u00e9rience sensorielle apaisante \u00e0 votre b\u00e9b\u00e9.<\/li>\n<li><strong>Respectueux de l&rsquo;environnement et s\u00fbr<\/strong>: Fabriqu\u00e9 \u00e0 partir de bois naturel certifi\u00e9 et de mat\u00e9riaux non toxiques, notre d\u00e9cor mural est \u00e0 la fois durable et sans danger pour vos enfants.<\/li>\n<li><strong>\u00c9clairage LED en option<\/strong>: Le d\u00e9cor nuage est livr\u00e9 avec une option d&rsquo;\u00e9clairage LED, \u00e9mettant une lueur douce et chaude qui ajoute une pr\u00e9sence paisible et r\u00e9confortante \u00e0 la chambre de votre enfant, parfaite pour le confort nocturne.<\/li>\n<li><strong>Parfait pour n&rsquo;importe quelle pi\u00e8ce<\/strong>: Que vous choisissiez uniquement le ballon ou un ensemble nuage et ballon assorti, ce d\u00e9cor mural est le compl\u00e9ment id\u00e9al de toute chambre de b\u00e9b\u00e9, de jeune enfant ou de salle de jeux.<\/li>\n<\/ul>\n<p><strong>Dimensions du produit :<\/strong><\/p>\n<ul>\n<li><strong>Ballon blanc\/ marron<\/strong>: 38cm (14,96 pouces) de longueur x 31 cm (12.2 pouces) de hauteur<\/li>\n<\/ul>\n<p><strong>Conseil de s\u00e9curit\u00e9<\/strong>: Toutes nos suspensions murales sont uniquement destin\u00e9es \u00e0 la d\u00e9coration et ne doivent pas \u00eatre utilis\u00e9es par les enfants pour jouer. Accrochez la d\u00e9coration murale suffisamment haut pour que votre enfant ne puisse pas la toucher ou l&rsquo;atteindre. <\/p>\n<h2><strong>Pourquoi choisir Little Loua&rsquo;s Balloon Boucl\u00e9 Wall D\u00e9co ?<\/strong><\/h2>\n<ul>\n<li><strong>Fantaisiste et pratique<\/strong>: M\u00e9lange de design et de fonctionnalit\u00e9, ce d\u00e9cor transforme n&rsquo;importe quelle pi\u00e8ce en un espace apaisant et accueillant pour les b\u00e9b\u00e9s et les enfants en bas \u00e2ge.<\/li>\n<li><strong>Fabriqu\u00e9 \u00e0 la main avec amour<\/strong>: Chaque pi\u00e8ce est fabriqu\u00e9e \u00e0 la main avec amour pour garantir un travail de haute qualit\u00e9 et unique qui ne manquera pas de vous ravir.<\/li>\n<li><strong>Durables et s\u00fbrs<\/strong>: Nos mat\u00e9riaux sont soigneusement s\u00e9lectionn\u00e9s pour \u00eatre respectueux de l&rsquo;environnement et s\u00fbrs, ce qui permet aux parents d&rsquo;avoir l&rsquo;esprit tranquille.<\/li>\n<\/ul>\n<p>Offrez \u00e0 votre enfant un cadeau de confort et de style avec notre d\u00e9cor mural Balloon Boucl\u00e9. C&rsquo;est la touche parfaite pour cr\u00e9er un environnement paisible et r\u00eaveur dans une chambre de b\u00e9b\u00e9 ou une chambre d&rsquo;enfant. <\/p>\n<p><strong>Commandez maintenant<\/strong> et rendez l&rsquo;espace de votre enfant encore plus sp\u00e9cial avec cette adorable d\u00e9coration murale !<\/p>\n","protected":false},"excerpt":{"rendered":"<p>Ajoutez une touche de magie et de chaleur \u00e0 la chambre d&rsquo;enfant ou \u00e0 la salle de jeux avec notre <strong>d\u00e9cor mural Balloon Boucl\u00e9<\/strong>. Fabriqu\u00e9 \u00e0 la main avec amour, ce magnifique d\u00e9cor mural en forme de ballon est fabriqu\u00e9 \u00e0 partir de bois de haute qualit\u00e9, trait\u00e9 de mani\u00e8re \u00e9cologique, et d&rsquo;un tissu boucl\u00e9 doux, offrant une texture douillette et d\u00e9licate, parfaite pour les petites mains. Que vous am\u00e9nagiez une chambre de b\u00e9b\u00e9 sereine ou une aire de jeu fantaisiste, ce d\u00e9cor en forme de ballon procure une lueur ambiante r\u00e9confortante gr\u00e2ce \u00e0 son \u00e9clairage LED optionnel avec t\u00e9l\u00e9commande, ce qui le rend id\u00e9al pour cr\u00e9er une atmosph\u00e8re paisible \u00e0 l&rsquo;heure du coucher.  <\/p>\n<p><strong>Ballon blanc\/ marron<\/strong>: 38cm (14,96 pouces) de longueur x 31 cm (12.2 pouces) de hauteur<\/p>\n","protected":false},"featured_media":19929,"template":"","meta":{"_acf_changed":false},"product_brand":[],"product_cat":[255],"product_tag":[],"class_list":{"0":"post-18119","1":"product","2":"type-product","3":"status-publish","4":"has-post-thumbnail","6":"product_cat-decoration-murale-boucle","8":"first","9":"instock","10":"shipping-taxable","11":"purchasable","12":"product-type-variable"},"acf":[],"yoast_head":"<!-- This site is optimized with the Yoast SEO plugin v27.4 - https:\/\/yoast.com\/product\/yoast-seo-wordpress\/ -->\n<title>D\u00e9cor mural Balloon Boucl\u00e9 pour la chambre de b\u00e9b\u00e9<\/title>\n<meta name=\"description\" content=\"Transformez la chambre de votre b\u00e9b\u00e9 avec notre d\u00e9cor mural en forme de ballon fait \u00e0 la main. Les mat\u00e9riaux doux et \u00e9cologiques et l&#039;\u00e9clairage LED en option cr\u00e9ent une atmosph\u00e8re douillette et apaisante.\" \/>\n<meta name=\"robots\" content=\"index, follow, max-snippet:-1, max-image-preview:large, max-video-preview:-1\" \/>\n<link rel=\"canonical\" href=\"https:\/\/littleloua.com\/fr\/produit\/decoration-murale-de-ballons-boucles\/\" \/>\n<meta property=\"og:locale\" content=\"fr_FR\" \/>\n<meta property=\"og:type\" content=\"article\" \/>\n<meta property=\"og:title\" content=\"D\u00e9cor mural Balloon Boucl\u00e9 pour la chambre de b\u00e9b\u00e9\" \/>\n<meta property=\"og:description\" content=\"Transformez la chambre de votre b\u00e9b\u00e9 avec notre d\u00e9cor mural en forme de ballon fait \u00e0 la main. Les mat\u00e9riaux doux et \u00e9cologiques et l&#039;\u00e9clairage LED en option cr\u00e9ent une atmosph\u00e8re douillette et apaisante.\" \/>\n<meta property=\"og:url\" content=\"https:\/\/littleloua.com\/fr\/produit\/decoration-murale-de-ballons-boucles\/\" \/>\n<meta property=\"og:site_name\" content=\"Little Loua\" \/>\n<meta property=\"article:publisher\" content=\"https:\/\/www.facebook.com\/littleloua\" \/>\n<meta property=\"article:modified_time\" content=\"2025-10-21T10:14:35+00:00\" \/>\n<meta property=\"og:image\" content=\"https:\/\/littleloua.com\/wp-content\/uploads\/2025\/01\/39BCF0E8-F1D0-4BD5-8507-9E765E6EBF26-1-scaled.jpg\" \/>\n\t<meta property=\"og:image:width\" content=\"1920\" \/>\n\t<meta property=\"og:image:height\" content=\"2560\" \/>\n\t<meta property=\"og:image:type\" content=\"image\/jpeg\" \/>\n<meta name=\"twitter:card\" content=\"summary_large_image\" \/>\n<meta name=\"twitter:label1\" content=\"Dur\u00e9e de lecture estim\u00e9e\" \/>\n\t<meta name=\"twitter:data1\" content=\"3 minutes\" \/>\n<script type=\"application\/ld+json\" class=\"yoast-schema-graph\">{\"@context\":\"https:\\\/\\\/schema.org\",\"@graph\":[{\"@type\":\"WebPage\",\"@id\":\"https:\\\/\\\/littleloua.com\\\/fr\\\/produit\\\/decoration-murale-de-ballons-boucles\\\/\",\"url\":\"https:\\\/\\\/littleloua.com\\\/fr\\\/produit\\\/decoration-murale-de-ballons-boucles\\\/\",\"name\":\"D\u00e9cor mural Balloon Boucl\u00e9 pour la chambre de b\u00e9b\u00e9\",\"isPartOf\":{\"@id\":\"https:\\\/\\\/littleloua.com\\\/fr\\\/#website\"},\"primaryImageOfPage\":{\"@id\":\"https:\\\/\\\/littleloua.com\\\/fr\\\/produit\\\/decoration-murale-de-ballons-boucles\\\/#primaryimage\"},\"image\":{\"@id\":\"https:\\\/\\\/littleloua.com\\\/fr\\\/produit\\\/decoration-murale-de-ballons-boucles\\\/#primaryimage\"},\"thumbnailUrl\":\"https:\\\/\\\/littleloua.com\\\/wp-content\\\/uploads\\\/2025\\\/01\\\/39BCF0E8-F1D0-4BD5-8507-9E765E6EBF26-1-scaled.jpg\",\"datePublished\":\"2025-01-04T12:41:35+00:00\",\"dateModified\":\"2025-10-21T10:14:35+00:00\",\"description\":\"Transformez la chambre de votre b\u00e9b\u00e9 avec notre d\u00e9cor mural en forme de ballon fait \u00e0 la main. Les mat\u00e9riaux doux et \u00e9cologiques et l'\u00e9clairage LED en option cr\u00e9ent une atmosph\u00e8re douillette et apaisante.\",\"breadcrumb\":{\"@id\":\"https:\\\/\\\/littleloua.com\\\/fr\\\/produit\\\/decoration-murale-de-ballons-boucles\\\/#breadcrumb\"},\"inLanguage\":\"fr-FR\",\"potentialAction\":[{\"@type\":\"ReadAction\",\"target\":[\"https:\\\/\\\/littleloua.com\\\/fr\\\/produit\\\/decoration-murale-de-ballons-boucles\\\/\"]}]},{\"@type\":\"ImageObject\",\"inLanguage\":\"fr-FR\",\"@id\":\"https:\\\/\\\/littleloua.com\\\/fr\\\/produit\\\/decoration-murale-de-ballons-boucles\\\/#primaryimage\",\"url\":\"https:\\\/\\\/littleloua.com\\\/wp-content\\\/uploads\\\/2025\\\/01\\\/39BCF0E8-F1D0-4BD5-8507-9E765E6EBF26-1-scaled.jpg\",\"contentUrl\":\"https:\\\/\\\/littleloua.com\\\/wp-content\\\/uploads\\\/2025\\\/01\\\/39BCF0E8-F1D0-4BD5-8507-9E765E6EBF26-1-scaled.jpg\",\"width\":1920,\"height\":2560},{\"@type\":\"BreadcrumbList\",\"@id\":\"https:\\\/\\\/littleloua.com\\\/fr\\\/produit\\\/decoration-murale-de-ballons-boucles\\\/#breadcrumb\",\"itemListElement\":[{\"@type\":\"ListItem\",\"position\":1,\"name\":\"Home\",\"item\":\"https:\\\/\\\/littleloua.com\\\/fr\\\/\"},{\"@type\":\"ListItem\",\"position\":2,\"name\":\"Shop\",\"item\":\"https:\\\/\\\/littleloua.com\\\/fr\\\/shop\\\/\"},{\"@type\":\"ListItem\",\"position\":3,\"name\":\"D\u00e9coration murale de ballons boucl\u00e9s\"}]},{\"@type\":\"WebSite\",\"@id\":\"https:\\\/\\\/littleloua.com\\\/fr\\\/#website\",\"url\":\"https:\\\/\\\/littleloua.com\\\/fr\\\/\",\"name\":\"Little Loua\",\"description\":\"Handmade Baby mobiles created with love\",\"publisher\":{\"@id\":\"https:\\\/\\\/littleloua.com\\\/fr\\\/#organization\"},\"potentialAction\":[{\"@type\":\"SearchAction\",\"target\":{\"@type\":\"EntryPoint\",\"urlTemplate\":\"https:\\\/\\\/littleloua.com\\\/fr\\\/?s={search_term_string}\"},\"query-input\":{\"@type\":\"PropertyValueSpecification\",\"valueRequired\":true,\"valueName\":\"search_term_string\"}}],\"inLanguage\":\"fr-FR\"},{\"@type\":\"Organization\",\"@id\":\"https:\\\/\\\/littleloua.com\\\/fr\\\/#organization\",\"name\":\"Little Loua\",\"url\":\"https:\\\/\\\/littleloua.com\\\/fr\\\/\",\"logo\":{\"@type\":\"ImageObject\",\"inLanguage\":\"fr-FR\",\"@id\":\"https:\\\/\\\/littleloua.com\\\/fr\\\/#\\\/schema\\\/logo\\\/image\\\/\",\"url\":\"https:\\\/\\\/littleloua.com\\\/wp-content\\\/uploads\\\/2023\\\/06\\\/logo-little-loua-handmade-baby-mobiles.png\",\"contentUrl\":\"https:\\\/\\\/littleloua.com\\\/wp-content\\\/uploads\\\/2023\\\/06\\\/logo-little-loua-handmade-baby-mobiles.png\",\"width\":316,\"height\":285,\"caption\":\"Little Loua\"},\"image\":{\"@id\":\"https:\\\/\\\/littleloua.com\\\/fr\\\/#\\\/schema\\\/logo\\\/image\\\/\"},\"sameAs\":[\"https:\\\/\\\/www.facebook.com\\\/littleloua\",\"https:\\\/\\\/www.instagram.com\\\/little.loua\\\/\"]}]}<\/script>\n<!-- \/ Yoast SEO plugin. -->","yoast_head_json":{"title":"D\u00e9cor mural Balloon Boucl\u00e9 pour la chambre de b\u00e9b\u00e9","description":"Transformez la chambre de votre b\u00e9b\u00e9 avec notre d\u00e9cor mural en forme de ballon fait \u00e0 la main. Les mat\u00e9riaux doux et \u00e9cologiques et l'\u00e9clairage LED en option cr\u00e9ent une atmosph\u00e8re douillette et apaisante.","robots":{"index":"index","follow":"follow","max-snippet":"max-snippet:-1","max-image-preview":"max-image-preview:large","max-video-preview":"max-video-preview:-1"},"canonical":"https:\/\/littleloua.com\/fr\/produit\/decoration-murale-de-ballons-boucles\/","og_locale":"fr_FR","og_type":"article","og_title":"D\u00e9cor mural Balloon Boucl\u00e9 pour la chambre de b\u00e9b\u00e9","og_description":"Transformez la chambre de votre b\u00e9b\u00e9 avec notre d\u00e9cor mural en forme de ballon fait \u00e0 la main. Les mat\u00e9riaux doux et \u00e9cologiques et l'\u00e9clairage LED en option cr\u00e9ent une atmosph\u00e8re douillette et apaisante.","og_url":"https:\/\/littleloua.com\/fr\/produit\/decoration-murale-de-ballons-boucles\/","og_site_name":"Little Loua","article_publisher":"https:\/\/www.facebook.com\/littleloua","article_modified_time":"2025-10-21T10:14:35+00:00","og_image":[{"width":1920,"height":2560,"url":"https:\/\/littleloua.com\/wp-content\/uploads\/2025\/01\/39BCF0E8-F1D0-4BD5-8507-9E765E6EBF26-1-scaled.jpg","type":"image\/jpeg"}],"twitter_card":"summary_large_image","twitter_misc":{"Dur\u00e9e de lecture estim\u00e9e":"3 minutes"},"schema":{"@context":"https:\/\/schema.org","@graph":[{"@type":"WebPage","@id":"https:\/\/littleloua.com\/fr\/produit\/decoration-murale-de-ballons-boucles\/","url":"https:\/\/littleloua.com\/fr\/produit\/decoration-murale-de-ballons-boucles\/","name":"D\u00e9cor mural Balloon Boucl\u00e9 pour la chambre de b\u00e9b\u00e9","isPartOf":{"@id":"https:\/\/littleloua.com\/fr\/#website"},"primaryImageOfPage":{"@id":"https:\/\/littleloua.com\/fr\/produit\/decoration-murale-de-ballons-boucles\/#primaryimage"},"image":{"@id":"https:\/\/littleloua.com\/fr\/produit\/decoration-murale-de-ballons-boucles\/#primaryimage"},"thumbnailUrl":"https:\/\/littleloua.com\/wp-content\/uploads\/2025\/01\/39BCF0E8-F1D0-4BD5-8507-9E765E6EBF26-1-scaled.jpg","datePublished":"2025-01-04T12:41:35+00:00","dateModified":"2025-10-21T10:14:35+00:00","description":"Transformez la chambre de votre b\u00e9b\u00e9 avec notre d\u00e9cor mural en forme de ballon fait \u00e0 la main. Les mat\u00e9riaux doux et \u00e9cologiques et l'\u00e9clairage LED en option cr\u00e9ent une atmosph\u00e8re douillette et apaisante.","breadcrumb":{"@id":"https:\/\/littleloua.com\/fr\/produit\/decoration-murale-de-ballons-boucles\/#breadcrumb"},"inLanguage":"fr-FR","potentialAction":[{"@type":"ReadAction","target":["https:\/\/littleloua.com\/fr\/produit\/decoration-murale-de-ballons-boucles\/"]}]},{"@type":"ImageObject","inLanguage":"fr-FR","@id":"https:\/\/littleloua.com\/fr\/produit\/decoration-murale-de-ballons-boucles\/#primaryimage","url":"https:\/\/littleloua.com\/wp-content\/uploads\/2025\/01\/39BCF0E8-F1D0-4BD5-8507-9E765E6EBF26-1-scaled.jpg","contentUrl":"https:\/\/littleloua.com\/wp-content\/uploads\/2025\/01\/39BCF0E8-F1D0-4BD5-8507-9E765E6EBF26-1-scaled.jpg","width":1920,"height":2560},{"@type":"BreadcrumbList","@id":"https:\/\/littleloua.com\/fr\/produit\/decoration-murale-de-ballons-boucles\/#breadcrumb","itemListElement":[{"@type":"ListItem","position":1,"name":"Home","item":"https:\/\/littleloua.com\/fr\/"},{"@type":"ListItem","position":2,"name":"Shop","item":"https:\/\/littleloua.com\/fr\/shop\/"},{"@type":"ListItem","position":3,"name":"D\u00e9coration murale de ballons boucl\u00e9s"}]},{"@type":"WebSite","@id":"https:\/\/littleloua.com\/fr\/#website","url":"https:\/\/littleloua.com\/fr\/","name":"Little Loua","description":"Handmade Baby mobiles created with love","publisher":{"@id":"https:\/\/littleloua.com\/fr\/#organization"},"potentialAction":[{"@type":"SearchAction","target":{"@type":"EntryPoint","urlTemplate":"https:\/\/littleloua.com\/fr\/?s={search_term_string}"},"query-input":{"@type":"PropertyValueSpecification","valueRequired":true,"valueName":"search_term_string"}}],"inLanguage":"fr-FR"},{"@type":"Organization","@id":"https:\/\/littleloua.com\/fr\/#organization","name":"Little Loua","url":"https:\/\/littleloua.com\/fr\/","logo":{"@type":"ImageObject","inLanguage":"fr-FR","@id":"https:\/\/littleloua.com\/fr\/#\/schema\/logo\/image\/","url":"https:\/\/littleloua.com\/wp-content\/uploads\/2023\/06\/logo-little-loua-handmade-baby-mobiles.png","contentUrl":"https:\/\/littleloua.com\/wp-content\/uploads\/2023\/06\/logo-little-loua-handmade-baby-mobiles.png","width":316,"height":285,"caption":"Little Loua"},"image":{"@id":"https:\/\/littleloua.com\/fr\/#\/schema\/logo\/image\/"},"sameAs":["https:\/\/www.facebook.com\/littleloua","https:\/\/www.instagram.com\/little.loua\/"]}]}},"_links":{"self":[{"href":"https:\/\/littleloua.com\/fr\/wp-json\/wp\/v2\/product\/18119","targetHints":{"allow":["GET"]}}],"collection":[{"href":"https:\/\/littleloua.com\/fr\/wp-json\/wp\/v2\/product"}],"about":[{"href":"https:\/\/littleloua.com\/fr\/wp-json\/wp\/v2\/types\/product"}],"version-history":[{"count":1,"href":"https:\/\/littleloua.com\/fr\/wp-json\/wp\/v2\/product\/18119\/revisions"}],"predecessor-version":[{"id":18120,"href":"https:\/\/littleloua.com\/fr\/wp-json\/wp\/v2\/product\/18119\/revisions\/18120"}],"wp:featuredmedia":[{"embeddable":true,"href":"https:\/\/littleloua.com\/fr\/wp-json\/wp\/v2\/media\/19929"}],"wp:attachment":[{"href":"https:\/\/littleloua.com\/fr\/wp-json\/wp\/v2\/media?parent=18119"}],"wp:term":[{"taxonomy":"product_brand","embeddable":true,"href":"https:\/\/littleloua.com\/fr\/wp-json\/wp\/v2\/product_brand?post=18119"},{"taxonomy":"product_cat","embeddable":true,"href":"https:\/\/littleloua.com\/fr\/wp-json\/wp\/v2\/product_cat?post=18119"},{"taxonomy":"product_tag","embeddable":true,"href":"https:\/\/littleloua.com\/fr\/wp-json\/wp\/v2\/product_tag?post=18119"}],"curies":[{"name":"wp","href":"https:\/\/api.w.org\/{rel}","templated":true}]}}