{"id":16165,"date":"2024-09-19T17:15:14","date_gmt":"2024-09-19T15:15:14","guid":{"rendered":"https:\/\/littleloua.com\/?post_type=product&#038;p=16165"},"modified":"2025-10-21T12:15:36","modified_gmt":"2025-10-21T10:15:36","slug":"mobile-bebe-nuages-duveteux-rose-fait-main","status":"publish","type":"product","link":"https:\/\/littleloua.com\/fr\/produit\/mobile-bebe-nuages-duveteux-rose-fait-main\/","title":{"rendered":"Mobile b\u00e9b\u00e9 Nuages \u200b\u200bduveteux rose fait main"},"content":{"rendered":"<h2>Mobile Nuages duveteux rose en bois pour b\u00e9b\u00e9, fait main<\/h2>\n<p>D\u00e9couvrez notre adorable mobile pour b\u00e9b\u00e9 avec des nuages duveteux. Con\u00e7u avec amour, ce magnifique mobile est l&rsquo;ajout parfait \u00e0 la chambre de b\u00e9b\u00e9, apportant une touche de magie c\u00e9leste \u00e0 son univers.<\/p>\n<p>Alors que votre petit tr\u00e9sor repose sous les mouvements apaisants des nuages et la lueur douce des \u00e9toiles et de la lune, il sera berc\u00e9 doucement dans un sommeil paisible. Les mouvements doux du mobile cr\u00e9ent une atmosph\u00e8re calme, aidant votre b\u00e9b\u00e9 \u00e0 s&rsquo;endormir facilement.<\/p>\n<h2><img fetchpriority=\"high\" decoding=\"async\" class=\"alignnone size-medium wp-image-16174\" src=\"https:\/\/littleloua.com\/wp-content\/uploads\/2024\/09\/77E8CB2E-6AAA-4EED-8CB0-37317AC4B4F6-1-200x300.jpg\" alt=\"\" width=\"200\" height=\"300\" srcset=\"https:\/\/littleloua.com\/wp-content\/uploads\/2024\/09\/77E8CB2E-6AAA-4EED-8CB0-37317AC4B4F6-1-200x300.jpg 200w, https:\/\/littleloua.com\/wp-content\/uploads\/2024\/09\/77E8CB2E-6AAA-4EED-8CB0-37317AC4B4F6-1-683x1024.jpg 683w, https:\/\/littleloua.com\/wp-content\/uploads\/2024\/09\/77E8CB2E-6AAA-4EED-8CB0-37317AC4B4F6-1-768x1152.jpg 768w, https:\/\/littleloua.com\/wp-content\/uploads\/2024\/09\/77E8CB2E-6AAA-4EED-8CB0-37317AC4B4F6-1-1024x1536.jpg 1024w, https:\/\/littleloua.com\/wp-content\/uploads\/2024\/09\/77E8CB2E-6AAA-4EED-8CB0-37317AC4B4F6-1-1366x2048.jpg 1366w, https:\/\/littleloua.com\/wp-content\/uploads\/2024\/09\/77E8CB2E-6AAA-4EED-8CB0-37317AC4B4F6-1-600x900.jpg 600w, https:\/\/littleloua.com\/wp-content\/uploads\/2024\/09\/77E8CB2E-6AAA-4EED-8CB0-37317AC4B4F6-1-1200x1799.jpg 1200w, https:\/\/littleloua.com\/wp-content\/uploads\/2024\/09\/77E8CB2E-6AAA-4EED-8CB0-37317AC4B4F6-1-150x225.jpg 150w, https:\/\/littleloua.com\/wp-content\/uploads\/2024\/09\/77E8CB2E-6AAA-4EED-8CB0-37317AC4B4F6-1-scaled.jpg 1707w\" sizes=\"(max-width: 200px) 100vw, 200px\" \/> <img decoding=\"async\" class=\"alignnone size-medium wp-image-16169\" src=\"https:\/\/littleloua.com\/wp-content\/uploads\/2024\/09\/B56EE88D-0219-4862-802A-9A60A5640B4A-3-200x300.jpg\" alt=\"\" width=\"200\" height=\"300\" srcset=\"https:\/\/littleloua.com\/wp-content\/uploads\/2024\/09\/B56EE88D-0219-4862-802A-9A60A5640B4A-3-200x300.jpg 200w, https:\/\/littleloua.com\/wp-content\/uploads\/2024\/09\/B56EE88D-0219-4862-802A-9A60A5640B4A-3-683x1024.jpg 683w, https:\/\/littleloua.com\/wp-content\/uploads\/2024\/09\/B56EE88D-0219-4862-802A-9A60A5640B4A-3-768x1152.jpg 768w, https:\/\/littleloua.com\/wp-content\/uploads\/2024\/09\/B56EE88D-0219-4862-802A-9A60A5640B4A-3-1024x1536.jpg 1024w, https:\/\/littleloua.com\/wp-content\/uploads\/2024\/09\/B56EE88D-0219-4862-802A-9A60A5640B4A-3-1366x2048.jpg 1366w, https:\/\/littleloua.com\/wp-content\/uploads\/2024\/09\/B56EE88D-0219-4862-802A-9A60A5640B4A-3-600x900.jpg 600w, https:\/\/littleloua.com\/wp-content\/uploads\/2024\/09\/B56EE88D-0219-4862-802A-9A60A5640B4A-3-1200x1799.jpg 1200w, https:\/\/littleloua.com\/wp-content\/uploads\/2024\/09\/B56EE88D-0219-4862-802A-9A60A5640B4A-3-150x225.jpg 150w, https:\/\/littleloua.com\/wp-content\/uploads\/2024\/09\/B56EE88D-0219-4862-802A-9A60A5640B4A-3-scaled.jpg 1707w\" sizes=\"(max-width: 200px) 100vw, 200px\" \/><img decoding=\"async\" class=\"alignnone size-medium wp-image-16101\" src=\"https:\/\/littleloua.com\/wp-content\/uploads\/2024\/09\/CA91F1C0-84BB-4771-8190-992387C8D9E9-3-200x300.jpeg\" alt=\"\" width=\"200\" height=\"300\" srcset=\"https:\/\/littleloua.com\/wp-content\/uploads\/2024\/09\/CA91F1C0-84BB-4771-8190-992387C8D9E9-3-200x300.jpeg 200w, https:\/\/littleloua.com\/wp-content\/uploads\/2024\/09\/CA91F1C0-84BB-4771-8190-992387C8D9E9-3-683x1024.jpeg 683w, https:\/\/littleloua.com\/wp-content\/uploads\/2024\/09\/CA91F1C0-84BB-4771-8190-992387C8D9E9-3-768x1152.jpeg 768w, https:\/\/littleloua.com\/wp-content\/uploads\/2024\/09\/CA91F1C0-84BB-4771-8190-992387C8D9E9-3-1024x1536.jpeg 1024w, https:\/\/littleloua.com\/wp-content\/uploads\/2024\/09\/CA91F1C0-84BB-4771-8190-992387C8D9E9-3-1366x2048.jpeg 1366w, https:\/\/littleloua.com\/wp-content\/uploads\/2024\/09\/CA91F1C0-84BB-4771-8190-992387C8D9E9-3-600x900.jpeg 600w, https:\/\/littleloua.com\/wp-content\/uploads\/2024\/09\/CA91F1C0-84BB-4771-8190-992387C8D9E9-3-1200x1799.jpeg 1200w, https:\/\/littleloua.com\/wp-content\/uploads\/2024\/09\/CA91F1C0-84BB-4771-8190-992387C8D9E9-3-150x225.jpeg 150w, https:\/\/littleloua.com\/wp-content\/uploads\/2024\/09\/CA91F1C0-84BB-4771-8190-992387C8D9E9-3-scaled.jpeg 1707w\" sizes=\"(max-width: 200px) 100vw, 200px\" \/><\/h2>\n<h2>La composition de notre mobile nuages duveteux<\/h2>\n<p>Suspendu <strong>au-dessus du lit<\/strong> de votre enfant, notre mobile, qui peut \u00e9galement \u00eatre musical si vous le combinez \u00e0 notre <strong>bo\u00eete \u00e0 musique<\/strong>, vient d\u00e9corer sa chambre avec go\u00fbt et authenticit\u00e9. Le <strong>bois<\/strong>, quant \u00e0 lui, se marie parfaitement \u00e0 un grand nombre de textures et de couleurs, tout en apportant de la chaleur et du naturel \u00e0 la pi\u00e8ce.<\/p>\n<p>&nbsp;<\/p>\n<h2>Un mobile en bois \u00e9cologique et fait main<\/h2>\n<p>Si notre mobile nuages duveteux, est si appr\u00e9ci\u00e9, c\u2019est pour ses caract\u00e9ristiques et ses finitions haut de gamme :<\/p>\n<ul>\n<li>Des dimensions harmonieuses, soit un <strong>diam\u00e8tre de 18 cm<\/strong> pour<strong> 59 cm de hauteur<\/strong>;<\/li>\n<li>Des mat\u00e9riaux de qualit\u00e9 et eco-friendly, incluant <strong>feutre<\/strong>, <strong>fils de coton<\/strong>, <strong>bois<\/strong> et <strong>rembourrage<\/strong> <strong>hypoallerg\u00e9nique<\/strong>;<\/li>\n<li>Un <strong>design \u00e9l\u00e9gant<\/strong>;<\/li>\n<li>Des jeux de <strong>textures<\/strong> et de <strong>couleurs<\/strong>, pour le plaisir de b\u00e9b\u00e9\u00a0;<\/li>\n<li>Une conception unique et des \u00e9l\u00e9ments <strong>cousus \u00e0 la main<\/strong>.<\/li>\n<\/ul>\n<p>Dites d\u00e9sormais adieu aux longues soir\u00e9es \u00e0 bercer b\u00e9b\u00e9\u00a0: une fois l\u2019heure du coucher arriv\u00e9e, il prendra plaisir \u00e0 admirer son joli <strong>mobile nuages duveteux, en bois<\/strong>, tournoyant au-dessus de sa t\u00eate. Et si vous optez pour une <strong>bo\u00eete \u00e0 musique<\/strong>, vendue s\u00e9par\u00e9ment, vous aurez des heures de douces m\u00e9lodies en perspective.<\/p>\n<p>C\u2019est un pur bonheur pour les petits, comme pour les parents\u00a0!<\/p>\n<p>&nbsp;<\/p>\n<h2>Informations compl\u00e9mentaires<\/h2>\n<ul>\n<li>Toutes nos cr\u00e9ations sont <strong>uniques<\/strong> et <strong>r\u00e9alis\u00e9es \u00e0 la main<\/strong>. M\u00eame si nous nous effor\u00e7ons de r\u00e9aliser nos mod\u00e8les au plus proche des photos en description, il se peut donc que vous notiez de l\u00e9g\u00e8res diff\u00e9rences au niveau des teintes ou des coutures des peluches.<\/li>\n<li>Veuillez <strong>ne pas laver<\/strong> votre nuages duveteux,. Celui-ci a \u00e9t\u00e9 nettoy\u00e9 avant exp\u00e9dition.<\/li>\n<li><strong>La livraison est gratuite d\u00e8s 100 euros d\u2019achat\u00a0!<\/strong><\/li>\n<\/ul>\n<p>En cas de question, n\u2019h\u00e9sitez pas et <strong>contactez-nous<\/strong>\u00a0!<\/p>\n<h2>La s\u00e9curit\u00e9 de notre mobile nuages duveteux, pour b\u00e9b\u00e9<\/h2>\n<p>Nos <strong>mobiles musicaux pour b\u00e9b\u00e9s<\/strong> ne sont pas des jouets, mais ils sont uniquement destin\u00e9s \u00e0 des fins d\u00e9coratives. Veuillez donc ne pas laisser le <strong>mobile nuages duveteux,<\/strong>\u00a0\u00e0 port\u00e9e de votre enfant, et ce, \u00e0 tout moment.<\/p>\n<p>Suspendez-le simplement au-dessus du lit, \u00e0 environ <strong>30 cm du b\u00e9b\u00e9<\/strong>. Au moment de le faire fonctionner, l\u2019enfant doit regarder droit et l\u00e9g\u00e8rement vers l\u2019avant. Positionnez donc son mobile vers le centre du lit, pour des questions de confort.<\/p>\n<p>S\u2019il est trop bas, donc \u00e0 moins de 30 cm de hauteur, votre enfant pourrait arracher les peluches et faire tomber la structure sur lui, mais aussi d\u00e9velopper un strabisme.<\/p>\n<p>Prenez donc garde \u00e0 le positionner parfaitement\u00a0!<\/p>\n<p>&nbsp;<\/p>\n<p><em>Combinez sans h\u00e9siter notre <strong>mobile nuages duveteux,<\/strong>\u00a0\u00e0 notre support en bois orientable, sans oublier notre incontournable bo\u00eete \u00e0 musique \u00e0 piles !<\/em><\/p>\n","protected":false},"excerpt":{"rendered":"<p>D\u00e9couvrez notre adorable mobile pour b\u00e9b\u00e9 avec des nuages duveteux rose. Con\u00e7u avec amour, ce magnifique mobile est l&rsquo;ajout parfait \u00e0 la chambre de b\u00e9b\u00e9, apportant une touche de magie c\u00e9leste \u00e0 son univers.<\/p>\n<p>Alors que votre petit tr\u00e9sor repose sous les mouvements apaisants des nuages, il sera berc\u00e9 doucement dans un sommeil paisible. Les mouvements doux du mobile cr\u00e9ent une atmosph\u00e8re calme, aidant votre b\u00e9b\u00e9 \u00e0 s&rsquo;endormir facilement.<\/p>\n","protected":false},"featured_media":16174,"template":"","meta":{"_acf_changed":false},"product_brand":[],"product_cat":[54],"product_tag":[103,107,131],"class_list":{"0":"post-16165","1":"product","2":"type-product","3":"status-publish","4":"has-post-thumbnail","6":"product_cat-mobile-bebe","7":"product_tag-channable-fr","8":"product_tag-ds-fr","9":"product_tag-engels-fr","11":"first","12":"instock","13":"shipping-taxable","14":"purchasable","15":"product-type-simple"},"acf":[],"yoast_head":"<!-- This site is optimized with the Yoast SEO plugin v26.2 - https:\/\/yoast.com\/wordpress\/plugins\/seo\/ -->\n<title>Mobile nuages duveteux rose en bois, fait main | Little Loua<\/title>\n<meta name=\"description\" content=\"Offrez \u00e0 la chambre de votre b\u00e9b\u00e9 une ambiance enchant\u00e9e avec notre mobile b\u00e9b\u00e9 nuages duveteux rose fait main.\" \/>\n<meta name=\"robots\" content=\"index, follow, max-snippet:-1, max-image-preview:large, max-video-preview:-1\" \/>\n<link rel=\"canonical\" href=\"https:\/\/littleloua.com\/fr\/produit\/mobile-bebe-nuages-duveteux-rose-fait-main\/\" \/>\n<meta property=\"og:locale\" content=\"fr_FR\" \/>\n<meta property=\"og:type\" content=\"article\" \/>\n<meta property=\"og:title\" content=\"Mobile nuages duveteux rose en bois, fait main | Little Loua\" \/>\n<meta property=\"og:description\" content=\"Offrez \u00e0 la chambre de votre b\u00e9b\u00e9 une ambiance enchant\u00e9e avec notre mobile b\u00e9b\u00e9 nuages duveteux rose fait main.\" \/>\n<meta property=\"og:url\" content=\"https:\/\/littleloua.com\/fr\/produit\/mobile-bebe-nuages-duveteux-rose-fait-main\/\" \/>\n<meta property=\"og:site_name\" content=\"Little Loua\" \/>\n<meta property=\"article:publisher\" content=\"https:\/\/www.facebook.com\/littleloua\" \/>\n<meta property=\"article:modified_time\" content=\"2025-10-21T10:15:36+00:00\" \/>\n<meta property=\"og:image\" content=\"https:\/\/littleloua.com\/wp-content\/uploads\/2024\/09\/77E8CB2E-6AAA-4EED-8CB0-37317AC4B4F6-1-scaled.jpg\" \/>\n\t<meta property=\"og:image:width\" content=\"1707\" \/>\n\t<meta property=\"og:image:height\" content=\"2560\" \/>\n\t<meta property=\"og:image:type\" content=\"image\/jpeg\" \/>\n<meta name=\"twitter:card\" content=\"summary_large_image\" \/>\n<meta name=\"twitter:label1\" content=\"Dur\u00e9e de lecture estim\u00e9e\" \/>\n\t<meta name=\"twitter:data1\" content=\"4 minutes\" \/>\n<script type=\"application\/ld+json\" class=\"yoast-schema-graph\">{\"@context\":\"https:\/\/schema.org\",\"@graph\":[{\"@type\":\"WebPage\",\"@id\":\"https:\/\/littleloua.com\/fr\/produit\/mobile-bebe-nuages-duveteux-rose-fait-main\/\",\"url\":\"https:\/\/littleloua.com\/fr\/produit\/mobile-bebe-nuages-duveteux-rose-fait-main\/\",\"name\":\"Mobile nuages duveteux rose en bois, fait main | Little Loua\",\"isPartOf\":{\"@id\":\"https:\/\/littleloua.com\/fr\/#website\"},\"primaryImageOfPage\":{\"@id\":\"https:\/\/littleloua.com\/fr\/produit\/mobile-bebe-nuages-duveteux-rose-fait-main\/#primaryimage\"},\"image\":{\"@id\":\"https:\/\/littleloua.com\/fr\/produit\/mobile-bebe-nuages-duveteux-rose-fait-main\/#primaryimage\"},\"thumbnailUrl\":\"https:\/\/littleloua.com\/wp-content\/uploads\/2024\/09\/77E8CB2E-6AAA-4EED-8CB0-37317AC4B4F6-1-scaled.jpg\",\"datePublished\":\"2024-09-19T15:15:14+00:00\",\"dateModified\":\"2025-10-21T10:15:36+00:00\",\"description\":\"Offrez \u00e0 la chambre de votre b\u00e9b\u00e9 une ambiance enchant\u00e9e avec notre mobile b\u00e9b\u00e9 nuages duveteux rose fait main.\",\"breadcrumb\":{\"@id\":\"https:\/\/littleloua.com\/fr\/produit\/mobile-bebe-nuages-duveteux-rose-fait-main\/#breadcrumb\"},\"inLanguage\":\"fr-FR\",\"potentialAction\":[{\"@type\":\"ReadAction\",\"target\":[\"https:\/\/littleloua.com\/fr\/produit\/mobile-bebe-nuages-duveteux-rose-fait-main\/\"]}]},{\"@type\":\"ImageObject\",\"inLanguage\":\"fr-FR\",\"@id\":\"https:\/\/littleloua.com\/fr\/produit\/mobile-bebe-nuages-duveteux-rose-fait-main\/#primaryimage\",\"url\":\"https:\/\/littleloua.com\/wp-content\/uploads\/2024\/09\/77E8CB2E-6AAA-4EED-8CB0-37317AC4B4F6-1-scaled.jpg\",\"contentUrl\":\"https:\/\/littleloua.com\/wp-content\/uploads\/2024\/09\/77E8CB2E-6AAA-4EED-8CB0-37317AC4B4F6-1-scaled.jpg\",\"width\":1707,\"height\":2560},{\"@type\":\"BreadcrumbList\",\"@id\":\"https:\/\/littleloua.com\/fr\/produit\/mobile-bebe-nuages-duveteux-rose-fait-main\/#breadcrumb\",\"itemListElement\":[{\"@type\":\"ListItem\",\"position\":1,\"name\":\"Home\",\"item\":\"https:\/\/littleloua.com\/fr\/home-2\/\"},{\"@type\":\"ListItem\",\"position\":2,\"name\":\"Shop\",\"item\":\"https:\/\/littleloua.com\/fr\/shop\/\"},{\"@type\":\"ListItem\",\"position\":3,\"name\":\"Mobile b\u00e9b\u00e9 Nuages \u200b\u200bduveteux rose fait main\"}]},{\"@type\":\"WebSite\",\"@id\":\"https:\/\/littleloua.com\/fr\/#website\",\"url\":\"https:\/\/littleloua.com\/fr\/\",\"name\":\"Little Loua\",\"description\":\"Handmade Baby mobiles created with love\",\"publisher\":{\"@id\":\"https:\/\/littleloua.com\/fr\/#organization\"},\"potentialAction\":[{\"@type\":\"SearchAction\",\"target\":{\"@type\":\"EntryPoint\",\"urlTemplate\":\"https:\/\/littleloua.com\/fr\/?s={search_term_string}\"},\"query-input\":{\"@type\":\"PropertyValueSpecification\",\"valueRequired\":true,\"valueName\":\"search_term_string\"}}],\"inLanguage\":\"fr-FR\"},{\"@type\":\"Organization\",\"@id\":\"https:\/\/littleloua.com\/fr\/#organization\",\"name\":\"Little Loua\",\"url\":\"https:\/\/littleloua.com\/fr\/\",\"logo\":{\"@type\":\"ImageObject\",\"inLanguage\":\"fr-FR\",\"@id\":\"https:\/\/littleloua.com\/fr\/#\/schema\/logo\/image\/\",\"url\":\"https:\/\/littleloua.com\/wp-content\/uploads\/2023\/06\/logo-little-loua-handmade-baby-mobiles.png\",\"contentUrl\":\"https:\/\/littleloua.com\/wp-content\/uploads\/2023\/06\/logo-little-loua-handmade-baby-mobiles.png\",\"width\":316,\"height\":285,\"caption\":\"Little Loua\"},\"image\":{\"@id\":\"https:\/\/littleloua.com\/fr\/#\/schema\/logo\/image\/\"},\"sameAs\":[\"https:\/\/www.facebook.com\/littleloua\",\"https:\/\/www.instagram.com\/little.loua\/\"]}]}<\/script>\n<!-- \/ Yoast SEO plugin. -->","yoast_head_json":{"title":"Mobile nuages duveteux rose en bois, fait main | Little Loua","description":"Offrez \u00e0 la chambre de votre b\u00e9b\u00e9 une ambiance enchant\u00e9e avec notre mobile b\u00e9b\u00e9 nuages duveteux rose fait main.","robots":{"index":"index","follow":"follow","max-snippet":"max-snippet:-1","max-image-preview":"max-image-preview:large","max-video-preview":"max-video-preview:-1"},"canonical":"https:\/\/littleloua.com\/fr\/produit\/mobile-bebe-nuages-duveteux-rose-fait-main\/","og_locale":"fr_FR","og_type":"article","og_title":"Mobile nuages duveteux rose en bois, fait main | Little Loua","og_description":"Offrez \u00e0 la chambre de votre b\u00e9b\u00e9 une ambiance enchant\u00e9e avec notre mobile b\u00e9b\u00e9 nuages duveteux rose fait main.","og_url":"https:\/\/littleloua.com\/fr\/produit\/mobile-bebe-nuages-duveteux-rose-fait-main\/","og_site_name":"Little Loua","article_publisher":"https:\/\/www.facebook.com\/littleloua","article_modified_time":"2025-10-21T10:15:36+00:00","og_image":[{"width":1707,"height":2560,"url":"https:\/\/littleloua.com\/wp-content\/uploads\/2024\/09\/77E8CB2E-6AAA-4EED-8CB0-37317AC4B4F6-1-scaled.jpg","type":"image\/jpeg"}],"twitter_card":"summary_large_image","twitter_misc":{"Dur\u00e9e de lecture estim\u00e9e":"4 minutes"},"schema":{"@context":"https:\/\/schema.org","@graph":[{"@type":"WebPage","@id":"https:\/\/littleloua.com\/fr\/produit\/mobile-bebe-nuages-duveteux-rose-fait-main\/","url":"https:\/\/littleloua.com\/fr\/produit\/mobile-bebe-nuages-duveteux-rose-fait-main\/","name":"Mobile nuages duveteux rose en bois, fait main | Little Loua","isPartOf":{"@id":"https:\/\/littleloua.com\/fr\/#website"},"primaryImageOfPage":{"@id":"https:\/\/littleloua.com\/fr\/produit\/mobile-bebe-nuages-duveteux-rose-fait-main\/#primaryimage"},"image":{"@id":"https:\/\/littleloua.com\/fr\/produit\/mobile-bebe-nuages-duveteux-rose-fait-main\/#primaryimage"},"thumbnailUrl":"https:\/\/littleloua.com\/wp-content\/uploads\/2024\/09\/77E8CB2E-6AAA-4EED-8CB0-37317AC4B4F6-1-scaled.jpg","datePublished":"2024-09-19T15:15:14+00:00","dateModified":"2025-10-21T10:15:36+00:00","description":"Offrez \u00e0 la chambre de votre b\u00e9b\u00e9 une ambiance enchant\u00e9e avec notre mobile b\u00e9b\u00e9 nuages duveteux rose fait main.","breadcrumb":{"@id":"https:\/\/littleloua.com\/fr\/produit\/mobile-bebe-nuages-duveteux-rose-fait-main\/#breadcrumb"},"inLanguage":"fr-FR","potentialAction":[{"@type":"ReadAction","target":["https:\/\/littleloua.com\/fr\/produit\/mobile-bebe-nuages-duveteux-rose-fait-main\/"]}]},{"@type":"ImageObject","inLanguage":"fr-FR","@id":"https:\/\/littleloua.com\/fr\/produit\/mobile-bebe-nuages-duveteux-rose-fait-main\/#primaryimage","url":"https:\/\/littleloua.com\/wp-content\/uploads\/2024\/09\/77E8CB2E-6AAA-4EED-8CB0-37317AC4B4F6-1-scaled.jpg","contentUrl":"https:\/\/littleloua.com\/wp-content\/uploads\/2024\/09\/77E8CB2E-6AAA-4EED-8CB0-37317AC4B4F6-1-scaled.jpg","width":1707,"height":2560},{"@type":"BreadcrumbList","@id":"https:\/\/littleloua.com\/fr\/produit\/mobile-bebe-nuages-duveteux-rose-fait-main\/#breadcrumb","itemListElement":[{"@type":"ListItem","position":1,"name":"Home","item":"https:\/\/littleloua.com\/fr\/home-2\/"},{"@type":"ListItem","position":2,"name":"Shop","item":"https:\/\/littleloua.com\/fr\/shop\/"},{"@type":"ListItem","position":3,"name":"Mobile b\u00e9b\u00e9 Nuages \u200b\u200bduveteux rose fait main"}]},{"@type":"WebSite","@id":"https:\/\/littleloua.com\/fr\/#website","url":"https:\/\/littleloua.com\/fr\/","name":"Little Loua","description":"Handmade Baby mobiles created with love","publisher":{"@id":"https:\/\/littleloua.com\/fr\/#organization"},"potentialAction":[{"@type":"SearchAction","target":{"@type":"EntryPoint","urlTemplate":"https:\/\/littleloua.com\/fr\/?s={search_term_string}"},"query-input":{"@type":"PropertyValueSpecification","valueRequired":true,"valueName":"search_term_string"}}],"inLanguage":"fr-FR"},{"@type":"Organization","@id":"https:\/\/littleloua.com\/fr\/#organization","name":"Little Loua","url":"https:\/\/littleloua.com\/fr\/","logo":{"@type":"ImageObject","inLanguage":"fr-FR","@id":"https:\/\/littleloua.com\/fr\/#\/schema\/logo\/image\/","url":"https:\/\/littleloua.com\/wp-content\/uploads\/2023\/06\/logo-little-loua-handmade-baby-mobiles.png","contentUrl":"https:\/\/littleloua.com\/wp-content\/uploads\/2023\/06\/logo-little-loua-handmade-baby-mobiles.png","width":316,"height":285,"caption":"Little Loua"},"image":{"@id":"https:\/\/littleloua.com\/fr\/#\/schema\/logo\/image\/"},"sameAs":["https:\/\/www.facebook.com\/littleloua","https:\/\/www.instagram.com\/little.loua\/"]}]}},"_links":{"self":[{"href":"https:\/\/littleloua.com\/fr\/wp-json\/wp\/v2\/product\/16165","targetHints":{"allow":["GET"]}}],"collection":[{"href":"https:\/\/littleloua.com\/fr\/wp-json\/wp\/v2\/product"}],"about":[{"href":"https:\/\/littleloua.com\/fr\/wp-json\/wp\/v2\/types\/product"}],"version-history":[{"count":1,"href":"https:\/\/littleloua.com\/fr\/wp-json\/wp\/v2\/product\/16165\/revisions"}],"predecessor-version":[{"id":20529,"href":"https:\/\/littleloua.com\/fr\/wp-json\/wp\/v2\/product\/16165\/revisions\/20529"}],"wp:featuredmedia":[{"embeddable":true,"href":"https:\/\/littleloua.com\/fr\/wp-json\/wp\/v2\/media\/16174"}],"wp:attachment":[{"href":"https:\/\/littleloua.com\/fr\/wp-json\/wp\/v2\/media?parent=16165"}],"wp:term":[{"taxonomy":"product_brand","embeddable":true,"href":"https:\/\/littleloua.com\/fr\/wp-json\/wp\/v2\/product_brand?post=16165"},{"taxonomy":"product_cat","embeddable":true,"href":"https:\/\/littleloua.com\/fr\/wp-json\/wp\/v2\/product_cat?post=16165"},{"taxonomy":"product_tag","embeddable":true,"href":"https:\/\/littleloua.com\/fr\/wp-json\/wp\/v2\/product_tag?post=16165"}],"curies":[{"name":"wp","href":"https:\/\/api.w.org\/{rel}","templated":true}]}}