{"id":11378,"date":"2024-04-02T13:05:38","date_gmt":"2024-04-02T11:05:38","guid":{"rendered":"https:\/\/littleloua.com\/?post_type=product&#038;p=11378"},"modified":"2025-10-21T12:13:34","modified_gmt":"2025-10-21T10:13:34","slug":"mobile-bebe-lapin-fait-main-crochet","status":"publish","type":"product","link":"https:\/\/littleloua.com\/fr\/produit\/mobile-bebe-lapin-fait-main-crochet\/","title":{"rendered":"Mobile b\u00e9b\u00e9 lapin fait main crochet"},"content":{"rendered":"<h2>Mobile lapin en bois pour b\u00e9b\u00e9, fait main<\/h2>\n<p>Vous r\u00eavez que votre bout de chou s\u2019endorme paisiblement, en regardant les peluches de son <strong>mobile en bois<\/strong> tournoyer au-dessus de son lit\u00a0? Avec notre cr\u00e9ation<strong> faite main<\/strong>, b\u00e9b\u00e9 trouvera le sommeil tout en douceur, sans pleurs ni angoisses.<\/p>\n<p>Succombez donc au charme de notre <strong>mobile lapin<\/strong>, comme cadeau de naissance, pour No\u00ebl ou simplement pour embellir sa chambre\u00a0!<\/p>\n<p><img fetchpriority=\"high\" decoding=\"async\" class=\"alignnone size-medium wp-image-11514\" src=\"https:\/\/littleloua.com\/wp-content\/uploads\/2024\/04\/C6DF0043-B578-4838-8100-A74E6FD4BB33-200x300.jpeg\" alt=\"\" width=\"200\" height=\"300\" srcset=\"https:\/\/littleloua.com\/wp-content\/uploads\/2024\/04\/C6DF0043-B578-4838-8100-A74E6FD4BB33-200x300.jpeg 200w, https:\/\/littleloua.com\/wp-content\/uploads\/2024\/04\/C6DF0043-B578-4838-8100-A74E6FD4BB33-683x1024.jpeg 683w, https:\/\/littleloua.com\/wp-content\/uploads\/2024\/04\/C6DF0043-B578-4838-8100-A74E6FD4BB33-768x1152.jpeg 768w, https:\/\/littleloua.com\/wp-content\/uploads\/2024\/04\/C6DF0043-B578-4838-8100-A74E6FD4BB33-1024x1536.jpeg 1024w, https:\/\/littleloua.com\/wp-content\/uploads\/2024\/04\/C6DF0043-B578-4838-8100-A74E6FD4BB33-1366x2048.jpeg 1366w, https:\/\/littleloua.com\/wp-content\/uploads\/2024\/04\/C6DF0043-B578-4838-8100-A74E6FD4BB33-1200x1799.jpeg 1200w, https:\/\/littleloua.com\/wp-content\/uploads\/2024\/04\/C6DF0043-B578-4838-8100-A74E6FD4BB33-600x900.jpeg 600w, https:\/\/littleloua.com\/wp-content\/uploads\/2024\/04\/C6DF0043-B578-4838-8100-A74E6FD4BB33-150x225.jpeg 150w, https:\/\/littleloua.com\/wp-content\/uploads\/2024\/04\/C6DF0043-B578-4838-8100-A74E6FD4BB33-scaled.jpeg 1707w\" sizes=\"(max-width: 200px) 100vw, 200px\" \/> <img decoding=\"async\" class=\"alignnone size-medium wp-image-11509\" src=\"https:\/\/littleloua.com\/wp-content\/uploads\/2024\/04\/79613B28-2B71-451F-8F0B-D581165527AF-200x300.jpeg\" alt=\"\" width=\"200\" height=\"300\" srcset=\"https:\/\/littleloua.com\/wp-content\/uploads\/2024\/04\/79613B28-2B71-451F-8F0B-D581165527AF-200x300.jpeg 200w, https:\/\/littleloua.com\/wp-content\/uploads\/2024\/04\/79613B28-2B71-451F-8F0B-D581165527AF-683x1024.jpeg 683w, https:\/\/littleloua.com\/wp-content\/uploads\/2024\/04\/79613B28-2B71-451F-8F0B-D581165527AF-768x1152.jpeg 768w, https:\/\/littleloua.com\/wp-content\/uploads\/2024\/04\/79613B28-2B71-451F-8F0B-D581165527AF-1024x1536.jpeg 1024w, https:\/\/littleloua.com\/wp-content\/uploads\/2024\/04\/79613B28-2B71-451F-8F0B-D581165527AF-1366x2048.jpeg 1366w, https:\/\/littleloua.com\/wp-content\/uploads\/2024\/04\/79613B28-2B71-451F-8F0B-D581165527AF-1200x1799.jpeg 1200w, https:\/\/littleloua.com\/wp-content\/uploads\/2024\/04\/79613B28-2B71-451F-8F0B-D581165527AF-600x900.jpeg 600w, https:\/\/littleloua.com\/wp-content\/uploads\/2024\/04\/79613B28-2B71-451F-8F0B-D581165527AF-150x225.jpeg 150w, https:\/\/littleloua.com\/wp-content\/uploads\/2024\/04\/79613B28-2B71-451F-8F0B-D581165527AF-scaled.jpeg 1707w\" sizes=\"(max-width: 200px) 100vw, 200px\" \/> <img decoding=\"async\" class=\"alignnone size-medium wp-image-11499\" src=\"https:\/\/littleloua.com\/wp-content\/uploads\/2024\/04\/63FD98EA-0909-4DB8-8472-EB7633DF4B36-200x300.jpg\" alt=\"\" width=\"200\" height=\"300\" srcset=\"https:\/\/littleloua.com\/wp-content\/uploads\/2024\/04\/63FD98EA-0909-4DB8-8472-EB7633DF4B36-200x300.jpg 200w, https:\/\/littleloua.com\/wp-content\/uploads\/2024\/04\/63FD98EA-0909-4DB8-8472-EB7633DF4B36-683x1024.jpg 683w, https:\/\/littleloua.com\/wp-content\/uploads\/2024\/04\/63FD98EA-0909-4DB8-8472-EB7633DF4B36-768x1152.jpg 768w, https:\/\/littleloua.com\/wp-content\/uploads\/2024\/04\/63FD98EA-0909-4DB8-8472-EB7633DF4B36-1024x1536.jpg 1024w, https:\/\/littleloua.com\/wp-content\/uploads\/2024\/04\/63FD98EA-0909-4DB8-8472-EB7633DF4B36-1366x2048.jpg 1366w, https:\/\/littleloua.com\/wp-content\/uploads\/2024\/04\/63FD98EA-0909-4DB8-8472-EB7633DF4B36-1200x1799.jpg 1200w, https:\/\/littleloua.com\/wp-content\/uploads\/2024\/04\/63FD98EA-0909-4DB8-8472-EB7633DF4B36-600x900.jpg 600w, https:\/\/littleloua.com\/wp-content\/uploads\/2024\/04\/63FD98EA-0909-4DB8-8472-EB7633DF4B36-150x225.jpg 150w, https:\/\/littleloua.com\/wp-content\/uploads\/2024\/04\/63FD98EA-0909-4DB8-8472-EB7633DF4B36-scaled.jpg 1707w\" sizes=\"(max-width: 200px) 100vw, 200px\" \/> <img loading=\"lazy\" decoding=\"async\" class=\"alignnone size-medium wp-image-11494\" src=\"https:\/\/littleloua.com\/wp-content\/uploads\/2024\/04\/6C4E90CD-AED9-4532-AE34-1DF1B80EBBC3-200x300.jpeg\" alt=\"\" width=\"200\" height=\"300\" srcset=\"https:\/\/littleloua.com\/wp-content\/uploads\/2024\/04\/6C4E90CD-AED9-4532-AE34-1DF1B80EBBC3-200x300.jpeg 200w, https:\/\/littleloua.com\/wp-content\/uploads\/2024\/04\/6C4E90CD-AED9-4532-AE34-1DF1B80EBBC3-683x1024.jpeg 683w, https:\/\/littleloua.com\/wp-content\/uploads\/2024\/04\/6C4E90CD-AED9-4532-AE34-1DF1B80EBBC3-768x1152.jpeg 768w, https:\/\/littleloua.com\/wp-content\/uploads\/2024\/04\/6C4E90CD-AED9-4532-AE34-1DF1B80EBBC3-1024x1536.jpeg 1024w, https:\/\/littleloua.com\/wp-content\/uploads\/2024\/04\/6C4E90CD-AED9-4532-AE34-1DF1B80EBBC3-1366x2048.jpeg 1366w, https:\/\/littleloua.com\/wp-content\/uploads\/2024\/04\/6C4E90CD-AED9-4532-AE34-1DF1B80EBBC3-1200x1799.jpeg 1200w, https:\/\/littleloua.com\/wp-content\/uploads\/2024\/04\/6C4E90CD-AED9-4532-AE34-1DF1B80EBBC3-600x900.jpeg 600w, https:\/\/littleloua.com\/wp-content\/uploads\/2024\/04\/6C4E90CD-AED9-4532-AE34-1DF1B80EBBC3-150x225.jpeg 150w, https:\/\/littleloua.com\/wp-content\/uploads\/2024\/04\/6C4E90CD-AED9-4532-AE34-1DF1B80EBBC3-scaled.jpeg 1707w\" sizes=\"(max-width: 200px) 100vw, 200px\" \/> <img loading=\"lazy\" decoding=\"async\" class=\"alignnone size-medium wp-image-11489\" src=\"https:\/\/littleloua.com\/wp-content\/uploads\/2024\/04\/3C4D3214-5B9A-4F23-B9E3-F77591B6D425-200x300.jpg\" alt=\"\" width=\"200\" height=\"300\" srcset=\"https:\/\/littleloua.com\/wp-content\/uploads\/2024\/04\/3C4D3214-5B9A-4F23-B9E3-F77591B6D425-200x300.jpg 200w, https:\/\/littleloua.com\/wp-content\/uploads\/2024\/04\/3C4D3214-5B9A-4F23-B9E3-F77591B6D425-683x1024.jpg 683w, https:\/\/littleloua.com\/wp-content\/uploads\/2024\/04\/3C4D3214-5B9A-4F23-B9E3-F77591B6D425-768x1152.jpg 768w, https:\/\/littleloua.com\/wp-content\/uploads\/2024\/04\/3C4D3214-5B9A-4F23-B9E3-F77591B6D425-1024x1536.jpg 1024w, https:\/\/littleloua.com\/wp-content\/uploads\/2024\/04\/3C4D3214-5B9A-4F23-B9E3-F77591B6D425-1366x2048.jpg 1366w, https:\/\/littleloua.com\/wp-content\/uploads\/2024\/04\/3C4D3214-5B9A-4F23-B9E3-F77591B6D425-1200x1799.jpg 1200w, https:\/\/littleloua.com\/wp-content\/uploads\/2024\/04\/3C4D3214-5B9A-4F23-B9E3-F77591B6D425-600x900.jpg 600w, https:\/\/littleloua.com\/wp-content\/uploads\/2024\/04\/3C4D3214-5B9A-4F23-B9E3-F77591B6D425-150x225.jpg 150w, https:\/\/littleloua.com\/wp-content\/uploads\/2024\/04\/3C4D3214-5B9A-4F23-B9E3-F77591B6D425-scaled.jpg 1707w\" sizes=\"(max-width: 200px) 100vw, 200px\" \/> <img loading=\"lazy\" decoding=\"async\" class=\"alignnone size-medium wp-image-11484\" src=\"https:\/\/littleloua.com\/wp-content\/uploads\/2024\/04\/D32B0B7C-C8F6-470F-A94F-223B1517C850-200x300.jpeg\" alt=\"\" width=\"200\" height=\"300\" srcset=\"https:\/\/littleloua.com\/wp-content\/uploads\/2024\/04\/D32B0B7C-C8F6-470F-A94F-223B1517C850-200x300.jpeg 200w, https:\/\/littleloua.com\/wp-content\/uploads\/2024\/04\/D32B0B7C-C8F6-470F-A94F-223B1517C850-683x1024.jpeg 683w, https:\/\/littleloua.com\/wp-content\/uploads\/2024\/04\/D32B0B7C-C8F6-470F-A94F-223B1517C850-768x1152.jpeg 768w, https:\/\/littleloua.com\/wp-content\/uploads\/2024\/04\/D32B0B7C-C8F6-470F-A94F-223B1517C850-1024x1536.jpeg 1024w, https:\/\/littleloua.com\/wp-content\/uploads\/2024\/04\/D32B0B7C-C8F6-470F-A94F-223B1517C850-1366x2048.jpeg 1366w, https:\/\/littleloua.com\/wp-content\/uploads\/2024\/04\/D32B0B7C-C8F6-470F-A94F-223B1517C850-1200x1799.jpeg 1200w, https:\/\/littleloua.com\/wp-content\/uploads\/2024\/04\/D32B0B7C-C8F6-470F-A94F-223B1517C850-600x900.jpeg 600w, https:\/\/littleloua.com\/wp-content\/uploads\/2024\/04\/D32B0B7C-C8F6-470F-A94F-223B1517C850-150x225.jpeg 150w, https:\/\/littleloua.com\/wp-content\/uploads\/2024\/04\/D32B0B7C-C8F6-470F-A94F-223B1517C850-scaled.jpeg 1707w\" sizes=\"(max-width: 200px) 100vw, 200px\" \/><\/p>\n<h2><strong>\u00a0<\/strong>La composition de notre mobile lapin<\/h2>\n<p>Mobile suspendu fait main avec un lapin, des \u00e9toiles et des nuages. Les nuages entourent cette sc\u00e8ne c\u00e9leste, pour un voyage apais\u00e9 au pays des r\u00eaves.<\/p>\n<p>Suspendu <strong>au-dessus du lit<\/strong> de votre enfant, notre mobile, qui peut \u00e9galement \u00eatre musical si vous le combinez \u00e0 notre <strong>bo\u00eete \u00e0 musique<\/strong>, vient d\u00e9corer sa chambre avec go\u00fbt et authenticit\u00e9. Le <strong>bois<\/strong>, quant \u00e0 lui, se marie parfaitement \u00e0 un grand nombre de textures et de couleurs, tout en apportant de la chaleur et du naturel \u00e0 la pi\u00e8ce.<\/p>\n<h2>Un mobile en bois \u00e9cologique et fait main<\/h2>\n<p>Si notre mobile lapin est si appr\u00e9ci\u00e9, c\u2019est pour ses caract\u00e9ristiques et ses finitions haut de gamme\u00a0:<\/p>\n<ul>\n<li>Des dimensions harmonieuses, soit un <strong>diam\u00e8tre de 24 cm<\/strong> pour <strong>45 cm de hauteur<\/strong>;<\/li>\n<li>Des mat\u00e9riaux de qualit\u00e9 et eco-friendly, incluant <strong>feutre<\/strong>, <strong>fils de coton<\/strong>, <strong>bois<\/strong> et <strong>rembourrage<\/strong> <strong>hypoallerg\u00e9nique<\/strong>;<\/li>\n<li>Un <strong>design \u00e9l\u00e9gant<\/strong>;<\/li>\n<li>Des jeux de <strong>textures<\/strong> et de <strong>couleurs<\/strong>, pour le plaisir de b\u00e9b\u00e9\u00a0;<\/li>\n<li>Une conception unique et des \u00e9l\u00e9ments <strong>cousus \u00e0 la main<\/strong>.<\/li>\n<\/ul>\n<p>Dites d\u00e9sormais adieu aux longues soir\u00e9es \u00e0 bercer b\u00e9b\u00e9\u00a0: une fois l\u2019heure du coucher arriv\u00e9e, il prendra plaisir \u00e0 admirer son joli <strong>mobile lapin en bois<\/strong>, tournoyant au-dessus de sa t\u00eate. Et si vous optez pour une <strong>bo\u00eete \u00e0 musique<\/strong>, vendue s\u00e9par\u00e9ment, vous aurez des heures de douces m\u00e9lodies en perspective.<\/p>\n<p>C\u2019est un pur bonheur pour les petits, comme pour les parents\u00a0!<\/p>\n<p>&nbsp;<\/p>\n<h2>Informations compl\u00e9mentaires<\/h2>\n<ul>\n<li>Toutes nos cr\u00e9ations sont <strong>uniques<\/strong> et <strong>r\u00e9alis\u00e9es \u00e0 la main<\/strong>. M\u00eame si nous nous effor\u00e7ons de r\u00e9aliser nos mod\u00e8les au plus proche des photos en description, il se peut donc que vous notiez de l\u00e9g\u00e8res diff\u00e9rences au niveau des teintes ou des coutures des peluches.<\/li>\n<li>Veuillez <strong>ne pas laver<\/strong> votre <strong>mobile lapin<\/strong>. Celui-ci a \u00e9t\u00e9 nettoy\u00e9 avant exp\u00e9dition.<\/li>\n<li><strong>La livraison est gratuite d\u00e8s 100 euros d\u2019achat\u00a0!<\/strong><\/li>\n<\/ul>\n<p>En cas de question, n\u2019h\u00e9sitez pas et <strong>contactez-nous<\/strong>\u00a0!<\/p>\n<h2>La s\u00e9curit\u00e9 de notre mobile lapin pour b\u00e9b\u00e9<\/h2>\n<p>Nos <strong>mobiles musicaux pour b\u00e9b\u00e9s<\/strong> ne sont pas des jouets, mais ils sont uniquement destin\u00e9s \u00e0 des fins d\u00e9coratives. Veuillez donc ne pas laisser le <strong>mobile lapin<\/strong> \u00e0 port\u00e9e de votre enfant, et ce, \u00e0 tout moment.<\/p>\n<p>Suspendez-le simplement au-dessus du lit, \u00e0 environ <strong>30 cm du b\u00e9b\u00e9<\/strong>. Au moment de le faire fonctionner, l\u2019enfant doit regarder droit et l\u00e9g\u00e8rement vers l\u2019avant. Positionnez donc son mobile vers le centre du lit, pour des questions de confort.<\/p>\n<p>S\u2019il est trop bas, donc \u00e0 moins de 30 cm de hauteur, votre enfant pourrait arracher les peluches et faire tomber la structure sur lui, mais aussi d\u00e9velopper un strabisme.<\/p>\n<p>Prenez donc garde \u00e0 le positionner parfaitement\u00a0!<\/p>\n<p>&nbsp;<\/p>\n<p><em>Combinez sans h\u00e9siter notre <strong>mobile lapin<\/strong> \u00e0 notre support en bois orientable, sans oublier notre incontournable bo\u00eete \u00e0 musique \u00e0 piles !<\/em><\/p>\n","protected":false},"excerpt":{"rendered":"<p>Vous r\u00eavez que votre bout de chou s\u2019endorme paisiblement, en regardant les peluches de son <strong>mobile en bois<\/strong> tournoyer au-dessus de son lit\u00a0? Avec notre cr\u00e9ation<strong> faite main<\/strong>, b\u00e9b\u00e9 trouvera le sommeil tout en douceur, sans pleurs ni angoisses.<\/p>\n<p>Succombez donc au charme de notre <strong>mobile lapin<\/strong>, comme cadeau de naissance, pour No\u00ebl ou simplement pour embellir sa chambre\u00a0!<\/p>\n","protected":false},"featured_media":11479,"template":"","meta":{"_acf_changed":false},"product_brand":[],"product_cat":[54],"product_tag":[103,107,131],"class_list":{"0":"post-11378","1":"product","2":"type-product","3":"status-publish","4":"has-post-thumbnail","6":"product_cat-mobile-bebe","7":"product_tag-channable-fr","8":"product_tag-ds-fr","9":"product_tag-engels-fr","10":"pa_limited-edition-bientot-epuise","11":"pa_limited-edition-limited-edition-fr","13":"first","14":"instock","15":"shipping-taxable","16":"purchasable","17":"product-type-simple"},"acf":[],"yoast_head":"<!-- This site is optimized with the Yoast SEO plugin v26.2 - https:\/\/yoast.com\/wordpress\/plugins\/seo\/ -->\n<title>Mobile lapin en bois, fait main Mobile B\u00e9b\u00e9 Lapin Fait Main crochet<\/title>\n<meta name=\"description\" content=\"\u00c9merveillez la chambre de votre b\u00e9b\u00e9 avec notre mobile b\u00e9b\u00e9 lapin fait main. Offrez-lui un compagnon de jeu adorable pour stimuler son imagination et sa curiosit\u00e9. D\u00e9couvrez-le d\u00e8s maintenant !\" \/>\n<meta name=\"robots\" content=\"index, follow, max-snippet:-1, max-image-preview:large, max-video-preview:-1\" \/>\n<link rel=\"canonical\" href=\"https:\/\/littleloua.com\/fr\/produit\/mobile-bebe-lapin-fait-main-crochet\/\" \/>\n<meta property=\"og:locale\" content=\"fr_FR\" \/>\n<meta property=\"og:type\" content=\"article\" \/>\n<meta property=\"og:title\" content=\"Mobile lapin en bois, fait main Mobile B\u00e9b\u00e9 Lapin Fait Main crochet\" \/>\n<meta property=\"og:description\" content=\"\u00c9merveillez la chambre de votre b\u00e9b\u00e9 avec notre mobile b\u00e9b\u00e9 lapin fait main. Offrez-lui un compagnon de jeu adorable pour stimuler son imagination et sa curiosit\u00e9. D\u00e9couvrez-le d\u00e8s maintenant !\" \/>\n<meta property=\"og:url\" content=\"https:\/\/littleloua.com\/fr\/produit\/mobile-bebe-lapin-fait-main-crochet\/\" \/>\n<meta property=\"og:site_name\" content=\"Little Loua\" \/>\n<meta property=\"article:publisher\" content=\"https:\/\/www.facebook.com\/littleloua\" \/>\n<meta property=\"article:modified_time\" content=\"2025-10-21T10:13:34+00:00\" \/>\n<meta property=\"og:image\" content=\"https:\/\/littleloua.com\/wp-content\/uploads\/2024\/04\/1EE140EB-F2FD-4F92-8EC2-F096B28DD9B6-scaled.jpeg\" \/>\n\t<meta property=\"og:image:width\" content=\"1707\" \/>\n\t<meta property=\"og:image:height\" content=\"2560\" \/>\n\t<meta property=\"og:image:type\" content=\"image\/jpeg\" \/>\n<meta name=\"twitter:card\" content=\"summary_large_image\" \/>\n<meta name=\"twitter:label1\" content=\"Dur\u00e9e de lecture estim\u00e9e\" \/>\n\t<meta name=\"twitter:data1\" content=\"4 minutes\" \/>\n<script type=\"application\/ld+json\" class=\"yoast-schema-graph\">{\"@context\":\"https:\/\/schema.org\",\"@graph\":[{\"@type\":\"WebPage\",\"@id\":\"https:\/\/littleloua.com\/fr\/produit\/mobile-bebe-lapin-fait-main-crochet\/\",\"url\":\"https:\/\/littleloua.com\/fr\/produit\/mobile-bebe-lapin-fait-main-crochet\/\",\"name\":\"Mobile lapin en bois, fait main Mobile B\u00e9b\u00e9 Lapin Fait Main crochet\",\"isPartOf\":{\"@id\":\"https:\/\/littleloua.com\/fr\/#website\"},\"primaryImageOfPage\":{\"@id\":\"https:\/\/littleloua.com\/fr\/produit\/mobile-bebe-lapin-fait-main-crochet\/#primaryimage\"},\"image\":{\"@id\":\"https:\/\/littleloua.com\/fr\/produit\/mobile-bebe-lapin-fait-main-crochet\/#primaryimage\"},\"thumbnailUrl\":\"https:\/\/littleloua.com\/wp-content\/uploads\/2024\/04\/1EE140EB-F2FD-4F92-8EC2-F096B28DD9B6-scaled.jpeg\",\"datePublished\":\"2024-04-02T11:05:38+00:00\",\"dateModified\":\"2025-10-21T10:13:34+00:00\",\"description\":\"\u00c9merveillez la chambre de votre b\u00e9b\u00e9 avec notre mobile b\u00e9b\u00e9 lapin fait main. Offrez-lui un compagnon de jeu adorable pour stimuler son imagination et sa curiosit\u00e9. D\u00e9couvrez-le d\u00e8s maintenant !\",\"breadcrumb\":{\"@id\":\"https:\/\/littleloua.com\/fr\/produit\/mobile-bebe-lapin-fait-main-crochet\/#breadcrumb\"},\"inLanguage\":\"fr-FR\",\"potentialAction\":[{\"@type\":\"ReadAction\",\"target\":[\"https:\/\/littleloua.com\/fr\/produit\/mobile-bebe-lapin-fait-main-crochet\/\"]}]},{\"@type\":\"ImageObject\",\"inLanguage\":\"fr-FR\",\"@id\":\"https:\/\/littleloua.com\/fr\/produit\/mobile-bebe-lapin-fait-main-crochet\/#primaryimage\",\"url\":\"https:\/\/littleloua.com\/wp-content\/uploads\/2024\/04\/1EE140EB-F2FD-4F92-8EC2-F096B28DD9B6-scaled.jpeg\",\"contentUrl\":\"https:\/\/littleloua.com\/wp-content\/uploads\/2024\/04\/1EE140EB-F2FD-4F92-8EC2-F096B28DD9B6-scaled.jpeg\",\"width\":1707,\"height\":2560},{\"@type\":\"BreadcrumbList\",\"@id\":\"https:\/\/littleloua.com\/fr\/produit\/mobile-bebe-lapin-fait-main-crochet\/#breadcrumb\",\"itemListElement\":[{\"@type\":\"ListItem\",\"position\":1,\"name\":\"Home\",\"item\":\"https:\/\/littleloua.com\/fr\/home-2\/\"},{\"@type\":\"ListItem\",\"position\":2,\"name\":\"Shop\",\"item\":\"https:\/\/littleloua.com\/fr\/shop\/\"},{\"@type\":\"ListItem\",\"position\":3,\"name\":\"Mobile b\u00e9b\u00e9 lapin fait main crochet\"}]},{\"@type\":\"WebSite\",\"@id\":\"https:\/\/littleloua.com\/fr\/#website\",\"url\":\"https:\/\/littleloua.com\/fr\/\",\"name\":\"Little Loua\",\"description\":\"Handmade Baby mobiles created with love\",\"publisher\":{\"@id\":\"https:\/\/littleloua.com\/fr\/#organization\"},\"potentialAction\":[{\"@type\":\"SearchAction\",\"target\":{\"@type\":\"EntryPoint\",\"urlTemplate\":\"https:\/\/littleloua.com\/fr\/?s={search_term_string}\"},\"query-input\":{\"@type\":\"PropertyValueSpecification\",\"valueRequired\":true,\"valueName\":\"search_term_string\"}}],\"inLanguage\":\"fr-FR\"},{\"@type\":\"Organization\",\"@id\":\"https:\/\/littleloua.com\/fr\/#organization\",\"name\":\"Little Loua\",\"url\":\"https:\/\/littleloua.com\/fr\/\",\"logo\":{\"@type\":\"ImageObject\",\"inLanguage\":\"fr-FR\",\"@id\":\"https:\/\/littleloua.com\/fr\/#\/schema\/logo\/image\/\",\"url\":\"https:\/\/littleloua.com\/wp-content\/uploads\/2023\/06\/logo-little-loua-handmade-baby-mobiles.png\",\"contentUrl\":\"https:\/\/littleloua.com\/wp-content\/uploads\/2023\/06\/logo-little-loua-handmade-baby-mobiles.png\",\"width\":316,\"height\":285,\"caption\":\"Little Loua\"},\"image\":{\"@id\":\"https:\/\/littleloua.com\/fr\/#\/schema\/logo\/image\/\"},\"sameAs\":[\"https:\/\/www.facebook.com\/littleloua\",\"https:\/\/www.instagram.com\/little.loua\/\"]}]}<\/script>\n<!-- \/ Yoast SEO plugin. -->","yoast_head_json":{"title":"Mobile lapin en bois, fait main Mobile B\u00e9b\u00e9 Lapin Fait Main crochet","description":"\u00c9merveillez la chambre de votre b\u00e9b\u00e9 avec notre mobile b\u00e9b\u00e9 lapin fait main. Offrez-lui un compagnon de jeu adorable pour stimuler son imagination et sa curiosit\u00e9. D\u00e9couvrez-le d\u00e8s maintenant !","robots":{"index":"index","follow":"follow","max-snippet":"max-snippet:-1","max-image-preview":"max-image-preview:large","max-video-preview":"max-video-preview:-1"},"canonical":"https:\/\/littleloua.com\/fr\/produit\/mobile-bebe-lapin-fait-main-crochet\/","og_locale":"fr_FR","og_type":"article","og_title":"Mobile lapin en bois, fait main Mobile B\u00e9b\u00e9 Lapin Fait Main crochet","og_description":"\u00c9merveillez la chambre de votre b\u00e9b\u00e9 avec notre mobile b\u00e9b\u00e9 lapin fait main. Offrez-lui un compagnon de jeu adorable pour stimuler son imagination et sa curiosit\u00e9. D\u00e9couvrez-le d\u00e8s maintenant !","og_url":"https:\/\/littleloua.com\/fr\/produit\/mobile-bebe-lapin-fait-main-crochet\/","og_site_name":"Little Loua","article_publisher":"https:\/\/www.facebook.com\/littleloua","article_modified_time":"2025-10-21T10:13:34+00:00","og_image":[{"width":1707,"height":2560,"url":"https:\/\/littleloua.com\/wp-content\/uploads\/2024\/04\/1EE140EB-F2FD-4F92-8EC2-F096B28DD9B6-scaled.jpeg","type":"image\/jpeg"}],"twitter_card":"summary_large_image","twitter_misc":{"Dur\u00e9e de lecture estim\u00e9e":"4 minutes"},"schema":{"@context":"https:\/\/schema.org","@graph":[{"@type":"WebPage","@id":"https:\/\/littleloua.com\/fr\/produit\/mobile-bebe-lapin-fait-main-crochet\/","url":"https:\/\/littleloua.com\/fr\/produit\/mobile-bebe-lapin-fait-main-crochet\/","name":"Mobile lapin en bois, fait main Mobile B\u00e9b\u00e9 Lapin Fait Main crochet","isPartOf":{"@id":"https:\/\/littleloua.com\/fr\/#website"},"primaryImageOfPage":{"@id":"https:\/\/littleloua.com\/fr\/produit\/mobile-bebe-lapin-fait-main-crochet\/#primaryimage"},"image":{"@id":"https:\/\/littleloua.com\/fr\/produit\/mobile-bebe-lapin-fait-main-crochet\/#primaryimage"},"thumbnailUrl":"https:\/\/littleloua.com\/wp-content\/uploads\/2024\/04\/1EE140EB-F2FD-4F92-8EC2-F096B28DD9B6-scaled.jpeg","datePublished":"2024-04-02T11:05:38+00:00","dateModified":"2025-10-21T10:13:34+00:00","description":"\u00c9merveillez la chambre de votre b\u00e9b\u00e9 avec notre mobile b\u00e9b\u00e9 lapin fait main. Offrez-lui un compagnon de jeu adorable pour stimuler son imagination et sa curiosit\u00e9. D\u00e9couvrez-le d\u00e8s maintenant !","breadcrumb":{"@id":"https:\/\/littleloua.com\/fr\/produit\/mobile-bebe-lapin-fait-main-crochet\/#breadcrumb"},"inLanguage":"fr-FR","potentialAction":[{"@type":"ReadAction","target":["https:\/\/littleloua.com\/fr\/produit\/mobile-bebe-lapin-fait-main-crochet\/"]}]},{"@type":"ImageObject","inLanguage":"fr-FR","@id":"https:\/\/littleloua.com\/fr\/produit\/mobile-bebe-lapin-fait-main-crochet\/#primaryimage","url":"https:\/\/littleloua.com\/wp-content\/uploads\/2024\/04\/1EE140EB-F2FD-4F92-8EC2-F096B28DD9B6-scaled.jpeg","contentUrl":"https:\/\/littleloua.com\/wp-content\/uploads\/2024\/04\/1EE140EB-F2FD-4F92-8EC2-F096B28DD9B6-scaled.jpeg","width":1707,"height":2560},{"@type":"BreadcrumbList","@id":"https:\/\/littleloua.com\/fr\/produit\/mobile-bebe-lapin-fait-main-crochet\/#breadcrumb","itemListElement":[{"@type":"ListItem","position":1,"name":"Home","item":"https:\/\/littleloua.com\/fr\/home-2\/"},{"@type":"ListItem","position":2,"name":"Shop","item":"https:\/\/littleloua.com\/fr\/shop\/"},{"@type":"ListItem","position":3,"name":"Mobile b\u00e9b\u00e9 lapin fait main crochet"}]},{"@type":"WebSite","@id":"https:\/\/littleloua.com\/fr\/#website","url":"https:\/\/littleloua.com\/fr\/","name":"Little Loua","description":"Handmade Baby mobiles created with love","publisher":{"@id":"https:\/\/littleloua.com\/fr\/#organization"},"potentialAction":[{"@type":"SearchAction","target":{"@type":"EntryPoint","urlTemplate":"https:\/\/littleloua.com\/fr\/?s={search_term_string}"},"query-input":{"@type":"PropertyValueSpecification","valueRequired":true,"valueName":"search_term_string"}}],"inLanguage":"fr-FR"},{"@type":"Organization","@id":"https:\/\/littleloua.com\/fr\/#organization","name":"Little Loua","url":"https:\/\/littleloua.com\/fr\/","logo":{"@type":"ImageObject","inLanguage":"fr-FR","@id":"https:\/\/littleloua.com\/fr\/#\/schema\/logo\/image\/","url":"https:\/\/littleloua.com\/wp-content\/uploads\/2023\/06\/logo-little-loua-handmade-baby-mobiles.png","contentUrl":"https:\/\/littleloua.com\/wp-content\/uploads\/2023\/06\/logo-little-loua-handmade-baby-mobiles.png","width":316,"height":285,"caption":"Little Loua"},"image":{"@id":"https:\/\/littleloua.com\/fr\/#\/schema\/logo\/image\/"},"sameAs":["https:\/\/www.facebook.com\/littleloua","https:\/\/www.instagram.com\/little.loua\/"]}]}},"_links":{"self":[{"href":"https:\/\/littleloua.com\/fr\/wp-json\/wp\/v2\/product\/11378","targetHints":{"allow":["GET"]}}],"collection":[{"href":"https:\/\/littleloua.com\/fr\/wp-json\/wp\/v2\/product"}],"about":[{"href":"https:\/\/littleloua.com\/fr\/wp-json\/wp\/v2\/types\/product"}],"version-history":[{"count":1,"href":"https:\/\/littleloua.com\/fr\/wp-json\/wp\/v2\/product\/11378\/revisions"}],"predecessor-version":[{"id":20516,"href":"https:\/\/littleloua.com\/fr\/wp-json\/wp\/v2\/product\/11378\/revisions\/20516"}],"wp:featuredmedia":[{"embeddable":true,"href":"https:\/\/littleloua.com\/fr\/wp-json\/wp\/v2\/media\/11479"}],"wp:attachment":[{"href":"https:\/\/littleloua.com\/fr\/wp-json\/wp\/v2\/media?parent=11378"}],"wp:term":[{"taxonomy":"product_brand","embeddable":true,"href":"https:\/\/littleloua.com\/fr\/wp-json\/wp\/v2\/product_brand?post=11378"},{"taxonomy":"product_cat","embeddable":true,"href":"https:\/\/littleloua.com\/fr\/wp-json\/wp\/v2\/product_cat?post=11378"},{"taxonomy":"product_tag","embeddable":true,"href":"https:\/\/littleloua.com\/fr\/wp-json\/wp\/v2\/product_tag?post=11378"}],"curies":[{"name":"wp","href":"https:\/\/api.w.org\/{rel}","templated":true}]}}