{"id":7792,"date":"2023-10-30T11:57:11","date_gmt":"2023-10-30T10:57:11","guid":{"rendered":"https:\/\/littleloua.com\/\/product\/movil-para-bebe-hecho-a-mano-abejas-rosas\/"},"modified":"2024-04-04T11:37:20","modified_gmt":"2024-04-04T09:37:20","slug":"movil-para-bebe-hecho-a-mano-abejas-rosas","status":"publish","type":"product","link":"https:\/\/littleloua.com\/es\/producto\/movil-para-bebe-hecho-a-mano-abejas-rosas\/","title":{"rendered":"M\u00f3vil para beb\u00e9 hecho a mano abejas rosas"},"content":{"rendered":"<h1>M\u00f3vil de madera artesanal Abejas rosas para beb\u00e9<\/h1>\n<p>Imagina a tu peque\u00f1o durmiendo pl\u00e1cidamente, hipnotizado por el suave giro de tiernos juguetes colgantes de su m\u00f3vil de astronauta de madera sobre la cuna. Nuestro m\u00f3vil de abejas rosas, hecho a mano con mucho cari\u00f1o, est\u00e1 dise\u00f1ado para crear un ambiente tranquilo a la hora de dormir. Sus movimientos suaves y acompasados ayudar\u00e1n a tu beb\u00e9 a entrar en un sue\u00f1o profundo y reparador.<\/p>\n<p>Cada pieza que creamos se confecciona con esmero y cuidado de manera individual. Nuestro m\u00f3vil Abejas rosas promete ser un amigo cautivador para los sue\u00f1os de tu peque\u00f1a. La magia de la exploraci\u00f3n espacial y el suave vaiv\u00e9n del m\u00f3vil ayudar\u00e1n a tu beb\u00e9 a sumirse en un sue\u00f1o apacible, haciendo que la hora de dormir sea una experiencia verdaderamente maravillosa para ambos. Elija nuestro m\u00f3vil abejas rosas y deje que los padres y el beb\u00e9 disfruten de noches tranquilas y recuerdos preciosos.<\/p>\n<h2>La composici\u00f3n de nuestro m\u00f3vil abejas rosas<\/h2>\n<p>El m\u00f3vil hecho a mano est\u00e1 protagonizado por abejas rosas que zumban alrededor de hermosas flores. Gracias a esta escena cuidadosamente seleccionada, tu hijo se sentir\u00e1 relajado, lo que ayudar\u00e1 a que tu beb\u00e9 duerma profundamente y de manera saludable.<\/p>\n<p>Cuando el m\u00f3vil Abejas Rosas se cuelga encima de la cama de tu hijo, este m\u00f3vil no es s\u00f3lo un adorno. El m\u00f3vil aportar\u00e1 un toque de tranquilidad y estilo l\u00fadico a su habitaci\u00f3n. Adem\u00e1s, cuando se combine con nuestra caja de m\u00fasica opcional, la hora de dormir ser\u00e1 m\u00e1s sencilla que nunca.<\/p>\n<p>Para este m\u00f3vil artesanal abejas rosas hemos elegido trabajar con madera sostenible de alta calidad. La madera es un material vers\u00e1til y eterno que aporta calidez y un toque natural a cualquier espacio.<\/p>\n<p>Ya sea para el cuarto de los ni\u00f1os, un regalo especial o para mejorar la habitaci\u00f3n, nuestro m\u00f3vil Abejas Rosas crear\u00e1 recuerdos maravillosos. Deje que las maravillas del espacio y la belleza de la madera creen una hora de dormir m\u00e1gica para su beb\u00e9 y recuerdos inolvidables para usted.<\/p>\n<h2>Un m\u00f3vil ecol\u00f3gico de madera hecho a mano<\/h2>\n<p>Nuestro m\u00f3vil de abejas rosas es m\u00e1s que una simple decoraci\u00f3n. Gracias a su artesan\u00eda de alta calidad y a sus materiales sostenibles, es el complemento perfecto para la habitaci\u00f3n de tu beb\u00e9:<\/p>\n<ol>\n<li><strong>Dimensiones armoniosas<\/strong>: Con un generoso di\u00e1metro de 50 cm y una altura de 48 cm, este m\u00f3vil ha sido cuidadosamente elaborado para cautivar la atenci\u00f3n de tu peque\u00f1o y realzar la est\u00e9tica de la habitaci\u00f3n.<\/li>\n<li><strong>Materiales ecol\u00f3gicos<\/strong> de primera calidad: Priorizamos la sostenibilidad utilizando materiales de primera como fieltro, hilo de algod\u00f3n y madera, combinados con acolchado hipoalerg\u00e9nico. La seguridad y la comodidad de tu beb\u00e9 son nuestra m\u00e1xima preocupaci\u00f3n.<\/li>\n<li><strong>Dise\u00f1o elegante<\/strong>: El elegante dise\u00f1o del m\u00f3vil a\u00f1ade un toque de sofisticaci\u00f3n a la habitaci\u00f3n de tu beb\u00e9, convirti\u00e9ndolo en una elecci\u00f3n con estilo para padres modernos.<\/li>\n<li>Texturas <strong>y colores diver<\/strong>tidos: Hemos incorporado texturas l\u00fadicas y una paleta de colores vibrantes para deleitar los sentidos de tu beb\u00e9 y estimular su curiosidad.<\/li>\n<li><strong>Elementos \u00fanicos hechos a mano<\/strong>: Cada m\u00f3vil es \u00fanico, con elementos cosidos a mano que muestran el arte y el cuidado puestos en su creaci\u00f3n.<\/li>\n<\/ol>\n<p>Se acabaron las interminables horas meciendo a tu beb\u00e9 para que se duerma: nuestro m\u00f3vil de madera Abejas Rosas cautivar\u00e1 su imaginaci\u00f3n mientras gira sobre su cabeza, ayud\u00e1ndole a adormecerse r\u00e1pida y pl\u00e1cidamente. Si quieres a\u00f1adir un toque de magia, considera combinar el m\u00f3vil Abejas Rosas con nuestra caja de m\u00fasica opcional -disponible por separado- para obtener melod\u00edas relajantes que calmar\u00e1n a tu beb\u00e9 y le ayudar\u00e1n a dormirse suavemente.<\/p>\n<h2>Acerca de nuestras creaciones artesanales<\/h2>\n<p>Cada art\u00edculo que creamos es una obra de arte \u00fanica, hecha a mano. Aunque nos esforzamos por ajustarnos al m\u00e1ximo a las fotos de las descripciones de nuestros productos, es posible que observe ligeras variaciones en los colores o las costuras de nuestras creaciones de felpa. Esto se debe al hecho de que cada art\u00edculo es elaborado uno a uno por humanos, no por m\u00e1quinas.<\/p>\n<p>Para mantener la apariencia del m\u00f3vil abejas rosas, te sugerimos evitar lavarlo. El m\u00f3vil se ha limpiado a fondo antes del env\u00edo para garantizar su estado impecable.<\/p>\n<p>Si tiene alguna pregunta o necesita ayuda, no dude en ponerse en contacto con nosotros. Intentaremos responder a su consulta lo antes posible.<\/p>\n<h2>Garantizar la seguridad de su m\u00f3vil abejas rosas<\/h2>\n<p>Nuestros m\u00f3viles musicales para beb\u00e9s est\u00e1n dise\u00f1ados con fines decorativos y no est\u00e1n pensados como juguetes. Es importante mantener el m\u00f3vil Pink Bees fuera del alcance del ni\u00f1o en todo momento. S\u00f3lo tienes que colgarlo firmemente sobre la cuna a unos 30 cm de tu beb\u00e9.<\/p>\n<p>Cuando actives el m\u00f3vil, aseg\u00farate de que tu hijo mira al frente. Coloque el m\u00f3vil hacia el centro de la cuna para una comodidad \u00f3ptima.<\/p>\n<p>Por razones de seguridad, evita colgarlo demasiado bajo, asegur\u00e1ndote de que la altura sea de al menos 30 cm. Si cuelgas el m\u00f3vil m\u00e1s abajo, tu hijo podr\u00eda tirar de los peluches, con el riesgo de que la estructura le caiga encima y le cause problemas de visi\u00f3n y moratones.<\/p>\n<p>\u00bfQuieres darle a tu beb\u00e9 un extra? Transforma f\u00e1cilmente la habitaci\u00f3n de tu beb\u00e9 en un oasis de sue\u00f1o y tranquilidad combinando nuestro M\u00f3vil abejas rosas con nuestro Soporte de Madera Giratorio. Y no olvides a\u00f1adir a la mezcla nuestra caja de m\u00fasica a pilas.<\/p>\n<p>Adem\u00e1s, aqu\u00ed tienes una peque\u00f1a <strong>ventaja adicional<\/strong>: \u00a1disfruta de env\u00edo gratuito a la puerta de tu casa por compras superiores a 100 euros!<\/p>\n","protected":false},"excerpt":{"rendered":"<p>Imagina a tu peque\u00f1o durmiendo pl\u00e1cidamente, hipnotizado por el suave giro de tiernos juguetes colgantes de su m\u00f3vil de astronauta de madera sobre la cuna. Nuestro m\u00f3vil de abejas rosas, hecho a mano con mucho cari\u00f1o, est\u00e1 dise\u00f1ado para crear un ambiente tranquilo a la hora de dormir. Sus movimientos suaves y acompasados ayudar\u00e1n a tu beb\u00e9 a entrar en un sue\u00f1o profundo y reparador.<\/p>\n<p>Cada pieza que creamos se confecciona con esmero y cuidado de manera individual. Nuestro m\u00f3vil Abejas rosas promete ser un amigo cautivador para los sue\u00f1os de tu peque\u00f1a. La magia de la exploraci\u00f3n espacial y el suave vaiv\u00e9n del m\u00f3vil ayudar\u00e1n a tu beb\u00e9 a sumirse en un sue\u00f1o apacible, haciendo que la hora de dormir sea una experiencia verdaderamente maravillosa para ambos. Elija nuestro m\u00f3vil Pink Bees y deje que los padres y el beb\u00e9 disfruten de noches tranquilas y recuerdos preciosos<\/p>\n","protected":false},"featured_media":7786,"template":"","meta":{"_acf_changed":false},"product_brand":[],"product_cat":[120],"product_tag":[116,117,115],"class_list":{"0":"post-7792","1":"product","2":"type-product","3":"status-publish","4":"has-post-thumbnail","6":"product_cat-movile-cuna","7":"product_tag-canalizable","8":"product_tag-ds-es","9":"product_tag-engels-es","11":"first","12":"instock","13":"shipping-taxable","14":"purchasable","15":"product-type-simple"},"acf":[],"yoast_head":"<!-- This site is optimized with the Yoast SEO plugin v26.2 - https:\/\/yoast.com\/wordpress\/plugins\/seo\/ -->\n<title>M\u00f3vil para Beb\u00e9 - Abejas Rosas Hecho a Mano | Toque de Dulzura en la Cuna | Little Loua Meta Descripci\u00f3n<\/title>\n<meta name=\"description\" content=\"Dale un toque de dulzura a la cuna de tu beb\u00e9 con nuestro M\u00f3vil para Beb\u00e9 de Abejas Rosas, hecho a mano con cuidado. La combinaci\u00f3n perfecta entre ternura y elegancia. \u00a1Descubre nuestra artesan\u00eda \u00fanica!\" \/>\n<meta name=\"robots\" content=\"index, follow, max-snippet:-1, max-image-preview:large, max-video-preview:-1\" \/>\n<link rel=\"canonical\" href=\"https:\/\/littleloua.com\/es\/producto\/movil-para-bebe-hecho-a-mano-abejas-rosas\/\" \/>\n<meta property=\"og:locale\" content=\"es_ES\" \/>\n<meta property=\"og:type\" content=\"article\" \/>\n<meta property=\"og:title\" content=\"M\u00f3vil para Beb\u00e9 - Abejas Rosas Hecho a Mano | Toque de Dulzura en la Cuna | Little Loua Meta Descripci\u00f3n\" \/>\n<meta property=\"og:description\" content=\"Dale un toque de dulzura a la cuna de tu beb\u00e9 con nuestro M\u00f3vil para Beb\u00e9 de Abejas Rosas, hecho a mano con cuidado. La combinaci\u00f3n perfecta entre ternura y elegancia. \u00a1Descubre nuestra artesan\u00eda \u00fanica!\" \/>\n<meta property=\"og:url\" content=\"https:\/\/littleloua.com\/es\/producto\/movil-para-bebe-hecho-a-mano-abejas-rosas\/\" \/>\n<meta property=\"og:site_name\" content=\"Little Loua\" \/>\n<meta property=\"article:publisher\" content=\"https:\/\/www.facebook.com\/littleloua\" \/>\n<meta property=\"article:modified_time\" content=\"2024-04-04T09:37:20+00:00\" \/>\n<meta property=\"og:image\" content=\"https:\/\/littleloua.com\/wp-content\/uploads\/2023\/10\/43F24389-DA07-48F4-B316-46B2CAE1BDC8-scaled.jpeg\" \/>\n\t<meta property=\"og:image:width\" content=\"1707\" \/>\n\t<meta property=\"og:image:height\" content=\"2560\" \/>\n\t<meta property=\"og:image:type\" content=\"image\/jpeg\" \/>\n<meta name=\"twitter:card\" content=\"summary_large_image\" \/>\n<meta name=\"twitter:label1\" content=\"Tiempo de lectura\" \/>\n\t<meta name=\"twitter:data1\" content=\"5 minutos\" \/>\n<script type=\"application\/ld+json\" class=\"yoast-schema-graph\">{\"@context\":\"https:\/\/schema.org\",\"@graph\":[{\"@type\":\"WebPage\",\"@id\":\"https:\/\/littleloua.com\/es\/producto\/movil-para-bebe-hecho-a-mano-abejas-rosas\/\",\"url\":\"https:\/\/littleloua.com\/es\/producto\/movil-para-bebe-hecho-a-mano-abejas-rosas\/\",\"name\":\"M\u00f3vil para Beb\u00e9 - Abejas Rosas Hecho a Mano | Toque de Dulzura en la Cuna | Little Loua Meta Descripci\u00f3n\",\"isPartOf\":{\"@id\":\"https:\/\/littleloua.com\/es\/#website\"},\"primaryImageOfPage\":{\"@id\":\"https:\/\/littleloua.com\/es\/producto\/movil-para-bebe-hecho-a-mano-abejas-rosas\/#primaryimage\"},\"image\":{\"@id\":\"https:\/\/littleloua.com\/es\/producto\/movil-para-bebe-hecho-a-mano-abejas-rosas\/#primaryimage\"},\"thumbnailUrl\":\"https:\/\/littleloua.com\/wp-content\/uploads\/2023\/10\/43F24389-DA07-48F4-B316-46B2CAE1BDC8-scaled.jpeg\",\"datePublished\":\"2023-10-30T10:57:11+00:00\",\"dateModified\":\"2024-04-04T09:37:20+00:00\",\"description\":\"Dale un toque de dulzura a la cuna de tu beb\u00e9 con nuestro M\u00f3vil para Beb\u00e9 de Abejas Rosas, hecho a mano con cuidado. La combinaci\u00f3n perfecta entre ternura y elegancia. \u00a1Descubre nuestra artesan\u00eda \u00fanica!\",\"breadcrumb\":{\"@id\":\"https:\/\/littleloua.com\/es\/producto\/movil-para-bebe-hecho-a-mano-abejas-rosas\/#breadcrumb\"},\"inLanguage\":\"es\",\"potentialAction\":[{\"@type\":\"ReadAction\",\"target\":[\"https:\/\/littleloua.com\/es\/producto\/movil-para-bebe-hecho-a-mano-abejas-rosas\/\"]}]},{\"@type\":\"ImageObject\",\"inLanguage\":\"es\",\"@id\":\"https:\/\/littleloua.com\/es\/producto\/movil-para-bebe-hecho-a-mano-abejas-rosas\/#primaryimage\",\"url\":\"https:\/\/littleloua.com\/wp-content\/uploads\/2023\/10\/43F24389-DA07-48F4-B316-46B2CAE1BDC8-scaled.jpeg\",\"contentUrl\":\"https:\/\/littleloua.com\/wp-content\/uploads\/2023\/10\/43F24389-DA07-48F4-B316-46B2CAE1BDC8-scaled.jpeg\",\"width\":1707,\"height\":2560},{\"@type\":\"BreadcrumbList\",\"@id\":\"https:\/\/littleloua.com\/es\/producto\/movil-para-bebe-hecho-a-mano-abejas-rosas\/#breadcrumb\",\"itemListElement\":[{\"@type\":\"ListItem\",\"position\":1,\"name\":\"Home\",\"item\":\"https:\/\/littleloua.com\/es\/inicio-2\/\"},{\"@type\":\"ListItem\",\"position\":2,\"name\":\"Tienda\",\"item\":\"https:\/\/littleloua.com\/es\/tienda\/\"},{\"@type\":\"ListItem\",\"position\":3,\"name\":\"M\u00f3vil para beb\u00e9 hecho a mano abejas rosas\"}]},{\"@type\":\"WebSite\",\"@id\":\"https:\/\/littleloua.com\/es\/#website\",\"url\":\"https:\/\/littleloua.com\/es\/\",\"name\":\"Little Loua\",\"description\":\"Handmade Baby mobiles created with love\",\"potentialAction\":[{\"@type\":\"SearchAction\",\"target\":{\"@type\":\"EntryPoint\",\"urlTemplate\":\"https:\/\/littleloua.com\/es\/?s={search_term_string}\"},\"query-input\":{\"@type\":\"PropertyValueSpecification\",\"valueRequired\":true,\"valueName\":\"search_term_string\"}}],\"inLanguage\":\"es\"}]}<\/script>\n<!-- \/ Yoast SEO plugin. -->","yoast_head_json":{"title":"M\u00f3vil para Beb\u00e9 - Abejas Rosas Hecho a Mano | Toque de Dulzura en la Cuna | Little Loua Meta Descripci\u00f3n","description":"Dale un toque de dulzura a la cuna de tu beb\u00e9 con nuestro M\u00f3vil para Beb\u00e9 de Abejas Rosas, hecho a mano con cuidado. La combinaci\u00f3n perfecta entre ternura y elegancia. \u00a1Descubre nuestra artesan\u00eda \u00fanica!","robots":{"index":"index","follow":"follow","max-snippet":"max-snippet:-1","max-image-preview":"max-image-preview:large","max-video-preview":"max-video-preview:-1"},"canonical":"https:\/\/littleloua.com\/es\/producto\/movil-para-bebe-hecho-a-mano-abejas-rosas\/","og_locale":"es_ES","og_type":"article","og_title":"M\u00f3vil para Beb\u00e9 - Abejas Rosas Hecho a Mano | Toque de Dulzura en la Cuna | Little Loua Meta Descripci\u00f3n","og_description":"Dale un toque de dulzura a la cuna de tu beb\u00e9 con nuestro M\u00f3vil para Beb\u00e9 de Abejas Rosas, hecho a mano con cuidado. La combinaci\u00f3n perfecta entre ternura y elegancia. \u00a1Descubre nuestra artesan\u00eda \u00fanica!","og_url":"https:\/\/littleloua.com\/es\/producto\/movil-para-bebe-hecho-a-mano-abejas-rosas\/","og_site_name":"Little Loua","article_publisher":"https:\/\/www.facebook.com\/littleloua","article_modified_time":"2024-04-04T09:37:20+00:00","og_image":[{"width":1707,"height":2560,"url":"https:\/\/littleloua.com\/wp-content\/uploads\/2023\/10\/43F24389-DA07-48F4-B316-46B2CAE1BDC8-scaled.jpeg","type":"image\/jpeg"}],"twitter_card":"summary_large_image","twitter_misc":{"Tiempo de lectura":"5 minutos"},"schema":{"@context":"https:\/\/schema.org","@graph":[{"@type":"WebPage","@id":"https:\/\/littleloua.com\/es\/producto\/movil-para-bebe-hecho-a-mano-abejas-rosas\/","url":"https:\/\/littleloua.com\/es\/producto\/movil-para-bebe-hecho-a-mano-abejas-rosas\/","name":"M\u00f3vil para Beb\u00e9 - Abejas Rosas Hecho a Mano | Toque de Dulzura en la Cuna | Little Loua Meta Descripci\u00f3n","isPartOf":{"@id":"https:\/\/littleloua.com\/es\/#website"},"primaryImageOfPage":{"@id":"https:\/\/littleloua.com\/es\/producto\/movil-para-bebe-hecho-a-mano-abejas-rosas\/#primaryimage"},"image":{"@id":"https:\/\/littleloua.com\/es\/producto\/movil-para-bebe-hecho-a-mano-abejas-rosas\/#primaryimage"},"thumbnailUrl":"https:\/\/littleloua.com\/wp-content\/uploads\/2023\/10\/43F24389-DA07-48F4-B316-46B2CAE1BDC8-scaled.jpeg","datePublished":"2023-10-30T10:57:11+00:00","dateModified":"2024-04-04T09:37:20+00:00","description":"Dale un toque de dulzura a la cuna de tu beb\u00e9 con nuestro M\u00f3vil para Beb\u00e9 de Abejas Rosas, hecho a mano con cuidado. La combinaci\u00f3n perfecta entre ternura y elegancia. \u00a1Descubre nuestra artesan\u00eda \u00fanica!","breadcrumb":{"@id":"https:\/\/littleloua.com\/es\/producto\/movil-para-bebe-hecho-a-mano-abejas-rosas\/#breadcrumb"},"inLanguage":"es","potentialAction":[{"@type":"ReadAction","target":["https:\/\/littleloua.com\/es\/producto\/movil-para-bebe-hecho-a-mano-abejas-rosas\/"]}]},{"@type":"ImageObject","inLanguage":"es","@id":"https:\/\/littleloua.com\/es\/producto\/movil-para-bebe-hecho-a-mano-abejas-rosas\/#primaryimage","url":"https:\/\/littleloua.com\/wp-content\/uploads\/2023\/10\/43F24389-DA07-48F4-B316-46B2CAE1BDC8-scaled.jpeg","contentUrl":"https:\/\/littleloua.com\/wp-content\/uploads\/2023\/10\/43F24389-DA07-48F4-B316-46B2CAE1BDC8-scaled.jpeg","width":1707,"height":2560},{"@type":"BreadcrumbList","@id":"https:\/\/littleloua.com\/es\/producto\/movil-para-bebe-hecho-a-mano-abejas-rosas\/#breadcrumb","itemListElement":[{"@type":"ListItem","position":1,"name":"Home","item":"https:\/\/littleloua.com\/es\/inicio-2\/"},{"@type":"ListItem","position":2,"name":"Tienda","item":"https:\/\/littleloua.com\/es\/tienda\/"},{"@type":"ListItem","position":3,"name":"M\u00f3vil para beb\u00e9 hecho a mano abejas rosas"}]},{"@type":"WebSite","@id":"https:\/\/littleloua.com\/es\/#website","url":"https:\/\/littleloua.com\/es\/","name":"Little Loua","description":"Handmade Baby mobiles created with love","potentialAction":[{"@type":"SearchAction","target":{"@type":"EntryPoint","urlTemplate":"https:\/\/littleloua.com\/es\/?s={search_term_string}"},"query-input":{"@type":"PropertyValueSpecification","valueRequired":true,"valueName":"search_term_string"}}],"inLanguage":"es"}]}},"_links":{"self":[{"href":"https:\/\/littleloua.com\/es\/wp-json\/wp\/v2\/product\/7792","targetHints":{"allow":["GET"]}}],"collection":[{"href":"https:\/\/littleloua.com\/es\/wp-json\/wp\/v2\/product"}],"about":[{"href":"https:\/\/littleloua.com\/es\/wp-json\/wp\/v2\/types\/product"}],"version-history":[{"count":0,"href":"https:\/\/littleloua.com\/es\/wp-json\/wp\/v2\/product\/7792\/revisions"}],"wp:featuredmedia":[{"embeddable":true,"href":"https:\/\/littleloua.com\/es\/wp-json\/wp\/v2\/media\/7786"}],"wp:attachment":[{"href":"https:\/\/littleloua.com\/es\/wp-json\/wp\/v2\/media?parent=7792"}],"wp:term":[{"taxonomy":"product_brand","embeddable":true,"href":"https:\/\/littleloua.com\/es\/wp-json\/wp\/v2\/product_brand?post=7792"},{"taxonomy":"product_cat","embeddable":true,"href":"https:\/\/littleloua.com\/es\/wp-json\/wp\/v2\/product_cat?post=7792"},{"taxonomy":"product_tag","embeddable":true,"href":"https:\/\/littleloua.com\/es\/wp-json\/wp\/v2\/product_tag?post=7792"}],"curies":[{"name":"wp","href":"https:\/\/api.w.org\/{rel}","templated":true}]}}