{"id":22853,"date":"2026-04-15T14:23:20","date_gmt":"2026-04-15T12:23:20","guid":{"rendered":"https:\/\/littleloua.com\/?post_type=product&#038;p=22853"},"modified":"2026-04-15T14:50:37","modified_gmt":"2026-04-15T12:50:37","slug":"set-nube-y-pequeno-grande","status":"publish","type":"product","link":"https:\/\/littleloua.com\/es\/producto\/set-nube-y-pequeno-grande\/","title":{"rendered":"Set- Nube y Pequeno Grande"},"content":{"rendered":"<h3 data-start=\"126\" data-end=\"212\"><strong data-start=\"130\" data-end=\"210\">Set de Decoraci\u00f3n de Pared Boucl\u00e9 Hecha a Mano \u2013 Globo y Nube de Little Loua<\/strong><\/h3>\n<p data-start=\"214\" data-end=\"565\">Transforma la habitaci\u00f3n de tu peque\u00f1o en un <strong data-start=\"259\" data-end=\"288\">espacio c\u00e1lido y acogedor<\/strong> con las encantadoras l\u00e1mparas de pared de <strong data-start=\"331\" data-end=\"346\">Little Loua<\/strong>.<br data-start=\"347\" data-end=\"350\" \/>Nuestras l\u00e1mparas de pared de boucl\u00e9 \u00a0\u2013 no solo aportan una luz suave y relajante, sino tambi\u00e9n un toque de magia a cualquier habitaci\u00f3n infantil o sala de juegos.<\/p>\n<p data-start=\"567\" data-end=\"898\">El <strong data-start=\"570\" data-end=\"599\">tejido boucl\u00e9 texturizado<\/strong> ofrece un aspecto suave y acogedor, mientras que la luz c\u00e1lida crea un <strong data-start=\"671\" data-end=\"693\">ambiente tranquilo<\/strong>, perfecto para la hora de dormir.<br data-start=\"727\" data-end=\"730\" \/>Combina diferentes formas para crear una <strong data-start=\"771\" data-end=\"801\">composici\u00f3n mural completa<\/strong> y transforma la habitaci\u00f3n en un mundo de ensue\u00f1o donde tu hijo se sentir\u00e1 seguro y protegido.<\/p>\n<h3 data-start=\"905\" data-end=\"939\">\u2728 <strong data-start=\"911\" data-end=\"937\">Por qu\u00e9 te encantar\u00e1n:<\/strong><\/h3>\n<ul data-start=\"940\" data-end=\"1171\">\n<li data-start=\"940\" data-end=\"988\">\n<p data-start=\"942\" data-end=\"988\">Hechas a mano con amor y atenci\u00f3n al detalle<\/p>\n<\/li>\n<li data-start=\"989\" data-end=\"1039\">\n<p data-start=\"991\" data-end=\"1039\">Formas \u00fanicas: globo, nubes y osito de peluche<\/p>\n<\/li>\n<li data-start=\"1040\" data-end=\"1086\">\n<p data-start=\"1042\" data-end=\"1086\">Ideales para habitaciones de beb\u00e9s y ni\u00f1os<\/p>\n<\/li>\n<li data-start=\"1087\" data-end=\"1171\">\n<p data-start=\"1089\" data-end=\"1171\">Perfectas para combinar y crear una decoraci\u00f3n mural completa de <strong data-start=\"1154\" data-end=\"1169\">Little Loua<\/strong><\/p>\n<\/li>\n<\/ul>\n<p data-start=\"1173\" data-end=\"1271\">Crea un mundo lleno de calidez y ternura con las l\u00e1mparas de pared de boucl\u00e9 de <strong data-start=\"1253\" data-end=\"1268\">Little Loua<\/strong>.<\/p>\n<h3 data-start=\"1278\" data-end=\"1298\"><strong data-start=\"1282\" data-end=\"1296\">Contenido:<\/strong><\/h3>\n<p><strong>Nube grande<\/strong>: 48 cm (18,9 pulgadas) de longitud x 32 cm (12,6 pulgadas) de altura<br \/>\n<strong>Mini Nube<\/strong>: 40 cm (15,74 pulgadas) de longitud x 23 cm (9,05 pulgadas) de altura<\/p>\n<p data-start=\"1520\" data-end=\"2052\">\u00b0 <strong data-start=\"1522\" data-end=\"1539\">F\u00e1cil de usar<\/strong> \u2013 Con el control remoto puedes encender o apagar la luz f\u00e1cilmente sin molestar a tu beb\u00e9.<br data-start=\"1630\" data-end=\"1633\" \/>\u00b0 <strong data-start=\"1635\" data-end=\"1659\">Funci\u00f3n temporizador<\/strong> \u2013 La luz se apaga autom\u00e1ticamente despu\u00e9s de 30 o 60 minutos, ideal para la hora de dormir.<br data-start=\"1751\" data-end=\"1754\" \/>\u00b0 <strong data-start=\"1756\" data-end=\"1774\">Segura de usar<\/strong> \u2013 Las l\u00e1mparas y el control remoto funcionan con pilas y son f\u00e1ciles de colgar.<br data-start=\"1854\" data-end=\"1857\" \/>\u00b0 <strong data-start=\"1859\" data-end=\"1879\">Colores variados<\/strong> \u2013 Con el control remoto puedes elegir el color o la atm\u00f3sfera que desees para la habitaci\u00f3n.<br data-start=\"1972\" data-end=\"1975\" \/><em data-start=\"1975\" data-end=\"2050\">(Colores: blanco, amarillo, naranja, verde, rojo, azul, violeta, rosa, \u2026)<\/em><\/p>\n<h3 data-start=\"2059\" data-end=\"2085\"><strong data-start=\"2063\" data-end=\"2083\">Caracter\u00edsticas:<\/strong><\/h3>\n<p data-start=\"2086\" data-end=\"2254\"><strong data-start=\"2086\" data-end=\"2114\">Dise\u00f1o Suave y Acogedor:<\/strong><br data-start=\"2114\" data-end=\"2117\" \/>Fabricado en madera y recubierto con un suave tejido boucl\u00e9 \u2013 agradable al tacto y con una experiencia sensorial calmante para tu beb\u00e9.<\/p>\n<p data-start=\"2256\" data-end=\"2386\"><strong data-start=\"2256\" data-end=\"2279\">Ecol\u00f3gico y Seguro:<\/strong><br data-start=\"2279\" data-end=\"2282\" \/>Hecho de madera natural certificada y materiales no t\u00f3xicos \u2013 duradero y seguro para los m\u00e1s peque\u00f1os.<\/p>\n<p data-start=\"2388\" data-end=\"2562\"><strong data-start=\"2388\" data-end=\"2417\">Iluminaci\u00f3n LED Opcional:<\/strong><br data-start=\"2417\" data-end=\"2420\" \/>La decoraci\u00f3n puede incluir una luz LED que emite una iluminaci\u00f3n c\u00e1lida y suave \u2013 perfecta para crear una atm\u00f3sfera relajante por la noche.<\/p>\n<p data-start=\"2564\" data-end=\"2792\"><strong data-start=\"2564\" data-end=\"2603\">Perfecto para Cualquier Habitaci\u00f3n:<\/strong><br data-start=\"2603\" data-end=\"2606\" \/>Ya sea que elijas solo el globo o un conjunto combinado con nubes y globos \u2013 esta decoraci\u00f3n de pared es una preciosa adici\u00f3n a cualquier habitaci\u00f3n de beb\u00e9, infantil o sala de juegos.<\/p>\n<h3 data-start=\"2799\" data-end=\"2830\"><strong data-start=\"2803\" data-end=\"2828\">Consejo de Seguridad:<\/strong><\/h3>\n<p data-start=\"2831\" data-end=\"3086\">Por razones de seguridad, se recomienda <strong data-start=\"2871\" data-end=\"2910\">fijar bien la decoraci\u00f3n a la pared<\/strong>.<br data-start=\"2911\" data-end=\"2914\" \/>Todas nuestras decoraciones de pared est\u00e1n <strong data-start=\"2957\" data-end=\"3002\">destinadas \u00fanicamente a fines decorativos<\/strong> y <strong data-start=\"3005\" data-end=\"3024\">no son juguetes<\/strong>.<br data-start=\"3025\" data-end=\"3028\" \/>Cuelga la decoraci\u00f3n <strong data-start=\"3049\" data-end=\"3083\">fuera del alcance de los ni\u00f1os<\/strong>.<\/p>\n<h3 data-start=\"3093\" data-end=\"3163\"><strong data-start=\"3097\" data-end=\"3161\">Por qu\u00e9 elegir la decoraci\u00f3n de pared boucl\u00e9 de Little Loua:<\/strong><\/h3>\n<p data-start=\"3164\" data-end=\"3323\"><strong data-start=\"3167\" data-end=\"3190\">L\u00fadica y funcional:<\/strong><br data-start=\"3190\" data-end=\"3193\" \/>Una combinaci\u00f3n perfecta de dise\u00f1o encantador y practicidad \u2013 crea un ambiente tranquilo y acogedor para beb\u00e9s y ni\u00f1os peque\u00f1os.<\/p>\n<p data-start=\"3325\" data-end=\"3448\"><strong data-start=\"3328\" data-end=\"3354\">Hecha a mano con amor:<\/strong><br data-start=\"3354\" data-end=\"3357\" \/>Cada pieza se elabora cuidadosamente a mano para garantizar una calidad y acabado \u00fanicos.<\/p>\n<p data-start=\"3450\" data-end=\"3580\"><strong data-start=\"3453\" data-end=\"3477\">Sostenible y segura:<\/strong><br data-start=\"3477\" data-end=\"3480\" \/>Fabricada con materiales ecol\u00f3gicos y seguros para los ni\u00f1os \u2013 para la tranquilidad de los padres.<\/p>\n<p data-start=\"3587\" data-end=\"3773\">Reg\u00e1lale a tu hijo <strong data-start=\"3606\" data-end=\"3628\">comodidad y estilo<\/strong> con nuestra <strong data-start=\"3641\" data-end=\"3671\">decoraci\u00f3n de pared boucl\u00e9<\/strong> \u2013 el toque final perfecto para una atm\u00f3sfera so\u00f1adora y relajante en cualquier habitaci\u00f3n infantil.<\/p>\n<p data-start=\"3775\" data-end=\"3923\"><strong data-start=\"3775\" data-end=\"3799\">\u00a1Haz tu pedido ahora<\/strong> y convierte la habitaci\u00f3n de tu peque\u00f1o en un espacio a\u00fan m\u00e1s especial con esta adorable y acogedora decoraci\u00f3n de pared!<\/p>\n","protected":false},"excerpt":{"rendered":"<p data-start=\"313\" data-end=\"617\">Transforma la habitaci\u00f3n de tu peque\u00f1o en un <strong data-start=\"259\" data-end=\"288\">espacio c\u00e1lido y acogedor<\/strong> con las encantadoras l\u00e1mparas de pared de <strong data-start=\"331\" data-end=\"346\">Little Loua<\/strong>.<br data-start=\"347\" data-end=\"350\" \/>Nuestras l\u00e1mparas de pared de boucl\u00e9 \u00a0\u2013 no solo aportan una luz suave y relajante, sino tambi\u00e9n un toque de magia a cualquier habitaci\u00f3n infantil o sala de juegos.<\/p>\n<h5 data-start=\"1158\" data-end=\"1178\"><strong data-start=\"1162\" data-end=\"1176\">Contenido:<\/strong><\/h5>\n<p data-start=\"1301\" data-end=\"1371\"><strong>Nube grande<\/strong>: 48 cm (18,9 pulgadas) de longitud x 32 cm (12,6 pulgadas) de altura<br \/>\n<strong>Mini Nube<\/strong>: 40 cm (15,74 pulgadas) de longitud x 23 cm (9,05 pulgadas) de altura<\/p>\n","protected":false},"featured_media":22874,"template":"","meta":{"_acf_changed":false},"product_brand":[],"product_cat":[253],"product_tag":[],"class_list":{"0":"post-22853","1":"product","2":"type-product","3":"status-publish","4":"has-post-thumbnail","6":"product_cat-decoracion-mural-boucle","8":"first","9":"instock","10":"shipping-taxable","11":"purchasable","12":"product-type-variable"},"acf":[],"yoast_head":"<!-- This site is optimized with the Yoast SEO plugin v27.4 - https:\/\/yoast.com\/product\/yoast-seo-wordpress\/ -->\n<title>Set nube grande y pequeno<\/title>\n<meta name=\"description\" content=\"Transforma la habitaci\u00f3n de tu beb\u00e9 con nuestra decoraci\u00f3n de pared Boucl\u00e9 hecha a mano. Los materiales suaves y ecol\u00f3gicos y la iluminaci\u00f3n LED opcional crean un ambiente acogedor y relajante.\" \/>\n<meta name=\"robots\" content=\"index, follow, max-snippet:-1, max-image-preview:large, max-video-preview:-1\" \/>\n<link rel=\"canonical\" href=\"https:\/\/littleloua.com\/es\/producto\/set-nube-y-pequeno-grande\/\" \/>\n<meta property=\"og:locale\" content=\"es_ES\" \/>\n<meta property=\"og:type\" content=\"article\" \/>\n<meta property=\"og:title\" content=\"Set nube grande y pequeno\" \/>\n<meta property=\"og:description\" content=\"Transforma la habitaci\u00f3n de tu beb\u00e9 con nuestra decoraci\u00f3n de pared Boucl\u00e9 hecha a mano. Los materiales suaves y ecol\u00f3gicos y la iluminaci\u00f3n LED opcional crean un ambiente acogedor y relajante.\" \/>\n<meta property=\"og:url\" content=\"https:\/\/littleloua.com\/es\/producto\/set-nube-y-pequeno-grande\/\" \/>\n<meta property=\"og:site_name\" content=\"Little Loua\" \/>\n<meta property=\"article:publisher\" content=\"https:\/\/www.facebook.com\/littleloua\" \/>\n<meta property=\"article:modified_time\" content=\"2026-04-15T12:50:37+00:00\" \/>\n<meta property=\"og:image\" content=\"https:\/\/littleloua.com\/wp-content\/uploads\/2026\/04\/IMG_9526.jpg\" \/>\n\t<meta property=\"og:image:width\" content=\"1450\" \/>\n\t<meta property=\"og:image:height\" content=\"1934\" \/>\n\t<meta property=\"og:image:type\" content=\"image\/jpeg\" \/>\n<meta name=\"twitter:card\" content=\"summary_large_image\" \/>\n<meta name=\"twitter:label1\" content=\"Tiempo de lectura\" \/>\n\t<meta name=\"twitter:data1\" content=\"3 minutos\" \/>\n<script type=\"application\/ld+json\" class=\"yoast-schema-graph\">{\"@context\":\"https:\\\/\\\/schema.org\",\"@graph\":[{\"@type\":\"WebPage\",\"@id\":\"https:\\\/\\\/littleloua.com\\\/es\\\/producto\\\/set-nube-y-pequeno-grande\\\/\",\"url\":\"https:\\\/\\\/littleloua.com\\\/es\\\/producto\\\/set-nube-y-pequeno-grande\\\/\",\"name\":\"Set nube grande y pequeno\",\"isPartOf\":{\"@id\":\"https:\\\/\\\/littleloua.com\\\/es\\\/#website\"},\"primaryImageOfPage\":{\"@id\":\"https:\\\/\\\/littleloua.com\\\/es\\\/producto\\\/set-nube-y-pequeno-grande\\\/#primaryimage\"},\"image\":{\"@id\":\"https:\\\/\\\/littleloua.com\\\/es\\\/producto\\\/set-nube-y-pequeno-grande\\\/#primaryimage\"},\"thumbnailUrl\":\"https:\\\/\\\/littleloua.com\\\/wp-content\\\/uploads\\\/2026\\\/04\\\/IMG_9526.jpg\",\"datePublished\":\"2026-04-15T12:23:20+00:00\",\"dateModified\":\"2026-04-15T12:50:37+00:00\",\"description\":\"Transforma la habitaci\u00f3n de tu beb\u00e9 con nuestra decoraci\u00f3n de pared Boucl\u00e9 hecha a mano. Los materiales suaves y ecol\u00f3gicos y la iluminaci\u00f3n LED opcional crean un ambiente acogedor y relajante.\",\"breadcrumb\":{\"@id\":\"https:\\\/\\\/littleloua.com\\\/es\\\/producto\\\/set-nube-y-pequeno-grande\\\/#breadcrumb\"},\"inLanguage\":\"es\",\"potentialAction\":[{\"@type\":\"ReadAction\",\"target\":[\"https:\\\/\\\/littleloua.com\\\/es\\\/producto\\\/set-nube-y-pequeno-grande\\\/\"]}]},{\"@type\":\"ImageObject\",\"inLanguage\":\"es\",\"@id\":\"https:\\\/\\\/littleloua.com\\\/es\\\/producto\\\/set-nube-y-pequeno-grande\\\/#primaryimage\",\"url\":\"https:\\\/\\\/littleloua.com\\\/wp-content\\\/uploads\\\/2026\\\/04\\\/IMG_9526.jpg\",\"contentUrl\":\"https:\\\/\\\/littleloua.com\\\/wp-content\\\/uploads\\\/2026\\\/04\\\/IMG_9526.jpg\",\"width\":1450,\"height\":1934,\"caption\":\"Set clouds wall lamps\"},{\"@type\":\"BreadcrumbList\",\"@id\":\"https:\\\/\\\/littleloua.com\\\/es\\\/producto\\\/set-nube-y-pequeno-grande\\\/#breadcrumb\",\"itemListElement\":[{\"@type\":\"ListItem\",\"position\":1,\"name\":\"Home\",\"item\":\"https:\\\/\\\/littleloua.com\\\/es\\\/\"},{\"@type\":\"ListItem\",\"position\":2,\"name\":\"Tienda\",\"item\":\"https:\\\/\\\/littleloua.com\\\/es\\\/tienda\\\/\"},{\"@type\":\"ListItem\",\"position\":3,\"name\":\"Set- Nube y Pequeno Grande\"}]},{\"@type\":\"WebSite\",\"@id\":\"https:\\\/\\\/littleloua.com\\\/es\\\/#website\",\"url\":\"https:\\\/\\\/littleloua.com\\\/es\\\/\",\"name\":\"Little Loua\",\"description\":\"Handmade Baby mobiles created with love\",\"potentialAction\":[{\"@type\":\"SearchAction\",\"target\":{\"@type\":\"EntryPoint\",\"urlTemplate\":\"https:\\\/\\\/littleloua.com\\\/es\\\/?s={search_term_string}\"},\"query-input\":{\"@type\":\"PropertyValueSpecification\",\"valueRequired\":true,\"valueName\":\"search_term_string\"}}],\"inLanguage\":\"es\"}]}<\/script>\n<!-- \/ Yoast SEO plugin. -->","yoast_head_json":{"title":"Set nube grande y pequeno","description":"Transforma la habitaci\u00f3n de tu beb\u00e9 con nuestra decoraci\u00f3n de pared Boucl\u00e9 hecha a mano. Los materiales suaves y ecol\u00f3gicos y la iluminaci\u00f3n LED opcional crean un ambiente acogedor y relajante.","robots":{"index":"index","follow":"follow","max-snippet":"max-snippet:-1","max-image-preview":"max-image-preview:large","max-video-preview":"max-video-preview:-1"},"canonical":"https:\/\/littleloua.com\/es\/producto\/set-nube-y-pequeno-grande\/","og_locale":"es_ES","og_type":"article","og_title":"Set nube grande y pequeno","og_description":"Transforma la habitaci\u00f3n de tu beb\u00e9 con nuestra decoraci\u00f3n de pared Boucl\u00e9 hecha a mano. Los materiales suaves y ecol\u00f3gicos y la iluminaci\u00f3n LED opcional crean un ambiente acogedor y relajante.","og_url":"https:\/\/littleloua.com\/es\/producto\/set-nube-y-pequeno-grande\/","og_site_name":"Little Loua","article_publisher":"https:\/\/www.facebook.com\/littleloua","article_modified_time":"2026-04-15T12:50:37+00:00","og_image":[{"width":1450,"height":1934,"url":"https:\/\/littleloua.com\/wp-content\/uploads\/2026\/04\/IMG_9526.jpg","type":"image\/jpeg"}],"twitter_card":"summary_large_image","twitter_misc":{"Tiempo de lectura":"3 minutos"},"schema":{"@context":"https:\/\/schema.org","@graph":[{"@type":"WebPage","@id":"https:\/\/littleloua.com\/es\/producto\/set-nube-y-pequeno-grande\/","url":"https:\/\/littleloua.com\/es\/producto\/set-nube-y-pequeno-grande\/","name":"Set nube grande y pequeno","isPartOf":{"@id":"https:\/\/littleloua.com\/es\/#website"},"primaryImageOfPage":{"@id":"https:\/\/littleloua.com\/es\/producto\/set-nube-y-pequeno-grande\/#primaryimage"},"image":{"@id":"https:\/\/littleloua.com\/es\/producto\/set-nube-y-pequeno-grande\/#primaryimage"},"thumbnailUrl":"https:\/\/littleloua.com\/wp-content\/uploads\/2026\/04\/IMG_9526.jpg","datePublished":"2026-04-15T12:23:20+00:00","dateModified":"2026-04-15T12:50:37+00:00","description":"Transforma la habitaci\u00f3n de tu beb\u00e9 con nuestra decoraci\u00f3n de pared Boucl\u00e9 hecha a mano. Los materiales suaves y ecol\u00f3gicos y la iluminaci\u00f3n LED opcional crean un ambiente acogedor y relajante.","breadcrumb":{"@id":"https:\/\/littleloua.com\/es\/producto\/set-nube-y-pequeno-grande\/#breadcrumb"},"inLanguage":"es","potentialAction":[{"@type":"ReadAction","target":["https:\/\/littleloua.com\/es\/producto\/set-nube-y-pequeno-grande\/"]}]},{"@type":"ImageObject","inLanguage":"es","@id":"https:\/\/littleloua.com\/es\/producto\/set-nube-y-pequeno-grande\/#primaryimage","url":"https:\/\/littleloua.com\/wp-content\/uploads\/2026\/04\/IMG_9526.jpg","contentUrl":"https:\/\/littleloua.com\/wp-content\/uploads\/2026\/04\/IMG_9526.jpg","width":1450,"height":1934,"caption":"Set clouds wall lamps"},{"@type":"BreadcrumbList","@id":"https:\/\/littleloua.com\/es\/producto\/set-nube-y-pequeno-grande\/#breadcrumb","itemListElement":[{"@type":"ListItem","position":1,"name":"Home","item":"https:\/\/littleloua.com\/es\/"},{"@type":"ListItem","position":2,"name":"Tienda","item":"https:\/\/littleloua.com\/es\/tienda\/"},{"@type":"ListItem","position":3,"name":"Set- Nube y Pequeno Grande"}]},{"@type":"WebSite","@id":"https:\/\/littleloua.com\/es\/#website","url":"https:\/\/littleloua.com\/es\/","name":"Little Loua","description":"Handmade Baby mobiles created with love","potentialAction":[{"@type":"SearchAction","target":{"@type":"EntryPoint","urlTemplate":"https:\/\/littleloua.com\/es\/?s={search_term_string}"},"query-input":{"@type":"PropertyValueSpecification","valueRequired":true,"valueName":"search_term_string"}}],"inLanguage":"es"}]}},"_links":{"self":[{"href":"https:\/\/littleloua.com\/es\/wp-json\/wp\/v2\/product\/22853","targetHints":{"allow":["GET"]}}],"collection":[{"href":"https:\/\/littleloua.com\/es\/wp-json\/wp\/v2\/product"}],"about":[{"href":"https:\/\/littleloua.com\/es\/wp-json\/wp\/v2\/types\/product"}],"version-history":[{"count":3,"href":"https:\/\/littleloua.com\/es\/wp-json\/wp\/v2\/product\/22853\/revisions"}],"predecessor-version":[{"id":22888,"href":"https:\/\/littleloua.com\/es\/wp-json\/wp\/v2\/product\/22853\/revisions\/22888"}],"wp:featuredmedia":[{"embeddable":true,"href":"https:\/\/littleloua.com\/es\/wp-json\/wp\/v2\/media\/22874"}],"wp:attachment":[{"href":"https:\/\/littleloua.com\/es\/wp-json\/wp\/v2\/media?parent=22853"}],"wp:term":[{"taxonomy":"product_brand","embeddable":true,"href":"https:\/\/littleloua.com\/es\/wp-json\/wp\/v2\/product_brand?post=22853"},{"taxonomy":"product_cat","embeddable":true,"href":"https:\/\/littleloua.com\/es\/wp-json\/wp\/v2\/product_cat?post=22853"},{"taxonomy":"product_tag","embeddable":true,"href":"https:\/\/littleloua.com\/es\/wp-json\/wp\/v2\/product_tag?post=22853"}],"curies":[{"name":"wp","href":"https:\/\/api.w.org\/{rel}","templated":true}]}}