{"id":20675,"date":"2025-10-23T11:18:36","date_gmt":"2025-10-23T09:18:36","guid":{"rendered":"https:\/\/littleloua.com\/?post_type=product&#038;p=20675"},"modified":"2025-10-23T12:02:13","modified_gmt":"2025-10-23T10:02:13","slug":"set-luna-con-osito-y-pequena-nube","status":"publish","type":"product","link":"https:\/\/littleloua.com\/es\/producto\/set-luna-con-osito-y-pequena-nube\/","title":{"rendered":"Set- Luna con Osito y Peque\u00f1a Nube"},"content":{"rendered":"<p data-start=\"0\" data-end=\"104\"><strong data-start=\"0\" data-end=\"102\">Set de Composici\u00f3n de Pared de Boucl\u00e9 Hecha a Mano por Little Loua \u2014 Luna con Osito y Peque\u00f1a Nube<\/strong><\/p>\n<p data-start=\"106\" data-end=\"474\">Transforma la habitaci\u00f3n de tu peque\u00f1o en un espacio c\u00e1lido y acogedor con las encantadoras l\u00e1mparas de pared de <strong data-start=\"219\" data-end=\"234\">Little Loua<\/strong>.<br data-start=\"235\" data-end=\"238\" \/>Nuestras l\u00e1mparas de pared de boucl\u00e9 \u2013 disponibles en forma de luna con un adorable osito y una peque\u00f1a nube \u2013 aportan no solo una luz suave y relajante, sino tambi\u00e9n un toque de magia a cualquier habitaci\u00f3n infantil o sala de juegos.<\/p>\n<p data-start=\"476\" data-end=\"791\">El tejido boucl\u00e9 con textura ofrece un aspecto suave y acogedor, mientras que la luz c\u00e1lida crea una atm\u00f3sfera tranquila, perfecta para la hora de dormir. Combina diferentes formas para crear una composici\u00f3n mural completa y transforma el espacio en un mundo de ensue\u00f1o donde tu hijo se sienta seguro y protegido.<\/p>\n<p data-start=\"798\" data-end=\"828\">\u2728 <strong data-start=\"800\" data-end=\"826\">Por qu\u00e9 te encantar\u00e1n:<\/strong><\/p>\n<ul data-start=\"829\" data-end=\"1048\">\n<li data-start=\"829\" data-end=\"877\">\n<p data-start=\"831\" data-end=\"877\">Hechas a mano con amor y atenci\u00f3n al detalle<\/p>\n<\/li>\n<li data-start=\"878\" data-end=\"916\">\n<p data-start=\"880\" data-end=\"916\">Formas \u00fanicas: luna, nubes y osito<\/p>\n<\/li>\n<li data-start=\"917\" data-end=\"963\">\n<p data-start=\"919\" data-end=\"963\">Ideales para habitaciones de beb\u00e9s y ni\u00f1os<\/p>\n<\/li>\n<li data-start=\"964\" data-end=\"1048\">\n<p data-start=\"966\" data-end=\"1048\">Perfectas para combinar y crear una decoraci\u00f3n mural completa de <strong data-start=\"1031\" data-end=\"1046\">Little Loua<\/strong><\/p>\n<\/li>\n<\/ul>\n<p data-start=\"1050\" data-end=\"1151\">Crea un mundo lleno de calidez y fantas\u00eda \u2014 con las l\u00e1mparas de pared de boucl\u00e9 de <strong data-start=\"1133\" data-end=\"1148\">Little Loua<\/strong>.<\/p>\n<h3 data-start=\"1158\" data-end=\"1178\"><strong data-start=\"1162\" data-end=\"1176\">Contenido:<\/strong><\/h3>\n<ul data-start=\"1179\" data-end=\"1266\">\n<li data-start=\"1179\" data-end=\"1223\">\n<p data-start=\"1181\" data-end=\"1223\">1 luna con osito \u2013 con o sin l\u00e1mpara LED<\/p>\n<\/li>\n<li data-start=\"1224\" data-end=\"1266\">\n<p data-start=\"1226\" data-end=\"1266\">1 peque\u00f1a nube \u2013 con o sin l\u00e1mpara LED<\/p>\n<\/li>\n<\/ul>\n<h3 data-start=\"1273\" data-end=\"1338\"><strong data-start=\"1277\" data-end=\"1336\">Funciones de luz LED de la composici\u00f3n mural de boucl\u00e9:<\/strong><\/h3>\n<p data-start=\"1339\" data-end=\"1866\">\u00b0 <strong data-start=\"1341\" data-end=\"1358\">F\u00e1cil de usar<\/strong> \u2013 Con el mando a distancia puedes encender o apagar la luz f\u00e1cilmente sin molestar a tu beb\u00e9.<br data-start=\"1452\" data-end=\"1455\" \/>\u00b0 <strong data-start=\"1457\" data-end=\"1484\">Funci\u00f3n de temporizador<\/strong> \u2013 La luz se apaga autom\u00e1ticamente despu\u00e9s de 30 minutos, ideal para la hora de dormir.<br data-start=\"1571\" data-end=\"1574\" \/>\u00b0 <strong data-start=\"1576\" data-end=\"1594\">Segura de usar<\/strong> \u2013 Las l\u00e1mparas y el mando funcionan con pilas y son f\u00e1ciles de colgar.<br data-start=\"1665\" data-end=\"1668\" \/>\u00b0 <strong data-start=\"1670\" data-end=\"1688\">Varios colores<\/strong> \u2013 Con el mando a distancia puedes elegir el color o el ambiente que quieras crear en la habitaci\u00f3n.<br data-start=\"1788\" data-end=\"1791\" \/>(Colores: blanco, amarillo, naranja, verde, rojo, azul, violeta, rosa, \u2026)<\/p>\n<h3 data-start=\"1873\" data-end=\"1899\"><strong data-start=\"1877\" data-end=\"1897\">Caracter\u00edsticas:<\/strong><\/h3>\n<p data-start=\"1900\" data-end=\"2588\"><strong data-start=\"1900\" data-end=\"1928\">Dise\u00f1o Suave y Acogedor:<\/strong> Fabricado en madera y cubierto con tejido boucl\u00e9 suave \u2013 agradable al tacto y proporciona una experiencia sensorial calmante para tu beb\u00e9.<br data-start=\"2067\" data-end=\"2070\" \/><strong data-start=\"2070\" data-end=\"2093\">Ecol\u00f3gico y Seguro:<\/strong> Hecho con madera natural certificada y materiales no t\u00f3xicos \u2013 duradero y seguro para los m\u00e1s peque\u00f1os.<br data-start=\"2197\" data-end=\"2200\" \/><strong data-start=\"2200\" data-end=\"2229\">Iluminaci\u00f3n LED Opcional:<\/strong> La decoraci\u00f3n puede incluir una luz LED que emite un brillo suave y c\u00e1lido \u2013 perfecta para crear una atm\u00f3sfera relajante por la noche.<br data-start=\"2364\" data-end=\"2367\" \/><strong data-start=\"2367\" data-end=\"2406\">Perfecta para cualquier habitaci\u00f3n:<\/strong> Ya sea que elijas solo la luna o un conjunto a juego con nubes y globos, esta decoraci\u00f3n de pared es una hermosa adici\u00f3n a cualquier habitaci\u00f3n infantil, de beb\u00e9 o sala de juegos.<\/p>\n<h3 data-start=\"2595\" data-end=\"2626\"><strong data-start=\"2599\" data-end=\"2624\">Consejo de seguridad:<\/strong><\/h3>\n<p data-start=\"2627\" data-end=\"2983\">Por razones de seguridad, recomendamos fijar los cables y alambres a lo largo de la pared o usar cubrecables, especialmente en hogares con ni\u00f1os peque\u00f1os.<br data-start=\"2781\" data-end=\"2784\" \/>Todas nuestras decoraciones murales est\u00e1n destinadas <strong data-start=\"2837\" data-end=\"2868\">solo para fines decorativos<\/strong>, no como juguetes. Cuelga la decoraci\u00f3n lo suficientemente alto para que tu hijo no pueda tocarla ni alcanzarla.<\/p>\n<h3 data-start=\"2990\" data-end=\"3090\"><strong data-start=\"2994\" data-end=\"3088\">Por qu\u00e9 elegir la decoraci\u00f3n mural de boucl\u00e9 Luna con Osito y Peque\u00f1a Nube de Little Loua:<\/strong><\/h3>\n<p data-start=\"3091\" data-end=\"3523\">???? <strong data-start=\"3094\" data-end=\"3120\">Divertida y Funcional:<\/strong> Una combinaci\u00f3n perfecta de dise\u00f1o encantador y practicidad \u2013 crea un ambiente tranquilo y acogedor para beb\u00e9s y ni\u00f1os peque\u00f1os.<br data-start=\"3249\" data-end=\"3252\" \/>???? <strong data-start=\"3255\" data-end=\"3281\">Hecha a Mano con Amor:<\/strong> Cada pieza est\u00e1 cuidadosamente elaborada a mano para garantizar una calidad superior y un acabado \u00fanico.<br data-start=\"3386\" data-end=\"3389\" \/>???? <strong data-start=\"3392\" data-end=\"3416\">Sostenible y Segura:<\/strong> Fabricada con materiales ecol\u00f3gicos y seguros para los ni\u00f1os \u2013 tranquilidad garantizada para los padres.<\/p>\n<p data-start=\"3530\" data-end=\"3726\">Regala a tu hijo comodidad y estilo con nuestra <strong data-start=\"3578\" data-end=\"3608\">Decoraci\u00f3n Mural de Boucl\u00e9<\/strong> \u2013 el toque final perfecto para crear un ambiente de ensue\u00f1o y serenidad en cualquier habitaci\u00f3n infantil o de beb\u00e9.<\/p>\n<p data-start=\"3728\" data-end=\"3867\" data-is-last-node=\"\" data-is-only-node=\"\"><strong data-start=\"3728\" data-end=\"3752\">\u00a1Haz tu pedido ahora<\/strong> y convierte la habitaci\u00f3n de tu peque\u00f1o en un espacio a\u00fan m\u00e1s especial con esta decoraci\u00f3n mural suave y adorable!<\/p>\n","protected":false},"excerpt":{"rendered":"<p data-start=\"313\" data-end=\"617\">Transforma la habitaci\u00f3n de tu peque\u00f1o en un espacio c\u00e1lido y acogedor con las encantadoras l\u00e1mparas de pared de <strong data-start=\"219\" data-end=\"234\">Little Loua<\/strong>.<br data-start=\"235\" data-end=\"238\" \/>Nuestras l\u00e1mparas de pared de boucl\u00e9 \u2013 disponibles en forma de luna con un adorable osito y una peque\u00f1a nube \u2013 aportan no solo una luz suave y relajante, sino tambi\u00e9n un toque de magia a cualquier habitaci\u00f3n infantil o sala de juegos.<\/p>\n<h5 data-start=\"1158\" data-end=\"1178\"><strong data-start=\"1162\" data-end=\"1176\">Contenido:<\/strong><\/h5>\n<ul data-start=\"1179\" data-end=\"1266\">\n<li data-start=\"1179\" data-end=\"1223\">\n<p data-start=\"1181\" data-end=\"1223\">1 luna con osito \u2013 con o sin l\u00e1mpara LED<\/p>\n<\/li>\n<li data-start=\"1224\" data-end=\"1266\">\n<p data-start=\"1226\" data-end=\"1266\">1 peque\u00f1a nube \u2013 con o sin l\u00e1mpara LED<\/p>\n<\/li>\n<\/ul>\n","protected":false},"featured_media":22845,"template":"","meta":{"_acf_changed":false},"product_brand":[],"product_cat":[253],"product_tag":[],"class_list":{"0":"post-20675","1":"product","2":"type-product","3":"status-publish","4":"has-post-thumbnail","6":"product_cat-decoracion-mural-boucle","8":"first","9":"instock","10":"featured","11":"shipping-taxable","12":"purchasable","13":"product-type-variable"},"acf":[],"yoast_head":"<!-- This site is optimized with the Yoast SEO plugin v27.4 - https:\/\/yoast.com\/product\/yoast-seo-wordpress\/ -->\n<title>Set Luna con Osito y pequena nube<\/title>\n<meta name=\"description\" content=\"Transforma la habitaci\u00f3n de tu beb\u00e9 con nuestra decoraci\u00f3n de pared Boucl\u00e9 hecha a mano. Los materiales suaves y ecol\u00f3gicos y la iluminaci\u00f3n LED opcional crean un ambiente acogedor y relajante.\" \/>\n<meta name=\"robots\" content=\"index, follow, max-snippet:-1, max-image-preview:large, max-video-preview:-1\" \/>\n<link rel=\"canonical\" href=\"https:\/\/littleloua.com\/es\/producto\/set-luna-con-osito-y-pequena-nube\/\" \/>\n<meta property=\"og:locale\" content=\"es_ES\" \/>\n<meta property=\"og:type\" content=\"article\" \/>\n<meta property=\"og:title\" content=\"Set Luna con Osito y pequena nube\" \/>\n<meta property=\"og:description\" content=\"Transforma la habitaci\u00f3n de tu beb\u00e9 con nuestra decoraci\u00f3n de pared Boucl\u00e9 hecha a mano. Los materiales suaves y ecol\u00f3gicos y la iluminaci\u00f3n LED opcional crean un ambiente acogedor y relajante.\" \/>\n<meta property=\"og:url\" content=\"https:\/\/littleloua.com\/es\/producto\/set-luna-con-osito-y-pequena-nube\/\" \/>\n<meta property=\"og:site_name\" content=\"Little Loua\" \/>\n<meta property=\"article:publisher\" content=\"https:\/\/www.facebook.com\/littleloua\" \/>\n<meta property=\"article:modified_time\" content=\"2025-10-23T10:02:13+00:00\" \/>\n<meta property=\"og:image\" content=\"https:\/\/littleloua.com\/wp-content\/uploads\/2025\/10\/IMG_9528-4.jpg\" \/>\n\t<meta property=\"og:image:width\" content=\"1536\" \/>\n\t<meta property=\"og:image:height\" content=\"2048\" \/>\n\t<meta property=\"og:image:type\" content=\"image\/jpeg\" \/>\n<meta name=\"twitter:card\" content=\"summary_large_image\" \/>\n<meta name=\"twitter:label1\" content=\"Tiempo de lectura\" \/>\n\t<meta name=\"twitter:data1\" content=\"3 minutos\" \/>\n<script type=\"application\/ld+json\" class=\"yoast-schema-graph\">{\"@context\":\"https:\\\/\\\/schema.org\",\"@graph\":[{\"@type\":\"WebPage\",\"@id\":\"https:\\\/\\\/littleloua.com\\\/es\\\/producto\\\/set-luna-con-osito-y-pequena-nube\\\/\",\"url\":\"https:\\\/\\\/littleloua.com\\\/es\\\/producto\\\/set-luna-con-osito-y-pequena-nube\\\/\",\"name\":\"Set Luna con Osito y pequena nube\",\"isPartOf\":{\"@id\":\"https:\\\/\\\/littleloua.com\\\/es\\\/#website\"},\"primaryImageOfPage\":{\"@id\":\"https:\\\/\\\/littleloua.com\\\/es\\\/producto\\\/set-luna-con-osito-y-pequena-nube\\\/#primaryimage\"},\"image\":{\"@id\":\"https:\\\/\\\/littleloua.com\\\/es\\\/producto\\\/set-luna-con-osito-y-pequena-nube\\\/#primaryimage\"},\"thumbnailUrl\":\"https:\\\/\\\/littleloua.com\\\/wp-content\\\/uploads\\\/2025\\\/10\\\/IMG_9528-4.jpg\",\"datePublished\":\"2025-10-23T09:18:36+00:00\",\"dateModified\":\"2025-10-23T10:02:13+00:00\",\"description\":\"Transforma la habitaci\u00f3n de tu beb\u00e9 con nuestra decoraci\u00f3n de pared Boucl\u00e9 hecha a mano. Los materiales suaves y ecol\u00f3gicos y la iluminaci\u00f3n LED opcional crean un ambiente acogedor y relajante.\",\"breadcrumb\":{\"@id\":\"https:\\\/\\\/littleloua.com\\\/es\\\/producto\\\/set-luna-con-osito-y-pequena-nube\\\/#breadcrumb\"},\"inLanguage\":\"es\",\"potentialAction\":[{\"@type\":\"ReadAction\",\"target\":[\"https:\\\/\\\/littleloua.com\\\/es\\\/producto\\\/set-luna-con-osito-y-pequena-nube\\\/\"]}]},{\"@type\":\"ImageObject\",\"inLanguage\":\"es\",\"@id\":\"https:\\\/\\\/littleloua.com\\\/es\\\/producto\\\/set-luna-con-osito-y-pequena-nube\\\/#primaryimage\",\"url\":\"https:\\\/\\\/littleloua.com\\\/wp-content\\\/uploads\\\/2025\\\/10\\\/IMG_9528-4.jpg\",\"contentUrl\":\"https:\\\/\\\/littleloua.com\\\/wp-content\\\/uploads\\\/2025\\\/10\\\/IMG_9528-4.jpg\",\"width\":1536,\"height\":2048},{\"@type\":\"BreadcrumbList\",\"@id\":\"https:\\\/\\\/littleloua.com\\\/es\\\/producto\\\/set-luna-con-osito-y-pequena-nube\\\/#breadcrumb\",\"itemListElement\":[{\"@type\":\"ListItem\",\"position\":1,\"name\":\"Home\",\"item\":\"https:\\\/\\\/littleloua.com\\\/es\\\/\"},{\"@type\":\"ListItem\",\"position\":2,\"name\":\"Tienda\",\"item\":\"https:\\\/\\\/littleloua.com\\\/es\\\/tienda\\\/\"},{\"@type\":\"ListItem\",\"position\":3,\"name\":\"Set- Luna con Osito y Peque\u00f1a Nube\"}]},{\"@type\":\"WebSite\",\"@id\":\"https:\\\/\\\/littleloua.com\\\/es\\\/#website\",\"url\":\"https:\\\/\\\/littleloua.com\\\/es\\\/\",\"name\":\"Little Loua\",\"description\":\"Handmade Baby mobiles created with love\",\"potentialAction\":[{\"@type\":\"SearchAction\",\"target\":{\"@type\":\"EntryPoint\",\"urlTemplate\":\"https:\\\/\\\/littleloua.com\\\/es\\\/?s={search_term_string}\"},\"query-input\":{\"@type\":\"PropertyValueSpecification\",\"valueRequired\":true,\"valueName\":\"search_term_string\"}}],\"inLanguage\":\"es\"}]}<\/script>\n<!-- \/ Yoast SEO plugin. -->","yoast_head_json":{"title":"Set Luna con Osito y pequena nube","description":"Transforma la habitaci\u00f3n de tu beb\u00e9 con nuestra decoraci\u00f3n de pared Boucl\u00e9 hecha a mano. Los materiales suaves y ecol\u00f3gicos y la iluminaci\u00f3n LED opcional crean un ambiente acogedor y relajante.","robots":{"index":"index","follow":"follow","max-snippet":"max-snippet:-1","max-image-preview":"max-image-preview:large","max-video-preview":"max-video-preview:-1"},"canonical":"https:\/\/littleloua.com\/es\/producto\/set-luna-con-osito-y-pequena-nube\/","og_locale":"es_ES","og_type":"article","og_title":"Set Luna con Osito y pequena nube","og_description":"Transforma la habitaci\u00f3n de tu beb\u00e9 con nuestra decoraci\u00f3n de pared Boucl\u00e9 hecha a mano. Los materiales suaves y ecol\u00f3gicos y la iluminaci\u00f3n LED opcional crean un ambiente acogedor y relajante.","og_url":"https:\/\/littleloua.com\/es\/producto\/set-luna-con-osito-y-pequena-nube\/","og_site_name":"Little Loua","article_publisher":"https:\/\/www.facebook.com\/littleloua","article_modified_time":"2025-10-23T10:02:13+00:00","og_image":[{"width":1536,"height":2048,"url":"https:\/\/littleloua.com\/wp-content\/uploads\/2025\/10\/IMG_9528-4.jpg","type":"image\/jpeg"}],"twitter_card":"summary_large_image","twitter_misc":{"Tiempo de lectura":"3 minutos"},"schema":{"@context":"https:\/\/schema.org","@graph":[{"@type":"WebPage","@id":"https:\/\/littleloua.com\/es\/producto\/set-luna-con-osito-y-pequena-nube\/","url":"https:\/\/littleloua.com\/es\/producto\/set-luna-con-osito-y-pequena-nube\/","name":"Set Luna con Osito y pequena nube","isPartOf":{"@id":"https:\/\/littleloua.com\/es\/#website"},"primaryImageOfPage":{"@id":"https:\/\/littleloua.com\/es\/producto\/set-luna-con-osito-y-pequena-nube\/#primaryimage"},"image":{"@id":"https:\/\/littleloua.com\/es\/producto\/set-luna-con-osito-y-pequena-nube\/#primaryimage"},"thumbnailUrl":"https:\/\/littleloua.com\/wp-content\/uploads\/2025\/10\/IMG_9528-4.jpg","datePublished":"2025-10-23T09:18:36+00:00","dateModified":"2025-10-23T10:02:13+00:00","description":"Transforma la habitaci\u00f3n de tu beb\u00e9 con nuestra decoraci\u00f3n de pared Boucl\u00e9 hecha a mano. Los materiales suaves y ecol\u00f3gicos y la iluminaci\u00f3n LED opcional crean un ambiente acogedor y relajante.","breadcrumb":{"@id":"https:\/\/littleloua.com\/es\/producto\/set-luna-con-osito-y-pequena-nube\/#breadcrumb"},"inLanguage":"es","potentialAction":[{"@type":"ReadAction","target":["https:\/\/littleloua.com\/es\/producto\/set-luna-con-osito-y-pequena-nube\/"]}]},{"@type":"ImageObject","inLanguage":"es","@id":"https:\/\/littleloua.com\/es\/producto\/set-luna-con-osito-y-pequena-nube\/#primaryimage","url":"https:\/\/littleloua.com\/wp-content\/uploads\/2025\/10\/IMG_9528-4.jpg","contentUrl":"https:\/\/littleloua.com\/wp-content\/uploads\/2025\/10\/IMG_9528-4.jpg","width":1536,"height":2048},{"@type":"BreadcrumbList","@id":"https:\/\/littleloua.com\/es\/producto\/set-luna-con-osito-y-pequena-nube\/#breadcrumb","itemListElement":[{"@type":"ListItem","position":1,"name":"Home","item":"https:\/\/littleloua.com\/es\/"},{"@type":"ListItem","position":2,"name":"Tienda","item":"https:\/\/littleloua.com\/es\/tienda\/"},{"@type":"ListItem","position":3,"name":"Set- Luna con Osito y Peque\u00f1a Nube"}]},{"@type":"WebSite","@id":"https:\/\/littleloua.com\/es\/#website","url":"https:\/\/littleloua.com\/es\/","name":"Little Loua","description":"Handmade Baby mobiles created with love","potentialAction":[{"@type":"SearchAction","target":{"@type":"EntryPoint","urlTemplate":"https:\/\/littleloua.com\/es\/?s={search_term_string}"},"query-input":{"@type":"PropertyValueSpecification","valueRequired":true,"valueName":"search_term_string"}}],"inLanguage":"es"}]}},"_links":{"self":[{"href":"https:\/\/littleloua.com\/es\/wp-json\/wp\/v2\/product\/20675","targetHints":{"allow":["GET"]}}],"collection":[{"href":"https:\/\/littleloua.com\/es\/wp-json\/wp\/v2\/product"}],"about":[{"href":"https:\/\/littleloua.com\/es\/wp-json\/wp\/v2\/types\/product"}],"version-history":[{"count":3,"href":"https:\/\/littleloua.com\/es\/wp-json\/wp\/v2\/product\/20675\/revisions"}],"predecessor-version":[{"id":20757,"href":"https:\/\/littleloua.com\/es\/wp-json\/wp\/v2\/product\/20675\/revisions\/20757"}],"wp:featuredmedia":[{"embeddable":true,"href":"https:\/\/littleloua.com\/es\/wp-json\/wp\/v2\/media\/22845"}],"wp:attachment":[{"href":"https:\/\/littleloua.com\/es\/wp-json\/wp\/v2\/media?parent=20675"}],"wp:term":[{"taxonomy":"product_brand","embeddable":true,"href":"https:\/\/littleloua.com\/es\/wp-json\/wp\/v2\/product_brand?post=20675"},{"taxonomy":"product_cat","embeddable":true,"href":"https:\/\/littleloua.com\/es\/wp-json\/wp\/v2\/product_cat?post=20675"},{"taxonomy":"product_tag","embeddable":true,"href":"https:\/\/littleloua.com\/es\/wp-json\/wp\/v2\/product_tag?post=20675"}],"curies":[{"name":"wp","href":"https:\/\/api.w.org\/{rel}","templated":true}]}}