{"id":20215,"date":"2025-10-16T14:20:45","date_gmt":"2025-10-16T12:20:45","guid":{"rendered":"https:\/\/littleloua.com\/?post_type=product&#038;p=20215"},"modified":"2025-10-16T15:00:59","modified_gmt":"2025-10-16T13:00:59","slug":"hecho-a-mano-luna-aplique-de-pared","status":"publish","type":"product","link":"https:\/\/littleloua.com\/es\/producto\/hecho-a-mano-luna-aplique-de-pared\/","title":{"rendered":"Hecho a mano Luna Aplique de pared"},"content":{"rendered":"<h2>Hecho a mano Luna aplique de pared<\/h2>\n<p>A\u00f1ade un toque de magia y calidez a la habitaci\u00f3n infantil o de juegos de tu hijo con nuestra <strong>Decoraci\u00f3n de Pared Boucl\u00e9 Luna<\/strong>. Hecho a mano con amor, este precioso adorno de pared con forma de nube est\u00e1 fabricado con madera de alta calidad tratada ecol\u00f3gicamente y suave tejido boucl\u00e9, que ofrece una textura acogedora y suave, perfecta para las manitas. Tanto si est\u00e1s dise\u00f1ando una serena habitaci\u00f3n de beb\u00e9 como una caprichosa zona de juegos, esta decoraci\u00f3n en forma de luna proporciona un reconfortante resplandor ambiental con su iluminaci\u00f3n LED opcional, lo que la hace ideal para crear una tranquila atm\u00f3sfera a la hora de dormir.<\/p>\n<p><strong>Caracter\u00edsticas:<\/strong><\/p>\n<ul>\n<li><strong>Dise\u00f1o suave y acogedor<\/strong>: Hecho de tela y recubierto de suave tejido boucl\u00e9, este arte mural en forma de luna es suave al tacto, proporcionando una experiencia sensorial relajante a tu beb\u00e9.<\/li>\n<li><strong>Ecol\u00f3gico y seguro<\/strong>: Fabricada con madera natural certificada y materiales no t\u00f3xicos, nuestra decoraci\u00f3n de pared es duradera y segura para los m\u00e1s peque\u00f1os.<\/li>\n<li><strong>Iluminaci\u00f3n LED opcional<\/strong>: La decoraci\u00f3n de nubes viene con una opci\u00f3n de luz LED opcional, que emite un suave y c\u00e1lido resplandor que a\u00f1ade una presencia pac\u00edfica y reconfortante a la habitaci\u00f3n de tu hijo, perfecta para el confort nocturno.<\/li>\n<li><strong>Colores y telas personalizables<\/strong>: Aunque el color por defecto es un blanco suave, puedes ponerte en contacto con nosotros para explorar diversas opciones de colores y telas que combinen con el tema de tu cuarto infantil. (Ten en cuenta un tiempo de espera m\u00e1s largo)<\/li>\n<li><strong>Perfecto para cualquier habitaci\u00f3n<\/strong>: Tanto si eliges s\u00f3lo la Luna como un conjunto de nube y luna a juego, esta decoraci\u00f3n de pared es el complemento perfecto para cualquier habitaci\u00f3n de beb\u00e9, habitaci\u00f3n infantil o cuarto de juegos.<\/li>\n<\/ul>\n<h3><strong>Dimensiones del producto:<\/strong><\/h3>\n<ul>\n<li><strong>Luna: 38 cm de largo \u00d7 25 cm de alto<br \/>\n<\/strong><strong><br \/>\nConsejo de seguridad<\/strong>: Por razones de seguridad, recomendamos sujetar los cables y alambres contra la pared, o utilizar cubiertas para cables, especialmente para las familias con ni\u00f1os peque\u00f1os.<\/li>\n<\/ul>\n<p><strong>\u00bfPor qu\u00e9 elegir la decoraci\u00f3n de pared Boucl\u00e9 de Luna de Little Loua?<\/strong><\/p>\n<ul>\n<li><strong>Caprichoso y pr\u00e1ctico<\/strong>: Una mezcla de dise\u00f1o encantador y funcionalidad, esta decoraci\u00f3n transforma cualquier habitaci\u00f3n en un espacio tranquilo y acogedor para beb\u00e9s y ni\u00f1os peque\u00f1os.<\/li>\n<li><strong>Hecho a mano con amor<\/strong>: Cada pieza est\u00e1 hecha a mano con cari\u00f1o para garantizar una artesan\u00eda \u00fanica y de alta calidad que seguro que te encantar\u00e1.<\/li>\n<li><strong>Sostenible y seguro<\/strong>: Nuestros materiales se seleccionan cuidadosamente para que sean respetuosos con el medio ambiente y seguros, proporcionando tranquilidad a los padres.<\/li>\n<\/ul>\n<p>Regala a tu hijo comodidad y estilo con nuestra Decoraci\u00f3n de Pared Boucl\u00e9 Nube. Es el toque perfecto para crear un ambiente tranquilo y so\u00f1ador en cualquier habitaci\u00f3n de beb\u00e9 o cuarto infantil.<\/p>\n<p>\u00a1<strong>Haz tu pedido ahora<\/strong> y haz que el espacio de tu peque\u00f1o sea a\u00fan m\u00e1s especial con esta acogedora y adorable decoraci\u00f3n de pared!<\/p>\n","protected":false},"excerpt":{"rendered":"<p>A\u00f1ade un toque de magia y calidez a la habitaci\u00f3n infantil o de juegos de tu hijo con nuestra <strong>Decoraci\u00f3n de Pared Boucl\u00e9 Luna<\/strong>. Hecho a mano con amor, este precioso adorno de pared con forma de nube est\u00e1 fabricado con madera de alta calidad tratada ecol\u00f3gicamente y suave tejido boucl\u00e9, que ofrece una textura acogedora y suave, perfecta para las manitas. Tanto si est\u00e1s dise\u00f1ando una serena habitaci\u00f3n de beb\u00e9 como una caprichosa zona de juegos, esta decoraci\u00f3n en forma de luna proporciona un reconfortante resplandor ambiental con su iluminaci\u00f3n LED opcional, lo que la hace ideal para crear una tranquila atm\u00f3sfera a la hora de dormir.<\/p>\n","protected":false},"featured_media":20228,"template":"","meta":{"_acf_changed":false},"product_brand":[],"product_cat":[253],"product_tag":[],"class_list":{"0":"post-20215","1":"product","2":"type-product","3":"status-publish","4":"has-post-thumbnail","6":"product_cat-decoracion-mural-boucle","8":"first","9":"instock","10":"featured","11":"shipping-taxable","12":"product-type-variable"},"acf":[],"yoast_head":"<!-- This site is optimized with the Yoast SEO plugin v26.2 - https:\/\/yoast.com\/wordpress\/plugins\/seo\/ -->\n<title>Luna Boucl\u00e9 Decoraci\u00f3n de Pared para Habitaci\u00f3n de Beb\u00e9<\/title>\n<meta name=\"description\" content=\"Transforma la habitaci\u00f3n de tu beb\u00e9 con nuestra decoraci\u00f3n de pared Boucl\u00e9 Luna hecha a mano. Los materiales suaves y ecol\u00f3gicos y la iluminaci\u00f3n LED opcional crean un ambiente acogedor y relajante.\" \/>\n<meta name=\"robots\" content=\"index, follow, max-snippet:-1, max-image-preview:large, max-video-preview:-1\" \/>\n<link rel=\"canonical\" href=\"https:\/\/littleloua.com\/es\/producto\/hecho-a-mano-luna-aplique-de-pared\/\" \/>\n<meta property=\"og:locale\" content=\"es_ES\" \/>\n<meta property=\"og:type\" content=\"article\" \/>\n<meta property=\"og:title\" content=\"Luna Boucl\u00e9 Decoraci\u00f3n de Pared para Habitaci\u00f3n de Beb\u00e9\" \/>\n<meta property=\"og:description\" content=\"Transforma la habitaci\u00f3n de tu beb\u00e9 con nuestra decoraci\u00f3n de pared Boucl\u00e9 Luna hecha a mano. Los materiales suaves y ecol\u00f3gicos y la iluminaci\u00f3n LED opcional crean un ambiente acogedor y relajante.\" \/>\n<meta property=\"og:url\" content=\"https:\/\/littleloua.com\/es\/producto\/hecho-a-mano-luna-aplique-de-pared\/\" \/>\n<meta property=\"og:site_name\" content=\"Little Loua\" \/>\n<meta property=\"article:publisher\" content=\"https:\/\/www.facebook.com\/littleloua\" \/>\n<meta property=\"article:modified_time\" content=\"2025-10-16T13:00:59+00:00\" \/>\n<meta property=\"og:image\" content=\"https:\/\/littleloua.com\/wp-content\/uploads\/2025\/10\/IMG_9523-3.jpg\" \/>\n\t<meta property=\"og:image:width\" content=\"1403\" \/>\n\t<meta property=\"og:image:height\" content=\"1871\" \/>\n\t<meta property=\"og:image:type\" content=\"image\/jpeg\" \/>\n<meta name=\"twitter:card\" content=\"summary_large_image\" \/>\n<meta name=\"twitter:label1\" content=\"Tiempo de lectura\" \/>\n\t<meta name=\"twitter:data1\" content=\"3 minutos\" \/>\n<script type=\"application\/ld+json\" class=\"yoast-schema-graph\">{\"@context\":\"https:\/\/schema.org\",\"@graph\":[{\"@type\":\"WebPage\",\"@id\":\"https:\/\/littleloua.com\/es\/producto\/hecho-a-mano-luna-aplique-de-pared\/\",\"url\":\"https:\/\/littleloua.com\/es\/producto\/hecho-a-mano-luna-aplique-de-pared\/\",\"name\":\"Luna Boucl\u00e9 Decoraci\u00f3n de Pared para Habitaci\u00f3n de Beb\u00e9\",\"isPartOf\":{\"@id\":\"https:\/\/littleloua.com\/es\/#website\"},\"primaryImageOfPage\":{\"@id\":\"https:\/\/littleloua.com\/es\/producto\/hecho-a-mano-luna-aplique-de-pared\/#primaryimage\"},\"image\":{\"@id\":\"https:\/\/littleloua.com\/es\/producto\/hecho-a-mano-luna-aplique-de-pared\/#primaryimage\"},\"thumbnailUrl\":\"https:\/\/littleloua.com\/wp-content\/uploads\/2025\/10\/IMG_9523-3.jpg\",\"datePublished\":\"2025-10-16T12:20:45+00:00\",\"dateModified\":\"2025-10-16T13:00:59+00:00\",\"description\":\"Transforma la habitaci\u00f3n de tu beb\u00e9 con nuestra decoraci\u00f3n de pared Boucl\u00e9 Luna hecha a mano. Los materiales suaves y ecol\u00f3gicos y la iluminaci\u00f3n LED opcional crean un ambiente acogedor y relajante.\",\"breadcrumb\":{\"@id\":\"https:\/\/littleloua.com\/es\/producto\/hecho-a-mano-luna-aplique-de-pared\/#breadcrumb\"},\"inLanguage\":\"es\",\"potentialAction\":[{\"@type\":\"ReadAction\",\"target\":[\"https:\/\/littleloua.com\/es\/producto\/hecho-a-mano-luna-aplique-de-pared\/\"]}]},{\"@type\":\"ImageObject\",\"inLanguage\":\"es\",\"@id\":\"https:\/\/littleloua.com\/es\/producto\/hecho-a-mano-luna-aplique-de-pared\/#primaryimage\",\"url\":\"https:\/\/littleloua.com\/wp-content\/uploads\/2025\/10\/IMG_9523-3.jpg\",\"contentUrl\":\"https:\/\/littleloua.com\/wp-content\/uploads\/2025\/10\/IMG_9523-3.jpg\",\"width\":1403,\"height\":1871},{\"@type\":\"BreadcrumbList\",\"@id\":\"https:\/\/littleloua.com\/es\/producto\/hecho-a-mano-luna-aplique-de-pared\/#breadcrumb\",\"itemListElement\":[{\"@type\":\"ListItem\",\"position\":1,\"name\":\"Home\",\"item\":\"https:\/\/littleloua.com\/es\/inicio-2\/\"},{\"@type\":\"ListItem\",\"position\":2,\"name\":\"Tienda\",\"item\":\"https:\/\/littleloua.com\/es\/tienda\/\"},{\"@type\":\"ListItem\",\"position\":3,\"name\":\"Hecho a mano Luna Aplique de pared\"}]},{\"@type\":\"WebSite\",\"@id\":\"https:\/\/littleloua.com\/es\/#website\",\"url\":\"https:\/\/littleloua.com\/es\/\",\"name\":\"Little Loua\",\"description\":\"Handmade Baby mobiles created with love\",\"potentialAction\":[{\"@type\":\"SearchAction\",\"target\":{\"@type\":\"EntryPoint\",\"urlTemplate\":\"https:\/\/littleloua.com\/es\/?s={search_term_string}\"},\"query-input\":{\"@type\":\"PropertyValueSpecification\",\"valueRequired\":true,\"valueName\":\"search_term_string\"}}],\"inLanguage\":\"es\"}]}<\/script>\n<!-- \/ Yoast SEO plugin. -->","yoast_head_json":{"title":"Luna Boucl\u00e9 Decoraci\u00f3n de Pared para Habitaci\u00f3n de Beb\u00e9","description":"Transforma la habitaci\u00f3n de tu beb\u00e9 con nuestra decoraci\u00f3n de pared Boucl\u00e9 Luna hecha a mano. Los materiales suaves y ecol\u00f3gicos y la iluminaci\u00f3n LED opcional crean un ambiente acogedor y relajante.","robots":{"index":"index","follow":"follow","max-snippet":"max-snippet:-1","max-image-preview":"max-image-preview:large","max-video-preview":"max-video-preview:-1"},"canonical":"https:\/\/littleloua.com\/es\/producto\/hecho-a-mano-luna-aplique-de-pared\/","og_locale":"es_ES","og_type":"article","og_title":"Luna Boucl\u00e9 Decoraci\u00f3n de Pared para Habitaci\u00f3n de Beb\u00e9","og_description":"Transforma la habitaci\u00f3n de tu beb\u00e9 con nuestra decoraci\u00f3n de pared Boucl\u00e9 Luna hecha a mano. Los materiales suaves y ecol\u00f3gicos y la iluminaci\u00f3n LED opcional crean un ambiente acogedor y relajante.","og_url":"https:\/\/littleloua.com\/es\/producto\/hecho-a-mano-luna-aplique-de-pared\/","og_site_name":"Little Loua","article_publisher":"https:\/\/www.facebook.com\/littleloua","article_modified_time":"2025-10-16T13:00:59+00:00","og_image":[{"width":1403,"height":1871,"url":"https:\/\/littleloua.com\/wp-content\/uploads\/2025\/10\/IMG_9523-3.jpg","type":"image\/jpeg"}],"twitter_card":"summary_large_image","twitter_misc":{"Tiempo de lectura":"3 minutos"},"schema":{"@context":"https:\/\/schema.org","@graph":[{"@type":"WebPage","@id":"https:\/\/littleloua.com\/es\/producto\/hecho-a-mano-luna-aplique-de-pared\/","url":"https:\/\/littleloua.com\/es\/producto\/hecho-a-mano-luna-aplique-de-pared\/","name":"Luna Boucl\u00e9 Decoraci\u00f3n de Pared para Habitaci\u00f3n de Beb\u00e9","isPartOf":{"@id":"https:\/\/littleloua.com\/es\/#website"},"primaryImageOfPage":{"@id":"https:\/\/littleloua.com\/es\/producto\/hecho-a-mano-luna-aplique-de-pared\/#primaryimage"},"image":{"@id":"https:\/\/littleloua.com\/es\/producto\/hecho-a-mano-luna-aplique-de-pared\/#primaryimage"},"thumbnailUrl":"https:\/\/littleloua.com\/wp-content\/uploads\/2025\/10\/IMG_9523-3.jpg","datePublished":"2025-10-16T12:20:45+00:00","dateModified":"2025-10-16T13:00:59+00:00","description":"Transforma la habitaci\u00f3n de tu beb\u00e9 con nuestra decoraci\u00f3n de pared Boucl\u00e9 Luna hecha a mano. Los materiales suaves y ecol\u00f3gicos y la iluminaci\u00f3n LED opcional crean un ambiente acogedor y relajante.","breadcrumb":{"@id":"https:\/\/littleloua.com\/es\/producto\/hecho-a-mano-luna-aplique-de-pared\/#breadcrumb"},"inLanguage":"es","potentialAction":[{"@type":"ReadAction","target":["https:\/\/littleloua.com\/es\/producto\/hecho-a-mano-luna-aplique-de-pared\/"]}]},{"@type":"ImageObject","inLanguage":"es","@id":"https:\/\/littleloua.com\/es\/producto\/hecho-a-mano-luna-aplique-de-pared\/#primaryimage","url":"https:\/\/littleloua.com\/wp-content\/uploads\/2025\/10\/IMG_9523-3.jpg","contentUrl":"https:\/\/littleloua.com\/wp-content\/uploads\/2025\/10\/IMG_9523-3.jpg","width":1403,"height":1871},{"@type":"BreadcrumbList","@id":"https:\/\/littleloua.com\/es\/producto\/hecho-a-mano-luna-aplique-de-pared\/#breadcrumb","itemListElement":[{"@type":"ListItem","position":1,"name":"Home","item":"https:\/\/littleloua.com\/es\/inicio-2\/"},{"@type":"ListItem","position":2,"name":"Tienda","item":"https:\/\/littleloua.com\/es\/tienda\/"},{"@type":"ListItem","position":3,"name":"Hecho a mano Luna Aplique de pared"}]},{"@type":"WebSite","@id":"https:\/\/littleloua.com\/es\/#website","url":"https:\/\/littleloua.com\/es\/","name":"Little Loua","description":"Handmade Baby mobiles created with love","potentialAction":[{"@type":"SearchAction","target":{"@type":"EntryPoint","urlTemplate":"https:\/\/littleloua.com\/es\/?s={search_term_string}"},"query-input":{"@type":"PropertyValueSpecification","valueRequired":true,"valueName":"search_term_string"}}],"inLanguage":"es"}]}},"_links":{"self":[{"href":"https:\/\/littleloua.com\/es\/wp-json\/wp\/v2\/product\/20215","targetHints":{"allow":["GET"]}}],"collection":[{"href":"https:\/\/littleloua.com\/es\/wp-json\/wp\/v2\/product"}],"about":[{"href":"https:\/\/littleloua.com\/es\/wp-json\/wp\/v2\/types\/product"}],"version-history":[{"count":2,"href":"https:\/\/littleloua.com\/es\/wp-json\/wp\/v2\/product\/20215\/revisions"}],"predecessor-version":[{"id":20255,"href":"https:\/\/littleloua.com\/es\/wp-json\/wp\/v2\/product\/20215\/revisions\/20255"}],"wp:featuredmedia":[{"embeddable":true,"href":"https:\/\/littleloua.com\/es\/wp-json\/wp\/v2\/media\/20228"}],"wp:attachment":[{"href":"https:\/\/littleloua.com\/es\/wp-json\/wp\/v2\/media?parent=20215"}],"wp:term":[{"taxonomy":"product_brand","embeddable":true,"href":"https:\/\/littleloua.com\/es\/wp-json\/wp\/v2\/product_brand?post=20215"},{"taxonomy":"product_cat","embeddable":true,"href":"https:\/\/littleloua.com\/es\/wp-json\/wp\/v2\/product_cat?post=20215"},{"taxonomy":"product_tag","embeddable":true,"href":"https:\/\/littleloua.com\/es\/wp-json\/wp\/v2\/product_tag?post=20215"}],"curies":[{"name":"wp","href":"https:\/\/api.w.org\/{rel}","templated":true}]}}