{"id":20108,"date":"2025-09-24T15:31:23","date_gmt":"2025-09-24T13:31:23","guid":{"rendered":"https:\/\/littleloua.com\/?post_type=product&#038;p=20108"},"modified":"2026-04-14T11:12:40","modified_gmt":"2026-04-14T09:12:40","slug":"movil-de-otono-hecho-a-mano","status":"publish","type":"product","link":"https:\/\/littleloua.com\/es\/producto\/movil-de-otono-hecho-a-mano\/","title":{"rendered":"M\u00f3vil de otono hecho a mano"},"content":{"rendered":"<h1 data-start=\"59\" data-end=\"101\"><strong data-start=\"59\" data-end=\"101\">M\u00f3vil de Otono hecho a mano para beb\u00e9<\/strong><\/h1>\n<p data-start=\"103\" data-end=\"463\">Crea un ambiente so\u00f1ador y relajante para tu peque\u00f1o con nuestro precioso m\u00f3vil para beb\u00e9. Este m\u00f3vil de otono decorado con hojas de oto\u00f1o, nueces y setas. Todos los elementos cuelgan de forma segura de un aro de madera con cuerdas duraderas.<br data-start=\"367\" data-end=\"370\" \/>Perfecto para los primeros meses, cuando el beb\u00e9 pasa mucho tiempo en la cuna o en el parque.<\/p>\n<p data-start=\"465\" data-end=\"668\"><strong data-start=\"465\" data-end=\"529\">Atenci\u00f3n: Este precio incluye \u00fanicamente el m\u00f3vil para beb\u00e9.<\/strong><br data-start=\"529\" data-end=\"532\" \/>\u00bfQuieres el paquete completo con caja de m\u00fasica y brazo soporte? Puedes a\u00f1adirlos en el apartado \u00abset completo\u00bb con un bonito descuento.<\/p>\n<h3 data-start=\"675\" data-end=\"719\">Un m\u00f3vil ecol\u00f3gico y artesanal de madera<\/h3>\n<p data-start=\"721\" data-end=\"911\">Nuestro m\u00f3vil de Otono es mucho m\u00e1s que una simple decoraci\u00f3n. Gracias a la artesan\u00eda de alta calidad y a los materiales sostenibles, es el complemento perfecto para la habitaci\u00f3n del beb\u00e9:<\/p>\n<ul data-start=\"913\" data-end=\"1668\">\n<li data-start=\"913\" data-end=\"1080\">\n<p data-start=\"915\" data-end=\"1080\"><strong data-start=\"915\" data-end=\"942\">Dimensiones armoniosas:<\/strong> Con un generoso di\u00e1metro de 24 cm y una altura de 50 cm, este m\u00f3vil ha sido cuidadosamente dise\u00f1ado para captar la atenci\u00f3n de tu beb\u00e9.<\/p>\n<\/li>\n<li data-start=\"1081\" data-end=\"1352\">\n<p data-start=\"1083\" data-end=\"1352\"><strong data-start=\"1083\" data-end=\"1128\">Materiales ecol\u00f3gicos de primera calidad:<\/strong> Priorizamos la sostenibilidad utilizando materiales de alta gama como fieltro, tela boucl\u00e9, hilo de algod\u00f3n y madera, combinados con relleno hipoalerg\u00e9nico. La seguridad y comodidad de tu beb\u00e9 son nuestra mayor prioridad.<\/p>\n<\/li>\n<li data-start=\"1353\" data-end=\"1516\">\n<p data-start=\"1355\" data-end=\"1516\"><strong data-start=\"1355\" data-end=\"1375\">Dise\u00f1o elegante:<\/strong> Su dise\u00f1o elegante a\u00f1ade un toque de sofisticaci\u00f3n a la habitaci\u00f3n del beb\u00e9, convirti\u00e9ndolo en una opci\u00f3n con estilo para padres modernos.<\/p>\n<\/li>\n<li data-start=\"1517\" data-end=\"1668\">\n<p data-start=\"1519\" data-end=\"1668\"><strong data-start=\"1519\" data-end=\"1554\">Elementos \u00fanicos hechos a mano:<\/strong> Cada m\u00f3vil es \u00fanico, con elementos cosidos a mano que reflejan el cuidado y la artesan\u00eda detr\u00e1s de cada creaci\u00f3n.<\/p>\n<\/li>\n<\/ul>\n<h3 data-start=\"1675\" data-end=\"1716\">Sobre nuestras creaciones artesanales<\/h3>\n<p data-start=\"1718\" data-end=\"2062\">Cada art\u00edculo que realizamos es \u00fanico y hecho a mano. Aunque intentamos que las fotos de nuestras descripciones se asemejen lo m\u00e1ximo posible al producto real, pueden existir peque\u00f1as variaciones en los colores o en las costuras entre una pieza y otra. Esto se debe a que cada art\u00edculo se elabora uno por uno, de forma artesanal, no industrial.<\/p>\n<p data-start=\"2064\" data-end=\"2294\">Para conservar el aspecto de tu m\u00f3vil de granja, recomendamos no lavarlo. El m\u00f3vil ha sido cuidadosamente limpiado antes del env\u00edo, por lo que llegar\u00e1 en perfectas condiciones. Puedes pasarle un pa\u00f1o h\u00famedo para mantenerlo limpio.<\/p>\n<p data-start=\"2296\" data-end=\"2415\">Si tienes preguntas o necesitas ayuda, no dudes en ponerte en contacto con nosotros. \u00a1Estaremos encantados de ayudarte!<\/p>\n<h3 data-start=\"2422\" data-end=\"2484\">Recomendaciones de seguridad sobre nuestro otono<\/h3>\n<p data-start=\"2422\" data-end=\"2484\"><span style=\"color: #333333; font-size: 16px;\">Nuestros m\u00f3viles est\u00e1n dise\u00f1ados con fines decorativos y no deben utilizarse como juguetes. Es muy importante mantener el m\u00f3vil fuera del alcance del beb\u00e9 en todo momento. Cuelga el m\u00f3vil de forma segura sobre la cuna, a una altura suficiente para que el beb\u00e9 no pueda tocarlo. Ret\u00edralo o cu\u00e9lgalo m\u00e1s alto en cuanto el beb\u00e9 pueda sentarse, gatear o ponerse de pie.<\/span><\/p>\n<p data-start=\"2853\" data-end=\"3091\">Cuando cuelgues el m\u00f3vil, aseg\u00farate de que tu beb\u00e9 lo vea bien. Por eso, lo mejor es colocarlo en el centro de la cuna para una experiencia visual \u00f3ptima. Si cuelga justo sobre la cabeza del beb\u00e9, ser\u00e1 dif\u00edcil que pueda ver las figuritas.<\/p>\n<h3 data-start=\"3098\" data-end=\"3120\">El regalo perfecto<\/h3>\n<p data-start=\"3122\" data-end=\"3240\">Este m\u00f3vil para beb\u00e9 es el regalo de nacimiento ideal. Hazlo a\u00fan m\u00e1s especial personaliz\u00e1ndolo con el nombre del beb\u00e9.<\/p>\n<p data-start=\"3242\" data-end=\"3312\"><strong data-start=\"3242\" data-end=\"3312\">Adem\u00e1s, ofrecemos env\u00edo gratuito a partir de 100,00 EUR de compra.<\/strong><\/p>\n","protected":false},"excerpt":{"rendered":"<p data-start=\"103\" data-end=\"463\">Crea un ambiente so\u00f1ador y relajante para tu peque\u00f1o con nuestro precioso m\u00f3vil para beb\u00e9. Este m\u00f3vil de otono decorado con hojas de oto\u00f1o, nueces y setas. Todos los elementos cuelgan de forma segura de un aro de madera con cuerdas duraderas.<br data-start=\"367\" data-end=\"370\" \/>Perfecto para los primeros meses, cuando el beb\u00e9 pasa mucho tiempo en la cuna o en el parque.<\/p>\n<p data-start=\"465\" data-end=\"668\"><strong data-start=\"465\" data-end=\"529\">Atenci\u00f3n: Este precio incluye \u00fanicamente el m\u00f3vil para beb\u00e9.<\/strong><br data-start=\"529\" data-end=\"532\" \/>\u00bfQuieres el paquete completo con caja de m\u00fasica y brazo soporte? Puedes a\u00f1adirlos en el apartado \u00abset completo\u00bb con un bonito descuento.<\/p>\n","protected":false},"featured_media":20065,"template":"","meta":{"_acf_changed":false},"product_brand":[],"product_cat":[120],"product_tag":[116,330,117,115],"class_list":{"0":"post-20108","1":"product","2":"type-product","3":"status-publish","4":"has-post-thumbnail","6":"product_cat-movile-cuna","7":"product_tag-canalizable","8":"product_tag-discount","9":"product_tag-ds-es","10":"product_tag-engels-es","11":"pa_limited-edition-limited-edition-es","13":"first","14":"instock","15":"shipping-taxable","16":"purchasable","17":"product-type-simple"},"acf":[],"yoast_head":"<!-- This site is optimized with the Yoast SEO plugin v27.4 - https:\/\/yoast.com\/product\/yoast-seo-wordpress\/ -->\n<title>Otono Hecho a Mano | Little Loua<\/title>\n<meta name=\"description\" content=\"A\u00f1ade encanto y alegr\u00eda a la cuna de tu beb\u00e9 con nuestro movil de Otono de Madera Hecho a Mano.\" \/>\n<meta name=\"robots\" content=\"index, follow, max-snippet:-1, max-image-preview:large, max-video-preview:-1\" \/>\n<link rel=\"canonical\" href=\"https:\/\/littleloua.com\/es\/producto\/movil-de-otono-hecho-a-mano\/\" \/>\n<meta property=\"og:locale\" content=\"es_ES\" \/>\n<meta property=\"og:type\" content=\"article\" \/>\n<meta property=\"og:title\" content=\"Otono Hecho a Mano | Little Loua\" \/>\n<meta property=\"og:description\" content=\"A\u00f1ade encanto y alegr\u00eda a la cuna de tu beb\u00e9 con nuestro movil de Otono de Madera Hecho a Mano.\" \/>\n<meta property=\"og:url\" content=\"https:\/\/littleloua.com\/es\/producto\/movil-de-otono-hecho-a-mano\/\" \/>\n<meta property=\"og:site_name\" content=\"Little Loua\" \/>\n<meta property=\"article:publisher\" content=\"https:\/\/www.facebook.com\/littleloua\" \/>\n<meta property=\"article:modified_time\" content=\"2026-04-14T09:12:40+00:00\" \/>\n<meta property=\"og:image\" content=\"https:\/\/littleloua.com\/wp-content\/uploads\/2025\/09\/6CFFC101-266F-41A9-BF48-D1CA78D5D6DB-3-scaled.jpg\" \/>\n\t<meta property=\"og:image:width\" content=\"1707\" \/>\n\t<meta property=\"og:image:height\" content=\"2560\" \/>\n\t<meta property=\"og:image:type\" content=\"image\/jpeg\" \/>\n<meta name=\"twitter:card\" content=\"summary_large_image\" \/>\n<meta name=\"twitter:label1\" content=\"Tiempo de lectura\" \/>\n\t<meta name=\"twitter:data1\" content=\"3 minutos\" \/>\n<script type=\"application\/ld+json\" class=\"yoast-schema-graph\">{\"@context\":\"https:\\\/\\\/schema.org\",\"@graph\":[{\"@type\":\"WebPage\",\"@id\":\"https:\\\/\\\/littleloua.com\\\/es\\\/producto\\\/movil-de-otono-hecho-a-mano\\\/\",\"url\":\"https:\\\/\\\/littleloua.com\\\/es\\\/producto\\\/movil-de-otono-hecho-a-mano\\\/\",\"name\":\"Otono Hecho a Mano | Little Loua\",\"isPartOf\":{\"@id\":\"https:\\\/\\\/littleloua.com\\\/es\\\/#website\"},\"primaryImageOfPage\":{\"@id\":\"https:\\\/\\\/littleloua.com\\\/es\\\/producto\\\/movil-de-otono-hecho-a-mano\\\/#primaryimage\"},\"image\":{\"@id\":\"https:\\\/\\\/littleloua.com\\\/es\\\/producto\\\/movil-de-otono-hecho-a-mano\\\/#primaryimage\"},\"thumbnailUrl\":\"https:\\\/\\\/littleloua.com\\\/wp-content\\\/uploads\\\/2025\\\/09\\\/6CFFC101-266F-41A9-BF48-D1CA78D5D6DB-3-scaled.jpg\",\"datePublished\":\"2025-09-24T13:31:23+00:00\",\"dateModified\":\"2026-04-14T09:12:40+00:00\",\"description\":\"A\u00f1ade encanto y alegr\u00eda a la cuna de tu beb\u00e9 con nuestro movil de Otono de Madera Hecho a Mano.\",\"breadcrumb\":{\"@id\":\"https:\\\/\\\/littleloua.com\\\/es\\\/producto\\\/movil-de-otono-hecho-a-mano\\\/#breadcrumb\"},\"inLanguage\":\"es\",\"potentialAction\":[{\"@type\":\"ReadAction\",\"target\":[\"https:\\\/\\\/littleloua.com\\\/es\\\/producto\\\/movil-de-otono-hecho-a-mano\\\/\"]}]},{\"@type\":\"ImageObject\",\"inLanguage\":\"es\",\"@id\":\"https:\\\/\\\/littleloua.com\\\/es\\\/producto\\\/movil-de-otono-hecho-a-mano\\\/#primaryimage\",\"url\":\"https:\\\/\\\/littleloua.com\\\/wp-content\\\/uploads\\\/2025\\\/09\\\/6CFFC101-266F-41A9-BF48-D1CA78D5D6DB-3-scaled.jpg\",\"contentUrl\":\"https:\\\/\\\/littleloua.com\\\/wp-content\\\/uploads\\\/2025\\\/09\\\/6CFFC101-266F-41A9-BF48-D1CA78D5D6DB-3-scaled.jpg\",\"width\":1707,\"height\":2560},{\"@type\":\"BreadcrumbList\",\"@id\":\"https:\\\/\\\/littleloua.com\\\/es\\\/producto\\\/movil-de-otono-hecho-a-mano\\\/#breadcrumb\",\"itemListElement\":[{\"@type\":\"ListItem\",\"position\":1,\"name\":\"Home\",\"item\":\"https:\\\/\\\/littleloua.com\\\/es\\\/\"},{\"@type\":\"ListItem\",\"position\":2,\"name\":\"Tienda\",\"item\":\"https:\\\/\\\/littleloua.com\\\/es\\\/tienda\\\/\"},{\"@type\":\"ListItem\",\"position\":3,\"name\":\"M\u00f3vil de otono hecho a mano\"}]},{\"@type\":\"WebSite\",\"@id\":\"https:\\\/\\\/littleloua.com\\\/es\\\/#website\",\"url\":\"https:\\\/\\\/littleloua.com\\\/es\\\/\",\"name\":\"Little Loua\",\"description\":\"Handmade Baby mobiles created with love\",\"potentialAction\":[{\"@type\":\"SearchAction\",\"target\":{\"@type\":\"EntryPoint\",\"urlTemplate\":\"https:\\\/\\\/littleloua.com\\\/es\\\/?s={search_term_string}\"},\"query-input\":{\"@type\":\"PropertyValueSpecification\",\"valueRequired\":true,\"valueName\":\"search_term_string\"}}],\"inLanguage\":\"es\"}]}<\/script>\n<!-- \/ Yoast SEO plugin. -->","yoast_head_json":{"title":"Otono Hecho a Mano | Little Loua","description":"A\u00f1ade encanto y alegr\u00eda a la cuna de tu beb\u00e9 con nuestro movil de Otono de Madera Hecho a Mano.","robots":{"index":"index","follow":"follow","max-snippet":"max-snippet:-1","max-image-preview":"max-image-preview:large","max-video-preview":"max-video-preview:-1"},"canonical":"https:\/\/littleloua.com\/es\/producto\/movil-de-otono-hecho-a-mano\/","og_locale":"es_ES","og_type":"article","og_title":"Otono Hecho a Mano | Little Loua","og_description":"A\u00f1ade encanto y alegr\u00eda a la cuna de tu beb\u00e9 con nuestro movil de Otono de Madera Hecho a Mano.","og_url":"https:\/\/littleloua.com\/es\/producto\/movil-de-otono-hecho-a-mano\/","og_site_name":"Little Loua","article_publisher":"https:\/\/www.facebook.com\/littleloua","article_modified_time":"2026-04-14T09:12:40+00:00","og_image":[{"width":1707,"height":2560,"url":"https:\/\/littleloua.com\/wp-content\/uploads\/2025\/09\/6CFFC101-266F-41A9-BF48-D1CA78D5D6DB-3-scaled.jpg","type":"image\/jpeg"}],"twitter_card":"summary_large_image","twitter_misc":{"Tiempo de lectura":"3 minutos"},"schema":{"@context":"https:\/\/schema.org","@graph":[{"@type":"WebPage","@id":"https:\/\/littleloua.com\/es\/producto\/movil-de-otono-hecho-a-mano\/","url":"https:\/\/littleloua.com\/es\/producto\/movil-de-otono-hecho-a-mano\/","name":"Otono Hecho a Mano | Little Loua","isPartOf":{"@id":"https:\/\/littleloua.com\/es\/#website"},"primaryImageOfPage":{"@id":"https:\/\/littleloua.com\/es\/producto\/movil-de-otono-hecho-a-mano\/#primaryimage"},"image":{"@id":"https:\/\/littleloua.com\/es\/producto\/movil-de-otono-hecho-a-mano\/#primaryimage"},"thumbnailUrl":"https:\/\/littleloua.com\/wp-content\/uploads\/2025\/09\/6CFFC101-266F-41A9-BF48-D1CA78D5D6DB-3-scaled.jpg","datePublished":"2025-09-24T13:31:23+00:00","dateModified":"2026-04-14T09:12:40+00:00","description":"A\u00f1ade encanto y alegr\u00eda a la cuna de tu beb\u00e9 con nuestro movil de Otono de Madera Hecho a Mano.","breadcrumb":{"@id":"https:\/\/littleloua.com\/es\/producto\/movil-de-otono-hecho-a-mano\/#breadcrumb"},"inLanguage":"es","potentialAction":[{"@type":"ReadAction","target":["https:\/\/littleloua.com\/es\/producto\/movil-de-otono-hecho-a-mano\/"]}]},{"@type":"ImageObject","inLanguage":"es","@id":"https:\/\/littleloua.com\/es\/producto\/movil-de-otono-hecho-a-mano\/#primaryimage","url":"https:\/\/littleloua.com\/wp-content\/uploads\/2025\/09\/6CFFC101-266F-41A9-BF48-D1CA78D5D6DB-3-scaled.jpg","contentUrl":"https:\/\/littleloua.com\/wp-content\/uploads\/2025\/09\/6CFFC101-266F-41A9-BF48-D1CA78D5D6DB-3-scaled.jpg","width":1707,"height":2560},{"@type":"BreadcrumbList","@id":"https:\/\/littleloua.com\/es\/producto\/movil-de-otono-hecho-a-mano\/#breadcrumb","itemListElement":[{"@type":"ListItem","position":1,"name":"Home","item":"https:\/\/littleloua.com\/es\/"},{"@type":"ListItem","position":2,"name":"Tienda","item":"https:\/\/littleloua.com\/es\/tienda\/"},{"@type":"ListItem","position":3,"name":"M\u00f3vil de otono hecho a mano"}]},{"@type":"WebSite","@id":"https:\/\/littleloua.com\/es\/#website","url":"https:\/\/littleloua.com\/es\/","name":"Little Loua","description":"Handmade Baby mobiles created with love","potentialAction":[{"@type":"SearchAction","target":{"@type":"EntryPoint","urlTemplate":"https:\/\/littleloua.com\/es\/?s={search_term_string}"},"query-input":{"@type":"PropertyValueSpecification","valueRequired":true,"valueName":"search_term_string"}}],"inLanguage":"es"}]}},"_links":{"self":[{"href":"https:\/\/littleloua.com\/es\/wp-json\/wp\/v2\/product\/20108","targetHints":{"allow":["GET"]}}],"collection":[{"href":"https:\/\/littleloua.com\/es\/wp-json\/wp\/v2\/product"}],"about":[{"href":"https:\/\/littleloua.com\/es\/wp-json\/wp\/v2\/types\/product"}],"version-history":[{"count":3,"href":"https:\/\/littleloua.com\/es\/wp-json\/wp\/v2\/product\/20108\/revisions"}],"predecessor-version":[{"id":20123,"href":"https:\/\/littleloua.com\/es\/wp-json\/wp\/v2\/product\/20108\/revisions\/20123"}],"wp:featuredmedia":[{"embeddable":true,"href":"https:\/\/littleloua.com\/es\/wp-json\/wp\/v2\/media\/20065"}],"wp:attachment":[{"href":"https:\/\/littleloua.com\/es\/wp-json\/wp\/v2\/media?parent=20108"}],"wp:term":[{"taxonomy":"product_brand","embeddable":true,"href":"https:\/\/littleloua.com\/es\/wp-json\/wp\/v2\/product_brand?post=20108"},{"taxonomy":"product_cat","embeddable":true,"href":"https:\/\/littleloua.com\/es\/wp-json\/wp\/v2\/product_cat?post=20108"},{"taxonomy":"product_tag","embeddable":true,"href":"https:\/\/littleloua.com\/es\/wp-json\/wp\/v2\/product_tag?post=20108"}],"curies":[{"name":"wp","href":"https:\/\/api.w.org\/{rel}","templated":true}]}}