{"id":17628,"date":"2025-02-21T14:21:41","date_gmt":"2025-02-21T13:21:41","guid":{"rendered":"https:\/\/littleloua.com\/?post_type=product&#038;p=17628"},"modified":"2025-02-21T14:54:00","modified_gmt":"2025-02-21T13:54:00","slug":"mobile-de-mariposas-hecho-a-mano","status":"publish","type":"product","link":"https:\/\/littleloua.com\/es\/producto\/mobile-de-mariposas-hecho-a-mano\/","title":{"rendered":"Mobile de mariposas hecho a mano"},"content":{"rendered":"<h2>Mobile\u00a0 de mariposas hecho a mano<\/h2>\n<p>Imagina a tu peque\u00f1o durmiendo pl\u00e1cidamente, hipnotizado por el suave giro de tiernos juguetes colgantes de su m\u00f3vil de mariposas de madera sobre la cuna. Nuestro M\u00f3vil de mariposas, est\u00e1 dise\u00f1ado para establecer una atm\u00f3sfera tranquila a la hora de dormir. Sus movimientos suaves y acompasados ayudar\u00e1n a tu beb\u00e9 a entrar en un sue\u00f1o profundo y reparador.<\/p>\n<p>Cada pieza que creamos se confecciona con esmero y cuidado de manera individual. Nuestro m\u00f3vil de mariposas promete ser un compa\u00f1ero cautivador en los sue\u00f1os de tu peque\u00f1o. La magia de la exploraci\u00f3n espacial y el suave vaiv\u00e9n del m\u00f3vil ayudar\u00e1n a tu beb\u00e9 a sumirse en un sue\u00f1o apacible, haciendo que la hora de dormir sea una experiencia verdaderamente maravillosa para ambos. Elige nuestro m\u00f3vil de mariposas y permite que los padres y el beb\u00e9 disfruten de noches de descanso y recuerdos entra\u00f1ables.<\/p>\n<p>&nbsp;<\/p>\n<h2>La Composici\u00f3n de Nuestro M\u00f3vil de mariposas<\/h2>\n<p>Este m\u00f3vil artesanal presenta a de mariposas en colores naturales. Gracias a esta escena cuidadosamente seleccionada, tu hijo se sentir\u00e1 relajado, lo que ayudar\u00e1 a que tu beb\u00e9 duerma profundamente y de manera saludable.<\/p>\n<p>Cuando cuelgues el m\u00f3vil de mariposas sobre la cuna de tu hijo, no ser\u00e1 simplemente una decoraci\u00f3n. El m\u00f3vil aportar\u00e1 un toque de tranquilidad y estilo l\u00fadico a su habitaci\u00f3n. Adem\u00e1s, cuando se combine con nuestra caja de m\u00fasica opcional, la hora de dormir ser\u00e1 m\u00e1s sencilla que nunca.<\/p>\n<p>Para este m\u00f3vil de mariposas hecho a mano, optamos por trabajar con madera sostenible de alta calidad. La madera es un material vers\u00e1til y eterno que aporta calidez y un toque natural a cualquier espacio.<\/p>\n<p>Ya sea para el cuarto de los ni\u00f1os, un regalo especial o para mejorar la habitaci\u00f3n, nuestro m\u00f3vil mariposas crear\u00e1 recuerdos maravillosos. Deje que las maravillas del espacio y la belleza de la madera creen una hora de dormir m\u00e1gica para su beb\u00e9 y recuerdos inolvidables para usted.<\/p>\n<h2>Un m\u00f3vil ecol\u00f3gico de madera hecho a mano<\/h2>\n<p>Nuestro movil de mariposas es m\u00e1s que una simple decoraci\u00f3n. Gracias a su artesan\u00eda de alta calidad y a sus materiales sostenibles, es el complemento perfecto para la habitaci\u00f3n de tu beb\u00e9:<\/p>\n<ol>\n<li><strong>Dimensiones Armoniosas<\/strong>: Con un generoso di\u00e1metro de 24 cm y una altura de 45 cm, este m\u00f3vil ha sido dise\u00f1ado con cuidado para captar la atenci\u00f3n de tu peque\u00f1o y mejorar la est\u00e9tica de la habitaci\u00f3n.<\/li>\n<li><strong>Materiales Ecol\u00f3gicos de Primera Calidad<\/strong>: Priorizamos la sostenibilidad al usar materiales de alta calidad como fieltro, hilo de algod\u00f3n y madera, junto con relleno hipoalerg\u00e9nico. Tu beb\u00e9 es nuestra m\u00e1xima preocupaci\u00f3n.<\/li>\n<li><strong>Dise\u00f1o Elegante<\/strong>: El dise\u00f1o refinado del m\u00f3vil a\u00f1ade un toque de sofisticaci\u00f3n a la habitaci\u00f3n de tu beb\u00e9, haci\u00e9ndolo una elecci\u00f3n elegante para los padres modernos.<\/li>\n<li><strong>Texturas y Colores Juguetones<\/strong>: Hemos incorporado texturas l\u00fadicas y una paleta de colores vibrantes para deleitar los sentidos de tu beb\u00e9 y estimular su curiosidad.<\/li>\n<li><strong>Elementos \u00fanicos hechos a mano<\/strong>: Cada m\u00f3vil es \u00fanico, con elementos cosidos a mano que muestran la artesan\u00eda y el cuidado puestos en su creaci\u00f3n.<\/li>\n<\/ol>\n<p>No m\u00e1s interminables horas meciendo a tu beb\u00e9 para que duerma &#8211; nuestro m\u00f3vil de mariposas de madera capturar\u00e1 su imaginaci\u00f3n mientras gira sobre su cabeza, ayud\u00e1ndolo a conciliar el sue\u00f1o r\u00e1pida y pac\u00edficamente. Si deseas agregar un toque de magia, considera combinar el m\u00f3vil de mariposas con nuestra caja de m\u00fasica opcional, disponible por separado, para melod\u00edas relajantes que calmar\u00e1n a tu beb\u00e9 y lo ayudar\u00e1n a dormir gentilmente.<\/p>\n<p>&nbsp;<\/p>\n<h2>Acerca de Nuestras Creaciones Artesanales<\/h2>\n<p>Cada art\u00edculo que creamos es una obra de arte \u00fanica y hecha a mano. Aunque nos esforzamos por intentar que las fotos representen fielmente nuestros art\u00edculos, podr\u00edas notar peque\u00f1as variaciones en los detalles de nuestras creaciones. Esto se debe a que cada art\u00edculo se elabora con cuidado de uno en uno por manos humanas, no por m\u00e1quinas.<\/p>\n<p>Para mantener la apariencia del m\u00f3vil de perritos, te sugerimos evitar lavarlo. El m\u00f3vil se ha limpiado minuciosamente antes del env\u00edo para garantizar su condici\u00f3n impecable.<\/p>\n<p>Si tienes alguna pregunta o necesitas ayuda, no dudes en contactarnos. Intentamos responder a tus consultas lo antes posible.<\/p>\n<h2>Garantizando la Seguridad de tu M\u00f3vil de mariposas<\/h2>\n<p>Nuestros m\u00f3viles musicales para beb\u00e9s est\u00e1n dise\u00f1ados \u00fanicamente con fines decorativos y no se consideran juguetes. Es importante mantener el m\u00f3vil de conejo fuera del alcance de tu hijo en todo momento. Cuelga el m\u00f3vil de manera segura sobre la cuna, a unos 30 cm de distancia de tu beb\u00e9.<\/p>\n<p>Cuando actives el m\u00f3vil, aseg\u00farate de que tu hijo est\u00e9 mirando hacia adelante. Coloca el m\u00f3vil en el centro de la cuna para una comodidad \u00f3ptima.<\/p>\n<p>Por razones de seguridad, evita colgarlo demasiado bajo, asegur\u00e1ndote de que la altura sea de al menos 30 cm. Colgar el m\u00f3vil m\u00e1s bajo podr\u00eda hacer que tu hijo tire de los juguetes de peluche, lo que podr\u00eda hacer que la estructura caiga sobre \u00e9l, lo que podr\u00eda causar problemas de visi\u00f3n y hematomas.<\/p>\n<p>\u00bfQuieres darle a tu beb\u00e9 algo m\u00e1s? Transforma f\u00e1cilmente la habitaci\u00f3n de tu beb\u00e9 en un oasis de sue\u00f1o y tranquilidad combinando nuestro M\u00f3vil de conejo con nuestro Soporte de Madera Giratorio. \u00a1Y no te olvides de agregar nuestra caja de m\u00fasica con bater\u00eda a la mezcla!<\/p>\n<p>\u00a1Y a\u00fan hay m\u00e1s! Aqu\u00ed tienes <strong>una ventaja adicional<\/strong>: \u00a1Disfruta de la entrega gratuita a tu puerta en compras superiores a 100 euros!<\/p>\n","protected":false},"excerpt":{"rendered":"<p>Imagina a tu peque\u00f1o durmiendo pl\u00e1cidamente, hipnotizado por el suave giro de tiernos juguetes colgantes de su m\u00f3vil de mariposas de madera sobre la cuna. Nuestro M\u00f3vil de mariposas, est\u00e1 dise\u00f1ado para establecer una atm\u00f3sfera tranquila a la hora de dormir. Sus movimientos suaves y acompasados ayudar\u00e1n a tu beb\u00e9 a entrar en un sue\u00f1o profundo y reparador.<\/p>\n<p>Cada pieza que creamos se confecciona con esmero y cuidado de manera individual. Nuestro m\u00f3vil de mariposas promete ser un compa\u00f1ero cautivador en los sue\u00f1os de tu peque\u00f1o. La magia de la exploraci\u00f3n espacial y el suave vaiv\u00e9n del m\u00f3vil ayudar\u00e1n a tu beb\u00e9 a sumirse en un sue\u00f1o apacible, haciendo que la hora de dormir sea una experiencia verdaderamente maravillosa para ambos. Elige nuestro m\u00f3vil de mariposas y permite que los padres y el beb\u00e9 disfruten de noches de descanso y recuerdos entra\u00f1ables.<\/p>\n","protected":false},"featured_media":17657,"template":"","meta":{"_acf_changed":false},"product_brand":[],"product_cat":[120],"product_tag":[116,117,115],"class_list":{"0":"post-17628","1":"product","2":"type-product","3":"status-publish","4":"has-post-thumbnail","6":"product_cat-movile-cuna","7":"product_tag-canalizable","8":"product_tag-ds-es","9":"product_tag-engels-es","11":"first","12":"instock","13":"shipping-taxable","14":"purchasable","15":"product-type-simple"},"acf":[],"yoast_head":"<!-- This site is optimized with the Yoast SEO plugin v27.4 - https:\/\/yoast.com\/product\/yoast-seo-wordpress\/ -->\n<title>M\u00f3vil de mariposas | Little Loua<\/title>\n<meta name=\"description\" content=\"Nuestro m\u00f3vil de madera hecho a mano ayudar\u00e1 a tu beb\u00e9 a dormir f\u00e1cilmente gracias a su suave m\u00fasica.\" \/>\n<meta name=\"robots\" content=\"index, follow, max-snippet:-1, max-image-preview:large, max-video-preview:-1\" \/>\n<link rel=\"canonical\" href=\"https:\/\/littleloua.com\/es\/producto\/mobile-de-mariposas-hecho-a-mano\/\" \/>\n<meta property=\"og:locale\" content=\"es_ES\" \/>\n<meta property=\"og:type\" content=\"article\" \/>\n<meta property=\"og:title\" content=\"M\u00f3vil de mariposas | Little Loua\" \/>\n<meta property=\"og:description\" content=\"Nuestro m\u00f3vil de madera hecho a mano ayudar\u00e1 a tu beb\u00e9 a dormir f\u00e1cilmente gracias a su suave m\u00fasica.\" \/>\n<meta property=\"og:url\" content=\"https:\/\/littleloua.com\/es\/producto\/mobile-de-mariposas-hecho-a-mano\/\" \/>\n<meta property=\"og:site_name\" content=\"Little Loua\" \/>\n<meta property=\"article:publisher\" content=\"https:\/\/www.facebook.com\/littleloua\" \/>\n<meta property=\"article:modified_time\" content=\"2025-02-21T13:54:00+00:00\" \/>\n<meta property=\"og:image\" content=\"https:\/\/littleloua.com\/wp-content\/uploads\/2025\/02\/159BA680-F415-4F3B-BC5C-5D6BF94FCF72-scaled.jpg\" \/>\n\t<meta property=\"og:image:width\" content=\"1707\" \/>\n\t<meta property=\"og:image:height\" content=\"2560\" \/>\n\t<meta property=\"og:image:type\" content=\"image\/jpeg\" \/>\n<meta name=\"twitter:card\" content=\"summary_large_image\" \/>\n<meta name=\"twitter:label1\" content=\"Tiempo de lectura\" \/>\n\t<meta name=\"twitter:data1\" content=\"5 minutos\" \/>\n<script type=\"application\/ld+json\" class=\"yoast-schema-graph\">{\"@context\":\"https:\\\/\\\/schema.org\",\"@graph\":[{\"@type\":\"WebPage\",\"@id\":\"https:\\\/\\\/littleloua.com\\\/es\\\/producto\\\/mobile-de-mariposas-hecho-a-mano\\\/\",\"url\":\"https:\\\/\\\/littleloua.com\\\/es\\\/producto\\\/mobile-de-mariposas-hecho-a-mano\\\/\",\"name\":\"M\u00f3vil de mariposas | Little Loua\",\"isPartOf\":{\"@id\":\"https:\\\/\\\/littleloua.com\\\/es\\\/#website\"},\"primaryImageOfPage\":{\"@id\":\"https:\\\/\\\/littleloua.com\\\/es\\\/producto\\\/mobile-de-mariposas-hecho-a-mano\\\/#primaryimage\"},\"image\":{\"@id\":\"https:\\\/\\\/littleloua.com\\\/es\\\/producto\\\/mobile-de-mariposas-hecho-a-mano\\\/#primaryimage\"},\"thumbnailUrl\":\"https:\\\/\\\/littleloua.com\\\/wp-content\\\/uploads\\\/2025\\\/02\\\/159BA680-F415-4F3B-BC5C-5D6BF94FCF72-scaled.jpg\",\"datePublished\":\"2025-02-21T13:21:41+00:00\",\"dateModified\":\"2025-02-21T13:54:00+00:00\",\"description\":\"Nuestro m\u00f3vil de madera hecho a mano ayudar\u00e1 a tu beb\u00e9 a dormir f\u00e1cilmente gracias a su suave m\u00fasica.\",\"breadcrumb\":{\"@id\":\"https:\\\/\\\/littleloua.com\\\/es\\\/producto\\\/mobile-de-mariposas-hecho-a-mano\\\/#breadcrumb\"},\"inLanguage\":\"es\",\"potentialAction\":[{\"@type\":\"ReadAction\",\"target\":[\"https:\\\/\\\/littleloua.com\\\/es\\\/producto\\\/mobile-de-mariposas-hecho-a-mano\\\/\"]}]},{\"@type\":\"ImageObject\",\"inLanguage\":\"es\",\"@id\":\"https:\\\/\\\/littleloua.com\\\/es\\\/producto\\\/mobile-de-mariposas-hecho-a-mano\\\/#primaryimage\",\"url\":\"https:\\\/\\\/littleloua.com\\\/wp-content\\\/uploads\\\/2025\\\/02\\\/159BA680-F415-4F3B-BC5C-5D6BF94FCF72-scaled.jpg\",\"contentUrl\":\"https:\\\/\\\/littleloua.com\\\/wp-content\\\/uploads\\\/2025\\\/02\\\/159BA680-F415-4F3B-BC5C-5D6BF94FCF72-scaled.jpg\",\"width\":1707,\"height\":2560},{\"@type\":\"BreadcrumbList\",\"@id\":\"https:\\\/\\\/littleloua.com\\\/es\\\/producto\\\/mobile-de-mariposas-hecho-a-mano\\\/#breadcrumb\",\"itemListElement\":[{\"@type\":\"ListItem\",\"position\":1,\"name\":\"Home\",\"item\":\"https:\\\/\\\/littleloua.com\\\/es\\\/\"},{\"@type\":\"ListItem\",\"position\":2,\"name\":\"Tienda\",\"item\":\"https:\\\/\\\/littleloua.com\\\/es\\\/tienda\\\/\"},{\"@type\":\"ListItem\",\"position\":3,\"name\":\"Mobile de mariposas hecho a mano\"}]},{\"@type\":\"WebSite\",\"@id\":\"https:\\\/\\\/littleloua.com\\\/es\\\/#website\",\"url\":\"https:\\\/\\\/littleloua.com\\\/es\\\/\",\"name\":\"Little Loua\",\"description\":\"Handmade Baby mobiles created with love\",\"potentialAction\":[{\"@type\":\"SearchAction\",\"target\":{\"@type\":\"EntryPoint\",\"urlTemplate\":\"https:\\\/\\\/littleloua.com\\\/es\\\/?s={search_term_string}\"},\"query-input\":{\"@type\":\"PropertyValueSpecification\",\"valueRequired\":true,\"valueName\":\"search_term_string\"}}],\"inLanguage\":\"es\"}]}<\/script>\n<!-- \/ Yoast SEO plugin. -->","yoast_head_json":{"title":"M\u00f3vil de mariposas | Little Loua","description":"Nuestro m\u00f3vil de madera hecho a mano ayudar\u00e1 a tu beb\u00e9 a dormir f\u00e1cilmente gracias a su suave m\u00fasica.","robots":{"index":"index","follow":"follow","max-snippet":"max-snippet:-1","max-image-preview":"max-image-preview:large","max-video-preview":"max-video-preview:-1"},"canonical":"https:\/\/littleloua.com\/es\/producto\/mobile-de-mariposas-hecho-a-mano\/","og_locale":"es_ES","og_type":"article","og_title":"M\u00f3vil de mariposas | Little Loua","og_description":"Nuestro m\u00f3vil de madera hecho a mano ayudar\u00e1 a tu beb\u00e9 a dormir f\u00e1cilmente gracias a su suave m\u00fasica.","og_url":"https:\/\/littleloua.com\/es\/producto\/mobile-de-mariposas-hecho-a-mano\/","og_site_name":"Little Loua","article_publisher":"https:\/\/www.facebook.com\/littleloua","article_modified_time":"2025-02-21T13:54:00+00:00","og_image":[{"width":1707,"height":2560,"url":"https:\/\/littleloua.com\/wp-content\/uploads\/2025\/02\/159BA680-F415-4F3B-BC5C-5D6BF94FCF72-scaled.jpg","type":"image\/jpeg"}],"twitter_card":"summary_large_image","twitter_misc":{"Tiempo de lectura":"5 minutos"},"schema":{"@context":"https:\/\/schema.org","@graph":[{"@type":"WebPage","@id":"https:\/\/littleloua.com\/es\/producto\/mobile-de-mariposas-hecho-a-mano\/","url":"https:\/\/littleloua.com\/es\/producto\/mobile-de-mariposas-hecho-a-mano\/","name":"M\u00f3vil de mariposas | Little Loua","isPartOf":{"@id":"https:\/\/littleloua.com\/es\/#website"},"primaryImageOfPage":{"@id":"https:\/\/littleloua.com\/es\/producto\/mobile-de-mariposas-hecho-a-mano\/#primaryimage"},"image":{"@id":"https:\/\/littleloua.com\/es\/producto\/mobile-de-mariposas-hecho-a-mano\/#primaryimage"},"thumbnailUrl":"https:\/\/littleloua.com\/wp-content\/uploads\/2025\/02\/159BA680-F415-4F3B-BC5C-5D6BF94FCF72-scaled.jpg","datePublished":"2025-02-21T13:21:41+00:00","dateModified":"2025-02-21T13:54:00+00:00","description":"Nuestro m\u00f3vil de madera hecho a mano ayudar\u00e1 a tu beb\u00e9 a dormir f\u00e1cilmente gracias a su suave m\u00fasica.","breadcrumb":{"@id":"https:\/\/littleloua.com\/es\/producto\/mobile-de-mariposas-hecho-a-mano\/#breadcrumb"},"inLanguage":"es","potentialAction":[{"@type":"ReadAction","target":["https:\/\/littleloua.com\/es\/producto\/mobile-de-mariposas-hecho-a-mano\/"]}]},{"@type":"ImageObject","inLanguage":"es","@id":"https:\/\/littleloua.com\/es\/producto\/mobile-de-mariposas-hecho-a-mano\/#primaryimage","url":"https:\/\/littleloua.com\/wp-content\/uploads\/2025\/02\/159BA680-F415-4F3B-BC5C-5D6BF94FCF72-scaled.jpg","contentUrl":"https:\/\/littleloua.com\/wp-content\/uploads\/2025\/02\/159BA680-F415-4F3B-BC5C-5D6BF94FCF72-scaled.jpg","width":1707,"height":2560},{"@type":"BreadcrumbList","@id":"https:\/\/littleloua.com\/es\/producto\/mobile-de-mariposas-hecho-a-mano\/#breadcrumb","itemListElement":[{"@type":"ListItem","position":1,"name":"Home","item":"https:\/\/littleloua.com\/es\/"},{"@type":"ListItem","position":2,"name":"Tienda","item":"https:\/\/littleloua.com\/es\/tienda\/"},{"@type":"ListItem","position":3,"name":"Mobile de mariposas hecho a mano"}]},{"@type":"WebSite","@id":"https:\/\/littleloua.com\/es\/#website","url":"https:\/\/littleloua.com\/es\/","name":"Little Loua","description":"Handmade Baby mobiles created with love","potentialAction":[{"@type":"SearchAction","target":{"@type":"EntryPoint","urlTemplate":"https:\/\/littleloua.com\/es\/?s={search_term_string}"},"query-input":{"@type":"PropertyValueSpecification","valueRequired":true,"valueName":"search_term_string"}}],"inLanguage":"es"}]}},"_links":{"self":[{"href":"https:\/\/littleloua.com\/es\/wp-json\/wp\/v2\/product\/17628","targetHints":{"allow":["GET"]}}],"collection":[{"href":"https:\/\/littleloua.com\/es\/wp-json\/wp\/v2\/product"}],"about":[{"href":"https:\/\/littleloua.com\/es\/wp-json\/wp\/v2\/types\/product"}],"version-history":[{"count":3,"href":"https:\/\/littleloua.com\/es\/wp-json\/wp\/v2\/product\/17628\/revisions"}],"predecessor-version":[{"id":17674,"href":"https:\/\/littleloua.com\/es\/wp-json\/wp\/v2\/product\/17628\/revisions\/17674"}],"wp:featuredmedia":[{"embeddable":true,"href":"https:\/\/littleloua.com\/es\/wp-json\/wp\/v2\/media\/17657"}],"wp:attachment":[{"href":"https:\/\/littleloua.com\/es\/wp-json\/wp\/v2\/media?parent=17628"}],"wp:term":[{"taxonomy":"product_brand","embeddable":true,"href":"https:\/\/littleloua.com\/es\/wp-json\/wp\/v2\/product_brand?post=17628"},{"taxonomy":"product_cat","embeddable":true,"href":"https:\/\/littleloua.com\/es\/wp-json\/wp\/v2\/product_cat?post=17628"},{"taxonomy":"product_tag","embeddable":true,"href":"https:\/\/littleloua.com\/es\/wp-json\/wp\/v2\/product_tag?post=17628"}],"curies":[{"name":"wp","href":"https:\/\/api.w.org\/{rel}","templated":true}]}}