{"id":15343,"date":"2023-07-05T12:57:38","date_gmt":"2023-07-05T12:57:38","guid":{"rendered":"https:\/\/littleloua.com\/product\/wooden-baby-mobile-arm\/"},"modified":"2023-07-05T12:57:38","modified_gmt":"2023-07-05T10:57:38","slug":"wooden-baby-mobile-arm","status":"publish","type":"product","link":"https:\/\/littleloua.com\/es\/producto\/wooden-baby-mobile-arm\/","title":{"rendered":"Wooden baby mobile arm"},"content":{"rendered":"<h1>Artesan\u00eda de Calidad para un Descanso Seguro<\/h1>\n<p>En Little Loua, nuestra pasi\u00f3n radica en la creaci\u00f3n de interiores acogedores, ecol\u00f3gicos y con inspiraci\u00f3n natural. Diga adi\u00f3s a los soportes de pl\u00e1stico endebles que se rompen con facilidad y a los m\u00f3viles que se caen. Ofrecemos una alternativa sostenible y resistente que es mucho m\u00e1s segura y elegante.<\/p>\n<p>Con el soporte de madera Little Loua para m\u00f3viles, podr\u00e1s configurar una escena perfectamente segura y elegante en cuesti\u00f3n de minutos. Tu beb\u00e9 disfrutar\u00e1 viendo c\u00f3mo su adorable M\u00f3vil de Cuna danza con gracia sobre \u00e9l. Adem\u00e1s, podr\u00e1 deleitarse con las melod\u00edas relajantes de nuestra caja de m\u00fasica (disponible por separado). Combinar nuestra caja de m\u00fasica con el soporte de m\u00f3viles y el M\u00f3vil de Cuna har\u00e1 que la hora de dormir sea mucho m\u00e1s placentera tanto para ti como para tu beb\u00e9.<\/p>\n<p>Adquiere nuestro soporte de madera para m\u00f3viles y convierte la habitaci\u00f3n de tu beb\u00e9 en un lugar de descanso y seguridad. Comb\u00ednalo con la caja de m\u00fasica y uno de nuestros m\u00f3viles para beb\u00e9s. Desp\u00eddete del pl\u00e1stico y dale la bienvenida a un soporte de madera duradero para que tu peque\u00f1o lo disfrute durante todo el tiempo que desee.<\/p>\n<h2>\u00bfPor qu\u00e9 elegir nuestro brazo m\u00f3vil para beb\u00e9s?<\/h2>\n<p>Nuestro soporte de madera para m\u00f3viles de beb\u00e9 es ideal para instalar el sistema entre los barrotes de la cuna. Esta es una forma segura y f\u00e1cil de instalar el brazo. Sin embargo, hay muchas m\u00e1s ventajas al elegir nuestro soporte de brazo para m\u00f3vil de beb\u00e9:<\/p>\n<ul>\n<li><strong>Elegante dise\u00f1o de madera<\/strong>: El brazo est\u00e1 hecho a mano con la est\u00e9tica y un dise\u00f1o calmante en mente. Nuestro soporte combina a la perfecci\u00f3n con cualquier decoraci\u00f3n interior, a\u00f1adiendo un toque de belleza natural.<\/li>\n<li><strong>Dos brazos disponibles<\/strong>: El soporte cuenta con un primer brazo fijo que se sit\u00faa a una altura segura de 60 cm (no regulable en altura). Adem\u00e1s, un segundo brazo articulado de 40 cm ofrece \u00e1ngulos ajustables, para que pueda elegir la altura de su babymobile.<\/li>\n<li>Giro de 360\u00b0 <strong>para un posicionamiento personalizado<\/strong>: Gracias a la flexibilidad para colocar el m\u00f3vil en el \u00e1ngulo perfecto con un giro completo de 360\u00b0, puede crear la vista ideal para su peque\u00f1o, ayudando a su beb\u00e9 a calmarse y dormirse.<\/li>\n<li>Tornillo de fijaci\u00f3n <strong>seguro<\/strong>: El robusto tornillo de fijaci\u00f3n se encaja firmemente entre los listones de la cama, proporcionando una estabilidad fiable para su m\u00f3vil. A diferencia de los d\u00e9biles soportes de pl\u00e1stico, el tornillo permanece en su sitio y de forma segura.<\/li>\n<li><strong>Durabilidad ecol\u00f3gica<\/strong>: Queremos un producto duradero y resistente. Por eso hemos elegido fabricar el soporte de brazo m\u00f3vil con madera duradera. Nuestro apoyo tiene una huella ecol\u00f3gica m\u00ednima, en consonancia con las opciones ecoconscientes. Gracias a la madera de alta calidad que hemos elegido, el brazo m\u00f3vil se mantendr\u00e1 en perfectas condiciones durante muchos a\u00f1os, por lo que podr\u00e1 regalarlo o utilizarlo para otros beb\u00e9s.<\/li>\n<li><strong>Instalaci\u00f3n sin esfuerzo<\/strong>: La instalaci\u00f3n de nuestro soporte m\u00f3vil para beb\u00e9s es r\u00e1pida y sencilla. Todo el sistema pesa s\u00f3lo 800 gramos. Se monta en menos de dos minutos. Ni siquiera necesitas un manual de instrucciones. Basta con apretar el tornillo de fijaci\u00f3n y ajustar el brazo superior a la direcci\u00f3n y altura deseadas. Montar el brazo es un juego de ni\u00f1os.<\/li>\n<\/ul>\n<p>La facilidad de uso y el aspecto de nuestro m\u00f3vil de madera para beb\u00e9s dar\u00e1n soporte y elevar\u00e1n su habitaci\u00f3n infantil con un complemento funcional y visualmente atractivo para su hogar.<\/p>\n<h2>Garantizar la seguridad de nuestro soporte m\u00f3vil de madera<\/h2>\n<p>Es importante tener en cuenta que nuestros m\u00f3viles no est\u00e1n pensados como juguetes para que tu hijo los alcance y los coja. Su prop\u00f3sito es entretener a su hijo desde una distancia segura. Por razones de seguridad, a medida que el ni\u00f1o crece y adquiere mayor movilidad, recomendamos ajustar el m\u00f3vil a una posici\u00f3n m\u00e1s alta, manteni\u00e9ndolo fuera del alcance de sus brazos estirados.<\/p>\n<p>Ahora tiene la deliciosa tarea de seleccionar la caja de m\u00fasica y el m\u00f3vil perfectos para complementar su soporte m\u00f3vil de madera. Es el momento de anticipar noches dulces y siestas tranquilas para los dos, sabiendo que la habitaci\u00f3n del beb\u00e9 est\u00e1 dise\u00f1ada para el disfrute y la seguridad.<\/p>\n<h2>\u00a1Mejore la habitaci\u00f3n de su beb\u00e9 hoy mismo!<\/h2>\n<p>Consigue nuestro soporte m\u00f3vil de madera para beb\u00e9s y aporta seguridad y estilo a la habitaci\u00f3n de tu beb\u00e9. Cree un entorno seguro y encantador para su peque\u00f1o. Compre ahora y experimente la magia de estos art\u00edculos imprescindibles para el cuarto de los ni\u00f1os. Don&#8217;t miss out \u2013 order today! And here&#8217;s the best part \u2013 enjoy free delivery to your home on orders over \u20ac100!<\/p>\n","protected":false},"excerpt":{"rendered":"<p>En Little Loua, nuestra pasi\u00f3n radica en la creaci\u00f3n de interiores acogedores, ecol\u00f3gicos y con inspiraci\u00f3n natural. Diga adi\u00f3s a los soportes de pl\u00e1stico endebles que se rompen con facilidad y a los m\u00f3viles que se caen. Ofrecemos una alternativa sostenible y resistente que es mucho m\u00e1s segura y elegante.<\/p>\n<p>Con el soporte de madera Little Loua para m\u00f3viles, podr\u00e1s configurar una escena perfectamente segura y elegante en cuesti\u00f3n de minutos. Tu beb\u00e9 disfrutar\u00e1 viendo c\u00f3mo su adorable M\u00f3vil de Cuna danza con gracia sobre \u00e9l. Adem\u00e1s, podr\u00e1 deleitarse con las melod\u00edas relajantes de nuestra caja de m\u00fasica (disponible por separado). Combinar nuestra caja de m\u00fasica con el soporte de m\u00f3viles y el M\u00f3vil de Cuna har\u00e1 que la hora de dormir sea mucho m\u00e1s placentera tanto para ti como para tu beb\u00e9.<\/p>\n<p>Adquiere nuestro soporte de madera para m\u00f3viles y convierte la habitaci\u00f3n de tu beb\u00e9 en un lugar de descanso y seguridad. Comb\u00ednalo con la caja de m\u00fasica y uno de nuestros m\u00f3viles para beb\u00e9s. Desp\u00eddete del pl\u00e1stico y dale la bienvenida a un soporte de madera duradero para que tu peque\u00f1o lo disfrute durante todo el tiempo que desee.<\/p>\n<h2><\/h2>\n","protected":false},"featured_media":11771,"template":"","meta":{"_acf_changed":false},"product_brand":[],"product_cat":[114],"product_tag":[116,117,115],"class_list":{"0":"post-15343","1":"product","2":"type-product","3":"status-publish","4":"has-post-thumbnail","6":"product_cat-brazos-moviles-para-bebes","7":"product_tag-canalizable","8":"product_tag-ds-es","9":"product_tag-engels-es","11":"first","12":"instock","13":"shipping-taxable","14":"purchasable","15":"product-type-simple"},"acf":[],"yoast_head":"<!-- This site is optimized with the Yoast SEO plugin v26.2 - https:\/\/yoast.com\/wordpress\/plugins\/seo\/ -->\n<title>Wooden Baby Mobile Arm | Sturdy Nursery Support | Little Loua<\/title>\n<meta name=\"description\" content=\"Secure your baby&#039;s mobile with our sturdy wooden baby mobile arm. Designed for durability and stability, this essential accessory ensures safe and reliable support for your nursery mobile. Get yours now!\" \/>\n<meta name=\"robots\" content=\"index, follow, max-snippet:-1, max-image-preview:large, max-video-preview:-1\" \/>\n<link rel=\"canonical\" href=\"https:\/\/littleloua.com\/es\/producto\/wooden-baby-mobile-arm\/\" \/>\n<meta property=\"og:locale\" content=\"es_ES\" \/>\n<meta property=\"og:type\" content=\"article\" \/>\n<meta property=\"og:title\" content=\"Wooden Baby Mobile Arm | Sturdy Nursery Support | Little Loua\" \/>\n<meta property=\"og:description\" content=\"Secure your baby&#039;s mobile with our sturdy wooden baby mobile arm. Designed for durability and stability, this essential accessory ensures safe and reliable support for your nursery mobile. Get yours now!\" \/>\n<meta property=\"og:url\" content=\"https:\/\/littleloua.com\/es\/producto\/wooden-baby-mobile-arm\/\" \/>\n<meta property=\"og:site_name\" content=\"Little Loua\" \/>\n<meta property=\"article:publisher\" content=\"https:\/\/www.facebook.com\/littleloua\" \/>\n<meta property=\"og:image\" content=\"https:\/\/littleloua.com\/wp-content\/uploads\/2023\/07\/93BB2C85-9464-450C-8031-BD872843B3ED-2-scaled.jpeg\" \/>\n\t<meta property=\"og:image:width\" content=\"1707\" \/>\n\t<meta property=\"og:image:height\" content=\"2560\" \/>\n\t<meta property=\"og:image:type\" content=\"image\/jpeg\" \/>\n<meta name=\"twitter:card\" content=\"summary_large_image\" \/>\n<meta name=\"twitter:label1\" content=\"Tiempo de lectura\" \/>\n\t<meta name=\"twitter:data1\" content=\"4 minutos\" \/>\n<script type=\"application\/ld+json\" class=\"yoast-schema-graph\">{\"@context\":\"https:\/\/schema.org\",\"@graph\":[{\"@type\":\"WebPage\",\"@id\":\"https:\/\/littleloua.com\/es\/producto\/wooden-baby-mobile-arm\/\",\"url\":\"https:\/\/littleloua.com\/es\/producto\/wooden-baby-mobile-arm\/\",\"name\":\"Wooden Baby Mobile Arm | Sturdy Nursery Support | Little Loua\",\"isPartOf\":{\"@id\":\"https:\/\/littleloua.com\/es\/#website\"},\"primaryImageOfPage\":{\"@id\":\"https:\/\/littleloua.com\/es\/producto\/wooden-baby-mobile-arm\/#primaryimage\"},\"image\":{\"@id\":\"https:\/\/littleloua.com\/es\/producto\/wooden-baby-mobile-arm\/#primaryimage\"},\"thumbnailUrl\":\"https:\/\/littleloua.com\/wp-content\/uploads\/2023\/07\/93BB2C85-9464-450C-8031-BD872843B3ED-2-scaled.jpeg\",\"datePublished\":\"2023-07-05T12:57:38+00:00\",\"description\":\"Secure your baby's mobile with our sturdy wooden baby mobile arm. Designed for durability and stability, this essential accessory ensures safe and reliable support for your nursery mobile. Get yours now!\",\"breadcrumb\":{\"@id\":\"https:\/\/littleloua.com\/es\/producto\/wooden-baby-mobile-arm\/#breadcrumb\"},\"inLanguage\":\"es\",\"potentialAction\":[{\"@type\":\"ReadAction\",\"target\":[\"https:\/\/littleloua.com\/es\/producto\/wooden-baby-mobile-arm\/\"]}]},{\"@type\":\"ImageObject\",\"inLanguage\":\"es\",\"@id\":\"https:\/\/littleloua.com\/es\/producto\/wooden-baby-mobile-arm\/#primaryimage\",\"url\":\"https:\/\/littleloua.com\/wp-content\/uploads\/2023\/07\/93BB2C85-9464-450C-8031-BD872843B3ED-2-scaled.jpeg\",\"contentUrl\":\"https:\/\/littleloua.com\/wp-content\/uploads\/2023\/07\/93BB2C85-9464-450C-8031-BD872843B3ED-2-scaled.jpeg\",\"width\":1707,\"height\":2560},{\"@type\":\"BreadcrumbList\",\"@id\":\"https:\/\/littleloua.com\/es\/producto\/wooden-baby-mobile-arm\/#breadcrumb\",\"itemListElement\":[{\"@type\":\"ListItem\",\"position\":1,\"name\":\"Home\",\"item\":\"https:\/\/littleloua.com\/es\/inicio-2\/\"},{\"@type\":\"ListItem\",\"position\":2,\"name\":\"Tienda\",\"item\":\"https:\/\/littleloua.com\/es\/tienda\/\"},{\"@type\":\"ListItem\",\"position\":3,\"name\":\"Wooden baby mobile arm\"}]},{\"@type\":\"WebSite\",\"@id\":\"https:\/\/littleloua.com\/es\/#website\",\"url\":\"https:\/\/littleloua.com\/es\/\",\"name\":\"Little Loua\",\"description\":\"Handmade Baby mobiles created with love\",\"potentialAction\":[{\"@type\":\"SearchAction\",\"target\":{\"@type\":\"EntryPoint\",\"urlTemplate\":\"https:\/\/littleloua.com\/es\/?s={search_term_string}\"},\"query-input\":{\"@type\":\"PropertyValueSpecification\",\"valueRequired\":true,\"valueName\":\"search_term_string\"}}],\"inLanguage\":\"es\"}]}<\/script>\n<!-- \/ Yoast SEO plugin. -->","yoast_head_json":{"title":"Wooden Baby Mobile Arm | Sturdy Nursery Support | Little Loua","description":"Secure your baby's mobile with our sturdy wooden baby mobile arm. Designed for durability and stability, this essential accessory ensures safe and reliable support for your nursery mobile. Get yours now!","robots":{"index":"index","follow":"follow","max-snippet":"max-snippet:-1","max-image-preview":"max-image-preview:large","max-video-preview":"max-video-preview:-1"},"canonical":"https:\/\/littleloua.com\/es\/producto\/wooden-baby-mobile-arm\/","og_locale":"es_ES","og_type":"article","og_title":"Wooden Baby Mobile Arm | Sturdy Nursery Support | Little Loua","og_description":"Secure your baby's mobile with our sturdy wooden baby mobile arm. Designed for durability and stability, this essential accessory ensures safe and reliable support for your nursery mobile. Get yours now!","og_url":"https:\/\/littleloua.com\/es\/producto\/wooden-baby-mobile-arm\/","og_site_name":"Little Loua","article_publisher":"https:\/\/www.facebook.com\/littleloua","og_image":[{"width":1707,"height":2560,"url":"https:\/\/littleloua.com\/wp-content\/uploads\/2023\/07\/93BB2C85-9464-450C-8031-BD872843B3ED-2-scaled.jpeg","type":"image\/jpeg"}],"twitter_card":"summary_large_image","twitter_misc":{"Tiempo de lectura":"4 minutos"},"schema":{"@context":"https:\/\/schema.org","@graph":[{"@type":"WebPage","@id":"https:\/\/littleloua.com\/es\/producto\/wooden-baby-mobile-arm\/","url":"https:\/\/littleloua.com\/es\/producto\/wooden-baby-mobile-arm\/","name":"Wooden Baby Mobile Arm | Sturdy Nursery Support | Little Loua","isPartOf":{"@id":"https:\/\/littleloua.com\/es\/#website"},"primaryImageOfPage":{"@id":"https:\/\/littleloua.com\/es\/producto\/wooden-baby-mobile-arm\/#primaryimage"},"image":{"@id":"https:\/\/littleloua.com\/es\/producto\/wooden-baby-mobile-arm\/#primaryimage"},"thumbnailUrl":"https:\/\/littleloua.com\/wp-content\/uploads\/2023\/07\/93BB2C85-9464-450C-8031-BD872843B3ED-2-scaled.jpeg","datePublished":"2023-07-05T12:57:38+00:00","description":"Secure your baby's mobile with our sturdy wooden baby mobile arm. Designed for durability and stability, this essential accessory ensures safe and reliable support for your nursery mobile. Get yours now!","breadcrumb":{"@id":"https:\/\/littleloua.com\/es\/producto\/wooden-baby-mobile-arm\/#breadcrumb"},"inLanguage":"es","potentialAction":[{"@type":"ReadAction","target":["https:\/\/littleloua.com\/es\/producto\/wooden-baby-mobile-arm\/"]}]},{"@type":"ImageObject","inLanguage":"es","@id":"https:\/\/littleloua.com\/es\/producto\/wooden-baby-mobile-arm\/#primaryimage","url":"https:\/\/littleloua.com\/wp-content\/uploads\/2023\/07\/93BB2C85-9464-450C-8031-BD872843B3ED-2-scaled.jpeg","contentUrl":"https:\/\/littleloua.com\/wp-content\/uploads\/2023\/07\/93BB2C85-9464-450C-8031-BD872843B3ED-2-scaled.jpeg","width":1707,"height":2560},{"@type":"BreadcrumbList","@id":"https:\/\/littleloua.com\/es\/producto\/wooden-baby-mobile-arm\/#breadcrumb","itemListElement":[{"@type":"ListItem","position":1,"name":"Home","item":"https:\/\/littleloua.com\/es\/inicio-2\/"},{"@type":"ListItem","position":2,"name":"Tienda","item":"https:\/\/littleloua.com\/es\/tienda\/"},{"@type":"ListItem","position":3,"name":"Wooden baby mobile arm"}]},{"@type":"WebSite","@id":"https:\/\/littleloua.com\/es\/#website","url":"https:\/\/littleloua.com\/es\/","name":"Little Loua","description":"Handmade Baby mobiles created with love","potentialAction":[{"@type":"SearchAction","target":{"@type":"EntryPoint","urlTemplate":"https:\/\/littleloua.com\/es\/?s={search_term_string}"},"query-input":{"@type":"PropertyValueSpecification","valueRequired":true,"valueName":"search_term_string"}}],"inLanguage":"es"}]}},"_links":{"self":[{"href":"https:\/\/littleloua.com\/es\/wp-json\/wp\/v2\/product\/15343","targetHints":{"allow":["GET"]}}],"collection":[{"href":"https:\/\/littleloua.com\/es\/wp-json\/wp\/v2\/product"}],"about":[{"href":"https:\/\/littleloua.com\/es\/wp-json\/wp\/v2\/types\/product"}],"version-history":[{"count":0,"href":"https:\/\/littleloua.com\/es\/wp-json\/wp\/v2\/product\/15343\/revisions"}],"wp:featuredmedia":[{"embeddable":true,"href":"https:\/\/littleloua.com\/es\/wp-json\/wp\/v2\/media\/11771"}],"wp:attachment":[{"href":"https:\/\/littleloua.com\/es\/wp-json\/wp\/v2\/media?parent=15343"}],"wp:term":[{"taxonomy":"product_brand","embeddable":true,"href":"https:\/\/littleloua.com\/es\/wp-json\/wp\/v2\/product_brand?post=15343"},{"taxonomy":"product_cat","embeddable":true,"href":"https:\/\/littleloua.com\/es\/wp-json\/wp\/v2\/product_cat?post=15343"},{"taxonomy":"product_tag","embeddable":true,"href":"https:\/\/littleloua.com\/es\/wp-json\/wp\/v2\/product_tag?post=15343"}],"curies":[{"name":"wp","href":"https:\/\/api.w.org\/{rel}","templated":true}]}}