{"id":12463,"date":"2024-05-06T13:52:18","date_gmt":"2024-05-06T11:52:18","guid":{"rendered":"https:\/\/littleloua.com\/?post_type=product&#038;p=12463"},"modified":"2026-04-14T11:12:44","modified_gmt":"2026-04-14T09:12:44","slug":"movil-para-bebe-dinosaurios-hecho-a-mano","status":"publish","type":"product","link":"https:\/\/littleloua.com\/es\/producto\/movil-para-bebe-dinosaurios-hecho-a-mano\/","title":{"rendered":"M\u00f3vil para beb\u00e9 dinosaurios hecho a mano"},"content":{"rendered":"<h2>M\u00f3vil dinosaurios de madera hecho a mano para beb\u00e9<\/h2>\n<p>\u00a1Descubre el encanto del m\u00f3vil para beb\u00e9s con dinosaurios! Nuestro m\u00f3vil, hecho a mano, es la adici\u00f3n perfecta para la habitaci\u00f3n de tu peque\u00f1o tesoro. Con nubes delicadas, estrellas doradas y un simp\u00e1tico dinosaurio verde que cuelga suavemente de un anillo de madera, este m\u00f3vil a\u00f1ade una atm\u00f3sfera tranquilizadora a cualquier espacio.<\/p>\n<p><img fetchpriority=\"high\" decoding=\"async\" class=\"alignnone size-medium wp-image-12472\" src=\"https:\/\/littleloua.com\/wp-content\/uploads\/2024\/05\/42B61FD6-695F-4091-B068-256AD5521EEE-2-200x300.jpg\" alt=\"\" width=\"200\" height=\"300\" srcset=\"https:\/\/littleloua.com\/wp-content\/uploads\/2024\/05\/42B61FD6-695F-4091-B068-256AD5521EEE-2-200x300.jpg 200w, https:\/\/littleloua.com\/wp-content\/uploads\/2024\/05\/42B61FD6-695F-4091-B068-256AD5521EEE-2-683x1024.jpg 683w, https:\/\/littleloua.com\/wp-content\/uploads\/2024\/05\/42B61FD6-695F-4091-B068-256AD5521EEE-2-768x1152.jpg 768w, https:\/\/littleloua.com\/wp-content\/uploads\/2024\/05\/42B61FD6-695F-4091-B068-256AD5521EEE-2-1024x1536.jpg 1024w, https:\/\/littleloua.com\/wp-content\/uploads\/2024\/05\/42B61FD6-695F-4091-B068-256AD5521EEE-2-1366x2048.jpg 1366w, https:\/\/littleloua.com\/wp-content\/uploads\/2024\/05\/42B61FD6-695F-4091-B068-256AD5521EEE-2-1200x1799.jpg 1200w, https:\/\/littleloua.com\/wp-content\/uploads\/2024\/05\/42B61FD6-695F-4091-B068-256AD5521EEE-2-600x900.jpg 600w, https:\/\/littleloua.com\/wp-content\/uploads\/2024\/05\/42B61FD6-695F-4091-B068-256AD5521EEE-2-150x225.jpg 150w, https:\/\/littleloua.com\/wp-content\/uploads\/2024\/05\/42B61FD6-695F-4091-B068-256AD5521EEE-2-scaled.jpg 1707w\" sizes=\"(max-width: 200px) 100vw, 200px\" \/> <img decoding=\"async\" class=\"alignnone size-medium wp-image-12477\" src=\"https:\/\/littleloua.com\/wp-content\/uploads\/2024\/05\/92E2B09E-EE13-4A9B-AE2F-5AE84B19D758-2-200x300.jpg\" alt=\"\" width=\"200\" height=\"300\" srcset=\"https:\/\/littleloua.com\/wp-content\/uploads\/2024\/05\/92E2B09E-EE13-4A9B-AE2F-5AE84B19D758-2-200x300.jpg 200w, https:\/\/littleloua.com\/wp-content\/uploads\/2024\/05\/92E2B09E-EE13-4A9B-AE2F-5AE84B19D758-2-683x1024.jpg 683w, https:\/\/littleloua.com\/wp-content\/uploads\/2024\/05\/92E2B09E-EE13-4A9B-AE2F-5AE84B19D758-2-768x1152.jpg 768w, https:\/\/littleloua.com\/wp-content\/uploads\/2024\/05\/92E2B09E-EE13-4A9B-AE2F-5AE84B19D758-2-1024x1536.jpg 1024w, https:\/\/littleloua.com\/wp-content\/uploads\/2024\/05\/92E2B09E-EE13-4A9B-AE2F-5AE84B19D758-2-1366x2048.jpg 1366w, https:\/\/littleloua.com\/wp-content\/uploads\/2024\/05\/92E2B09E-EE13-4A9B-AE2F-5AE84B19D758-2-1200x1799.jpg 1200w, https:\/\/littleloua.com\/wp-content\/uploads\/2024\/05\/92E2B09E-EE13-4A9B-AE2F-5AE84B19D758-2-600x900.jpg 600w, https:\/\/littleloua.com\/wp-content\/uploads\/2024\/05\/92E2B09E-EE13-4A9B-AE2F-5AE84B19D758-2-150x225.jpg 150w, https:\/\/littleloua.com\/wp-content\/uploads\/2024\/05\/92E2B09E-EE13-4A9B-AE2F-5AE84B19D758-2-scaled.jpg 1707w\" sizes=\"(max-width: 200px) 100vw, 200px\" \/> <img decoding=\"async\" class=\"alignnone size-medium wp-image-12482\" src=\"https:\/\/littleloua.com\/wp-content\/uploads\/2024\/05\/42590B31-5578-4443-9FE2-3EBA1CE94625-2-200x300.jpg\" alt=\"\" width=\"200\" height=\"300\" srcset=\"https:\/\/littleloua.com\/wp-content\/uploads\/2024\/05\/42590B31-5578-4443-9FE2-3EBA1CE94625-2-200x300.jpg 200w, https:\/\/littleloua.com\/wp-content\/uploads\/2024\/05\/42590B31-5578-4443-9FE2-3EBA1CE94625-2-683x1024.jpg 683w, https:\/\/littleloua.com\/wp-content\/uploads\/2024\/05\/42590B31-5578-4443-9FE2-3EBA1CE94625-2-768x1152.jpg 768w, https:\/\/littleloua.com\/wp-content\/uploads\/2024\/05\/42590B31-5578-4443-9FE2-3EBA1CE94625-2-1024x1536.jpg 1024w, https:\/\/littleloua.com\/wp-content\/uploads\/2024\/05\/42590B31-5578-4443-9FE2-3EBA1CE94625-2-1366x2048.jpg 1366w, https:\/\/littleloua.com\/wp-content\/uploads\/2024\/05\/42590B31-5578-4443-9FE2-3EBA1CE94625-2-1200x1799.jpg 1200w, https:\/\/littleloua.com\/wp-content\/uploads\/2024\/05\/42590B31-5578-4443-9FE2-3EBA1CE94625-2-600x900.jpg 600w, https:\/\/littleloua.com\/wp-content\/uploads\/2024\/05\/42590B31-5578-4443-9FE2-3EBA1CE94625-2-150x225.jpg 150w, https:\/\/littleloua.com\/wp-content\/uploads\/2024\/05\/42590B31-5578-4443-9FE2-3EBA1CE94625-2-scaled.jpg 1707w\" sizes=\"(max-width: 200px) 100vw, 200px\" \/> <img loading=\"lazy\" decoding=\"async\" class=\"alignnone size-medium wp-image-12487\" src=\"https:\/\/littleloua.com\/wp-content\/uploads\/2024\/05\/A9F1581C-4D5C-4624-B0CB-D7BAE1B5E711-2-200x300.jpg\" alt=\"\" width=\"200\" height=\"300\" srcset=\"https:\/\/littleloua.com\/wp-content\/uploads\/2024\/05\/A9F1581C-4D5C-4624-B0CB-D7BAE1B5E711-2-200x300.jpg 200w, https:\/\/littleloua.com\/wp-content\/uploads\/2024\/05\/A9F1581C-4D5C-4624-B0CB-D7BAE1B5E711-2-683x1024.jpg 683w, https:\/\/littleloua.com\/wp-content\/uploads\/2024\/05\/A9F1581C-4D5C-4624-B0CB-D7BAE1B5E711-2-768x1152.jpg 768w, https:\/\/littleloua.com\/wp-content\/uploads\/2024\/05\/A9F1581C-4D5C-4624-B0CB-D7BAE1B5E711-2-1024x1536.jpg 1024w, https:\/\/littleloua.com\/wp-content\/uploads\/2024\/05\/A9F1581C-4D5C-4624-B0CB-D7BAE1B5E711-2-1366x2048.jpg 1366w, https:\/\/littleloua.com\/wp-content\/uploads\/2024\/05\/A9F1581C-4D5C-4624-B0CB-D7BAE1B5E711-2-1200x1799.jpg 1200w, https:\/\/littleloua.com\/wp-content\/uploads\/2024\/05\/A9F1581C-4D5C-4624-B0CB-D7BAE1B5E711-2-600x900.jpg 600w, https:\/\/littleloua.com\/wp-content\/uploads\/2024\/05\/A9F1581C-4D5C-4624-B0CB-D7BAE1B5E711-2-150x225.jpg 150w, https:\/\/littleloua.com\/wp-content\/uploads\/2024\/05\/A9F1581C-4D5C-4624-B0CB-D7BAE1B5E711-2-scaled.jpg 1707w\" sizes=\"(max-width: 200px) 100vw, 200px\" \/><\/p>\n<p>&nbsp;<\/p>\n<h2>La Composici\u00f3n de Nuestro M\u00f3vil de dinosaurios<\/h2>\n<p>El suave balanceo del dinosaurio y los movimientos calmados de las nubes y estrellas ayudar\u00e1n a tu beb\u00e9 a conciliar un sue\u00f1o profundo. Los colores relajantes y el dise\u00f1o amoroso del m\u00f3vil no solo lo convierten en una hermosa decoraci\u00f3n, sino tambi\u00e9n en una maravillosa manera de estimular los sentidos de tu beb\u00e9 y despertar su curiosidad.<\/p>\n<h2>Un M\u00f3vil Ecol\u00f3gico y tradicional con un aire moderno<\/h2>\n<p>Nuestro dinosaurios Mobile es m\u00e1s que una simple decoraci\u00f3n. Gracias a la artesan\u00eda de alta calidad y los materiales sostenibles, es la adici\u00f3n perfecta para la habitaci\u00f3n de tu beb\u00e9:<\/p>\n<ol>\n<li><strong>Dimensiones armoniosas<\/strong>: Con un generoso di\u00e1metro de 24 cm y una altura de 50 cm, este m\u00f3vil ha sido cuidadosamente elaborado para cautivar la atenci\u00f3n de tu peque\u00f1o y realzar la est\u00e9tica de la habitaci\u00f3n.<\/li>\n<li><strong>Materiales Ecol\u00f3gicos de Primera Calidad<\/strong>: Priorizamos la sostenibilidad al usar materiales de alta calidad como fieltro, hilo de algod\u00f3n y madera, junto con relleno hipoalerg\u00e9nico. Tu beb\u00e9 es nuestra m\u00e1xima preocupaci\u00f3n.<\/li>\n<li><strong>Dise\u00f1o Elegante<\/strong>: El dise\u00f1o refinado del m\u00f3vil a\u00f1ade un toque de sofisticaci\u00f3n a la habitaci\u00f3n de tu beb\u00e9, haci\u00e9ndolo una elecci\u00f3n elegante para los padres modernos.<\/li>\n<li>&#8211; <strong>Texturas y Colores Juguetones<\/strong>: Hemos incorporado texturas l\u00fadicas y una paleta de colores vibrantes para deleitar los sentidos de tu beb\u00e9 y estimular su curiosidad.<\/li>\n<li><strong>Elementos Hechos a Mano \u00danicos<\/strong>: Cada m\u00f3vil es \u00fanico, con elementos cosidos a mano que muestran la artesan\u00eda y el cuidado puestos en su creaci\u00f3n.<\/li>\n<\/ol>\n<h2>Acerca de Nuestras Creaciones Artesanales<\/h2>\n<p>Cada art\u00edculo que creamos es una obra de arte \u00fanica y hecha a mano. Aunque nos esforzamos por intentar que las fotos representen fielmente nuestros art\u00edculos, podr\u00edas notar peque\u00f1as variaciones en los detalles de nuestras creaciones. Esto se debe a que cada art\u00edculo se elabora con cuidado de uno en uno por manos humanas, no por m\u00e1quinas.<\/p>\n<p>Para mantener la apariencia del m\u00f3vil de dinosaurios, te sugerimos evitar lavarlo. El m\u00f3vil se ha limpiado minuciosamente antes del env\u00edo para garantizar su condici\u00f3n impecable.<\/p>\n<p>Si tienes alguna pregunta o necesitas ayuda, no dudes en contactarnos. Intentamos responder a tus consultas lo antes posible.<\/p>\n<h2>Garantizando la Seguridad de tu M\u00f3vil de dinosaurios<\/h2>\n<p>Nuestros m\u00f3viles musicales para beb\u00e9s est\u00e1n dise\u00f1ados \u00fanicamente con fines decorativos y no se consideran juguetes. Es importante mantener el m\u00f3vil de dinosaurios fuera del alcance de tu hijo en todo momento. Cuelga el m\u00f3vil de manera segura sobre la cuna, a unos 30 cm de distancia de tu beb\u00e9.<\/p>\n<p>Cuando actives el m\u00f3vil, aseg\u00farate de que tu hijo est\u00e9 mirando hacia adelante. Coloca el m\u00f3vil en el centro de la cuna para una comodidad \u00f3ptima.<\/p>\n<p>Por razones de seguridad, evita colgarlo demasiado bajo, asegur\u00e1ndote de que la altura sea de al menos 30 cm. Colgar el m\u00f3vil m\u00e1s bajo podr\u00eda hacer que tu hijo tire de los juguetes de peluche, lo que podr\u00eda hacer que la estructura caiga sobre \u00e9l, lo que podr\u00eda causar problemas de visi\u00f3n y hematomas.<\/p>\n<p>\u00bfQuieres darle a tu beb\u00e9 algo m\u00e1s? Transforma f\u00e1cilmente la habitaci\u00f3n de tu beb\u00e9 en un oasis de sue\u00f1o y tranquilidad combinando nuestro M\u00f3vil de dinosaurios con nuestro Soporte de Madera Giratorio. \u00a1Y no te olvides de agregar nuestra caja de m\u00fasica con bater\u00eda a la mezcla!<\/p>\n<p>\u00a1Y a\u00fan hay m\u00e1s! Aqu\u00ed tienes <strong>una ventaja adicional<\/strong>: \u00a1Disfruta de la entrega gratuita a tu puerta en compras superiores a 100 euros!<\/p>\n","protected":false},"excerpt":{"rendered":"<p>\u00a1Descubre el encanto del m\u00f3vil para beb\u00e9s con dinosaurios! Nuestro m\u00f3vil, hecho a mano, es la adici\u00f3n perfecta para la habitaci\u00f3n de tu peque\u00f1o tesoro. Con nubes delicadas, estrellas doradas y un simp\u00e1tico dinosaurio verde que cuelga suavemente de un anillo de madera, este m\u00f3vil a\u00f1ade una atm\u00f3sfera tranquilizadora a cualquier espacio.<br \/>\nEl suave balanceo del dinosaurio y los movimientos calmados de las nubes y estrellas ayudar\u00e1n a tu beb\u00e9 a conciliar un sue\u00f1o profundo. Los colores relajantes y el dise\u00f1o amoroso del m\u00f3vil no solo lo convierten en una hermosa decoraci\u00f3n, sino tambi\u00e9n en una maravillosa manera de estimular los sentidos de tu beb\u00e9 y despertar su curiosidad.<\/p>\n","protected":false},"featured_media":12509,"template":"","meta":{"_acf_changed":false},"product_brand":[],"product_cat":[120],"product_tag":[116,330,117,115],"class_list":{"0":"post-12463","1":"product","2":"type-product","3":"status-publish","4":"has-post-thumbnail","6":"product_cat-movile-cuna","7":"product_tag-canalizable","8":"product_tag-discount","9":"product_tag-ds-es","10":"product_tag-engels-es","12":"first","13":"instock","14":"shipping-taxable","15":"purchasable","16":"product-type-simple"},"acf":[],"yoast_head":"<!-- This site is optimized with the Yoast SEO plugin v27.4 - https:\/\/yoast.com\/product\/yoast-seo-wordpress\/ -->\n<title>M\u00f3vil para Beb\u00e9 dinosaurios Hecho a Mano | a | Little Loua<\/title>\n<meta name=\"description\" content=\"A\u00f1ade encanto y alegr\u00eda a la cuna de tu beb\u00e9 con nuestro M\u00f3vil para Beb\u00e9 dinosaurios, hecho a mano con esmero.\u00a1Desc\u00fabrelo ahora!\" \/>\n<meta name=\"robots\" content=\"index, follow, max-snippet:-1, max-image-preview:large, max-video-preview:-1\" \/>\n<link rel=\"canonical\" href=\"https:\/\/littleloua.com\/es\/producto\/movil-para-bebe-dinosaurios-hecho-a-mano\/\" \/>\n<meta property=\"og:locale\" content=\"es_ES\" \/>\n<meta property=\"og:type\" content=\"article\" \/>\n<meta property=\"og:title\" content=\"M\u00f3vil para Beb\u00e9 dinosaurios Hecho a Mano | a | Little Loua\" \/>\n<meta property=\"og:description\" content=\"A\u00f1ade encanto y alegr\u00eda a la cuna de tu beb\u00e9 con nuestro M\u00f3vil para Beb\u00e9 dinosaurios, hecho a mano con esmero.\u00a1Desc\u00fabrelo ahora!\" \/>\n<meta property=\"og:url\" content=\"https:\/\/littleloua.com\/es\/producto\/movil-para-bebe-dinosaurios-hecho-a-mano\/\" \/>\n<meta property=\"og:site_name\" content=\"Little Loua\" \/>\n<meta property=\"article:publisher\" content=\"https:\/\/www.facebook.com\/littleloua\" \/>\n<meta property=\"article:modified_time\" content=\"2026-04-14T09:12:44+00:00\" \/>\n<meta property=\"og:image\" content=\"https:\/\/littleloua.com\/wp-content\/uploads\/2024\/05\/F6D8A6C9-931A-4B38-AC18-450E0CBCC320-3-scaled.jpg\" \/>\n\t<meta property=\"og:image:width\" content=\"1707\" \/>\n\t<meta property=\"og:image:height\" content=\"2560\" \/>\n\t<meta property=\"og:image:type\" content=\"image\/jpeg\" \/>\n<meta name=\"twitter:card\" content=\"summary_large_image\" \/>\n<meta name=\"twitter:label1\" content=\"Tiempo de lectura\" \/>\n\t<meta name=\"twitter:data1\" content=\"4 minutos\" \/>\n<script type=\"application\/ld+json\" class=\"yoast-schema-graph\">{\"@context\":\"https:\\\/\\\/schema.org\",\"@graph\":[{\"@type\":\"WebPage\",\"@id\":\"https:\\\/\\\/littleloua.com\\\/es\\\/producto\\\/movil-para-bebe-dinosaurios-hecho-a-mano\\\/\",\"url\":\"https:\\\/\\\/littleloua.com\\\/es\\\/producto\\\/movil-para-bebe-dinosaurios-hecho-a-mano\\\/\",\"name\":\"M\u00f3vil para Beb\u00e9 dinosaurios Hecho a Mano | a | Little Loua\",\"isPartOf\":{\"@id\":\"https:\\\/\\\/littleloua.com\\\/es\\\/#website\"},\"primaryImageOfPage\":{\"@id\":\"https:\\\/\\\/littleloua.com\\\/es\\\/producto\\\/movil-para-bebe-dinosaurios-hecho-a-mano\\\/#primaryimage\"},\"image\":{\"@id\":\"https:\\\/\\\/littleloua.com\\\/es\\\/producto\\\/movil-para-bebe-dinosaurios-hecho-a-mano\\\/#primaryimage\"},\"thumbnailUrl\":\"https:\\\/\\\/littleloua.com\\\/wp-content\\\/uploads\\\/2024\\\/05\\\/F6D8A6C9-931A-4B38-AC18-450E0CBCC320-3-scaled.jpg\",\"datePublished\":\"2024-05-06T11:52:18+00:00\",\"dateModified\":\"2026-04-14T09:12:44+00:00\",\"description\":\"A\u00f1ade encanto y alegr\u00eda a la cuna de tu beb\u00e9 con nuestro M\u00f3vil para Beb\u00e9 dinosaurios, hecho a mano con esmero.\u00a1Desc\u00fabrelo ahora!\",\"breadcrumb\":{\"@id\":\"https:\\\/\\\/littleloua.com\\\/es\\\/producto\\\/movil-para-bebe-dinosaurios-hecho-a-mano\\\/#breadcrumb\"},\"inLanguage\":\"es\",\"potentialAction\":[{\"@type\":\"ReadAction\",\"target\":[\"https:\\\/\\\/littleloua.com\\\/es\\\/producto\\\/movil-para-bebe-dinosaurios-hecho-a-mano\\\/\"]}]},{\"@type\":\"ImageObject\",\"inLanguage\":\"es\",\"@id\":\"https:\\\/\\\/littleloua.com\\\/es\\\/producto\\\/movil-para-bebe-dinosaurios-hecho-a-mano\\\/#primaryimage\",\"url\":\"https:\\\/\\\/littleloua.com\\\/wp-content\\\/uploads\\\/2024\\\/05\\\/F6D8A6C9-931A-4B38-AC18-450E0CBCC320-3-scaled.jpg\",\"contentUrl\":\"https:\\\/\\\/littleloua.com\\\/wp-content\\\/uploads\\\/2024\\\/05\\\/F6D8A6C9-931A-4B38-AC18-450E0CBCC320-3-scaled.jpg\",\"width\":1707,\"height\":2560},{\"@type\":\"BreadcrumbList\",\"@id\":\"https:\\\/\\\/littleloua.com\\\/es\\\/producto\\\/movil-para-bebe-dinosaurios-hecho-a-mano\\\/#breadcrumb\",\"itemListElement\":[{\"@type\":\"ListItem\",\"position\":1,\"name\":\"Home\",\"item\":\"https:\\\/\\\/littleloua.com\\\/es\\\/\"},{\"@type\":\"ListItem\",\"position\":2,\"name\":\"Tienda\",\"item\":\"https:\\\/\\\/littleloua.com\\\/es\\\/tienda\\\/\"},{\"@type\":\"ListItem\",\"position\":3,\"name\":\"M\u00f3vil para beb\u00e9 dinosaurios hecho a mano\"}]},{\"@type\":\"WebSite\",\"@id\":\"https:\\\/\\\/littleloua.com\\\/es\\\/#website\",\"url\":\"https:\\\/\\\/littleloua.com\\\/es\\\/\",\"name\":\"Little Loua\",\"description\":\"Handmade Baby mobiles created with love\",\"potentialAction\":[{\"@type\":\"SearchAction\",\"target\":{\"@type\":\"EntryPoint\",\"urlTemplate\":\"https:\\\/\\\/littleloua.com\\\/es\\\/?s={search_term_string}\"},\"query-input\":{\"@type\":\"PropertyValueSpecification\",\"valueRequired\":true,\"valueName\":\"search_term_string\"}}],\"inLanguage\":\"es\"}]}<\/script>\n<!-- \/ Yoast SEO plugin. -->","yoast_head_json":{"title":"M\u00f3vil para Beb\u00e9 dinosaurios Hecho a Mano | a | Little Loua","description":"A\u00f1ade encanto y alegr\u00eda a la cuna de tu beb\u00e9 con nuestro M\u00f3vil para Beb\u00e9 dinosaurios, hecho a mano con esmero.\u00a1Desc\u00fabrelo ahora!","robots":{"index":"index","follow":"follow","max-snippet":"max-snippet:-1","max-image-preview":"max-image-preview:large","max-video-preview":"max-video-preview:-1"},"canonical":"https:\/\/littleloua.com\/es\/producto\/movil-para-bebe-dinosaurios-hecho-a-mano\/","og_locale":"es_ES","og_type":"article","og_title":"M\u00f3vil para Beb\u00e9 dinosaurios Hecho a Mano | a | Little Loua","og_description":"A\u00f1ade encanto y alegr\u00eda a la cuna de tu beb\u00e9 con nuestro M\u00f3vil para Beb\u00e9 dinosaurios, hecho a mano con esmero.\u00a1Desc\u00fabrelo ahora!","og_url":"https:\/\/littleloua.com\/es\/producto\/movil-para-bebe-dinosaurios-hecho-a-mano\/","og_site_name":"Little Loua","article_publisher":"https:\/\/www.facebook.com\/littleloua","article_modified_time":"2026-04-14T09:12:44+00:00","og_image":[{"width":1707,"height":2560,"url":"https:\/\/littleloua.com\/wp-content\/uploads\/2024\/05\/F6D8A6C9-931A-4B38-AC18-450E0CBCC320-3-scaled.jpg","type":"image\/jpeg"}],"twitter_card":"summary_large_image","twitter_misc":{"Tiempo de lectura":"4 minutos"},"schema":{"@context":"https:\/\/schema.org","@graph":[{"@type":"WebPage","@id":"https:\/\/littleloua.com\/es\/producto\/movil-para-bebe-dinosaurios-hecho-a-mano\/","url":"https:\/\/littleloua.com\/es\/producto\/movil-para-bebe-dinosaurios-hecho-a-mano\/","name":"M\u00f3vil para Beb\u00e9 dinosaurios Hecho a Mano | a | Little Loua","isPartOf":{"@id":"https:\/\/littleloua.com\/es\/#website"},"primaryImageOfPage":{"@id":"https:\/\/littleloua.com\/es\/producto\/movil-para-bebe-dinosaurios-hecho-a-mano\/#primaryimage"},"image":{"@id":"https:\/\/littleloua.com\/es\/producto\/movil-para-bebe-dinosaurios-hecho-a-mano\/#primaryimage"},"thumbnailUrl":"https:\/\/littleloua.com\/wp-content\/uploads\/2024\/05\/F6D8A6C9-931A-4B38-AC18-450E0CBCC320-3-scaled.jpg","datePublished":"2024-05-06T11:52:18+00:00","dateModified":"2026-04-14T09:12:44+00:00","description":"A\u00f1ade encanto y alegr\u00eda a la cuna de tu beb\u00e9 con nuestro M\u00f3vil para Beb\u00e9 dinosaurios, hecho a mano con esmero.\u00a1Desc\u00fabrelo ahora!","breadcrumb":{"@id":"https:\/\/littleloua.com\/es\/producto\/movil-para-bebe-dinosaurios-hecho-a-mano\/#breadcrumb"},"inLanguage":"es","potentialAction":[{"@type":"ReadAction","target":["https:\/\/littleloua.com\/es\/producto\/movil-para-bebe-dinosaurios-hecho-a-mano\/"]}]},{"@type":"ImageObject","inLanguage":"es","@id":"https:\/\/littleloua.com\/es\/producto\/movil-para-bebe-dinosaurios-hecho-a-mano\/#primaryimage","url":"https:\/\/littleloua.com\/wp-content\/uploads\/2024\/05\/F6D8A6C9-931A-4B38-AC18-450E0CBCC320-3-scaled.jpg","contentUrl":"https:\/\/littleloua.com\/wp-content\/uploads\/2024\/05\/F6D8A6C9-931A-4B38-AC18-450E0CBCC320-3-scaled.jpg","width":1707,"height":2560},{"@type":"BreadcrumbList","@id":"https:\/\/littleloua.com\/es\/producto\/movil-para-bebe-dinosaurios-hecho-a-mano\/#breadcrumb","itemListElement":[{"@type":"ListItem","position":1,"name":"Home","item":"https:\/\/littleloua.com\/es\/"},{"@type":"ListItem","position":2,"name":"Tienda","item":"https:\/\/littleloua.com\/es\/tienda\/"},{"@type":"ListItem","position":3,"name":"M\u00f3vil para beb\u00e9 dinosaurios hecho a mano"}]},{"@type":"WebSite","@id":"https:\/\/littleloua.com\/es\/#website","url":"https:\/\/littleloua.com\/es\/","name":"Little Loua","description":"Handmade Baby mobiles created with love","potentialAction":[{"@type":"SearchAction","target":{"@type":"EntryPoint","urlTemplate":"https:\/\/littleloua.com\/es\/?s={search_term_string}"},"query-input":{"@type":"PropertyValueSpecification","valueRequired":true,"valueName":"search_term_string"}}],"inLanguage":"es"}]}},"_links":{"self":[{"href":"https:\/\/littleloua.com\/es\/wp-json\/wp\/v2\/product\/12463","targetHints":{"allow":["GET"]}}],"collection":[{"href":"https:\/\/littleloua.com\/es\/wp-json\/wp\/v2\/product"}],"about":[{"href":"https:\/\/littleloua.com\/es\/wp-json\/wp\/v2\/types\/product"}],"version-history":[{"count":1,"href":"https:\/\/littleloua.com\/es\/wp-json\/wp\/v2\/product\/12463\/revisions"}],"predecessor-version":[{"id":22831,"href":"https:\/\/littleloua.com\/es\/wp-json\/wp\/v2\/product\/12463\/revisions\/22831"}],"wp:featuredmedia":[{"embeddable":true,"href":"https:\/\/littleloua.com\/es\/wp-json\/wp\/v2\/media\/12509"}],"wp:attachment":[{"href":"https:\/\/littleloua.com\/es\/wp-json\/wp\/v2\/media?parent=12463"}],"wp:term":[{"taxonomy":"product_brand","embeddable":true,"href":"https:\/\/littleloua.com\/es\/wp-json\/wp\/v2\/product_brand?post=12463"},{"taxonomy":"product_cat","embeddable":true,"href":"https:\/\/littleloua.com\/es\/wp-json\/wp\/v2\/product_cat?post=12463"},{"taxonomy":"product_tag","embeddable":true,"href":"https:\/\/littleloua.com\/es\/wp-json\/wp\/v2\/product_tag?post=12463"}],"curies":[{"name":"wp","href":"https:\/\/api.w.org\/{rel}","templated":true}]}}