{"id":7853,"date":"2023-06-27T12:05:03","date_gmt":"2023-06-27T10:05:03","guid":{"rendered":"https:\/\/littleloua.com\/\/condiciones-generales\/"},"modified":"2024-03-01T13:24:51","modified_gmt":"2024-03-01T12:24:51","slug":"condiciones-generales","status":"publish","type":"page","link":"https:\/\/littleloua.com\/es\/condiciones-generales\/","title":{"rendered":"Condiciones generales"},"content":{"rendered":"\t\t<div data-elementor-type=\"wp-page\" data-elementor-id=\"7853\" class=\"elementor elementor-7853 elementor-585\" data-elementor-post-type=\"page\">\n\t\t\t\t<div class=\"elementor-element elementor-element-d69a11d e-flex e-con-boxed e-con e-parent\" data-id=\"d69a11d\" data-element_type=\"container\">\n\t\t\t\t\t<div class=\"e-con-inner\">\n\t\t\t\t<div class=\"elementor-element elementor-element-0c8f726 elementor-widget__width-initial elementor-invisible elementor-widget elementor-widget-heading\" data-id=\"0c8f726\" data-element_type=\"widget\" data-settings=\"{&quot;_animation&quot;:&quot;fadeIn&quot;}\" data-widget_type=\"heading.default\">\n\t\t\t\t<div class=\"elementor-widget-container\">\n\t\t\t\t\t<h2 class=\"elementor-heading-title elementor-size-default\">Condiciones generales<\/h2>\t\t\t\t<\/div>\n\t\t\t\t<\/div>\n\t\t\t\t<div class=\"elementor-element elementor-element-e037d80 color-scheme-inherit text-left elementor-widget elementor-widget-text-editor\" data-id=\"e037d80\" data-element_type=\"widget\" data-widget_type=\"text-editor.default\">\n\t\t\t\t<div class=\"elementor-widget-container\">\n\t\t\t\t\t\t\t\t\t<p>datos de la empresa:<\/p>\n<p>Peque\u00f1a Loua vof<br \/>Calle Sluisstraat 11<br \/>8710 Ooigem<\/p>\n<p>BE 0805 228 672<\/p>\n<p>https:\/\/littleloua.com\/<br \/>hello@littleloua.com<br \/>condiciones generales<\/p>\n<p>Estas condiciones generales se aplican a todas las ofertas de Little Loua.<\/p>\n<p>Al realizar un pedido, indica que est\u00e1 de acuerdo con las condiciones de entrega y pago. Little Loua se reserva el derecho de modificar sus condiciones de entrega y\/o de pago despu\u00e9s del vencimiento del plazo.<\/p>\n<p>A menos que se acuerde lo contrario por escrito, las condiciones generales o espec\u00edficas o las estipulaciones de terceros no son reconocidas por Little Loua.<\/p>\n<p>Pago seguro<\/p>\n<p>Para realizar pagos seguros en l\u00ednea, Little Loua colabora con la conocida empresa Mollie. Como empresa internacional en el \u00e1mbito de los pagos en l\u00ednea para el comercio electr\u00f3nico, Mollie le garantiza un procesamiento 100% seguro.<br \/>Tanto si elige bancontact, visa o cualquier otro m\u00e9todo, la transacci\u00f3n siempre se realiza a trav\u00e9s de un sitio asegurado con varios cortafuegos directamente entre Mollie y el comprador. Ni Little Loua ni terceros pueden ver su n\u00famero de tarjeta u otra informaci\u00f3n. Entre otras cosas, Mollie verifica la validez de su tarjeta, el n\u00famero de tarjeta y los derechos de acceso de su tarjeta de cr\u00e9dito y notifica a Little Loua cuando todo est\u00e1 en orden y se ejecutar\u00e1 el pago.<\/p>\n<p>Esto confirmar\u00e1 inmediatamente su pedido y proceder\u00e1 al env\u00edo del mismo.<\/p>\n<p>Puede pagar f\u00e1cilmente con:<br \/>&#8211; Bancontact\/Mister Cash<br \/>&#8211; Visado<br \/>&#8211; MasterCard<br \/>&#8211; American Express<\/p>\n<p>Si desea pagar mediante transferencia manual, tambi\u00e9n es posible, pero esto ralentiza el proceso de confirmaci\u00f3n del pedido y, por tanto, el env\u00edo.<\/p>\n<p>entrega y plazo de entrega<\/p>\n<p>La entrega se realiza hasta fin de existencias. La entrega de los productos se realiza en la direcci\u00f3n de entrega facilitada por el comprador.<\/p>\n<p>Seg\u00fan las normas de la venta a distancia, Little Loua ejecutar\u00e1 las \u00f3rdenes en un plazo m\u00ednimo de 30 d\u00edas. Si esto no es posible (porque el pedido est\u00e1 agotado o ya no est\u00e1 disponible), o se produce un retraso por otros motivos, o un pedido no puede ejecutarse o s\u00f3lo puede ejecutarse parcialmente, recibir\u00e1 un mensaje en un plazo de 14 d\u00edas a partir de la realizaci\u00f3n del pedido y, en ese caso, tendr\u00e1 derecho a cancelar el pedido sin coste y sin previo aviso.<\/p>\n<p>Little Loua no se hace responsable si el plazo de entrega se sobrepasa debido a la acci\u00f3n del transportista, ni en caso de p\u00e9rdida de los productos o huelga. El comprador es consciente de los riesgos del transporte y debe dirigir sus preguntas al respecto al transportista.<\/p>\n<p>precios<\/p>\n<p>Todos los precios incluyen el 21% de IVA.<\/p>\n<p>Los precios no se incrementar\u00e1n durante la vigencia de la oferta, salvo que sea necesario por medidas legales o si el fabricante aplica incrementos de precios provisionales.<\/p>\n<p>Todos los precios del sitio est\u00e1n sujetos a errores de impresi\u00f3n y composici\u00f3n tipogr\u00e1fica. No se acepta ninguna responsabilidad por las consecuencias de los errores de impresi\u00f3n y composici\u00f3n tipogr\u00e1fica.<\/p>\n<p>oferta<\/p>\n<p>Si tiene preguntas espec\u00edficas sobre, por ejemplo, las dimensiones, el color, la disponibilidad, el plazo o el m\u00e9todo de entrega, p\u00f3ngase en contacto con Little Loua con antelaci\u00f3n.<\/p>\n<p>Los pedidos en l\u00ednea pueden rechazarse si el producto ya se ha vendido en la tienda antes del pago en l\u00ednea. Se le notificar\u00e1 por correo electr\u00f3nico.<\/p>\n<p>periodo de prueba \/ derecho de desistimiento<\/p>\n<p>Como consumidor particular, dispone de un plazo de 14 d\u00edas para renunciar a su compra. Si nuestros productos no se ajustan a sus necesidades, puede informar de ello y devolverlos siempre que el embalaje haya permanecido intacto y si no se trata de un producto encargado especialmente para usted. Por lo tanto, un paquete abierto no le permitir\u00e1 abandonar la compra. Este derecho de renuncia no se aplica a los clientes empresariales. Este derecho de renuncia no se aplica a los productos encargados especialmente para el cliente y\/o con un plazo de entrega de 1 o m\u00e1s semanas.<\/p>\n<p>Pasos para volver:<br \/>&#8211; env\u00edenos un correo electr\u00f3nico (hello@littleloua.com) indicando el motivo de la devoluci\u00f3n.<br \/>&#8211; recibir\u00e1 instrucciones para devolver el art\u00edculo por correo electr\u00f3nico.<br \/>&#8211; devuelva el art\u00edculo a la direcci\u00f3n de devoluci\u00f3n. Los gastos de devoluci\u00f3n correr\u00e1n a su cargo.<br \/>&#8211; Una vez recibido y aprobado, Little Loua le enviar\u00e1 un acuse de recibo por correo electr\u00f3nico. Recibir\u00e1 entonces un cr\u00e9dito v\u00e1lido durante 1 a\u00f1o.<\/p>\n<p>\u00bfPuedo cambiar o canjear un producto?<\/p>\n<p>Para canjearlo, debe asegurarse de que el embalaje est\u00e1 intacto y de que no se trata de un producto encargado especialmente para usted. Por lo tanto, un embalaje abierto no le permitir\u00e1 abandonar la compra.<\/p>\n<p>Plan de intercambio paso a paso:<br \/>&#8211; env\u00edenos un correo electr\u00f3nico (hello@littleloua.com) indicando el motivo de la devoluci\u00f3n.<br \/>&#8211; recibir\u00e1 por correo electr\u00f3nico instrucciones y un albar\u00e1n para devolver el art\u00edculo.<br \/>&#8211; devuelva el art\u00edculo a la direcci\u00f3n de devoluci\u00f3n. Los gastos de devoluci\u00f3n correr\u00e1n a su cargo.<br \/>&#8211; una vez recibido y aprobado, podemos cambiar y enviar el nuevo producto. El nuevo art\u00edculo, si est\u00e1 en stock, se enviar\u00e1 lo antes posible.<\/p>\n<p>\u00bfSe ha equivocado de art\u00edculo?<\/p>\n<p>Notif\u00edquenoslo a hello@littleloua.com en un plazo de 2 d\u00edas a partir de la recepci\u00f3n.<\/p>\n<p>\u00bfArt\u00edculo da\u00f1ado?<\/p>\n<p>Notif\u00edquenoslo a trav\u00e9s de hello@littleloua.combinnen en un plazo de 2 d\u00edas a partir de la recepci\u00f3n.<\/p>\n<p>Formule claramente los da\u00f1os acompa\u00f1\u00e1ndolos de fotos.<\/p>\n<p>Little Loua se reserva el derecho de rechazar devoluciones y no abonarlas o reembolsarlas si se sospecha que los art\u00edculos ya han sido utilizados o da\u00f1ados por causas ajenas a Little Loua o al proveedor del art\u00edculo.<\/p>\n<p>direcci\u00f3n del remitente:<br \/>Peque\u00f1a Loua vof<\/p>\n<p>Calle Sluisstraat 11<br \/>8710 Ooigem<br \/>BE 0805 228 672<\/p>\n<p>gesti\u00f3n de datos<\/p>\n<p>Si realiza un pedido a Little Loua, sus datos se incluir\u00e1n en nuestro fichero de clientes. Little Loua cumple la Ley de Protecci\u00f3n de Datos Personales y sus datos no se facilitar\u00e1n a terceros.<\/p>\n<p>Little Loua respeta su privacidad y garantiza un tratamiento confidencial de sus datos personales.<\/p>\n<p>Little Loua utiliza a veces una lista de correo. Cada correo contiene instrucciones sobre c\u00f3mo darse de baja de esta lista.<\/p>\n<p>garant\u00eda y conformidad<\/p>\n<p>Seg\u00fan la ley de 21 de septiembre de 2004 sobre protecci\u00f3n del consumidor en la venta de bienes de consumo, los consumidores tienen derechos legales. El periodo de garant\u00eda legal de dos a\u00f1os es totalmente v\u00e1lido a partir de la fecha de entrega.<\/p>\n<p>Para los productos comprados en l\u00ednea y entregados en el domicilio del comprador, en caso de defectos, el comprador deber\u00e1 ponerse en contacto con Little Loua con antelaci\u00f3n, tras lo cual el comprador deber\u00e1 devolver el producto (con la prueba de compra) a Little Loua a su cargo.<\/p>\n<p>Garantizamos que los productos y\/o servicios cumplen el acuerdo, las especificaciones mencionadas en la oferta, los requisitos razonables de solidez y\/o usabilidad y las disposiciones legales y\/o normativas gubernamentales vigentes en la fecha de celebraci\u00f3n del acuerdo.<\/p>\n<p>Est\u00e1 obligado a comprobar la mercanc\u00eda entregada inmediatamente despu\u00e9s de recibirla. Si parece que el producto entregado es err\u00f3neo, defectuoso o incompleto, debe (antes de proceder a su devoluci\u00f3n a Little Loua) informar inmediatamente de estos defectos por escrito a Little Loua.<\/p>\n<p>ofrece<\/p>\n<p>Las ofertas son sin compromiso, salvo que se indique lo contrario en la oferta. Tras la aceptaci\u00f3n de una oferta no vinculante por su parte, Little Loua se reserva el derecho de revocar o desviarse de la oferta en un plazo de 3 d\u00edas h\u00e1biles a partir de la recepci\u00f3n de dicha aceptaci\u00f3n.<\/p>\n<p>Los compromisos verbales s\u00f3lo comprometen a la Peque\u00f1a Loua despu\u00e9s de haber sido confirmados expl\u00edcitamente por escrito.<\/p>\n<p>Las ofertas de Little Loua no se aplican autom\u00e1ticamente a los pedidos repetidos. Little Loua no podr\u00e1 ser considerada responsable de su oferta si usted hubiera debido entender que la oferta, o parte de la misma, conten\u00eda un error manifiesto. Las adiciones, modificaciones y\/o acuerdos adicionales s\u00f3lo ser\u00e1n v\u00e1lidos si se acuerdan por escrito.<\/p>\n<p>im\u00e1genes y especificaciones<\/p>\n<p>Todas las im\u00e1genes, fotograf\u00edas, dibujos, &#8230; o datos relativos a pesos, dimensiones, colores, im\u00e1genes de etiquetas, &#8230;. en la tienda web de Little Loua son s\u00f3lo aproximados, son indicativos y no pueden dar lugar a compensaci\u00f3n o disoluci\u00f3n del acuerdo.<\/p>\n<p>fuerza mayor<\/p>\n<p>Little Loua no es responsable si y en la medida en que sus compromisos no puedan cumplirse por causas de fuerza mayor.<\/p>\n<p>Fuerza mayor incluye cualquier causa extra\u00f1a, as\u00ed como cualquier circunstancia, que en toda razonabilidad no debe ser por su cuenta y riesgo. Retrasos o incumplimientos por parte de nuestros proveedores, perturbaciones en Internet, perturbaciones en la electricidad, perturbaciones en el tr\u00e1fico de correo electr\u00f3nico y perturbaciones o cambios en la tecnolog\u00eda suministrada por terceros, dificultades de transporte, huelgas, medidas gubernamentales, retrasos en el suministro, negligencia por parte de proveedores y\/o fabricantes de Piet Moodshop as\u00ed como por parte de auxiliares, enfermedad del personal, defectos en medios auxiliares o de transporte son considerados expl\u00edcitamente como fuerza mayor.<\/p>\n<p>En caso de fuerza mayor, Little Loua tiene derecho a suspender sus obligaciones y tambi\u00e9n tiene derecho a disolver el acuerdo en su totalidad o en parte, o exigir que el contenido del acuerdo sea modificado de tal manera que la ejecuci\u00f3n siga siendo posible.<\/p>\n<p>En ning\u00fan caso Peque\u00f1a Loua est\u00e1 obligada a pagar multa o indemnizaci\u00f3n alguna.<\/p>\n<p>Si Little Loua.be ya ha cumplido parcialmente sus obligaciones cuando se produce la fuerza mayor, o s\u00f3lo puede cumplir parcialmente sus obligaciones, tiene derecho a facturar por separado la parte ya entregada o entregable y el comprador est\u00e1 obligado a pagar esta factura como si se tratara de un contrato independiente. Sin embargo, esto no se aplica si la parte ya entregada y\/o entregable no tiene valor independiente.<\/p>\n<p>responsabilidad<\/p>\n<p>Little Loua no se hace responsable de los da\u00f1os causados a veh\u00edculos u otros objetos por un uso inadecuado de los productos. Antes de utilizarlo, lea las instrucciones del envase y\/o consulte nuestra tienda web.<\/p>\n<p>reserva de dominio<\/p>\n<p>La propiedad de todos los art\u00edculos vendidos y entregados a usted por Little Loua sigue siendo de Little Loua mientras usted no haya pagado las reclamaciones de Little Loua en virtud del acuerdo o de acuerdos similares anteriores o posteriores. Mientras usted no haya pagado el trabajo realizado o por realizar en virtud de este contrato u otros similares, y mientras usted no haya pagado las reclamaciones de Little Loua por incumplimiento de dichas obligaciones, incluidas las reclamaciones relativas a multas, intereses y costes.<\/p>\n<p>legislaci\u00f3n\/jurisdicci\u00f3n aplicable<\/p>\n<p>Si surge un conflicto a ra\u00edz de nuestro acuerdo de cooperaci\u00f3n o de cualquier acuerdo basado en \u00e9l, intentaremos resolverlo en primera instancia mediante una mediaci\u00f3n imparcial. Si no podemos resolver el litigio de esta manera, lo resolver\u00e1 un juez competente del distrito de Gante.<\/p>\n<p>Ambas partes (usted como cliente y nosotros como proveedor) aceptan la comunicaci\u00f3n electr\u00f3nica (por ejemplo, el correo electr\u00f3nico) como prueba.<\/p>\n\t\t\t\t\t\t\t\t<\/div>\n\t\t\t\t<\/div>\n\t\t\t\t\t<\/div>\n\t\t\t\t<\/div>\n\t\t\t\t<\/div>\n\t\t","protected":false},"excerpt":{"rendered":"<p>Condiciones generales datos de la empresa: Peque\u00f1a Loua vofCalle Sluisstraat 118710 Ooigem BE 0805 228 672 https:\/\/littleloua.com\/\/hello@littleloua.comcondiciones generales Estas condiciones<\/p>\n","protected":false},"author":7,"featured_media":0,"parent":0,"menu_order":0,"comment_status":"closed","ping_status":"closed","template":"","meta":{"_acf_changed":false,"footnotes":""},"class_list":["post-7853","page","type-page","status-publish","hentry"],"acf":[],"yoast_head":"<!-- This site is optimized with the Yoast SEO plugin v26.2 - https:\/\/yoast.com\/wordpress\/plugins\/seo\/ -->\n<title>Condiciones generales - Little Loua<\/title>\n<meta name=\"robots\" content=\"index, follow, max-snippet:-1, max-image-preview:large, max-video-preview:-1\" \/>\n<link rel=\"canonical\" href=\"https:\/\/littleloua.com\/es\/condiciones-generales\/\" \/>\n<meta property=\"og:locale\" content=\"es_ES\" \/>\n<meta property=\"og:type\" content=\"article\" \/>\n<meta property=\"og:title\" content=\"Condiciones generales - Little Loua\" \/>\n<meta property=\"og:description\" content=\"Condiciones generales datos de la empresa: Peque\u00f1a Loua vofCalle Sluisstraat 118710 Ooigem BE 0805 228 672 https:\/\/littleloua.com\/\/hello@littleloua.comcondiciones generales Estas condiciones\" \/>\n<meta property=\"og:url\" content=\"https:\/\/littleloua.com\/es\/condiciones-generales\/\" \/>\n<meta property=\"og:site_name\" content=\"Little Loua\" \/>\n<meta property=\"article:publisher\" content=\"https:\/\/www.facebook.com\/littleloua\" \/>\n<meta property=\"article:modified_time\" content=\"2024-03-01T12:24:51+00:00\" \/>\n<meta property=\"og:image\" content=\"https:\/\/littleloua.com\/wp-content\/uploads\/2023\/06\/logo-little-loua-handmade-baby-mobiles.png\" \/>\n\t<meta property=\"og:image:width\" content=\"316\" \/>\n\t<meta property=\"og:image:height\" content=\"285\" \/>\n\t<meta property=\"og:image:type\" content=\"image\/png\" \/>\n<meta name=\"twitter:card\" content=\"summary_large_image\" \/>\n<meta name=\"twitter:label1\" content=\"Tiempo de lectura\" \/>\n\t<meta name=\"twitter:data1\" content=\"10 minutos\" \/>\n<script type=\"application\/ld+json\" class=\"yoast-schema-graph\">{\"@context\":\"https:\/\/schema.org\",\"@graph\":[{\"@type\":\"WebPage\",\"@id\":\"https:\/\/littleloua.com\/es\/condiciones-generales\/\",\"url\":\"https:\/\/littleloua.com\/es\/condiciones-generales\/\",\"name\":\"Condiciones generales - Little Loua\",\"isPartOf\":{\"@id\":\"https:\/\/littleloua.com\/es\/#website\"},\"datePublished\":\"2023-06-27T10:05:03+00:00\",\"dateModified\":\"2024-03-01T12:24:51+00:00\",\"breadcrumb\":{\"@id\":\"https:\/\/littleloua.com\/es\/condiciones-generales\/#breadcrumb\"},\"inLanguage\":\"es\",\"potentialAction\":[{\"@type\":\"ReadAction\",\"target\":[\"https:\/\/littleloua.com\/es\/condiciones-generales\/\"]}]},{\"@type\":\"BreadcrumbList\",\"@id\":\"https:\/\/littleloua.com\/es\/condiciones-generales\/#breadcrumb\",\"itemListElement\":[{\"@type\":\"ListItem\",\"position\":1,\"name\":\"Home\",\"item\":\"https:\/\/littleloua.com\/es\/inicio-2\/\"},{\"@type\":\"ListItem\",\"position\":2,\"name\":\"Condiciones generales\"}]},{\"@type\":\"WebSite\",\"@id\":\"https:\/\/littleloua.com\/es\/#website\",\"url\":\"https:\/\/littleloua.com\/es\/\",\"name\":\"Little Loua\",\"description\":\"Handmade Baby mobiles created with love\",\"potentialAction\":[{\"@type\":\"SearchAction\",\"target\":{\"@type\":\"EntryPoint\",\"urlTemplate\":\"https:\/\/littleloua.com\/es\/?s={search_term_string}\"},\"query-input\":{\"@type\":\"PropertyValueSpecification\",\"valueRequired\":true,\"valueName\":\"search_term_string\"}}],\"inLanguage\":\"es\"}]}<\/script>\n<!-- \/ Yoast SEO plugin. -->","yoast_head_json":{"title":"Condiciones generales - Little Loua","robots":{"index":"index","follow":"follow","max-snippet":"max-snippet:-1","max-image-preview":"max-image-preview:large","max-video-preview":"max-video-preview:-1"},"canonical":"https:\/\/littleloua.com\/es\/condiciones-generales\/","og_locale":"es_ES","og_type":"article","og_title":"Condiciones generales - Little Loua","og_description":"Condiciones generales datos de la empresa: Peque\u00f1a Loua vofCalle Sluisstraat 118710 Ooigem BE 0805 228 672 https:\/\/littleloua.com\/\/hello@littleloua.comcondiciones generales Estas condiciones","og_url":"https:\/\/littleloua.com\/es\/condiciones-generales\/","og_site_name":"Little Loua","article_publisher":"https:\/\/www.facebook.com\/littleloua","article_modified_time":"2024-03-01T12:24:51+00:00","og_image":[{"width":316,"height":285,"url":"https:\/\/littleloua.com\/wp-content\/uploads\/2023\/06\/logo-little-loua-handmade-baby-mobiles.png","type":"image\/png"}],"twitter_card":"summary_large_image","twitter_misc":{"Tiempo de lectura":"10 minutos"},"schema":{"@context":"https:\/\/schema.org","@graph":[{"@type":"WebPage","@id":"https:\/\/littleloua.com\/es\/condiciones-generales\/","url":"https:\/\/littleloua.com\/es\/condiciones-generales\/","name":"Condiciones generales - Little Loua","isPartOf":{"@id":"https:\/\/littleloua.com\/es\/#website"},"datePublished":"2023-06-27T10:05:03+00:00","dateModified":"2024-03-01T12:24:51+00:00","breadcrumb":{"@id":"https:\/\/littleloua.com\/es\/condiciones-generales\/#breadcrumb"},"inLanguage":"es","potentialAction":[{"@type":"ReadAction","target":["https:\/\/littleloua.com\/es\/condiciones-generales\/"]}]},{"@type":"BreadcrumbList","@id":"https:\/\/littleloua.com\/es\/condiciones-generales\/#breadcrumb","itemListElement":[{"@type":"ListItem","position":1,"name":"Home","item":"https:\/\/littleloua.com\/es\/inicio-2\/"},{"@type":"ListItem","position":2,"name":"Condiciones generales"}]},{"@type":"WebSite","@id":"https:\/\/littleloua.com\/es\/#website","url":"https:\/\/littleloua.com\/es\/","name":"Little Loua","description":"Handmade Baby mobiles created with love","potentialAction":[{"@type":"SearchAction","target":{"@type":"EntryPoint","urlTemplate":"https:\/\/littleloua.com\/es\/?s={search_term_string}"},"query-input":{"@type":"PropertyValueSpecification","valueRequired":true,"valueName":"search_term_string"}}],"inLanguage":"es"}]}},"_links":{"self":[{"href":"https:\/\/littleloua.com\/es\/wp-json\/wp\/v2\/pages\/7853","targetHints":{"allow":["GET"]}}],"collection":[{"href":"https:\/\/littleloua.com\/es\/wp-json\/wp\/v2\/pages"}],"about":[{"href":"https:\/\/littleloua.com\/es\/wp-json\/wp\/v2\/types\/page"}],"author":[{"embeddable":true,"href":"https:\/\/littleloua.com\/es\/wp-json\/wp\/v2\/users\/7"}],"replies":[{"embeddable":true,"href":"https:\/\/littleloua.com\/es\/wp-json\/wp\/v2\/comments?post=7853"}],"version-history":[{"count":0,"href":"https:\/\/littleloua.com\/es\/wp-json\/wp\/v2\/pages\/7853\/revisions"}],"wp:attachment":[{"href":"https:\/\/littleloua.com\/es\/wp-json\/wp\/v2\/media?parent=7853"}],"curies":[{"name":"wp","href":"https:\/\/api.w.org\/{rel}","templated":true}]}}