{"id":8800,"date":"2023-10-30T11:57:11","date_gmt":"2023-10-30T10:57:11","guid":{"rendered":"https:\/\/littleloua.com\/\/product\/handgefertigtes-rosa-bienen-baby-mobile\/"},"modified":"2025-10-21T12:19:51","modified_gmt":"2025-10-21T10:19:51","slug":"handgefertigtes-rosa-bienen-baby-mobile","status":"publish","type":"product","link":"https:\/\/littleloua.com\/de\/produkt\/handgefertigtes-rosa-bienen-baby-mobile\/","title":{"rendered":"Handgefertigtes rosa Bienen-Baby-Mobile"},"content":{"rendered":"<h1>Handgefertigtes Mobile aus Holz mit rosa Bienen f\u00fcr Baby<\/h1>\n<p>Stellen Sie sich vor, wie Ihr Kind friedlich einschl\u00e4ft, verzaubert vom sanften Wirbeln der kuscheligen und niedlichen Spielzeuge, die an ihrem Holzmobile \u00fcber dem Bett h\u00e4ngen. Unser liebevoll handgefertigtes Pink Bees Mobile soll f\u00fcr eine ruhige Atmosph\u00e4re vor dem Schlafengehen sorgen. Die sanften Bewegungen werden Ihr Baby in einen tiefen und gesunden Schlaf wiegen.<\/p>\n<p>Jeder Artikel, den wir herstellen, wird mit Sorgfalt und Aufmerksamkeit gefertigt. Unser Pink Bees Mobile verspricht, ein bezaubernder Freund f\u00fcr die Tr\u00e4ume Ihrer Kleinen zu sein. Die Magie der Weltraumforschung und die sanften Bewegungen des Mobiles helfen Ihrem Baby, in einen friedlichen Schlaf zu fallen, und machen die Schlafenszeit zu einem wunderbaren Erlebnis f\u00fcr Sie beide. Entscheiden Sie sich f\u00fcr unser Pink Bees Mobile und lassen Sie Eltern und Baby erholsame N\u00e4chte und wertvolle Erinnerungen genie\u00dfen.<\/p>\n<h2>Die Zusammensetzung unseres Pink Bees Mobile<\/h2>\n<p>Das handgefertigte Mobile zeigt rosa Bienen, die um sch\u00f6ne Blumen herumschwirren. Dank dieser sorgf\u00e4ltig zusammengestellten Szene wird sich Ihr Kind wohlf\u00fchlen und einen tieferen und ges\u00fcnderen Schlaf haben.<\/p>\n<p>Wenn das Pink Bees Mobile \u00fcber dem Bett Ihres Kindes aufgeh\u00e4ngt wird, ist dieses Mobile nicht nur eine Dekoration. Das Mobile bringt einen Hauch von spielerischer Ruhe und Stil in ihr Zimmer. In Verbindung mit unserer Spieluhr wird das Zubettgehen einfacher denn je.<\/p>\n<p>F\u00fcr dieses handgefertigte Pink Bees Mobile haben wir uns f\u00fcr die Verwendung von hochwertigem, nachhaltigem Holz entschieden. Holz ist ein zeitloses, vielseitiges Material, das jedem Raum W\u00e4rme und einen nat\u00fcrlichen Touch verleiht.<\/p>\n<p>Ob f\u00fcr das Kinderzimmer Ihres Kindes, als besonderes Geschenk oder zur Versch\u00f6nerung Ihres Zimmers, unser Pink Bees Mobile wird wunderbare Erinnerungen schaffen. Lassen Sie die Wunder des Weltraums und die Sch\u00f6nheit des Holzes eine magische Schlafenszeit f\u00fcr Ihr Baby und unvergessliche Erinnerungen f\u00fcr Sie schaffen.<\/p>\n<h2>Ein \u00f6kologisches, handgefertigtes Holzmobil<\/h2>\n<p>Unser Pink Bees Mobile ist mehr als nur eine Dekoration. Dank der hochwertigen Verarbeitung und der nachhaltigen Materialien ist es die perfekte Erg\u00e4nzung f\u00fcr das Kinderzimmer Ihres Babys:<\/p>\n<ol>\n<li><strong>Harmonische Abmessungen<\/strong>: Mit einem gro\u00dfz\u00fcgigen Durchmesser von 50 cm und einer H\u00f6he von 48 cm ist dieses Mobile so konzipiert, dass es die Aufmerksamkeit Ihres Kindes fesselt und die \u00c4sthetik des Raumes aufwertet.<\/li>\n<li><strong>Hochwertige, umweltfreundliche Materialien<\/strong>: Wir legen Wert auf Nachhaltigkeit, indem wir erstklassige Materialien wie Filz, Baumwollgarn und Holz verwenden, kombiniert mit hypoallergenen Polstern. Die Sicherheit und der Komfort Ihres Babys sind unser gr\u00f6\u00dftes Anliegen.<\/li>\n<li><strong>Elegantes Design<\/strong>: Das elegante Design des Mobiles verleiht dem Zimmer Ihres Babys einen Hauch von Raffinesse und macht es zu einer stilvollen Wahl f\u00fcr moderne Eltern.<\/li>\n<li><strong>Verspielte Texturen und Farben<\/strong>: Wir haben spielerische Strukturen und eine Palette leuchtender Farben integriert, um die Sinne Ihres Babys zu erfreuen und seine Neugierde zu wecken.<\/li>\n<li><strong>Einzigartige handgefertigte Elemente<\/strong>: Jedes Mobile ist ein Unikat mit handgen\u00e4hten Elementen, die die Kunstfertigkeit und Sorgfalt zeigen, mit der es hergestellt wurde.<\/li>\n<\/ol>\n<p>Kein stundenlanges Schaukeln mehr, um Ihr Baby in den Schlaf zu wiegen &#8211; unser h\u00f6lzernes Pink Bees Mobile wird die Fantasie des Kindes anregen, w\u00e4hrend es sich \u00fcber seinem Kopf dreht, und ihm helfen, schnell und friedlich einzuschlafen. Wenn Sie dem Ganzen noch einen Hauch von Magie verleihen m\u00f6chten, k\u00f6nnen Sie das Pink Bees Mobile mit unserer separat erh\u00e4ltlichen Spieluhr kombinieren, um beruhigende Melodien zu h\u00f6ren, die Ihr Baby beruhigen und es sanft einschlafen lassen.<\/p>\n<h2>\u00dcber unsere handgefertigten Kreationen<\/h2>\n<p>Jeder Artikel, den wir herstellen, ist ein einzigartiges, handgefertigtes Kunstwerk. Obwohl wir uns bem\u00fchen, die Fotos in unseren Produktbeschreibungen m\u00f6glichst genau wiederzugeben, k\u00f6nnen Sie bei unseren Pl\u00fcschkreationen leichte Abweichungen in den Farben oder N\u00e4hten feststellen. Dies ist darauf zur\u00fcckzuf\u00fchren, dass jeder Artikel einzeln von Menschen und nicht von Maschinen hergestellt wird.<\/p>\n<p>Damit das Pink Bees Handy sein Aussehen beh\u00e4lt, sollten Sie es nicht waschen. Das Handy wurde vor dem Versand gr\u00fcndlich gereinigt, um seinen tadellosen Zustand zu gew\u00e4hrleisten.<\/p>\n<p>Wenn Sie Fragen haben oder Hilfe ben\u00f6tigen, z\u00f6gern Sie bitte nicht, sich an uns zu wenden. Wir bem\u00fchen uns, Ihre Anfrage so schnell wie m\u00f6glich zu beantworten.<\/p>\n<h2>Gew\u00e4hrleistung der Sicherheit Ihres Pink Bees Mobile<\/h2>\n<p>Unsere musikalischen Babymobiles sind f\u00fcr dekorative Zwecke gedacht und nicht als Spielzeug. Es ist wichtig, dass das Pink Bees Handy immer au\u00dferhalb der Reichweite Ihres Kindes aufbewahrt wird. H\u00e4ngen Sie ihn einfach im Abstand von ca. 30 cm \u00fcber das Kinderbettchen.<\/p>\n<p>Wenn Sie das Handy aktivieren, achten Sie darauf, dass Ihr Kind geradeaus schaut. Stellen Sie das Mobile f\u00fcr optimalen Komfort in die Mitte des Kinderbettes.<\/p>\n<p>Vermeiden Sie aus Sicherheitsgr\u00fcnden eine zu niedrige Aufh\u00e4ngung und achten Sie auf eine H\u00f6he von mindestens 30 cm. Wenn das Mobile niedriger aufgeh\u00e4ngt wird, kann es passieren, dass Ihr Kind die Pl\u00fcschtiere abrei\u00dft und die Struktur auf das Kind f\u00e4llt, was zu Sehst\u00f6rungen und blauen Flecken f\u00fchren kann.<\/p>\n<p>M\u00f6chten Sie Ihrem Baby ein kleines Extra bieten? Verwandeln Sie das Kinderzimmer Ihres Babys ganz einfach in eine Oase der Ruhe und des Schlafs, indem Sie unser Pink Bees Mobile mit unserem drehbaren Holzst\u00e4nder kombinieren. Und vergessen Sie nicht, unsere batteriebetriebene Spieluhr dazuzulegen!<\/p>\n<p>Und hier noch ein kleines <strong>Extra<\/strong>: Ab einem Einkaufswert von 100 Euro erhalten Sie die Lieferung kostenlos nach Hause!<\/p>\n","protected":false},"excerpt":{"rendered":"<p>Stellen Sie sich vor, wie Ihr Kind friedlich einschl\u00e4ft, verzaubert vom sanften Wirbeln der kuscheligen und niedlichen Spielzeuge, die an ihrem Holzmobile \u00fcber dem Bett h\u00e4ngen. Unser liebevoll handgefertigtes Pink Bees Mobile soll f\u00fcr eine ruhige Atmosph\u00e4re vor dem Schlafengehen sorgen. Die sanften Bewegungen werden Ihr Baby in einen tiefen und gesunden Schlaf wiegen.<\/p>\n<p>Jeder Artikel, den wir herstellen, wird mit Sorgfalt und Aufmerksamkeit gefertigt. Unser Pink Bees Mobile verspricht, ein bezaubernder Freund f\u00fcr die Tr\u00e4ume Ihrer Kleinen zu sein. Die Magie der Weltraumforschung und die sanften Bewegungen des Mobiles helfen Ihrem Baby, in einen friedlichen Schlaf zu fallen, und machen die Schlafenszeit zu einem wunderbaren Erlebnis f\u00fcr Sie beide. Entscheiden Sie sich f\u00fcr unser Pink Bees Mobile und lassen Sie Eltern und Baby erholsame N\u00e4chte und wertvolle Erinnerungen genie\u00dfen<\/p>\n","protected":false},"featured_media":6062,"template":"","meta":{"_acf_changed":false},"product_brand":[],"product_cat":[57],"product_tag":[104,108,132],"class_list":{"0":"post-8800","1":"product","2":"type-product","3":"status-publish","4":"has-post-thumbnail","6":"product_cat-baby-mobile","7":"product_tag-channable-de","8":"product_tag-ds-de","9":"product_tag-engels-de","11":"first","12":"instock","13":"shipping-taxable","14":"purchasable","15":"product-type-simple"},"acf":[],"yoast_head":"<!-- This site is optimized with the Yoast SEO plugin v26.2 - https:\/\/yoast.com\/wordpress\/plugins\/seo\/ -->\n<title>Handgefertigtes Rosa Bienen-Baby-Mobile | S\u00fc\u00dfe Dekoration f\u00fcr Ihr Baby | Little Loua<\/title>\n<meta name=\"description\" content=\"Verleihen Sie dem Kinderzimmer eine s\u00fc\u00dfe Note mit unserem handgefertigten Rosa Bienen-Baby-Mobile. Hochwertige Verarbeitung f\u00fcr eine liebevolle Atmosph\u00e4re. Jetzt entdecken!\" \/>\n<meta name=\"robots\" content=\"index, follow, max-snippet:-1, max-image-preview:large, max-video-preview:-1\" \/>\n<link rel=\"canonical\" href=\"https:\/\/littleloua.com\/de\/produkt\/handgefertigtes-rosa-bienen-baby-mobile\/\" \/>\n<meta property=\"og:locale\" content=\"de_DE\" \/>\n<meta property=\"og:type\" content=\"article\" \/>\n<meta property=\"og:title\" content=\"Handgefertigtes Rosa Bienen-Baby-Mobile | S\u00fc\u00dfe Dekoration f\u00fcr Ihr Baby | Little Loua\" \/>\n<meta property=\"og:description\" content=\"Verleihen Sie dem Kinderzimmer eine s\u00fc\u00dfe Note mit unserem handgefertigten Rosa Bienen-Baby-Mobile. Hochwertige Verarbeitung f\u00fcr eine liebevolle Atmosph\u00e4re. Jetzt entdecken!\" \/>\n<meta property=\"og:url\" content=\"https:\/\/littleloua.com\/de\/produkt\/handgefertigtes-rosa-bienen-baby-mobile\/\" \/>\n<meta property=\"og:site_name\" content=\"Little Loua\" \/>\n<meta property=\"article:publisher\" content=\"https:\/\/www.facebook.com\/littleloua\" \/>\n<meta property=\"article:modified_time\" content=\"2025-10-21T10:19:51+00:00\" \/>\n<meta property=\"og:image\" content=\"https:\/\/littleloua.com\/wp-content\/uploads\/2023\/10\/43F24389-DA07-48F4-B316-46B2CAE1BDC8-scaled.jpeg\" \/>\n\t<meta property=\"og:image:width\" content=\"1707\" \/>\n\t<meta property=\"og:image:height\" content=\"2560\" \/>\n\t<meta property=\"og:image:type\" content=\"image\/jpeg\" \/>\n<meta name=\"twitter:card\" content=\"summary_large_image\" \/>\n<meta name=\"twitter:label1\" content=\"Gesch\u00e4tzte Lesezeit\" \/>\n\t<meta name=\"twitter:data1\" content=\"4\u00a0Minuten\" \/>\n<script type=\"application\/ld+json\" class=\"yoast-schema-graph\">{\"@context\":\"https:\/\/schema.org\",\"@graph\":[{\"@type\":\"WebPage\",\"@id\":\"https:\/\/littleloua.com\/de\/produkt\/handgefertigtes-rosa-bienen-baby-mobile\/\",\"url\":\"https:\/\/littleloua.com\/de\/produkt\/handgefertigtes-rosa-bienen-baby-mobile\/\",\"name\":\"Handgefertigtes Rosa Bienen-Baby-Mobile | S\u00fc\u00dfe Dekoration f\u00fcr Ihr Baby | Little Loua\",\"isPartOf\":{\"@id\":\"https:\/\/littleloua.com\/de\/#website\"},\"primaryImageOfPage\":{\"@id\":\"https:\/\/littleloua.com\/de\/produkt\/handgefertigtes-rosa-bienen-baby-mobile\/#primaryimage\"},\"image\":{\"@id\":\"https:\/\/littleloua.com\/de\/produkt\/handgefertigtes-rosa-bienen-baby-mobile\/#primaryimage\"},\"thumbnailUrl\":\"https:\/\/littleloua.com\/wp-content\/uploads\/2023\/10\/43F24389-DA07-48F4-B316-46B2CAE1BDC8-scaled.jpeg\",\"datePublished\":\"2023-10-30T10:57:11+00:00\",\"dateModified\":\"2025-10-21T10:19:51+00:00\",\"description\":\"Verleihen Sie dem Kinderzimmer eine s\u00fc\u00dfe Note mit unserem handgefertigten Rosa Bienen-Baby-Mobile. Hochwertige Verarbeitung f\u00fcr eine liebevolle Atmosph\u00e4re. Jetzt entdecken!\",\"breadcrumb\":{\"@id\":\"https:\/\/littleloua.com\/de\/produkt\/handgefertigtes-rosa-bienen-baby-mobile\/#breadcrumb\"},\"inLanguage\":\"de\",\"potentialAction\":[{\"@type\":\"ReadAction\",\"target\":[\"https:\/\/littleloua.com\/de\/produkt\/handgefertigtes-rosa-bienen-baby-mobile\/\"]}]},{\"@type\":\"ImageObject\",\"inLanguage\":\"de\",\"@id\":\"https:\/\/littleloua.com\/de\/produkt\/handgefertigtes-rosa-bienen-baby-mobile\/#primaryimage\",\"url\":\"https:\/\/littleloua.com\/wp-content\/uploads\/2023\/10\/43F24389-DA07-48F4-B316-46B2CAE1BDC8-scaled.jpeg\",\"contentUrl\":\"https:\/\/littleloua.com\/wp-content\/uploads\/2023\/10\/43F24389-DA07-48F4-B316-46B2CAE1BDC8-scaled.jpeg\",\"width\":1707,\"height\":2560},{\"@type\":\"BreadcrumbList\",\"@id\":\"https:\/\/littleloua.com\/de\/produkt\/handgefertigtes-rosa-bienen-baby-mobile\/#breadcrumb\",\"itemListElement\":[{\"@type\":\"ListItem\",\"position\":1,\"name\":\"Home\",\"item\":\"https:\/\/littleloua.com\/de\/home-2\/\"},{\"@type\":\"ListItem\",\"position\":2,\"name\":\"Shop\",\"item\":\"https:\/\/littleloua.com\/de\/shop\/\"},{\"@type\":\"ListItem\",\"position\":3,\"name\":\"Handgefertigtes rosa Bienen-Baby-Mobile\"}]},{\"@type\":\"WebSite\",\"@id\":\"https:\/\/littleloua.com\/de\/#website\",\"url\":\"https:\/\/littleloua.com\/de\/\",\"name\":\"Little Loua\",\"description\":\"Handmade Baby mobiles created with love\",\"publisher\":{\"@id\":\"https:\/\/littleloua.com\/de\/#organization\"},\"potentialAction\":[{\"@type\":\"SearchAction\",\"target\":{\"@type\":\"EntryPoint\",\"urlTemplate\":\"https:\/\/littleloua.com\/de\/?s={search_term_string}\"},\"query-input\":{\"@type\":\"PropertyValueSpecification\",\"valueRequired\":true,\"valueName\":\"search_term_string\"}}],\"inLanguage\":\"de\"},{\"@type\":\"Organization\",\"@id\":\"https:\/\/littleloua.com\/de\/#organization\",\"name\":\"Little Loua\",\"url\":\"https:\/\/littleloua.com\/de\/\",\"logo\":{\"@type\":\"ImageObject\",\"inLanguage\":\"de\",\"@id\":\"https:\/\/littleloua.com\/de\/#\/schema\/logo\/image\/\",\"url\":\"https:\/\/littleloua.com\/wp-content\/uploads\/2023\/06\/logo-little-loua-handmade-baby-mobiles.png\",\"contentUrl\":\"https:\/\/littleloua.com\/wp-content\/uploads\/2023\/06\/logo-little-loua-handmade-baby-mobiles.png\",\"width\":316,\"height\":285,\"caption\":\"Little Loua\"},\"image\":{\"@id\":\"https:\/\/littleloua.com\/de\/#\/schema\/logo\/image\/\"},\"sameAs\":[\"https:\/\/www.facebook.com\/littleloua\",\"https:\/\/www.instagram.com\/little.loua\/\"]}]}<\/script>\n<!-- \/ Yoast SEO plugin. -->","yoast_head_json":{"title":"Handgefertigtes Rosa Bienen-Baby-Mobile | S\u00fc\u00dfe Dekoration f\u00fcr Ihr Baby | Little Loua","description":"Verleihen Sie dem Kinderzimmer eine s\u00fc\u00dfe Note mit unserem handgefertigten Rosa Bienen-Baby-Mobile. Hochwertige Verarbeitung f\u00fcr eine liebevolle Atmosph\u00e4re. Jetzt entdecken!","robots":{"index":"index","follow":"follow","max-snippet":"max-snippet:-1","max-image-preview":"max-image-preview:large","max-video-preview":"max-video-preview:-1"},"canonical":"https:\/\/littleloua.com\/de\/produkt\/handgefertigtes-rosa-bienen-baby-mobile\/","og_locale":"de_DE","og_type":"article","og_title":"Handgefertigtes Rosa Bienen-Baby-Mobile | S\u00fc\u00dfe Dekoration f\u00fcr Ihr Baby | Little Loua","og_description":"Verleihen Sie dem Kinderzimmer eine s\u00fc\u00dfe Note mit unserem handgefertigten Rosa Bienen-Baby-Mobile. Hochwertige Verarbeitung f\u00fcr eine liebevolle Atmosph\u00e4re. Jetzt entdecken!","og_url":"https:\/\/littleloua.com\/de\/produkt\/handgefertigtes-rosa-bienen-baby-mobile\/","og_site_name":"Little Loua","article_publisher":"https:\/\/www.facebook.com\/littleloua","article_modified_time":"2025-10-21T10:19:51+00:00","og_image":[{"width":1707,"height":2560,"url":"https:\/\/littleloua.com\/wp-content\/uploads\/2023\/10\/43F24389-DA07-48F4-B316-46B2CAE1BDC8-scaled.jpeg","type":"image\/jpeg"}],"twitter_card":"summary_large_image","twitter_misc":{"Gesch\u00e4tzte Lesezeit":"4\u00a0Minuten"},"schema":{"@context":"https:\/\/schema.org","@graph":[{"@type":"WebPage","@id":"https:\/\/littleloua.com\/de\/produkt\/handgefertigtes-rosa-bienen-baby-mobile\/","url":"https:\/\/littleloua.com\/de\/produkt\/handgefertigtes-rosa-bienen-baby-mobile\/","name":"Handgefertigtes Rosa Bienen-Baby-Mobile | S\u00fc\u00dfe Dekoration f\u00fcr Ihr Baby | Little Loua","isPartOf":{"@id":"https:\/\/littleloua.com\/de\/#website"},"primaryImageOfPage":{"@id":"https:\/\/littleloua.com\/de\/produkt\/handgefertigtes-rosa-bienen-baby-mobile\/#primaryimage"},"image":{"@id":"https:\/\/littleloua.com\/de\/produkt\/handgefertigtes-rosa-bienen-baby-mobile\/#primaryimage"},"thumbnailUrl":"https:\/\/littleloua.com\/wp-content\/uploads\/2023\/10\/43F24389-DA07-48F4-B316-46B2CAE1BDC8-scaled.jpeg","datePublished":"2023-10-30T10:57:11+00:00","dateModified":"2025-10-21T10:19:51+00:00","description":"Verleihen Sie dem Kinderzimmer eine s\u00fc\u00dfe Note mit unserem handgefertigten Rosa Bienen-Baby-Mobile. Hochwertige Verarbeitung f\u00fcr eine liebevolle Atmosph\u00e4re. Jetzt entdecken!","breadcrumb":{"@id":"https:\/\/littleloua.com\/de\/produkt\/handgefertigtes-rosa-bienen-baby-mobile\/#breadcrumb"},"inLanguage":"de","potentialAction":[{"@type":"ReadAction","target":["https:\/\/littleloua.com\/de\/produkt\/handgefertigtes-rosa-bienen-baby-mobile\/"]}]},{"@type":"ImageObject","inLanguage":"de","@id":"https:\/\/littleloua.com\/de\/produkt\/handgefertigtes-rosa-bienen-baby-mobile\/#primaryimage","url":"https:\/\/littleloua.com\/wp-content\/uploads\/2023\/10\/43F24389-DA07-48F4-B316-46B2CAE1BDC8-scaled.jpeg","contentUrl":"https:\/\/littleloua.com\/wp-content\/uploads\/2023\/10\/43F24389-DA07-48F4-B316-46B2CAE1BDC8-scaled.jpeg","width":1707,"height":2560},{"@type":"BreadcrumbList","@id":"https:\/\/littleloua.com\/de\/produkt\/handgefertigtes-rosa-bienen-baby-mobile\/#breadcrumb","itemListElement":[{"@type":"ListItem","position":1,"name":"Home","item":"https:\/\/littleloua.com\/de\/home-2\/"},{"@type":"ListItem","position":2,"name":"Shop","item":"https:\/\/littleloua.com\/de\/shop\/"},{"@type":"ListItem","position":3,"name":"Handgefertigtes rosa Bienen-Baby-Mobile"}]},{"@type":"WebSite","@id":"https:\/\/littleloua.com\/de\/#website","url":"https:\/\/littleloua.com\/de\/","name":"Little Loua","description":"Handmade Baby mobiles created with love","publisher":{"@id":"https:\/\/littleloua.com\/de\/#organization"},"potentialAction":[{"@type":"SearchAction","target":{"@type":"EntryPoint","urlTemplate":"https:\/\/littleloua.com\/de\/?s={search_term_string}"},"query-input":{"@type":"PropertyValueSpecification","valueRequired":true,"valueName":"search_term_string"}}],"inLanguage":"de"},{"@type":"Organization","@id":"https:\/\/littleloua.com\/de\/#organization","name":"Little Loua","url":"https:\/\/littleloua.com\/de\/","logo":{"@type":"ImageObject","inLanguage":"de","@id":"https:\/\/littleloua.com\/de\/#\/schema\/logo\/image\/","url":"https:\/\/littleloua.com\/wp-content\/uploads\/2023\/06\/logo-little-loua-handmade-baby-mobiles.png","contentUrl":"https:\/\/littleloua.com\/wp-content\/uploads\/2023\/06\/logo-little-loua-handmade-baby-mobiles.png","width":316,"height":285,"caption":"Little Loua"},"image":{"@id":"https:\/\/littleloua.com\/de\/#\/schema\/logo\/image\/"},"sameAs":["https:\/\/www.facebook.com\/littleloua","https:\/\/www.instagram.com\/little.loua\/"]}]}},"_links":{"self":[{"href":"https:\/\/littleloua.com\/de\/wp-json\/wp\/v2\/product\/8800","targetHints":{"allow":["GET"]}}],"collection":[{"href":"https:\/\/littleloua.com\/de\/wp-json\/wp\/v2\/product"}],"about":[{"href":"https:\/\/littleloua.com\/de\/wp-json\/wp\/v2\/types\/product"}],"version-history":[{"count":1,"href":"https:\/\/littleloua.com\/de\/wp-json\/wp\/v2\/product\/8800\/revisions"}],"predecessor-version":[{"id":20564,"href":"https:\/\/littleloua.com\/de\/wp-json\/wp\/v2\/product\/8800\/revisions\/20564"}],"wp:featuredmedia":[{"embeddable":true,"href":"https:\/\/littleloua.com\/de\/wp-json\/wp\/v2\/media\/6062"}],"wp:attachment":[{"href":"https:\/\/littleloua.com\/de\/wp-json\/wp\/v2\/media?parent=8800"}],"wp:term":[{"taxonomy":"product_brand","embeddable":true,"href":"https:\/\/littleloua.com\/de\/wp-json\/wp\/v2\/product_brand?post=8800"},{"taxonomy":"product_cat","embeddable":true,"href":"https:\/\/littleloua.com\/de\/wp-json\/wp\/v2\/product_cat?post=8800"},{"taxonomy":"product_tag","embeddable":true,"href":"https:\/\/littleloua.com\/de\/wp-json\/wp\/v2\/product_tag?post=8800"}],"curies":[{"name":"wp","href":"https:\/\/api.w.org\/{rel}","templated":true}]}}