{"id":3334,"date":"2023-07-05T12:57:38","date_gmt":"2023-07-05T12:57:38","guid":{"rendered":"https:\/\/littleloua.com\/\/product\/baby-mobile-arme-aus-holz\/"},"modified":"2025-10-21T12:17:03","modified_gmt":"2025-10-21T10:17:03","slug":"holz-baby-mobil-arm","status":"publish","type":"product","link":"https:\/\/littleloua.com\/de\/produkt\/holz-baby-mobil-arm\/","title":{"rendered":"Baby mobile arme aus Holz"},"content":{"rendered":"<h1><strong><u>\u00a0Elegante Unauff\u00e4lligkeit f\u00fcr dein Baby-Mobile.<\/u><\/strong><\/h1>\n<p>Nat\u00fcrliche Optik, glatter Schliff und nachhaltige Materialien. Das zeichnet die Baby-Mobile-Halterung der Little Loua Baby-Mobile aus. Durch ihre unauff\u00e4llige Optik bettet sie sich f\u00fcr das Auge nahezu \u00fcbergangslos in den Raum ein. Das weiche Holz und das abgerundete Design sorgen f\u00fcr eine einfache und sichere Handhabung.<\/p>\n<h2><strong>Vorteile des Baby-Mobile:<\/strong><\/h2>\n<ul>\n<li>Stilvolles Design \u2705<\/li>\n<li>Nachhaltiges Material \u2705<\/li>\n<li>Versand innerhalb von 24h \u2705<\/li>\n<li>Aufbau in nur 2 Minuten \u2705<\/li>\n<li>Sicheres abgerundetes Design \u2705<\/li>\n<\/ul>\n<h2><strong>Mobile Spezifikationen <\/strong><strong>????<\/strong><\/h2>\n<p>Gesamth\u00f6he: 70 cm<\/p>\n<p>Reichweite: 40 cm<\/p>\n<p>Gewicht: 450g<\/p>\n<h2><strong>Hinweis <\/strong><strong>\u26a0<\/strong><strong>\ufe0f<\/strong><\/h2>\n<p>Bitte beachten Sie, dass das Mobile selbst separat bestellt werden muss und nicht im Lieferumfang enthalten ist.<\/p>\n<p>&nbsp;<\/p>\n","protected":false},"excerpt":{"rendered":"<p>Nat\u00fcrliche Optik, glatter Schliff und nachhaltige Materialien. Das zeichnet die Baby-Mobile-Halterung der Little Loua Baby-Mobile aus. Durch ihre unauff\u00e4llige Optik bettet sie sich f\u00fcr das Auge nahezu \u00fcbergangslos in den Raum ein. Das weiche Holz und das abgerundete Design sorgen f\u00fcr eine einfache und sichere Handhabung.<\/p>\n","protected":false},"featured_media":11770,"template":"","meta":{"_acf_changed":false},"product_brand":[],"product_cat":[59],"product_tag":[104,108,132],"class_list":{"0":"post-3334","1":"product","2":"type-product","3":"status-publish","4":"has-post-thumbnail","6":"product_cat-baby-mobile-arme","7":"product_tag-channable-de","8":"product_tag-ds-de","9":"product_tag-engels-de","11":"first","12":"instock","13":"shipping-taxable","14":"purchasable","15":"product-type-simple"},"acf":[],"yoast_head":"<!-- This site is optimized with the Yoast SEO plugin v27.4 - https:\/\/yoast.com\/product\/yoast-seo-wordpress\/ -->\n<title>Baby Mobile Arme aus Holz | Robuste Halterung f\u00fcr kreative Dekoration | Little Loua<\/title>\n<meta name=\"description\" content=\"Unsere Baby Mobile Arme aus Holz bieten eine robuste Halterung f\u00fcr kreative Dekorationen. Hochwertige Verarbeitung f\u00fcr eine individuelle Gestaltung des Kinderzimmers. Jetzt entdecken!\" \/>\n<meta name=\"robots\" content=\"index, follow, max-snippet:-1, max-image-preview:large, max-video-preview:-1\" \/>\n<link rel=\"canonical\" href=\"https:\/\/littleloua.com\/de\/produkt\/holz-baby-mobil-arm\/\" \/>\n<meta property=\"og:locale\" content=\"de_DE\" \/>\n<meta property=\"og:type\" content=\"article\" \/>\n<meta property=\"og:title\" content=\"Baby Mobile Arme aus Holz | Robuste Halterung f\u00fcr kreative Dekoration | Little Loua\" \/>\n<meta property=\"og:description\" content=\"Unsere Baby Mobile Arme aus Holz bieten eine robuste Halterung f\u00fcr kreative Dekorationen. Hochwertige Verarbeitung f\u00fcr eine individuelle Gestaltung des Kinderzimmers. Jetzt entdecken!\" \/>\n<meta property=\"og:url\" content=\"https:\/\/littleloua.com\/de\/produkt\/holz-baby-mobil-arm\/\" \/>\n<meta property=\"og:site_name\" content=\"Little Loua\" \/>\n<meta property=\"article:publisher\" content=\"https:\/\/www.facebook.com\/littleloua\" \/>\n<meta property=\"article:modified_time\" content=\"2025-10-21T10:17:03+00:00\" \/>\n<meta property=\"og:image\" content=\"https:\/\/littleloua.com\/wp-content\/uploads\/2023\/07\/93BB2C85-9464-450C-8031-BD872843B3ED-2-scaled.jpeg\" \/>\n\t<meta property=\"og:image:width\" content=\"1707\" \/>\n\t<meta property=\"og:image:height\" content=\"2560\" \/>\n\t<meta property=\"og:image:type\" content=\"image\/jpeg\" \/>\n<meta name=\"twitter:card\" content=\"summary_large_image\" \/>\n<meta name=\"twitter:label1\" content=\"Gesch\u00e4tzte Lesezeit\" \/>\n\t<meta name=\"twitter:data1\" content=\"1\u00a0Minute\" \/>\n<script type=\"application\/ld+json\" class=\"yoast-schema-graph\">{\"@context\":\"https:\\\/\\\/schema.org\",\"@graph\":[{\"@type\":\"WebPage\",\"@id\":\"https:\\\/\\\/littleloua.com\\\/de\\\/produkt\\\/holz-baby-mobil-arm\\\/\",\"url\":\"https:\\\/\\\/littleloua.com\\\/de\\\/produkt\\\/holz-baby-mobil-arm\\\/\",\"name\":\"Baby Mobile Arme aus Holz | Robuste Halterung f\u00fcr kreative Dekoration | Little Loua\",\"isPartOf\":{\"@id\":\"https:\\\/\\\/littleloua.com\\\/de\\\/#website\"},\"primaryImageOfPage\":{\"@id\":\"https:\\\/\\\/littleloua.com\\\/de\\\/produkt\\\/holz-baby-mobil-arm\\\/#primaryimage\"},\"image\":{\"@id\":\"https:\\\/\\\/littleloua.com\\\/de\\\/produkt\\\/holz-baby-mobil-arm\\\/#primaryimage\"},\"thumbnailUrl\":\"https:\\\/\\\/littleloua.com\\\/wp-content\\\/uploads\\\/2023\\\/07\\\/93BB2C85-9464-450C-8031-BD872843B3ED-2-scaled.jpeg\",\"datePublished\":\"2023-07-05T12:57:38+00:00\",\"dateModified\":\"2025-10-21T10:17:03+00:00\",\"description\":\"Unsere Baby Mobile Arme aus Holz bieten eine robuste Halterung f\u00fcr kreative Dekorationen. Hochwertige Verarbeitung f\u00fcr eine individuelle Gestaltung des Kinderzimmers. Jetzt entdecken!\",\"breadcrumb\":{\"@id\":\"https:\\\/\\\/littleloua.com\\\/de\\\/produkt\\\/holz-baby-mobil-arm\\\/#breadcrumb\"},\"inLanguage\":\"de\",\"potentialAction\":[{\"@type\":\"ReadAction\",\"target\":[\"https:\\\/\\\/littleloua.com\\\/de\\\/produkt\\\/holz-baby-mobil-arm\\\/\"]}]},{\"@type\":\"ImageObject\",\"inLanguage\":\"de\",\"@id\":\"https:\\\/\\\/littleloua.com\\\/de\\\/produkt\\\/holz-baby-mobil-arm\\\/#primaryimage\",\"url\":\"https:\\\/\\\/littleloua.com\\\/wp-content\\\/uploads\\\/2023\\\/07\\\/93BB2C85-9464-450C-8031-BD872843B3ED-2-scaled.jpeg\",\"contentUrl\":\"https:\\\/\\\/littleloua.com\\\/wp-content\\\/uploads\\\/2023\\\/07\\\/93BB2C85-9464-450C-8031-BD872843B3ED-2-scaled.jpeg\",\"width\":1707,\"height\":2560},{\"@type\":\"BreadcrumbList\",\"@id\":\"https:\\\/\\\/littleloua.com\\\/de\\\/produkt\\\/holz-baby-mobil-arm\\\/#breadcrumb\",\"itemListElement\":[{\"@type\":\"ListItem\",\"position\":1,\"name\":\"Home\",\"item\":\"https:\\\/\\\/littleloua.com\\\/de\\\/\"},{\"@type\":\"ListItem\",\"position\":2,\"name\":\"Shop\",\"item\":\"https:\\\/\\\/littleloua.com\\\/de\\\/shop\\\/\"},{\"@type\":\"ListItem\",\"position\":3,\"name\":\"Baby mobile arme aus Holz\"}]},{\"@type\":\"WebSite\",\"@id\":\"https:\\\/\\\/littleloua.com\\\/de\\\/#website\",\"url\":\"https:\\\/\\\/littleloua.com\\\/de\\\/\",\"name\":\"Little Loua\",\"description\":\"Handmade Baby mobiles created with love\",\"publisher\":{\"@id\":\"https:\\\/\\\/littleloua.com\\\/de\\\/#organization\"},\"potentialAction\":[{\"@type\":\"SearchAction\",\"target\":{\"@type\":\"EntryPoint\",\"urlTemplate\":\"https:\\\/\\\/littleloua.com\\\/de\\\/?s={search_term_string}\"},\"query-input\":{\"@type\":\"PropertyValueSpecification\",\"valueRequired\":true,\"valueName\":\"search_term_string\"}}],\"inLanguage\":\"de\"},{\"@type\":\"Organization\",\"@id\":\"https:\\\/\\\/littleloua.com\\\/de\\\/#organization\",\"name\":\"Little Loua\",\"url\":\"https:\\\/\\\/littleloua.com\\\/de\\\/\",\"logo\":{\"@type\":\"ImageObject\",\"inLanguage\":\"de\",\"@id\":\"https:\\\/\\\/littleloua.com\\\/de\\\/#\\\/schema\\\/logo\\\/image\\\/\",\"url\":\"https:\\\/\\\/littleloua.com\\\/wp-content\\\/uploads\\\/2023\\\/06\\\/logo-little-loua-handmade-baby-mobiles.png\",\"contentUrl\":\"https:\\\/\\\/littleloua.com\\\/wp-content\\\/uploads\\\/2023\\\/06\\\/logo-little-loua-handmade-baby-mobiles.png\",\"width\":316,\"height\":285,\"caption\":\"Little Loua\"},\"image\":{\"@id\":\"https:\\\/\\\/littleloua.com\\\/de\\\/#\\\/schema\\\/logo\\\/image\\\/\"},\"sameAs\":[\"https:\\\/\\\/www.facebook.com\\\/littleloua\",\"https:\\\/\\\/www.instagram.com\\\/little.loua\\\/\"]}]}<\/script>\n<!-- \/ Yoast SEO plugin. -->","yoast_head_json":{"title":"Baby Mobile Arme aus Holz | Robuste Halterung f\u00fcr kreative Dekoration | Little Loua","description":"Unsere Baby Mobile Arme aus Holz bieten eine robuste Halterung f\u00fcr kreative Dekorationen. Hochwertige Verarbeitung f\u00fcr eine individuelle Gestaltung des Kinderzimmers. Jetzt entdecken!","robots":{"index":"index","follow":"follow","max-snippet":"max-snippet:-1","max-image-preview":"max-image-preview:large","max-video-preview":"max-video-preview:-1"},"canonical":"https:\/\/littleloua.com\/de\/produkt\/holz-baby-mobil-arm\/","og_locale":"de_DE","og_type":"article","og_title":"Baby Mobile Arme aus Holz | Robuste Halterung f\u00fcr kreative Dekoration | Little Loua","og_description":"Unsere Baby Mobile Arme aus Holz bieten eine robuste Halterung f\u00fcr kreative Dekorationen. Hochwertige Verarbeitung f\u00fcr eine individuelle Gestaltung des Kinderzimmers. Jetzt entdecken!","og_url":"https:\/\/littleloua.com\/de\/produkt\/holz-baby-mobil-arm\/","og_site_name":"Little Loua","article_publisher":"https:\/\/www.facebook.com\/littleloua","article_modified_time":"2025-10-21T10:17:03+00:00","og_image":[{"width":1707,"height":2560,"url":"https:\/\/littleloua.com\/wp-content\/uploads\/2023\/07\/93BB2C85-9464-450C-8031-BD872843B3ED-2-scaled.jpeg","type":"image\/jpeg"}],"twitter_card":"summary_large_image","twitter_misc":{"Gesch\u00e4tzte Lesezeit":"1\u00a0Minute"},"schema":{"@context":"https:\/\/schema.org","@graph":[{"@type":"WebPage","@id":"https:\/\/littleloua.com\/de\/produkt\/holz-baby-mobil-arm\/","url":"https:\/\/littleloua.com\/de\/produkt\/holz-baby-mobil-arm\/","name":"Baby Mobile Arme aus Holz | Robuste Halterung f\u00fcr kreative Dekoration | Little Loua","isPartOf":{"@id":"https:\/\/littleloua.com\/de\/#website"},"primaryImageOfPage":{"@id":"https:\/\/littleloua.com\/de\/produkt\/holz-baby-mobil-arm\/#primaryimage"},"image":{"@id":"https:\/\/littleloua.com\/de\/produkt\/holz-baby-mobil-arm\/#primaryimage"},"thumbnailUrl":"https:\/\/littleloua.com\/wp-content\/uploads\/2023\/07\/93BB2C85-9464-450C-8031-BD872843B3ED-2-scaled.jpeg","datePublished":"2023-07-05T12:57:38+00:00","dateModified":"2025-10-21T10:17:03+00:00","description":"Unsere Baby Mobile Arme aus Holz bieten eine robuste Halterung f\u00fcr kreative Dekorationen. Hochwertige Verarbeitung f\u00fcr eine individuelle Gestaltung des Kinderzimmers. Jetzt entdecken!","breadcrumb":{"@id":"https:\/\/littleloua.com\/de\/produkt\/holz-baby-mobil-arm\/#breadcrumb"},"inLanguage":"de","potentialAction":[{"@type":"ReadAction","target":["https:\/\/littleloua.com\/de\/produkt\/holz-baby-mobil-arm\/"]}]},{"@type":"ImageObject","inLanguage":"de","@id":"https:\/\/littleloua.com\/de\/produkt\/holz-baby-mobil-arm\/#primaryimage","url":"https:\/\/littleloua.com\/wp-content\/uploads\/2023\/07\/93BB2C85-9464-450C-8031-BD872843B3ED-2-scaled.jpeg","contentUrl":"https:\/\/littleloua.com\/wp-content\/uploads\/2023\/07\/93BB2C85-9464-450C-8031-BD872843B3ED-2-scaled.jpeg","width":1707,"height":2560},{"@type":"BreadcrumbList","@id":"https:\/\/littleloua.com\/de\/produkt\/holz-baby-mobil-arm\/#breadcrumb","itemListElement":[{"@type":"ListItem","position":1,"name":"Home","item":"https:\/\/littleloua.com\/de\/"},{"@type":"ListItem","position":2,"name":"Shop","item":"https:\/\/littleloua.com\/de\/shop\/"},{"@type":"ListItem","position":3,"name":"Baby mobile arme aus Holz"}]},{"@type":"WebSite","@id":"https:\/\/littleloua.com\/de\/#website","url":"https:\/\/littleloua.com\/de\/","name":"Little Loua","description":"Handmade Baby mobiles created with love","publisher":{"@id":"https:\/\/littleloua.com\/de\/#organization"},"potentialAction":[{"@type":"SearchAction","target":{"@type":"EntryPoint","urlTemplate":"https:\/\/littleloua.com\/de\/?s={search_term_string}"},"query-input":{"@type":"PropertyValueSpecification","valueRequired":true,"valueName":"search_term_string"}}],"inLanguage":"de"},{"@type":"Organization","@id":"https:\/\/littleloua.com\/de\/#organization","name":"Little Loua","url":"https:\/\/littleloua.com\/de\/","logo":{"@type":"ImageObject","inLanguage":"de","@id":"https:\/\/littleloua.com\/de\/#\/schema\/logo\/image\/","url":"https:\/\/littleloua.com\/wp-content\/uploads\/2023\/06\/logo-little-loua-handmade-baby-mobiles.png","contentUrl":"https:\/\/littleloua.com\/wp-content\/uploads\/2023\/06\/logo-little-loua-handmade-baby-mobiles.png","width":316,"height":285,"caption":"Little Loua"},"image":{"@id":"https:\/\/littleloua.com\/de\/#\/schema\/logo\/image\/"},"sameAs":["https:\/\/www.facebook.com\/littleloua","https:\/\/www.instagram.com\/little.loua\/"]}]}},"_links":{"self":[{"href":"https:\/\/littleloua.com\/de\/wp-json\/wp\/v2\/product\/3334","targetHints":{"allow":["GET"]}}],"collection":[{"href":"https:\/\/littleloua.com\/de\/wp-json\/wp\/v2\/product"}],"about":[{"href":"https:\/\/littleloua.com\/de\/wp-json\/wp\/v2\/types\/product"}],"version-history":[{"count":1,"href":"https:\/\/littleloua.com\/de\/wp-json\/wp\/v2\/product\/3334\/revisions"}],"predecessor-version":[{"id":20539,"href":"https:\/\/littleloua.com\/de\/wp-json\/wp\/v2\/product\/3334\/revisions\/20539"}],"wp:featuredmedia":[{"embeddable":true,"href":"https:\/\/littleloua.com\/de\/wp-json\/wp\/v2\/media\/11770"}],"wp:attachment":[{"href":"https:\/\/littleloua.com\/de\/wp-json\/wp\/v2\/media?parent=3334"}],"wp:term":[{"taxonomy":"product_brand","embeddable":true,"href":"https:\/\/littleloua.com\/de\/wp-json\/wp\/v2\/product_brand?post=3334"},{"taxonomy":"product_cat","embeddable":true,"href":"https:\/\/littleloua.com\/de\/wp-json\/wp\/v2\/product_cat?post=3334"},{"taxonomy":"product_tag","embeddable":true,"href":"https:\/\/littleloua.com\/de\/wp-json\/wp\/v2\/product_tag?post=3334"}],"curies":[{"name":"wp","href":"https:\/\/api.w.org\/{rel}","templated":true}]}}