{"id":3283,"date":"2023-07-04T14:57:43","date_gmt":"2023-07-04T14:57:43","guid":{"rendered":"https:\/\/littleloua.com\/\/product\/handgefertigtes-baby-mobile-mit-schlafendem-teddybaer\/"},"modified":"2025-10-21T12:17:05","modified_gmt":"2025-10-21T10:17:05","slug":"handgefertigtes-schlafendes-teddy-baby-mobil","status":"publish","type":"product","link":"https:\/\/littleloua.com\/de\/produkt\/handgefertigtes-schlafendes-teddy-baby-mobil\/","title":{"rendered":"Handgefertigtes baby mobile Sleeping Teddy"},"content":{"rendered":"<h1>Die Reise durch die Nacht beginnt mit deinem Baby-Mobile.<\/h1>\n<p>Mit unserem handgefertigten Baby-Mobile werden die letzten Minuten des Tages zu einer entspannten Reise ins Land der Tr\u00e4ume. Auch beim Aufwachen haben die Kleinen direkt einen Bezugspunkt, was f\u00fcr ein harmonisches und geborgenes Aufwacherlebnis sorgt.<\/p>\n<h2><strong>Wenn Geborgenheit zur Gewohnheit wird.<\/strong><\/h2>\n<p>Schon nach einer Woche Zeit mit dem Baby-Mobile verbindet ihr Kind Entspanntheit und Ruhe mit den farbenfrohen Figuren. Vor Allem in Verbindung mit der Musikbox, welche vertraute Kl\u00e4nge abspielt, kommt ihr Kleines sofort in den Modus der Entspannung. Ganz einfach durch die Gewohnheit. Das Gute daran: diese Entspannungsgewohnheit k\u00f6nnen Sie auch au\u00dferhalb des Bettchens nutzen.<\/p>\n<h2><strong>Entspannung &#8211; nicht nur f\u00fcr\u2019s Bett.<\/strong><\/h2>\n<p>Durch die einfache Montage k\u00f6nnen sie das Baby-Mobile an jedem Trigger-Ort f\u00fcr Stress anbringen. So entspannt sich Ihr Kind beispielsweise an einem Wickeltisch deutlich besser, wenn es die gleiche Musik h\u00f6rt oder die vertrauten Figuren sieht. Daraus entsteht eine Win-Win Situation: das Baby ist durch und durch entspannt und stressresistent und sie haben keine Probleme ihr Kleines auf den Bauch zu drehen oder anzuziehen.<\/p>\n<h2><strong>Unser Baby-Mobile auch perfekt als Geschenk!<\/strong><\/h2>\n<p>Egal ob als Dekoration, Einschlafhilfe oder Geschenk f\u00fcr die Baby-Party \u2013 unser Baby-Mobile ist f\u00fcr jede Gelegenheit ein absoluter Eye-Catcher. Das Element ist zu 100% aus Handarbeit in Belgien gefertigt, deshalb kann es zu minimalen Abweichungen von der Abbildung kommen.<\/p>\n<h2><strong>\u00a0Vorteile des Baby-Mobile:<\/strong><\/h2>\n<ul>\n<li>100% handgefertigt \u2705<\/li>\n<li>Kostenloser Versand ab 100\u20ac \u2705<\/li>\n<li>Versand innerhalb von 24h \u2705<\/li>\n<li>Allergenfreie Materialien \u2705<\/li>\n<li>Jedes St\u00fcck ist ein Einzelst\u00fcck \u2705<\/li>\n<\/ul>\n<h2><strong>Spezifikationen <\/strong><strong>????<\/strong><\/h2>\n<p>Kreisradius: 24 cm<br \/>\nGesamth\u00f6he: 53 cm<\/p>\n<h2><strong><em>Materialien <\/em><\/strong><strong><em>????<\/em><\/strong><\/h2>\n<p>Filz, hypoallergene F\u00fcllung, Holz, Baumwollf\u00e4den.<\/p>\n<h2><strong>Sicherheitshinweis <\/strong><strong>\u26a0<\/strong><strong>\ufe0f<\/strong><\/h2>\n<p>Unser Baby-Mobile ist lediglich als Deko und weniger als Spielzeug gedacht. Installieren Sie das Mobile also am besten in der Mitte des Bettes mit mindestens 30 cm Abstand vom Kind, um Gefahren zu vermeiden.<\/p>\n","protected":false},"excerpt":{"rendered":"<p>Mit unserem handgefertigten Baby-Mobile werden die letzten Minuten des Tages zu einer entspannten Reise ins Land der Tr\u00e4ume. Auch beim Aufwachen haben die Kleinen direkt einen Bezugspunkt, was f\u00fcr ein harmonisches und geborgenes Aufwacherlebnis sorgt.<\/p>\n","protected":false},"featured_media":6166,"template":"","meta":{"_acf_changed":false},"product_brand":[],"product_cat":[57],"product_tag":[104,108,132],"class_list":{"0":"post-3283","1":"product","2":"type-product","3":"status-publish","4":"has-post-thumbnail","6":"product_cat-baby-mobile","7":"product_tag-channable-de","8":"product_tag-ds-de","9":"product_tag-engels-de","11":"first","12":"instock","13":"shipping-taxable","14":"purchasable","15":"product-type-simple"},"acf":[],"yoast_head":"<!-- This site is optimized with the Yoast SEO plugin v27.4 - https:\/\/yoast.com\/product\/yoast-seo-wordpress\/ -->\n<title>Handgefertigtes Baby Mobile Sleeping Teddy | Sanfte Melodien f\u00fcr s\u00fc\u00dfe Tr\u00e4ume | Little Loua<\/title>\n<meta name=\"description\" content=\"Unser handgefertigtes Baby Mobile Sleeping Teddy bietet sanfte Melodien, die Ihr Baby in den Schlaf wiegen. Eine liebevolle Erg\u00e4nzung f\u00fcr das Kinderzimmer. Jetzt erh\u00e4ltlich!\" \/>\n<meta name=\"robots\" content=\"index, follow, max-snippet:-1, max-image-preview:large, max-video-preview:-1\" \/>\n<link rel=\"canonical\" href=\"https:\/\/littleloua.com\/de\/produkt\/handgefertigtes-schlafendes-teddy-baby-mobil\/\" \/>\n<meta property=\"og:locale\" content=\"de_DE\" \/>\n<meta property=\"og:type\" content=\"article\" \/>\n<meta property=\"og:title\" content=\"Handgefertigtes Baby Mobile Sleeping Teddy | Sanfte Melodien f\u00fcr s\u00fc\u00dfe Tr\u00e4ume | Little Loua\" \/>\n<meta property=\"og:description\" content=\"Unser handgefertigtes Baby Mobile Sleeping Teddy bietet sanfte Melodien, die Ihr Baby in den Schlaf wiegen. Eine liebevolle Erg\u00e4nzung f\u00fcr das Kinderzimmer. Jetzt erh\u00e4ltlich!\" \/>\n<meta property=\"og:url\" content=\"https:\/\/littleloua.com\/de\/produkt\/handgefertigtes-schlafendes-teddy-baby-mobil\/\" \/>\n<meta property=\"og:site_name\" content=\"Little Loua\" \/>\n<meta property=\"article:publisher\" content=\"https:\/\/www.facebook.com\/littleloua\" \/>\n<meta property=\"article:modified_time\" content=\"2025-10-21T10:17:05+00:00\" \/>\n<meta property=\"og:image\" content=\"https:\/\/littleloua.com\/wp-content\/uploads\/2023\/07\/Teddy-mobiel-scaled.jpg\" \/>\n\t<meta property=\"og:image:width\" content=\"1708\" \/>\n\t<meta property=\"og:image:height\" content=\"2560\" \/>\n\t<meta property=\"og:image:type\" content=\"image\/jpeg\" \/>\n<meta name=\"twitter:card\" content=\"summary_large_image\" \/>\n<meta name=\"twitter:label1\" content=\"Gesch\u00e4tzte Lesezeit\" \/>\n\t<meta name=\"twitter:data1\" content=\"2\u00a0Minuten\" \/>\n<script type=\"application\/ld+json\" class=\"yoast-schema-graph\">{\"@context\":\"https:\\\/\\\/schema.org\",\"@graph\":[{\"@type\":\"WebPage\",\"@id\":\"https:\\\/\\\/littleloua.com\\\/de\\\/produkt\\\/handgefertigtes-schlafendes-teddy-baby-mobil\\\/\",\"url\":\"https:\\\/\\\/littleloua.com\\\/de\\\/produkt\\\/handgefertigtes-schlafendes-teddy-baby-mobil\\\/\",\"name\":\"Handgefertigtes Baby Mobile Sleeping Teddy | Sanfte Melodien f\u00fcr s\u00fc\u00dfe Tr\u00e4ume | Little Loua\",\"isPartOf\":{\"@id\":\"https:\\\/\\\/littleloua.com\\\/de\\\/#website\"},\"primaryImageOfPage\":{\"@id\":\"https:\\\/\\\/littleloua.com\\\/de\\\/produkt\\\/handgefertigtes-schlafendes-teddy-baby-mobil\\\/#primaryimage\"},\"image\":{\"@id\":\"https:\\\/\\\/littleloua.com\\\/de\\\/produkt\\\/handgefertigtes-schlafendes-teddy-baby-mobil\\\/#primaryimage\"},\"thumbnailUrl\":\"https:\\\/\\\/littleloua.com\\\/wp-content\\\/uploads\\\/2023\\\/07\\\/Teddy-mobiel-scaled.jpg\",\"datePublished\":\"2023-07-04T14:57:43+00:00\",\"dateModified\":\"2025-10-21T10:17:05+00:00\",\"description\":\"Unser handgefertigtes Baby Mobile Sleeping Teddy bietet sanfte Melodien, die Ihr Baby in den Schlaf wiegen. Eine liebevolle Erg\u00e4nzung f\u00fcr das Kinderzimmer. Jetzt erh\u00e4ltlich!\",\"breadcrumb\":{\"@id\":\"https:\\\/\\\/littleloua.com\\\/de\\\/produkt\\\/handgefertigtes-schlafendes-teddy-baby-mobil\\\/#breadcrumb\"},\"inLanguage\":\"de\",\"potentialAction\":[{\"@type\":\"ReadAction\",\"target\":[\"https:\\\/\\\/littleloua.com\\\/de\\\/produkt\\\/handgefertigtes-schlafendes-teddy-baby-mobil\\\/\"]}]},{\"@type\":\"ImageObject\",\"inLanguage\":\"de\",\"@id\":\"https:\\\/\\\/littleloua.com\\\/de\\\/produkt\\\/handgefertigtes-schlafendes-teddy-baby-mobil\\\/#primaryimage\",\"url\":\"https:\\\/\\\/littleloua.com\\\/wp-content\\\/uploads\\\/2023\\\/07\\\/Teddy-mobiel-scaled.jpg\",\"contentUrl\":\"https:\\\/\\\/littleloua.com\\\/wp-content\\\/uploads\\\/2023\\\/07\\\/Teddy-mobiel-scaled.jpg\",\"width\":1708,\"height\":2560,\"caption\":\"Teddy bear baby mobile\"},{\"@type\":\"BreadcrumbList\",\"@id\":\"https:\\\/\\\/littleloua.com\\\/de\\\/produkt\\\/handgefertigtes-schlafendes-teddy-baby-mobil\\\/#breadcrumb\",\"itemListElement\":[{\"@type\":\"ListItem\",\"position\":1,\"name\":\"Home\",\"item\":\"https:\\\/\\\/littleloua.com\\\/de\\\/\"},{\"@type\":\"ListItem\",\"position\":2,\"name\":\"Shop\",\"item\":\"https:\\\/\\\/littleloua.com\\\/de\\\/shop\\\/\"},{\"@type\":\"ListItem\",\"position\":3,\"name\":\"Handgefertigtes baby mobile Sleeping Teddy\"}]},{\"@type\":\"WebSite\",\"@id\":\"https:\\\/\\\/littleloua.com\\\/de\\\/#website\",\"url\":\"https:\\\/\\\/littleloua.com\\\/de\\\/\",\"name\":\"Little Loua\",\"description\":\"Handmade Baby mobiles created with love\",\"publisher\":{\"@id\":\"https:\\\/\\\/littleloua.com\\\/de\\\/#organization\"},\"potentialAction\":[{\"@type\":\"SearchAction\",\"target\":{\"@type\":\"EntryPoint\",\"urlTemplate\":\"https:\\\/\\\/littleloua.com\\\/de\\\/?s={search_term_string}\"},\"query-input\":{\"@type\":\"PropertyValueSpecification\",\"valueRequired\":true,\"valueName\":\"search_term_string\"}}],\"inLanguage\":\"de\"},{\"@type\":\"Organization\",\"@id\":\"https:\\\/\\\/littleloua.com\\\/de\\\/#organization\",\"name\":\"Little Loua\",\"url\":\"https:\\\/\\\/littleloua.com\\\/de\\\/\",\"logo\":{\"@type\":\"ImageObject\",\"inLanguage\":\"de\",\"@id\":\"https:\\\/\\\/littleloua.com\\\/de\\\/#\\\/schema\\\/logo\\\/image\\\/\",\"url\":\"https:\\\/\\\/littleloua.com\\\/wp-content\\\/uploads\\\/2023\\\/06\\\/logo-little-loua-handmade-baby-mobiles.png\",\"contentUrl\":\"https:\\\/\\\/littleloua.com\\\/wp-content\\\/uploads\\\/2023\\\/06\\\/logo-little-loua-handmade-baby-mobiles.png\",\"width\":316,\"height\":285,\"caption\":\"Little Loua\"},\"image\":{\"@id\":\"https:\\\/\\\/littleloua.com\\\/de\\\/#\\\/schema\\\/logo\\\/image\\\/\"},\"sameAs\":[\"https:\\\/\\\/www.facebook.com\\\/littleloua\",\"https:\\\/\\\/www.instagram.com\\\/little.loua\\\/\"]}]}<\/script>\n<!-- \/ Yoast SEO plugin. -->","yoast_head_json":{"title":"Handgefertigtes Baby Mobile Sleeping Teddy | Sanfte Melodien f\u00fcr s\u00fc\u00dfe Tr\u00e4ume | Little Loua","description":"Unser handgefertigtes Baby Mobile Sleeping Teddy bietet sanfte Melodien, die Ihr Baby in den Schlaf wiegen. Eine liebevolle Erg\u00e4nzung f\u00fcr das Kinderzimmer. Jetzt erh\u00e4ltlich!","robots":{"index":"index","follow":"follow","max-snippet":"max-snippet:-1","max-image-preview":"max-image-preview:large","max-video-preview":"max-video-preview:-1"},"canonical":"https:\/\/littleloua.com\/de\/produkt\/handgefertigtes-schlafendes-teddy-baby-mobil\/","og_locale":"de_DE","og_type":"article","og_title":"Handgefertigtes Baby Mobile Sleeping Teddy | Sanfte Melodien f\u00fcr s\u00fc\u00dfe Tr\u00e4ume | Little Loua","og_description":"Unser handgefertigtes Baby Mobile Sleeping Teddy bietet sanfte Melodien, die Ihr Baby in den Schlaf wiegen. Eine liebevolle Erg\u00e4nzung f\u00fcr das Kinderzimmer. Jetzt erh\u00e4ltlich!","og_url":"https:\/\/littleloua.com\/de\/produkt\/handgefertigtes-schlafendes-teddy-baby-mobil\/","og_site_name":"Little Loua","article_publisher":"https:\/\/www.facebook.com\/littleloua","article_modified_time":"2025-10-21T10:17:05+00:00","og_image":[{"width":1708,"height":2560,"url":"https:\/\/littleloua.com\/wp-content\/uploads\/2023\/07\/Teddy-mobiel-scaled.jpg","type":"image\/jpeg"}],"twitter_card":"summary_large_image","twitter_misc":{"Gesch\u00e4tzte Lesezeit":"2\u00a0Minuten"},"schema":{"@context":"https:\/\/schema.org","@graph":[{"@type":"WebPage","@id":"https:\/\/littleloua.com\/de\/produkt\/handgefertigtes-schlafendes-teddy-baby-mobil\/","url":"https:\/\/littleloua.com\/de\/produkt\/handgefertigtes-schlafendes-teddy-baby-mobil\/","name":"Handgefertigtes Baby Mobile Sleeping Teddy | Sanfte Melodien f\u00fcr s\u00fc\u00dfe Tr\u00e4ume | Little Loua","isPartOf":{"@id":"https:\/\/littleloua.com\/de\/#website"},"primaryImageOfPage":{"@id":"https:\/\/littleloua.com\/de\/produkt\/handgefertigtes-schlafendes-teddy-baby-mobil\/#primaryimage"},"image":{"@id":"https:\/\/littleloua.com\/de\/produkt\/handgefertigtes-schlafendes-teddy-baby-mobil\/#primaryimage"},"thumbnailUrl":"https:\/\/littleloua.com\/wp-content\/uploads\/2023\/07\/Teddy-mobiel-scaled.jpg","datePublished":"2023-07-04T14:57:43+00:00","dateModified":"2025-10-21T10:17:05+00:00","description":"Unser handgefertigtes Baby Mobile Sleeping Teddy bietet sanfte Melodien, die Ihr Baby in den Schlaf wiegen. Eine liebevolle Erg\u00e4nzung f\u00fcr das Kinderzimmer. Jetzt erh\u00e4ltlich!","breadcrumb":{"@id":"https:\/\/littleloua.com\/de\/produkt\/handgefertigtes-schlafendes-teddy-baby-mobil\/#breadcrumb"},"inLanguage":"de","potentialAction":[{"@type":"ReadAction","target":["https:\/\/littleloua.com\/de\/produkt\/handgefertigtes-schlafendes-teddy-baby-mobil\/"]}]},{"@type":"ImageObject","inLanguage":"de","@id":"https:\/\/littleloua.com\/de\/produkt\/handgefertigtes-schlafendes-teddy-baby-mobil\/#primaryimage","url":"https:\/\/littleloua.com\/wp-content\/uploads\/2023\/07\/Teddy-mobiel-scaled.jpg","contentUrl":"https:\/\/littleloua.com\/wp-content\/uploads\/2023\/07\/Teddy-mobiel-scaled.jpg","width":1708,"height":2560,"caption":"Teddy bear baby mobile"},{"@type":"BreadcrumbList","@id":"https:\/\/littleloua.com\/de\/produkt\/handgefertigtes-schlafendes-teddy-baby-mobil\/#breadcrumb","itemListElement":[{"@type":"ListItem","position":1,"name":"Home","item":"https:\/\/littleloua.com\/de\/"},{"@type":"ListItem","position":2,"name":"Shop","item":"https:\/\/littleloua.com\/de\/shop\/"},{"@type":"ListItem","position":3,"name":"Handgefertigtes baby mobile Sleeping Teddy"}]},{"@type":"WebSite","@id":"https:\/\/littleloua.com\/de\/#website","url":"https:\/\/littleloua.com\/de\/","name":"Little Loua","description":"Handmade Baby mobiles created with love","publisher":{"@id":"https:\/\/littleloua.com\/de\/#organization"},"potentialAction":[{"@type":"SearchAction","target":{"@type":"EntryPoint","urlTemplate":"https:\/\/littleloua.com\/de\/?s={search_term_string}"},"query-input":{"@type":"PropertyValueSpecification","valueRequired":true,"valueName":"search_term_string"}}],"inLanguage":"de"},{"@type":"Organization","@id":"https:\/\/littleloua.com\/de\/#organization","name":"Little Loua","url":"https:\/\/littleloua.com\/de\/","logo":{"@type":"ImageObject","inLanguage":"de","@id":"https:\/\/littleloua.com\/de\/#\/schema\/logo\/image\/","url":"https:\/\/littleloua.com\/wp-content\/uploads\/2023\/06\/logo-little-loua-handmade-baby-mobiles.png","contentUrl":"https:\/\/littleloua.com\/wp-content\/uploads\/2023\/06\/logo-little-loua-handmade-baby-mobiles.png","width":316,"height":285,"caption":"Little Loua"},"image":{"@id":"https:\/\/littleloua.com\/de\/#\/schema\/logo\/image\/"},"sameAs":["https:\/\/www.facebook.com\/littleloua","https:\/\/www.instagram.com\/little.loua\/"]}]}},"_links":{"self":[{"href":"https:\/\/littleloua.com\/de\/wp-json\/wp\/v2\/product\/3283","targetHints":{"allow":["GET"]}}],"collection":[{"href":"https:\/\/littleloua.com\/de\/wp-json\/wp\/v2\/product"}],"about":[{"href":"https:\/\/littleloua.com\/de\/wp-json\/wp\/v2\/types\/product"}],"version-history":[{"count":1,"href":"https:\/\/littleloua.com\/de\/wp-json\/wp\/v2\/product\/3283\/revisions"}],"predecessor-version":[{"id":20541,"href":"https:\/\/littleloua.com\/de\/wp-json\/wp\/v2\/product\/3283\/revisions\/20541"}],"wp:featuredmedia":[{"embeddable":true,"href":"https:\/\/littleloua.com\/de\/wp-json\/wp\/v2\/media\/6166"}],"wp:attachment":[{"href":"https:\/\/littleloua.com\/de\/wp-json\/wp\/v2\/media?parent=3283"}],"wp:term":[{"taxonomy":"product_brand","embeddable":true,"href":"https:\/\/littleloua.com\/de\/wp-json\/wp\/v2\/product_brand?post=3283"},{"taxonomy":"product_cat","embeddable":true,"href":"https:\/\/littleloua.com\/de\/wp-json\/wp\/v2\/product_cat?post=3283"},{"taxonomy":"product_tag","embeddable":true,"href":"https:\/\/littleloua.com\/de\/wp-json\/wp\/v2\/product_tag?post=3283"}],"curies":[{"name":"wp","href":"https:\/\/api.w.org\/{rel}","templated":true}]}}