{"id":22850,"date":"2026-04-15T14:23:20","date_gmt":"2026-04-15T12:23:20","guid":{"rendered":"https:\/\/littleloua.com\/?post_type=product&#038;p=22850"},"modified":"2026-04-15T14:47:42","modified_gmt":"2026-04-15T12:47:42","slug":"set-kleine-grosse-wolk","status":"publish","type":"product","link":"https:\/\/littleloua.com\/de\/produkt\/set-kleine-grosse-wolk\/","title":{"rendered":"Set Kleine &#038; Gro\u00dfe Wolk"},"content":{"rendered":"<h3 data-start=\"129\" data-end=\"203\"><strong data-start=\"133\" data-end=\"201\">Handgefertigtes Boucl\u00e9-Wanddeko-Set Ballon &amp; Wolke \u2013 Little Loua<\/strong><\/h3>\n<p data-start=\"205\" data-end=\"569\">Verwandeln Sie das Zimmer Ihres kleinen Lieblings in einen <strong data-start=\"264\" data-end=\"299\">warmen, gem\u00fctlichen R\u00fcckzugsort<\/strong> mit den bezaubernden Wandleuchten von <strong data-start=\"338\" data-end=\"353\">Little Loua<\/strong>.<br data-start=\"354\" data-end=\"357\" \/>Unsere Boucl\u00e9-Wandleuchten \u00a0\u2013 bringen nicht nur ein sanftes, beruhigendes Licht, sondern auch einen Hauch von Magie in jedes Baby- oder Spielzimmer.<\/p>\n<p data-start=\"571\" data-end=\"947\">Der <strong data-start=\"575\" data-end=\"605\">strukturierte Boucl\u00e9-Stoff<\/strong> sorgt f\u00fcr eine weiche, kuschelige Optik, w\u00e4hrend das warme Licht eine <strong data-start=\"676\" data-end=\"701\">entspannte Atmosph\u00e4re<\/strong> schafft, die perfekt f\u00fcr die Schlafenszeit ist.<br data-start=\"749\" data-end=\"752\" \/>Kombinieren Sie verschiedene Formen, um eine <strong data-start=\"797\" data-end=\"829\">vollst\u00e4ndige Wandkomposition<\/strong> zu gestalten und verwandeln Sie das Zimmer in eine traumhafte Welt, in der sich Ihr Kind sicher und geborgen f\u00fchlt.<\/p>\n<h3 data-start=\"954\" data-end=\"994\">\u2728 <strong data-start=\"960\" data-end=\"992\">Warum Sie sie lieben werden:<\/strong><\/h3>\n<ul data-start=\"995\" data-end=\"1209\">\n<li data-start=\"995\" data-end=\"1043\">\n<p data-start=\"997\" data-end=\"1043\">Mit Liebe und Liebe zum Detail handgefertigt<\/p>\n<\/li>\n<li data-start=\"1044\" data-end=\"1094\">\n<p data-start=\"1046\" data-end=\"1094\">Einzigartige Formen: Ballon, Wolken &amp; Teddyb\u00e4r<\/p>\n<\/li>\n<li data-start=\"1095\" data-end=\"1131\">\n<p data-start=\"1097\" data-end=\"1131\">Ideal f\u00fcr Baby- und Kinderzimmer<\/p>\n<\/li>\n<li data-start=\"1132\" data-end=\"1209\">\n<p data-start=\"1134\" data-end=\"1209\">Perfekt zum Kombinieren f\u00fcr eine komplette <strong data-start=\"1177\" data-end=\"1192\">Little Loua<\/strong>-Wanddekoration<\/p>\n<\/li>\n<\/ul>\n<p data-start=\"1211\" data-end=\"1316\">Schaffen Sie eine Welt voller W\u00e4rme und Geborgenheit \u2013 mit den Boucl\u00e9-Wandleuchten von <strong data-start=\"1298\" data-end=\"1313\">Little Loua<\/strong>.<\/p>\n<h3 data-start=\"1323\" data-end=\"1340\"><strong data-start=\"1327\" data-end=\"1338\">Inhalt:<\/strong><\/h3>\n<p><strong>Gro\u00dfe Wolke<\/strong>: 47 cm (18,5 Zoll) L\u00e4nge x 33 cm (12,99 Zoll) H\u00f6he<\/p>\n<p><strong>Kleine Wolke<\/strong>: 39 cm (15,35 Zoll) L\u00e4nge x 23 cm (9,06 Zoll) H\u00f6he<\/p>\n<p data-start=\"1550\" data-end=\"2110\">\u00b0 <strong data-start=\"1552\" data-end=\"1574\">Einfache Bedienung<\/strong> \u2013 Mit der Fernbedienung k\u00f6nnen Sie das Licht ganz einfach ein- oder ausschalten, ohne Ihr Baby zu st\u00f6ren.<br data-start=\"1680\" data-end=\"1683\" \/>\u00b0 <strong data-start=\"1685\" data-end=\"1703\">Timer-Funktion<\/strong> \u2013 Das Licht schaltet sich automatisch nach 30 oder 60 Minuten aus \u2013 ideal f\u00fcr die Schlafenszeit.<br data-start=\"1800\" data-end=\"1803\" \/>\u00b0 <strong data-start=\"1805\" data-end=\"1832\">Sicher in der Anwendung<\/strong> \u2013 Die Lampen und die Fernbedienung funktionieren mit Batterien und lassen sich leicht aufh\u00e4ngen.<br data-start=\"1929\" data-end=\"1932\" \/>\u00b0 <strong data-start=\"1934\" data-end=\"1957\">Verschiedene Farben<\/strong> \u2013 Mit der Fernbedienung k\u00f6nnen Sie die gew\u00fcnschte Farbe oder Stimmung im Raum w\u00e4hlen.<br data-start=\"2043\" data-end=\"2046\" \/><em data-start=\"2046\" data-end=\"2108\">(Farben: Wei\u00df, Gelb, Orange, Gr\u00fcn, Rot, Blau, Lila, Rosa, \u2026)<\/em><\/p>\n<h3 data-start=\"2117\" data-end=\"2141\"><strong data-start=\"2121\" data-end=\"2139\">Eigenschaften:<\/strong><\/h3>\n<p data-start=\"2142\" data-end=\"2322\"><strong data-start=\"2142\" data-end=\"2175\">Weiches &amp; Gem\u00fctliches Design:<\/strong><br data-start=\"2175\" data-end=\"2178\" \/>Hergestellt aus Holz und mit weichem Boucl\u00e9-Stoff bezogen \u2013 angenehm im Griff und bietet ein beruhigendes, sensorisches Erlebnis f\u00fcr Ihr Baby.<\/p>\n<p data-start=\"2324\" data-end=\"2466\"><strong data-start=\"2324\" data-end=\"2354\">Umweltfreundlich &amp; Sicher:<\/strong><br data-start=\"2354\" data-end=\"2357\" \/>Gefertigt aus zertifiziertem Naturholz und ungiftigen Materialien \u2013 langlebig und sicher f\u00fcr kleine Kinder.<\/p>\n<p data-start=\"2468\" data-end=\"2653\"><strong data-start=\"2468\" data-end=\"2498\">Optionale LED-Beleuchtung:<\/strong><br data-start=\"2498\" data-end=\"2501\" \/>Die Dekoration kann mit einer LED-Beleuchtung geliefert werden, die ein sanftes, warmes Licht ausstrahlt \u2013 perfekt f\u00fcr eine beruhigende Abendstimmung.<\/p>\n<p data-start=\"2655\" data-end=\"2889\"><strong data-start=\"2655\" data-end=\"2684\">Perfekt f\u00fcr jedes Zimmer:<\/strong><br data-start=\"2684\" data-end=\"2687\" \/>Ob Sie sich nur f\u00fcr den Ballon oder f\u00fcr ein passendes Set mit Wolken und Ballons entscheiden \u2013 diese Wanddekoration ist eine wundersch\u00f6ne Erg\u00e4nzung f\u00fcr jedes Babyzimmer, Kinderzimmer oder Spielzimmer.<\/p>\n<h3 data-start=\"2896\" data-end=\"2925\"><strong data-start=\"2900\" data-end=\"2923\">Sicherheitshinweis:<\/strong><\/h3>\n<p data-start=\"2926\" data-end=\"3205\">Aus Sicherheitsgr\u00fcnden empfehlen wir, die Dekoration <strong data-start=\"2979\" data-end=\"3013\">fest an der Wand zu befestigen<\/strong>.<br data-start=\"3014\" data-end=\"3017\" \/>Alle unsere Wanddekorationen sind <strong data-start=\"3051\" data-end=\"3091\">ausschlie\u00dflich zu Dekorationszwecken<\/strong> gedacht und <strong data-start=\"3104\" data-end=\"3127\">nicht als Spielzeug<\/strong> geeignet.<br data-start=\"3137\" data-end=\"3140\" \/>H\u00e4ngen Sie die Dekoration <strong data-start=\"3166\" data-end=\"3198\">au\u00dfer Reichweite von Kindern<\/strong> auf.<\/p>\n<h3 data-start=\"3212\" data-end=\"3271\"><strong data-start=\"3216\" data-end=\"3269\">Warum Little Loua\u2019s Boucl\u00e9-Wanddekoration w\u00e4hlen?<\/strong><\/h3>\n<p data-start=\"3272\" data-end=\"3459\"><strong data-start=\"3275\" data-end=\"3302\">Verspielt &amp; Funktional:<\/strong><br data-start=\"3302\" data-end=\"3305\" \/>Eine perfekte Kombination aus bezauberndem Design und praktischer Anwendung \u2013 schafft eine beruhigende, einladende Atmosph\u00e4re f\u00fcr Babys und Kleinkinder.<\/p>\n<p data-start=\"3461\" data-end=\"3594\"><strong data-start=\"3464\" data-end=\"3492\">Mit Liebe handgefertigt:<\/strong><br data-start=\"3492\" data-end=\"3495\" \/>Jedes St\u00fcck wird sorgf\u00e4ltig von Hand gefertigt \u2013 f\u00fcr eine einzigartige, hochwertige Verarbeitung.<\/p>\n<p data-start=\"3596\" data-end=\"3728\"><strong data-start=\"3599\" data-end=\"3623\">Nachhaltig &amp; Sicher:<\/strong><br data-start=\"3623\" data-end=\"3626\" \/>Hergestellt aus umweltfreundlichen und kindersicheren Materialien \u2013 f\u00fcr ein gutes Gef\u00fchl bei Eltern.<\/p>\n<p data-start=\"3735\" data-end=\"3927\">Schenken Sie Ihrem Kind <strong data-start=\"3759\" data-end=\"3779\">Komfort und Stil<\/strong> mit unserer <strong data-start=\"3792\" data-end=\"3817\">Boucl\u00e9-Wanddekoration<\/strong> \u2013 der perfekte letzte Schliff f\u00fcr eine traumhafte, beruhigende Atmosph\u00e4re in jedem Baby- oder Kinderzimmer.<\/p>\n<p data-start=\"3929\" data-end=\"4076\"><strong data-start=\"3929\" data-end=\"3952\">Bestellen Sie jetzt<\/strong> und machen Sie das Zimmer Ihres kleinen Lieblings noch besonderer mit dieser kuscheligen und bezaubernden Wanddekoration!<\/p>\n","protected":false},"excerpt":{"rendered":"<p data-start=\"0\" data-end=\"640\">Verwandeln Sie das Zimmer Ihres kleinen Lieblings in einen <strong data-start=\"264\" data-end=\"299\">warmen, gem\u00fctlichen R\u00fcckzugsort<\/strong> mit den bezaubernden Wandleuchten von <strong data-start=\"338\" data-end=\"353\">Little Loua<\/strong>.<br data-start=\"354\" data-end=\"357\" \/>Unsere Boucl\u00e9-Wandleuchten \u2013 erh\u00e4ltlich in Form eines <strong data-start=\"411\" data-end=\"446\">Ballons und einer kleinen Wolke<\/strong> \u2013 bringen nicht nur ein sanftes, beruhigendes Licht, sondern auch einen Hauch von Magie in jedes Baby- oder Spielzimmer.<\/p>\n<h5 data-start=\"1323\" data-end=\"1340\"><strong data-start=\"1327\" data-end=\"1338\">Inhalt:<\/strong><\/h5>\n<ul data-start=\"1341\" data-end=\"1485\">\n<li data-start=\"1341\" data-end=\"1413\">\n<ul data-start=\"1341\" data-end=\"1485\">\n<li data-start=\"1341\" data-end=\"1413\"><strong>Gro\u00dfe Wolke<\/strong>: 47 cm (18,5 Zoll) L\u00e4nge x 33 cm (12,99 Zoll) H\u00f6he\n<p><strong>Kleine Wolke<\/strong>: 39 cm (15,35 Zoll) L\u00e4nge x 23 cm (9,06 Zoll) H\u00f6he<\/li>\n<\/ul>\n<\/li>\n<\/ul>\n","protected":false},"featured_media":22873,"template":"","meta":{"_acf_changed":false},"product_brand":[],"product_cat":[254],"product_tag":[],"class_list":{"0":"post-22850","1":"product","2":"type-product","3":"status-publish","4":"has-post-thumbnail","6":"product_cat-boucle-wanddekoration","8":"first","9":"instock","10":"shipping-taxable","11":"purchasable","12":"product-type-variable"},"acf":[],"yoast_head":"<!-- This site is optimized with the Yoast SEO plugin v27.4 - https:\/\/yoast.com\/product\/yoast-seo-wordpress\/ -->\n<title>set wolke Wanddekor mit Led-Licht<\/title>\n<meta name=\"description\" content=\"Verwandeln Sie das Zimmer Ihres Babys mit unserer handgefertigten Boucl\u00e9 Wanddekoration. Weiche, umweltfreundliche Materialien und optionale LED-Beleuchtung schaffen eine gem\u00fctliche, beruhigende Atmosph\u00e4re.\" \/>\n<meta name=\"robots\" content=\"index, follow, max-snippet:-1, max-image-preview:large, max-video-preview:-1\" \/>\n<link rel=\"canonical\" href=\"https:\/\/littleloua.com\/de\/produkt\/set-kleine-grosse-wolk\/\" \/>\n<meta property=\"og:locale\" content=\"de_DE\" \/>\n<meta property=\"og:type\" content=\"article\" \/>\n<meta property=\"og:title\" content=\"set wolke Wanddekor mit Led-Licht\" \/>\n<meta property=\"og:description\" content=\"Verwandeln Sie das Zimmer Ihres Babys mit unserer handgefertigten Boucl\u00e9 Wanddekoration. Weiche, umweltfreundliche Materialien und optionale LED-Beleuchtung schaffen eine gem\u00fctliche, beruhigende Atmosph\u00e4re.\" \/>\n<meta property=\"og:url\" content=\"https:\/\/littleloua.com\/de\/produkt\/set-kleine-grosse-wolk\/\" \/>\n<meta property=\"og:site_name\" content=\"Little Loua\" \/>\n<meta property=\"article:publisher\" content=\"https:\/\/www.facebook.com\/littleloua\" \/>\n<meta property=\"article:modified_time\" content=\"2026-04-15T12:47:42+00:00\" \/>\n<meta property=\"og:image\" content=\"https:\/\/littleloua.com\/wp-content\/uploads\/2026\/04\/IMG_9526.jpg\" \/>\n\t<meta property=\"og:image:width\" content=\"1450\" \/>\n\t<meta property=\"og:image:height\" content=\"1934\" \/>\n\t<meta property=\"og:image:type\" content=\"image\/jpeg\" \/>\n<meta name=\"twitter:card\" content=\"summary_large_image\" \/>\n<meta name=\"twitter:label1\" content=\"Gesch\u00e4tzte Lesezeit\" \/>\n\t<meta name=\"twitter:data1\" content=\"3\u00a0Minuten\" \/>\n<script type=\"application\/ld+json\" class=\"yoast-schema-graph\">{\"@context\":\"https:\\\/\\\/schema.org\",\"@graph\":[{\"@type\":\"WebPage\",\"@id\":\"https:\\\/\\\/littleloua.com\\\/de\\\/produkt\\\/set-kleine-grosse-wolk\\\/\",\"url\":\"https:\\\/\\\/littleloua.com\\\/de\\\/produkt\\\/set-kleine-grosse-wolk\\\/\",\"name\":\"set wolke Wanddekor mit Led-Licht\",\"isPartOf\":{\"@id\":\"https:\\\/\\\/littleloua.com\\\/de\\\/#website\"},\"primaryImageOfPage\":{\"@id\":\"https:\\\/\\\/littleloua.com\\\/de\\\/produkt\\\/set-kleine-grosse-wolk\\\/#primaryimage\"},\"image\":{\"@id\":\"https:\\\/\\\/littleloua.com\\\/de\\\/produkt\\\/set-kleine-grosse-wolk\\\/#primaryimage\"},\"thumbnailUrl\":\"https:\\\/\\\/littleloua.com\\\/wp-content\\\/uploads\\\/2026\\\/04\\\/IMG_9526.jpg\",\"datePublished\":\"2026-04-15T12:23:20+00:00\",\"dateModified\":\"2026-04-15T12:47:42+00:00\",\"description\":\"Verwandeln Sie das Zimmer Ihres Babys mit unserer handgefertigten Boucl\u00e9 Wanddekoration. Weiche, umweltfreundliche Materialien und optionale LED-Beleuchtung schaffen eine gem\u00fctliche, beruhigende Atmosph\u00e4re.\",\"breadcrumb\":{\"@id\":\"https:\\\/\\\/littleloua.com\\\/de\\\/produkt\\\/set-kleine-grosse-wolk\\\/#breadcrumb\"},\"inLanguage\":\"de\",\"potentialAction\":[{\"@type\":\"ReadAction\",\"target\":[\"https:\\\/\\\/littleloua.com\\\/de\\\/produkt\\\/set-kleine-grosse-wolk\\\/\"]}]},{\"@type\":\"ImageObject\",\"inLanguage\":\"de\",\"@id\":\"https:\\\/\\\/littleloua.com\\\/de\\\/produkt\\\/set-kleine-grosse-wolk\\\/#primaryimage\",\"url\":\"https:\\\/\\\/littleloua.com\\\/wp-content\\\/uploads\\\/2026\\\/04\\\/IMG_9526.jpg\",\"contentUrl\":\"https:\\\/\\\/littleloua.com\\\/wp-content\\\/uploads\\\/2026\\\/04\\\/IMG_9526.jpg\",\"width\":1450,\"height\":1934,\"caption\":\"Set clouds wall lamps\"},{\"@type\":\"BreadcrumbList\",\"@id\":\"https:\\\/\\\/littleloua.com\\\/de\\\/produkt\\\/set-kleine-grosse-wolk\\\/#breadcrumb\",\"itemListElement\":[{\"@type\":\"ListItem\",\"position\":1,\"name\":\"Home\",\"item\":\"https:\\\/\\\/littleloua.com\\\/de\\\/\"},{\"@type\":\"ListItem\",\"position\":2,\"name\":\"Shop\",\"item\":\"https:\\\/\\\/littleloua.com\\\/de\\\/shop\\\/\"},{\"@type\":\"ListItem\",\"position\":3,\"name\":\"Set Kleine &#038; Gro\u00dfe Wolk\"}]},{\"@type\":\"WebSite\",\"@id\":\"https:\\\/\\\/littleloua.com\\\/de\\\/#website\",\"url\":\"https:\\\/\\\/littleloua.com\\\/de\\\/\",\"name\":\"Little Loua\",\"description\":\"Handmade Baby mobiles created with love\",\"publisher\":{\"@id\":\"https:\\\/\\\/littleloua.com\\\/de\\\/#organization\"},\"potentialAction\":[{\"@type\":\"SearchAction\",\"target\":{\"@type\":\"EntryPoint\",\"urlTemplate\":\"https:\\\/\\\/littleloua.com\\\/de\\\/?s={search_term_string}\"},\"query-input\":{\"@type\":\"PropertyValueSpecification\",\"valueRequired\":true,\"valueName\":\"search_term_string\"}}],\"inLanguage\":\"de\"},{\"@type\":\"Organization\",\"@id\":\"https:\\\/\\\/littleloua.com\\\/de\\\/#organization\",\"name\":\"Little Loua\",\"url\":\"https:\\\/\\\/littleloua.com\\\/de\\\/\",\"logo\":{\"@type\":\"ImageObject\",\"inLanguage\":\"de\",\"@id\":\"https:\\\/\\\/littleloua.com\\\/de\\\/#\\\/schema\\\/logo\\\/image\\\/\",\"url\":\"https:\\\/\\\/littleloua.com\\\/wp-content\\\/uploads\\\/2023\\\/06\\\/logo-little-loua-handmade-baby-mobiles.png\",\"contentUrl\":\"https:\\\/\\\/littleloua.com\\\/wp-content\\\/uploads\\\/2023\\\/06\\\/logo-little-loua-handmade-baby-mobiles.png\",\"width\":316,\"height\":285,\"caption\":\"Little Loua\"},\"image\":{\"@id\":\"https:\\\/\\\/littleloua.com\\\/de\\\/#\\\/schema\\\/logo\\\/image\\\/\"},\"sameAs\":[\"https:\\\/\\\/www.facebook.com\\\/littleloua\",\"https:\\\/\\\/www.instagram.com\\\/little.loua\\\/\"]}]}<\/script>\n<!-- \/ Yoast SEO plugin. -->","yoast_head_json":{"title":"set wolke Wanddekor mit Led-Licht","description":"Verwandeln Sie das Zimmer Ihres Babys mit unserer handgefertigten Boucl\u00e9 Wanddekoration. Weiche, umweltfreundliche Materialien und optionale LED-Beleuchtung schaffen eine gem\u00fctliche, beruhigende Atmosph\u00e4re.","robots":{"index":"index","follow":"follow","max-snippet":"max-snippet:-1","max-image-preview":"max-image-preview:large","max-video-preview":"max-video-preview:-1"},"canonical":"https:\/\/littleloua.com\/de\/produkt\/set-kleine-grosse-wolk\/","og_locale":"de_DE","og_type":"article","og_title":"set wolke Wanddekor mit Led-Licht","og_description":"Verwandeln Sie das Zimmer Ihres Babys mit unserer handgefertigten Boucl\u00e9 Wanddekoration. Weiche, umweltfreundliche Materialien und optionale LED-Beleuchtung schaffen eine gem\u00fctliche, beruhigende Atmosph\u00e4re.","og_url":"https:\/\/littleloua.com\/de\/produkt\/set-kleine-grosse-wolk\/","og_site_name":"Little Loua","article_publisher":"https:\/\/www.facebook.com\/littleloua","article_modified_time":"2026-04-15T12:47:42+00:00","og_image":[{"width":1450,"height":1934,"url":"https:\/\/littleloua.com\/wp-content\/uploads\/2026\/04\/IMG_9526.jpg","type":"image\/jpeg"}],"twitter_card":"summary_large_image","twitter_misc":{"Gesch\u00e4tzte Lesezeit":"3\u00a0Minuten"},"schema":{"@context":"https:\/\/schema.org","@graph":[{"@type":"WebPage","@id":"https:\/\/littleloua.com\/de\/produkt\/set-kleine-grosse-wolk\/","url":"https:\/\/littleloua.com\/de\/produkt\/set-kleine-grosse-wolk\/","name":"set wolke Wanddekor mit Led-Licht","isPartOf":{"@id":"https:\/\/littleloua.com\/de\/#website"},"primaryImageOfPage":{"@id":"https:\/\/littleloua.com\/de\/produkt\/set-kleine-grosse-wolk\/#primaryimage"},"image":{"@id":"https:\/\/littleloua.com\/de\/produkt\/set-kleine-grosse-wolk\/#primaryimage"},"thumbnailUrl":"https:\/\/littleloua.com\/wp-content\/uploads\/2026\/04\/IMG_9526.jpg","datePublished":"2026-04-15T12:23:20+00:00","dateModified":"2026-04-15T12:47:42+00:00","description":"Verwandeln Sie das Zimmer Ihres Babys mit unserer handgefertigten Boucl\u00e9 Wanddekoration. Weiche, umweltfreundliche Materialien und optionale LED-Beleuchtung schaffen eine gem\u00fctliche, beruhigende Atmosph\u00e4re.","breadcrumb":{"@id":"https:\/\/littleloua.com\/de\/produkt\/set-kleine-grosse-wolk\/#breadcrumb"},"inLanguage":"de","potentialAction":[{"@type":"ReadAction","target":["https:\/\/littleloua.com\/de\/produkt\/set-kleine-grosse-wolk\/"]}]},{"@type":"ImageObject","inLanguage":"de","@id":"https:\/\/littleloua.com\/de\/produkt\/set-kleine-grosse-wolk\/#primaryimage","url":"https:\/\/littleloua.com\/wp-content\/uploads\/2026\/04\/IMG_9526.jpg","contentUrl":"https:\/\/littleloua.com\/wp-content\/uploads\/2026\/04\/IMG_9526.jpg","width":1450,"height":1934,"caption":"Set clouds wall lamps"},{"@type":"BreadcrumbList","@id":"https:\/\/littleloua.com\/de\/produkt\/set-kleine-grosse-wolk\/#breadcrumb","itemListElement":[{"@type":"ListItem","position":1,"name":"Home","item":"https:\/\/littleloua.com\/de\/"},{"@type":"ListItem","position":2,"name":"Shop","item":"https:\/\/littleloua.com\/de\/shop\/"},{"@type":"ListItem","position":3,"name":"Set Kleine &#038; Gro\u00dfe Wolk"}]},{"@type":"WebSite","@id":"https:\/\/littleloua.com\/de\/#website","url":"https:\/\/littleloua.com\/de\/","name":"Little Loua","description":"Handmade Baby mobiles created with love","publisher":{"@id":"https:\/\/littleloua.com\/de\/#organization"},"potentialAction":[{"@type":"SearchAction","target":{"@type":"EntryPoint","urlTemplate":"https:\/\/littleloua.com\/de\/?s={search_term_string}"},"query-input":{"@type":"PropertyValueSpecification","valueRequired":true,"valueName":"search_term_string"}}],"inLanguage":"de"},{"@type":"Organization","@id":"https:\/\/littleloua.com\/de\/#organization","name":"Little Loua","url":"https:\/\/littleloua.com\/de\/","logo":{"@type":"ImageObject","inLanguage":"de","@id":"https:\/\/littleloua.com\/de\/#\/schema\/logo\/image\/","url":"https:\/\/littleloua.com\/wp-content\/uploads\/2023\/06\/logo-little-loua-handmade-baby-mobiles.png","contentUrl":"https:\/\/littleloua.com\/wp-content\/uploads\/2023\/06\/logo-little-loua-handmade-baby-mobiles.png","width":316,"height":285,"caption":"Little Loua"},"image":{"@id":"https:\/\/littleloua.com\/de\/#\/schema\/logo\/image\/"},"sameAs":["https:\/\/www.facebook.com\/littleloua","https:\/\/www.instagram.com\/little.loua\/"]}]}},"_links":{"self":[{"href":"https:\/\/littleloua.com\/de\/wp-json\/wp\/v2\/product\/22850","targetHints":{"allow":["GET"]}}],"collection":[{"href":"https:\/\/littleloua.com\/de\/wp-json\/wp\/v2\/product"}],"about":[{"href":"https:\/\/littleloua.com\/de\/wp-json\/wp\/v2\/types\/product"}],"version-history":[{"count":3,"href":"https:\/\/littleloua.com\/de\/wp-json\/wp\/v2\/product\/22850\/revisions"}],"predecessor-version":[{"id":22886,"href":"https:\/\/littleloua.com\/de\/wp-json\/wp\/v2\/product\/22850\/revisions\/22886"}],"wp:featuredmedia":[{"embeddable":true,"href":"https:\/\/littleloua.com\/de\/wp-json\/wp\/v2\/media\/22873"}],"wp:attachment":[{"href":"https:\/\/littleloua.com\/de\/wp-json\/wp\/v2\/media?parent=22850"}],"wp:term":[{"taxonomy":"product_brand","embeddable":true,"href":"https:\/\/littleloua.com\/de\/wp-json\/wp\/v2\/product_brand?post=22850"},{"taxonomy":"product_cat","embeddable":true,"href":"https:\/\/littleloua.com\/de\/wp-json\/wp\/v2\/product_cat?post=22850"},{"taxonomy":"product_tag","embeddable":true,"href":"https:\/\/littleloua.com\/de\/wp-json\/wp\/v2\/product_tag?post=22850"}],"curies":[{"name":"wp","href":"https:\/\/api.w.org\/{rel}","templated":true}]}}