{"id":20259,"date":"2025-10-16T15:42:53","date_gmt":"2025-10-16T13:42:53","guid":{"rendered":"https:\/\/littleloua.com\/?post_type=product&#038;p=20259"},"modified":"2025-10-21T12:17:57","modified_gmt":"2025-10-21T10:17:57","slug":"komplett-boucle-wanddekor-mit-led-licht","status":"publish","type":"product","link":"https:\/\/littleloua.com\/de\/produkt\/komplett-boucle-wanddekor-mit-led-licht\/","title":{"rendered":"Komplett Boucl\u00e9 Wanddekor mit Led-Licht"},"content":{"rendered":"<h2><strong>Handgemacht boucl\u00e9 Wanddekoration f\u00fcr Babyzimmer &#8211; Gem\u00fctliche &amp; bezaubernde Kinderzimmer Wandkunst<\/strong><\/h2>\n<p data-start=\"0\" data-end=\"640\">Verleihen Sie dem Kinderzimmer oder Spielzimmer Ihres Kindes einen Hauch von Magie und W\u00e4rme mit unserer Boucl\u00e9-Wanddekoration. Diese wundersch\u00f6ne, mit Liebe handgefertigte Wanddekoration besteht aus hochwertigem, umweltfreundlich behandeltem Holz und weichem Boucl\u00e9-Stoff. Sie bietet eine gem\u00fctliche, sanfte Textur, die perfekt f\u00fcr kleine H\u00e4nde ist. Ob Sie ein ruhiges Babyzimmer oder einen verspielten Spielbereich gestalten m\u00f6chten \u2013 diese Boucl\u00e9-Dekoration sorgt mit ihrer optionalen LED-Beleuchtung f\u00fcr ein beruhigendes, stimmungsvolles Licht und ist ideal, um eine ruhige und entspannte Atmosph\u00e4re vor dem Schlafengehen zu schaffen.<\/p>\n<p data-start=\"642\" data-end=\"656\"><strong data-start=\"642\" data-end=\"654\">Enth\u00e4lt:<\/strong><\/p>\n<ul data-start=\"657\" data-end=\"753\" data-is-last-node=\"\" data-is-only-node=\"\">\n<li data-start=\"657\" data-end=\"681\">\n<p data-start=\"659\" data-end=\"681\">1 Mond mit LED-Lampe<\/p>\n<\/li>\n<li data-start=\"682\" data-end=\"715\">\n<p data-start=\"684\" data-end=\"715\">3 kleine Wolken mit LED-Lampe<\/p>\n<\/li>\n<li data-start=\"716\" data-end=\"753\" data-is-last-node=\"\">\n<p data-start=\"718\" data-end=\"753\" data-is-last-node=\"\">1 Teddyb\u00e4ren-Komposition (6-teilig)<\/p>\n<\/li>\n<\/ul>\n<h3><strong>LED-Lichtfunktionen:<\/strong><\/h3>\n<p class=\"\" data-start=\"59\" data-end=\"354\">\u00b0Einfache Bedienung &#8211; Mit der Fernbedienung k\u00f6nnen Sie das Licht ganz einfach ein- und ausschalten, ohne Ihr Baby zu st\u00f6ren.<br \/>\nTimerfunktion &#8211; Das Licht schaltet sich nach 30 Minuten automatisch aus, perfekt f\u00fcr die Schlafenszeit.<br data-start=\"265\" data-end=\"268\" \/>\u00b0Sicher in der Anwendung &#8211; Die Lichter und die Fernbedienung werden mit Batterien betrieben und k\u00f6nnen einfach aufgeh\u00e4ngt werden.<br \/>\n\u00b0 Verschiedene Farben &#8211; mit der Fernbedienung k\u00f6nnen Sie w\u00e4hlen, welche Farbe\/Sph\u00e4re Sie im Raum erzeugen m\u00f6chten.<br \/>\n(Farben: wei\u00df, gelb, orange, gr\u00fcn, rot, blau, lila, rosa,&#8230;)<\/p>\n<p><strong>Merkmale:<\/strong><\/p>\n<ul>\n<li><strong>Weiches &amp; gem\u00fctliches Design<\/strong>: Das aus Holz gefertigte und mit weichem Boucl\u00e9-Stoff \u00fcberzogene Mond-Wandbild f\u00fchlt sich weich an und bietet Ihrem Baby ein beruhigendes sensorisches Erlebnis.<\/li>\n<li><strong>Umweltfreundlich &amp; sicher<\/strong>: Hergestellt aus zertifiziertem Naturholz und ungiftigen Materialien, ist unsere Wanddekoration sowohl langlebig als auch sicher f\u00fcr Ihre Kleinen.<\/li>\n<li><strong>Optionale LED-Beleuchtung<\/strong>: Das Wolkendekor wird mit einer optionalen LED-Beleuchtung geliefert, die ein sanftes, warmes Licht ausstrahlt, das dem Zimmer Ihres Kindes eine friedliche, beruhigende Ausstrahlung verleiht, perfekt f\u00fcr den n\u00e4chtlichen Komfort.<\/li>\n<li><strong>Perfekt f\u00fcr jedes Zimmer<\/strong>: Egal, ob Sie sich nur f\u00fcr die Mond oder f\u00fcr das passende Set aus Wolke und Ballon entscheiden, diese Wanddekoration ist die perfekte Erg\u00e4nzung f\u00fcr jedes Baby-, Kleinkind- oder Spielzimmer.<\/li>\n<\/ul>\n<p><strong>Sicherheitstipp<\/strong>: Aus Sicherheitsgr\u00fcnden empfehlen wir, Kabel und Dr\u00e4hte an der Wand zu befestigen oder Kabelabdeckungen zu verwenden, insbesondere f\u00fcr Familien mit kleinen Kindern. Alle unsere Wandaufh\u00e4nger sind nur f\u00fcr Dekorationszwecke gedacht.<br \/>\nNicht f\u00fcr Kinder zum Spielen. H\u00e4ngen Sie die Wanddekoration hoch genug auf, damit Ihr Kind sie nicht ber\u00fchren oder erreichen kann.<\/p>\n<h2><strong>Warum sollten Sie sich f\u00fcr Mond Boucl\u00e9 Wall D\u00e9cor von Little Loua entscheiden?<\/strong><\/h2>\n<ul>\n<li><strong>Skurril und praktisch<\/strong>: Dieses Dekor ist eine Mischung aus reizvollem Design und Funktionalit\u00e4t und verwandelt jedes Zimmer in einen beruhigenden, einladenden Raum f\u00fcr Babys und Kleinkinder.<\/li>\n<li><strong>Mit Liebe handgefertigt<\/strong>: Jedes St\u00fcck wird in liebevoller Handarbeit hergestellt, um eine hochwertige, einzigartige Handwerkskunst zu gew\u00e4hrleisten, die Sie garantiert begeistern wird.<\/li>\n<li><strong>Nachhaltig &amp; sicher<\/strong>: Unsere Materialien werden sorgf\u00e4ltig ausgew\u00e4hlt, um umweltfreundlich und sicher zu sein, so dass die Eltern beruhigt sein k\u00f6nnen.<\/li>\n<\/ul>\n<p>Schenken Sie Ihrem Kind Komfort und Stil mit unserem Mond Boucl\u00e9 Wanddekor. Sie ist perfekt, um eine friedliche und vertr\u00e4umte Umgebung in jedem Baby- oder Kinderzimmer zu schaffen.<\/p>\n<p><strong>Bestellen Sie jetzt<\/strong> und versch\u00f6nern Sie den Raum Ihres Kindes mit dieser gem\u00fctlichen, niedlichen Wanddekoration!<\/p>\n","protected":false},"excerpt":{"rendered":"<p data-start=\"0\" data-end=\"640\">Verleihen Sie dem Kinderzimmer oder Spielzimmer Ihres Kindes einen Hauch von Magie und W\u00e4rme mit unserer Boucl\u00e9-Wanddekoration. Diese wundersch\u00f6ne, mit Liebe handgefertigte Wanddekoration besteht aus hochwertigem, umweltfreundlich behandeltem Holz und weichem Boucl\u00e9-Stoff. Sie bietet eine gem\u00fctliche, sanfte Textur, die perfekt f\u00fcr kleine H\u00e4nde ist. Ob Sie ein ruhiges Babyzimmer oder einen verspielten Spielbereich gestalten m\u00f6chten \u2013 diese Boucl\u00e9-Dekoration sorgt mit ihrer optionalen LED-Beleuchtung f\u00fcr ein beruhigendes, stimmungsvolles Licht und ist ideal, um eine ruhige und entspannte Atmosph\u00e4re vor dem Schlafengehen zu schaffen.<\/p>\n<p data-start=\"642\" data-end=\"656\"><strong data-start=\"642\" data-end=\"654\">Enth\u00e4lt:<\/strong><\/p>\n<ul data-start=\"657\" data-end=\"753\" data-is-last-node=\"\" data-is-only-node=\"\">\n<li data-start=\"657\" data-end=\"681\">\n<p data-start=\"659\" data-end=\"681\">1 Mond mit LED-Lampe<\/p>\n<\/li>\n<li data-start=\"682\" data-end=\"715\">\n<p data-start=\"684\" data-end=\"715\">3 kleine Wolken mit LED-Lampe<\/p>\n<\/li>\n<li data-start=\"716\" data-end=\"753\" data-is-last-node=\"\">\n<p data-start=\"718\" data-end=\"753\" data-is-last-node=\"\">1 Teddyb\u00e4ren-Komposition (6-teilig)<\/p>\n<\/li>\n<\/ul>\n","protected":false},"featured_media":20274,"template":"","meta":{"_acf_changed":false},"product_brand":[],"product_cat":[254],"product_tag":[],"class_list":{"0":"post-20259","1":"product","2":"type-product","3":"status-publish","4":"has-post-thumbnail","6":"product_cat-boucle-wanddekoration","8":"first","9":"instock","10":"featured","11":"shipping-taxable","12":"product-type-variable"},"acf":[],"yoast_head":"<!-- This site is optimized with the Yoast SEO plugin v26.2 - https:\/\/yoast.com\/wordpress\/plugins\/seo\/ -->\n<title>Komplett Boucl\u00e9 Wanddekor mit Led-Licht<\/title>\n<meta name=\"description\" content=\"Verwandeln Sie das Zimmer Ihres Babys mit unserer handgefertigten Boucl\u00e9 Wanddekoration. Weiche, umweltfreundliche Materialien und optionale LED-Beleuchtung schaffen eine gem\u00fctliche, beruhigende Atmosph\u00e4re.\" \/>\n<meta name=\"robots\" content=\"index, follow, max-snippet:-1, max-image-preview:large, max-video-preview:-1\" \/>\n<link rel=\"canonical\" href=\"https:\/\/littleloua.com\/de\/produkt\/komplett-boucle-wanddekor-mit-led-licht\/\" \/>\n<meta property=\"og:locale\" content=\"de_DE\" \/>\n<meta property=\"og:type\" content=\"article\" \/>\n<meta property=\"og:title\" content=\"Komplett Boucl\u00e9 Wanddekor mit Led-Licht\" \/>\n<meta property=\"og:description\" content=\"Verwandeln Sie das Zimmer Ihres Babys mit unserer handgefertigten Boucl\u00e9 Wanddekoration. Weiche, umweltfreundliche Materialien und optionale LED-Beleuchtung schaffen eine gem\u00fctliche, beruhigende Atmosph\u00e4re.\" \/>\n<meta property=\"og:url\" content=\"https:\/\/littleloua.com\/de\/produkt\/komplett-boucle-wanddekor-mit-led-licht\/\" \/>\n<meta property=\"og:site_name\" content=\"Little Loua\" \/>\n<meta property=\"article:publisher\" content=\"https:\/\/www.facebook.com\/littleloua\" \/>\n<meta property=\"article:modified_time\" content=\"2025-10-21T10:17:57+00:00\" \/>\n<meta property=\"og:image\" content=\"https:\/\/littleloua.com\/wp-content\/uploads\/2025\/10\/IMG_9265-scaled.jpg\" \/>\n\t<meta property=\"og:image:width\" content=\"1920\" \/>\n\t<meta property=\"og:image:height\" content=\"2560\" \/>\n\t<meta property=\"og:image:type\" content=\"image\/jpeg\" \/>\n<meta name=\"twitter:card\" content=\"summary_large_image\" \/>\n<meta name=\"twitter:label1\" content=\"Gesch\u00e4tzte Lesezeit\" \/>\n\t<meta name=\"twitter:data1\" content=\"3\u00a0Minuten\" \/>\n<script type=\"application\/ld+json\" class=\"yoast-schema-graph\">{\"@context\":\"https:\/\/schema.org\",\"@graph\":[{\"@type\":\"WebPage\",\"@id\":\"https:\/\/littleloua.com\/de\/produkt\/komplett-boucle-wanddekor-mit-led-licht\/\",\"url\":\"https:\/\/littleloua.com\/de\/produkt\/komplett-boucle-wanddekor-mit-led-licht\/\",\"name\":\"Komplett Boucl\u00e9 Wanddekor mit Led-Licht\",\"isPartOf\":{\"@id\":\"https:\/\/littleloua.com\/de\/#website\"},\"primaryImageOfPage\":{\"@id\":\"https:\/\/littleloua.com\/de\/produkt\/komplett-boucle-wanddekor-mit-led-licht\/#primaryimage\"},\"image\":{\"@id\":\"https:\/\/littleloua.com\/de\/produkt\/komplett-boucle-wanddekor-mit-led-licht\/#primaryimage\"},\"thumbnailUrl\":\"https:\/\/littleloua.com\/wp-content\/uploads\/2025\/10\/IMG_9265-scaled.jpg\",\"datePublished\":\"2025-10-16T13:42:53+00:00\",\"dateModified\":\"2025-10-21T10:17:57+00:00\",\"description\":\"Verwandeln Sie das Zimmer Ihres Babys mit unserer handgefertigten Boucl\u00e9 Wanddekoration. Weiche, umweltfreundliche Materialien und optionale LED-Beleuchtung schaffen eine gem\u00fctliche, beruhigende Atmosph\u00e4re.\",\"breadcrumb\":{\"@id\":\"https:\/\/littleloua.com\/de\/produkt\/komplett-boucle-wanddekor-mit-led-licht\/#breadcrumb\"},\"inLanguage\":\"de\",\"potentialAction\":[{\"@type\":\"ReadAction\",\"target\":[\"https:\/\/littleloua.com\/de\/produkt\/komplett-boucle-wanddekor-mit-led-licht\/\"]}]},{\"@type\":\"ImageObject\",\"inLanguage\":\"de\",\"@id\":\"https:\/\/littleloua.com\/de\/produkt\/komplett-boucle-wanddekor-mit-led-licht\/#primaryimage\",\"url\":\"https:\/\/littleloua.com\/wp-content\/uploads\/2025\/10\/IMG_9265-scaled.jpg\",\"contentUrl\":\"https:\/\/littleloua.com\/wp-content\/uploads\/2025\/10\/IMG_9265-scaled.jpg\",\"width\":1920,\"height\":2560},{\"@type\":\"BreadcrumbList\",\"@id\":\"https:\/\/littleloua.com\/de\/produkt\/komplett-boucle-wanddekor-mit-led-licht\/#breadcrumb\",\"itemListElement\":[{\"@type\":\"ListItem\",\"position\":1,\"name\":\"Home\",\"item\":\"https:\/\/littleloua.com\/de\/home-2\/\"},{\"@type\":\"ListItem\",\"position\":2,\"name\":\"Shop\",\"item\":\"https:\/\/littleloua.com\/de\/shop\/\"},{\"@type\":\"ListItem\",\"position\":3,\"name\":\"Komplett Boucl\u00e9 Wanddekor mit Led-Licht\"}]},{\"@type\":\"WebSite\",\"@id\":\"https:\/\/littleloua.com\/de\/#website\",\"url\":\"https:\/\/littleloua.com\/de\/\",\"name\":\"Little Loua\",\"description\":\"Handmade Baby mobiles created with love\",\"publisher\":{\"@id\":\"https:\/\/littleloua.com\/de\/#organization\"},\"potentialAction\":[{\"@type\":\"SearchAction\",\"target\":{\"@type\":\"EntryPoint\",\"urlTemplate\":\"https:\/\/littleloua.com\/de\/?s={search_term_string}\"},\"query-input\":{\"@type\":\"PropertyValueSpecification\",\"valueRequired\":true,\"valueName\":\"search_term_string\"}}],\"inLanguage\":\"de\"},{\"@type\":\"Organization\",\"@id\":\"https:\/\/littleloua.com\/de\/#organization\",\"name\":\"Little Loua\",\"url\":\"https:\/\/littleloua.com\/de\/\",\"logo\":{\"@type\":\"ImageObject\",\"inLanguage\":\"de\",\"@id\":\"https:\/\/littleloua.com\/de\/#\/schema\/logo\/image\/\",\"url\":\"https:\/\/littleloua.com\/wp-content\/uploads\/2023\/06\/logo-little-loua-handmade-baby-mobiles.png\",\"contentUrl\":\"https:\/\/littleloua.com\/wp-content\/uploads\/2023\/06\/logo-little-loua-handmade-baby-mobiles.png\",\"width\":316,\"height\":285,\"caption\":\"Little Loua\"},\"image\":{\"@id\":\"https:\/\/littleloua.com\/de\/#\/schema\/logo\/image\/\"},\"sameAs\":[\"https:\/\/www.facebook.com\/littleloua\",\"https:\/\/www.instagram.com\/little.loua\/\"]}]}<\/script>\n<!-- \/ Yoast SEO plugin. -->","yoast_head_json":{"title":"Komplett Boucl\u00e9 Wanddekor mit Led-Licht","description":"Verwandeln Sie das Zimmer Ihres Babys mit unserer handgefertigten Boucl\u00e9 Wanddekoration. Weiche, umweltfreundliche Materialien und optionale LED-Beleuchtung schaffen eine gem\u00fctliche, beruhigende Atmosph\u00e4re.","robots":{"index":"index","follow":"follow","max-snippet":"max-snippet:-1","max-image-preview":"max-image-preview:large","max-video-preview":"max-video-preview:-1"},"canonical":"https:\/\/littleloua.com\/de\/produkt\/komplett-boucle-wanddekor-mit-led-licht\/","og_locale":"de_DE","og_type":"article","og_title":"Komplett Boucl\u00e9 Wanddekor mit Led-Licht","og_description":"Verwandeln Sie das Zimmer Ihres Babys mit unserer handgefertigten Boucl\u00e9 Wanddekoration. Weiche, umweltfreundliche Materialien und optionale LED-Beleuchtung schaffen eine gem\u00fctliche, beruhigende Atmosph\u00e4re.","og_url":"https:\/\/littleloua.com\/de\/produkt\/komplett-boucle-wanddekor-mit-led-licht\/","og_site_name":"Little Loua","article_publisher":"https:\/\/www.facebook.com\/littleloua","article_modified_time":"2025-10-21T10:17:57+00:00","og_image":[{"width":1920,"height":2560,"url":"https:\/\/littleloua.com\/wp-content\/uploads\/2025\/10\/IMG_9265-scaled.jpg","type":"image\/jpeg"}],"twitter_card":"summary_large_image","twitter_misc":{"Gesch\u00e4tzte Lesezeit":"3\u00a0Minuten"},"schema":{"@context":"https:\/\/schema.org","@graph":[{"@type":"WebPage","@id":"https:\/\/littleloua.com\/de\/produkt\/komplett-boucle-wanddekor-mit-led-licht\/","url":"https:\/\/littleloua.com\/de\/produkt\/komplett-boucle-wanddekor-mit-led-licht\/","name":"Komplett Boucl\u00e9 Wanddekor mit Led-Licht","isPartOf":{"@id":"https:\/\/littleloua.com\/de\/#website"},"primaryImageOfPage":{"@id":"https:\/\/littleloua.com\/de\/produkt\/komplett-boucle-wanddekor-mit-led-licht\/#primaryimage"},"image":{"@id":"https:\/\/littleloua.com\/de\/produkt\/komplett-boucle-wanddekor-mit-led-licht\/#primaryimage"},"thumbnailUrl":"https:\/\/littleloua.com\/wp-content\/uploads\/2025\/10\/IMG_9265-scaled.jpg","datePublished":"2025-10-16T13:42:53+00:00","dateModified":"2025-10-21T10:17:57+00:00","description":"Verwandeln Sie das Zimmer Ihres Babys mit unserer handgefertigten Boucl\u00e9 Wanddekoration. Weiche, umweltfreundliche Materialien und optionale LED-Beleuchtung schaffen eine gem\u00fctliche, beruhigende Atmosph\u00e4re.","breadcrumb":{"@id":"https:\/\/littleloua.com\/de\/produkt\/komplett-boucle-wanddekor-mit-led-licht\/#breadcrumb"},"inLanguage":"de","potentialAction":[{"@type":"ReadAction","target":["https:\/\/littleloua.com\/de\/produkt\/komplett-boucle-wanddekor-mit-led-licht\/"]}]},{"@type":"ImageObject","inLanguage":"de","@id":"https:\/\/littleloua.com\/de\/produkt\/komplett-boucle-wanddekor-mit-led-licht\/#primaryimage","url":"https:\/\/littleloua.com\/wp-content\/uploads\/2025\/10\/IMG_9265-scaled.jpg","contentUrl":"https:\/\/littleloua.com\/wp-content\/uploads\/2025\/10\/IMG_9265-scaled.jpg","width":1920,"height":2560},{"@type":"BreadcrumbList","@id":"https:\/\/littleloua.com\/de\/produkt\/komplett-boucle-wanddekor-mit-led-licht\/#breadcrumb","itemListElement":[{"@type":"ListItem","position":1,"name":"Home","item":"https:\/\/littleloua.com\/de\/home-2\/"},{"@type":"ListItem","position":2,"name":"Shop","item":"https:\/\/littleloua.com\/de\/shop\/"},{"@type":"ListItem","position":3,"name":"Komplett Boucl\u00e9 Wanddekor mit Led-Licht"}]},{"@type":"WebSite","@id":"https:\/\/littleloua.com\/de\/#website","url":"https:\/\/littleloua.com\/de\/","name":"Little Loua","description":"Handmade Baby mobiles created with love","publisher":{"@id":"https:\/\/littleloua.com\/de\/#organization"},"potentialAction":[{"@type":"SearchAction","target":{"@type":"EntryPoint","urlTemplate":"https:\/\/littleloua.com\/de\/?s={search_term_string}"},"query-input":{"@type":"PropertyValueSpecification","valueRequired":true,"valueName":"search_term_string"}}],"inLanguage":"de"},{"@type":"Organization","@id":"https:\/\/littleloua.com\/de\/#organization","name":"Little Loua","url":"https:\/\/littleloua.com\/de\/","logo":{"@type":"ImageObject","inLanguage":"de","@id":"https:\/\/littleloua.com\/de\/#\/schema\/logo\/image\/","url":"https:\/\/littleloua.com\/wp-content\/uploads\/2023\/06\/logo-little-loua-handmade-baby-mobiles.png","contentUrl":"https:\/\/littleloua.com\/wp-content\/uploads\/2023\/06\/logo-little-loua-handmade-baby-mobiles.png","width":316,"height":285,"caption":"Little Loua"},"image":{"@id":"https:\/\/littleloua.com\/de\/#\/schema\/logo\/image\/"},"sameAs":["https:\/\/www.facebook.com\/littleloua","https:\/\/www.instagram.com\/little.loua\/"]}]}},"_links":{"self":[{"href":"https:\/\/littleloua.com\/de\/wp-json\/wp\/v2\/product\/20259","targetHints":{"allow":["GET"]}}],"collection":[{"href":"https:\/\/littleloua.com\/de\/wp-json\/wp\/v2\/product"}],"about":[{"href":"https:\/\/littleloua.com\/de\/wp-json\/wp\/v2\/types\/product"}],"version-history":[{"count":5,"href":"https:\/\/littleloua.com\/de\/wp-json\/wp\/v2\/product\/20259\/revisions"}],"predecessor-version":[{"id":20446,"href":"https:\/\/littleloua.com\/de\/wp-json\/wp\/v2\/product\/20259\/revisions\/20446"}],"wp:featuredmedia":[{"embeddable":true,"href":"https:\/\/littleloua.com\/de\/wp-json\/wp\/v2\/media\/20274"}],"wp:attachment":[{"href":"https:\/\/littleloua.com\/de\/wp-json\/wp\/v2\/media?parent=20259"}],"wp:term":[{"taxonomy":"product_brand","embeddable":true,"href":"https:\/\/littleloua.com\/de\/wp-json\/wp\/v2\/product_brand?post=20259"},{"taxonomy":"product_cat","embeddable":true,"href":"https:\/\/littleloua.com\/de\/wp-json\/wp\/v2\/product_cat?post=20259"},{"taxonomy":"product_tag","embeddable":true,"href":"https:\/\/littleloua.com\/de\/wp-json\/wp\/v2\/product_tag?post=20259"}],"curies":[{"name":"wp","href":"https:\/\/api.w.org\/{rel}","templated":true}]}}