{"id":12980,"date":"2024-05-08T15:26:36","date_gmt":"2024-05-08T13:26:36","guid":{"rendered":"https:\/\/littleloua.com\/?post_type=product&#038;p=12980"},"modified":"2024-05-09T13:06:09","modified_gmt":"2024-05-09T11:06:09","slug":"gehaekelte-einhorn-giftbox","status":"publish","type":"product","link":"https:\/\/littleloua.com\/de\/produkt\/gehaekelte-einhorn-giftbox\/","title":{"rendered":"Geh\u00e4kelte Einhorn Geschenkbox"},"content":{"rendered":"<h1>Geh\u00e4kelte Einhorn Giftbox<\/h1>\n<p>Unsere Baby-Geschenkbox wurde mit viel Liebe und Sorgfalt zusammengestellt. Es ist nicht nur eine Sammlung von Gegenst\u00e4nden, sondern auch ein sehr n\u00fctzliches Set f\u00fcr die frischgebackenen Eltern. Ob f\u00fcr eine Babyparty oder die Geburt eines Neugeborenen, diese Geschenkbox wird mit Sicherheit von allen, die sie erhalten, gesch\u00e4tzt.<\/p>\n<p>Was ist in der Box?<br \/>\n-Geh\u00e4kelte Einhorn Hirschrassel aus Holz<br \/>\n-Hello World-Schild aus Holz &#8211;<br \/>\n-Haarb\u00fcrste aus Holz<br \/>\n-Tetra-Tuch aus 100 % Baumwolle<\/p>\n<p><img fetchpriority=\"high\" decoding=\"async\" class=\"alignnone size-medium wp-image-12822\" src=\"https:\/\/littleloua.com\/wp-content\/uploads\/2024\/05\/C382CE12-8035-4C99-B415-3AB9FDD537A6-2-300x300.jpg\" alt=\"\" width=\"300\" height=\"300\" srcset=\"https:\/\/littleloua.com\/wp-content\/uploads\/2024\/05\/C382CE12-8035-4C99-B415-3AB9FDD537A6-2-300x300.jpg 300w, https:\/\/littleloua.com\/wp-content\/uploads\/2024\/05\/C382CE12-8035-4C99-B415-3AB9FDD537A6-2-1024x1024.jpg 1024w, https:\/\/littleloua.com\/wp-content\/uploads\/2024\/05\/C382CE12-8035-4C99-B415-3AB9FDD537A6-2-150x150.jpg 150w, https:\/\/littleloua.com\/wp-content\/uploads\/2024\/05\/C382CE12-8035-4C99-B415-3AB9FDD537A6-2-768x768.jpg 768w, https:\/\/littleloua.com\/wp-content\/uploads\/2024\/05\/C382CE12-8035-4C99-B415-3AB9FDD537A6-2-1536x1536.jpg 1536w, https:\/\/littleloua.com\/wp-content\/uploads\/2024\/05\/C382CE12-8035-4C99-B415-3AB9FDD537A6-2-2048x2048.jpg 2048w, https:\/\/littleloua.com\/wp-content\/uploads\/2024\/05\/C382CE12-8035-4C99-B415-3AB9FDD537A6-2-1200x1200.jpg 1200w, https:\/\/littleloua.com\/wp-content\/uploads\/2024\/05\/C382CE12-8035-4C99-B415-3AB9FDD537A6-2-600x600.jpg 600w\" sizes=\"(max-width: 300px) 100vw, 300px\" \/> <img decoding=\"async\" class=\"alignnone size-medium wp-image-12852\" src=\"https:\/\/littleloua.com\/wp-content\/uploads\/2024\/05\/EA0F15E4-0513-4B44-A0A5-EE47BF5E07D1-2-300x300.jpg\" alt=\"\" width=\"300\" height=\"300\" srcset=\"https:\/\/littleloua.com\/wp-content\/uploads\/2024\/05\/EA0F15E4-0513-4B44-A0A5-EE47BF5E07D1-2-300x300.jpg 300w, https:\/\/littleloua.com\/wp-content\/uploads\/2024\/05\/EA0F15E4-0513-4B44-A0A5-EE47BF5E07D1-2-1024x1024.jpg 1024w, https:\/\/littleloua.com\/wp-content\/uploads\/2024\/05\/EA0F15E4-0513-4B44-A0A5-EE47BF5E07D1-2-150x150.jpg 150w, https:\/\/littleloua.com\/wp-content\/uploads\/2024\/05\/EA0F15E4-0513-4B44-A0A5-EE47BF5E07D1-2-768x768.jpg 768w, https:\/\/littleloua.com\/wp-content\/uploads\/2024\/05\/EA0F15E4-0513-4B44-A0A5-EE47BF5E07D1-2-1536x1536.jpg 1536w, https:\/\/littleloua.com\/wp-content\/uploads\/2024\/05\/EA0F15E4-0513-4B44-A0A5-EE47BF5E07D1-2-2048x2048.jpg 2048w, https:\/\/littleloua.com\/wp-content\/uploads\/2024\/05\/EA0F15E4-0513-4B44-A0A5-EE47BF5E07D1-2-1200x1200.jpg 1200w, https:\/\/littleloua.com\/wp-content\/uploads\/2024\/05\/EA0F15E4-0513-4B44-A0A5-EE47BF5E07D1-2-600x600.jpg 600w\" sizes=\"(max-width: 300px) 100vw, 300px\" \/> <img decoding=\"async\" class=\"alignnone size-medium wp-image-12862\" src=\"https:\/\/littleloua.com\/wp-content\/uploads\/2024\/05\/FAA304A8-6D4D-40C1-8F98-FDDB16AB7634-2-300x300.jpg\" alt=\"\" width=\"300\" height=\"300\" srcset=\"https:\/\/littleloua.com\/wp-content\/uploads\/2024\/05\/FAA304A8-6D4D-40C1-8F98-FDDB16AB7634-2-300x300.jpg 300w, https:\/\/littleloua.com\/wp-content\/uploads\/2024\/05\/FAA304A8-6D4D-40C1-8F98-FDDB16AB7634-2-1024x1024.jpg 1024w, https:\/\/littleloua.com\/wp-content\/uploads\/2024\/05\/FAA304A8-6D4D-40C1-8F98-FDDB16AB7634-2-150x150.jpg 150w, https:\/\/littleloua.com\/wp-content\/uploads\/2024\/05\/FAA304A8-6D4D-40C1-8F98-FDDB16AB7634-2-768x768.jpg 768w, https:\/\/littleloua.com\/wp-content\/uploads\/2024\/05\/FAA304A8-6D4D-40C1-8F98-FDDB16AB7634-2-1536x1536.jpg 1536w, https:\/\/littleloua.com\/wp-content\/uploads\/2024\/05\/FAA304A8-6D4D-40C1-8F98-FDDB16AB7634-2-2048x2048.jpg 2048w, https:\/\/littleloua.com\/wp-content\/uploads\/2024\/05\/FAA304A8-6D4D-40C1-8F98-FDDB16AB7634-2-1200x1200.jpg 1200w, https:\/\/littleloua.com\/wp-content\/uploads\/2024\/05\/FAA304A8-6D4D-40C1-8F98-FDDB16AB7634-2-600x600.jpg 600w\" sizes=\"(max-width: 300px) 100vw, 300px\" \/><\/p>\n<h1>Die Zusammensetzung unserer geh\u00e4kelte Reh Geschenkbox<\/h1>\n<p>1. Haarb\u00fcrste aus Holz: Unsere Babyhaarb\u00fcrste ist speziell f\u00fcr kleine Babyhaare konzipiert. Es besteht aus weichen Borsten und bietet ein beruhigendes Pflegeerlebnis, sodass das Haar Ihres Babys weich und frei von Verfilzungen bleibt.<br \/>\nAbmessungen 15\u00d74,5 cm<\/p>\n<p>2.Tetra-Tuch: Unser weiches, saugf\u00e4higes und unglaublich vielseitiges Tetra-Tuch ist ein Muss f\u00fcr alle Eltern. Ganz gleich, ob Sie versch\u00fcttete Fl\u00fcssigkeiten aufwischen, beim F\u00fcttern als kuschelige Unterlage dienen oder Ihr Baby wickeln, dieses Tragetuch ist ein st\u00e4ndiger Begleiter und bietet Komfort und Bequemlichkeit, wenn Sie es am meisten brauchen. Ma\u00dfe 51 x 64,5 cm und 100 % Baumwolle<\/p>\n<p>. 3. \u201eHello World\u201c-Holzschild: Genie\u00dfen Sie die Freude, Ihren Kleinen mit unserem bezaubernden Willkommensschild auf der Welt willkommen zu hei\u00dfen. Pr\u00e4sentieren Sie stolz das allererste Foto Ihres Kleinen. Ma\u00dfe 10\u00d710 cm<\/p>\n<p>4.Hirschrassel Einhorn h\u00e4keln: Wecken Sie Freude und Neugier bei Ihrem Baby mit unserer leckeren Rassel. Entwickelt, um den Geist und die H\u00e4nde kleiner Kinder anzusprechen, regt es die sensorische Erkundung an, f\u00f6rdert die Entwicklung der Feinmotorik und sorgt gleichzeitig f\u00fcr endlose Unterhaltung und L\u00e4cheln. Ma\u00dfe: 13,5 x 6 cm.<\/p>\n<p>&nbsp;<\/p>\n<h2>\u00dcber unsere handgefertigten Kreationen.<\/h2>\n<p>Jeder H\u00e4kelartikel, den wir herstellen, ist ein Unikat. Obwohl wir uns bem\u00fchen, den Fotos in unseren Produktbeschreibungen so nahe wie m\u00f6glich zu kommen, kann es zu geringf\u00fcgigen Abweichungen bei Farbe oder N\u00e4hten kommen.<\/p>\n","protected":false},"excerpt":{"rendered":"<p>Unsere Baby-Geschenkbox wurde mit viel Liebe und Sorgfalt zusammengestellt. Es ist nicht nur eine Sammlung von Gegenst\u00e4nden, sondern auch ein sehr n\u00fctzliches Set f\u00fcr die frischgebackenen Eltern. Ob f\u00fcr eine Babyparty oder die Geburt eines Neugeborenen, diese Geschenkbox wird mit Sicherheit von allen, die sie erhalten, gesch\u00e4tzt.<\/p>\n<p>Was ist in der Box?<br \/>\n-Geh\u00e4kelte Einhorn Hirschrassel aus Holz<br \/>\n-Hello World-Schild aus Holz &#8211;<br \/>\n-Haarb\u00fcrste aus Holz<br \/>\n-Tetra-Tuch aus 100 % Baumwolle<\/p>\n","protected":false},"featured_media":12832,"template":"","meta":{"_acf_changed":false},"product_brand":[],"product_cat":[221],"product_tag":[104,108,132],"class_list":{"0":"post-12980","1":"product","2":"type-product","3":"status-publish","4":"has-post-thumbnail","6":"product_cat-giftbox-crochet-de-2","7":"product_tag-channable-de","8":"product_tag-ds-de","9":"product_tag-engels-de","11":"first","12":"instock","13":"shipping-taxable","14":"purchasable","15":"product-type-simple"},"acf":[],"yoast_head":"<!-- This site is optimized with the Yoast SEO plugin v26.2 - https:\/\/yoast.com\/wordpress\/plugins\/seo\/ -->\n<title>Geh\u00e4kelte Einhorn Giftbox - Little Loua<\/title>\n<meta name=\"description\" content=\"Suchen Sie noch nach einem sch\u00f6nen Babygeschenk? dann m\u00fcssen Sie nicht mehr suchen. Unsere Geschenkbox wird von allen Eltern gesch\u00e4tzt\" \/>\n<meta name=\"robots\" content=\"index, follow, max-snippet:-1, max-image-preview:large, max-video-preview:-1\" \/>\n<link rel=\"canonical\" href=\"https:\/\/littleloua.com\/de\/produkt\/gehaekelte-einhorn-giftbox\/\" \/>\n<meta property=\"og:locale\" content=\"de_DE\" \/>\n<meta property=\"og:type\" content=\"article\" \/>\n<meta property=\"og:title\" content=\"Geh\u00e4kelte Einhorn Giftbox - Little Loua\" \/>\n<meta property=\"og:description\" content=\"Suchen Sie noch nach einem sch\u00f6nen Babygeschenk? dann m\u00fcssen Sie nicht mehr suchen. Unsere Geschenkbox wird von allen Eltern gesch\u00e4tzt\" \/>\n<meta property=\"og:url\" content=\"https:\/\/littleloua.com\/de\/produkt\/gehaekelte-einhorn-giftbox\/\" \/>\n<meta property=\"og:site_name\" content=\"Little Loua\" \/>\n<meta property=\"article:publisher\" content=\"https:\/\/www.facebook.com\/littleloua\" \/>\n<meta property=\"article:modified_time\" content=\"2024-05-09T11:06:09+00:00\" \/>\n<meta property=\"og:image\" content=\"https:\/\/littleloua.com\/wp-content\/uploads\/2024\/05\/crochet-gift-box-unicorn-scaled.jpg\" \/>\n\t<meta property=\"og:image:width\" content=\"2560\" \/>\n\t<meta property=\"og:image:height\" content=\"2560\" \/>\n\t<meta property=\"og:image:type\" content=\"image\/jpeg\" \/>\n<meta name=\"twitter:card\" content=\"summary_large_image\" \/>\n<meta name=\"twitter:label1\" content=\"Gesch\u00e4tzte Lesezeit\" \/>\n\t<meta name=\"twitter:data1\" content=\"3\u00a0Minuten\" \/>\n<script type=\"application\/ld+json\" class=\"yoast-schema-graph\">{\"@context\":\"https:\/\/schema.org\",\"@graph\":[{\"@type\":\"WebPage\",\"@id\":\"https:\/\/littleloua.com\/de\/produkt\/gehaekelte-einhorn-giftbox\/\",\"url\":\"https:\/\/littleloua.com\/de\/produkt\/gehaekelte-einhorn-giftbox\/\",\"name\":\"Geh\u00e4kelte Einhorn Giftbox - Little Loua\",\"isPartOf\":{\"@id\":\"https:\/\/littleloua.com\/de\/#website\"},\"primaryImageOfPage\":{\"@id\":\"https:\/\/littleloua.com\/de\/produkt\/gehaekelte-einhorn-giftbox\/#primaryimage\"},\"image\":{\"@id\":\"https:\/\/littleloua.com\/de\/produkt\/gehaekelte-einhorn-giftbox\/#primaryimage\"},\"thumbnailUrl\":\"https:\/\/littleloua.com\/wp-content\/uploads\/2024\/05\/crochet-gift-box-unicorn-scaled.jpg\",\"datePublished\":\"2024-05-08T13:26:36+00:00\",\"dateModified\":\"2024-05-09T11:06:09+00:00\",\"description\":\"Suchen Sie noch nach einem sch\u00f6nen Babygeschenk? dann m\u00fcssen Sie nicht mehr suchen. Unsere Geschenkbox wird von allen Eltern gesch\u00e4tzt\",\"breadcrumb\":{\"@id\":\"https:\/\/littleloua.com\/de\/produkt\/gehaekelte-einhorn-giftbox\/#breadcrumb\"},\"inLanguage\":\"de\",\"potentialAction\":[{\"@type\":\"ReadAction\",\"target\":[\"https:\/\/littleloua.com\/de\/produkt\/gehaekelte-einhorn-giftbox\/\"]}]},{\"@type\":\"ImageObject\",\"inLanguage\":\"de\",\"@id\":\"https:\/\/littleloua.com\/de\/produkt\/gehaekelte-einhorn-giftbox\/#primaryimage\",\"url\":\"https:\/\/littleloua.com\/wp-content\/uploads\/2024\/05\/crochet-gift-box-unicorn-scaled.jpg\",\"contentUrl\":\"https:\/\/littleloua.com\/wp-content\/uploads\/2024\/05\/crochet-gift-box-unicorn-scaled.jpg\",\"width\":2560,\"height\":2560},{\"@type\":\"BreadcrumbList\",\"@id\":\"https:\/\/littleloua.com\/de\/produkt\/gehaekelte-einhorn-giftbox\/#breadcrumb\",\"itemListElement\":[{\"@type\":\"ListItem\",\"position\":1,\"name\":\"Home\",\"item\":\"https:\/\/littleloua.com\/de\/home-2\/\"},{\"@type\":\"ListItem\",\"position\":2,\"name\":\"Shop\",\"item\":\"https:\/\/littleloua.com\/de\/shop\/\"},{\"@type\":\"ListItem\",\"position\":3,\"name\":\"Geh\u00e4kelte Einhorn Geschenkbox\"}]},{\"@type\":\"WebSite\",\"@id\":\"https:\/\/littleloua.com\/de\/#website\",\"url\":\"https:\/\/littleloua.com\/de\/\",\"name\":\"Little Loua\",\"description\":\"Handmade Baby mobiles created with love\",\"publisher\":{\"@id\":\"https:\/\/littleloua.com\/de\/#organization\"},\"potentialAction\":[{\"@type\":\"SearchAction\",\"target\":{\"@type\":\"EntryPoint\",\"urlTemplate\":\"https:\/\/littleloua.com\/de\/?s={search_term_string}\"},\"query-input\":{\"@type\":\"PropertyValueSpecification\",\"valueRequired\":true,\"valueName\":\"search_term_string\"}}],\"inLanguage\":\"de\"},{\"@type\":\"Organization\",\"@id\":\"https:\/\/littleloua.com\/de\/#organization\",\"name\":\"Little Loua\",\"url\":\"https:\/\/littleloua.com\/de\/\",\"logo\":{\"@type\":\"ImageObject\",\"inLanguage\":\"de\",\"@id\":\"https:\/\/littleloua.com\/de\/#\/schema\/logo\/image\/\",\"url\":\"https:\/\/littleloua.com\/wp-content\/uploads\/2023\/06\/logo-little-loua-handmade-baby-mobiles.png\",\"contentUrl\":\"https:\/\/littleloua.com\/wp-content\/uploads\/2023\/06\/logo-little-loua-handmade-baby-mobiles.png\",\"width\":316,\"height\":285,\"caption\":\"Little Loua\"},\"image\":{\"@id\":\"https:\/\/littleloua.com\/de\/#\/schema\/logo\/image\/\"},\"sameAs\":[\"https:\/\/www.facebook.com\/littleloua\",\"https:\/\/www.instagram.com\/little.loua\/\"]}]}<\/script>\n<!-- \/ Yoast SEO plugin. -->","yoast_head_json":{"title":"Geh\u00e4kelte Einhorn Giftbox - Little Loua","description":"Suchen Sie noch nach einem sch\u00f6nen Babygeschenk? dann m\u00fcssen Sie nicht mehr suchen. Unsere Geschenkbox wird von allen Eltern gesch\u00e4tzt","robots":{"index":"index","follow":"follow","max-snippet":"max-snippet:-1","max-image-preview":"max-image-preview:large","max-video-preview":"max-video-preview:-1"},"canonical":"https:\/\/littleloua.com\/de\/produkt\/gehaekelte-einhorn-giftbox\/","og_locale":"de_DE","og_type":"article","og_title":"Geh\u00e4kelte Einhorn Giftbox - Little Loua","og_description":"Suchen Sie noch nach einem sch\u00f6nen Babygeschenk? dann m\u00fcssen Sie nicht mehr suchen. Unsere Geschenkbox wird von allen Eltern gesch\u00e4tzt","og_url":"https:\/\/littleloua.com\/de\/produkt\/gehaekelte-einhorn-giftbox\/","og_site_name":"Little Loua","article_publisher":"https:\/\/www.facebook.com\/littleloua","article_modified_time":"2024-05-09T11:06:09+00:00","og_image":[{"width":2560,"height":2560,"url":"https:\/\/littleloua.com\/wp-content\/uploads\/2024\/05\/crochet-gift-box-unicorn-scaled.jpg","type":"image\/jpeg"}],"twitter_card":"summary_large_image","twitter_misc":{"Gesch\u00e4tzte Lesezeit":"3\u00a0Minuten"},"schema":{"@context":"https:\/\/schema.org","@graph":[{"@type":"WebPage","@id":"https:\/\/littleloua.com\/de\/produkt\/gehaekelte-einhorn-giftbox\/","url":"https:\/\/littleloua.com\/de\/produkt\/gehaekelte-einhorn-giftbox\/","name":"Geh\u00e4kelte Einhorn Giftbox - Little Loua","isPartOf":{"@id":"https:\/\/littleloua.com\/de\/#website"},"primaryImageOfPage":{"@id":"https:\/\/littleloua.com\/de\/produkt\/gehaekelte-einhorn-giftbox\/#primaryimage"},"image":{"@id":"https:\/\/littleloua.com\/de\/produkt\/gehaekelte-einhorn-giftbox\/#primaryimage"},"thumbnailUrl":"https:\/\/littleloua.com\/wp-content\/uploads\/2024\/05\/crochet-gift-box-unicorn-scaled.jpg","datePublished":"2024-05-08T13:26:36+00:00","dateModified":"2024-05-09T11:06:09+00:00","description":"Suchen Sie noch nach einem sch\u00f6nen Babygeschenk? dann m\u00fcssen Sie nicht mehr suchen. Unsere Geschenkbox wird von allen Eltern gesch\u00e4tzt","breadcrumb":{"@id":"https:\/\/littleloua.com\/de\/produkt\/gehaekelte-einhorn-giftbox\/#breadcrumb"},"inLanguage":"de","potentialAction":[{"@type":"ReadAction","target":["https:\/\/littleloua.com\/de\/produkt\/gehaekelte-einhorn-giftbox\/"]}]},{"@type":"ImageObject","inLanguage":"de","@id":"https:\/\/littleloua.com\/de\/produkt\/gehaekelte-einhorn-giftbox\/#primaryimage","url":"https:\/\/littleloua.com\/wp-content\/uploads\/2024\/05\/crochet-gift-box-unicorn-scaled.jpg","contentUrl":"https:\/\/littleloua.com\/wp-content\/uploads\/2024\/05\/crochet-gift-box-unicorn-scaled.jpg","width":2560,"height":2560},{"@type":"BreadcrumbList","@id":"https:\/\/littleloua.com\/de\/produkt\/gehaekelte-einhorn-giftbox\/#breadcrumb","itemListElement":[{"@type":"ListItem","position":1,"name":"Home","item":"https:\/\/littleloua.com\/de\/home-2\/"},{"@type":"ListItem","position":2,"name":"Shop","item":"https:\/\/littleloua.com\/de\/shop\/"},{"@type":"ListItem","position":3,"name":"Geh\u00e4kelte Einhorn Geschenkbox"}]},{"@type":"WebSite","@id":"https:\/\/littleloua.com\/de\/#website","url":"https:\/\/littleloua.com\/de\/","name":"Little Loua","description":"Handmade Baby mobiles created with love","publisher":{"@id":"https:\/\/littleloua.com\/de\/#organization"},"potentialAction":[{"@type":"SearchAction","target":{"@type":"EntryPoint","urlTemplate":"https:\/\/littleloua.com\/de\/?s={search_term_string}"},"query-input":{"@type":"PropertyValueSpecification","valueRequired":true,"valueName":"search_term_string"}}],"inLanguage":"de"},{"@type":"Organization","@id":"https:\/\/littleloua.com\/de\/#organization","name":"Little Loua","url":"https:\/\/littleloua.com\/de\/","logo":{"@type":"ImageObject","inLanguage":"de","@id":"https:\/\/littleloua.com\/de\/#\/schema\/logo\/image\/","url":"https:\/\/littleloua.com\/wp-content\/uploads\/2023\/06\/logo-little-loua-handmade-baby-mobiles.png","contentUrl":"https:\/\/littleloua.com\/wp-content\/uploads\/2023\/06\/logo-little-loua-handmade-baby-mobiles.png","width":316,"height":285,"caption":"Little Loua"},"image":{"@id":"https:\/\/littleloua.com\/de\/#\/schema\/logo\/image\/"},"sameAs":["https:\/\/www.facebook.com\/littleloua","https:\/\/www.instagram.com\/little.loua\/"]}]}},"_links":{"self":[{"href":"https:\/\/littleloua.com\/de\/wp-json\/wp\/v2\/product\/12980","targetHints":{"allow":["GET"]}}],"collection":[{"href":"https:\/\/littleloua.com\/de\/wp-json\/wp\/v2\/product"}],"about":[{"href":"https:\/\/littleloua.com\/de\/wp-json\/wp\/v2\/types\/product"}],"version-history":[{"count":0,"href":"https:\/\/littleloua.com\/de\/wp-json\/wp\/v2\/product\/12980\/revisions"}],"wp:featuredmedia":[{"embeddable":true,"href":"https:\/\/littleloua.com\/de\/wp-json\/wp\/v2\/media\/12832"}],"wp:attachment":[{"href":"https:\/\/littleloua.com\/de\/wp-json\/wp\/v2\/media?parent=12980"}],"wp:term":[{"taxonomy":"product_brand","embeddable":true,"href":"https:\/\/littleloua.com\/de\/wp-json\/wp\/v2\/product_brand?post=12980"},{"taxonomy":"product_cat","embeddable":true,"href":"https:\/\/littleloua.com\/de\/wp-json\/wp\/v2\/product_cat?post=12980"},{"taxonomy":"product_tag","embeddable":true,"href":"https:\/\/littleloua.com\/de\/wp-json\/wp\/v2\/product_tag?post=12980"}],"curies":[{"name":"wp","href":"https:\/\/api.w.org\/{rel}","templated":true}]}}