{"id":12555,"date":"2024-05-06T15:34:47","date_gmt":"2024-05-06T13:34:47","guid":{"rendered":"https:\/\/littleloua.com\/?post_type=product&#038;p=12555"},"modified":"2025-10-21T12:19:18","modified_gmt":"2025-10-21T10:19:18","slug":"handgefertigtes-baby-mobile-flauschige-wolken","status":"publish","type":"product","link":"https:\/\/littleloua.com\/de\/produkt\/handgefertigtes-baby-mobile-flauschige-wolken\/","title":{"rendered":"Handgefertigtes baby mobile flauschige Wolken"},"content":{"rendered":"<h2><strong>Die Reise durch die Nacht beginnt mit deinem Baby-Mobile.<\/strong><\/h2>\n<p>Entdecken Sie unser zauberhaftes Baby-Mobile mit flauschigen Wolken, funkelnden Sternchen und einem sanften Mond, die an einem h\u00f6lzernen Ring baumeln! Dieses liebevoll gestaltete Mobile ist die perfekte Erg\u00e4nzung f\u00fcr das Kinderzimmer und verleiht mit seinem himmlischen Design eine beruhigende Atmosph\u00e4re.<\/p>\n<p>W\u00e4hrend Ihr kleiner Liebling unter dem sanften Schaukeln der Wolken und dem milden Licht der Sterne und des Mondes ruht, wird er behutsam in einen erholsamen Schlaf gewogen. Die sanften Bewegungen des Mobiles schaffen eine entspannende Stimmung und helfen dem Baby, leicht einzuschlafen.<\/p>\n<p><img fetchpriority=\"high\" decoding=\"async\" class=\"alignnone size-medium wp-image-12579\" src=\"https:\/\/littleloua.com\/wp-content\/uploads\/2024\/05\/B38D8E3A-BD8A-4FD2-8392-6DB8840A4316-200x300.jpg\" alt=\"\" width=\"200\" height=\"300\" srcset=\"https:\/\/littleloua.com\/wp-content\/uploads\/2024\/05\/B38D8E3A-BD8A-4FD2-8392-6DB8840A4316-200x300.jpg 200w, https:\/\/littleloua.com\/wp-content\/uploads\/2024\/05\/B38D8E3A-BD8A-4FD2-8392-6DB8840A4316-683x1024.jpg 683w, https:\/\/littleloua.com\/wp-content\/uploads\/2024\/05\/B38D8E3A-BD8A-4FD2-8392-6DB8840A4316-768x1152.jpg 768w, https:\/\/littleloua.com\/wp-content\/uploads\/2024\/05\/B38D8E3A-BD8A-4FD2-8392-6DB8840A4316-1024x1536.jpg 1024w, https:\/\/littleloua.com\/wp-content\/uploads\/2024\/05\/B38D8E3A-BD8A-4FD2-8392-6DB8840A4316-1366x2048.jpg 1366w, https:\/\/littleloua.com\/wp-content\/uploads\/2024\/05\/B38D8E3A-BD8A-4FD2-8392-6DB8840A4316-1200x1799.jpg 1200w, https:\/\/littleloua.com\/wp-content\/uploads\/2024\/05\/B38D8E3A-BD8A-4FD2-8392-6DB8840A4316-600x900.jpg 600w, https:\/\/littleloua.com\/wp-content\/uploads\/2024\/05\/B38D8E3A-BD8A-4FD2-8392-6DB8840A4316-150x225.jpg 150w, https:\/\/littleloua.com\/wp-content\/uploads\/2024\/05\/B38D8E3A-BD8A-4FD2-8392-6DB8840A4316-scaled.jpg 1707w\" sizes=\"(max-width: 200px) 100vw, 200px\" \/> <img decoding=\"async\" class=\"alignnone size-medium wp-image-12574\" src=\"https:\/\/littleloua.com\/wp-content\/uploads\/2024\/05\/8899A40A-D416-45E4-BDD7-557C0B84E8D8-200x300.jpg\" alt=\"\" width=\"200\" height=\"300\" srcset=\"https:\/\/littleloua.com\/wp-content\/uploads\/2024\/05\/8899A40A-D416-45E4-BDD7-557C0B84E8D8-200x300.jpg 200w, https:\/\/littleloua.com\/wp-content\/uploads\/2024\/05\/8899A40A-D416-45E4-BDD7-557C0B84E8D8-683x1024.jpg 683w, https:\/\/littleloua.com\/wp-content\/uploads\/2024\/05\/8899A40A-D416-45E4-BDD7-557C0B84E8D8-768x1152.jpg 768w, https:\/\/littleloua.com\/wp-content\/uploads\/2024\/05\/8899A40A-D416-45E4-BDD7-557C0B84E8D8-1024x1536.jpg 1024w, https:\/\/littleloua.com\/wp-content\/uploads\/2024\/05\/8899A40A-D416-45E4-BDD7-557C0B84E8D8-1366x2048.jpg 1366w, https:\/\/littleloua.com\/wp-content\/uploads\/2024\/05\/8899A40A-D416-45E4-BDD7-557C0B84E8D8-1200x1799.jpg 1200w, https:\/\/littleloua.com\/wp-content\/uploads\/2024\/05\/8899A40A-D416-45E4-BDD7-557C0B84E8D8-600x900.jpg 600w, https:\/\/littleloua.com\/wp-content\/uploads\/2024\/05\/8899A40A-D416-45E4-BDD7-557C0B84E8D8-150x225.jpg 150w, https:\/\/littleloua.com\/wp-content\/uploads\/2024\/05\/8899A40A-D416-45E4-BDD7-557C0B84E8D8-scaled.jpg 1707w\" sizes=\"(max-width: 200px) 100vw, 200px\" \/> <img decoding=\"async\" class=\"alignnone size-medium wp-image-12569\" src=\"https:\/\/littleloua.com\/wp-content\/uploads\/2024\/05\/9B6C6B9D-DC24-44AC-8A5E-C54020801B68-200x300.jpg\" alt=\"\" width=\"200\" height=\"300\" srcset=\"https:\/\/littleloua.com\/wp-content\/uploads\/2024\/05\/9B6C6B9D-DC24-44AC-8A5E-C54020801B68-200x300.jpg 200w, https:\/\/littleloua.com\/wp-content\/uploads\/2024\/05\/9B6C6B9D-DC24-44AC-8A5E-C54020801B68-683x1024.jpg 683w, https:\/\/littleloua.com\/wp-content\/uploads\/2024\/05\/9B6C6B9D-DC24-44AC-8A5E-C54020801B68-768x1152.jpg 768w, https:\/\/littleloua.com\/wp-content\/uploads\/2024\/05\/9B6C6B9D-DC24-44AC-8A5E-C54020801B68-1024x1536.jpg 1024w, https:\/\/littleloua.com\/wp-content\/uploads\/2024\/05\/9B6C6B9D-DC24-44AC-8A5E-C54020801B68-1366x2048.jpg 1366w, https:\/\/littleloua.com\/wp-content\/uploads\/2024\/05\/9B6C6B9D-DC24-44AC-8A5E-C54020801B68-1200x1799.jpg 1200w, https:\/\/littleloua.com\/wp-content\/uploads\/2024\/05\/9B6C6B9D-DC24-44AC-8A5E-C54020801B68-600x900.jpg 600w, https:\/\/littleloua.com\/wp-content\/uploads\/2024\/05\/9B6C6B9D-DC24-44AC-8A5E-C54020801B68-150x225.jpg 150w, https:\/\/littleloua.com\/wp-content\/uploads\/2024\/05\/9B6C6B9D-DC24-44AC-8A5E-C54020801B68-scaled.jpg 1707w\" sizes=\"(max-width: 200px) 100vw, 200px\" \/><\/p>\n<h2><strong>Wenn Geborgenheit zur Gewohnheit wird.<\/strong><\/h2>\n<p>Schon nach einer Woche Zeit mit dem Baby-Mobile verbindet ihr Kind Entspanntheit und Ruhe mit den farbenfrohen Figuren. Vor Allem in Verbindung mit der Musikbox, welche vertraute Kl\u00e4nge abspielt, kommt ihr Kleines sofort in den Modus der Entspannung. Ganz einfach durch die Gewohnheit. Das Gute daran: diese Entspannungsgewohnheit k\u00f6nnen Sie auch au\u00dferhalb des Bettchens nutzen.<\/p>\n<h2><strong>Entspannung &#8211; nicht nur f\u00fcr\u2019s Bett.<\/strong><\/h2>\n<p>Durch die einfache Montage k\u00f6nnen sie das Baby-Mobile an jedem Trigger-Ort f\u00fcr Stress anbringen. So entspannt sich Ihr Kind beispielsweise an einem Wickeltisch deutlich besser, wenn es die gleiche Musik h\u00f6rt oder die vertrauten Figuren sieht. Daraus entsteht eine Win-Win Situation: das Baby ist durch und durch entspannt und stressresistent und sie haben keine Probleme ihr Kleines auf den Bauch zu drehen oder anzuziehen.<\/p>\n<h2><strong>Unser Baby-Mobile auch perfekt als Geschenk!<\/strong><\/h2>\n<p>Neben seiner beruhigenden Wirkung ist dieses Mobile auch eine wundersch\u00f6ne Dekoration f\u00fcr das Kinderzimmer. Die Kombination aus verspielten Elementen und nat\u00fcrlichem Holz bildet einen visuell ansprechenden Mittelpunkt, der jedes Kinderzimmer versch\u00f6nert.<\/p>\n<h2><strong>\u00a0Vorteile des Baby-Mobile:<\/strong><\/h2>\n<ul>\n<li>\u00a0100% handgefertigt \u2705<\/li>\n<li>Kostenloser Versand ab 100\u20ac \u2705<\/li>\n<li>Versand innerhalb von 24h \u2705<\/li>\n<li>Allergenfreie Materialien \u2705<\/li>\n<li>Jedes St\u00fcck ist ein Einzelst\u00fcck \u2705<\/li>\n<\/ul>\n<h2><strong>Spezifikationen\u00a0<\/strong><\/h2>\n<p>Kreisradius: 18 cm<br \/>\nGesamth\u00f6he: 59 cm<\/p>\n<h2><strong><em>Materialien\u00a0<\/em><\/strong><\/h2>\n<p>Wolle, hypoallergene F\u00fcllung, Holz, Baumwollf\u00e4den, Teddystoff.<\/p>\n<h2><strong>Sicherheitshinweis <\/strong><strong>\u26a0\ufe0f<\/strong><\/h2>\n<p>Um die Sicherheit Ihres Babys zu gew\u00e4hrleisten, ist es wichtig, das Mobile hoch genug zu h\u00e4ngen, damit es au\u00dferhalb der Reichweite des Babys ist. Auf diese Weise kann es die faszinierenden Bewegungen des Mobiles genie\u00dfen, ohne Gefahr zu laufen, daran zu ziehen oder es zu erreichen.<\/p>\n<p>Verwandeln Sie das Kinderzimmer Ihres Babys in eine Oase der Ruhe mit unserem Baby-Mobile, in der Tr\u00e4ume wahr werden und s\u00fc\u00dfe Erholung wartet.<\/p>\n<p>&nbsp;<\/p>\n<p>&nbsp;<\/p>\n","protected":false},"excerpt":{"rendered":"<p>Entdecken Sie unser zauberhaftes Baby-Mobile mit flauschigen Wolken, funkelnden Sternchen und einem sanften Mond, die an einem h\u00f6lzernen Ring baumeln! Dieses liebevoll gestaltete Mobile ist die perfekte Erg\u00e4nzung f\u00fcr das Kinderzimmer und verleiht mit seinem himmlischen Design eine beruhigende Atmosph\u00e4re.<\/p>\n<p>W\u00e4hrend Ihr kleiner Liebling unter dem sanften Schaukeln der Wolken und dem milden Licht der Sterne und des Mondes ruht, wird er behutsam in einen erholsamen Schlaf gewogen. Die sanften Bewegungen des Mobiles schaffen eine entspannende Stimmung und helfen dem Baby, leicht einzuschlafen.<\/p>\n","protected":false},"featured_media":19494,"template":"","meta":{"_acf_changed":false},"product_brand":[],"product_cat":[57],"product_tag":[104,108,132],"class_list":{"0":"post-12555","1":"product","2":"type-product","3":"status-publish","4":"has-post-thumbnail","6":"product_cat-baby-mobile","7":"product_tag-channable-de","8":"product_tag-ds-de","9":"product_tag-engels-de","11":"first","12":"instock","13":"shipping-taxable","14":"purchasable","15":"product-type-simple"},"acf":[],"yoast_head":"<!-- This site is optimized with the Yoast SEO plugin v26.2 - https:\/\/yoast.com\/wordpress\/plugins\/seo\/ -->\n<title>Baby mobile Flauschige Wolken | Little Loua<\/title>\n<meta name=\"description\" content=\"Versch\u00f6nern Sie das Kinderzimmer mit unserem handgefertigten Baby Mobile Flauschige Wolken. Jedes Detail ist mit Liebe gefertigt, um eine warme und einladende Atmosph\u00e4re zu schaffen. Jetzt entdecken!\" \/>\n<meta name=\"robots\" content=\"index, follow, max-snippet:-1, max-image-preview:large, max-video-preview:-1\" \/>\n<link rel=\"canonical\" href=\"https:\/\/littleloua.com\/de\/produkt\/handgefertigtes-baby-mobile-flauschige-wolken\/\" \/>\n<meta property=\"og:locale\" content=\"de_DE\" \/>\n<meta property=\"og:type\" content=\"article\" \/>\n<meta property=\"og:title\" content=\"Baby mobile Flauschige Wolken | Little Loua\" \/>\n<meta property=\"og:description\" content=\"Versch\u00f6nern Sie das Kinderzimmer mit unserem handgefertigten Baby Mobile Flauschige Wolken. Jedes Detail ist mit Liebe gefertigt, um eine warme und einladende Atmosph\u00e4re zu schaffen. Jetzt entdecken!\" \/>\n<meta property=\"og:url\" content=\"https:\/\/littleloua.com\/de\/produkt\/handgefertigtes-baby-mobile-flauschige-wolken\/\" \/>\n<meta property=\"og:site_name\" content=\"Little Loua\" \/>\n<meta property=\"article:publisher\" content=\"https:\/\/www.facebook.com\/littleloua\" \/>\n<meta property=\"article:modified_time\" content=\"2025-10-21T10:19:18+00:00\" \/>\n<meta property=\"og:image\" content=\"https:\/\/littleloua.com\/wp-content\/uploads\/2024\/05\/14CCBC74-198D-4AE8-8E67-7AB428D2D8CE-scaled.jpg\" \/>\n\t<meta property=\"og:image:width\" content=\"1920\" \/>\n\t<meta property=\"og:image:height\" content=\"2560\" \/>\n\t<meta property=\"og:image:type\" content=\"image\/jpeg\" \/>\n<meta name=\"twitter:card\" content=\"summary_large_image\" \/>\n<meta name=\"twitter:label1\" content=\"Gesch\u00e4tzte Lesezeit\" \/>\n\t<meta name=\"twitter:data1\" content=\"3\u00a0Minuten\" \/>\n<script type=\"application\/ld+json\" class=\"yoast-schema-graph\">{\"@context\":\"https:\/\/schema.org\",\"@graph\":[{\"@type\":\"WebPage\",\"@id\":\"https:\/\/littleloua.com\/de\/produkt\/handgefertigtes-baby-mobile-flauschige-wolken\/\",\"url\":\"https:\/\/littleloua.com\/de\/produkt\/handgefertigtes-baby-mobile-flauschige-wolken\/\",\"name\":\"Baby mobile Flauschige Wolken | Little Loua\",\"isPartOf\":{\"@id\":\"https:\/\/littleloua.com\/de\/#website\"},\"primaryImageOfPage\":{\"@id\":\"https:\/\/littleloua.com\/de\/produkt\/handgefertigtes-baby-mobile-flauschige-wolken\/#primaryimage\"},\"image\":{\"@id\":\"https:\/\/littleloua.com\/de\/produkt\/handgefertigtes-baby-mobile-flauschige-wolken\/#primaryimage\"},\"thumbnailUrl\":\"https:\/\/littleloua.com\/wp-content\/uploads\/2024\/05\/14CCBC74-198D-4AE8-8E67-7AB428D2D8CE-scaled.jpg\",\"datePublished\":\"2024-05-06T13:34:47+00:00\",\"dateModified\":\"2025-10-21T10:19:18+00:00\",\"description\":\"Versch\u00f6nern Sie das Kinderzimmer mit unserem handgefertigten Baby Mobile Flauschige Wolken. Jedes Detail ist mit Liebe gefertigt, um eine warme und einladende Atmosph\u00e4re zu schaffen. Jetzt entdecken!\",\"breadcrumb\":{\"@id\":\"https:\/\/littleloua.com\/de\/produkt\/handgefertigtes-baby-mobile-flauschige-wolken\/#breadcrumb\"},\"inLanguage\":\"de\",\"potentialAction\":[{\"@type\":\"ReadAction\",\"target\":[\"https:\/\/littleloua.com\/de\/produkt\/handgefertigtes-baby-mobile-flauschige-wolken\/\"]}]},{\"@type\":\"ImageObject\",\"inLanguage\":\"de\",\"@id\":\"https:\/\/littleloua.com\/de\/produkt\/handgefertigtes-baby-mobile-flauschige-wolken\/#primaryimage\",\"url\":\"https:\/\/littleloua.com\/wp-content\/uploads\/2024\/05\/14CCBC74-198D-4AE8-8E67-7AB428D2D8CE-scaled.jpg\",\"contentUrl\":\"https:\/\/littleloua.com\/wp-content\/uploads\/2024\/05\/14CCBC74-198D-4AE8-8E67-7AB428D2D8CE-scaled.jpg\",\"width\":1920,\"height\":2560},{\"@type\":\"BreadcrumbList\",\"@id\":\"https:\/\/littleloua.com\/de\/produkt\/handgefertigtes-baby-mobile-flauschige-wolken\/#breadcrumb\",\"itemListElement\":[{\"@type\":\"ListItem\",\"position\":1,\"name\":\"Home\",\"item\":\"https:\/\/littleloua.com\/de\/home-2\/\"},{\"@type\":\"ListItem\",\"position\":2,\"name\":\"Shop\",\"item\":\"https:\/\/littleloua.com\/de\/shop\/\"},{\"@type\":\"ListItem\",\"position\":3,\"name\":\"Handgefertigtes baby mobile flauschige Wolken\"}]},{\"@type\":\"WebSite\",\"@id\":\"https:\/\/littleloua.com\/de\/#website\",\"url\":\"https:\/\/littleloua.com\/de\/\",\"name\":\"Little Loua\",\"description\":\"Handmade Baby mobiles created with love\",\"publisher\":{\"@id\":\"https:\/\/littleloua.com\/de\/#organization\"},\"potentialAction\":[{\"@type\":\"SearchAction\",\"target\":{\"@type\":\"EntryPoint\",\"urlTemplate\":\"https:\/\/littleloua.com\/de\/?s={search_term_string}\"},\"query-input\":{\"@type\":\"PropertyValueSpecification\",\"valueRequired\":true,\"valueName\":\"search_term_string\"}}],\"inLanguage\":\"de\"},{\"@type\":\"Organization\",\"@id\":\"https:\/\/littleloua.com\/de\/#organization\",\"name\":\"Little Loua\",\"url\":\"https:\/\/littleloua.com\/de\/\",\"logo\":{\"@type\":\"ImageObject\",\"inLanguage\":\"de\",\"@id\":\"https:\/\/littleloua.com\/de\/#\/schema\/logo\/image\/\",\"url\":\"https:\/\/littleloua.com\/wp-content\/uploads\/2023\/06\/logo-little-loua-handmade-baby-mobiles.png\",\"contentUrl\":\"https:\/\/littleloua.com\/wp-content\/uploads\/2023\/06\/logo-little-loua-handmade-baby-mobiles.png\",\"width\":316,\"height\":285,\"caption\":\"Little Loua\"},\"image\":{\"@id\":\"https:\/\/littleloua.com\/de\/#\/schema\/logo\/image\/\"},\"sameAs\":[\"https:\/\/www.facebook.com\/littleloua\",\"https:\/\/www.instagram.com\/little.loua\/\"]}]}<\/script>\n<!-- \/ Yoast SEO plugin. -->","yoast_head_json":{"title":"Baby mobile Flauschige Wolken | Little Loua","description":"Versch\u00f6nern Sie das Kinderzimmer mit unserem handgefertigten Baby Mobile Flauschige Wolken. Jedes Detail ist mit Liebe gefertigt, um eine warme und einladende Atmosph\u00e4re zu schaffen. Jetzt entdecken!","robots":{"index":"index","follow":"follow","max-snippet":"max-snippet:-1","max-image-preview":"max-image-preview:large","max-video-preview":"max-video-preview:-1"},"canonical":"https:\/\/littleloua.com\/de\/produkt\/handgefertigtes-baby-mobile-flauschige-wolken\/","og_locale":"de_DE","og_type":"article","og_title":"Baby mobile Flauschige Wolken | Little Loua","og_description":"Versch\u00f6nern Sie das Kinderzimmer mit unserem handgefertigten Baby Mobile Flauschige Wolken. Jedes Detail ist mit Liebe gefertigt, um eine warme und einladende Atmosph\u00e4re zu schaffen. Jetzt entdecken!","og_url":"https:\/\/littleloua.com\/de\/produkt\/handgefertigtes-baby-mobile-flauschige-wolken\/","og_site_name":"Little Loua","article_publisher":"https:\/\/www.facebook.com\/littleloua","article_modified_time":"2025-10-21T10:19:18+00:00","og_image":[{"width":1920,"height":2560,"url":"https:\/\/littleloua.com\/wp-content\/uploads\/2024\/05\/14CCBC74-198D-4AE8-8E67-7AB428D2D8CE-scaled.jpg","type":"image\/jpeg"}],"twitter_card":"summary_large_image","twitter_misc":{"Gesch\u00e4tzte Lesezeit":"3\u00a0Minuten"},"schema":{"@context":"https:\/\/schema.org","@graph":[{"@type":"WebPage","@id":"https:\/\/littleloua.com\/de\/produkt\/handgefertigtes-baby-mobile-flauschige-wolken\/","url":"https:\/\/littleloua.com\/de\/produkt\/handgefertigtes-baby-mobile-flauschige-wolken\/","name":"Baby mobile Flauschige Wolken | Little Loua","isPartOf":{"@id":"https:\/\/littleloua.com\/de\/#website"},"primaryImageOfPage":{"@id":"https:\/\/littleloua.com\/de\/produkt\/handgefertigtes-baby-mobile-flauschige-wolken\/#primaryimage"},"image":{"@id":"https:\/\/littleloua.com\/de\/produkt\/handgefertigtes-baby-mobile-flauschige-wolken\/#primaryimage"},"thumbnailUrl":"https:\/\/littleloua.com\/wp-content\/uploads\/2024\/05\/14CCBC74-198D-4AE8-8E67-7AB428D2D8CE-scaled.jpg","datePublished":"2024-05-06T13:34:47+00:00","dateModified":"2025-10-21T10:19:18+00:00","description":"Versch\u00f6nern Sie das Kinderzimmer mit unserem handgefertigten Baby Mobile Flauschige Wolken. Jedes Detail ist mit Liebe gefertigt, um eine warme und einladende Atmosph\u00e4re zu schaffen. Jetzt entdecken!","breadcrumb":{"@id":"https:\/\/littleloua.com\/de\/produkt\/handgefertigtes-baby-mobile-flauschige-wolken\/#breadcrumb"},"inLanguage":"de","potentialAction":[{"@type":"ReadAction","target":["https:\/\/littleloua.com\/de\/produkt\/handgefertigtes-baby-mobile-flauschige-wolken\/"]}]},{"@type":"ImageObject","inLanguage":"de","@id":"https:\/\/littleloua.com\/de\/produkt\/handgefertigtes-baby-mobile-flauschige-wolken\/#primaryimage","url":"https:\/\/littleloua.com\/wp-content\/uploads\/2024\/05\/14CCBC74-198D-4AE8-8E67-7AB428D2D8CE-scaled.jpg","contentUrl":"https:\/\/littleloua.com\/wp-content\/uploads\/2024\/05\/14CCBC74-198D-4AE8-8E67-7AB428D2D8CE-scaled.jpg","width":1920,"height":2560},{"@type":"BreadcrumbList","@id":"https:\/\/littleloua.com\/de\/produkt\/handgefertigtes-baby-mobile-flauschige-wolken\/#breadcrumb","itemListElement":[{"@type":"ListItem","position":1,"name":"Home","item":"https:\/\/littleloua.com\/de\/home-2\/"},{"@type":"ListItem","position":2,"name":"Shop","item":"https:\/\/littleloua.com\/de\/shop\/"},{"@type":"ListItem","position":3,"name":"Handgefertigtes baby mobile flauschige Wolken"}]},{"@type":"WebSite","@id":"https:\/\/littleloua.com\/de\/#website","url":"https:\/\/littleloua.com\/de\/","name":"Little Loua","description":"Handmade Baby mobiles created with love","publisher":{"@id":"https:\/\/littleloua.com\/de\/#organization"},"potentialAction":[{"@type":"SearchAction","target":{"@type":"EntryPoint","urlTemplate":"https:\/\/littleloua.com\/de\/?s={search_term_string}"},"query-input":{"@type":"PropertyValueSpecification","valueRequired":true,"valueName":"search_term_string"}}],"inLanguage":"de"},{"@type":"Organization","@id":"https:\/\/littleloua.com\/de\/#organization","name":"Little Loua","url":"https:\/\/littleloua.com\/de\/","logo":{"@type":"ImageObject","inLanguage":"de","@id":"https:\/\/littleloua.com\/de\/#\/schema\/logo\/image\/","url":"https:\/\/littleloua.com\/wp-content\/uploads\/2023\/06\/logo-little-loua-handmade-baby-mobiles.png","contentUrl":"https:\/\/littleloua.com\/wp-content\/uploads\/2023\/06\/logo-little-loua-handmade-baby-mobiles.png","width":316,"height":285,"caption":"Little Loua"},"image":{"@id":"https:\/\/littleloua.com\/de\/#\/schema\/logo\/image\/"},"sameAs":["https:\/\/www.facebook.com\/littleloua","https:\/\/www.instagram.com\/little.loua\/"]}]}},"_links":{"self":[{"href":"https:\/\/littleloua.com\/de\/wp-json\/wp\/v2\/product\/12555","targetHints":{"allow":["GET"]}}],"collection":[{"href":"https:\/\/littleloua.com\/de\/wp-json\/wp\/v2\/product"}],"about":[{"href":"https:\/\/littleloua.com\/de\/wp-json\/wp\/v2\/types\/product"}],"version-history":[{"count":1,"href":"https:\/\/littleloua.com\/de\/wp-json\/wp\/v2\/product\/12555\/revisions"}],"predecessor-version":[{"id":20560,"href":"https:\/\/littleloua.com\/de\/wp-json\/wp\/v2\/product\/12555\/revisions\/20560"}],"wp:featuredmedia":[{"embeddable":true,"href":"https:\/\/littleloua.com\/de\/wp-json\/wp\/v2\/media\/19494"}],"wp:attachment":[{"href":"https:\/\/littleloua.com\/de\/wp-json\/wp\/v2\/media?parent=12555"}],"wp:term":[{"taxonomy":"product_brand","embeddable":true,"href":"https:\/\/littleloua.com\/de\/wp-json\/wp\/v2\/product_brand?post=12555"},{"taxonomy":"product_cat","embeddable":true,"href":"https:\/\/littleloua.com\/de\/wp-json\/wp\/v2\/product_cat?post=12555"},{"taxonomy":"product_tag","embeddable":true,"href":"https:\/\/littleloua.com\/de\/wp-json\/wp\/v2\/product_tag?post=12555"}],"curies":[{"name":"wp","href":"https:\/\/api.w.org\/{rel}","templated":true}]}}