{"id":2796,"date":"2023-06-26T07:00:03","date_gmt":"2023-06-26T05:00:03","guid":{"rendered":"https:\/\/littleloua.com\/\/over-ons\/"},"modified":"2024-03-01T12:17:27","modified_gmt":"2024-03-01T11:17:27","slug":"ueber-uns","status":"publish","type":"page","link":"https:\/\/littleloua.com\/de\/ueber-uns\/","title":{"rendered":"\u00fcber uns"},"content":{"rendered":"\t\t<div data-elementor-type=\"wp-page\" data-elementor-id=\"2796\" class=\"elementor elementor-2796 elementor-29\" data-elementor-post-type=\"page\">\n\t\t\t\t<div class=\"elementor-element elementor-element-0dc4f1b e-flex e-con-boxed e-con e-parent\" data-id=\"0dc4f1b\" data-element_type=\"container\" data-settings=\"{&quot;background_background&quot;:&quot;classic&quot;}\">\n\t\t\t\t\t<div class=\"e-con-inner\">\n\t\t<div class=\"elementor-element elementor-element-7c44bd0 e-con-full e-flex e-con e-child\" data-id=\"7c44bd0\" data-element_type=\"container\">\n\t\t\t\t<div class=\"elementor-element elementor-element-57c4064 elementor-widget__width-initial elementor-invisible elementor-widget elementor-widget-heading\" data-id=\"57c4064\" data-element_type=\"widget\" data-settings=\"{&quot;_animation&quot;:&quot;fadeIn&quot;}\" data-widget_type=\"heading.default\">\n\t\t\t\t<div class=\"elementor-widget-container\">\n\t\t\t\t\t<h1 class=\"elementor-heading-title elementor-size-default\">Treffen Sie \nMagalie &amp; Loua<\/h1>\t\t\t\t<\/div>\n\t\t\t\t<\/div>\n\t\t\t\t<div class=\"elementor-element elementor-element-aa628d0 elementor-widget__width-initial elementor-widget-tablet__width-inherit color-scheme-inherit text-left elementor-widget elementor-widget-text-editor\" data-id=\"aa628d0\" data-element_type=\"widget\" data-widget_type=\"text-editor.default\">\n\t\t\t\t<div class=\"elementor-widget-container\">\n\t\t\t\t\t\t\t\t\t<p>Little Loua wurde von Magalie (29) gegr\u00fcndet.<br \/>Magalie ist im t\u00e4glichen Leben Friseurin und besitzt einen eigenen Friseursalon in Wielsbeke.<\/p>\n<p>Im vergangenen Jahr (Juli 2022) war sie schwanger mit ihrem ersten Kind, Loua. W\u00e4hrend ihrer Schwangerschaft war sie auf der Suche nach einer sch\u00f6nen Spieluhr f\u00fcr \u00fcber dem Babybett.<\/p>\n<p>Nach intensiver Suche online und in den Gesch\u00e4ften stellte sie fest, dass es nur wenige sch\u00f6ne Spieluhren gab. Magalie suchte vor allem nach einzigartigen Designs, die das Auge des Babys ansprechen und gleichzeitig in die Inneneinrichtung passen.<\/p>\n<p>Dadurch kam sie auf die Idee, ihre eigene Kollektion zu lancieren, um jeder werdenden Mutter mehr Auswahl zu bieten.<\/p>\n<p>Mit gro\u00dfer Begeisterung wurden alle Materialien gekauft und schon bald war der Wohnzimmertisch voller Figuren, F\u00e4den und Holzringe.<\/p>\n<p>Sie hat dreizehn Designs von Babymobiles entworfen, jedes handgefertigt und einzigartig in seiner Art. <\/p>\n\t\t\t\t\t\t\t\t<\/div>\n\t\t\t\t<\/div>\n\t\t\t\t<\/div>\n\t\t<div class=\"elementor-element elementor-element-f851d80 e-con-full e-flex e-con e-child\" data-id=\"f851d80\" data-element_type=\"container\" data-settings=\"{&quot;background_background&quot;:&quot;classic&quot;}\">\n\t\t\t\t<div class=\"elementor-element elementor-element-213b42e elementor-widget elementor-widget-image\" data-id=\"213b42e\" data-element_type=\"widget\" data-widget_type=\"image.default\">\n\t\t\t\t<div class=\"elementor-widget-container\">\n\t\t\t\t\t\t\t\t\t\t\t\t\t\t\t<img fetchpriority=\"high\" decoding=\"async\" width=\"1366\" height=\"2048\" src=\"https:\/\/littleloua.com\/wp-content\/uploads\/2023\/07\/Little-loua-baby-mobiles-scaled-1366x2048.jpg\" class=\"attachment-2048x2048 size-2048x2048 wp-image-3863\" alt=\"\" srcset=\"https:\/\/littleloua.com\/wp-content\/uploads\/2023\/07\/Little-loua-baby-mobiles-scaled-1366x2048.jpg 1366w, https:\/\/littleloua.com\/wp-content\/uploads\/2023\/07\/Little-loua-baby-mobiles-scaled-600x900.jpg 600w, https:\/\/littleloua.com\/wp-content\/uploads\/2023\/07\/Little-loua-baby-mobiles-scaled-150x225.jpg 150w, https:\/\/littleloua.com\/wp-content\/uploads\/2023\/07\/Little-loua-baby-mobiles-scaled-1200x1800.jpg 1200w, https:\/\/littleloua.com\/wp-content\/uploads\/2023\/07\/Little-loua-baby-mobiles-scaled-200x300.jpg 200w, https:\/\/littleloua.com\/wp-content\/uploads\/2023\/07\/Little-loua-baby-mobiles-scaled-683x1024.jpg 683w, https:\/\/littleloua.com\/wp-content\/uploads\/2023\/07\/Little-loua-baby-mobiles-scaled-768x1152.jpg 768w, https:\/\/littleloua.com\/wp-content\/uploads\/2023\/07\/Little-loua-baby-mobiles-scaled-1024x1536.jpg 1024w, https:\/\/littleloua.com\/wp-content\/uploads\/2023\/07\/Little-loua-baby-mobiles-scaled-595xh.jpg 595w, https:\/\/littleloua.com\/wp-content\/uploads\/2023\/07\/Little-loua-baby-mobiles-scaled-333x500.jpg 333w, https:\/\/littleloua.com\/wp-content\/uploads\/2023\/07\/Little-loua-baby-mobiles-scaled.jpg 1707w\" sizes=\"(max-width: 1366px) 100vw, 1366px\" \/>\t\t\t\t\t\t\t\t\t\t\t\t\t\t\t<\/div>\n\t\t\t\t<\/div>\n\t\t\t\t<\/div>\n\t\t\t\t\t<\/div>\n\t\t\t\t<\/div>\n\t\t<div class=\"elementor-element elementor-element-f0a51f4 e-flex e-con-boxed e-con e-parent\" data-id=\"f0a51f4\" data-element_type=\"container\">\n\t\t\t\t\t<div class=\"e-con-inner\">\n\t\t\t\t<div class=\"elementor-element elementor-element-2f19180 elementor-widget elementor-widget-testimonial\" data-id=\"2f19180\" data-element_type=\"widget\" data-widget_type=\"testimonial.default\">\n\t\t\t\t<div class=\"elementor-widget-container\">\n\t\t\t\t\t\t\t<div class=\"elementor-testimonial-wrapper\">\n\t\t\t\t\t\t\t<div class=\"elementor-testimonial-content\"><p>\"Ich hoffe, sie gefallen euch genauso gut, wie sie uns gefallen haben!\"<\/p>\n<\/div>\n\t\t\t\n\t\t\t\t\t\t<div class=\"elementor-testimonial-meta elementor-has-image elementor-testimonial-image-position-aside\">\n\t\t\t\t<div class=\"elementor-testimonial-meta-inner\">\n\t\t\t\t\t\t\t\t\t\t\t<div class=\"elementor-testimonial-image\">\n\t\t\t\t\t\t\t<img decoding=\"async\" width=\"1782\" height=\"2153\" src=\"https:\/\/littleloua.com\/wp-content\/uploads\/2023\/07\/magalie-little-loua-1.jpg\" class=\"attachment-full size-full wp-image-3887\" alt=\"\" srcset=\"https:\/\/littleloua.com\/wp-content\/uploads\/2023\/07\/magalie-little-loua-1.jpg 1782w, https:\/\/littleloua.com\/wp-content\/uploads\/2023\/07\/magalie-little-loua-1-600x725.jpg 600w, https:\/\/littleloua.com\/wp-content\/uploads\/2023\/07\/magalie-little-loua-1-150x181.jpg 150w, https:\/\/littleloua.com\/wp-content\/uploads\/2023\/07\/magalie-little-loua-1-1200x1450.jpg 1200w, https:\/\/littleloua.com\/wp-content\/uploads\/2023\/07\/magalie-little-loua-1-248x300.jpg 248w, https:\/\/littleloua.com\/wp-content\/uploads\/2023\/07\/magalie-little-loua-1-848x1024.jpg 848w, https:\/\/littleloua.com\/wp-content\/uploads\/2023\/07\/magalie-little-loua-1-768x928.jpg 768w, https:\/\/littleloua.com\/wp-content\/uploads\/2023\/07\/magalie-little-loua-1-1271x1536.jpg 1271w, https:\/\/littleloua.com\/wp-content\/uploads\/2023\/07\/magalie-little-loua-1-1695x2048.jpg 1695w, https:\/\/littleloua.com\/wp-content\/uploads\/2023\/07\/magalie-little-loua-1-595xh.jpg 595w, https:\/\/littleloua.com\/wp-content\/uploads\/2023\/07\/magalie-little-loua-1-414x500.jpg 414w\" sizes=\"(max-width: 1782px) 100vw, 1782px\" \/>\t\t\t\t\t\t<\/div>\n\t\t\t\t\t\n\t\t\t\t\t\t\t\t\t\t<div class=\"elementor-testimonial-details\">\n\t\t\t\t\t\t\t\t\t\t\t\t\t\t<div class=\"elementor-testimonial-name\">Magalie<\/div>\n\t\t\t\t\t\t\t\t\t\t\t\t\t\t\t\t\t\t\t\t\t\t<div class=\"elementor-testimonial-job\">Designer<\/div>\n\t\t\t\t\t\t\t\t\t\t\t\t\t<\/div>\n\t\t\t\t\t\t\t\t\t<\/div>\n\t\t\t<\/div>\n\t\t\t\t\t<\/div>\n\t\t\t\t\t\t<\/div>\n\t\t\t\t<\/div>\n\t\t\t\t\t<\/div>\n\t\t\t\t<\/div>\n\t\t<div class=\"wd-negative-gap elementor-element elementor-element-3e65c4b e-flex e-con-boxed e-con e-parent\" data-id=\"3e65c4b\" data-element_type=\"container\">\n\t\t\t\t\t<div class=\"e-con-inner\">\n\t\t\t\t<div class=\"elementor-element elementor-element-59110a7 elementor-skin-carousel elementor-arrows-yes elementor-pagination-type-bullets elementor-pagination-position-outside elementor-widget elementor-widget-media-carousel\" data-id=\"59110a7\" data-element_type=\"widget\" data-settings=\"{&quot;skin&quot;:&quot;carousel&quot;,&quot;effect&quot;:&quot;slide&quot;,&quot;show_arrows&quot;:&quot;yes&quot;,&quot;pagination&quot;:&quot;bullets&quot;,&quot;speed&quot;:500,&quot;autoplay&quot;:&quot;yes&quot;,&quot;autoplay_speed&quot;:5000,&quot;loop&quot;:&quot;yes&quot;,&quot;pause_on_hover&quot;:&quot;yes&quot;,&quot;pause_on_interaction&quot;:&quot;yes&quot;,&quot;space_between&quot;:{&quot;unit&quot;:&quot;px&quot;,&quot;size&quot;:10,&quot;sizes&quot;:[]},&quot;space_between_tablet&quot;:{&quot;unit&quot;:&quot;px&quot;,&quot;size&quot;:10,&quot;sizes&quot;:[]},&quot;space_between_mobile&quot;:{&quot;unit&quot;:&quot;px&quot;,&quot;size&quot;:10,&quot;sizes&quot;:[]}}\" data-widget_type=\"media-carousel.default\">\n\t\t\t\t<div class=\"elementor-widget-container\">\n\t\t\t\t\t\t\t\t\t<div class=\"elementor-swiper\">\n\t\t\t\t\t<div class=\"elementor-main-swiper swiper\" role=\"region\" aria-roledescription=\"carousel\" aria-label=\"Slider\">\n\t\t\t\t<div class=\"swiper-wrapper\">\n\t\t\t\t\t\t\t\t\t\t\t<div class=\"swiper-slide\" role=\"group\" aria-roledescription=\"slide\">\n\t\t\t\t\t\t\t\t\t<div class=\"elementor-carousel-image\" role=\"img\" aria-label=\"little loua about 6\" style=\"background-image: url(&#039;https:\/\/littleloua.com\/wp-content\/uploads\/2023\/07\/little-loua-about-6-scaled.jpg&#039;)\">\n\n\t\t\t\n\t\t\t\t\t<\/div>\n\t\t\t\t\t\t\t\t<\/div>\n\t\t\t\t\t\t\t\t\t\t\t<div class=\"swiper-slide\" role=\"group\" aria-roledescription=\"slide\">\n\t\t\t\t\t\t\t\t\t<div class=\"elementor-carousel-image\" role=\"img\" aria-label=\"little loua about 4\" style=\"background-image: url(&#039;https:\/\/littleloua.com\/wp-content\/uploads\/2023\/07\/little-loua-about-4-scaled.jpg&#039;)\">\n\n\t\t\t\n\t\t\t\t\t<\/div>\n\t\t\t\t\t\t\t\t<\/div>\n\t\t\t\t\t\t\t\t\t\t\t<div class=\"swiper-slide\" role=\"group\" aria-roledescription=\"slide\">\n\t\t\t\t\t\t\t\t\t<div class=\"elementor-carousel-image\" role=\"img\" aria-label=\"little loua about 2\" style=\"background-image: url(&#039;https:\/\/littleloua.com\/wp-content\/uploads\/2023\/07\/little-loua-about-2-scaled.jpg&#039;)\">\n\n\t\t\t\n\t\t\t\t\t<\/div>\n\t\t\t\t\t\t\t\t<\/div>\n\t\t\t\t\t\t\t\t\t\t\t<div class=\"swiper-slide\" role=\"group\" aria-roledescription=\"slide\">\n\t\t\t\t\t\t\t\t\t<div class=\"elementor-carousel-image\" role=\"img\" aria-label=\"little loua about 7\" style=\"background-image: url(&#039;https:\/\/littleloua.com\/wp-content\/uploads\/2023\/07\/little-loua-about-7-scaled.jpg&#039;)\">\n\n\t\t\t\n\t\t\t\t\t<\/div>\n\t\t\t\t\t\t\t\t<\/div>\n\t\t\t\t\t\t\t\t\t\t\t<div class=\"swiper-slide\" role=\"group\" aria-roledescription=\"slide\">\n\t\t\t\t\t\t\t\t\t<div class=\"elementor-carousel-image\" role=\"img\" aria-label=\"little loua about\" style=\"background-image: url(&#039;https:\/\/littleloua.com\/wp-content\/uploads\/2023\/07\/little-loua-about-scaled.jpg&#039;)\">\n\n\t\t\t\n\t\t\t\t\t<\/div>\n\t\t\t\t\t\t\t\t<\/div>\n\t\t\t\t\t\t\t\t\t<\/div>\n\t\t\t\t\t\t\t\t\t\t\t\t\t\t\t<div class=\"elementor-swiper-button elementor-swiper-button-prev\" role=\"button\" tabindex=\"0\" aria-label=\"Voriger\">\n\t\t\t\t\t\t\t<svg aria-hidden=\"true\" class=\"e-font-icon-svg e-eicon-chevron-left\" viewBox=\"0 0 1000 1000\" xmlns=\"http:\/\/www.w3.org\/2000\/svg\"><path d=\"M646 125C629 125 613 133 604 142L308 442C296 454 292 471 292 487 292 504 296 521 308 533L604 854C617 867 629 875 646 875 663 875 679 871 692 858 704 846 713 829 713 812 713 796 708 779 692 767L438 487 692 225C700 217 708 204 708 187 708 171 704 154 692 142 675 129 663 125 646 125Z\"><\/path><\/svg>\t\t\t\t\t\t<\/div>\n\t\t\t\t\t\t<div class=\"elementor-swiper-button elementor-swiper-button-next\" role=\"button\" tabindex=\"0\" aria-label=\"N\u00e4chster\">\n\t\t\t\t\t\t\t<svg aria-hidden=\"true\" class=\"e-font-icon-svg e-eicon-chevron-right\" viewBox=\"0 0 1000 1000\" xmlns=\"http:\/\/www.w3.org\/2000\/svg\"><path d=\"M696 533C708 521 713 504 713 487 713 471 708 454 696 446L400 146C388 133 375 125 354 125 338 125 325 129 313 142 300 154 292 171 292 187 292 204 296 221 308 233L563 492 304 771C292 783 288 800 288 817 288 833 296 850 308 863 321 871 338 875 354 875 371 875 388 867 400 854L696 533Z\"><\/path><\/svg>\t\t\t\t\t\t<\/div>\n\t\t\t\t\t\t\t\t\t\t\t\t\t\t\t\t<div class=\"swiper-pagination\"><\/div>\n\t\t\t\t\t\t\t\t\t\t\t\t<\/div>\n\t\t\t\t<\/div>\n\t\t\t\t\t\t\t\t<\/div>\n\t\t\t\t<\/div>\n\t\t\t\t\t<\/div>\n\t\t\t\t<\/div>\n\t\t\t\t<\/div>\n\t\t","protected":false},"excerpt":{"rendered":"<p>Treffen Sie Magalie &amp; Loua Little Loua wurde von Magalie (29) gegr\u00fcndet.Magalie ist im t\u00e4glichen Leben Friseurin und besitzt einen<\/p>\n","protected":false},"author":7,"featured_media":0,"parent":0,"menu_order":0,"comment_status":"closed","ping_status":"closed","template":"","meta":{"_acf_changed":false,"footnotes":""},"class_list":["post-2796","page","type-page","status-publish","hentry"],"acf":[],"yoast_head":"<!-- This site is optimized with the Yoast SEO plugin v26.2 - https:\/\/yoast.com\/wordpress\/plugins\/seo\/ -->\n<title>\u00fcber uns - Little Loua<\/title>\n<meta name=\"robots\" content=\"index, follow, max-snippet:-1, max-image-preview:large, max-video-preview:-1\" \/>\n<link rel=\"canonical\" href=\"https:\/\/littleloua.com\/de\/ueber-uns\/\" \/>\n<meta property=\"og:locale\" content=\"de_DE\" \/>\n<meta property=\"og:type\" content=\"article\" \/>\n<meta property=\"og:title\" content=\"\u00fcber uns - Little Loua\" \/>\n<meta property=\"og:description\" content=\"Treffen Sie Magalie &amp; Loua Little Loua wurde von Magalie (29) gegr\u00fcndet.Magalie ist im t\u00e4glichen Leben Friseurin und besitzt einen\" \/>\n<meta property=\"og:url\" content=\"https:\/\/littleloua.com\/de\/ueber-uns\/\" \/>\n<meta property=\"og:site_name\" content=\"Little Loua\" \/>\n<meta property=\"article:publisher\" content=\"https:\/\/www.facebook.com\/littleloua\" \/>\n<meta property=\"article:modified_time\" content=\"2024-03-01T11:17:27+00:00\" \/>\n<meta property=\"og:image\" content=\"https:\/\/littleloua.com\/\/wp-content\/uploads\/2023\/07\/Little-loua-baby-mobiles-scaled-1366x2048.jpg\" \/>\n<meta name=\"twitter:card\" content=\"summary_large_image\" \/>\n<meta name=\"twitter:label1\" content=\"Gesch\u00e4tzte Lesezeit\" \/>\n\t<meta name=\"twitter:data1\" content=\"1\u00a0Minute\" \/>\n<script type=\"application\/ld+json\" class=\"yoast-schema-graph\">{\"@context\":\"https:\/\/schema.org\",\"@graph\":[{\"@type\":\"WebPage\",\"@id\":\"https:\/\/littleloua.com\/de\/ueber-uns\/\",\"url\":\"https:\/\/littleloua.com\/de\/ueber-uns\/\",\"name\":\"\u00fcber uns - Little Loua\",\"isPartOf\":{\"@id\":\"https:\/\/littleloua.com\/de\/#website\"},\"primaryImageOfPage\":{\"@id\":\"https:\/\/littleloua.com\/de\/ueber-uns\/#primaryimage\"},\"image\":{\"@id\":\"https:\/\/littleloua.com\/de\/ueber-uns\/#primaryimage\"},\"thumbnailUrl\":\"https:\/\/littleloua.com\/\/wp-content\/uploads\/2023\/07\/Little-loua-baby-mobiles-scaled-1366x2048.jpg\",\"datePublished\":\"2023-06-26T05:00:03+00:00\",\"dateModified\":\"2024-03-01T11:17:27+00:00\",\"breadcrumb\":{\"@id\":\"https:\/\/littleloua.com\/de\/ueber-uns\/#breadcrumb\"},\"inLanguage\":\"de\",\"potentialAction\":[{\"@type\":\"ReadAction\",\"target\":[\"https:\/\/littleloua.com\/de\/ueber-uns\/\"]}]},{\"@type\":\"ImageObject\",\"inLanguage\":\"de\",\"@id\":\"https:\/\/littleloua.com\/de\/ueber-uns\/#primaryimage\",\"url\":\"https:\/\/littleloua.com\/\/wp-content\/uploads\/2023\/07\/Little-loua-baby-mobiles-scaled-1366x2048.jpg\",\"contentUrl\":\"https:\/\/littleloua.com\/\/wp-content\/uploads\/2023\/07\/Little-loua-baby-mobiles-scaled-1366x2048.jpg\"},{\"@type\":\"BreadcrumbList\",\"@id\":\"https:\/\/littleloua.com\/de\/ueber-uns\/#breadcrumb\",\"itemListElement\":[{\"@type\":\"ListItem\",\"position\":1,\"name\":\"Home\",\"item\":\"https:\/\/littleloua.com\/de\/home-2\/\"},{\"@type\":\"ListItem\",\"position\":2,\"name\":\"\u00fcber uns\"}]},{\"@type\":\"WebSite\",\"@id\":\"https:\/\/littleloua.com\/de\/#website\",\"url\":\"https:\/\/littleloua.com\/de\/\",\"name\":\"Little Loua\",\"description\":\"Handmade Baby mobiles created with love\",\"publisher\":{\"@id\":\"https:\/\/littleloua.com\/de\/#organization\"},\"potentialAction\":[{\"@type\":\"SearchAction\",\"target\":{\"@type\":\"EntryPoint\",\"urlTemplate\":\"https:\/\/littleloua.com\/de\/?s={search_term_string}\"},\"query-input\":{\"@type\":\"PropertyValueSpecification\",\"valueRequired\":true,\"valueName\":\"search_term_string\"}}],\"inLanguage\":\"de\"},{\"@type\":\"Organization\",\"@id\":\"https:\/\/littleloua.com\/de\/#organization\",\"name\":\"Little Loua\",\"url\":\"https:\/\/littleloua.com\/de\/\",\"logo\":{\"@type\":\"ImageObject\",\"inLanguage\":\"de\",\"@id\":\"https:\/\/littleloua.com\/de\/#\/schema\/logo\/image\/\",\"url\":\"https:\/\/littleloua.com\/wp-content\/uploads\/2023\/06\/logo-little-loua-handmade-baby-mobiles.png\",\"contentUrl\":\"https:\/\/littleloua.com\/wp-content\/uploads\/2023\/06\/logo-little-loua-handmade-baby-mobiles.png\",\"width\":316,\"height\":285,\"caption\":\"Little Loua\"},\"image\":{\"@id\":\"https:\/\/littleloua.com\/de\/#\/schema\/logo\/image\/\"},\"sameAs\":[\"https:\/\/www.facebook.com\/littleloua\",\"https:\/\/www.instagram.com\/little.loua\/\"]}]}<\/script>\n<!-- \/ Yoast SEO plugin. -->","yoast_head_json":{"title":"\u00fcber uns - Little Loua","robots":{"index":"index","follow":"follow","max-snippet":"max-snippet:-1","max-image-preview":"max-image-preview:large","max-video-preview":"max-video-preview:-1"},"canonical":"https:\/\/littleloua.com\/de\/ueber-uns\/","og_locale":"de_DE","og_type":"article","og_title":"\u00fcber uns - Little Loua","og_description":"Treffen Sie Magalie &amp; Loua Little Loua wurde von Magalie (29) gegr\u00fcndet.Magalie ist im t\u00e4glichen Leben Friseurin und besitzt einen","og_url":"https:\/\/littleloua.com\/de\/ueber-uns\/","og_site_name":"Little Loua","article_publisher":"https:\/\/www.facebook.com\/littleloua","article_modified_time":"2024-03-01T11:17:27+00:00","og_image":[{"url":"https:\/\/littleloua.com\/\/wp-content\/uploads\/2023\/07\/Little-loua-baby-mobiles-scaled-1366x2048.jpg","type":"","width":"","height":""}],"twitter_card":"summary_large_image","twitter_misc":{"Gesch\u00e4tzte Lesezeit":"1\u00a0Minute"},"schema":{"@context":"https:\/\/schema.org","@graph":[{"@type":"WebPage","@id":"https:\/\/littleloua.com\/de\/ueber-uns\/","url":"https:\/\/littleloua.com\/de\/ueber-uns\/","name":"\u00fcber uns - Little Loua","isPartOf":{"@id":"https:\/\/littleloua.com\/de\/#website"},"primaryImageOfPage":{"@id":"https:\/\/littleloua.com\/de\/ueber-uns\/#primaryimage"},"image":{"@id":"https:\/\/littleloua.com\/de\/ueber-uns\/#primaryimage"},"thumbnailUrl":"https:\/\/littleloua.com\/\/wp-content\/uploads\/2023\/07\/Little-loua-baby-mobiles-scaled-1366x2048.jpg","datePublished":"2023-06-26T05:00:03+00:00","dateModified":"2024-03-01T11:17:27+00:00","breadcrumb":{"@id":"https:\/\/littleloua.com\/de\/ueber-uns\/#breadcrumb"},"inLanguage":"de","potentialAction":[{"@type":"ReadAction","target":["https:\/\/littleloua.com\/de\/ueber-uns\/"]}]},{"@type":"ImageObject","inLanguage":"de","@id":"https:\/\/littleloua.com\/de\/ueber-uns\/#primaryimage","url":"https:\/\/littleloua.com\/\/wp-content\/uploads\/2023\/07\/Little-loua-baby-mobiles-scaled-1366x2048.jpg","contentUrl":"https:\/\/littleloua.com\/\/wp-content\/uploads\/2023\/07\/Little-loua-baby-mobiles-scaled-1366x2048.jpg"},{"@type":"BreadcrumbList","@id":"https:\/\/littleloua.com\/de\/ueber-uns\/#breadcrumb","itemListElement":[{"@type":"ListItem","position":1,"name":"Home","item":"https:\/\/littleloua.com\/de\/home-2\/"},{"@type":"ListItem","position":2,"name":"\u00fcber uns"}]},{"@type":"WebSite","@id":"https:\/\/littleloua.com\/de\/#website","url":"https:\/\/littleloua.com\/de\/","name":"Little Loua","description":"Handmade Baby mobiles created with love","publisher":{"@id":"https:\/\/littleloua.com\/de\/#organization"},"potentialAction":[{"@type":"SearchAction","target":{"@type":"EntryPoint","urlTemplate":"https:\/\/littleloua.com\/de\/?s={search_term_string}"},"query-input":{"@type":"PropertyValueSpecification","valueRequired":true,"valueName":"search_term_string"}}],"inLanguage":"de"},{"@type":"Organization","@id":"https:\/\/littleloua.com\/de\/#organization","name":"Little Loua","url":"https:\/\/littleloua.com\/de\/","logo":{"@type":"ImageObject","inLanguage":"de","@id":"https:\/\/littleloua.com\/de\/#\/schema\/logo\/image\/","url":"https:\/\/littleloua.com\/wp-content\/uploads\/2023\/06\/logo-little-loua-handmade-baby-mobiles.png","contentUrl":"https:\/\/littleloua.com\/wp-content\/uploads\/2023\/06\/logo-little-loua-handmade-baby-mobiles.png","width":316,"height":285,"caption":"Little Loua"},"image":{"@id":"https:\/\/littleloua.com\/de\/#\/schema\/logo\/image\/"},"sameAs":["https:\/\/www.facebook.com\/littleloua","https:\/\/www.instagram.com\/little.loua\/"]}]}},"_links":{"self":[{"href":"https:\/\/littleloua.com\/de\/wp-json\/wp\/v2\/pages\/2796","targetHints":{"allow":["GET"]}}],"collection":[{"href":"https:\/\/littleloua.com\/de\/wp-json\/wp\/v2\/pages"}],"about":[{"href":"https:\/\/littleloua.com\/de\/wp-json\/wp\/v2\/types\/page"}],"author":[{"embeddable":true,"href":"https:\/\/littleloua.com\/de\/wp-json\/wp\/v2\/users\/7"}],"replies":[{"embeddable":true,"href":"https:\/\/littleloua.com\/de\/wp-json\/wp\/v2\/comments?post=2796"}],"version-history":[{"count":0,"href":"https:\/\/littleloua.com\/de\/wp-json\/wp\/v2\/pages\/2796\/revisions"}],"wp:attachment":[{"href":"https:\/\/littleloua.com\/de\/wp-json\/wp\/v2\/media?parent=2796"}],"curies":[{"name":"wp","href":"https:\/\/api.w.org\/{rel}","templated":true}]}}