{"id":2770,"date":"2023-06-27T12:05:03","date_gmt":"2023-06-27T10:05:03","guid":{"rendered":"https:\/\/littleloua.com\/\/algemene-voorwaarden\/"},"modified":"2024-03-01T13:22:43","modified_gmt":"2024-03-01T12:22:43","slug":"allgemeine-geschaeftsbedingungen","status":"publish","type":"page","link":"https:\/\/littleloua.com\/de\/allgemeine-geschaeftsbedingungen\/","title":{"rendered":"Allgemeine Gesch\u00e4ftsbedingungen"},"content":{"rendered":"\t\t<div data-elementor-type=\"wp-page\" data-elementor-id=\"2770\" class=\"elementor elementor-2770 elementor-585\" data-elementor-post-type=\"page\">\n\t\t\t\t<div class=\"elementor-element elementor-element-d69a11d e-flex e-con-boxed e-con e-parent\" data-id=\"d69a11d\" data-element_type=\"container\">\n\t\t\t\t\t<div class=\"e-con-inner\">\n\t\t\t\t<div class=\"elementor-element elementor-element-0c8f726 elementor-widget__width-initial elementor-invisible elementor-widget elementor-widget-heading\" data-id=\"0c8f726\" data-element_type=\"widget\" data-settings=\"{&quot;_animation&quot;:&quot;fadeIn&quot;}\" data-widget_type=\"heading.default\">\n\t\t\t\t<div class=\"elementor-widget-container\">\n\t\t\t\t\t<h2 class=\"elementor-heading-title elementor-size-default\">Allgemeine Gesch\u00e4ftsbedingungen<\/h2>\t\t\t\t<\/div>\n\t\t\t\t<\/div>\n\t\t\t\t<div class=\"elementor-element elementor-element-e037d80 color-scheme-inherit text-left elementor-widget elementor-widget-text-editor\" data-id=\"e037d80\" data-element_type=\"widget\" data-widget_type=\"text-editor.default\">\n\t\t\t\t<div class=\"elementor-widget-container\">\n\t\t\t\t\t\t\t\t\t<p>Angaben zum Unternehmen:<\/p>\n<p>Little Loua vof<br \/>Sluisstraat 11<br \/>8710 Ooigem<\/p>\n<p>BE 0805 228 672<\/p>\n<p>https:\/\/littleloua.com\/<br \/>hello@littleloua.com<br \/>allgemeine gesch\u00e4ftsbedingungen<\/p>\n<p>Diese allgemeinen Gesch\u00e4ftsbedingungen gelten f\u00fcr alle Angebote von Little Loua.<\/p>\n<p>Mit der Aufgabe einer Bestellung erkl\u00e4ren Sie sich mit den Liefer- und Zahlungsbedingungen einverstanden. Little Loua beh\u00e4lt sich das Recht vor, seine Liefer- und\/oder Zahlungsbedingungen nach Ablauf der Frist zu \u00e4ndern.<\/p>\n<p>Allgemeine oder besondere Bedingungen oder Bestimmungen Dritter werden von Little Loua nicht anerkannt, es sei denn, es wurde schriftlich etwas anderes vereinbart.<\/p>\n<p>Sichere Zahlung<\/p>\n<p>F\u00fcr sichere Online-Zahlungen arbeitet Little Loua mit dem bekannten Unternehmen Mollie zusammen. Als internationales Unternehmen im Bereich der Online-Zahlungen f\u00fcr den E-Commerce garantiert Ihnen Mollie eine 100% sichere Abwicklung.<br \/>Ob Sie nun bancontact, visa oder eine andere Methode w\u00e4hlen, die Transaktion findet immer \u00fcber eine mit mehreren Firewalls gesicherte Seite direkt zwischen Mollie und dem K\u00e4ufer statt. Weder Little Loua noch Dritte bekommen Ihre Kartennummer oder andere Informationen zu sehen. Mollie pr\u00fcft unter anderem die G\u00fcltigkeit Ihrer Karte, die Kartennummer und die Zugriffsrechte Ihrer Kreditkarte und benachrichtigt Little Loua, wenn alles in Ordnung ist und die Zahlung erfolgen kann.<\/p>\n<p>Damit wird Ihre Bestellung sofort best\u00e4tigt und zum Versand gebracht.<\/p>\n<p>Sie k\u00f6nnen bezahlen mit:<br \/>&#8211; Bancontact\/Mister Cash<br \/>&#8211; Visa<br \/>&#8211; MasterCard<br \/>&#8211; American Express<\/p>\n<p>Wenn Sie per manueller \u00dcberweisung zahlen m\u00f6chten, ist dies ebenfalls m\u00f6glich, aber dies verlangsamt den Prozess der Auftragsbest\u00e4tigung und somit den Versand.<\/p>\n<p>lieferung und lieferzeit<\/p>\n<p>Die Lieferung erfolgt, solange der Vorrat reicht. Die Produkte werden an die vom K\u00e4ufer angegebene Lieferadresse geliefert.<\/p>\n<p>Nach den Regeln des Fernabsatzes wird Little Loua Bestellungen mindestens innerhalb von 30 Tagen ausf\u00fchren. Ist dies nicht m\u00f6glich (weil die bestellten Produkte nicht mehr vorr\u00e4tig oder nicht mehr lieferbar sind), oder kommt es aus anderen Gr\u00fcnden zu einer Verz\u00f6gerung, oder kann eine Bestellung nicht oder nur teilweise ausgef\u00fchrt werden, erhalten Sie innerhalb von 14 Tagen nach Ihrer Bestellung eine Nachricht, in der Sie das Recht haben, die Bestellung ohne Kosten und Inverzugsetzung zu stornieren.<\/p>\n<p>Little Loua haftet nicht bei \u00dcberschreitung der Lieferfrist durch Verschulden des Transporteurs, bei Verlust der Produkte oder Streik. Der K\u00e4ufer ist sich des Transportrisikos bewusst und sollte sich bei Fragen diesbez\u00fcglich an den Spediteur wenden.<\/p>\n<p>Preise<\/p>\n<p>Alle Preise verstehen sich inklusive 21% Mehrwertsteuer.<\/p>\n<p>Die Preise werden w\u00e4hrend der Laufzeit des Angebots nicht erh\u00f6ht, es sei denn, gesetzliche Ma\u00dfnahmen machen dies erforderlich oder der Hersteller nimmt zwischenzeitliche Preiserh\u00f6hungen vor.<\/p>\n<p>Alle Preise auf der Website sind vorbehaltlich von Druck- und Satzfehlern. F\u00fcr die Folgen von Druck- und Satzfehlern wird keine Haftung \u00fcbernommen.<\/p>\n<p>Angebot<\/p>\n<p>Wenn Sie spezielle Fragen haben, z.B. zu Ma\u00dfen, Farbe, Verf\u00fcgbarkeit, Lieferfrist oder Lieferart, wenden Sie sich bitte vorab an Little Loua.<\/p>\n<p>Online-Bestellungen k\u00f6nnen abgelehnt werden, wenn das Produkt bereits vor der Online-Zahlung im Shop verkauft wurde. Sie werden dar\u00fcber per E-Mail benachrichtigt.<\/p>\n<p>Probezeit\/Widerrufsrecht<\/p>\n<p>Als privater Verbraucher haben Sie eine Frist von 14 Tagen, innerhalb derer Sie von Ihrem Kauf zur\u00fccktreten k\u00f6nnen. Sollten unsere Produkte nicht Ihren Vorstellungen entsprechen, k\u00f6nnen Sie dies reklamieren und zur\u00fccksenden, sofern die Verpackung unversehrt geblieben ist und es sich nicht um ein speziell f\u00fcr Sie bestelltes Produkt handelt. Ge\u00f6ffnete Verpackungen berechtigen Sie also nicht mehr zum R\u00fccktritt vom Kauf. Dieses R\u00fccktrittsrecht gilt nicht f\u00fcr Gesch\u00e4ftskunden. Dieses R\u00fccktrittsrecht gilt nicht f\u00fcr Produkte, die speziell f\u00fcr den Kunden bestellt wurden und\/oder eine Lieferzeit von 1 oder mehr Wochen haben.<\/p>\n<p>Schritt-f\u00fcr-Schritt-Plan zur R\u00fcckgabe:<br \/>\u2013 Schicken Sie uns eine E-Mail (hello@littleloua.com), dass Sie einen Artikel zur\u00fcckgeben m\u00f6chten, und nennen Sie den Grund.<br \/>\u2013 Sie erhalten per E-Mail Anweisungen, wie Sie den Artikel zur\u00fcckschicken k\u00f6nnen.<br \/>&#8211; Schicken Sie den Artikel an die R\u00fccksendeadresse zur\u00fcck. Die Kosten f\u00fcr die R\u00fccksendung gehen zu Ihren Lasten.<br \/>\u2013 Nach Erhalt und Freigabe schickt Little Loua Ihnen eine Empfangsbest\u00e4tigung per E-Mail. Sie erhalten dann eine Gutschrift mit einer G\u00fcltigkeit von 1 Jahr.<\/p>\n<p>Kann ich ein Produkt umtauschen oder zur\u00fcckgeben?<\/p>\n<p>Um einen Umtausch vorzunehmen, m\u00fcssen Sie sicherstellen, dass die Verpackung unversehrt ist und es sich nicht um ein Produkt handelt, das speziell f\u00fcr Sie bestellt wurde. Ge\u00f6ffnete Verpackungen erlauben es Ihnen also nicht mehr, auf den Kauf zu verzichten.<\/p>\n<p>Schritt-f\u00fcr-Schritt-Plan zum Umtausch:<br \/>\u2013 Schicken Sie uns eine E-Mail (hello@littleloua.com), dass Sie einen Artikel zur\u00fcckgeben m\u00f6chten, und nennen Sie den Grund.<br \/>\u2013 Sie erhalten per E-Mail Anweisungen und einen R\u00fccksendeschein f\u00fcr die R\u00fcckgabe des Artikels.<br \/>&#8211; Schicken Sie den Artikel an die R\u00fccksendeadresse zur\u00fcck. Die Kosten f\u00fcr die R\u00fccksendung gehen zu Ihren Lasten.<br \/>\u2013 Nach Erhalt und Genehmigung k\u00f6nnen wir den Artikel umtauschen und den neuen Artikel versenden. Der neue Artikel wird, sofern vorr\u00e4tig, so schnell wie m\u00f6glich versandt.<\/p>\n<p>Falscher Artikel?<\/p>\n<p>Benachrichtigen Sie uns unter hello@littleloua.com innerhalb von 2 Tagen nach Erhalt.<\/p>\n<p>Besch\u00e4digter Artikel?<\/p>\n<p>Benachrichtigen Sie uns \u00fcber hello@littleloua.combinnen innerhalb von 2 Tagen nach Erhalt.<\/p>\n<p>Formulieren Sie den Schaden klar und deutlich und f\u00fcgen Sie Fotos bei.<\/p>\n<p>Little Loua beh\u00e4lt sich das Recht vor, R\u00fccksendungen abzulehnen und keine Gutschrift oder R\u00fcckerstattung zu gew\u00e4hren, wenn der Verdacht besteht, dass die Artikel bereits benutzt oder durch andere Schuld als die von Little Loua oder dem Lieferanten des Artikels besch\u00e4digt wurden.<\/p>\n<p>R\u00fccksendeadresse:<br \/>Little Loua vof<\/p>\n<p>Sluisstraat 11<br \/>8710 Ooigem<br \/>BE 0805 228 672<\/p>\n<p>Datenverwaltung<\/p>\n<p>Wenn Sie eine Bestellung bei Little Loua aufgeben, werden Ihre Daten in unsere Kundendatei aufgenommen. Little Loua h\u00e4lt sich an das Gesetz zum Schutz personenbezogener Daten und Ihre Daten werden nicht an Dritte weitergegeben.<\/p>\n<p>Little Loua respektiert Ihre Privatsph\u00e4re und gew\u00e4hrleistet die vertrauliche Behandlung Ihrer pers\u00f6nlichen Daten.<\/p>\n<p>Little Loua benutzt manchmal eine Mailingliste. Jedes Mailing enth\u00e4lt Anweisungen, wie Sie sich von dieser Liste abmelden k\u00f6nnen.<\/p>\n<p>Garantie und Konformit\u00e4t<\/p>\n<p>Gem\u00e4\u00df dem Gesetz vom 21. September 2004 \u00fcber den Verbraucherschutz beim Verkauf von Verbrauchsg\u00fctern haben die Verbraucher gesetzliche Rechte. Die gesetzliche Gew\u00e4hrleistungsfrist von zwei Jahren gilt in vollem Umfang ab dem Datum der Lieferung.<\/p>\n<p>Bei online gekauften Produkten, die dem K\u00e4ufer nach Hause geliefert werden, muss sich der K\u00e4ufer im Falle von M\u00e4ngeln vorab mit Little Loua in Verbindung setzen, woraufhin der K\u00e4ufer das Produkt (mit Kaufnachweis) auf seine Kosten an Little Loua zur\u00fcckschicken muss.<\/p>\n<p>Wir garantieren, dass die Produkte und\/oder Dienstleistungen dem Vertrag, den im Angebot genannten Spezifikationen, den angemessenen Anforderungen an die Tauglichkeit und\/oder Verwendbarkeit und den zum Zeitpunkt des Vertragsabschlusses geltenden gesetzlichen Bestimmungen und\/oder beh\u00f6rdlichen Vorschriften entsprechen.<\/p>\n<p>Sie sind verpflichtet, die gelieferten Waren sofort nach Erhalt zu pr\u00fcfen. Stellt sich heraus, dass die gelieferte Ware falsch, fehlerhaft oder unvollst\u00e4ndig ist, m\u00fcssen Sie (bevor Sie sie an Little Loua zur\u00fcckschicken) diese M\u00e4ngel unverz\u00fcglich schriftlich an Little Loua melden.<\/p>\n<p>Angebote<\/p>\n<p>Angebote sind freibleibend, sofern im Angebot nicht anders angegeben. Wenn Sie ein Angebot freibleibend annehmen, beh\u00e4lt sich Little Loua das Recht vor, das Angebot innerhalb von 3 Werktagen nach Erhalt der Annahme zu widerrufen oder davon abzuweichen.<\/p>\n<p>M\u00fcndliche Zusagen sind f\u00fcr Little Loua nur dann verbindlich, wenn sie ausdr\u00fccklich schriftlich best\u00e4tigt werden.<\/p>\n<p>Die Angebote von Little Loua gelten nicht automatisch f\u00fcr Nachbestellungen. Little Loua kann nicht an sein Angebot gebunden werden, wenn Sie h\u00e4tten erkennen m\u00fcssen, dass das Angebot oder ein Teil davon einen offensichtlichen Fehler oder einen Schreibfehler enth\u00e4lt. Erg\u00e4nzungen, \u00c4nderungen und\/oder weitere Vereinbarungen sind nur g\u00fcltig, wenn sie schriftlich vereinbart wurden.<\/p>\n<p>Abbildungen und Spezifikationen<\/p>\n<p>Alle Abbildungen, Fotos, Zeichnungen, \u2026 oder Angaben zu Gewichten, Ma\u00dfen, Farben, Abbildungen von Etiketten, \u2026. im Webshop von Little Loua sind nur ann\u00e4hernd, sind Richtwerte und k\u00f6nnen kein Grund f\u00fcr eine Entsch\u00e4digung oder Aufl\u00f6sung des Vertrages sein.<\/p>\n<p>H\u00f6here Gewalt<\/p>\n<p>Little Loua ist nicht haftbar, wenn und soweit seine Verpflichtungen aufgrund h\u00f6herer Gewalt nicht erf\u00fcllt werden k\u00f6nnen.<\/p>\n<p>Unter h\u00f6herer Gewalt wird jede fremde Ursache verstanden, sowie jeder Umstand, der nach vern\u00fcnftigem Ermessen nicht zu seinem Risiko geh\u00f6rt. Versp\u00e4tungen oder Nichterf\u00fcllung durch unsere Lieferanten, Internetst\u00f6rungen, Stromst\u00f6rungen, St\u00f6rungen des E-Mail-Verkehrs und St\u00f6rungen oder \u00c4nderungen der von Dritten gelieferten Technik, Transportschwierigkeiten, Streiks, staatliche Ma\u00dfnahmen, Lieferverz\u00f6gerungen, Nachl\u00e4ssigkeit von Lieferanten und\/oder Herstellern von Piet Moodshop sowie von Hilfspersonen, Krankheit von Personal, M\u00e4ngel an Hilfs- oder Transportmitteln werden ausdr\u00fccklich als h\u00f6here Gewalt betrachtet.<\/p>\n<p>Little Loua beh\u00e4lt sich das Recht vor, seine Verpflichtungen im Falle von h\u00f6herer Gewalt auszusetzen und ist au\u00dferdem berechtigt, den Vertrag ganz oder teilweise aufzul\u00f6sen oder zu verlangen, dass der Inhalt des Vertrages so ge\u00e4ndert wird, dass eine Ausf\u00fchrung m\u00f6glich bleibt.<\/p>\n<p>Little Loua ist in keinem Fall zur Zahlung einer Strafe oder eines Schadensersatzes verpflichtet.<\/p>\n<p>Wenn die Little Loua.be bei Eintritt der h\u00f6heren Gewalt ihre Verpflichtungen bereits teilweise erf\u00fcllt hat oder ihre Verpflichtungen nur teilweise erf\u00fcllen kann, ist sie berechtigt, den bereits gelieferten Teil bzw. den lieferbaren Teil gesondert in Rechnung zu stellen, und der K\u00e4ufer ist verpflichtet, diese Rechnung so zu begleichen, als handele es sich um einen gesonderten Vertrag. Dies gilt jedoch nicht, wenn der bereits gelieferte Teil und\/oder der lieferbare Teil keinen eigenst\u00e4ndigen Wert hat.<\/p>\n<p>Haftung<\/p>\n<p>Little Loua haftet nicht f\u00fcr Sch\u00e4den an Fahrzeugen oder anderen Gegenst\u00e4nden, die durch unsachgem\u00e4\u00dfen Gebrauch der Produkte entstehen. Bitte lesen Sie vor dem Gebrauch die Anweisungen auf der Verpackung und\/oder konsultieren Sie unseren Webshop.<\/p>\n<p>Eigentumsvorbehalt<\/p>\n<p>Das Eigentum an allen von Little Loua verkauften und gelieferten Artikeln verbleibt bei Little Loua, solange Sie die Forderungen von Little Loua aus dem Vertrag oder aus fr\u00fcheren oder sp\u00e4teren \u00e4hnlichen Vertr\u00e4gen nicht beglichen haben. Solange Sie die im Rahmen dieses oder \u00e4hnlicher Vertr\u00e4ge geleisteten oder zu leistenden Arbeiten nicht bezahlt haben und solange Sie die Forderungen von Little Loua wegen Nichterf\u00fcllung dieser Verpflichtungen, einschlie\u00dflich Forderungen in Bezug auf Bu\u00dfgelder, Zinsen und Kosten, nicht bezahlt haben.<\/p>\n<p>Anwendbares Recht\/Gerichtsbarkeit<\/p>\n<p>Bei Streitigkeiten, die sich aus unserer Kooperationsvereinbarung oder darauf aufbauenden Vereinbarungen ergeben, werden wir zun\u00e4chst versuchen, diese durch eine unparteiische Schlichtung zu l\u00f6sen. Kann die Streitigkeit auf diese Weise nicht beigelegt werden, werden wir sie durch ein zust\u00e4ndiges Gericht im Bezirk Gent schlichten lassen.<\/p>\n<p>Beide Parteien (Sie als Kunde und wir als Lieferant) akzeptieren elektronische Kommunikation (z.B. E-Mail) als Beweismittel.<\/p>\n\t\t\t\t\t\t\t\t<\/div>\n\t\t\t\t<\/div>\n\t\t\t\t\t<\/div>\n\t\t\t\t<\/div>\n\t\t\t\t<\/div>\n\t\t","protected":false},"excerpt":{"rendered":"<p>Allgemeine Gesch\u00e4ftsbedingungen Angaben zum Unternehmen: Little Loua vofSluisstraat 118710 Ooigem BE 0805 228 672 https:\/\/littleloua.com\/\/hello@littleloua.comallgemeine gesch\u00e4ftsbedingungen Diese allgemeinen Gesch\u00e4ftsbedingungen gelten<\/p>\n","protected":false},"author":7,"featured_media":0,"parent":0,"menu_order":0,"comment_status":"closed","ping_status":"closed","template":"","meta":{"_acf_changed":false,"footnotes":""},"class_list":["post-2770","page","type-page","status-publish","hentry"],"acf":[],"yoast_head":"<!-- This site is optimized with the Yoast SEO plugin v26.2 - https:\/\/yoast.com\/wordpress\/plugins\/seo\/ -->\n<title>Allgemeine Gesch\u00e4ftsbedingungen - Little Loua<\/title>\n<meta name=\"robots\" content=\"index, follow, max-snippet:-1, max-image-preview:large, max-video-preview:-1\" \/>\n<link rel=\"canonical\" href=\"https:\/\/littleloua.com\/de\/allgemeine-geschaeftsbedingungen\/\" \/>\n<meta property=\"og:locale\" content=\"de_DE\" \/>\n<meta property=\"og:type\" content=\"article\" \/>\n<meta property=\"og:title\" content=\"Allgemeine Gesch\u00e4ftsbedingungen - Little Loua\" \/>\n<meta property=\"og:description\" content=\"Allgemeine Gesch\u00e4ftsbedingungen Angaben zum Unternehmen: Little Loua vofSluisstraat 118710 Ooigem BE 0805 228 672 https:\/\/littleloua.com\/\/hello@littleloua.comallgemeine gesch\u00e4ftsbedingungen Diese allgemeinen Gesch\u00e4ftsbedingungen gelten\" \/>\n<meta property=\"og:url\" content=\"https:\/\/littleloua.com\/de\/allgemeine-geschaeftsbedingungen\/\" \/>\n<meta property=\"og:site_name\" content=\"Little Loua\" \/>\n<meta property=\"article:publisher\" content=\"https:\/\/www.facebook.com\/littleloua\" \/>\n<meta property=\"article:modified_time\" content=\"2024-03-01T12:22:43+00:00\" \/>\n<meta property=\"og:image\" content=\"https:\/\/littleloua.com\/wp-content\/uploads\/2023\/06\/logo-little-loua-handmade-baby-mobiles.png\" \/>\n\t<meta property=\"og:image:width\" content=\"316\" \/>\n\t<meta property=\"og:image:height\" content=\"285\" \/>\n\t<meta property=\"og:image:type\" content=\"image\/png\" \/>\n<meta name=\"twitter:card\" content=\"summary_large_image\" \/>\n<meta name=\"twitter:label1\" content=\"Gesch\u00e4tzte Lesezeit\" \/>\n\t<meta name=\"twitter:data1\" content=\"9\u00a0Minuten\" \/>\n<script type=\"application\/ld+json\" class=\"yoast-schema-graph\">{\"@context\":\"https:\/\/schema.org\",\"@graph\":[{\"@type\":\"WebPage\",\"@id\":\"https:\/\/littleloua.com\/de\/allgemeine-geschaeftsbedingungen\/\",\"url\":\"https:\/\/littleloua.com\/de\/allgemeine-geschaeftsbedingungen\/\",\"name\":\"Allgemeine Gesch\u00e4ftsbedingungen - Little Loua\",\"isPartOf\":{\"@id\":\"https:\/\/littleloua.com\/de\/#website\"},\"datePublished\":\"2023-06-27T10:05:03+00:00\",\"dateModified\":\"2024-03-01T12:22:43+00:00\",\"breadcrumb\":{\"@id\":\"https:\/\/littleloua.com\/de\/allgemeine-geschaeftsbedingungen\/#breadcrumb\"},\"inLanguage\":\"de\",\"potentialAction\":[{\"@type\":\"ReadAction\",\"target\":[\"https:\/\/littleloua.com\/de\/allgemeine-geschaeftsbedingungen\/\"]}]},{\"@type\":\"BreadcrumbList\",\"@id\":\"https:\/\/littleloua.com\/de\/allgemeine-geschaeftsbedingungen\/#breadcrumb\",\"itemListElement\":[{\"@type\":\"ListItem\",\"position\":1,\"name\":\"Home\",\"item\":\"https:\/\/littleloua.com\/de\/home-2\/\"},{\"@type\":\"ListItem\",\"position\":2,\"name\":\"Allgemeine Gesch\u00e4ftsbedingungen\"}]},{\"@type\":\"WebSite\",\"@id\":\"https:\/\/littleloua.com\/de\/#website\",\"url\":\"https:\/\/littleloua.com\/de\/\",\"name\":\"Little Loua\",\"description\":\"Handmade Baby mobiles created with love\",\"publisher\":{\"@id\":\"https:\/\/littleloua.com\/de\/#organization\"},\"potentialAction\":[{\"@type\":\"SearchAction\",\"target\":{\"@type\":\"EntryPoint\",\"urlTemplate\":\"https:\/\/littleloua.com\/de\/?s={search_term_string}\"},\"query-input\":{\"@type\":\"PropertyValueSpecification\",\"valueRequired\":true,\"valueName\":\"search_term_string\"}}],\"inLanguage\":\"de\"},{\"@type\":\"Organization\",\"@id\":\"https:\/\/littleloua.com\/de\/#organization\",\"name\":\"Little Loua\",\"url\":\"https:\/\/littleloua.com\/de\/\",\"logo\":{\"@type\":\"ImageObject\",\"inLanguage\":\"de\",\"@id\":\"https:\/\/littleloua.com\/de\/#\/schema\/logo\/image\/\",\"url\":\"https:\/\/littleloua.com\/wp-content\/uploads\/2023\/06\/logo-little-loua-handmade-baby-mobiles.png\",\"contentUrl\":\"https:\/\/littleloua.com\/wp-content\/uploads\/2023\/06\/logo-little-loua-handmade-baby-mobiles.png\",\"width\":316,\"height\":285,\"caption\":\"Little Loua\"},\"image\":{\"@id\":\"https:\/\/littleloua.com\/de\/#\/schema\/logo\/image\/\"},\"sameAs\":[\"https:\/\/www.facebook.com\/littleloua\",\"https:\/\/www.instagram.com\/little.loua\/\"]}]}<\/script>\n<!-- \/ Yoast SEO plugin. -->","yoast_head_json":{"title":"Allgemeine Gesch\u00e4ftsbedingungen - Little Loua","robots":{"index":"index","follow":"follow","max-snippet":"max-snippet:-1","max-image-preview":"max-image-preview:large","max-video-preview":"max-video-preview:-1"},"canonical":"https:\/\/littleloua.com\/de\/allgemeine-geschaeftsbedingungen\/","og_locale":"de_DE","og_type":"article","og_title":"Allgemeine Gesch\u00e4ftsbedingungen - Little Loua","og_description":"Allgemeine Gesch\u00e4ftsbedingungen Angaben zum Unternehmen: Little Loua vofSluisstraat 118710 Ooigem BE 0805 228 672 https:\/\/littleloua.com\/\/hello@littleloua.comallgemeine gesch\u00e4ftsbedingungen Diese allgemeinen Gesch\u00e4ftsbedingungen gelten","og_url":"https:\/\/littleloua.com\/de\/allgemeine-geschaeftsbedingungen\/","og_site_name":"Little Loua","article_publisher":"https:\/\/www.facebook.com\/littleloua","article_modified_time":"2024-03-01T12:22:43+00:00","og_image":[{"width":316,"height":285,"url":"https:\/\/littleloua.com\/wp-content\/uploads\/2023\/06\/logo-little-loua-handmade-baby-mobiles.png","type":"image\/png"}],"twitter_card":"summary_large_image","twitter_misc":{"Gesch\u00e4tzte Lesezeit":"9\u00a0Minuten"},"schema":{"@context":"https:\/\/schema.org","@graph":[{"@type":"WebPage","@id":"https:\/\/littleloua.com\/de\/allgemeine-geschaeftsbedingungen\/","url":"https:\/\/littleloua.com\/de\/allgemeine-geschaeftsbedingungen\/","name":"Allgemeine Gesch\u00e4ftsbedingungen - Little Loua","isPartOf":{"@id":"https:\/\/littleloua.com\/de\/#website"},"datePublished":"2023-06-27T10:05:03+00:00","dateModified":"2024-03-01T12:22:43+00:00","breadcrumb":{"@id":"https:\/\/littleloua.com\/de\/allgemeine-geschaeftsbedingungen\/#breadcrumb"},"inLanguage":"de","potentialAction":[{"@type":"ReadAction","target":["https:\/\/littleloua.com\/de\/allgemeine-geschaeftsbedingungen\/"]}]},{"@type":"BreadcrumbList","@id":"https:\/\/littleloua.com\/de\/allgemeine-geschaeftsbedingungen\/#breadcrumb","itemListElement":[{"@type":"ListItem","position":1,"name":"Home","item":"https:\/\/littleloua.com\/de\/home-2\/"},{"@type":"ListItem","position":2,"name":"Allgemeine Gesch\u00e4ftsbedingungen"}]},{"@type":"WebSite","@id":"https:\/\/littleloua.com\/de\/#website","url":"https:\/\/littleloua.com\/de\/","name":"Little Loua","description":"Handmade Baby mobiles created with love","publisher":{"@id":"https:\/\/littleloua.com\/de\/#organization"},"potentialAction":[{"@type":"SearchAction","target":{"@type":"EntryPoint","urlTemplate":"https:\/\/littleloua.com\/de\/?s={search_term_string}"},"query-input":{"@type":"PropertyValueSpecification","valueRequired":true,"valueName":"search_term_string"}}],"inLanguage":"de"},{"@type":"Organization","@id":"https:\/\/littleloua.com\/de\/#organization","name":"Little Loua","url":"https:\/\/littleloua.com\/de\/","logo":{"@type":"ImageObject","inLanguage":"de","@id":"https:\/\/littleloua.com\/de\/#\/schema\/logo\/image\/","url":"https:\/\/littleloua.com\/wp-content\/uploads\/2023\/06\/logo-little-loua-handmade-baby-mobiles.png","contentUrl":"https:\/\/littleloua.com\/wp-content\/uploads\/2023\/06\/logo-little-loua-handmade-baby-mobiles.png","width":316,"height":285,"caption":"Little Loua"},"image":{"@id":"https:\/\/littleloua.com\/de\/#\/schema\/logo\/image\/"},"sameAs":["https:\/\/www.facebook.com\/littleloua","https:\/\/www.instagram.com\/little.loua\/"]}]}},"_links":{"self":[{"href":"https:\/\/littleloua.com\/de\/wp-json\/wp\/v2\/pages\/2770","targetHints":{"allow":["GET"]}}],"collection":[{"href":"https:\/\/littleloua.com\/de\/wp-json\/wp\/v2\/pages"}],"about":[{"href":"https:\/\/littleloua.com\/de\/wp-json\/wp\/v2\/types\/page"}],"author":[{"embeddable":true,"href":"https:\/\/littleloua.com\/de\/wp-json\/wp\/v2\/users\/7"}],"replies":[{"embeddable":true,"href":"https:\/\/littleloua.com\/de\/wp-json\/wp\/v2\/comments?post=2770"}],"version-history":[{"count":0,"href":"https:\/\/littleloua.com\/de\/wp-json\/wp\/v2\/pages\/2770\/revisions"}],"wp:attachment":[{"href":"https:\/\/littleloua.com\/de\/wp-json\/wp\/v2\/media?parent=2770"}],"curies":[{"name":"wp","href":"https:\/\/api.w.org\/{rel}","templated":true}]}}